{"id":227,"date":"2020-12-16T16:03:16","date_gmt":"2020-12-16T14:03:16","guid":{"rendered":"http:\/\/amberwithsilver.com\/?post_type=product&#038;p=227"},"modified":"2026-01-19T13:55:52","modified_gmt":"2026-01-19T11:55:52","slug":"apvali-zalio-gintaro-apyranke-11mm","status":"publish","type":"product","link":"https:\/\/amberwithsilver.com\/en\/product\/apvali-zalio-gintaro-apyranke-11mm\/","title":{"rendered":"Round green amber bracelet 11mm"},"content":{"rendered":"<p>Apvali \u017ealio gintaro apyrank\u0117 11 mm. \u0160i apyrank\u0117 pagaminta i\u0161 100% nat\u016bralaus Baltijos gintaro. Rutuliukai apval\u016bs ir sunerti ant gumyt\u0117s. Klasikin\u0117, apvali\u0173 rutuliuk\u0173 apyrank\u0117 ypatinga savo spalva &#8211; viduje esantys \u017eali bei juodi kristaliukai puikiai dera tarpusavyje ir suteikia ypating\u0105 \u017eaves\u012f. Tinkama ne\u0161ioti ir vyrams.<\/p>\n<ul>\n<li><em>Size: suitable for ~ 15-16 cm wrist<\/em><\/li>\n<li><em>Weight: ~ 13,8 gr.<\/em><\/li>\n<li><em>The size of amber up to: ~ 11 mm<\/em><\/li>\n<li><em>Colors: lemon, black, green.<\/em><\/li>\n<\/ul>\n<p>&nbsp;<\/p>\n<p>*Please note that the color of the product may vary slightly from that shown in the photo, depending on the monitor used by the Buyer and the lighting settings in the photos.<\/p>\n<p><!--more--><\/p>\n<p>&nbsp;<\/p>","protected":false},"excerpt":{"rendered":"<p>Round green amber bracelet 11 mm. This bracelet is made of 100% natural Baltic amber. The beads are round shape. Classic, round beads bracelet is special in their color - the green and black crystals inside perfectly match each other and give a special charm. This bracelet is on the stretch. Also suitable for men.<\/p>\n<ul>\n<li><em>Size: suitable for ~ 15-16 cm wrist<\/em><\/li>\n<li><em>Weight: ~ 13,8 gr.<\/em><\/li>\n<li><em>The size of amber up to: ~ 11 mm<\/em><\/li>\n<li><em>Colors: lemon, black, green.<\/em><\/li>\n<\/ul>\n<p>&nbsp;<\/p>\n<p>*Please note that the color of the product may vary slightly from that shown in the photo, depending on the monitor used by the Buyer and the lighting settings in the photos.<\/p>","protected":false},"featured_media":229,"comment_status":"open","ping_status":"closed","template":"","meta":[],"product_brand":[],"product_cat":[59,18],"product_tag":[64,70,72,73,74,85,86,87,88,89,1066,1242],"class_list":{"0":"post-227","1":"product","2":"type-product","3":"status-publish","4":"has-post-thumbnail","6":"product_cat-gintaro-papuosalai-vyrams","7":"product_cat-gintaro-apyrankes","8":"product_tag-gintaras","9":"product_tag-zalias-gintaras","10":"product_tag-baltijos-gintaro-apyranke","11":"product_tag-apvaliu-rutuliuku-apyranke","12":"product_tag-zalio-gintaro-apyranke","13":"product_tag-amberbracelet","14":"product_tag-greenamber","15":"product_tag-balticamberbracelet","16":"product_tag-naturalbracelet","17":"product_tag-braceletformen","18":"product_tag-modernus-gintaras","19":"product_tag-gintarine-apyranke","21":"first","22":"instock","23":"sold-individually","24":"taxable","25":"shipping-taxable","26":"purchasable","27":"product-type-simple"},"yoast_head":"<!-- This site is optimized with the Yoast SEO Premium plugin v23.4 (Yoast SEO v26.8) - https:\/\/yoast.com\/product\/yoast-seo-premium-wordpress\/ -->\n<title>Apvali \u017ealio gintaro apyrank\u0117 11 mm - AmberWithSilver<\/title>\n<meta name=\"description\" content=\"Baltijos gintaro apyrank\u0117, apyrank\u0117 i\u0161 apvali\u0173 11mm rutuliuk\u0173, nat\u016brali gintaro apyrank\u0117, \u017ealio gintaro apyrank\u0117.\" \/>\n<meta name=\"robots\" content=\"index, follow, max-snippet:-1, max-image-preview:large, max-video-preview:-1\" \/>\n<link rel=\"canonical\" href=\"https:\/\/amberwithsilver.com\/en\/product\/apvali-zalio-gintaro-apyranke-11mm\/\" \/>\n<meta property=\"og:locale\" content=\"en_US\" \/>\n<meta property=\"og:type\" content=\"article\" \/>\n<meta property=\"og:title\" content=\"Apvali \u017ealio gintaro apyrank\u0117 11 mm\" \/>\n<meta property=\"og:description\" content=\"Baltijos gintaro apyrank\u0117, apyrank\u0117 i\u0161 apvali\u0173 11mm rutuliuk\u0173, nat\u016brali gintaro apyrank\u0117, \u017ealio gintaro apyrank\u0117.\" \/>\n<meta property=\"og:url\" content=\"https:\/\/amberwithsilver.com\/en\/product\/apvali-zalio-gintaro-apyranke-11mm\/\" \/>\n<meta property=\"og:site_name\" content=\"AmberWithSilver\" \/>\n<meta property=\"article:modified_time\" content=\"2026-01-19T11:55:52+00:00\" \/>\n<meta property=\"og:image\" content=\"https:\/\/amberwithsilver.com\/wp-content\/uploads\/2020\/12\/DS_0042-scaled.jpg\" \/>\n\t<meta property=\"og:image:width\" content=\"2560\" \/>\n\t<meta property=\"og:image:height\" content=\"2560\" \/>\n\t<meta property=\"og:image:type\" content=\"image\/jpeg\" \/>\n<meta name=\"twitter:card\" content=\"summary_large_image\" \/>\n<meta name=\"twitter:label1\" content=\"Est. reading time\" \/>\n\t<meta name=\"twitter:data1\" content=\"1 minute\" \/>\n<script type=\"application\/ld+json\" class=\"yoast-schema-graph\">{\"@context\":\"https:\/\/schema.org\",\"@graph\":[{\"@type\":\"WebPage\",\"@id\":\"https:\/\/amberwithsilver.com\/product\/apvali-zalio-gintaro-apyranke-11mm\/\",\"url\":\"https:\/\/amberwithsilver.com\/product\/apvali-zalio-gintaro-apyranke-11mm\/\",\"name\":\"Apvali \u017ealio gintaro apyrank\u0117 11 mm - AmberWithSilver\",\"isPartOf\":{\"@id\":\"https:\/\/amberwithsilver.com\/en\/#website\"},\"primaryImageOfPage\":{\"@id\":\"https:\/\/amberwithsilver.com\/product\/apvali-zalio-gintaro-apyranke-11mm\/#primaryimage\"},\"image\":{\"@id\":\"https:\/\/amberwithsilver.com\/product\/apvali-zalio-gintaro-apyranke-11mm\/#primaryimage\"},\"thumbnailUrl\":\"https:\/\/amberwithsilver.com\/wp-content\/uploads\/2020\/12\/DS_0042-scaled.jpg\",\"datePublished\":\"2020-12-16T14:03:16+00:00\",\"dateModified\":\"2026-01-19T11:55:52+00:00\",\"description\":\"Baltijos gintaro apyrank\u0117, apyrank\u0117 i\u0161 apvali\u0173 11mm rutuliuk\u0173, nat\u016brali gintaro apyrank\u0117, \u017ealio gintaro apyrank\u0117.\",\"breadcrumb\":{\"@id\":\"https:\/\/amberwithsilver.com\/product\/apvali-zalio-gintaro-apyranke-11mm\/#breadcrumb\"},\"inLanguage\":\"en-US\",\"potentialAction\":[{\"@type\":\"ReadAction\",\"target\":[\"https:\/\/amberwithsilver.com\/product\/apvali-zalio-gintaro-apyranke-11mm\/\"]}]},{\"@type\":\"ImageObject\",\"inLanguage\":\"en-US\",\"@id\":\"https:\/\/amberwithsilver.com\/product\/apvali-zalio-gintaro-apyranke-11mm\/#primaryimage\",\"url\":\"https:\/\/amberwithsilver.com\/wp-content\/uploads\/2020\/12\/DS_0042-scaled.jpg\",\"contentUrl\":\"https:\/\/amberwithsilver.com\/wp-content\/uploads\/2020\/12\/DS_0042-scaled.jpg\",\"width\":2560,\"height\":2560,\"caption\":\"Apvali, \u017ealio gintaro apyrank\u0117 11mm, Round green amber bracelet 11mm\"},{\"@type\":\"BreadcrumbList\",\"@id\":\"https:\/\/amberwithsilver.com\/product\/apvali-zalio-gintaro-apyranke-11mm\/#breadcrumb\",\"itemListElement\":[{\"@type\":\"ListItem\",\"position\":1,\"name\":\"Home\",\"item\":\"https:\/\/amberwithsilver.com\/\"},{\"@type\":\"ListItem\",\"position\":2,\"name\":\"Parduotuv\u0117\",\"item\":\"https:\/\/amberwithsilver.com\/en\/parduotuve\/\"},{\"@type\":\"ListItem\",\"position\":3,\"name\":\"Apvali \u017ealio gintaro apyrank\u0117 11 mm\"}]},{\"@type\":\"WebSite\",\"@id\":\"https:\/\/amberwithsilver.com\/en\/#website\",\"url\":\"https:\/\/amberwithsilver.com\/en\/\",\"name\":\"AmberWithSilver\",\"description\":\"Amber-Silver\",\"publisher\":{\"@id\":\"https:\/\/amberwithsilver.com\/en\/#organization\"},\"potentialAction\":[{\"@type\":\"SearchAction\",\"target\":{\"@type\":\"EntryPoint\",\"urlTemplate\":\"https:\/\/amberwithsilver.com\/en\/?s={search_term_string}\"},\"query-input\":{\"@type\":\"PropertyValueSpecification\",\"valueRequired\":true,\"valueName\":\"search_term_string\"}}],\"inLanguage\":\"en-US\"},{\"@type\":\"Organization\",\"@id\":\"https:\/\/amberwithsilver.com\/en\/#organization\",\"name\":\"amberwithsilver\",\"url\":\"https:\/\/amberwithsilver.com\/en\/\",\"logo\":{\"@type\":\"ImageObject\",\"inLanguage\":\"en-US\",\"@id\":\"https:\/\/amberwithsilver.com\/en\/#\/schema\/logo\/image\/\",\"url\":\"https:\/\/i0.wp.com\/amberwithsilver.com\/wp-content\/uploads\/2020\/12\/logo.jpg?fit=232%2C116&ssl=1\",\"contentUrl\":\"https:\/\/i0.wp.com\/amberwithsilver.com\/wp-content\/uploads\/2020\/12\/logo.jpg?fit=232%2C116&ssl=1\",\"width\":232,\"height\":116,\"caption\":\"amberwithsilver\"},\"image\":{\"@id\":\"https:\/\/amberwithsilver.com\/en\/#\/schema\/logo\/image\/\"}}]}<\/script>\n<!-- \/ Yoast SEO Premium plugin. -->","yoast_head_json":{"title":"Apvali \u017ealio gintaro apyrank\u0117 11 mm - AmberWithSilver","description":"Baltijos gintaro apyrank\u0117, apyrank\u0117 i\u0161 apvali\u0173 11mm rutuliuk\u0173, nat\u016brali gintaro apyrank\u0117, \u017ealio gintaro apyrank\u0117.","robots":{"index":"index","follow":"follow","max-snippet":"max-snippet:-1","max-image-preview":"max-image-preview:large","max-video-preview":"max-video-preview:-1"},"canonical":"https:\/\/amberwithsilver.com\/en\/product\/apvali-zalio-gintaro-apyranke-11mm\/","og_locale":"en_US","og_type":"article","og_title":"Apvali \u017ealio gintaro apyrank\u0117 11 mm","og_description":"Baltijos gintaro apyrank\u0117, apyrank\u0117 i\u0161 apvali\u0173 11mm rutuliuk\u0173, nat\u016brali gintaro apyrank\u0117, \u017ealio gintaro apyrank\u0117.","og_url":"https:\/\/amberwithsilver.com\/en\/product\/apvali-zalio-gintaro-apyranke-11mm\/","og_site_name":"AmberWithSilver","article_modified_time":"2026-01-19T11:55:52+00:00","og_image":[{"width":2560,"height":2560,"url":"https:\/\/amberwithsilver.com\/wp-content\/uploads\/2020\/12\/DS_0042-scaled.jpg","type":"image\/jpeg"}],"twitter_card":"summary_large_image","twitter_misc":{"Est. reading time":"1 minute"},"schema":{"@context":"https:\/\/schema.org","@graph":[{"@type":"WebPage","@id":"https:\/\/amberwithsilver.com\/product\/apvali-zalio-gintaro-apyranke-11mm\/","url":"https:\/\/amberwithsilver.com\/product\/apvali-zalio-gintaro-apyranke-11mm\/","name":"Apvali \u017ealio gintaro apyrank\u0117 11 mm - AmberWithSilver","isPartOf":{"@id":"https:\/\/amberwithsilver.com\/en\/#website"},"primaryImageOfPage":{"@id":"https:\/\/amberwithsilver.com\/product\/apvali-zalio-gintaro-apyranke-11mm\/#primaryimage"},"image":{"@id":"https:\/\/amberwithsilver.com\/product\/apvali-zalio-gintaro-apyranke-11mm\/#primaryimage"},"thumbnailUrl":"https:\/\/amberwithsilver.com\/wp-content\/uploads\/2020\/12\/DS_0042-scaled.jpg","datePublished":"2020-12-16T14:03:16+00:00","dateModified":"2026-01-19T11:55:52+00:00","description":"Baltijos gintaro apyrank\u0117, apyrank\u0117 i\u0161 apvali\u0173 11mm rutuliuk\u0173, nat\u016brali gintaro apyrank\u0117, \u017ealio gintaro apyrank\u0117.","breadcrumb":{"@id":"https:\/\/amberwithsilver.com\/product\/apvali-zalio-gintaro-apyranke-11mm\/#breadcrumb"},"inLanguage":"en-US","potentialAction":[{"@type":"ReadAction","target":["https:\/\/amberwithsilver.com\/product\/apvali-zalio-gintaro-apyranke-11mm\/"]}]},{"@type":"ImageObject","inLanguage":"en-US","@id":"https:\/\/amberwithsilver.com\/product\/apvali-zalio-gintaro-apyranke-11mm\/#primaryimage","url":"https:\/\/amberwithsilver.com\/wp-content\/uploads\/2020\/12\/DS_0042-scaled.jpg","contentUrl":"https:\/\/amberwithsilver.com\/wp-content\/uploads\/2020\/12\/DS_0042-scaled.jpg","width":2560,"height":2560,"caption":"Apvali, \u017ealio gintaro apyrank\u0117 11mm, Round green amber bracelet 11mm"},{"@type":"BreadcrumbList","@id":"https:\/\/amberwithsilver.com\/product\/apvali-zalio-gintaro-apyranke-11mm\/#breadcrumb","itemListElement":[{"@type":"ListItem","position":1,"name":"Home","item":"https:\/\/amberwithsilver.com\/"},{"@type":"ListItem","position":2,"name":"Parduotuv\u0117","item":"https:\/\/amberwithsilver.com\/en\/parduotuve\/"},{"@type":"ListItem","position":3,"name":"Apvali \u017ealio gintaro apyrank\u0117 11 mm"}]},{"@type":"WebSite","@id":"https:\/\/amberwithsilver.com\/en\/#website","url":"https:\/\/amberwithsilver.com\/en\/","name":"AmberWithSilver","description":"Amber-Silver","publisher":{"@id":"https:\/\/amberwithsilver.com\/en\/#organization"},"potentialAction":[{"@type":"SearchAction","target":{"@type":"EntryPoint","urlTemplate":"https:\/\/amberwithsilver.com\/en\/?s={search_term_string}"},"query-input":{"@type":"PropertyValueSpecification","valueRequired":true,"valueName":"search_term_string"}}],"inLanguage":"en-US"},{"@type":"Organization","@id":"https:\/\/amberwithsilver.com\/en\/#organization","name":"amberwithsilver","url":"https:\/\/amberwithsilver.com\/en\/","logo":{"@type":"ImageObject","inLanguage":"en-US","@id":"https:\/\/amberwithsilver.com\/en\/#\/schema\/logo\/image\/","url":"https:\/\/i0.wp.com\/amberwithsilver.com\/wp-content\/uploads\/2020\/12\/logo.jpg?fit=232%2C116&ssl=1","contentUrl":"https:\/\/i0.wp.com\/amberwithsilver.com\/wp-content\/uploads\/2020\/12\/logo.jpg?fit=232%2C116&ssl=1","width":232,"height":116,"caption":"amberwithsilver"},"image":{"@id":"https:\/\/amberwithsilver.com\/en\/#\/schema\/logo\/image\/"}}]}},"jetpack_sharing_enabled":true,"_links":{"self":[{"href":"https:\/\/amberwithsilver.com\/en\/wp-json\/wp\/v2\/product\/227","targetHints":{"allow":["GET"]}}],"collection":[{"href":"https:\/\/amberwithsilver.com\/en\/wp-json\/wp\/v2\/product"}],"about":[{"href":"https:\/\/amberwithsilver.com\/en\/wp-json\/wp\/v2\/types\/product"}],"replies":[{"embeddable":true,"href":"https:\/\/amberwithsilver.com\/en\/wp-json\/wp\/v2\/comments?post=227"}],"version-history":[{"count":4,"href":"https:\/\/amberwithsilver.com\/en\/wp-json\/wp\/v2\/product\/227\/revisions"}],"predecessor-version":[{"id":3965,"href":"https:\/\/amberwithsilver.com\/en\/wp-json\/wp\/v2\/product\/227\/revisions\/3965"}],"wp:featuredmedia":[{"embeddable":true,"href":"https:\/\/amberwithsilver.com\/en\/wp-json\/wp\/v2\/media\/229"}],"wp:attachment":[{"href":"https:\/\/amberwithsilver.com\/en\/wp-json\/wp\/v2\/media?parent=227"}],"wp:term":[{"taxonomy":"product_brand","embeddable":true,"href":"https:\/\/amberwithsilver.com\/en\/wp-json\/wp\/v2\/product_brand?post=227"},{"taxonomy":"product_cat","embeddable":true,"href":"https:\/\/amberwithsilver.com\/en\/wp-json\/wp\/v2\/product_cat?post=227"},{"taxonomy":"product_tag","embeddable":true,"href":"https:\/\/amberwithsilver.com\/en\/wp-json\/wp\/v2\/product_tag?post=227"}],"curies":[{"name":"wp","href":"https:\/\/api.w.org\/{rel}","templated":true}]}}