{"id":2270,"date":"2022-03-02T13:45:35","date_gmt":"2022-03-02T11:45:35","guid":{"rendered":"http:\/\/amberwithsilver.com\/?post_type=product&#038;p=2270"},"modified":"2022-03-03T16:44:29","modified_gmt":"2022-03-03T14:44:29","slug":"prabangus-deimantinio-slifavimo-gintaro-karoliai","status":"publish","type":"product","link":"https:\/\/amberwithsilver.com\/en\/product\/prabangus-deimantinio-slifavimo-gintaro-karoliai\/","title":{"rendered":"Luxurious faceted amber necklace"},"content":{"rendered":"<p>Luxurious faceted amber necklace. Amber necklace is made of faceted handmade tablets. Each of the diamond component provide a sense of luxury for a Lady.<\/p>\n<ul>\n<li>Baltic amber<\/li>\n<li>Graduated size faceted tablets<\/li>\n<li>Length: ~ 45 cm<\/li>\n<li>Weight: ~ 30 grams<\/li>\n<\/ul>\n<p>*Please note that the color of the product may vary slightly from that shown in the photo, depending on the monitor used by the Buyer and the lighting settings in the photos.<\/p>","protected":false},"excerpt":{"rendered":"<p>Luxurious faceted amber necklace. Amber necklace is made of faceted handmade tablets. Each of the diamond component provide a sense of luxury for a Lady.<\/p>\n<ul>\n<li>Baltic amber<\/li>\n<li>Graduated size faceted tablets<\/li>\n<li>Length: ~ 45 cm<\/li>\n<li>Weight: ~ 30 grams<\/li>\n<\/ul>\n<p>*Please note that the color of the product may vary slightly from that shown in the photo, depending on the monitor used by the Buyer and the lighting settings in the photos.<\/p>","protected":false},"featured_media":2276,"comment_status":"open","ping_status":"closed","template":"","meta":[],"product_brand":[],"product_cat":[35],"product_tag":[713,714,715,716],"class_list":{"0":"post-2270","1":"product","2":"type-product","3":"status-publish","4":"has-post-thumbnail","6":"product_cat-gintaro-karoliai","7":"product_tag-prabangus-deimantinio-slifavimo-gintaro-karoliai","8":"product_tag-luxurious-faceted-amber-necklace","9":"product_tag-faceted-amber-necklace","10":"product_tag-facetuoti-gintaro-karoliai","12":"first","13":"instock","14":"taxable","15":"shipping-taxable","16":"purchasable","17":"product-type-simple"},"yoast_head":"<!-- This site is optimized with the Yoast SEO Premium plugin v23.4 (Yoast SEO v27.4) - https:\/\/yoast.com\/product\/yoast-seo-premium-wordpress\/ -->\n<title>Prabang\u016bs deimantinio \u0161lifavimo gintaro karoliai - AmberWithSilver<\/title>\n<meta name=\"description\" content=\"Prabang\u016bs deimantinio \u0161lifavimo gintaro karoliai,Luxurious faceted amber necklace,Faceted amber necklace,facetuoti gintaro karoliai,gintaras\" \/>\n<meta name=\"robots\" content=\"index, follow, max-snippet:-1, max-image-preview:large, max-video-preview:-1\" \/>\n<link rel=\"canonical\" href=\"https:\/\/amberwithsilver.com\/en\/product\/prabangus-deimantinio-slifavimo-gintaro-karoliai\/\" \/>\n<meta property=\"og:locale\" content=\"en_US\" \/>\n<meta property=\"og:type\" content=\"article\" \/>\n<meta property=\"og:title\" content=\"Prabang\u016bs deimantinio \u0161lifavimo gintaro karoliai\" \/>\n<meta property=\"og:description\" content=\"Prabang\u016bs deimantinio \u0161lifavimo gintaro karoliai,Luxurious faceted amber necklace,Faceted amber necklace,facetuoti gintaro karoliai,gintaras\" \/>\n<meta property=\"og:url\" content=\"https:\/\/amberwithsilver.com\/en\/product\/prabangus-deimantinio-slifavimo-gintaro-karoliai\/\" \/>\n<meta property=\"og:site_name\" content=\"AmberWithSilver\" \/>\n<meta property=\"article:modified_time\" content=\"2022-03-03T14:44:29+00:00\" \/>\n<meta property=\"og:image\" content=\"https:\/\/amberwithsilver.com\/wp-content\/uploads\/2022\/03\/15b7a5a7-588f-439b-b011-5bbda401326c.jpeg\" \/>\n\t<meta property=\"og:image:width\" content=\"1440\" \/>\n\t<meta property=\"og:image:height\" content=\"1211\" \/>\n\t<meta property=\"og:image:type\" content=\"image\/jpeg\" \/>\n<meta name=\"twitter:card\" content=\"summary_large_image\" \/>\n<meta name=\"twitter:label1\" content=\"Est. reading time\" \/>\n\t<meta name=\"twitter:data1\" content=\"1 minute\" \/>\n<script type=\"application\/ld+json\" class=\"yoast-schema-graph\">{\"@context\":\"https:\\\/\\\/schema.org\",\"@graph\":[{\"@type\":\"WebPage\",\"@id\":\"https:\\\/\\\/amberwithsilver.com\\\/product\\\/prabangus-deimantinio-slifavimo-gintaro-karoliai\\\/\",\"url\":\"https:\\\/\\\/amberwithsilver.com\\\/product\\\/prabangus-deimantinio-slifavimo-gintaro-karoliai\\\/\",\"name\":\"Prabang\u016bs deimantinio \u0161lifavimo gintaro karoliai - AmberWithSilver\",\"isPartOf\":{\"@id\":\"https:\\\/\\\/amberwithsilver.com\\\/en\\\/#website\"},\"primaryImageOfPage\":{\"@id\":\"https:\\\/\\\/amberwithsilver.com\\\/product\\\/prabangus-deimantinio-slifavimo-gintaro-karoliai\\\/#primaryimage\"},\"image\":{\"@id\":\"https:\\\/\\\/amberwithsilver.com\\\/product\\\/prabangus-deimantinio-slifavimo-gintaro-karoliai\\\/#primaryimage\"},\"thumbnailUrl\":\"https:\\\/\\\/amberwithsilver.com\\\/wp-content\\\/uploads\\\/2022\\\/03\\\/15b7a5a7-588f-439b-b011-5bbda401326c.jpeg\",\"datePublished\":\"2022-03-02T11:45:35+00:00\",\"dateModified\":\"2022-03-03T14:44:29+00:00\",\"description\":\"Prabang\u016bs deimantinio \u0161lifavimo gintaro karoliai,Luxurious faceted amber necklace,Faceted amber necklace,facetuoti gintaro karoliai,gintaras\",\"breadcrumb\":{\"@id\":\"https:\\\/\\\/amberwithsilver.com\\\/product\\\/prabangus-deimantinio-slifavimo-gintaro-karoliai\\\/#breadcrumb\"},\"inLanguage\":\"en-US\",\"potentialAction\":[{\"@type\":\"ReadAction\",\"target\":[\"https:\\\/\\\/amberwithsilver.com\\\/product\\\/prabangus-deimantinio-slifavimo-gintaro-karoliai\\\/\"]}]},{\"@type\":\"ImageObject\",\"inLanguage\":\"en-US\",\"@id\":\"https:\\\/\\\/amberwithsilver.com\\\/product\\\/prabangus-deimantinio-slifavimo-gintaro-karoliai\\\/#primaryimage\",\"url\":\"https:\\\/\\\/amberwithsilver.com\\\/wp-content\\\/uploads\\\/2022\\\/03\\\/15b7a5a7-588f-439b-b011-5bbda401326c.jpeg\",\"contentUrl\":\"https:\\\/\\\/amberwithsilver.com\\\/wp-content\\\/uploads\\\/2022\\\/03\\\/15b7a5a7-588f-439b-b011-5bbda401326c.jpeg\",\"width\":1440,\"height\":1211,\"caption\":\"Prabang\u016bs deimantinio \u0161lifavimo gintaro karoliai, Luxurious faceted amber necklace\"},{\"@type\":\"BreadcrumbList\",\"@id\":\"https:\\\/\\\/amberwithsilver.com\\\/product\\\/prabangus-deimantinio-slifavimo-gintaro-karoliai\\\/#breadcrumb\",\"itemListElement\":[{\"@type\":\"ListItem\",\"position\":1,\"name\":\"Home\",\"item\":\"https:\\\/\\\/amberwithsilver.com\\\/\"},{\"@type\":\"ListItem\",\"position\":2,\"name\":\"Parduotuv\u0117\",\"item\":\"https:\\\/\\\/amberwithsilver.com\\\/en\\\/parduotuve\\\/\"},{\"@type\":\"ListItem\",\"position\":3,\"name\":\"Prabang\u016bs deimantinio \u0161lifavimo gintaro karoliai\"}]},{\"@type\":\"WebSite\",\"@id\":\"https:\\\/\\\/amberwithsilver.com\\\/en\\\/#website\",\"url\":\"https:\\\/\\\/amberwithsilver.com\\\/en\\\/\",\"name\":\"AmberWithSilver\",\"description\":\"Amber-Silver\",\"publisher\":{\"@id\":\"https:\\\/\\\/amberwithsilver.com\\\/en\\\/#organization\"},\"potentialAction\":[{\"@type\":\"SearchAction\",\"target\":{\"@type\":\"EntryPoint\",\"urlTemplate\":\"https:\\\/\\\/amberwithsilver.com\\\/en\\\/?s={search_term_string}\"},\"query-input\":{\"@type\":\"PropertyValueSpecification\",\"valueRequired\":true,\"valueName\":\"search_term_string\"}}],\"inLanguage\":\"en-US\"},{\"@type\":\"Organization\",\"@id\":\"https:\\\/\\\/amberwithsilver.com\\\/en\\\/#organization\",\"name\":\"amberwithsilver\",\"url\":\"https:\\\/\\\/amberwithsilver.com\\\/en\\\/\",\"logo\":{\"@type\":\"ImageObject\",\"inLanguage\":\"en-US\",\"@id\":\"https:\\\/\\\/amberwithsilver.com\\\/en\\\/#\\\/schema\\\/logo\\\/image\\\/\",\"url\":\"https:\\\/\\\/i0.wp.com\\\/amberwithsilver.com\\\/wp-content\\\/uploads\\\/2020\\\/12\\\/logo.jpg?fit=232%2C116&ssl=1\",\"contentUrl\":\"https:\\\/\\\/i0.wp.com\\\/amberwithsilver.com\\\/wp-content\\\/uploads\\\/2020\\\/12\\\/logo.jpg?fit=232%2C116&ssl=1\",\"width\":232,\"height\":116,\"caption\":\"amberwithsilver\"},\"image\":{\"@id\":\"https:\\\/\\\/amberwithsilver.com\\\/en\\\/#\\\/schema\\\/logo\\\/image\\\/\"}}]}<\/script>\n<!-- \/ Yoast SEO Premium plugin. -->","yoast_head_json":{"title":"Prabang\u016bs deimantinio \u0161lifavimo gintaro karoliai - AmberWithSilver","description":"Prabang\u016bs deimantinio \u0161lifavimo gintaro karoliai,Luxurious faceted amber necklace,Faceted amber necklace,facetuoti gintaro karoliai,gintaras","robots":{"index":"index","follow":"follow","max-snippet":"max-snippet:-1","max-image-preview":"max-image-preview:large","max-video-preview":"max-video-preview:-1"},"canonical":"https:\/\/amberwithsilver.com\/en\/product\/prabangus-deimantinio-slifavimo-gintaro-karoliai\/","og_locale":"en_US","og_type":"article","og_title":"Prabang\u016bs deimantinio \u0161lifavimo gintaro karoliai","og_description":"Prabang\u016bs deimantinio \u0161lifavimo gintaro karoliai,Luxurious faceted amber necklace,Faceted amber necklace,facetuoti gintaro karoliai,gintaras","og_url":"https:\/\/amberwithsilver.com\/en\/product\/prabangus-deimantinio-slifavimo-gintaro-karoliai\/","og_site_name":"AmberWithSilver","article_modified_time":"2022-03-03T14:44:29+00:00","og_image":[{"width":1440,"height":1211,"url":"https:\/\/amberwithsilver.com\/wp-content\/uploads\/2022\/03\/15b7a5a7-588f-439b-b011-5bbda401326c.jpeg","type":"image\/jpeg"}],"twitter_card":"summary_large_image","twitter_misc":{"Est. reading time":"1 minute"},"schema":{"@context":"https:\/\/schema.org","@graph":[{"@type":"WebPage","@id":"https:\/\/amberwithsilver.com\/product\/prabangus-deimantinio-slifavimo-gintaro-karoliai\/","url":"https:\/\/amberwithsilver.com\/product\/prabangus-deimantinio-slifavimo-gintaro-karoliai\/","name":"Prabang\u016bs deimantinio \u0161lifavimo gintaro karoliai - AmberWithSilver","isPartOf":{"@id":"https:\/\/amberwithsilver.com\/en\/#website"},"primaryImageOfPage":{"@id":"https:\/\/amberwithsilver.com\/product\/prabangus-deimantinio-slifavimo-gintaro-karoliai\/#primaryimage"},"image":{"@id":"https:\/\/amberwithsilver.com\/product\/prabangus-deimantinio-slifavimo-gintaro-karoliai\/#primaryimage"},"thumbnailUrl":"https:\/\/amberwithsilver.com\/wp-content\/uploads\/2022\/03\/15b7a5a7-588f-439b-b011-5bbda401326c.jpeg","datePublished":"2022-03-02T11:45:35+00:00","dateModified":"2022-03-03T14:44:29+00:00","description":"Prabang\u016bs deimantinio \u0161lifavimo gintaro karoliai,Luxurious faceted amber necklace,Faceted amber necklace,facetuoti gintaro karoliai,gintaras","breadcrumb":{"@id":"https:\/\/amberwithsilver.com\/product\/prabangus-deimantinio-slifavimo-gintaro-karoliai\/#breadcrumb"},"inLanguage":"en-US","potentialAction":[{"@type":"ReadAction","target":["https:\/\/amberwithsilver.com\/product\/prabangus-deimantinio-slifavimo-gintaro-karoliai\/"]}]},{"@type":"ImageObject","inLanguage":"en-US","@id":"https:\/\/amberwithsilver.com\/product\/prabangus-deimantinio-slifavimo-gintaro-karoliai\/#primaryimage","url":"https:\/\/amberwithsilver.com\/wp-content\/uploads\/2022\/03\/15b7a5a7-588f-439b-b011-5bbda401326c.jpeg","contentUrl":"https:\/\/amberwithsilver.com\/wp-content\/uploads\/2022\/03\/15b7a5a7-588f-439b-b011-5bbda401326c.jpeg","width":1440,"height":1211,"caption":"Prabang\u016bs deimantinio \u0161lifavimo gintaro karoliai, Luxurious faceted amber necklace"},{"@type":"BreadcrumbList","@id":"https:\/\/amberwithsilver.com\/product\/prabangus-deimantinio-slifavimo-gintaro-karoliai\/#breadcrumb","itemListElement":[{"@type":"ListItem","position":1,"name":"Home","item":"https:\/\/amberwithsilver.com\/"},{"@type":"ListItem","position":2,"name":"Parduotuv\u0117","item":"https:\/\/amberwithsilver.com\/en\/parduotuve\/"},{"@type":"ListItem","position":3,"name":"Prabang\u016bs deimantinio \u0161lifavimo gintaro karoliai"}]},{"@type":"WebSite","@id":"https:\/\/amberwithsilver.com\/en\/#website","url":"https:\/\/amberwithsilver.com\/en\/","name":"AmberWithSilver","description":"Amber-Silver","publisher":{"@id":"https:\/\/amberwithsilver.com\/en\/#organization"},"potentialAction":[{"@type":"SearchAction","target":{"@type":"EntryPoint","urlTemplate":"https:\/\/amberwithsilver.com\/en\/?s={search_term_string}"},"query-input":{"@type":"PropertyValueSpecification","valueRequired":true,"valueName":"search_term_string"}}],"inLanguage":"en-US"},{"@type":"Organization","@id":"https:\/\/amberwithsilver.com\/en\/#organization","name":"amberwithsilver","url":"https:\/\/amberwithsilver.com\/en\/","logo":{"@type":"ImageObject","inLanguage":"en-US","@id":"https:\/\/amberwithsilver.com\/en\/#\/schema\/logo\/image\/","url":"https:\/\/i0.wp.com\/amberwithsilver.com\/wp-content\/uploads\/2020\/12\/logo.jpg?fit=232%2C116&ssl=1","contentUrl":"https:\/\/i0.wp.com\/amberwithsilver.com\/wp-content\/uploads\/2020\/12\/logo.jpg?fit=232%2C116&ssl=1","width":232,"height":116,"caption":"amberwithsilver"},"image":{"@id":"https:\/\/amberwithsilver.com\/en\/#\/schema\/logo\/image\/"}}]}},"jetpack_sharing_enabled":true,"_links":{"self":[{"href":"https:\/\/amberwithsilver.com\/en\/wp-json\/wp\/v2\/product\/2270","targetHints":{"allow":["GET"]}}],"collection":[{"href":"https:\/\/amberwithsilver.com\/en\/wp-json\/wp\/v2\/product"}],"about":[{"href":"https:\/\/amberwithsilver.com\/en\/wp-json\/wp\/v2\/types\/product"}],"replies":[{"embeddable":true,"href":"https:\/\/amberwithsilver.com\/en\/wp-json\/wp\/v2\/comments?post=2270"}],"version-history":[{"count":0,"href":"https:\/\/amberwithsilver.com\/en\/wp-json\/wp\/v2\/product\/2270\/revisions"}],"wp:featuredmedia":[{"embeddable":true,"href":"https:\/\/amberwithsilver.com\/en\/wp-json\/wp\/v2\/media\/2276"}],"wp:attachment":[{"href":"https:\/\/amberwithsilver.com\/en\/wp-json\/wp\/v2\/media?parent=2270"}],"wp:term":[{"taxonomy":"product_brand","embeddable":true,"href":"https:\/\/amberwithsilver.com\/en\/wp-json\/wp\/v2\/product_brand?post=2270"},{"taxonomy":"product_cat","embeddable":true,"href":"https:\/\/amberwithsilver.com\/en\/wp-json\/wp\/v2\/product_cat?post=2270"},{"taxonomy":"product_tag","embeddable":true,"href":"https:\/\/amberwithsilver.com\/en\/wp-json\/wp\/v2\/product_tag?post=2270"}],"curies":[{"name":"wp","href":"https:\/\/api.w.org\/{rel}","templated":true}]}}