{"id":2279,"date":"2022-03-02T18:33:23","date_gmt":"2022-03-02T16:33:23","guid":{"rendered":"http:\/\/amberwithsilver.com\/?post_type=product&#038;p=2279"},"modified":"2022-03-03T16:29:47","modified_gmt":"2022-03-03T14:29:47","slug":"prabangi-deimantinio-slifavimo-gintarine-apyranke","status":"publish","type":"product","link":"https:\/\/amberwithsilver.com\/en\/product\/prabangi-deimantinio-slifavimo-gintarine-apyranke\/","title":{"rendered":"Luxurious faceted amber stretch bracelet"},"content":{"rendered":"<p>Luxurious faceted amber stretch bracelet. Amber bracelet is made of faceted handwork tablets. Each of the diamonds component provide a sense of luxury for a Lady.<\/p>\n<ul>\n<li>Baltic amber<\/li>\n<li>Graduated size faceted tablets<\/li>\n<li>Length: ~ 19,50 cm<\/li>\n<li>Weight: ~ 12 grams<\/li>\n<\/ul>\n<p>*Please note that the color of the product may vary slightly from that shown in the photo, depending on the monitor used by the Buyer and the lighting settings in the photos.<\/p>","protected":false},"excerpt":{"rendered":"<p>Luxurious faceted amber stretch bracelet. Amber bracelet is made of faceted handwork tablets. Each of the diamonds component provide a sense of luxury for a Lady.<\/p>\n<ul>\n<li>Baltic amber<\/li>\n<li>Graduated size faceted tablets<\/li>\n<li>Length: ~ 19,50 cm<\/li>\n<li>Weight: ~ 12 grams<\/li>\n<\/ul>\n<p>*Please note that the color of the product may vary slightly from that shown in the photo, depending on the monitor used by the Buyer and the lighting settings in the photos.<\/p>","protected":false},"featured_media":2281,"comment_status":"open","ping_status":"closed","template":"","meta":[],"product_brand":[],"product_cat":[18],"product_tag":[508,717,718,726,727,728],"class_list":{"0":"post-2279","1":"product","2":"type-product","3":"status-publish","4":"has-post-thumbnail","6":"product_cat-gintaro-apyrankes","7":"product_tag-baltic-amber","8":"product_tag-prabangi-deimantinio-slifavimo-gintarine-apyranke","9":"product_tag-luxurious-faceted-amber-stretch-bracelet","10":"product_tag-facetuoto-gintaro-apyranke","11":"product_tag-blizganti-gintarine-apyranke","12":"product_tag-diamond-shine-amber-bracelet","14":"first","15":"instock","16":"taxable","17":"shipping-taxable","18":"purchasable","19":"product-type-simple"},"yoast_head":"<!-- This site is optimized with the Yoast SEO Premium plugin v23.4 (Yoast SEO v26.8) - https:\/\/yoast.com\/product\/yoast-seo-premium-wordpress\/ -->\n<title>Prabangi deimantinio \u0161lifavimo gintarin\u0117 apyrank\u0117 - AmberWithSilver<\/title>\n<meta name=\"description\" content=\"Prabangi deimantinio \u0161lifavimo gintarin\u0117 apyrank\u0117,Luxurious faceted amber stretch bracelet,faceted amber,facetuotas gintaras,blizgi apyranke\" \/>\n<meta name=\"robots\" content=\"index, follow, max-snippet:-1, max-image-preview:large, max-video-preview:-1\" \/>\n<link rel=\"canonical\" href=\"https:\/\/amberwithsilver.com\/en\/product\/prabangi-deimantinio-slifavimo-gintarine-apyranke\/\" \/>\n<meta property=\"og:locale\" content=\"en_US\" \/>\n<meta property=\"og:type\" content=\"article\" \/>\n<meta property=\"og:title\" content=\"Prabangi deimantinio \u0161lifavimo gintarin\u0117 apyrank\u0117\" \/>\n<meta property=\"og:description\" content=\"Prabangi deimantinio \u0161lifavimo gintarin\u0117 apyrank\u0117,Luxurious faceted amber stretch bracelet,faceted amber,facetuotas gintaras,blizgi apyranke\" \/>\n<meta property=\"og:url\" content=\"https:\/\/amberwithsilver.com\/en\/product\/prabangi-deimantinio-slifavimo-gintarine-apyranke\/\" \/>\n<meta property=\"og:site_name\" content=\"AmberWithSilver\" \/>\n<meta property=\"article:modified_time\" content=\"2022-03-03T14:29:47+00:00\" \/>\n<meta property=\"og:image\" content=\"https:\/\/amberwithsilver.com\/wp-content\/uploads\/2022\/03\/img_4139-scaled.jpeg\" \/>\n\t<meta property=\"og:image:width\" content=\"2560\" \/>\n\t<meta property=\"og:image:height\" content=\"2188\" \/>\n\t<meta property=\"og:image:type\" content=\"image\/jpeg\" \/>\n<meta name=\"twitter:card\" content=\"summary_large_image\" \/>\n<meta name=\"twitter:label1\" content=\"Est. reading time\" \/>\n\t<meta name=\"twitter:data1\" content=\"1 minute\" \/>\n<script type=\"application\/ld+json\" class=\"yoast-schema-graph\">{\"@context\":\"https:\/\/schema.org\",\"@graph\":[{\"@type\":\"WebPage\",\"@id\":\"https:\/\/amberwithsilver.com\/product\/prabangi-deimantinio-slifavimo-gintarine-apyranke\/\",\"url\":\"https:\/\/amberwithsilver.com\/product\/prabangi-deimantinio-slifavimo-gintarine-apyranke\/\",\"name\":\"Prabangi deimantinio \u0161lifavimo gintarin\u0117 apyrank\u0117 - AmberWithSilver\",\"isPartOf\":{\"@id\":\"https:\/\/amberwithsilver.com\/en\/#website\"},\"primaryImageOfPage\":{\"@id\":\"https:\/\/amberwithsilver.com\/product\/prabangi-deimantinio-slifavimo-gintarine-apyranke\/#primaryimage\"},\"image\":{\"@id\":\"https:\/\/amberwithsilver.com\/product\/prabangi-deimantinio-slifavimo-gintarine-apyranke\/#primaryimage\"},\"thumbnailUrl\":\"https:\/\/amberwithsilver.com\/wp-content\/uploads\/2022\/03\/img_4139-scaled.jpeg\",\"datePublished\":\"2022-03-02T16:33:23+00:00\",\"dateModified\":\"2022-03-03T14:29:47+00:00\",\"description\":\"Prabangi deimantinio \u0161lifavimo gintarin\u0117 apyrank\u0117,Luxurious faceted amber stretch bracelet,faceted amber,facetuotas gintaras,blizgi apyranke\",\"breadcrumb\":{\"@id\":\"https:\/\/amberwithsilver.com\/product\/prabangi-deimantinio-slifavimo-gintarine-apyranke\/#breadcrumb\"},\"inLanguage\":\"en-US\",\"potentialAction\":[{\"@type\":\"ReadAction\",\"target\":[\"https:\/\/amberwithsilver.com\/product\/prabangi-deimantinio-slifavimo-gintarine-apyranke\/\"]}]},{\"@type\":\"ImageObject\",\"inLanguage\":\"en-US\",\"@id\":\"https:\/\/amberwithsilver.com\/product\/prabangi-deimantinio-slifavimo-gintarine-apyranke\/#primaryimage\",\"url\":\"https:\/\/amberwithsilver.com\/wp-content\/uploads\/2022\/03\/img_4139-scaled.jpeg\",\"contentUrl\":\"https:\/\/amberwithsilver.com\/wp-content\/uploads\/2022\/03\/img_4139-scaled.jpeg\",\"width\":2560,\"height\":2188,\"caption\":\"Prabangi deimantinio \u0161lifavimo gintarin\u0117 apyrank\u0117,Luxurious faceted amber stretch bracelet\"},{\"@type\":\"BreadcrumbList\",\"@id\":\"https:\/\/amberwithsilver.com\/product\/prabangi-deimantinio-slifavimo-gintarine-apyranke\/#breadcrumb\",\"itemListElement\":[{\"@type\":\"ListItem\",\"position\":1,\"name\":\"Home\",\"item\":\"https:\/\/amberwithsilver.com\/\"},{\"@type\":\"ListItem\",\"position\":2,\"name\":\"Parduotuv\u0117\",\"item\":\"https:\/\/amberwithsilver.com\/en\/parduotuve\/\"},{\"@type\":\"ListItem\",\"position\":3,\"name\":\"Prabangi deimantinio \u0161lifavimo gintarin\u0117 apyrank\u0117\"}]},{\"@type\":\"WebSite\",\"@id\":\"https:\/\/amberwithsilver.com\/en\/#website\",\"url\":\"https:\/\/amberwithsilver.com\/en\/\",\"name\":\"AmberWithSilver\",\"description\":\"Amber-Silver\",\"publisher\":{\"@id\":\"https:\/\/amberwithsilver.com\/en\/#organization\"},\"potentialAction\":[{\"@type\":\"SearchAction\",\"target\":{\"@type\":\"EntryPoint\",\"urlTemplate\":\"https:\/\/amberwithsilver.com\/en\/?s={search_term_string}\"},\"query-input\":{\"@type\":\"PropertyValueSpecification\",\"valueRequired\":true,\"valueName\":\"search_term_string\"}}],\"inLanguage\":\"en-US\"},{\"@type\":\"Organization\",\"@id\":\"https:\/\/amberwithsilver.com\/en\/#organization\",\"name\":\"amberwithsilver\",\"url\":\"https:\/\/amberwithsilver.com\/en\/\",\"logo\":{\"@type\":\"ImageObject\",\"inLanguage\":\"en-US\",\"@id\":\"https:\/\/amberwithsilver.com\/en\/#\/schema\/logo\/image\/\",\"url\":\"https:\/\/i0.wp.com\/amberwithsilver.com\/wp-content\/uploads\/2020\/12\/logo.jpg?fit=232%2C116&ssl=1\",\"contentUrl\":\"https:\/\/i0.wp.com\/amberwithsilver.com\/wp-content\/uploads\/2020\/12\/logo.jpg?fit=232%2C116&ssl=1\",\"width\":232,\"height\":116,\"caption\":\"amberwithsilver\"},\"image\":{\"@id\":\"https:\/\/amberwithsilver.com\/en\/#\/schema\/logo\/image\/\"}}]}<\/script>\n<!-- \/ Yoast SEO Premium plugin. -->","yoast_head_json":{"title":"Prabangi deimantinio \u0161lifavimo gintarin\u0117 apyrank\u0117 - AmberWithSilver","description":"Prabangi deimantinio \u0161lifavimo gintarin\u0117 apyrank\u0117,Luxurious faceted amber stretch bracelet,faceted amber,facetuotas gintaras,blizgi apyranke","robots":{"index":"index","follow":"follow","max-snippet":"max-snippet:-1","max-image-preview":"max-image-preview:large","max-video-preview":"max-video-preview:-1"},"canonical":"https:\/\/amberwithsilver.com\/en\/product\/prabangi-deimantinio-slifavimo-gintarine-apyranke\/","og_locale":"en_US","og_type":"article","og_title":"Prabangi deimantinio \u0161lifavimo gintarin\u0117 apyrank\u0117","og_description":"Prabangi deimantinio \u0161lifavimo gintarin\u0117 apyrank\u0117,Luxurious faceted amber stretch bracelet,faceted amber,facetuotas gintaras,blizgi apyranke","og_url":"https:\/\/amberwithsilver.com\/en\/product\/prabangi-deimantinio-slifavimo-gintarine-apyranke\/","og_site_name":"AmberWithSilver","article_modified_time":"2022-03-03T14:29:47+00:00","og_image":[{"width":2560,"height":2188,"url":"https:\/\/amberwithsilver.com\/wp-content\/uploads\/2022\/03\/img_4139-scaled.jpeg","type":"image\/jpeg"}],"twitter_card":"summary_large_image","twitter_misc":{"Est. reading time":"1 minute"},"schema":{"@context":"https:\/\/schema.org","@graph":[{"@type":"WebPage","@id":"https:\/\/amberwithsilver.com\/product\/prabangi-deimantinio-slifavimo-gintarine-apyranke\/","url":"https:\/\/amberwithsilver.com\/product\/prabangi-deimantinio-slifavimo-gintarine-apyranke\/","name":"Prabangi deimantinio \u0161lifavimo gintarin\u0117 apyrank\u0117 - AmberWithSilver","isPartOf":{"@id":"https:\/\/amberwithsilver.com\/en\/#website"},"primaryImageOfPage":{"@id":"https:\/\/amberwithsilver.com\/product\/prabangi-deimantinio-slifavimo-gintarine-apyranke\/#primaryimage"},"image":{"@id":"https:\/\/amberwithsilver.com\/product\/prabangi-deimantinio-slifavimo-gintarine-apyranke\/#primaryimage"},"thumbnailUrl":"https:\/\/amberwithsilver.com\/wp-content\/uploads\/2022\/03\/img_4139-scaled.jpeg","datePublished":"2022-03-02T16:33:23+00:00","dateModified":"2022-03-03T14:29:47+00:00","description":"Prabangi deimantinio \u0161lifavimo gintarin\u0117 apyrank\u0117,Luxurious faceted amber stretch bracelet,faceted amber,facetuotas gintaras,blizgi apyranke","breadcrumb":{"@id":"https:\/\/amberwithsilver.com\/product\/prabangi-deimantinio-slifavimo-gintarine-apyranke\/#breadcrumb"},"inLanguage":"en-US","potentialAction":[{"@type":"ReadAction","target":["https:\/\/amberwithsilver.com\/product\/prabangi-deimantinio-slifavimo-gintarine-apyranke\/"]}]},{"@type":"ImageObject","inLanguage":"en-US","@id":"https:\/\/amberwithsilver.com\/product\/prabangi-deimantinio-slifavimo-gintarine-apyranke\/#primaryimage","url":"https:\/\/amberwithsilver.com\/wp-content\/uploads\/2022\/03\/img_4139-scaled.jpeg","contentUrl":"https:\/\/amberwithsilver.com\/wp-content\/uploads\/2022\/03\/img_4139-scaled.jpeg","width":2560,"height":2188,"caption":"Prabangi deimantinio \u0161lifavimo gintarin\u0117 apyrank\u0117,Luxurious faceted amber stretch bracelet"},{"@type":"BreadcrumbList","@id":"https:\/\/amberwithsilver.com\/product\/prabangi-deimantinio-slifavimo-gintarine-apyranke\/#breadcrumb","itemListElement":[{"@type":"ListItem","position":1,"name":"Home","item":"https:\/\/amberwithsilver.com\/"},{"@type":"ListItem","position":2,"name":"Parduotuv\u0117","item":"https:\/\/amberwithsilver.com\/en\/parduotuve\/"},{"@type":"ListItem","position":3,"name":"Prabangi deimantinio \u0161lifavimo gintarin\u0117 apyrank\u0117"}]},{"@type":"WebSite","@id":"https:\/\/amberwithsilver.com\/en\/#website","url":"https:\/\/amberwithsilver.com\/en\/","name":"AmberWithSilver","description":"Amber-Silver","publisher":{"@id":"https:\/\/amberwithsilver.com\/en\/#organization"},"potentialAction":[{"@type":"SearchAction","target":{"@type":"EntryPoint","urlTemplate":"https:\/\/amberwithsilver.com\/en\/?s={search_term_string}"},"query-input":{"@type":"PropertyValueSpecification","valueRequired":true,"valueName":"search_term_string"}}],"inLanguage":"en-US"},{"@type":"Organization","@id":"https:\/\/amberwithsilver.com\/en\/#organization","name":"amberwithsilver","url":"https:\/\/amberwithsilver.com\/en\/","logo":{"@type":"ImageObject","inLanguage":"en-US","@id":"https:\/\/amberwithsilver.com\/en\/#\/schema\/logo\/image\/","url":"https:\/\/i0.wp.com\/amberwithsilver.com\/wp-content\/uploads\/2020\/12\/logo.jpg?fit=232%2C116&ssl=1","contentUrl":"https:\/\/i0.wp.com\/amberwithsilver.com\/wp-content\/uploads\/2020\/12\/logo.jpg?fit=232%2C116&ssl=1","width":232,"height":116,"caption":"amberwithsilver"},"image":{"@id":"https:\/\/amberwithsilver.com\/en\/#\/schema\/logo\/image\/"}}]}},"jetpack_sharing_enabled":true,"_links":{"self":[{"href":"https:\/\/amberwithsilver.com\/en\/wp-json\/wp\/v2\/product\/2279","targetHints":{"allow":["GET"]}}],"collection":[{"href":"https:\/\/amberwithsilver.com\/en\/wp-json\/wp\/v2\/product"}],"about":[{"href":"https:\/\/amberwithsilver.com\/en\/wp-json\/wp\/v2\/types\/product"}],"replies":[{"embeddable":true,"href":"https:\/\/amberwithsilver.com\/en\/wp-json\/wp\/v2\/comments?post=2279"}],"version-history":[{"count":0,"href":"https:\/\/amberwithsilver.com\/en\/wp-json\/wp\/v2\/product\/2279\/revisions"}],"wp:featuredmedia":[{"embeddable":true,"href":"https:\/\/amberwithsilver.com\/en\/wp-json\/wp\/v2\/media\/2281"}],"wp:attachment":[{"href":"https:\/\/amberwithsilver.com\/en\/wp-json\/wp\/v2\/media?parent=2279"}],"wp:term":[{"taxonomy":"product_brand","embeddable":true,"href":"https:\/\/amberwithsilver.com\/en\/wp-json\/wp\/v2\/product_brand?post=2279"},{"taxonomy":"product_cat","embeddable":true,"href":"https:\/\/amberwithsilver.com\/en\/wp-json\/wp\/v2\/product_cat?post=2279"},{"taxonomy":"product_tag","embeddable":true,"href":"https:\/\/amberwithsilver.com\/en\/wp-json\/wp\/v2\/product_tag?post=2279"}],"curies":[{"name":"wp","href":"https:\/\/api.w.org\/{rel}","templated":true}]}}