{"id":2287,"date":"2022-03-03T15:17:09","date_gmt":"2022-03-03T13:17:09","guid":{"rendered":"http:\/\/amberwithsilver.com\/?post_type=product&#038;p=2287"},"modified":"2024-09-06T21:54:36","modified_gmt":"2024-09-06T19:54:36","slug":"tamsios-fosilines-spalvos-baltijos-gintaro-rutuliuku-apyranke","status":"publish","type":"product","link":"https:\/\/amberwithsilver.com\/en\/product\/tamsios-fosilines-spalvos-baltijos-gintaro-rutuliuku-apyranke\/","title":{"rendered":"Tamsios fosilin\u0117s spalvos Baltijos gintaro rutuliuk\u0173 apyrank\u0117 11 mm"},"content":{"rendered":"<p>Tamsios fosilin\u0117s spalvos Baltijos gintaro rutuliuk\u0173 apyrank\u0117 11 mm.<\/p>\n<div class=\"short-description\">\n<ul>\n<li>Dark fossil color round amber beads<\/li>\n<li>Elastic silicon<\/li>\n<li>Beads size: 11 mm<\/li>\n<li>Weight: ~16 grams<\/li>\n<\/ul>\n<p>*Please note that the color of the product may vary slightly from that shown in the photo, depending on the monitor used by the Buyer and the lighting settings in the photos.<\/p>\n<p>&nbsp;<\/p>\n<\/div>","protected":false},"excerpt":{"rendered":"<p>Tamsios fosilin\u0117s spalvos Baltijos gintaro rutuliuk\u0173 apyrank\u0117 11 mm.<\/p>\n<div class=\"short-description\">\n<ul>\n<li>Dark fossil color round amber beads<\/li>\n<li>Elastic silicon<\/li>\n<li>Beads size: 11 mm<\/li>\n<li>Weight: ~16 grams<\/li>\n<\/ul>\n<p>*Please note that the color of the product may vary slightly from that shown in the photo, depending on the monitor used by the Buyer and the lighting settings in the photos.<\/p>\n<\/div>","protected":false},"featured_media":2290,"comment_status":"open","ping_status":"closed","template":"","meta":[],"product_brand":[],"product_cat":[59,18,58],"product_tag":[70,156,445,470,508,693,719,720,721],"class_list":{"0":"post-2287","1":"product","2":"type-product","3":"status-publish","4":"has-post-thumbnail","6":"product_cat-gintaro-papuosalai-vyrams","7":"product_cat-gintaro-apyrankes","8":"product_cat-kolekcijos","9":"product_tag-zalias-gintaras","10":"product_tag-green-amber","11":"product_tag-amber-bracelet-for-him","12":"product_tag-amber-bracelet-for-men","13":"product_tag-baltic-amber","14":"product_tag-natural-amber-bracelet","15":"product_tag-tamsios-fosilines-spalvos-baltijos-gintaro-rutuliuku-apyranke","16":"product_tag-dark-fossil-color-baltic-amber-beads-stretch-bracelet","17":"product_tag-dark-fossil-amber-beads-stretch-bracelet","19":"first","20":"instock","21":"taxable","22":"shipping-taxable","23":"purchasable","24":"product-type-variable"},"yoast_head":"<!-- This site is optimized with the Yoast SEO Premium plugin v23.4 (Yoast SEO v26.8) - https:\/\/yoast.com\/product\/yoast-seo-premium-wordpress\/ -->\n<title>Tamsios fosilin\u0117s spalvos Baltijos gintaro rutuliuk\u0173 apyrank\u0117 11 mm - AmberWithSilver<\/title>\n<meta name=\"description\" content=\"Tamsios fosilin\u0117s spalvos Baltijos gintaro rutuliuk\u0173 apyrank\u0117,Dark Fossil color Baltic amber beads stretch bracelet, amber bracelet for men\" \/>\n<meta name=\"robots\" content=\"index, follow, max-snippet:-1, max-image-preview:large, max-video-preview:-1\" \/>\n<link rel=\"canonical\" href=\"https:\/\/amberwithsilver.com\/en\/product\/tamsios-fosilines-spalvos-baltijos-gintaro-rutuliuku-apyranke\/\" \/>\n<meta property=\"og:locale\" content=\"en_US\" \/>\n<meta property=\"og:type\" content=\"article\" \/>\n<meta property=\"og:title\" content=\"Tamsios fosilin\u0117s spalvos Baltijos gintaro rutuliuk\u0173 apyrank\u0117 11 mm\" \/>\n<meta property=\"og:description\" content=\"Tamsios fosilin\u0117s spalvos Baltijos gintaro rutuliuk\u0173 apyrank\u0117,Dark Fossil color Baltic amber beads stretch bracelet, amber bracelet for men\" \/>\n<meta property=\"og:url\" content=\"https:\/\/amberwithsilver.com\/en\/product\/tamsios-fosilines-spalvos-baltijos-gintaro-rutuliuku-apyranke\/\" \/>\n<meta property=\"og:site_name\" content=\"AmberWithSilver\" \/>\n<meta property=\"article:modified_time\" content=\"2024-09-06T19:54:36+00:00\" \/>\n<meta property=\"og:image\" content=\"https:\/\/amberwithsilver.com\/wp-content\/uploads\/2022\/03\/img_4161-scaled.jpeg\" \/>\n\t<meta property=\"og:image:width\" content=\"2560\" \/>\n\t<meta property=\"og:image:height\" content=\"2473\" \/>\n\t<meta property=\"og:image:type\" content=\"image\/jpeg\" \/>\n<meta name=\"twitter:card\" content=\"summary_large_image\" \/>\n<meta name=\"twitter:label1\" content=\"Est. reading time\" \/>\n\t<meta name=\"twitter:data1\" content=\"1 minute\" \/>\n<script type=\"application\/ld+json\" class=\"yoast-schema-graph\">{\"@context\":\"https:\/\/schema.org\",\"@graph\":[{\"@type\":\"WebPage\",\"@id\":\"https:\/\/amberwithsilver.com\/product\/tamsios-fosilines-spalvos-baltijos-gintaro-rutuliuku-apyranke\/\",\"url\":\"https:\/\/amberwithsilver.com\/product\/tamsios-fosilines-spalvos-baltijos-gintaro-rutuliuku-apyranke\/\",\"name\":\"Tamsios fosilin\u0117s spalvos Baltijos gintaro rutuliuk\u0173 apyrank\u0117 11 mm - AmberWithSilver\",\"isPartOf\":{\"@id\":\"https:\/\/amberwithsilver.com\/en\/#website\"},\"primaryImageOfPage\":{\"@id\":\"https:\/\/amberwithsilver.com\/product\/tamsios-fosilines-spalvos-baltijos-gintaro-rutuliuku-apyranke\/#primaryimage\"},\"image\":{\"@id\":\"https:\/\/amberwithsilver.com\/product\/tamsios-fosilines-spalvos-baltijos-gintaro-rutuliuku-apyranke\/#primaryimage\"},\"thumbnailUrl\":\"https:\/\/amberwithsilver.com\/wp-content\/uploads\/2022\/03\/img_4161-scaled.jpeg\",\"datePublished\":\"2022-03-03T13:17:09+00:00\",\"dateModified\":\"2024-09-06T19:54:36+00:00\",\"description\":\"Tamsios fosilin\u0117s spalvos Baltijos gintaro rutuliuk\u0173 apyrank\u0117,Dark Fossil color Baltic amber beads stretch bracelet, amber bracelet for men\",\"breadcrumb\":{\"@id\":\"https:\/\/amberwithsilver.com\/product\/tamsios-fosilines-spalvos-baltijos-gintaro-rutuliuku-apyranke\/#breadcrumb\"},\"inLanguage\":\"en-US\",\"potentialAction\":[{\"@type\":\"ReadAction\",\"target\":[\"https:\/\/amberwithsilver.com\/product\/tamsios-fosilines-spalvos-baltijos-gintaro-rutuliuku-apyranke\/\"]}]},{\"@type\":\"ImageObject\",\"inLanguage\":\"en-US\",\"@id\":\"https:\/\/amberwithsilver.com\/product\/tamsios-fosilines-spalvos-baltijos-gintaro-rutuliuku-apyranke\/#primaryimage\",\"url\":\"https:\/\/amberwithsilver.com\/wp-content\/uploads\/2022\/03\/img_4161-scaled.jpeg\",\"contentUrl\":\"https:\/\/amberwithsilver.com\/wp-content\/uploads\/2022\/03\/img_4161-scaled.jpeg\",\"width\":2560,\"height\":2473,\"caption\":\"Tamsios fosilin\u0117s spalvos Baltijos gintaro rutuliuk\u0173 apyrank\u0117,Dark fossil amber beads stretch bracelet\"},{\"@type\":\"BreadcrumbList\",\"@id\":\"https:\/\/amberwithsilver.com\/product\/tamsios-fosilines-spalvos-baltijos-gintaro-rutuliuku-apyranke\/#breadcrumb\",\"itemListElement\":[{\"@type\":\"ListItem\",\"position\":1,\"name\":\"Home\",\"item\":\"https:\/\/amberwithsilver.com\/\"},{\"@type\":\"ListItem\",\"position\":2,\"name\":\"Parduotuv\u0117\",\"item\":\"https:\/\/amberwithsilver.com\/en\/parduotuve\/\"},{\"@type\":\"ListItem\",\"position\":3,\"name\":\"Tamsios fosilin\u0117s spalvos Baltijos gintaro rutuliuk\u0173 apyrank\u0117 11 mm\"}]},{\"@type\":\"WebSite\",\"@id\":\"https:\/\/amberwithsilver.com\/en\/#website\",\"url\":\"https:\/\/amberwithsilver.com\/en\/\",\"name\":\"AmberWithSilver\",\"description\":\"Amber-Silver\",\"publisher\":{\"@id\":\"https:\/\/amberwithsilver.com\/en\/#organization\"},\"potentialAction\":[{\"@type\":\"SearchAction\",\"target\":{\"@type\":\"EntryPoint\",\"urlTemplate\":\"https:\/\/amberwithsilver.com\/en\/?s={search_term_string}\"},\"query-input\":{\"@type\":\"PropertyValueSpecification\",\"valueRequired\":true,\"valueName\":\"search_term_string\"}}],\"inLanguage\":\"en-US\"},{\"@type\":\"Organization\",\"@id\":\"https:\/\/amberwithsilver.com\/en\/#organization\",\"name\":\"amberwithsilver\",\"url\":\"https:\/\/amberwithsilver.com\/en\/\",\"logo\":{\"@type\":\"ImageObject\",\"inLanguage\":\"en-US\",\"@id\":\"https:\/\/amberwithsilver.com\/en\/#\/schema\/logo\/image\/\",\"url\":\"https:\/\/i0.wp.com\/amberwithsilver.com\/wp-content\/uploads\/2020\/12\/logo.jpg?fit=232%2C116&ssl=1\",\"contentUrl\":\"https:\/\/i0.wp.com\/amberwithsilver.com\/wp-content\/uploads\/2020\/12\/logo.jpg?fit=232%2C116&ssl=1\",\"width\":232,\"height\":116,\"caption\":\"amberwithsilver\"},\"image\":{\"@id\":\"https:\/\/amberwithsilver.com\/en\/#\/schema\/logo\/image\/\"}}]}<\/script>\n<!-- \/ Yoast SEO Premium plugin. -->","yoast_head_json":{"title":"Tamsios fosilin\u0117s spalvos Baltijos gintaro rutuliuk\u0173 apyrank\u0117 11 mm - AmberWithSilver","description":"Tamsios fosilin\u0117s spalvos Baltijos gintaro rutuliuk\u0173 apyrank\u0117,Dark Fossil color Baltic amber beads stretch bracelet, amber bracelet for men","robots":{"index":"index","follow":"follow","max-snippet":"max-snippet:-1","max-image-preview":"max-image-preview:large","max-video-preview":"max-video-preview:-1"},"canonical":"https:\/\/amberwithsilver.com\/en\/product\/tamsios-fosilines-spalvos-baltijos-gintaro-rutuliuku-apyranke\/","og_locale":"en_US","og_type":"article","og_title":"Tamsios fosilin\u0117s spalvos Baltijos gintaro rutuliuk\u0173 apyrank\u0117 11 mm","og_description":"Tamsios fosilin\u0117s spalvos Baltijos gintaro rutuliuk\u0173 apyrank\u0117,Dark Fossil color Baltic amber beads stretch bracelet, amber bracelet for men","og_url":"https:\/\/amberwithsilver.com\/en\/product\/tamsios-fosilines-spalvos-baltijos-gintaro-rutuliuku-apyranke\/","og_site_name":"AmberWithSilver","article_modified_time":"2024-09-06T19:54:36+00:00","og_image":[{"width":2560,"height":2473,"url":"https:\/\/amberwithsilver.com\/wp-content\/uploads\/2022\/03\/img_4161-scaled.jpeg","type":"image\/jpeg"}],"twitter_card":"summary_large_image","twitter_misc":{"Est. reading time":"1 minute"},"schema":{"@context":"https:\/\/schema.org","@graph":[{"@type":"WebPage","@id":"https:\/\/amberwithsilver.com\/product\/tamsios-fosilines-spalvos-baltijos-gintaro-rutuliuku-apyranke\/","url":"https:\/\/amberwithsilver.com\/product\/tamsios-fosilines-spalvos-baltijos-gintaro-rutuliuku-apyranke\/","name":"Tamsios fosilin\u0117s spalvos Baltijos gintaro rutuliuk\u0173 apyrank\u0117 11 mm - AmberWithSilver","isPartOf":{"@id":"https:\/\/amberwithsilver.com\/en\/#website"},"primaryImageOfPage":{"@id":"https:\/\/amberwithsilver.com\/product\/tamsios-fosilines-spalvos-baltijos-gintaro-rutuliuku-apyranke\/#primaryimage"},"image":{"@id":"https:\/\/amberwithsilver.com\/product\/tamsios-fosilines-spalvos-baltijos-gintaro-rutuliuku-apyranke\/#primaryimage"},"thumbnailUrl":"https:\/\/amberwithsilver.com\/wp-content\/uploads\/2022\/03\/img_4161-scaled.jpeg","datePublished":"2022-03-03T13:17:09+00:00","dateModified":"2024-09-06T19:54:36+00:00","description":"Tamsios fosilin\u0117s spalvos Baltijos gintaro rutuliuk\u0173 apyrank\u0117,Dark Fossil color Baltic amber beads stretch bracelet, amber bracelet for men","breadcrumb":{"@id":"https:\/\/amberwithsilver.com\/product\/tamsios-fosilines-spalvos-baltijos-gintaro-rutuliuku-apyranke\/#breadcrumb"},"inLanguage":"en-US","potentialAction":[{"@type":"ReadAction","target":["https:\/\/amberwithsilver.com\/product\/tamsios-fosilines-spalvos-baltijos-gintaro-rutuliuku-apyranke\/"]}]},{"@type":"ImageObject","inLanguage":"en-US","@id":"https:\/\/amberwithsilver.com\/product\/tamsios-fosilines-spalvos-baltijos-gintaro-rutuliuku-apyranke\/#primaryimage","url":"https:\/\/amberwithsilver.com\/wp-content\/uploads\/2022\/03\/img_4161-scaled.jpeg","contentUrl":"https:\/\/amberwithsilver.com\/wp-content\/uploads\/2022\/03\/img_4161-scaled.jpeg","width":2560,"height":2473,"caption":"Tamsios fosilin\u0117s spalvos Baltijos gintaro rutuliuk\u0173 apyrank\u0117,Dark fossil amber beads stretch bracelet"},{"@type":"BreadcrumbList","@id":"https:\/\/amberwithsilver.com\/product\/tamsios-fosilines-spalvos-baltijos-gintaro-rutuliuku-apyranke\/#breadcrumb","itemListElement":[{"@type":"ListItem","position":1,"name":"Home","item":"https:\/\/amberwithsilver.com\/"},{"@type":"ListItem","position":2,"name":"Parduotuv\u0117","item":"https:\/\/amberwithsilver.com\/en\/parduotuve\/"},{"@type":"ListItem","position":3,"name":"Tamsios fosilin\u0117s spalvos Baltijos gintaro rutuliuk\u0173 apyrank\u0117 11 mm"}]},{"@type":"WebSite","@id":"https:\/\/amberwithsilver.com\/en\/#website","url":"https:\/\/amberwithsilver.com\/en\/","name":"AmberWithSilver","description":"Amber-Silver","publisher":{"@id":"https:\/\/amberwithsilver.com\/en\/#organization"},"potentialAction":[{"@type":"SearchAction","target":{"@type":"EntryPoint","urlTemplate":"https:\/\/amberwithsilver.com\/en\/?s={search_term_string}"},"query-input":{"@type":"PropertyValueSpecification","valueRequired":true,"valueName":"search_term_string"}}],"inLanguage":"en-US"},{"@type":"Organization","@id":"https:\/\/amberwithsilver.com\/en\/#organization","name":"amberwithsilver","url":"https:\/\/amberwithsilver.com\/en\/","logo":{"@type":"ImageObject","inLanguage":"en-US","@id":"https:\/\/amberwithsilver.com\/en\/#\/schema\/logo\/image\/","url":"https:\/\/i0.wp.com\/amberwithsilver.com\/wp-content\/uploads\/2020\/12\/logo.jpg?fit=232%2C116&ssl=1","contentUrl":"https:\/\/i0.wp.com\/amberwithsilver.com\/wp-content\/uploads\/2020\/12\/logo.jpg?fit=232%2C116&ssl=1","width":232,"height":116,"caption":"amberwithsilver"},"image":{"@id":"https:\/\/amberwithsilver.com\/en\/#\/schema\/logo\/image\/"}}]}},"jetpack_sharing_enabled":true,"_links":{"self":[{"href":"https:\/\/amberwithsilver.com\/en\/wp-json\/wp\/v2\/product\/2287","targetHints":{"allow":["GET"]}}],"collection":[{"href":"https:\/\/amberwithsilver.com\/en\/wp-json\/wp\/v2\/product"}],"about":[{"href":"https:\/\/amberwithsilver.com\/en\/wp-json\/wp\/v2\/types\/product"}],"replies":[{"embeddable":true,"href":"https:\/\/amberwithsilver.com\/en\/wp-json\/wp\/v2\/comments?post=2287"}],"version-history":[{"count":0,"href":"https:\/\/amberwithsilver.com\/en\/wp-json\/wp\/v2\/product\/2287\/revisions"}],"wp:featuredmedia":[{"embeddable":true,"href":"https:\/\/amberwithsilver.com\/en\/wp-json\/wp\/v2\/media\/2290"}],"wp:attachment":[{"href":"https:\/\/amberwithsilver.com\/en\/wp-json\/wp\/v2\/media?parent=2287"}],"wp:term":[{"taxonomy":"product_brand","embeddable":true,"href":"https:\/\/amberwithsilver.com\/en\/wp-json\/wp\/v2\/product_brand?post=2287"},{"taxonomy":"product_cat","embeddable":true,"href":"https:\/\/amberwithsilver.com\/en\/wp-json\/wp\/v2\/product_cat?post=2287"},{"taxonomy":"product_tag","embeddable":true,"href":"https:\/\/amberwithsilver.com\/en\/wp-json\/wp\/v2\/product_tag?post=2287"}],"curies":[{"name":"wp","href":"https:\/\/api.w.org\/{rel}","templated":true}]}}