{"id":2294,"date":"2022-03-03T16:08:49","date_gmt":"2022-03-03T14:08:49","guid":{"rendered":"http:\/\/amberwithsilver.com\/?post_type=product&#038;p=2294"},"modified":"2024-09-06T08:01:32","modified_gmt":"2024-09-06T06:01:32","slug":"fosilines-spalvos-baltijos-gintaro-rutuliuku-apyranke","status":"publish","type":"product","link":"https:\/\/amberwithsilver.com\/en\/product\/fosilines-spalvos-baltijos-gintaro-rutuliuku-apyranke\/","title":{"rendered":"Fossil amber round beads stretch bracelet 10 mm"},"content":{"rendered":"<p>Fossil amber round beads stretch bracelet 10 mm<\/p>\n<div class=\"short-description\">\n<ul>\n<li>Fossil color round amber beads<\/li>\n<li>Elastic silicon<\/li>\n<li>Beads size: ~ 10 mm<\/li>\n<li>Weight: ~11 grams<\/li>\n<\/ul>\n<p>*Please note that the color of the product may vary slightly from that shown in the photo, depending on the monitor used by the Buyer and the lighting settings in the photos.<\/p>\n<\/div>","protected":false},"excerpt":{"rendered":"<div class=\"short-description\">\n<p>Fossil amber round beads stretch bracelet 10 mm<\/p>\n<div class=\"short-description\">\n<ul>\n<li>Fossil color round amber beads<\/li>\n<li>Elastic silicon<\/li>\n<li>Beads size: ~ 10 mm<\/li>\n<li>Weight: ~11 grams<\/li>\n<\/ul>\n<\/div>\n<p>*Please note that the color of the product may vary slightly from that shown in the photo, depending on the monitor used by the Buyer and the lighting settings in the photos.<\/p>\n<\/div>","protected":false},"featured_media":2297,"comment_status":"open","ping_status":"closed","template":"","meta":[],"product_brand":[],"product_cat":[59,18,58],"product_tag":[120,123,678,722,723,724,725],"class_list":{"0":"post-2294","1":"product","2":"type-product","3":"status-publish","4":"has-post-thumbnail","6":"product_cat-gintaro-papuosalai-vyrams","7":"product_cat-gintaro-apyrankes","8":"product_cat-kolekcijos","9":"product_tag-naturalus-gintaras","10":"product_tag-natural-amber","11":"product_tag-silver-amber","12":"product_tag-fosilines-spalvos-baltijos-gintaro-rutuliuku-apyranke","13":"product_tag-fossil-amber-beads-stretch-bracelet","14":"product_tag-amber-with-natural-fossil","15":"product_tag-gintaras-su-fosilijomis","17":"first","18":"instock","19":"taxable","20":"shipping-taxable","21":"purchasable","22":"product-type-simple"},"yoast_head":"<!-- This site is optimized with the Yoast SEO Premium plugin v23.4 (Yoast SEO v26.8) - https:\/\/yoast.com\/product\/yoast-seo-premium-wordpress\/ -->\n<title>Fosilin\u0117s spalvos Baltijos gintaro rutuliuk\u0173 apyrank\u0117 10 mm - AmberWithSilver<\/title>\n<meta name=\"description\" content=\"Fosilin\u0117s spalvos Baltijos gintaro rutuliuk\u0173 apyrank\u0117, Fossil amber beads stretch bracelet, natural amber,gintaras su fosilijomis, Jai gintara\" \/>\n<meta name=\"robots\" content=\"index, follow, max-snippet:-1, max-image-preview:large, max-video-preview:-1\" \/>\n<link rel=\"canonical\" href=\"https:\/\/amberwithsilver.com\/en\/product\/fosilines-spalvos-baltijos-gintaro-rutuliuku-apyranke\/\" \/>\n<meta property=\"og:locale\" content=\"en_US\" \/>\n<meta property=\"og:type\" content=\"article\" \/>\n<meta property=\"og:title\" content=\"Fosilin\u0117s spalvos Baltijos gintaro rutuliuk\u0173 apyrank\u0117 10 mm\" \/>\n<meta property=\"og:description\" content=\"Fosilin\u0117s spalvos Baltijos gintaro rutuliuk\u0173 apyrank\u0117, Fossil amber beads stretch bracelet, natural amber,gintaras su fosilijomis, Jai gintara\" \/>\n<meta property=\"og:url\" content=\"https:\/\/amberwithsilver.com\/en\/product\/fosilines-spalvos-baltijos-gintaro-rutuliuku-apyranke\/\" \/>\n<meta property=\"og:site_name\" content=\"AmberWithSilver\" \/>\n<meta property=\"article:modified_time\" content=\"2024-09-06T06:01:32+00:00\" \/>\n<meta property=\"og:image\" content=\"https:\/\/amberwithsilver.com\/wp-content\/uploads\/2022\/03\/img_4162-scaled.jpeg\" \/>\n\t<meta property=\"og:image:width\" content=\"2560\" \/>\n\t<meta property=\"og:image:height\" content=\"2495\" \/>\n\t<meta property=\"og:image:type\" content=\"image\/jpeg\" \/>\n<meta name=\"twitter:card\" content=\"summary_large_image\" \/>\n<meta name=\"twitter:label1\" content=\"Est. reading time\" \/>\n\t<meta name=\"twitter:data1\" content=\"1 minute\" \/>\n<script type=\"application\/ld+json\" class=\"yoast-schema-graph\">{\"@context\":\"https:\/\/schema.org\",\"@graph\":[{\"@type\":\"WebPage\",\"@id\":\"https:\/\/amberwithsilver.com\/product\/fosilines-spalvos-baltijos-gintaro-rutuliuku-apyranke\/\",\"url\":\"https:\/\/amberwithsilver.com\/product\/fosilines-spalvos-baltijos-gintaro-rutuliuku-apyranke\/\",\"name\":\"Fosilin\u0117s spalvos Baltijos gintaro rutuliuk\u0173 apyrank\u0117 10 mm - AmberWithSilver\",\"isPartOf\":{\"@id\":\"https:\/\/amberwithsilver.com\/en\/#website\"},\"primaryImageOfPage\":{\"@id\":\"https:\/\/amberwithsilver.com\/product\/fosilines-spalvos-baltijos-gintaro-rutuliuku-apyranke\/#primaryimage\"},\"image\":{\"@id\":\"https:\/\/amberwithsilver.com\/product\/fosilines-spalvos-baltijos-gintaro-rutuliuku-apyranke\/#primaryimage\"},\"thumbnailUrl\":\"https:\/\/amberwithsilver.com\/wp-content\/uploads\/2022\/03\/img_4162-scaled.jpeg\",\"datePublished\":\"2022-03-03T14:08:49+00:00\",\"dateModified\":\"2024-09-06T06:01:32+00:00\",\"description\":\"Fosilin\u0117s spalvos Baltijos gintaro rutuliuk\u0173 apyrank\u0117, Fossil amber beads stretch bracelet, natural amber,gintaras su fosilijomis, Jai gintara\",\"breadcrumb\":{\"@id\":\"https:\/\/amberwithsilver.com\/product\/fosilines-spalvos-baltijos-gintaro-rutuliuku-apyranke\/#breadcrumb\"},\"inLanguage\":\"en-US\",\"potentialAction\":[{\"@type\":\"ReadAction\",\"target\":[\"https:\/\/amberwithsilver.com\/product\/fosilines-spalvos-baltijos-gintaro-rutuliuku-apyranke\/\"]}]},{\"@type\":\"ImageObject\",\"inLanguage\":\"en-US\",\"@id\":\"https:\/\/amberwithsilver.com\/product\/fosilines-spalvos-baltijos-gintaro-rutuliuku-apyranke\/#primaryimage\",\"url\":\"https:\/\/amberwithsilver.com\/wp-content\/uploads\/2022\/03\/img_4162-scaled.jpeg\",\"contentUrl\":\"https:\/\/amberwithsilver.com\/wp-content\/uploads\/2022\/03\/img_4162-scaled.jpeg\",\"width\":2560,\"height\":2495,\"caption\":\"Fosilin\u0117s spalvos Baltijos gintaro rutuliuk\u0173 apyrank\u0117, Fossil amber beads stretch bracelet\"},{\"@type\":\"BreadcrumbList\",\"@id\":\"https:\/\/amberwithsilver.com\/product\/fosilines-spalvos-baltijos-gintaro-rutuliuku-apyranke\/#breadcrumb\",\"itemListElement\":[{\"@type\":\"ListItem\",\"position\":1,\"name\":\"Home\",\"item\":\"https:\/\/amberwithsilver.com\/\"},{\"@type\":\"ListItem\",\"position\":2,\"name\":\"Parduotuv\u0117\",\"item\":\"https:\/\/amberwithsilver.com\/en\/parduotuve\/\"},{\"@type\":\"ListItem\",\"position\":3,\"name\":\"Fosilin\u0117s spalvos Baltijos gintaro rutuliuk\u0173 apyrank\u0117 10 mm\"}]},{\"@type\":\"WebSite\",\"@id\":\"https:\/\/amberwithsilver.com\/en\/#website\",\"url\":\"https:\/\/amberwithsilver.com\/en\/\",\"name\":\"AmberWithSilver\",\"description\":\"Amber-Silver\",\"publisher\":{\"@id\":\"https:\/\/amberwithsilver.com\/en\/#organization\"},\"potentialAction\":[{\"@type\":\"SearchAction\",\"target\":{\"@type\":\"EntryPoint\",\"urlTemplate\":\"https:\/\/amberwithsilver.com\/en\/?s={search_term_string}\"},\"query-input\":{\"@type\":\"PropertyValueSpecification\",\"valueRequired\":true,\"valueName\":\"search_term_string\"}}],\"inLanguage\":\"en-US\"},{\"@type\":\"Organization\",\"@id\":\"https:\/\/amberwithsilver.com\/en\/#organization\",\"name\":\"amberwithsilver\",\"url\":\"https:\/\/amberwithsilver.com\/en\/\",\"logo\":{\"@type\":\"ImageObject\",\"inLanguage\":\"en-US\",\"@id\":\"https:\/\/amberwithsilver.com\/en\/#\/schema\/logo\/image\/\",\"url\":\"https:\/\/i0.wp.com\/amberwithsilver.com\/wp-content\/uploads\/2020\/12\/logo.jpg?fit=232%2C116&ssl=1\",\"contentUrl\":\"https:\/\/i0.wp.com\/amberwithsilver.com\/wp-content\/uploads\/2020\/12\/logo.jpg?fit=232%2C116&ssl=1\",\"width\":232,\"height\":116,\"caption\":\"amberwithsilver\"},\"image\":{\"@id\":\"https:\/\/amberwithsilver.com\/en\/#\/schema\/logo\/image\/\"}}]}<\/script>\n<!-- \/ Yoast SEO Premium plugin. -->","yoast_head_json":{"title":"Fosilin\u0117s spalvos Baltijos gintaro rutuliuk\u0173 apyrank\u0117 10 mm - AmberWithSilver","description":"Fosilin\u0117s spalvos Baltijos gintaro rutuliuk\u0173 apyrank\u0117, Fossil amber beads stretch bracelet, natural amber,gintaras su fosilijomis, Jai gintara","robots":{"index":"index","follow":"follow","max-snippet":"max-snippet:-1","max-image-preview":"max-image-preview:large","max-video-preview":"max-video-preview:-1"},"canonical":"https:\/\/amberwithsilver.com\/en\/product\/fosilines-spalvos-baltijos-gintaro-rutuliuku-apyranke\/","og_locale":"en_US","og_type":"article","og_title":"Fosilin\u0117s spalvos Baltijos gintaro rutuliuk\u0173 apyrank\u0117 10 mm","og_description":"Fosilin\u0117s spalvos Baltijos gintaro rutuliuk\u0173 apyrank\u0117, Fossil amber beads stretch bracelet, natural amber,gintaras su fosilijomis, Jai gintara","og_url":"https:\/\/amberwithsilver.com\/en\/product\/fosilines-spalvos-baltijos-gintaro-rutuliuku-apyranke\/","og_site_name":"AmberWithSilver","article_modified_time":"2024-09-06T06:01:32+00:00","og_image":[{"width":2560,"height":2495,"url":"https:\/\/amberwithsilver.com\/wp-content\/uploads\/2022\/03\/img_4162-scaled.jpeg","type":"image\/jpeg"}],"twitter_card":"summary_large_image","twitter_misc":{"Est. reading time":"1 minute"},"schema":{"@context":"https:\/\/schema.org","@graph":[{"@type":"WebPage","@id":"https:\/\/amberwithsilver.com\/product\/fosilines-spalvos-baltijos-gintaro-rutuliuku-apyranke\/","url":"https:\/\/amberwithsilver.com\/product\/fosilines-spalvos-baltijos-gintaro-rutuliuku-apyranke\/","name":"Fosilin\u0117s spalvos Baltijos gintaro rutuliuk\u0173 apyrank\u0117 10 mm - AmberWithSilver","isPartOf":{"@id":"https:\/\/amberwithsilver.com\/en\/#website"},"primaryImageOfPage":{"@id":"https:\/\/amberwithsilver.com\/product\/fosilines-spalvos-baltijos-gintaro-rutuliuku-apyranke\/#primaryimage"},"image":{"@id":"https:\/\/amberwithsilver.com\/product\/fosilines-spalvos-baltijos-gintaro-rutuliuku-apyranke\/#primaryimage"},"thumbnailUrl":"https:\/\/amberwithsilver.com\/wp-content\/uploads\/2022\/03\/img_4162-scaled.jpeg","datePublished":"2022-03-03T14:08:49+00:00","dateModified":"2024-09-06T06:01:32+00:00","description":"Fosilin\u0117s spalvos Baltijos gintaro rutuliuk\u0173 apyrank\u0117, Fossil amber beads stretch bracelet, natural amber,gintaras su fosilijomis, Jai gintara","breadcrumb":{"@id":"https:\/\/amberwithsilver.com\/product\/fosilines-spalvos-baltijos-gintaro-rutuliuku-apyranke\/#breadcrumb"},"inLanguage":"en-US","potentialAction":[{"@type":"ReadAction","target":["https:\/\/amberwithsilver.com\/product\/fosilines-spalvos-baltijos-gintaro-rutuliuku-apyranke\/"]}]},{"@type":"ImageObject","inLanguage":"en-US","@id":"https:\/\/amberwithsilver.com\/product\/fosilines-spalvos-baltijos-gintaro-rutuliuku-apyranke\/#primaryimage","url":"https:\/\/amberwithsilver.com\/wp-content\/uploads\/2022\/03\/img_4162-scaled.jpeg","contentUrl":"https:\/\/amberwithsilver.com\/wp-content\/uploads\/2022\/03\/img_4162-scaled.jpeg","width":2560,"height":2495,"caption":"Fosilin\u0117s spalvos Baltijos gintaro rutuliuk\u0173 apyrank\u0117, Fossil amber beads stretch bracelet"},{"@type":"BreadcrumbList","@id":"https:\/\/amberwithsilver.com\/product\/fosilines-spalvos-baltijos-gintaro-rutuliuku-apyranke\/#breadcrumb","itemListElement":[{"@type":"ListItem","position":1,"name":"Home","item":"https:\/\/amberwithsilver.com\/"},{"@type":"ListItem","position":2,"name":"Parduotuv\u0117","item":"https:\/\/amberwithsilver.com\/en\/parduotuve\/"},{"@type":"ListItem","position":3,"name":"Fosilin\u0117s spalvos Baltijos gintaro rutuliuk\u0173 apyrank\u0117 10 mm"}]},{"@type":"WebSite","@id":"https:\/\/amberwithsilver.com\/en\/#website","url":"https:\/\/amberwithsilver.com\/en\/","name":"AmberWithSilver","description":"Amber-Silver","publisher":{"@id":"https:\/\/amberwithsilver.com\/en\/#organization"},"potentialAction":[{"@type":"SearchAction","target":{"@type":"EntryPoint","urlTemplate":"https:\/\/amberwithsilver.com\/en\/?s={search_term_string}"},"query-input":{"@type":"PropertyValueSpecification","valueRequired":true,"valueName":"search_term_string"}}],"inLanguage":"en-US"},{"@type":"Organization","@id":"https:\/\/amberwithsilver.com\/en\/#organization","name":"amberwithsilver","url":"https:\/\/amberwithsilver.com\/en\/","logo":{"@type":"ImageObject","inLanguage":"en-US","@id":"https:\/\/amberwithsilver.com\/en\/#\/schema\/logo\/image\/","url":"https:\/\/i0.wp.com\/amberwithsilver.com\/wp-content\/uploads\/2020\/12\/logo.jpg?fit=232%2C116&ssl=1","contentUrl":"https:\/\/i0.wp.com\/amberwithsilver.com\/wp-content\/uploads\/2020\/12\/logo.jpg?fit=232%2C116&ssl=1","width":232,"height":116,"caption":"amberwithsilver"},"image":{"@id":"https:\/\/amberwithsilver.com\/en\/#\/schema\/logo\/image\/"}}]}},"jetpack_sharing_enabled":true,"_links":{"self":[{"href":"https:\/\/amberwithsilver.com\/en\/wp-json\/wp\/v2\/product\/2294","targetHints":{"allow":["GET"]}}],"collection":[{"href":"https:\/\/amberwithsilver.com\/en\/wp-json\/wp\/v2\/product"}],"about":[{"href":"https:\/\/amberwithsilver.com\/en\/wp-json\/wp\/v2\/types\/product"}],"replies":[{"embeddable":true,"href":"https:\/\/amberwithsilver.com\/en\/wp-json\/wp\/v2\/comments?post=2294"}],"version-history":[{"count":0,"href":"https:\/\/amberwithsilver.com\/en\/wp-json\/wp\/v2\/product\/2294\/revisions"}],"wp:featuredmedia":[{"embeddable":true,"href":"https:\/\/amberwithsilver.com\/en\/wp-json\/wp\/v2\/media\/2297"}],"wp:attachment":[{"href":"https:\/\/amberwithsilver.com\/en\/wp-json\/wp\/v2\/media?parent=2294"}],"wp:term":[{"taxonomy":"product_brand","embeddable":true,"href":"https:\/\/amberwithsilver.com\/en\/wp-json\/wp\/v2\/product_brand?post=2294"},{"taxonomy":"product_cat","embeddable":true,"href":"https:\/\/amberwithsilver.com\/en\/wp-json\/wp\/v2\/product_cat?post=2294"},{"taxonomy":"product_tag","embeddable":true,"href":"https:\/\/amberwithsilver.com\/en\/wp-json\/wp\/v2\/product_tag?post=2294"}],"curies":[{"name":"wp","href":"https:\/\/api.w.org\/{rel}","templated":true}]}}