{"id":230,"date":"2020-12-16T18:41:59","date_gmt":"2020-12-16T16:41:59","guid":{"rendered":"http:\/\/amberwithsilver.com\/?post_type=product&#038;p=230"},"modified":"2025-05-14T17:45:59","modified_gmt":"2025-05-14T15:45:59","slug":"apvalus-zalio-gintaro-karoliai-11mm","status":"publish","type":"product","link":"https:\/\/amberwithsilver.com\/en\/product\/apvalus-zalio-gintaro-karoliai-11mm\/","title":{"rendered":"Round green amber necklace 11mm"},"content":{"rendered":"<p>Apval\u016bs \u017ealio gintaro karoliai 11 mm. Prabang\u016bs gintaro karoliai pagaminti i\u0161 apvalios formos rutuliuk\u0173. Spalvingi gintaro rutuliukai yra pagaminti i\u0161 nat\u016bralaus auk\u0161tos kokyb\u0117s Baltijos gintaro. Kruop\u0161\u010diai poliruoti ir \u0161velniai suverti Baltijos gintaro karoliukai patogiai priglunda ant odos. Klasikiniai, apvali\u0173 rutuliuk\u0173 karoliai ypatingi savo spalva \u2013 viduje esantys \u017eali bei juodi kristaliukai puikiai dera tarpusavyje ir suteikia ypating\u0105 \u017eaves\u012f. Tarp kiekvienos gintaro detal\u0117s n\u0117ra mazgeli\u0173.<\/p>\n<ul>\n<li><em>Length: ~ 45 cm<\/em><\/li>\n<li><em>The size of amber up to: ~ 11 mm<\/em><\/li>\n<li><em>Colors: lemon, black, green<\/em><\/li>\n<li><em><span class=\"VIiyi\" lang=\"lt\"><span class=\"JLqJ4b ChMk0b\" data-language-for-alternatives=\"lt\" data-language-to-translate-into=\"en\" data-phrase-index=\"0\">Plastic screw clasp<\/span><\/span><\/em><\/li>\n<li><em>Weight: ~ 31,7 grams<\/em><\/li>\n<li style=\"list-style-type: none;\"><\/li>\n<\/ul>","protected":false},"excerpt":{"rendered":"<p>Round green amber necklace 11mm. Luxurious amber necklace made of round shape beads. Colorful amber beads are made of natural high quality Baltic amber.  Carefully polished and softly round Baltic amber beads lay comfortably against the skin. Classic, round beads necklaces are special in their color - the green and black crystals inside perfectly match each other and give a special charm. There is no knot between each amber bead.<\/p>\n<ul>\n<li><em>Length: ~ 45 cm<\/em><\/li>\n<li><em>The size of amber up to: ~ 11 mm<\/em><\/li>\n<li><em>Colors: lemon, black, green<\/em><\/li>\n<li><em><span class=\"VIiyi\" lang=\"lt\"><span class=\"JLqJ4b ChMk0b\" data-language-for-alternatives=\"lt\" data-language-to-translate-into=\"en\" data-phrase-index=\"0\">Plastic screw clasp<\/span><\/span><\/em><\/li>\n<li><em>Weight: ~ 31,7 grams<\/em><\/li>\n<\/ul>\n<p>&nbsp;<\/p>\n<p>*Please note that the color of the product may vary slightly from that shown in the photo, depending on the monitor used by the Buyer and the lighting settings in the photos.<\/p>","protected":false},"featured_media":231,"comment_status":"open","ping_status":"closed","template":"","meta":[],"product_brand":[],"product_cat":[35],"product_tag":[68,69,70,71,381],"class_list":{"0":"post-230","1":"product","2":"type-product","3":"status-publish","4":"has-post-thumbnail","6":"product_cat-gintaro-karoliai","7":"product_tag-karoliai","8":"product_tag-apvalus-rutuliukai","9":"product_tag-zalias-gintaras","10":"product_tag-apvalus-gintaras","11":"product_tag-visi","13":"first","14":"instock","15":"sale","16":"sold-individually","17":"taxable","18":"shipping-taxable","19":"purchasable","20":"product-type-simple"},"yoast_head":"<!-- This site is optimized with the Yoast SEO Premium plugin v23.4 (Yoast SEO v26.8) - https:\/\/yoast.com\/product\/yoast-seo-premium-wordpress\/ -->\n<title>Apval\u016bs \u017ealio gintaro karoliai 11 mm - AmberWithSilver<\/title>\n<meta name=\"description\" content=\"Baltijos gintaro karoliai, apvalaus gintaro karoliai, gintaro karoliai i\u0161 \u0161arat\u0117li\u0173, karoliai i\u0161 \u017eali\u0173 rutuliuk\u0173\" \/>\n<meta name=\"robots\" content=\"index, follow, max-snippet:-1, max-image-preview:large, max-video-preview:-1\" \/>\n<link rel=\"canonical\" href=\"https:\/\/amberwithsilver.com\/en\/product\/apvalus-zalio-gintaro-karoliai-11mm\/\" \/>\n<meta property=\"og:locale\" content=\"en_US\" \/>\n<meta property=\"og:type\" content=\"article\" \/>\n<meta property=\"og:title\" content=\"Apval\u016bs \u017ealio gintaro karoliai 11 mm\" \/>\n<meta property=\"og:description\" content=\"Baltijos gintaro karoliai, apvalaus gintaro karoliai, gintaro karoliai i\u0161 \u0161arat\u0117li\u0173, karoliai i\u0161 \u017eali\u0173 rutuliuk\u0173\" \/>\n<meta property=\"og:url\" content=\"https:\/\/amberwithsilver.com\/en\/product\/apvalus-zalio-gintaro-karoliai-11mm\/\" \/>\n<meta property=\"og:site_name\" content=\"AmberWithSilver\" \/>\n<meta property=\"article:modified_time\" content=\"2025-05-14T15:45:59+00:00\" \/>\n<meta property=\"og:image\" content=\"https:\/\/amberwithsilver.com\/wp-content\/uploads\/2020\/12\/DS_0041-scaled.jpg\" \/>\n\t<meta property=\"og:image:width\" content=\"2560\" \/>\n\t<meta property=\"og:image:height\" content=\"2560\" \/>\n\t<meta property=\"og:image:type\" content=\"image\/jpeg\" \/>\n<meta name=\"twitter:card\" content=\"summary_large_image\" \/>\n<meta name=\"twitter:label1\" content=\"Est. reading time\" \/>\n\t<meta name=\"twitter:data1\" content=\"1 minute\" \/>\n<script type=\"application\/ld+json\" class=\"yoast-schema-graph\">{\"@context\":\"https:\/\/schema.org\",\"@graph\":[{\"@type\":\"WebPage\",\"@id\":\"https:\/\/amberwithsilver.com\/product\/apvalus-zalio-gintaro-karoliai-11mm\/\",\"url\":\"https:\/\/amberwithsilver.com\/product\/apvalus-zalio-gintaro-karoliai-11mm\/\",\"name\":\"Apval\u016bs \u017ealio gintaro karoliai 11 mm - AmberWithSilver\",\"isPartOf\":{\"@id\":\"https:\/\/amberwithsilver.com\/en\/#website\"},\"primaryImageOfPage\":{\"@id\":\"https:\/\/amberwithsilver.com\/product\/apvalus-zalio-gintaro-karoliai-11mm\/#primaryimage\"},\"image\":{\"@id\":\"https:\/\/amberwithsilver.com\/product\/apvalus-zalio-gintaro-karoliai-11mm\/#primaryimage\"},\"thumbnailUrl\":\"https:\/\/amberwithsilver.com\/wp-content\/uploads\/2020\/12\/DS_0041-scaled.jpg\",\"datePublished\":\"2020-12-16T16:41:59+00:00\",\"dateModified\":\"2025-05-14T15:45:59+00:00\",\"description\":\"Baltijos gintaro karoliai, apvalaus gintaro karoliai, gintaro karoliai i\u0161 \u0161arat\u0117li\u0173, karoliai i\u0161 \u017eali\u0173 rutuliuk\u0173\",\"breadcrumb\":{\"@id\":\"https:\/\/amberwithsilver.com\/product\/apvalus-zalio-gintaro-karoliai-11mm\/#breadcrumb\"},\"inLanguage\":\"en-US\",\"potentialAction\":[{\"@type\":\"ReadAction\",\"target\":[\"https:\/\/amberwithsilver.com\/product\/apvalus-zalio-gintaro-karoliai-11mm\/\"]}]},{\"@type\":\"ImageObject\",\"inLanguage\":\"en-US\",\"@id\":\"https:\/\/amberwithsilver.com\/product\/apvalus-zalio-gintaro-karoliai-11mm\/#primaryimage\",\"url\":\"https:\/\/amberwithsilver.com\/wp-content\/uploads\/2020\/12\/DS_0041-scaled.jpg\",\"contentUrl\":\"https:\/\/amberwithsilver.com\/wp-content\/uploads\/2020\/12\/DS_0041-scaled.jpg\",\"width\":2560,\"height\":2560,\"caption\":\"Apval\u016bs, \u017ealio gintaro karoliai 11mm, Round green amber necklace 11mm\"},{\"@type\":\"BreadcrumbList\",\"@id\":\"https:\/\/amberwithsilver.com\/product\/apvalus-zalio-gintaro-karoliai-11mm\/#breadcrumb\",\"itemListElement\":[{\"@type\":\"ListItem\",\"position\":1,\"name\":\"Home\",\"item\":\"https:\/\/amberwithsilver.com\/\"},{\"@type\":\"ListItem\",\"position\":2,\"name\":\"Parduotuv\u0117\",\"item\":\"https:\/\/amberwithsilver.com\/en\/parduotuve\/\"},{\"@type\":\"ListItem\",\"position\":3,\"name\":\"Apval\u016bs \u017ealio gintaro karoliai 11 mm\"}]},{\"@type\":\"WebSite\",\"@id\":\"https:\/\/amberwithsilver.com\/en\/#website\",\"url\":\"https:\/\/amberwithsilver.com\/en\/\",\"name\":\"AmberWithSilver\",\"description\":\"Amber-Silver\",\"publisher\":{\"@id\":\"https:\/\/amberwithsilver.com\/en\/#organization\"},\"potentialAction\":[{\"@type\":\"SearchAction\",\"target\":{\"@type\":\"EntryPoint\",\"urlTemplate\":\"https:\/\/amberwithsilver.com\/en\/?s={search_term_string}\"},\"query-input\":{\"@type\":\"PropertyValueSpecification\",\"valueRequired\":true,\"valueName\":\"search_term_string\"}}],\"inLanguage\":\"en-US\"},{\"@type\":\"Organization\",\"@id\":\"https:\/\/amberwithsilver.com\/en\/#organization\",\"name\":\"amberwithsilver\",\"url\":\"https:\/\/amberwithsilver.com\/en\/\",\"logo\":{\"@type\":\"ImageObject\",\"inLanguage\":\"en-US\",\"@id\":\"https:\/\/amberwithsilver.com\/en\/#\/schema\/logo\/image\/\",\"url\":\"https:\/\/i0.wp.com\/amberwithsilver.com\/wp-content\/uploads\/2020\/12\/logo.jpg?fit=232%2C116&ssl=1\",\"contentUrl\":\"https:\/\/i0.wp.com\/amberwithsilver.com\/wp-content\/uploads\/2020\/12\/logo.jpg?fit=232%2C116&ssl=1\",\"width\":232,\"height\":116,\"caption\":\"amberwithsilver\"},\"image\":{\"@id\":\"https:\/\/amberwithsilver.com\/en\/#\/schema\/logo\/image\/\"}}]}<\/script>\n<!-- \/ Yoast SEO Premium plugin. -->","yoast_head_json":{"title":"Apval\u016bs \u017ealio gintaro karoliai 11 mm - AmberWithSilver","description":"Baltijos gintaro karoliai, apvalaus gintaro karoliai, gintaro karoliai i\u0161 \u0161arat\u0117li\u0173, karoliai i\u0161 \u017eali\u0173 rutuliuk\u0173","robots":{"index":"index","follow":"follow","max-snippet":"max-snippet:-1","max-image-preview":"max-image-preview:large","max-video-preview":"max-video-preview:-1"},"canonical":"https:\/\/amberwithsilver.com\/en\/product\/apvalus-zalio-gintaro-karoliai-11mm\/","og_locale":"en_US","og_type":"article","og_title":"Apval\u016bs \u017ealio gintaro karoliai 11 mm","og_description":"Baltijos gintaro karoliai, apvalaus gintaro karoliai, gintaro karoliai i\u0161 \u0161arat\u0117li\u0173, karoliai i\u0161 \u017eali\u0173 rutuliuk\u0173","og_url":"https:\/\/amberwithsilver.com\/en\/product\/apvalus-zalio-gintaro-karoliai-11mm\/","og_site_name":"AmberWithSilver","article_modified_time":"2025-05-14T15:45:59+00:00","og_image":[{"width":2560,"height":2560,"url":"https:\/\/amberwithsilver.com\/wp-content\/uploads\/2020\/12\/DS_0041-scaled.jpg","type":"image\/jpeg"}],"twitter_card":"summary_large_image","twitter_misc":{"Est. reading time":"1 minute"},"schema":{"@context":"https:\/\/schema.org","@graph":[{"@type":"WebPage","@id":"https:\/\/amberwithsilver.com\/product\/apvalus-zalio-gintaro-karoliai-11mm\/","url":"https:\/\/amberwithsilver.com\/product\/apvalus-zalio-gintaro-karoliai-11mm\/","name":"Apval\u016bs \u017ealio gintaro karoliai 11 mm - AmberWithSilver","isPartOf":{"@id":"https:\/\/amberwithsilver.com\/en\/#website"},"primaryImageOfPage":{"@id":"https:\/\/amberwithsilver.com\/product\/apvalus-zalio-gintaro-karoliai-11mm\/#primaryimage"},"image":{"@id":"https:\/\/amberwithsilver.com\/product\/apvalus-zalio-gintaro-karoliai-11mm\/#primaryimage"},"thumbnailUrl":"https:\/\/amberwithsilver.com\/wp-content\/uploads\/2020\/12\/DS_0041-scaled.jpg","datePublished":"2020-12-16T16:41:59+00:00","dateModified":"2025-05-14T15:45:59+00:00","description":"Baltijos gintaro karoliai, apvalaus gintaro karoliai, gintaro karoliai i\u0161 \u0161arat\u0117li\u0173, karoliai i\u0161 \u017eali\u0173 rutuliuk\u0173","breadcrumb":{"@id":"https:\/\/amberwithsilver.com\/product\/apvalus-zalio-gintaro-karoliai-11mm\/#breadcrumb"},"inLanguage":"en-US","potentialAction":[{"@type":"ReadAction","target":["https:\/\/amberwithsilver.com\/product\/apvalus-zalio-gintaro-karoliai-11mm\/"]}]},{"@type":"ImageObject","inLanguage":"en-US","@id":"https:\/\/amberwithsilver.com\/product\/apvalus-zalio-gintaro-karoliai-11mm\/#primaryimage","url":"https:\/\/amberwithsilver.com\/wp-content\/uploads\/2020\/12\/DS_0041-scaled.jpg","contentUrl":"https:\/\/amberwithsilver.com\/wp-content\/uploads\/2020\/12\/DS_0041-scaled.jpg","width":2560,"height":2560,"caption":"Apval\u016bs, \u017ealio gintaro karoliai 11mm, Round green amber necklace 11mm"},{"@type":"BreadcrumbList","@id":"https:\/\/amberwithsilver.com\/product\/apvalus-zalio-gintaro-karoliai-11mm\/#breadcrumb","itemListElement":[{"@type":"ListItem","position":1,"name":"Home","item":"https:\/\/amberwithsilver.com\/"},{"@type":"ListItem","position":2,"name":"Parduotuv\u0117","item":"https:\/\/amberwithsilver.com\/en\/parduotuve\/"},{"@type":"ListItem","position":3,"name":"Apval\u016bs \u017ealio gintaro karoliai 11 mm"}]},{"@type":"WebSite","@id":"https:\/\/amberwithsilver.com\/en\/#website","url":"https:\/\/amberwithsilver.com\/en\/","name":"AmberWithSilver","description":"Amber-Silver","publisher":{"@id":"https:\/\/amberwithsilver.com\/en\/#organization"},"potentialAction":[{"@type":"SearchAction","target":{"@type":"EntryPoint","urlTemplate":"https:\/\/amberwithsilver.com\/en\/?s={search_term_string}"},"query-input":{"@type":"PropertyValueSpecification","valueRequired":true,"valueName":"search_term_string"}}],"inLanguage":"en-US"},{"@type":"Organization","@id":"https:\/\/amberwithsilver.com\/en\/#organization","name":"amberwithsilver","url":"https:\/\/amberwithsilver.com\/en\/","logo":{"@type":"ImageObject","inLanguage":"en-US","@id":"https:\/\/amberwithsilver.com\/en\/#\/schema\/logo\/image\/","url":"https:\/\/i0.wp.com\/amberwithsilver.com\/wp-content\/uploads\/2020\/12\/logo.jpg?fit=232%2C116&ssl=1","contentUrl":"https:\/\/i0.wp.com\/amberwithsilver.com\/wp-content\/uploads\/2020\/12\/logo.jpg?fit=232%2C116&ssl=1","width":232,"height":116,"caption":"amberwithsilver"},"image":{"@id":"https:\/\/amberwithsilver.com\/en\/#\/schema\/logo\/image\/"}}]}},"jetpack_sharing_enabled":true,"_links":{"self":[{"href":"https:\/\/amberwithsilver.com\/en\/wp-json\/wp\/v2\/product\/230","targetHints":{"allow":["GET"]}}],"collection":[{"href":"https:\/\/amberwithsilver.com\/en\/wp-json\/wp\/v2\/product"}],"about":[{"href":"https:\/\/amberwithsilver.com\/en\/wp-json\/wp\/v2\/types\/product"}],"replies":[{"embeddable":true,"href":"https:\/\/amberwithsilver.com\/en\/wp-json\/wp\/v2\/comments?post=230"}],"version-history":[{"count":0,"href":"https:\/\/amberwithsilver.com\/en\/wp-json\/wp\/v2\/product\/230\/revisions"}],"wp:featuredmedia":[{"embeddable":true,"href":"https:\/\/amberwithsilver.com\/en\/wp-json\/wp\/v2\/media\/231"}],"wp:attachment":[{"href":"https:\/\/amberwithsilver.com\/en\/wp-json\/wp\/v2\/media?parent=230"}],"wp:term":[{"taxonomy":"product_brand","embeddable":true,"href":"https:\/\/amberwithsilver.com\/en\/wp-json\/wp\/v2\/product_brand?post=230"},{"taxonomy":"product_cat","embeddable":true,"href":"https:\/\/amberwithsilver.com\/en\/wp-json\/wp\/v2\/product_cat?post=230"},{"taxonomy":"product_tag","embeddable":true,"href":"https:\/\/amberwithsilver.com\/en\/wp-json\/wp\/v2\/product_tag?post=230"}],"curies":[{"name":"wp","href":"https:\/\/api.w.org\/{rel}","templated":true}]}}