{"id":2316,"date":"2022-03-08T15:32:37","date_gmt":"2022-03-08T13:32:37","guid":{"rendered":"http:\/\/amberwithsilver.com\/?post_type=product&#038;p=2316"},"modified":"2025-09-30T14:27:25","modified_gmt":"2025-09-30T12:27:25","slug":"neapdirbta-balto-gintaro-apyranke","status":"publish","type":"product","link":"https:\/\/amberwithsilver.com\/en\/product\/neapdirbta-balto-gintaro-apyranke\/","title":{"rendered":"Raw white amber bracelet"},"content":{"rendered":"<p>Untreated white amber bracelet. Amber jewelry with natural bark is especially used for therapeutic, healing purposes. Wearing a bracelet on the wrist can relieve joint inflammation.<\/p>\n<ul>\n<li>Natural Baltic amber<\/li>\n<li>Unpolished freeform details<\/li>\n<li>Elastic rubber<\/li>\n<li>Weight: ~50.3 gr.<\/li>\n<\/ul>\n<p>*Please note that the color of the product may vary slightly from that shown in the photo, depending on the monitor used by the Buyer and the lighting settings in the photos.<\/p>","protected":false},"excerpt":{"rendered":"<p>Untreated white amber bracelet. Amber jewelry with natural bark is especially used for therapeutic, healing purposes. Wearing a bracelet on the wrist can relieve joint inflammation.<\/p>\n<ul>\n<li>Natural Baltic amber<\/li>\n<li>Unpolished freeform details<\/li>\n<li>Elastic rubber<\/li>\n<li>Weight: ~50.3 gr.<\/li>\n<\/ul>\n<p>*Please note that the color of the product may vary slightly from that shown in the photo, depending on the monitor used by the Buyer and the lighting settings in the photos.<\/p>","protected":false},"featured_media":2320,"comment_status":"open","ping_status":"closed","template":"","meta":[],"product_brand":[],"product_cat":[18,61,58],"product_tag":[736,737,738,739,740],"class_list":{"0":"post-2316","1":"product","2":"type-product","3":"status-publish","4":"has-post-thumbnail","6":"product_cat-gintaro-apyrankes","7":"product_cat-balto-gintaro-kolekcija","8":"product_cat-kolekcijos","9":"product_tag-neapdirbta-balto-gintaro-apyranke","10":"product_tag-gintaro-apyranke-su-zieve","11":"product_tag-amber-bracelet-with-natural-cortex","12":"product_tag-raw-white-amber-bracelet","13":"product_tag-amber-with-cortex","15":"first","16":"instock","17":"taxable","18":"shipping-taxable","19":"purchasable","20":"product-type-simple"},"yoast_head":"<!-- This site is optimized with the Yoast SEO Premium plugin v23.4 (Yoast SEO v26.8) - https:\/\/yoast.com\/product\/yoast-seo-premium-wordpress\/ -->\n<title>Neapdirbta balto gintaro apyrank\u0117 - AmberWithSilver<\/title>\n<meta name=\"description\" content=\"Neapdirbta balto gintaro apyrank\u0117, gintaro apyrank\u0117 su \u017eieve,amber bracelet with natural cortex,Raw white amber bracelet,amber with cortex\" \/>\n<meta name=\"robots\" content=\"index, follow, max-snippet:-1, max-image-preview:large, max-video-preview:-1\" \/>\n<link rel=\"canonical\" href=\"https:\/\/amberwithsilver.com\/en\/product\/neapdirbta-balto-gintaro-apyranke\/\" \/>\n<meta property=\"og:locale\" content=\"en_US\" \/>\n<meta property=\"og:type\" content=\"article\" \/>\n<meta property=\"og:title\" content=\"Neapdirbta balto gintaro apyrank\u0117\" \/>\n<meta property=\"og:description\" content=\"Neapdirbta balto gintaro apyrank\u0117, gintaro apyrank\u0117 su \u017eieve,amber bracelet with natural cortex,Raw white amber bracelet,amber with cortex\" \/>\n<meta property=\"og:url\" content=\"https:\/\/amberwithsilver.com\/en\/product\/neapdirbta-balto-gintaro-apyranke\/\" \/>\n<meta property=\"og:site_name\" content=\"AmberWithSilver\" \/>\n<meta property=\"article:modified_time\" content=\"2025-09-30T12:27:25+00:00\" \/>\n<meta property=\"og:image\" content=\"https:\/\/amberwithsilver.com\/wp-content\/uploads\/2022\/03\/deefa49a-9f50-4475-8c85-ace6bbe0d84b.jpeg\" \/>\n\t<meta property=\"og:image:width\" content=\"1440\" \/>\n\t<meta property=\"og:image:height\" content=\"1791\" \/>\n\t<meta property=\"og:image:type\" content=\"image\/jpeg\" \/>\n<meta name=\"twitter:card\" content=\"summary_large_image\" \/>\n<meta name=\"twitter:label1\" content=\"Est. reading time\" \/>\n\t<meta name=\"twitter:data1\" content=\"1 minute\" \/>\n<script type=\"application\/ld+json\" class=\"yoast-schema-graph\">{\"@context\":\"https:\/\/schema.org\",\"@graph\":[{\"@type\":\"WebPage\",\"@id\":\"https:\/\/amberwithsilver.com\/product\/neapdirbta-balto-gintaro-apyranke\/\",\"url\":\"https:\/\/amberwithsilver.com\/product\/neapdirbta-balto-gintaro-apyranke\/\",\"name\":\"Neapdirbta balto gintaro apyrank\u0117 - AmberWithSilver\",\"isPartOf\":{\"@id\":\"https:\/\/amberwithsilver.com\/en\/#website\"},\"primaryImageOfPage\":{\"@id\":\"https:\/\/amberwithsilver.com\/product\/neapdirbta-balto-gintaro-apyranke\/#primaryimage\"},\"image\":{\"@id\":\"https:\/\/amberwithsilver.com\/product\/neapdirbta-balto-gintaro-apyranke\/#primaryimage\"},\"thumbnailUrl\":\"https:\/\/amberwithsilver.com\/wp-content\/uploads\/2022\/03\/deefa49a-9f50-4475-8c85-ace6bbe0d84b.jpeg\",\"datePublished\":\"2022-03-08T13:32:37+00:00\",\"dateModified\":\"2025-09-30T12:27:25+00:00\",\"description\":\"Neapdirbta balto gintaro apyrank\u0117, gintaro apyrank\u0117 su \u017eieve,amber bracelet with natural cortex,Raw white amber bracelet,amber with cortex\",\"breadcrumb\":{\"@id\":\"https:\/\/amberwithsilver.com\/product\/neapdirbta-balto-gintaro-apyranke\/#breadcrumb\"},\"inLanguage\":\"en-US\",\"potentialAction\":[{\"@type\":\"ReadAction\",\"target\":[\"https:\/\/amberwithsilver.com\/product\/neapdirbta-balto-gintaro-apyranke\/\"]}]},{\"@type\":\"ImageObject\",\"inLanguage\":\"en-US\",\"@id\":\"https:\/\/amberwithsilver.com\/product\/neapdirbta-balto-gintaro-apyranke\/#primaryimage\",\"url\":\"https:\/\/amberwithsilver.com\/wp-content\/uploads\/2022\/03\/deefa49a-9f50-4475-8c85-ace6bbe0d84b.jpeg\",\"contentUrl\":\"https:\/\/amberwithsilver.com\/wp-content\/uploads\/2022\/03\/deefa49a-9f50-4475-8c85-ace6bbe0d84b.jpeg\",\"width\":1440,\"height\":1791,\"caption\":\"Neapdirbta balto gintaro apyrank\u0117,Raw white amber bracelet\"},{\"@type\":\"BreadcrumbList\",\"@id\":\"https:\/\/amberwithsilver.com\/product\/neapdirbta-balto-gintaro-apyranke\/#breadcrumb\",\"itemListElement\":[{\"@type\":\"ListItem\",\"position\":1,\"name\":\"Home\",\"item\":\"https:\/\/amberwithsilver.com\/\"},{\"@type\":\"ListItem\",\"position\":2,\"name\":\"Parduotuv\u0117\",\"item\":\"https:\/\/amberwithsilver.com\/en\/parduotuve\/\"},{\"@type\":\"ListItem\",\"position\":3,\"name\":\"Neapdirbta balto gintaro apyrank\u0117\"}]},{\"@type\":\"WebSite\",\"@id\":\"https:\/\/amberwithsilver.com\/en\/#website\",\"url\":\"https:\/\/amberwithsilver.com\/en\/\",\"name\":\"AmberWithSilver\",\"description\":\"Amber-Silver\",\"publisher\":{\"@id\":\"https:\/\/amberwithsilver.com\/en\/#organization\"},\"potentialAction\":[{\"@type\":\"SearchAction\",\"target\":{\"@type\":\"EntryPoint\",\"urlTemplate\":\"https:\/\/amberwithsilver.com\/en\/?s={search_term_string}\"},\"query-input\":{\"@type\":\"PropertyValueSpecification\",\"valueRequired\":true,\"valueName\":\"search_term_string\"}}],\"inLanguage\":\"en-US\"},{\"@type\":\"Organization\",\"@id\":\"https:\/\/amberwithsilver.com\/en\/#organization\",\"name\":\"amberwithsilver\",\"url\":\"https:\/\/amberwithsilver.com\/en\/\",\"logo\":{\"@type\":\"ImageObject\",\"inLanguage\":\"en-US\",\"@id\":\"https:\/\/amberwithsilver.com\/en\/#\/schema\/logo\/image\/\",\"url\":\"https:\/\/i0.wp.com\/amberwithsilver.com\/wp-content\/uploads\/2020\/12\/logo.jpg?fit=232%2C116&ssl=1\",\"contentUrl\":\"https:\/\/i0.wp.com\/amberwithsilver.com\/wp-content\/uploads\/2020\/12\/logo.jpg?fit=232%2C116&ssl=1\",\"width\":232,\"height\":116,\"caption\":\"amberwithsilver\"},\"image\":{\"@id\":\"https:\/\/amberwithsilver.com\/en\/#\/schema\/logo\/image\/\"}}]}<\/script>\n<!-- \/ Yoast SEO Premium plugin. -->","yoast_head_json":{"title":"Neapdirbta balto gintaro apyrank\u0117 - AmberWithSilver","description":"Neapdirbta balto gintaro apyrank\u0117, gintaro apyrank\u0117 su \u017eieve,amber bracelet with natural cortex,Raw white amber bracelet,amber with cortex","robots":{"index":"index","follow":"follow","max-snippet":"max-snippet:-1","max-image-preview":"max-image-preview:large","max-video-preview":"max-video-preview:-1"},"canonical":"https:\/\/amberwithsilver.com\/en\/product\/neapdirbta-balto-gintaro-apyranke\/","og_locale":"en_US","og_type":"article","og_title":"Neapdirbta balto gintaro apyrank\u0117","og_description":"Neapdirbta balto gintaro apyrank\u0117, gintaro apyrank\u0117 su \u017eieve,amber bracelet with natural cortex,Raw white amber bracelet,amber with cortex","og_url":"https:\/\/amberwithsilver.com\/en\/product\/neapdirbta-balto-gintaro-apyranke\/","og_site_name":"AmberWithSilver","article_modified_time":"2025-09-30T12:27:25+00:00","og_image":[{"width":1440,"height":1791,"url":"https:\/\/amberwithsilver.com\/wp-content\/uploads\/2022\/03\/deefa49a-9f50-4475-8c85-ace6bbe0d84b.jpeg","type":"image\/jpeg"}],"twitter_card":"summary_large_image","twitter_misc":{"Est. reading time":"1 minute"},"schema":{"@context":"https:\/\/schema.org","@graph":[{"@type":"WebPage","@id":"https:\/\/amberwithsilver.com\/product\/neapdirbta-balto-gintaro-apyranke\/","url":"https:\/\/amberwithsilver.com\/product\/neapdirbta-balto-gintaro-apyranke\/","name":"Neapdirbta balto gintaro apyrank\u0117 - AmberWithSilver","isPartOf":{"@id":"https:\/\/amberwithsilver.com\/en\/#website"},"primaryImageOfPage":{"@id":"https:\/\/amberwithsilver.com\/product\/neapdirbta-balto-gintaro-apyranke\/#primaryimage"},"image":{"@id":"https:\/\/amberwithsilver.com\/product\/neapdirbta-balto-gintaro-apyranke\/#primaryimage"},"thumbnailUrl":"https:\/\/amberwithsilver.com\/wp-content\/uploads\/2022\/03\/deefa49a-9f50-4475-8c85-ace6bbe0d84b.jpeg","datePublished":"2022-03-08T13:32:37+00:00","dateModified":"2025-09-30T12:27:25+00:00","description":"Neapdirbta balto gintaro apyrank\u0117, gintaro apyrank\u0117 su \u017eieve,amber bracelet with natural cortex,Raw white amber bracelet,amber with cortex","breadcrumb":{"@id":"https:\/\/amberwithsilver.com\/product\/neapdirbta-balto-gintaro-apyranke\/#breadcrumb"},"inLanguage":"en-US","potentialAction":[{"@type":"ReadAction","target":["https:\/\/amberwithsilver.com\/product\/neapdirbta-balto-gintaro-apyranke\/"]}]},{"@type":"ImageObject","inLanguage":"en-US","@id":"https:\/\/amberwithsilver.com\/product\/neapdirbta-balto-gintaro-apyranke\/#primaryimage","url":"https:\/\/amberwithsilver.com\/wp-content\/uploads\/2022\/03\/deefa49a-9f50-4475-8c85-ace6bbe0d84b.jpeg","contentUrl":"https:\/\/amberwithsilver.com\/wp-content\/uploads\/2022\/03\/deefa49a-9f50-4475-8c85-ace6bbe0d84b.jpeg","width":1440,"height":1791,"caption":"Neapdirbta balto gintaro apyrank\u0117,Raw white amber bracelet"},{"@type":"BreadcrumbList","@id":"https:\/\/amberwithsilver.com\/product\/neapdirbta-balto-gintaro-apyranke\/#breadcrumb","itemListElement":[{"@type":"ListItem","position":1,"name":"Home","item":"https:\/\/amberwithsilver.com\/"},{"@type":"ListItem","position":2,"name":"Parduotuv\u0117","item":"https:\/\/amberwithsilver.com\/en\/parduotuve\/"},{"@type":"ListItem","position":3,"name":"Neapdirbta balto gintaro apyrank\u0117"}]},{"@type":"WebSite","@id":"https:\/\/amberwithsilver.com\/en\/#website","url":"https:\/\/amberwithsilver.com\/en\/","name":"AmberWithSilver","description":"Amber-Silver","publisher":{"@id":"https:\/\/amberwithsilver.com\/en\/#organization"},"potentialAction":[{"@type":"SearchAction","target":{"@type":"EntryPoint","urlTemplate":"https:\/\/amberwithsilver.com\/en\/?s={search_term_string}"},"query-input":{"@type":"PropertyValueSpecification","valueRequired":true,"valueName":"search_term_string"}}],"inLanguage":"en-US"},{"@type":"Organization","@id":"https:\/\/amberwithsilver.com\/en\/#organization","name":"amberwithsilver","url":"https:\/\/amberwithsilver.com\/en\/","logo":{"@type":"ImageObject","inLanguage":"en-US","@id":"https:\/\/amberwithsilver.com\/en\/#\/schema\/logo\/image\/","url":"https:\/\/i0.wp.com\/amberwithsilver.com\/wp-content\/uploads\/2020\/12\/logo.jpg?fit=232%2C116&ssl=1","contentUrl":"https:\/\/i0.wp.com\/amberwithsilver.com\/wp-content\/uploads\/2020\/12\/logo.jpg?fit=232%2C116&ssl=1","width":232,"height":116,"caption":"amberwithsilver"},"image":{"@id":"https:\/\/amberwithsilver.com\/en\/#\/schema\/logo\/image\/"}}]}},"jetpack_sharing_enabled":true,"_links":{"self":[{"href":"https:\/\/amberwithsilver.com\/en\/wp-json\/wp\/v2\/product\/2316","targetHints":{"allow":["GET"]}}],"collection":[{"href":"https:\/\/amberwithsilver.com\/en\/wp-json\/wp\/v2\/product"}],"about":[{"href":"https:\/\/amberwithsilver.com\/en\/wp-json\/wp\/v2\/types\/product"}],"replies":[{"embeddable":true,"href":"https:\/\/amberwithsilver.com\/en\/wp-json\/wp\/v2\/comments?post=2316"}],"version-history":[{"count":1,"href":"https:\/\/amberwithsilver.com\/en\/wp-json\/wp\/v2\/product\/2316\/revisions"}],"predecessor-version":[{"id":3782,"href":"https:\/\/amberwithsilver.com\/en\/wp-json\/wp\/v2\/product\/2316\/revisions\/3782"}],"wp:featuredmedia":[{"embeddable":true,"href":"https:\/\/amberwithsilver.com\/en\/wp-json\/wp\/v2\/media\/2320"}],"wp:attachment":[{"href":"https:\/\/amberwithsilver.com\/en\/wp-json\/wp\/v2\/media?parent=2316"}],"wp:term":[{"taxonomy":"product_brand","embeddable":true,"href":"https:\/\/amberwithsilver.com\/en\/wp-json\/wp\/v2\/product_brand?post=2316"},{"taxonomy":"product_cat","embeddable":true,"href":"https:\/\/amberwithsilver.com\/en\/wp-json\/wp\/v2\/product_cat?post=2316"},{"taxonomy":"product_tag","embeddable":true,"href":"https:\/\/amberwithsilver.com\/en\/wp-json\/wp\/v2\/product_tag?post=2316"}],"curies":[{"name":"wp","href":"https:\/\/api.w.org\/{rel}","templated":true}]}}