{"id":2330,"date":"2022-03-11T13:02:57","date_gmt":"2022-03-11T11:02:57","guid":{"rendered":"http:\/\/amberwithsilver.com\/?post_type=product&#038;p=2330"},"modified":"2025-05-29T12:26:53","modified_gmt":"2025-05-29T10:26:53","slug":"naturalus-konjako-spalvos-gintaro-karoliai","status":"publish","type":"product","link":"https:\/\/amberwithsilver.com\/en\/product\/naturalus-konjako-spalvos-gintaro-karoliai\/","title":{"rendered":"Natural cognac color amber necklace"},"content":{"rendered":"<p>Natural cognac color amber necklace. This cognac color necklace gives subtle classical sense. Freeform parts perfectly combine with each other. Also suitable for Gentelman.<\/p>\n<ul>\n<li>Natural Baltic amber<\/li>\n<li>Handmade cognac color amber tablets<\/li>\n<li>Plastic screw clasp<\/li>\n<li>Diameter: The size of amber up to ~ 3x13 mm<\/li>\n<li>Length: ~ 54 cm<\/li>\n<li>Weight: ~ 46 grams<\/li>\n<\/ul>\n<p>*Please note that the color of the product may vary slightly from that shown in the photo, depending on the monitor used by the Buyer and the lighting settings in the photos.<\/p>","protected":false},"excerpt":{"rendered":"<p>Natural cognac color amber necklace. This cognac color necklace gives subtle classical sense. Freeform parts perfectly combine with each other. Also suitable for Gentelman.<\/p>\n<ul>\n<li>Natural Baltic amber<\/li>\n<li>Handmade cognac color amber tablets<\/li>\n<li>Plastic screw clasp<\/li>\n<li>Diameter: The size of amber up to ~ 3x13 mm<\/li>\n<li>Length: ~ 54 cm<\/li>\n<li>Weight: ~ 46 grams<\/li>\n<\/ul>\n<p>*Please note that the color of the product may vary slightly from that shown in the photo, depending on the monitor used by the Buyer and the lighting settings in the photos.<\/p>","protected":false},"featured_media":2332,"comment_status":"open","ping_status":"closed","template":"","meta":[],"product_brand":[],"product_cat":[35],"product_tag":[507,508,744,745,746,747],"class_list":{"0":"post-2330","1":"product","2":"type-product","3":"status-publish","4":"has-post-thumbnail","6":"product_cat-gintaro-karoliai","7":"product_tag-baltijos-gintaras","8":"product_tag-baltic-amber","9":"product_tag-naturalus-konjako-spalvos-gintaro-karoliai","10":"product_tag-natural-cognac-color-amber-necklace","11":"product_tag-gintarinis-kolje","12":"product_tag-amber","14":"first","15":"outofstock","16":"taxable","17":"shipping-taxable","18":"purchasable","19":"product-type-simple"},"yoast_head":"<!-- This site is optimized with the Yoast SEO Premium plugin v23.4 (Yoast SEO v26.8) - https:\/\/yoast.com\/product\/yoast-seo-premium-wordpress\/ -->\n<title>Nat\u016bral\u016bs konjako spalvos gintaro karoliai - AmberWithSilver<\/title>\n<meta name=\"description\" content=\"Nat\u016bral\u016bs konjako spalvos gintaro karoliai,Natural cognac color amber necklace,Baltic amber,Baltijos gintaras,gintarinis kolje,amber\" \/>\n<meta name=\"robots\" content=\"index, follow, max-snippet:-1, max-image-preview:large, max-video-preview:-1\" \/>\n<link rel=\"canonical\" href=\"https:\/\/amberwithsilver.com\/en\/product\/naturalus-konjako-spalvos-gintaro-karoliai\/\" \/>\n<meta property=\"og:locale\" content=\"en_US\" \/>\n<meta property=\"og:type\" content=\"article\" \/>\n<meta property=\"og:title\" content=\"Nat\u016bral\u016bs konjako spalvos gintaro karoliai\" \/>\n<meta property=\"og:description\" content=\"Nat\u016bral\u016bs konjako spalvos gintaro karoliai,Natural cognac color amber necklace,Baltic amber,Baltijos gintaras,gintarinis kolje,amber\" \/>\n<meta property=\"og:url\" content=\"https:\/\/amberwithsilver.com\/en\/product\/naturalus-konjako-spalvos-gintaro-karoliai\/\" \/>\n<meta property=\"og:site_name\" content=\"AmberWithSilver\" \/>\n<meta property=\"article:modified_time\" content=\"2025-05-29T10:26:53+00:00\" \/>\n<meta property=\"og:image\" content=\"https:\/\/amberwithsilver.com\/wp-content\/uploads\/2022\/03\/img_4443.jpeg\" \/>\n\t<meta property=\"og:image:width\" content=\"2187\" \/>\n\t<meta property=\"og:image:height\" content=\"2142\" \/>\n\t<meta property=\"og:image:type\" content=\"image\/jpeg\" \/>\n<meta name=\"twitter:card\" content=\"summary_large_image\" \/>\n<meta name=\"twitter:label1\" content=\"Est. reading time\" \/>\n\t<meta name=\"twitter:data1\" content=\"1 minute\" \/>\n<script type=\"application\/ld+json\" class=\"yoast-schema-graph\">{\"@context\":\"https:\/\/schema.org\",\"@graph\":[{\"@type\":\"WebPage\",\"@id\":\"https:\/\/amberwithsilver.com\/product\/naturalus-konjako-spalvos-gintaro-karoliai\/\",\"url\":\"https:\/\/amberwithsilver.com\/product\/naturalus-konjako-spalvos-gintaro-karoliai\/\",\"name\":\"Nat\u016bral\u016bs konjako spalvos gintaro karoliai - AmberWithSilver\",\"isPartOf\":{\"@id\":\"https:\/\/amberwithsilver.com\/en\/#website\"},\"primaryImageOfPage\":{\"@id\":\"https:\/\/amberwithsilver.com\/product\/naturalus-konjako-spalvos-gintaro-karoliai\/#primaryimage\"},\"image\":{\"@id\":\"https:\/\/amberwithsilver.com\/product\/naturalus-konjako-spalvos-gintaro-karoliai\/#primaryimage\"},\"thumbnailUrl\":\"https:\/\/amberwithsilver.com\/wp-content\/uploads\/2022\/03\/img_4443.jpeg\",\"datePublished\":\"2022-03-11T11:02:57+00:00\",\"dateModified\":\"2025-05-29T10:26:53+00:00\",\"description\":\"Nat\u016bral\u016bs konjako spalvos gintaro karoliai,Natural cognac color amber necklace,Baltic amber,Baltijos gintaras,gintarinis kolje,amber\",\"breadcrumb\":{\"@id\":\"https:\/\/amberwithsilver.com\/product\/naturalus-konjako-spalvos-gintaro-karoliai\/#breadcrumb\"},\"inLanguage\":\"en-US\",\"potentialAction\":[{\"@type\":\"ReadAction\",\"target\":[\"https:\/\/amberwithsilver.com\/product\/naturalus-konjako-spalvos-gintaro-karoliai\/\"]}]},{\"@type\":\"ImageObject\",\"inLanguage\":\"en-US\",\"@id\":\"https:\/\/amberwithsilver.com\/product\/naturalus-konjako-spalvos-gintaro-karoliai\/#primaryimage\",\"url\":\"https:\/\/amberwithsilver.com\/wp-content\/uploads\/2022\/03\/img_4443.jpeg\",\"contentUrl\":\"https:\/\/amberwithsilver.com\/wp-content\/uploads\/2022\/03\/img_4443.jpeg\",\"width\":2187,\"height\":2142,\"caption\":\"Natural cognac color amber necklace, Nat\u016bral\u016bs konjako spalvos gintaro karoliai\"},{\"@type\":\"BreadcrumbList\",\"@id\":\"https:\/\/amberwithsilver.com\/product\/naturalus-konjako-spalvos-gintaro-karoliai\/#breadcrumb\",\"itemListElement\":[{\"@type\":\"ListItem\",\"position\":1,\"name\":\"Home\",\"item\":\"https:\/\/amberwithsilver.com\/\"},{\"@type\":\"ListItem\",\"position\":2,\"name\":\"Parduotuv\u0117\",\"item\":\"https:\/\/amberwithsilver.com\/en\/parduotuve\/\"},{\"@type\":\"ListItem\",\"position\":3,\"name\":\"Nat\u016bral\u016bs konjako spalvos gintaro karoliai\"}]},{\"@type\":\"WebSite\",\"@id\":\"https:\/\/amberwithsilver.com\/en\/#website\",\"url\":\"https:\/\/amberwithsilver.com\/en\/\",\"name\":\"AmberWithSilver\",\"description\":\"Amber-Silver\",\"publisher\":{\"@id\":\"https:\/\/amberwithsilver.com\/en\/#organization\"},\"potentialAction\":[{\"@type\":\"SearchAction\",\"target\":{\"@type\":\"EntryPoint\",\"urlTemplate\":\"https:\/\/amberwithsilver.com\/en\/?s={search_term_string}\"},\"query-input\":{\"@type\":\"PropertyValueSpecification\",\"valueRequired\":true,\"valueName\":\"search_term_string\"}}],\"inLanguage\":\"en-US\"},{\"@type\":\"Organization\",\"@id\":\"https:\/\/amberwithsilver.com\/en\/#organization\",\"name\":\"amberwithsilver\",\"url\":\"https:\/\/amberwithsilver.com\/en\/\",\"logo\":{\"@type\":\"ImageObject\",\"inLanguage\":\"en-US\",\"@id\":\"https:\/\/amberwithsilver.com\/en\/#\/schema\/logo\/image\/\",\"url\":\"https:\/\/i0.wp.com\/amberwithsilver.com\/wp-content\/uploads\/2020\/12\/logo.jpg?fit=232%2C116&ssl=1\",\"contentUrl\":\"https:\/\/i0.wp.com\/amberwithsilver.com\/wp-content\/uploads\/2020\/12\/logo.jpg?fit=232%2C116&ssl=1\",\"width\":232,\"height\":116,\"caption\":\"amberwithsilver\"},\"image\":{\"@id\":\"https:\/\/amberwithsilver.com\/en\/#\/schema\/logo\/image\/\"}}]}<\/script>\n<!-- \/ Yoast SEO Premium plugin. -->","yoast_head_json":{"title":"Nat\u016bral\u016bs konjako spalvos gintaro karoliai - AmberWithSilver","description":"Nat\u016bral\u016bs konjako spalvos gintaro karoliai,Natural cognac color amber necklace,Baltic amber,Baltijos gintaras,gintarinis kolje,amber","robots":{"index":"index","follow":"follow","max-snippet":"max-snippet:-1","max-image-preview":"max-image-preview:large","max-video-preview":"max-video-preview:-1"},"canonical":"https:\/\/amberwithsilver.com\/en\/product\/naturalus-konjako-spalvos-gintaro-karoliai\/","og_locale":"en_US","og_type":"article","og_title":"Nat\u016bral\u016bs konjako spalvos gintaro karoliai","og_description":"Nat\u016bral\u016bs konjako spalvos gintaro karoliai,Natural cognac color amber necklace,Baltic amber,Baltijos gintaras,gintarinis kolje,amber","og_url":"https:\/\/amberwithsilver.com\/en\/product\/naturalus-konjako-spalvos-gintaro-karoliai\/","og_site_name":"AmberWithSilver","article_modified_time":"2025-05-29T10:26:53+00:00","og_image":[{"width":2187,"height":2142,"url":"https:\/\/amberwithsilver.com\/wp-content\/uploads\/2022\/03\/img_4443.jpeg","type":"image\/jpeg"}],"twitter_card":"summary_large_image","twitter_misc":{"Est. reading time":"1 minute"},"schema":{"@context":"https:\/\/schema.org","@graph":[{"@type":"WebPage","@id":"https:\/\/amberwithsilver.com\/product\/naturalus-konjako-spalvos-gintaro-karoliai\/","url":"https:\/\/amberwithsilver.com\/product\/naturalus-konjako-spalvos-gintaro-karoliai\/","name":"Nat\u016bral\u016bs konjako spalvos gintaro karoliai - AmberWithSilver","isPartOf":{"@id":"https:\/\/amberwithsilver.com\/en\/#website"},"primaryImageOfPage":{"@id":"https:\/\/amberwithsilver.com\/product\/naturalus-konjako-spalvos-gintaro-karoliai\/#primaryimage"},"image":{"@id":"https:\/\/amberwithsilver.com\/product\/naturalus-konjako-spalvos-gintaro-karoliai\/#primaryimage"},"thumbnailUrl":"https:\/\/amberwithsilver.com\/wp-content\/uploads\/2022\/03\/img_4443.jpeg","datePublished":"2022-03-11T11:02:57+00:00","dateModified":"2025-05-29T10:26:53+00:00","description":"Nat\u016bral\u016bs konjako spalvos gintaro karoliai,Natural cognac color amber necklace,Baltic amber,Baltijos gintaras,gintarinis kolje,amber","breadcrumb":{"@id":"https:\/\/amberwithsilver.com\/product\/naturalus-konjako-spalvos-gintaro-karoliai\/#breadcrumb"},"inLanguage":"en-US","potentialAction":[{"@type":"ReadAction","target":["https:\/\/amberwithsilver.com\/product\/naturalus-konjako-spalvos-gintaro-karoliai\/"]}]},{"@type":"ImageObject","inLanguage":"en-US","@id":"https:\/\/amberwithsilver.com\/product\/naturalus-konjako-spalvos-gintaro-karoliai\/#primaryimage","url":"https:\/\/amberwithsilver.com\/wp-content\/uploads\/2022\/03\/img_4443.jpeg","contentUrl":"https:\/\/amberwithsilver.com\/wp-content\/uploads\/2022\/03\/img_4443.jpeg","width":2187,"height":2142,"caption":"Natural cognac color amber necklace, Nat\u016bral\u016bs konjako spalvos gintaro karoliai"},{"@type":"BreadcrumbList","@id":"https:\/\/amberwithsilver.com\/product\/naturalus-konjako-spalvos-gintaro-karoliai\/#breadcrumb","itemListElement":[{"@type":"ListItem","position":1,"name":"Home","item":"https:\/\/amberwithsilver.com\/"},{"@type":"ListItem","position":2,"name":"Parduotuv\u0117","item":"https:\/\/amberwithsilver.com\/en\/parduotuve\/"},{"@type":"ListItem","position":3,"name":"Nat\u016bral\u016bs konjako spalvos gintaro karoliai"}]},{"@type":"WebSite","@id":"https:\/\/amberwithsilver.com\/en\/#website","url":"https:\/\/amberwithsilver.com\/en\/","name":"AmberWithSilver","description":"Amber-Silver","publisher":{"@id":"https:\/\/amberwithsilver.com\/en\/#organization"},"potentialAction":[{"@type":"SearchAction","target":{"@type":"EntryPoint","urlTemplate":"https:\/\/amberwithsilver.com\/en\/?s={search_term_string}"},"query-input":{"@type":"PropertyValueSpecification","valueRequired":true,"valueName":"search_term_string"}}],"inLanguage":"en-US"},{"@type":"Organization","@id":"https:\/\/amberwithsilver.com\/en\/#organization","name":"amberwithsilver","url":"https:\/\/amberwithsilver.com\/en\/","logo":{"@type":"ImageObject","inLanguage":"en-US","@id":"https:\/\/amberwithsilver.com\/en\/#\/schema\/logo\/image\/","url":"https:\/\/i0.wp.com\/amberwithsilver.com\/wp-content\/uploads\/2020\/12\/logo.jpg?fit=232%2C116&ssl=1","contentUrl":"https:\/\/i0.wp.com\/amberwithsilver.com\/wp-content\/uploads\/2020\/12\/logo.jpg?fit=232%2C116&ssl=1","width":232,"height":116,"caption":"amberwithsilver"},"image":{"@id":"https:\/\/amberwithsilver.com\/en\/#\/schema\/logo\/image\/"}}]}},"jetpack_sharing_enabled":true,"_links":{"self":[{"href":"https:\/\/amberwithsilver.com\/en\/wp-json\/wp\/v2\/product\/2330","targetHints":{"allow":["GET"]}}],"collection":[{"href":"https:\/\/amberwithsilver.com\/en\/wp-json\/wp\/v2\/product"}],"about":[{"href":"https:\/\/amberwithsilver.com\/en\/wp-json\/wp\/v2\/types\/product"}],"replies":[{"embeddable":true,"href":"https:\/\/amberwithsilver.com\/en\/wp-json\/wp\/v2\/comments?post=2330"}],"version-history":[{"count":2,"href":"https:\/\/amberwithsilver.com\/en\/wp-json\/wp\/v2\/product\/2330\/revisions"}],"predecessor-version":[{"id":3717,"href":"https:\/\/amberwithsilver.com\/en\/wp-json\/wp\/v2\/product\/2330\/revisions\/3717"}],"wp:featuredmedia":[{"embeddable":true,"href":"https:\/\/amberwithsilver.com\/en\/wp-json\/wp\/v2\/media\/2332"}],"wp:attachment":[{"href":"https:\/\/amberwithsilver.com\/en\/wp-json\/wp\/v2\/media?parent=2330"}],"wp:term":[{"taxonomy":"product_brand","embeddable":true,"href":"https:\/\/amberwithsilver.com\/en\/wp-json\/wp\/v2\/product_brand?post=2330"},{"taxonomy":"product_cat","embeddable":true,"href":"https:\/\/amberwithsilver.com\/en\/wp-json\/wp\/v2\/product_cat?post=2330"},{"taxonomy":"product_tag","embeddable":true,"href":"https:\/\/amberwithsilver.com\/en\/wp-json\/wp\/v2\/product_tag?post=2330"}],"curies":[{"name":"wp","href":"https:\/\/api.w.org\/{rel}","templated":true}]}}