{"id":2336,"date":"2022-03-11T17:57:09","date_gmt":"2022-03-11T15:57:09","guid":{"rendered":"http:\/\/amberwithsilver.com\/?post_type=product&#038;p=2336"},"modified":"2022-09-20T10:49:09","modified_gmt":"2022-09-20T08:49:09","slug":"naturalaus-gintaro-rutuliuku-apyranke-10-mm","status":"publish","type":"product","link":"https:\/\/amberwithsilver.com\/en\/product\/naturalaus-gintaro-rutuliuku-apyranke-10-mm\/","title":{"rendered":"Nat\u016bralaus gintaro rutuliuk\u0173 apyrank\u0117 10 mm"},"content":{"rendered":"<p>Nat\u016bralaus gintaro rutuliuk\u0173 apyrank\u0117 10 mm. Nat\u016brali rutuliuk\u0173 apyrank\u0117 yra pagaminta i\u0161 100% apvali\u0173 gintaro rutuliuk\u0173. Unikali spalv\u0173 gama su nat\u016braliais juodais ta\u0161keliais viduje puikiai dera tarpusavyje. \u0160i \u017eavinga spalv\u0173 kompozicija primena, koks vertingas yra Baltijos gintaras.<\/p>\n<ul>\n<li>Natural Baltic amber<\/li>\n<li>Colors: white, yellow, brown, black<\/li>\n<li>Elastic silicon<\/li>\n<li>Bead size: ~ 10 mm<\/li>\n<li>Svoris: ~11,6 gr.<\/li>\n<\/ul>\n<p>*Please note that the color of the product may vary slightly from that shown in the photo, depending on the monitor used by the Buyer and the lighting settings in the photos.<\/p>","protected":false},"excerpt":{"rendered":"<p>Nat\u016bralaus gintaro rutuliuk\u0173 apyrank\u0117 10 mm. Nat\u016brali rutuliuk\u0173 apyrank\u0117 yra pagaminta i\u0161 100% apvali\u0173 gintaro rutuliuk\u0173. Unikali spalv\u0173 gama su nat\u016braliais juodais ta\u0161keliais viduje puikiai dera tarpusavyje. \u0160i \u017eavinga spalv\u0173 kompozicija primena, koks vertingas yra Baltijos gintaras.<\/p>\n<ul>\n<li>Natural Baltic amber<\/li>\n<li>Colors: white, yellow, brown, black<\/li>\n<li>Elastic silicon<\/li>\n<li>Bead size: ~ 10 mm<\/li>\n<li>Svoris: ~11,6 gr.<\/li>\n<\/ul>\n<p>*Please note that the color of the product may vary slightly from that shown in the photo, depending on the monitor used by the Buyer and the lighting settings in the photos.<\/p>","protected":false},"featured_media":2338,"comment_status":"open","ping_status":"closed","template":"","meta":[],"product_brand":[],"product_cat":[59,18,58],"product_tag":[225,507,750,751,773,774],"class_list":{"0":"post-2336","1":"product","2":"type-product","3":"status-publish","4":"has-post-thumbnail","6":"product_cat-gintaro-papuosalai-vyrams","7":"product_cat-gintaro-apyrankes","8":"product_cat-kolekcijos","9":"product_tag-apvalus","10":"product_tag-baltijos-gintaras","11":"product_tag-round-amber-bracelet","12":"product_tag-sarateliu-apyranke-is-gintaro","13":"product_tag-naturalaus-gintaro-rutuliuku-apyranke-10-mm","14":"product_tag-natural-amber-round-beads-stretch-bracelet-10-mm","16":"first","17":"outofstock","18":"taxable","19":"shipping-taxable","20":"purchasable","21":"product-type-simple"},"yoast_head":"<!-- This site is optimized with the Yoast SEO Premium plugin v23.4 (Yoast SEO v26.8) - https:\/\/yoast.com\/product\/yoast-seo-premium-wordpress\/ -->\n<title>Nat\u016bralaus gintaro rutuliuk\u0173 apyrank\u0117 10 mm - AmberWithSilver<\/title>\n<meta name=\"description\" content=\"Nat\u016bralaus gintaro rutuliuk\u0173 apyrank\u0117 10 mm,Natural amber round beads stretch bracelet 10 mm,round amber bracelet,Baltijos gintaras,apvalus\" \/>\n<meta name=\"robots\" content=\"index, follow, max-snippet:-1, max-image-preview:large, max-video-preview:-1\" \/>\n<link rel=\"canonical\" href=\"https:\/\/amberwithsilver.com\/en\/product\/naturalaus-gintaro-rutuliuku-apyranke-10-mm\/\" \/>\n<meta property=\"og:locale\" content=\"en_US\" \/>\n<meta property=\"og:type\" content=\"article\" \/>\n<meta property=\"og:title\" content=\"Nat\u016bralaus gintaro rutuliuk\u0173 apyrank\u0117 10 mm\" \/>\n<meta property=\"og:description\" content=\"Nat\u016bralaus gintaro rutuliuk\u0173 apyrank\u0117 10 mm,Natural amber round beads stretch bracelet 10 mm,round amber bracelet,Baltijos gintaras,apvalus\" \/>\n<meta property=\"og:url\" content=\"https:\/\/amberwithsilver.com\/en\/product\/naturalaus-gintaro-rutuliuku-apyranke-10-mm\/\" \/>\n<meta property=\"og:site_name\" content=\"AmberWithSilver\" \/>\n<meta property=\"article:modified_time\" content=\"2022-09-20T08:49:09+00:00\" \/>\n<meta property=\"og:image\" content=\"https:\/\/amberwithsilver.com\/wp-content\/uploads\/2022\/03\/img_4450.jpeg\" \/>\n\t<meta property=\"og:image:width\" content=\"2065\" \/>\n\t<meta property=\"og:image:height\" content=\"1768\" \/>\n\t<meta property=\"og:image:type\" content=\"image\/jpeg\" \/>\n<meta name=\"twitter:card\" content=\"summary_large_image\" \/>\n<meta name=\"twitter:label1\" content=\"Est. reading time\" \/>\n\t<meta name=\"twitter:data1\" content=\"1 minute\" \/>\n<script type=\"application\/ld+json\" class=\"yoast-schema-graph\">{\"@context\":\"https:\/\/schema.org\",\"@graph\":[{\"@type\":\"WebPage\",\"@id\":\"https:\/\/amberwithsilver.com\/product\/naturalaus-gintaro-rutuliuku-apyranke-10-mm\/\",\"url\":\"https:\/\/amberwithsilver.com\/product\/naturalaus-gintaro-rutuliuku-apyranke-10-mm\/\",\"name\":\"Nat\u016bralaus gintaro rutuliuk\u0173 apyrank\u0117 10 mm - AmberWithSilver\",\"isPartOf\":{\"@id\":\"https:\/\/amberwithsilver.com\/en\/#website\"},\"primaryImageOfPage\":{\"@id\":\"https:\/\/amberwithsilver.com\/product\/naturalaus-gintaro-rutuliuku-apyranke-10-mm\/#primaryimage\"},\"image\":{\"@id\":\"https:\/\/amberwithsilver.com\/product\/naturalaus-gintaro-rutuliuku-apyranke-10-mm\/#primaryimage\"},\"thumbnailUrl\":\"https:\/\/amberwithsilver.com\/wp-content\/uploads\/2022\/03\/img_4450.jpeg\",\"datePublished\":\"2022-03-11T15:57:09+00:00\",\"dateModified\":\"2022-09-20T08:49:09+00:00\",\"description\":\"Nat\u016bralaus gintaro rutuliuk\u0173 apyrank\u0117 10 mm,Natural amber round beads stretch bracelet 10 mm,round amber bracelet,Baltijos gintaras,apvalus\",\"breadcrumb\":{\"@id\":\"https:\/\/amberwithsilver.com\/product\/naturalaus-gintaro-rutuliuku-apyranke-10-mm\/#breadcrumb\"},\"inLanguage\":\"en-US\",\"potentialAction\":[{\"@type\":\"ReadAction\",\"target\":[\"https:\/\/amberwithsilver.com\/product\/naturalaus-gintaro-rutuliuku-apyranke-10-mm\/\"]}]},{\"@type\":\"ImageObject\",\"inLanguage\":\"en-US\",\"@id\":\"https:\/\/amberwithsilver.com\/product\/naturalaus-gintaro-rutuliuku-apyranke-10-mm\/#primaryimage\",\"url\":\"https:\/\/amberwithsilver.com\/wp-content\/uploads\/2022\/03\/img_4450.jpeg\",\"contentUrl\":\"https:\/\/amberwithsilver.com\/wp-content\/uploads\/2022\/03\/img_4450.jpeg\",\"width\":2065,\"height\":1768,\"caption\":\"Nat\u016bralaus gintaro rutuliuk\u0173 apyrank\u0117 10 mm,Natural amber round beads stretch bracelet 10 mm\"},{\"@type\":\"BreadcrumbList\",\"@id\":\"https:\/\/amberwithsilver.com\/product\/naturalaus-gintaro-rutuliuku-apyranke-10-mm\/#breadcrumb\",\"itemListElement\":[{\"@type\":\"ListItem\",\"position\":1,\"name\":\"Home\",\"item\":\"https:\/\/amberwithsilver.com\/\"},{\"@type\":\"ListItem\",\"position\":2,\"name\":\"Parduotuv\u0117\",\"item\":\"https:\/\/amberwithsilver.com\/en\/parduotuve\/\"},{\"@type\":\"ListItem\",\"position\":3,\"name\":\"Nat\u016bralaus gintaro rutuliuk\u0173 apyrank\u0117 10 mm\"}]},{\"@type\":\"WebSite\",\"@id\":\"https:\/\/amberwithsilver.com\/en\/#website\",\"url\":\"https:\/\/amberwithsilver.com\/en\/\",\"name\":\"AmberWithSilver\",\"description\":\"Amber-Silver\",\"publisher\":{\"@id\":\"https:\/\/amberwithsilver.com\/en\/#organization\"},\"potentialAction\":[{\"@type\":\"SearchAction\",\"target\":{\"@type\":\"EntryPoint\",\"urlTemplate\":\"https:\/\/amberwithsilver.com\/en\/?s={search_term_string}\"},\"query-input\":{\"@type\":\"PropertyValueSpecification\",\"valueRequired\":true,\"valueName\":\"search_term_string\"}}],\"inLanguage\":\"en-US\"},{\"@type\":\"Organization\",\"@id\":\"https:\/\/amberwithsilver.com\/en\/#organization\",\"name\":\"amberwithsilver\",\"url\":\"https:\/\/amberwithsilver.com\/en\/\",\"logo\":{\"@type\":\"ImageObject\",\"inLanguage\":\"en-US\",\"@id\":\"https:\/\/amberwithsilver.com\/en\/#\/schema\/logo\/image\/\",\"url\":\"https:\/\/i0.wp.com\/amberwithsilver.com\/wp-content\/uploads\/2020\/12\/logo.jpg?fit=232%2C116&ssl=1\",\"contentUrl\":\"https:\/\/i0.wp.com\/amberwithsilver.com\/wp-content\/uploads\/2020\/12\/logo.jpg?fit=232%2C116&ssl=1\",\"width\":232,\"height\":116,\"caption\":\"amberwithsilver\"},\"image\":{\"@id\":\"https:\/\/amberwithsilver.com\/en\/#\/schema\/logo\/image\/\"}}]}<\/script>\n<!-- \/ Yoast SEO Premium plugin. -->","yoast_head_json":{"title":"Nat\u016bralaus gintaro rutuliuk\u0173 apyrank\u0117 10 mm - AmberWithSilver","description":"Nat\u016bralaus gintaro rutuliuk\u0173 apyrank\u0117 10 mm,Natural amber round beads stretch bracelet 10 mm,round amber bracelet,Baltijos gintaras,apvalus","robots":{"index":"index","follow":"follow","max-snippet":"max-snippet:-1","max-image-preview":"max-image-preview:large","max-video-preview":"max-video-preview:-1"},"canonical":"https:\/\/amberwithsilver.com\/en\/product\/naturalaus-gintaro-rutuliuku-apyranke-10-mm\/","og_locale":"en_US","og_type":"article","og_title":"Nat\u016bralaus gintaro rutuliuk\u0173 apyrank\u0117 10 mm","og_description":"Nat\u016bralaus gintaro rutuliuk\u0173 apyrank\u0117 10 mm,Natural amber round beads stretch bracelet 10 mm,round amber bracelet,Baltijos gintaras,apvalus","og_url":"https:\/\/amberwithsilver.com\/en\/product\/naturalaus-gintaro-rutuliuku-apyranke-10-mm\/","og_site_name":"AmberWithSilver","article_modified_time":"2022-09-20T08:49:09+00:00","og_image":[{"width":2065,"height":1768,"url":"https:\/\/amberwithsilver.com\/wp-content\/uploads\/2022\/03\/img_4450.jpeg","type":"image\/jpeg"}],"twitter_card":"summary_large_image","twitter_misc":{"Est. reading time":"1 minute"},"schema":{"@context":"https:\/\/schema.org","@graph":[{"@type":"WebPage","@id":"https:\/\/amberwithsilver.com\/product\/naturalaus-gintaro-rutuliuku-apyranke-10-mm\/","url":"https:\/\/amberwithsilver.com\/product\/naturalaus-gintaro-rutuliuku-apyranke-10-mm\/","name":"Nat\u016bralaus gintaro rutuliuk\u0173 apyrank\u0117 10 mm - AmberWithSilver","isPartOf":{"@id":"https:\/\/amberwithsilver.com\/en\/#website"},"primaryImageOfPage":{"@id":"https:\/\/amberwithsilver.com\/product\/naturalaus-gintaro-rutuliuku-apyranke-10-mm\/#primaryimage"},"image":{"@id":"https:\/\/amberwithsilver.com\/product\/naturalaus-gintaro-rutuliuku-apyranke-10-mm\/#primaryimage"},"thumbnailUrl":"https:\/\/amberwithsilver.com\/wp-content\/uploads\/2022\/03\/img_4450.jpeg","datePublished":"2022-03-11T15:57:09+00:00","dateModified":"2022-09-20T08:49:09+00:00","description":"Nat\u016bralaus gintaro rutuliuk\u0173 apyrank\u0117 10 mm,Natural amber round beads stretch bracelet 10 mm,round amber bracelet,Baltijos gintaras,apvalus","breadcrumb":{"@id":"https:\/\/amberwithsilver.com\/product\/naturalaus-gintaro-rutuliuku-apyranke-10-mm\/#breadcrumb"},"inLanguage":"en-US","potentialAction":[{"@type":"ReadAction","target":["https:\/\/amberwithsilver.com\/product\/naturalaus-gintaro-rutuliuku-apyranke-10-mm\/"]}]},{"@type":"ImageObject","inLanguage":"en-US","@id":"https:\/\/amberwithsilver.com\/product\/naturalaus-gintaro-rutuliuku-apyranke-10-mm\/#primaryimage","url":"https:\/\/amberwithsilver.com\/wp-content\/uploads\/2022\/03\/img_4450.jpeg","contentUrl":"https:\/\/amberwithsilver.com\/wp-content\/uploads\/2022\/03\/img_4450.jpeg","width":2065,"height":1768,"caption":"Nat\u016bralaus gintaro rutuliuk\u0173 apyrank\u0117 10 mm,Natural amber round beads stretch bracelet 10 mm"},{"@type":"BreadcrumbList","@id":"https:\/\/amberwithsilver.com\/product\/naturalaus-gintaro-rutuliuku-apyranke-10-mm\/#breadcrumb","itemListElement":[{"@type":"ListItem","position":1,"name":"Home","item":"https:\/\/amberwithsilver.com\/"},{"@type":"ListItem","position":2,"name":"Parduotuv\u0117","item":"https:\/\/amberwithsilver.com\/en\/parduotuve\/"},{"@type":"ListItem","position":3,"name":"Nat\u016bralaus gintaro rutuliuk\u0173 apyrank\u0117 10 mm"}]},{"@type":"WebSite","@id":"https:\/\/amberwithsilver.com\/en\/#website","url":"https:\/\/amberwithsilver.com\/en\/","name":"AmberWithSilver","description":"Amber-Silver","publisher":{"@id":"https:\/\/amberwithsilver.com\/en\/#organization"},"potentialAction":[{"@type":"SearchAction","target":{"@type":"EntryPoint","urlTemplate":"https:\/\/amberwithsilver.com\/en\/?s={search_term_string}"},"query-input":{"@type":"PropertyValueSpecification","valueRequired":true,"valueName":"search_term_string"}}],"inLanguage":"en-US"},{"@type":"Organization","@id":"https:\/\/amberwithsilver.com\/en\/#organization","name":"amberwithsilver","url":"https:\/\/amberwithsilver.com\/en\/","logo":{"@type":"ImageObject","inLanguage":"en-US","@id":"https:\/\/amberwithsilver.com\/en\/#\/schema\/logo\/image\/","url":"https:\/\/i0.wp.com\/amberwithsilver.com\/wp-content\/uploads\/2020\/12\/logo.jpg?fit=232%2C116&ssl=1","contentUrl":"https:\/\/i0.wp.com\/amberwithsilver.com\/wp-content\/uploads\/2020\/12\/logo.jpg?fit=232%2C116&ssl=1","width":232,"height":116,"caption":"amberwithsilver"},"image":{"@id":"https:\/\/amberwithsilver.com\/en\/#\/schema\/logo\/image\/"}}]}},"jetpack_sharing_enabled":true,"_links":{"self":[{"href":"https:\/\/amberwithsilver.com\/en\/wp-json\/wp\/v2\/product\/2336","targetHints":{"allow":["GET"]}}],"collection":[{"href":"https:\/\/amberwithsilver.com\/en\/wp-json\/wp\/v2\/product"}],"about":[{"href":"https:\/\/amberwithsilver.com\/en\/wp-json\/wp\/v2\/types\/product"}],"replies":[{"embeddable":true,"href":"https:\/\/amberwithsilver.com\/en\/wp-json\/wp\/v2\/comments?post=2336"}],"version-history":[{"count":0,"href":"https:\/\/amberwithsilver.com\/en\/wp-json\/wp\/v2\/product\/2336\/revisions"}],"wp:featuredmedia":[{"embeddable":true,"href":"https:\/\/amberwithsilver.com\/en\/wp-json\/wp\/v2\/media\/2338"}],"wp:attachment":[{"href":"https:\/\/amberwithsilver.com\/en\/wp-json\/wp\/v2\/media?parent=2336"}],"wp:term":[{"taxonomy":"product_brand","embeddable":true,"href":"https:\/\/amberwithsilver.com\/en\/wp-json\/wp\/v2\/product_brand?post=2336"},{"taxonomy":"product_cat","embeddable":true,"href":"https:\/\/amberwithsilver.com\/en\/wp-json\/wp\/v2\/product_cat?post=2336"},{"taxonomy":"product_tag","embeddable":true,"href":"https:\/\/amberwithsilver.com\/en\/wp-json\/wp\/v2\/product_tag?post=2336"}],"curies":[{"name":"wp","href":"https:\/\/api.w.org\/{rel}","templated":true}]}}