{"id":2348,"date":"2022-05-20T16:21:21","date_gmt":"2022-05-20T14:21:21","guid":{"rendered":"http:\/\/amberwithsilver.com\/?post_type=product&#038;p=2348"},"modified":"2026-01-27T10:29:15","modified_gmt":"2026-01-27T08:29:15","slug":"raudono-siulo-apyranke-su-gintaru","status":"publish","type":"product","link":"https:\/\/amberwithsilver.com\/en\/product\/raudono-siulo-apyranke-su-gintaru\/","title":{"rendered":"Red string bracelet with amber"},"content":{"rendered":"<p>Red thread bracelet with amber. Red thread is a symbol of protection, protecting against misfortune, the evil eye, and unpleasant and unexpected turns of fate.<\/p>\n<ul>\n<li>Natural Baltic amber<\/li>\n<li>Round amber beads ~ 7 mm<\/li>\n<\/ul>\n<p>*Please select the desired amber color:<\/p>","protected":false},"excerpt":{"rendered":"<p>Red thread bracelet with amber. Red thread is a symbol of protection, protecting against misfortune, the evil eye, and unpleasant and unexpected turns of fate.<\/p>\n<ul>\n<li>Natural Baltic amber<\/li>\n<li>Round amber beads ~ 7 mm<\/li>\n<\/ul>\n<p>*Please select the desired amber color:<\/p>","protected":false},"featured_media":2350,"comment_status":"open","ping_status":"closed","template":"","meta":[],"product_brand":[],"product_cat":[18,15],"product_tag":[72,347,753,754,755,756,757,1016,1017,1018],"class_list":{"0":"post-2348","1":"product","2":"type-product","3":"status-publish","4":"has-post-thumbnail","6":"product_cat-gintaro-apyrankes","7":"product_cat-dovanu-kuponai","8":"product_tag-baltijos-gintaro-apyranke","9":"product_tag-baltic-amber-bracelet","10":"product_tag-raudono-siulo-apyranke-su-gintaru","11":"product_tag-red-string-bracelet-with-amber","12":"product_tag-amber-bracelet-with-red-string","13":"product_tag-amber-and-red-string","14":"product_tag-gintaras-su-raudonu-siulu","15":"product_tag-apsaugos-apyranke","16":"product_tag-apyranke-nuo-nuziurejimo","17":"product_tag-security-bracelet","19":"first","20":"instock","21":"taxable","22":"shipping-taxable","23":"purchasable","24":"product-type-variable","25":"has-default-attributes"},"yoast_head":"<!-- This site is optimized with the Yoast SEO Premium plugin v23.4 (Yoast SEO v26.8) - https:\/\/yoast.com\/product\/yoast-seo-premium-wordpress\/ -->\n<title>Raudono si\u016blo apyrank\u0117 su gintaru - AmberWithSilver<\/title>\n<meta name=\"description\" content=\"Raudono si\u016blo apyrank\u0117 su gintaru,amber bracelet with red string,amber and red string,gintaras su raudonu si\u016blu,raudona apyranke,red bracelet\" \/>\n<meta name=\"robots\" content=\"index, follow, max-snippet:-1, max-image-preview:large, max-video-preview:-1\" \/>\n<link rel=\"canonical\" href=\"https:\/\/amberwithsilver.com\/en\/product\/raudono-siulo-apyranke-su-gintaru\/\" \/>\n<meta property=\"og:locale\" content=\"en_US\" \/>\n<meta property=\"og:type\" content=\"article\" \/>\n<meta property=\"og:title\" content=\"Raudono si\u016blo apyrank\u0117 su gintaru\" \/>\n<meta property=\"og:description\" content=\"Raudono si\u016blo apyrank\u0117 su gintaru,amber bracelet with red string,amber and red string,gintaras su raudonu si\u016blu,raudona apyranke,red bracelet\" \/>\n<meta property=\"og:url\" content=\"https:\/\/amberwithsilver.com\/en\/product\/raudono-siulo-apyranke-su-gintaru\/\" \/>\n<meta property=\"og:site_name\" content=\"AmberWithSilver\" \/>\n<meta property=\"article:modified_time\" content=\"2026-01-27T08:29:15+00:00\" \/>\n<meta property=\"og:image\" content=\"https:\/\/amberwithsilver.com\/wp-content\/uploads\/2022\/05\/img_5134-scaled.jpeg\" \/>\n\t<meta property=\"og:image:width\" content=\"2381\" \/>\n\t<meta property=\"og:image:height\" content=\"2560\" \/>\n\t<meta property=\"og:image:type\" content=\"image\/jpeg\" \/>\n<meta name=\"twitter:card\" content=\"summary_large_image\" \/>\n<meta name=\"twitter:label1\" content=\"Est. reading time\" \/>\n\t<meta name=\"twitter:data1\" content=\"1 minute\" \/>\n<script type=\"application\/ld+json\" class=\"yoast-schema-graph\">{\"@context\":\"https:\/\/schema.org\",\"@graph\":[{\"@type\":\"WebPage\",\"@id\":\"https:\/\/amberwithsilver.com\/product\/raudono-siulo-apyranke-su-gintaru\/\",\"url\":\"https:\/\/amberwithsilver.com\/product\/raudono-siulo-apyranke-su-gintaru\/\",\"name\":\"Raudono si\u016blo apyrank\u0117 su gintaru - AmberWithSilver\",\"isPartOf\":{\"@id\":\"https:\/\/amberwithsilver.com\/en\/#website\"},\"primaryImageOfPage\":{\"@id\":\"https:\/\/amberwithsilver.com\/product\/raudono-siulo-apyranke-su-gintaru\/#primaryimage\"},\"image\":{\"@id\":\"https:\/\/amberwithsilver.com\/product\/raudono-siulo-apyranke-su-gintaru\/#primaryimage\"},\"thumbnailUrl\":\"https:\/\/amberwithsilver.com\/wp-content\/uploads\/2022\/05\/img_5134-scaled.jpeg\",\"datePublished\":\"2022-05-20T14:21:21+00:00\",\"dateModified\":\"2026-01-27T08:29:15+00:00\",\"description\":\"Raudono si\u016blo apyrank\u0117 su gintaru,amber bracelet with red string,amber and red string,gintaras su raudonu si\u016blu,raudona apyranke,red bracelet\",\"breadcrumb\":{\"@id\":\"https:\/\/amberwithsilver.com\/product\/raudono-siulo-apyranke-su-gintaru\/#breadcrumb\"},\"inLanguage\":\"en-US\",\"potentialAction\":[{\"@type\":\"ReadAction\",\"target\":[\"https:\/\/amberwithsilver.com\/product\/raudono-siulo-apyranke-su-gintaru\/\"]}]},{\"@type\":\"ImageObject\",\"inLanguage\":\"en-US\",\"@id\":\"https:\/\/amberwithsilver.com\/product\/raudono-siulo-apyranke-su-gintaru\/#primaryimage\",\"url\":\"https:\/\/amberwithsilver.com\/wp-content\/uploads\/2022\/05\/img_5134-scaled.jpeg\",\"contentUrl\":\"https:\/\/amberwithsilver.com\/wp-content\/uploads\/2022\/05\/img_5134-scaled.jpeg\",\"width\":2381,\"height\":2560,\"caption\":\"Raudono si\u016blo apyrank\u0117 su gintaru,Red string bracelet with amber\"},{\"@type\":\"BreadcrumbList\",\"@id\":\"https:\/\/amberwithsilver.com\/product\/raudono-siulo-apyranke-su-gintaru\/#breadcrumb\",\"itemListElement\":[{\"@type\":\"ListItem\",\"position\":1,\"name\":\"Home\",\"item\":\"https:\/\/amberwithsilver.com\/\"},{\"@type\":\"ListItem\",\"position\":2,\"name\":\"Parduotuv\u0117\",\"item\":\"https:\/\/amberwithsilver.com\/en\/parduotuve\/\"},{\"@type\":\"ListItem\",\"position\":3,\"name\":\"Raudono si\u016blo apyrank\u0117 su gintaru\"}]},{\"@type\":\"WebSite\",\"@id\":\"https:\/\/amberwithsilver.com\/en\/#website\",\"url\":\"https:\/\/amberwithsilver.com\/en\/\",\"name\":\"AmberWithSilver\",\"description\":\"Amber-Silver\",\"publisher\":{\"@id\":\"https:\/\/amberwithsilver.com\/en\/#organization\"},\"potentialAction\":[{\"@type\":\"SearchAction\",\"target\":{\"@type\":\"EntryPoint\",\"urlTemplate\":\"https:\/\/amberwithsilver.com\/en\/?s={search_term_string}\"},\"query-input\":{\"@type\":\"PropertyValueSpecification\",\"valueRequired\":true,\"valueName\":\"search_term_string\"}}],\"inLanguage\":\"en-US\"},{\"@type\":\"Organization\",\"@id\":\"https:\/\/amberwithsilver.com\/en\/#organization\",\"name\":\"amberwithsilver\",\"url\":\"https:\/\/amberwithsilver.com\/en\/\",\"logo\":{\"@type\":\"ImageObject\",\"inLanguage\":\"en-US\",\"@id\":\"https:\/\/amberwithsilver.com\/en\/#\/schema\/logo\/image\/\",\"url\":\"https:\/\/i0.wp.com\/amberwithsilver.com\/wp-content\/uploads\/2020\/12\/logo.jpg?fit=232%2C116&ssl=1\",\"contentUrl\":\"https:\/\/i0.wp.com\/amberwithsilver.com\/wp-content\/uploads\/2020\/12\/logo.jpg?fit=232%2C116&ssl=1\",\"width\":232,\"height\":116,\"caption\":\"amberwithsilver\"},\"image\":{\"@id\":\"https:\/\/amberwithsilver.com\/en\/#\/schema\/logo\/image\/\"}}]}<\/script>\n<!-- \/ Yoast SEO Premium plugin. -->","yoast_head_json":{"title":"Raudono si\u016blo apyrank\u0117 su gintaru - AmberWithSilver","description":"Raudono si\u016blo apyrank\u0117 su gintaru,amber bracelet with red string,amber and red string,gintaras su raudonu si\u016blu,raudona apyranke,red bracelet","robots":{"index":"index","follow":"follow","max-snippet":"max-snippet:-1","max-image-preview":"max-image-preview:large","max-video-preview":"max-video-preview:-1"},"canonical":"https:\/\/amberwithsilver.com\/en\/product\/raudono-siulo-apyranke-su-gintaru\/","og_locale":"en_US","og_type":"article","og_title":"Raudono si\u016blo apyrank\u0117 su gintaru","og_description":"Raudono si\u016blo apyrank\u0117 su gintaru,amber bracelet with red string,amber and red string,gintaras su raudonu si\u016blu,raudona apyranke,red bracelet","og_url":"https:\/\/amberwithsilver.com\/en\/product\/raudono-siulo-apyranke-su-gintaru\/","og_site_name":"AmberWithSilver","article_modified_time":"2026-01-27T08:29:15+00:00","og_image":[{"width":2381,"height":2560,"url":"https:\/\/amberwithsilver.com\/wp-content\/uploads\/2022\/05\/img_5134-scaled.jpeg","type":"image\/jpeg"}],"twitter_card":"summary_large_image","twitter_misc":{"Est. reading time":"1 minute"},"schema":{"@context":"https:\/\/schema.org","@graph":[{"@type":"WebPage","@id":"https:\/\/amberwithsilver.com\/product\/raudono-siulo-apyranke-su-gintaru\/","url":"https:\/\/amberwithsilver.com\/product\/raudono-siulo-apyranke-su-gintaru\/","name":"Raudono si\u016blo apyrank\u0117 su gintaru - AmberWithSilver","isPartOf":{"@id":"https:\/\/amberwithsilver.com\/en\/#website"},"primaryImageOfPage":{"@id":"https:\/\/amberwithsilver.com\/product\/raudono-siulo-apyranke-su-gintaru\/#primaryimage"},"image":{"@id":"https:\/\/amberwithsilver.com\/product\/raudono-siulo-apyranke-su-gintaru\/#primaryimage"},"thumbnailUrl":"https:\/\/amberwithsilver.com\/wp-content\/uploads\/2022\/05\/img_5134-scaled.jpeg","datePublished":"2022-05-20T14:21:21+00:00","dateModified":"2026-01-27T08:29:15+00:00","description":"Raudono si\u016blo apyrank\u0117 su gintaru,amber bracelet with red string,amber and red string,gintaras su raudonu si\u016blu,raudona apyranke,red bracelet","breadcrumb":{"@id":"https:\/\/amberwithsilver.com\/product\/raudono-siulo-apyranke-su-gintaru\/#breadcrumb"},"inLanguage":"en-US","potentialAction":[{"@type":"ReadAction","target":["https:\/\/amberwithsilver.com\/product\/raudono-siulo-apyranke-su-gintaru\/"]}]},{"@type":"ImageObject","inLanguage":"en-US","@id":"https:\/\/amberwithsilver.com\/product\/raudono-siulo-apyranke-su-gintaru\/#primaryimage","url":"https:\/\/amberwithsilver.com\/wp-content\/uploads\/2022\/05\/img_5134-scaled.jpeg","contentUrl":"https:\/\/amberwithsilver.com\/wp-content\/uploads\/2022\/05\/img_5134-scaled.jpeg","width":2381,"height":2560,"caption":"Raudono si\u016blo apyrank\u0117 su gintaru,Red string bracelet with amber"},{"@type":"BreadcrumbList","@id":"https:\/\/amberwithsilver.com\/product\/raudono-siulo-apyranke-su-gintaru\/#breadcrumb","itemListElement":[{"@type":"ListItem","position":1,"name":"Home","item":"https:\/\/amberwithsilver.com\/"},{"@type":"ListItem","position":2,"name":"Parduotuv\u0117","item":"https:\/\/amberwithsilver.com\/en\/parduotuve\/"},{"@type":"ListItem","position":3,"name":"Raudono si\u016blo apyrank\u0117 su gintaru"}]},{"@type":"WebSite","@id":"https:\/\/amberwithsilver.com\/en\/#website","url":"https:\/\/amberwithsilver.com\/en\/","name":"AmberWithSilver","description":"Amber-Silver","publisher":{"@id":"https:\/\/amberwithsilver.com\/en\/#organization"},"potentialAction":[{"@type":"SearchAction","target":{"@type":"EntryPoint","urlTemplate":"https:\/\/amberwithsilver.com\/en\/?s={search_term_string}"},"query-input":{"@type":"PropertyValueSpecification","valueRequired":true,"valueName":"search_term_string"}}],"inLanguage":"en-US"},{"@type":"Organization","@id":"https:\/\/amberwithsilver.com\/en\/#organization","name":"amberwithsilver","url":"https:\/\/amberwithsilver.com\/en\/","logo":{"@type":"ImageObject","inLanguage":"en-US","@id":"https:\/\/amberwithsilver.com\/en\/#\/schema\/logo\/image\/","url":"https:\/\/i0.wp.com\/amberwithsilver.com\/wp-content\/uploads\/2020\/12\/logo.jpg?fit=232%2C116&ssl=1","contentUrl":"https:\/\/i0.wp.com\/amberwithsilver.com\/wp-content\/uploads\/2020\/12\/logo.jpg?fit=232%2C116&ssl=1","width":232,"height":116,"caption":"amberwithsilver"},"image":{"@id":"https:\/\/amberwithsilver.com\/en\/#\/schema\/logo\/image\/"}}]}},"jetpack_sharing_enabled":true,"_links":{"self":[{"href":"https:\/\/amberwithsilver.com\/en\/wp-json\/wp\/v2\/product\/2348","targetHints":{"allow":["GET"]}}],"collection":[{"href":"https:\/\/amberwithsilver.com\/en\/wp-json\/wp\/v2\/product"}],"about":[{"href":"https:\/\/amberwithsilver.com\/en\/wp-json\/wp\/v2\/types\/product"}],"replies":[{"embeddable":true,"href":"https:\/\/amberwithsilver.com\/en\/wp-json\/wp\/v2\/comments?post=2348"}],"version-history":[{"count":1,"href":"https:\/\/amberwithsilver.com\/en\/wp-json\/wp\/v2\/product\/2348\/revisions"}],"predecessor-version":[{"id":3739,"href":"https:\/\/amberwithsilver.com\/en\/wp-json\/wp\/v2\/product\/2348\/revisions\/3739"}],"wp:featuredmedia":[{"embeddable":true,"href":"https:\/\/amberwithsilver.com\/en\/wp-json\/wp\/v2\/media\/2350"}],"wp:attachment":[{"href":"https:\/\/amberwithsilver.com\/en\/wp-json\/wp\/v2\/media?parent=2348"}],"wp:term":[{"taxonomy":"product_brand","embeddable":true,"href":"https:\/\/amberwithsilver.com\/en\/wp-json\/wp\/v2\/product_brand?post=2348"},{"taxonomy":"product_cat","embeddable":true,"href":"https:\/\/amberwithsilver.com\/en\/wp-json\/wp\/v2\/product_cat?post=2348"},{"taxonomy":"product_tag","embeddable":true,"href":"https:\/\/amberwithsilver.com\/en\/wp-json\/wp\/v2\/product_tag?post=2348"}],"curies":[{"name":"wp","href":"https:\/\/api.w.org\/{rel}","templated":true}]}}