{"id":2357,"date":"2022-05-26T14:33:46","date_gmt":"2022-05-26T12:33:46","guid":{"rendered":"http:\/\/amberwithsilver.com\/?post_type=product&#038;p=2357"},"modified":"2025-10-13T09:42:52","modified_gmt":"2025-10-13T07:42:52","slug":"vyriska-baltijos-gintaro-apyranke","status":"publish","type":"product","link":"https:\/\/amberwithsilver.com\/en\/product\/vyriska-baltijos-gintaro-apyranke\/","title":{"rendered":"Men's Baltic amber stretch bracelet"},"content":{"rendered":"<p>Men's Baltic amber stretch bracelet.<\/p>\n<div class=\"woocommerce-product-details__short-description\">\n<div class=\"short-description\">\n<ul>\n<li>Rank\u0173 darbo table\u010di\u0173 formos detal\u0117s<\/li>\n<li>Elastic silicon<\/li>\n<li>Beads size: ~11,6\u00d76,0 mm<\/li>\n<li>Weight: ~18,6 grams.<\/li>\n<\/ul>\n<p>*Please note that the color of the product may vary slightly from that shown in the photo, depending on the monitor used by the Buyer and the lighting settings in the photos.<\/p>\n<\/div>\n<\/div>","protected":false},"excerpt":{"rendered":"<p>Men's Baltic amber stretch bracelet.<\/p>\n<div class=\"woocommerce-product-details__short-description\">\n<div class=\"short-description\">\n<ul>\n<li>Rank\u0173 darbo table\u010di\u0173 formos detal\u0117s<\/li>\n<li>Elastic silicon<\/li>\n<li>Beads size: ~11,6\u00d76,0 mm<\/li>\n<li>Weight: ~18,6 grams.<\/li>\n<\/ul>\n<p>*Please note that the color of the product may vary slightly from that shown in the photo, depending on the monitor used by the Buyer and the lighting settings in the photos.<\/p>\n<\/div>\n<\/div>","protected":false},"featured_media":2360,"comment_status":"open","ping_status":"closed","template":"","meta":[],"product_brand":[],"product_cat":[59,18],"product_tag":[72,445,758,760,761,762,763,771],"class_list":{"0":"post-2357","1":"product","2":"type-product","3":"status-publish","4":"has-post-thumbnail","6":"product_cat-gintaro-papuosalai-vyrams","7":"product_cat-gintaro-apyrankes","8":"product_tag-baltijos-gintaro-apyranke","9":"product_tag-amber-bracelet-for-him","10":"product_tag-vyriska-baltijos-gintaro-apyranke","11":"product_tag-gintarine-apyranke-jam","12":"product_tag-apyranke-vyrui","13":"product_tag-baltic-amber-bracelet-for-man","14":"product_tag-amber-bracelet-for-gentelman","15":"product_tag-tableciu-formos-gintarine-apyranke","17":"first","18":"outofstock","19":"taxable","20":"shipping-taxable","21":"purchasable","22":"product-type-simple"},"yoast_head":"<!-- This site is optimized with the Yoast SEO Premium plugin v23.4 (Yoast SEO v26.8) - https:\/\/yoast.com\/product\/yoast-seo-premium-wordpress\/ -->\n<title>Vyri\u0161ka Baltijos gintaro apyrank\u0117 - AmberWithSilver<\/title>\n<meta name=\"description\" content=\"Baltic amber bracelet for man, amber bracelet for Gentelman,amber bracelet for him, gintarine apyranke jam,Baltijos gintaro apyranke\" \/>\n<meta name=\"robots\" content=\"index, follow, max-snippet:-1, max-image-preview:large, max-video-preview:-1\" \/>\n<link rel=\"canonical\" href=\"https:\/\/amberwithsilver.com\/en\/product\/vyriska-baltijos-gintaro-apyranke\/\" \/>\n<meta property=\"og:locale\" content=\"en_US\" \/>\n<meta property=\"og:type\" content=\"article\" \/>\n<meta property=\"og:title\" content=\"Vyri\u0161ka Baltijos gintaro apyrank\u0117\" \/>\n<meta property=\"og:description\" content=\"Baltic amber bracelet for man, amber bracelet for Gentelman,amber bracelet for him, gintarine apyranke jam,Baltijos gintaro apyranke\" \/>\n<meta property=\"og:url\" content=\"https:\/\/amberwithsilver.com\/en\/product\/vyriska-baltijos-gintaro-apyranke\/\" \/>\n<meta property=\"og:site_name\" content=\"AmberWithSilver\" \/>\n<meta property=\"article:modified_time\" content=\"2025-10-13T07:42:52+00:00\" \/>\n<meta property=\"og:image\" content=\"https:\/\/amberwithsilver.com\/wp-content\/uploads\/2022\/05\/img_7377.jpeg\" \/>\n\t<meta property=\"og:image:width\" content=\"2209\" \/>\n\t<meta property=\"og:image:height\" content=\"2102\" \/>\n\t<meta property=\"og:image:type\" content=\"image\/jpeg\" \/>\n<meta name=\"twitter:card\" content=\"summary_large_image\" \/>\n<meta name=\"twitter:label1\" content=\"Est. reading time\" \/>\n\t<meta name=\"twitter:data1\" content=\"1 minute\" \/>\n<script type=\"application\/ld+json\" class=\"yoast-schema-graph\">{\"@context\":\"https:\/\/schema.org\",\"@graph\":[{\"@type\":\"WebPage\",\"@id\":\"https:\/\/amberwithsilver.com\/product\/vyriska-baltijos-gintaro-apyranke\/\",\"url\":\"https:\/\/amberwithsilver.com\/product\/vyriska-baltijos-gintaro-apyranke\/\",\"name\":\"Vyri\u0161ka Baltijos gintaro apyrank\u0117 - AmberWithSilver\",\"isPartOf\":{\"@id\":\"https:\/\/amberwithsilver.com\/en\/#website\"},\"primaryImageOfPage\":{\"@id\":\"https:\/\/amberwithsilver.com\/product\/vyriska-baltijos-gintaro-apyranke\/#primaryimage\"},\"image\":{\"@id\":\"https:\/\/amberwithsilver.com\/product\/vyriska-baltijos-gintaro-apyranke\/#primaryimage\"},\"thumbnailUrl\":\"https:\/\/amberwithsilver.com\/wp-content\/uploads\/2022\/05\/img_7377.jpeg\",\"datePublished\":\"2022-05-26T12:33:46+00:00\",\"dateModified\":\"2025-10-13T07:42:52+00:00\",\"description\":\"Baltic amber bracelet for man, amber bracelet for Gentelman,amber bracelet for him, gintarine apyranke jam,Baltijos gintaro apyranke\",\"breadcrumb\":{\"@id\":\"https:\/\/amberwithsilver.com\/product\/vyriska-baltijos-gintaro-apyranke\/#breadcrumb\"},\"inLanguage\":\"en-US\",\"potentialAction\":[{\"@type\":\"ReadAction\",\"target\":[\"https:\/\/amberwithsilver.com\/product\/vyriska-baltijos-gintaro-apyranke\/\"]}]},{\"@type\":\"ImageObject\",\"inLanguage\":\"en-US\",\"@id\":\"https:\/\/amberwithsilver.com\/product\/vyriska-baltijos-gintaro-apyranke\/#primaryimage\",\"url\":\"https:\/\/amberwithsilver.com\/wp-content\/uploads\/2022\/05\/img_7377.jpeg\",\"contentUrl\":\"https:\/\/amberwithsilver.com\/wp-content\/uploads\/2022\/05\/img_7377.jpeg\",\"width\":2209,\"height\":2102,\"caption\":\"Vyri\u0161ka Baltijos gintaro apyrank\u0117,Baltic amber bracelet for man\"},{\"@type\":\"BreadcrumbList\",\"@id\":\"https:\/\/amberwithsilver.com\/product\/vyriska-baltijos-gintaro-apyranke\/#breadcrumb\",\"itemListElement\":[{\"@type\":\"ListItem\",\"position\":1,\"name\":\"Home\",\"item\":\"https:\/\/amberwithsilver.com\/\"},{\"@type\":\"ListItem\",\"position\":2,\"name\":\"Parduotuv\u0117\",\"item\":\"https:\/\/amberwithsilver.com\/en\/parduotuve\/\"},{\"@type\":\"ListItem\",\"position\":3,\"name\":\"Vyri\u0161ka Baltijos gintaro apyrank\u0117\"}]},{\"@type\":\"WebSite\",\"@id\":\"https:\/\/amberwithsilver.com\/en\/#website\",\"url\":\"https:\/\/amberwithsilver.com\/en\/\",\"name\":\"AmberWithSilver\",\"description\":\"Amber-Silver\",\"publisher\":{\"@id\":\"https:\/\/amberwithsilver.com\/en\/#organization\"},\"potentialAction\":[{\"@type\":\"SearchAction\",\"target\":{\"@type\":\"EntryPoint\",\"urlTemplate\":\"https:\/\/amberwithsilver.com\/en\/?s={search_term_string}\"},\"query-input\":{\"@type\":\"PropertyValueSpecification\",\"valueRequired\":true,\"valueName\":\"search_term_string\"}}],\"inLanguage\":\"en-US\"},{\"@type\":\"Organization\",\"@id\":\"https:\/\/amberwithsilver.com\/en\/#organization\",\"name\":\"amberwithsilver\",\"url\":\"https:\/\/amberwithsilver.com\/en\/\",\"logo\":{\"@type\":\"ImageObject\",\"inLanguage\":\"en-US\",\"@id\":\"https:\/\/amberwithsilver.com\/en\/#\/schema\/logo\/image\/\",\"url\":\"https:\/\/i0.wp.com\/amberwithsilver.com\/wp-content\/uploads\/2020\/12\/logo.jpg?fit=232%2C116&ssl=1\",\"contentUrl\":\"https:\/\/i0.wp.com\/amberwithsilver.com\/wp-content\/uploads\/2020\/12\/logo.jpg?fit=232%2C116&ssl=1\",\"width\":232,\"height\":116,\"caption\":\"amberwithsilver\"},\"image\":{\"@id\":\"https:\/\/amberwithsilver.com\/en\/#\/schema\/logo\/image\/\"}}]}<\/script>\n<!-- \/ Yoast SEO Premium plugin. -->","yoast_head_json":{"title":"Vyri\u0161ka Baltijos gintaro apyrank\u0117 - AmberWithSilver","description":"Baltic amber bracelet for man, amber bracelet for Gentelman,amber bracelet for him, gintarine apyranke jam,Baltijos gintaro apyranke","robots":{"index":"index","follow":"follow","max-snippet":"max-snippet:-1","max-image-preview":"max-image-preview:large","max-video-preview":"max-video-preview:-1"},"canonical":"https:\/\/amberwithsilver.com\/en\/product\/vyriska-baltijos-gintaro-apyranke\/","og_locale":"en_US","og_type":"article","og_title":"Vyri\u0161ka Baltijos gintaro apyrank\u0117","og_description":"Baltic amber bracelet for man, amber bracelet for Gentelman,amber bracelet for him, gintarine apyranke jam,Baltijos gintaro apyranke","og_url":"https:\/\/amberwithsilver.com\/en\/product\/vyriska-baltijos-gintaro-apyranke\/","og_site_name":"AmberWithSilver","article_modified_time":"2025-10-13T07:42:52+00:00","og_image":[{"width":2209,"height":2102,"url":"https:\/\/amberwithsilver.com\/wp-content\/uploads\/2022\/05\/img_7377.jpeg","type":"image\/jpeg"}],"twitter_card":"summary_large_image","twitter_misc":{"Est. reading time":"1 minute"},"schema":{"@context":"https:\/\/schema.org","@graph":[{"@type":"WebPage","@id":"https:\/\/amberwithsilver.com\/product\/vyriska-baltijos-gintaro-apyranke\/","url":"https:\/\/amberwithsilver.com\/product\/vyriska-baltijos-gintaro-apyranke\/","name":"Vyri\u0161ka Baltijos gintaro apyrank\u0117 - AmberWithSilver","isPartOf":{"@id":"https:\/\/amberwithsilver.com\/en\/#website"},"primaryImageOfPage":{"@id":"https:\/\/amberwithsilver.com\/product\/vyriska-baltijos-gintaro-apyranke\/#primaryimage"},"image":{"@id":"https:\/\/amberwithsilver.com\/product\/vyriska-baltijos-gintaro-apyranke\/#primaryimage"},"thumbnailUrl":"https:\/\/amberwithsilver.com\/wp-content\/uploads\/2022\/05\/img_7377.jpeg","datePublished":"2022-05-26T12:33:46+00:00","dateModified":"2025-10-13T07:42:52+00:00","description":"Baltic amber bracelet for man, amber bracelet for Gentelman,amber bracelet for him, gintarine apyranke jam,Baltijos gintaro apyranke","breadcrumb":{"@id":"https:\/\/amberwithsilver.com\/product\/vyriska-baltijos-gintaro-apyranke\/#breadcrumb"},"inLanguage":"en-US","potentialAction":[{"@type":"ReadAction","target":["https:\/\/amberwithsilver.com\/product\/vyriska-baltijos-gintaro-apyranke\/"]}]},{"@type":"ImageObject","inLanguage":"en-US","@id":"https:\/\/amberwithsilver.com\/product\/vyriska-baltijos-gintaro-apyranke\/#primaryimage","url":"https:\/\/amberwithsilver.com\/wp-content\/uploads\/2022\/05\/img_7377.jpeg","contentUrl":"https:\/\/amberwithsilver.com\/wp-content\/uploads\/2022\/05\/img_7377.jpeg","width":2209,"height":2102,"caption":"Vyri\u0161ka Baltijos gintaro apyrank\u0117,Baltic amber bracelet for man"},{"@type":"BreadcrumbList","@id":"https:\/\/amberwithsilver.com\/product\/vyriska-baltijos-gintaro-apyranke\/#breadcrumb","itemListElement":[{"@type":"ListItem","position":1,"name":"Home","item":"https:\/\/amberwithsilver.com\/"},{"@type":"ListItem","position":2,"name":"Parduotuv\u0117","item":"https:\/\/amberwithsilver.com\/en\/parduotuve\/"},{"@type":"ListItem","position":3,"name":"Vyri\u0161ka Baltijos gintaro apyrank\u0117"}]},{"@type":"WebSite","@id":"https:\/\/amberwithsilver.com\/en\/#website","url":"https:\/\/amberwithsilver.com\/en\/","name":"AmberWithSilver","description":"Amber-Silver","publisher":{"@id":"https:\/\/amberwithsilver.com\/en\/#organization"},"potentialAction":[{"@type":"SearchAction","target":{"@type":"EntryPoint","urlTemplate":"https:\/\/amberwithsilver.com\/en\/?s={search_term_string}"},"query-input":{"@type":"PropertyValueSpecification","valueRequired":true,"valueName":"search_term_string"}}],"inLanguage":"en-US"},{"@type":"Organization","@id":"https:\/\/amberwithsilver.com\/en\/#organization","name":"amberwithsilver","url":"https:\/\/amberwithsilver.com\/en\/","logo":{"@type":"ImageObject","inLanguage":"en-US","@id":"https:\/\/amberwithsilver.com\/en\/#\/schema\/logo\/image\/","url":"https:\/\/i0.wp.com\/amberwithsilver.com\/wp-content\/uploads\/2020\/12\/logo.jpg?fit=232%2C116&ssl=1","contentUrl":"https:\/\/i0.wp.com\/amberwithsilver.com\/wp-content\/uploads\/2020\/12\/logo.jpg?fit=232%2C116&ssl=1","width":232,"height":116,"caption":"amberwithsilver"},"image":{"@id":"https:\/\/amberwithsilver.com\/en\/#\/schema\/logo\/image\/"}}]}},"jetpack_sharing_enabled":true,"_links":{"self":[{"href":"https:\/\/amberwithsilver.com\/en\/wp-json\/wp\/v2\/product\/2357","targetHints":{"allow":["GET"]}}],"collection":[{"href":"https:\/\/amberwithsilver.com\/en\/wp-json\/wp\/v2\/product"}],"about":[{"href":"https:\/\/amberwithsilver.com\/en\/wp-json\/wp\/v2\/types\/product"}],"replies":[{"embeddable":true,"href":"https:\/\/amberwithsilver.com\/en\/wp-json\/wp\/v2\/comments?post=2357"}],"version-history":[{"count":1,"href":"https:\/\/amberwithsilver.com\/en\/wp-json\/wp\/v2\/product\/2357\/revisions"}],"predecessor-version":[{"id":3786,"href":"https:\/\/amberwithsilver.com\/en\/wp-json\/wp\/v2\/product\/2357\/revisions\/3786"}],"wp:featuredmedia":[{"embeddable":true,"href":"https:\/\/amberwithsilver.com\/en\/wp-json\/wp\/v2\/media\/2360"}],"wp:attachment":[{"href":"https:\/\/amberwithsilver.com\/en\/wp-json\/wp\/v2\/media?parent=2357"}],"wp:term":[{"taxonomy":"product_brand","embeddable":true,"href":"https:\/\/amberwithsilver.com\/en\/wp-json\/wp\/v2\/product_brand?post=2357"},{"taxonomy":"product_cat","embeddable":true,"href":"https:\/\/amberwithsilver.com\/en\/wp-json\/wp\/v2\/product_cat?post=2357"},{"taxonomy":"product_tag","embeddable":true,"href":"https:\/\/amberwithsilver.com\/en\/wp-json\/wp\/v2\/product_tag?post=2357"}],"curies":[{"name":"wp","href":"https:\/\/api.w.org\/{rel}","templated":true}]}}