{"id":2364,"date":"2022-05-27T10:16:25","date_gmt":"2022-05-27T08:16:25","guid":{"rendered":"http:\/\/amberwithsilver.com\/?post_type=product&#038;p=2364"},"modified":"2023-11-18T13:35:44","modified_gmt":"2023-11-18T11:35:44","slug":"vyriski-baltijos-gintaro-karoliai","status":"publish","type":"product","link":"https:\/\/amberwithsilver.com\/en\/product\/vyriski-baltijos-gintaro-karoliai\/","title":{"rendered":"Men's Baltic amber necklace"},"content":{"rendered":"<p>Men's Baltic amber necklace.<\/p>\n<div class=\"woocommerce-product-details__short-description\">\n<div class=\"short-description\">\n<ul>\n<li>Rank\u0173 darbo table\u010di\u0173 formos detal\u0117s<\/li>\n<li>Plastic screw clasp<\/li>\n<li>Beads size: ~10\u00d712 mm<\/li>\n<li>Length: 53 cm<\/li>\n<li>Weight: ~ 46,6 grams.<\/li>\n<\/ul>\n<p>*Please note that the color of the product may vary slightly from that shown in the photo, depending on the monitor used by the Buyer and the lighting settings in the photos.<\/p>\n<\/div>\n<\/div>","protected":false},"excerpt":{"rendered":"<p>Men's Baltic amber necklace.<\/p>\n<div class=\"woocommerce-product-details__short-description\">\n<div class=\"short-description\">\n<ul>\n<li>Rank\u0173 darbo table\u010di\u0173 formos detal\u0117s<\/li>\n<li>Plastic screw clasp<\/li>\n<li>Beads size: ~10\u00d712 mm<\/li>\n<li>Length: 53 cm<\/li>\n<li>Weight: ~ 46,6 grams.<\/li>\n<\/ul>\n<p>*Please note that the color of the product may vary slightly from that shown in the photo, depending on the monitor used by the Buyer and the lighting settings in the photos.<\/p>\n<\/div>\n<\/div>","protected":false},"featured_media":2369,"comment_status":"open","ping_status":"closed","template":"","meta":[],"product_brand":[],"product_cat":[35,59,58],"product_tag":[678,747,764,765,766,767,768],"class_list":{"0":"post-2364","1":"product","2":"type-product","3":"status-publish","4":"has-post-thumbnail","6":"product_cat-gintaro-karoliai","7":"product_cat-gintaro-papuosalai-vyrams","8":"product_cat-kolekcijos","9":"product_tag-silver-amber","10":"product_tag-amber","11":"product_tag-vyriski-baltijos-gintaro-karoliai","12":"product_tag-mens-baltic-amber-necklace","13":"product_tag-amber-necklace","14":"product_tag-lithuania","15":"product_tag-amber-necklace-for-him","17":"first","18":"outofstock","19":"taxable","20":"shipping-taxable","21":"purchasable","22":"product-type-simple"},"yoast_head":"<!-- This site is optimized with the Yoast SEO Premium plugin v23.4 (Yoast SEO v26.8) - https:\/\/yoast.com\/product\/yoast-seo-premium-wordpress\/ -->\n<title>Vyri\u0161ki Baltijos gintaro karoliai - AmberWithSilver<\/title>\n<meta name=\"description\" content=\"Vyri\u0161ki Baltijos gintaro karoliai,Men&#039;s Baltic amber necklace,Amber necklace,Lithuania,Amber,amber necklace for him, stylish necklace for man\" \/>\n<meta name=\"robots\" content=\"index, follow, max-snippet:-1, max-image-preview:large, max-video-preview:-1\" \/>\n<link rel=\"canonical\" href=\"https:\/\/amberwithsilver.com\/en\/product\/vyriski-baltijos-gintaro-karoliai\/\" \/>\n<meta property=\"og:locale\" content=\"en_US\" \/>\n<meta property=\"og:type\" content=\"article\" \/>\n<meta property=\"og:title\" content=\"Vyri\u0161ki Baltijos gintaro karoliai\" \/>\n<meta property=\"og:description\" content=\"Vyri\u0161ki Baltijos gintaro karoliai,Men&#039;s Baltic amber necklace,Amber necklace,Lithuania,Amber,amber necklace for him, stylish necklace for man\" \/>\n<meta property=\"og:url\" content=\"https:\/\/amberwithsilver.com\/en\/product\/vyriski-baltijos-gintaro-karoliai\/\" \/>\n<meta property=\"og:site_name\" content=\"AmberWithSilver\" \/>\n<meta property=\"article:modified_time\" content=\"2023-11-18T11:35:44+00:00\" \/>\n<meta property=\"og:image\" content=\"https:\/\/amberwithsilver.com\/wp-content\/uploads\/2022\/05\/img_7401-scaled.jpeg\" \/>\n\t<meta property=\"og:image:width\" content=\"2560\" \/>\n\t<meta property=\"og:image:height\" content=\"2485\" \/>\n\t<meta property=\"og:image:type\" content=\"image\/jpeg\" \/>\n<meta name=\"twitter:card\" content=\"summary_large_image\" \/>\n<meta name=\"twitter:label1\" content=\"Est. reading time\" \/>\n\t<meta name=\"twitter:data1\" content=\"1 minute\" \/>\n<script type=\"application\/ld+json\" class=\"yoast-schema-graph\">{\"@context\":\"https:\/\/schema.org\",\"@graph\":[{\"@type\":\"WebPage\",\"@id\":\"https:\/\/amberwithsilver.com\/product\/vyriski-baltijos-gintaro-karoliai\/\",\"url\":\"https:\/\/amberwithsilver.com\/product\/vyriski-baltijos-gintaro-karoliai\/\",\"name\":\"Vyri\u0161ki Baltijos gintaro karoliai - AmberWithSilver\",\"isPartOf\":{\"@id\":\"https:\/\/amberwithsilver.com\/en\/#website\"},\"primaryImageOfPage\":{\"@id\":\"https:\/\/amberwithsilver.com\/product\/vyriski-baltijos-gintaro-karoliai\/#primaryimage\"},\"image\":{\"@id\":\"https:\/\/amberwithsilver.com\/product\/vyriski-baltijos-gintaro-karoliai\/#primaryimage\"},\"thumbnailUrl\":\"https:\/\/amberwithsilver.com\/wp-content\/uploads\/2022\/05\/img_7401-scaled.jpeg\",\"datePublished\":\"2022-05-27T08:16:25+00:00\",\"dateModified\":\"2023-11-18T11:35:44+00:00\",\"description\":\"Vyri\u0161ki Baltijos gintaro karoliai,Men's Baltic amber necklace,Amber necklace,Lithuania,Amber,amber necklace for him, stylish necklace for man\",\"breadcrumb\":{\"@id\":\"https:\/\/amberwithsilver.com\/product\/vyriski-baltijos-gintaro-karoliai\/#breadcrumb\"},\"inLanguage\":\"en-US\",\"potentialAction\":[{\"@type\":\"ReadAction\",\"target\":[\"https:\/\/amberwithsilver.com\/product\/vyriski-baltijos-gintaro-karoliai\/\"]}]},{\"@type\":\"ImageObject\",\"inLanguage\":\"en-US\",\"@id\":\"https:\/\/amberwithsilver.com\/product\/vyriski-baltijos-gintaro-karoliai\/#primaryimage\",\"url\":\"https:\/\/amberwithsilver.com\/wp-content\/uploads\/2022\/05\/img_7401-scaled.jpeg\",\"contentUrl\":\"https:\/\/amberwithsilver.com\/wp-content\/uploads\/2022\/05\/img_7401-scaled.jpeg\",\"width\":2560,\"height\":2485,\"caption\":\"Vyri\u0161ki Baltijos gintaro karoliai,Men's Baltic amber necklace\"},{\"@type\":\"BreadcrumbList\",\"@id\":\"https:\/\/amberwithsilver.com\/product\/vyriski-baltijos-gintaro-karoliai\/#breadcrumb\",\"itemListElement\":[{\"@type\":\"ListItem\",\"position\":1,\"name\":\"Home\",\"item\":\"https:\/\/amberwithsilver.com\/\"},{\"@type\":\"ListItem\",\"position\":2,\"name\":\"Parduotuv\u0117\",\"item\":\"https:\/\/amberwithsilver.com\/en\/parduotuve\/\"},{\"@type\":\"ListItem\",\"position\":3,\"name\":\"Vyri\u0161ki Baltijos gintaro karoliai\"}]},{\"@type\":\"WebSite\",\"@id\":\"https:\/\/amberwithsilver.com\/en\/#website\",\"url\":\"https:\/\/amberwithsilver.com\/en\/\",\"name\":\"AmberWithSilver\",\"description\":\"Amber-Silver\",\"publisher\":{\"@id\":\"https:\/\/amberwithsilver.com\/en\/#organization\"},\"potentialAction\":[{\"@type\":\"SearchAction\",\"target\":{\"@type\":\"EntryPoint\",\"urlTemplate\":\"https:\/\/amberwithsilver.com\/en\/?s={search_term_string}\"},\"query-input\":{\"@type\":\"PropertyValueSpecification\",\"valueRequired\":true,\"valueName\":\"search_term_string\"}}],\"inLanguage\":\"en-US\"},{\"@type\":\"Organization\",\"@id\":\"https:\/\/amberwithsilver.com\/en\/#organization\",\"name\":\"amberwithsilver\",\"url\":\"https:\/\/amberwithsilver.com\/en\/\",\"logo\":{\"@type\":\"ImageObject\",\"inLanguage\":\"en-US\",\"@id\":\"https:\/\/amberwithsilver.com\/en\/#\/schema\/logo\/image\/\",\"url\":\"https:\/\/i0.wp.com\/amberwithsilver.com\/wp-content\/uploads\/2020\/12\/logo.jpg?fit=232%2C116&ssl=1\",\"contentUrl\":\"https:\/\/i0.wp.com\/amberwithsilver.com\/wp-content\/uploads\/2020\/12\/logo.jpg?fit=232%2C116&ssl=1\",\"width\":232,\"height\":116,\"caption\":\"amberwithsilver\"},\"image\":{\"@id\":\"https:\/\/amberwithsilver.com\/en\/#\/schema\/logo\/image\/\"}}]}<\/script>\n<!-- \/ Yoast SEO Premium plugin. -->","yoast_head_json":{"title":"Vyri\u0161ki Baltijos gintaro karoliai - AmberWithSilver","description":"Vyri\u0161ki Baltijos gintaro karoliai,Men's Baltic amber necklace,Amber necklace,Lithuania,Amber,amber necklace for him, stylish necklace for man","robots":{"index":"index","follow":"follow","max-snippet":"max-snippet:-1","max-image-preview":"max-image-preview:large","max-video-preview":"max-video-preview:-1"},"canonical":"https:\/\/amberwithsilver.com\/en\/product\/vyriski-baltijos-gintaro-karoliai\/","og_locale":"en_US","og_type":"article","og_title":"Vyri\u0161ki Baltijos gintaro karoliai","og_description":"Vyri\u0161ki Baltijos gintaro karoliai,Men's Baltic amber necklace,Amber necklace,Lithuania,Amber,amber necklace for him, stylish necklace for man","og_url":"https:\/\/amberwithsilver.com\/en\/product\/vyriski-baltijos-gintaro-karoliai\/","og_site_name":"AmberWithSilver","article_modified_time":"2023-11-18T11:35:44+00:00","og_image":[{"width":2560,"height":2485,"url":"https:\/\/amberwithsilver.com\/wp-content\/uploads\/2022\/05\/img_7401-scaled.jpeg","type":"image\/jpeg"}],"twitter_card":"summary_large_image","twitter_misc":{"Est. reading time":"1 minute"},"schema":{"@context":"https:\/\/schema.org","@graph":[{"@type":"WebPage","@id":"https:\/\/amberwithsilver.com\/product\/vyriski-baltijos-gintaro-karoliai\/","url":"https:\/\/amberwithsilver.com\/product\/vyriski-baltijos-gintaro-karoliai\/","name":"Vyri\u0161ki Baltijos gintaro karoliai - AmberWithSilver","isPartOf":{"@id":"https:\/\/amberwithsilver.com\/en\/#website"},"primaryImageOfPage":{"@id":"https:\/\/amberwithsilver.com\/product\/vyriski-baltijos-gintaro-karoliai\/#primaryimage"},"image":{"@id":"https:\/\/amberwithsilver.com\/product\/vyriski-baltijos-gintaro-karoliai\/#primaryimage"},"thumbnailUrl":"https:\/\/amberwithsilver.com\/wp-content\/uploads\/2022\/05\/img_7401-scaled.jpeg","datePublished":"2022-05-27T08:16:25+00:00","dateModified":"2023-11-18T11:35:44+00:00","description":"Vyri\u0161ki Baltijos gintaro karoliai,Men's Baltic amber necklace,Amber necklace,Lithuania,Amber,amber necklace for him, stylish necklace for man","breadcrumb":{"@id":"https:\/\/amberwithsilver.com\/product\/vyriski-baltijos-gintaro-karoliai\/#breadcrumb"},"inLanguage":"en-US","potentialAction":[{"@type":"ReadAction","target":["https:\/\/amberwithsilver.com\/product\/vyriski-baltijos-gintaro-karoliai\/"]}]},{"@type":"ImageObject","inLanguage":"en-US","@id":"https:\/\/amberwithsilver.com\/product\/vyriski-baltijos-gintaro-karoliai\/#primaryimage","url":"https:\/\/amberwithsilver.com\/wp-content\/uploads\/2022\/05\/img_7401-scaled.jpeg","contentUrl":"https:\/\/amberwithsilver.com\/wp-content\/uploads\/2022\/05\/img_7401-scaled.jpeg","width":2560,"height":2485,"caption":"Vyri\u0161ki Baltijos gintaro karoliai,Men's Baltic amber necklace"},{"@type":"BreadcrumbList","@id":"https:\/\/amberwithsilver.com\/product\/vyriski-baltijos-gintaro-karoliai\/#breadcrumb","itemListElement":[{"@type":"ListItem","position":1,"name":"Home","item":"https:\/\/amberwithsilver.com\/"},{"@type":"ListItem","position":2,"name":"Parduotuv\u0117","item":"https:\/\/amberwithsilver.com\/en\/parduotuve\/"},{"@type":"ListItem","position":3,"name":"Vyri\u0161ki Baltijos gintaro karoliai"}]},{"@type":"WebSite","@id":"https:\/\/amberwithsilver.com\/en\/#website","url":"https:\/\/amberwithsilver.com\/en\/","name":"AmberWithSilver","description":"Amber-Silver","publisher":{"@id":"https:\/\/amberwithsilver.com\/en\/#organization"},"potentialAction":[{"@type":"SearchAction","target":{"@type":"EntryPoint","urlTemplate":"https:\/\/amberwithsilver.com\/en\/?s={search_term_string}"},"query-input":{"@type":"PropertyValueSpecification","valueRequired":true,"valueName":"search_term_string"}}],"inLanguage":"en-US"},{"@type":"Organization","@id":"https:\/\/amberwithsilver.com\/en\/#organization","name":"amberwithsilver","url":"https:\/\/amberwithsilver.com\/en\/","logo":{"@type":"ImageObject","inLanguage":"en-US","@id":"https:\/\/amberwithsilver.com\/en\/#\/schema\/logo\/image\/","url":"https:\/\/i0.wp.com\/amberwithsilver.com\/wp-content\/uploads\/2020\/12\/logo.jpg?fit=232%2C116&ssl=1","contentUrl":"https:\/\/i0.wp.com\/amberwithsilver.com\/wp-content\/uploads\/2020\/12\/logo.jpg?fit=232%2C116&ssl=1","width":232,"height":116,"caption":"amberwithsilver"},"image":{"@id":"https:\/\/amberwithsilver.com\/en\/#\/schema\/logo\/image\/"}}]}},"jetpack_sharing_enabled":true,"_links":{"self":[{"href":"https:\/\/amberwithsilver.com\/en\/wp-json\/wp\/v2\/product\/2364","targetHints":{"allow":["GET"]}}],"collection":[{"href":"https:\/\/amberwithsilver.com\/en\/wp-json\/wp\/v2\/product"}],"about":[{"href":"https:\/\/amberwithsilver.com\/en\/wp-json\/wp\/v2\/types\/product"}],"replies":[{"embeddable":true,"href":"https:\/\/amberwithsilver.com\/en\/wp-json\/wp\/v2\/comments?post=2364"}],"version-history":[{"count":0,"href":"https:\/\/amberwithsilver.com\/en\/wp-json\/wp\/v2\/product\/2364\/revisions"}],"wp:featuredmedia":[{"embeddable":true,"href":"https:\/\/amberwithsilver.com\/en\/wp-json\/wp\/v2\/media\/2369"}],"wp:attachment":[{"href":"https:\/\/amberwithsilver.com\/en\/wp-json\/wp\/v2\/media?parent=2364"}],"wp:term":[{"taxonomy":"product_brand","embeddable":true,"href":"https:\/\/amberwithsilver.com\/en\/wp-json\/wp\/v2\/product_brand?post=2364"},{"taxonomy":"product_cat","embeddable":true,"href":"https:\/\/amberwithsilver.com\/en\/wp-json\/wp\/v2\/product_cat?post=2364"},{"taxonomy":"product_tag","embeddable":true,"href":"https:\/\/amberwithsilver.com\/en\/wp-json\/wp\/v2\/product_tag?post=2364"}],"curies":[{"name":"wp","href":"https:\/\/api.w.org\/{rel}","templated":true}]}}