{"id":2372,"date":"2022-05-27T11:52:03","date_gmt":"2022-05-27T09:52:03","guid":{"rendered":"http:\/\/amberwithsilver.com\/?post_type=product&#038;p=2372"},"modified":"2022-05-27T11:58:57","modified_gmt":"2022-05-27T09:58:57","slug":"geltono-gintaro-tableciu-formos-apyranke","status":"publish","type":"product","link":"https:\/\/amberwithsilver.com\/en\/product\/geltono-gintaro-tableciu-formos-apyranke\/","title":{"rendered":"Yellow amber tablets stretch bracelet"},"content":{"rendered":"<p>Yellow amber tablets stretch bracelet. Deluxe yellow amber bracelet is made of high quality and natural amber color pieces. Pleasant, lightweight and very beautiful Baltic amber bracelet also suitable for Gentlemen.<\/p>\n<ul>\n<li>Yellow color tablet shape beads<\/li>\n<li>Elastic silicon<\/li>\n<li>Weight: ~12,6 grams.<\/li>\n<\/ul>\n<p>*Please note that the color of the product may vary slightly from that shown in the photo, depending on the monitor used by the Buyer and the lighting settings in the photos.<\/p>","protected":false},"excerpt":{"rendered":"<p>Yellow amber tablets stretch bracelet. Deluxe yellow amber bracelet is made of high quality and natural amber color pieces. Pleasant, lightweight and very beautiful Baltic amber bracelet also suitable for Gentlemen.<\/p>\n<ul>\n<li>Yellow color tablet shape beads<\/li>\n<li>Elastic silicon<\/li>\n<li>Weight: ~12,6 grams.<\/li>\n<\/ul>\n<p>*Please note that the color of the product may vary slightly from that shown in the photo, depending on the monitor used by the Buyer and the lighting settings in the photos.<\/p>","protected":false},"featured_media":2375,"comment_status":"open","ping_status":"closed","template":"","meta":[],"product_brand":[],"product_cat":[59,18],"product_tag":[347,601,693,769,770],"class_list":{"0":"post-2372","1":"product","2":"type-product","3":"status-publish","4":"has-post-thumbnail","6":"product_cat-gintaro-papuosalai-vyrams","7":"product_cat-gintaro-apyrankes","8":"product_tag-baltic-amber-bracelet","9":"product_tag-yellow-amber-tablets-stretch-bracelet","10":"product_tag-natural-amber-bracelet","11":"product_tag-geltono-gintaro-tableciu-formos-apyranke","12":"product_tag-yellow-amber-bracelet-for-him","14":"first","15":"instock","16":"sold-individually","17":"taxable","18":"shipping-taxable","19":"purchasable","20":"product-type-simple"},"yoast_head":"<!-- This site is optimized with the Yoast SEO Premium plugin v23.4 (Yoast SEO v26.8) - https:\/\/yoast.com\/product\/yoast-seo-premium-wordpress\/ -->\n<title>Geltono gintaro table\u010di\u0173 formos apyrank\u0117 - AmberWithSilver<\/title>\n<meta name=\"description\" content=\"Geltono gintaro table\u010di\u0173 formos apyrank\u0117,yellow amber tablets stretch bracelet,natural amber bracelet,yellow amber bracelet for him,Baltic\" \/>\n<meta name=\"robots\" content=\"index, follow, max-snippet:-1, max-image-preview:large, max-video-preview:-1\" \/>\n<link rel=\"canonical\" href=\"https:\/\/amberwithsilver.com\/en\/product\/geltono-gintaro-tableciu-formos-apyranke\/\" \/>\n<meta property=\"og:locale\" content=\"en_US\" \/>\n<meta property=\"og:type\" content=\"article\" \/>\n<meta property=\"og:title\" content=\"Geltono gintaro table\u010di\u0173 formos apyrank\u0117\" \/>\n<meta property=\"og:description\" content=\"Geltono gintaro table\u010di\u0173 formos apyrank\u0117,yellow amber tablets stretch bracelet,natural amber bracelet,yellow amber bracelet for him,Baltic\" \/>\n<meta property=\"og:url\" content=\"https:\/\/amberwithsilver.com\/en\/product\/geltono-gintaro-tableciu-formos-apyranke\/\" \/>\n<meta property=\"og:site_name\" content=\"AmberWithSilver\" \/>\n<meta property=\"article:modified_time\" content=\"2022-05-27T09:58:57+00:00\" \/>\n<meta property=\"og:image\" content=\"https:\/\/amberwithsilver.com\/wp-content\/uploads\/2022\/05\/img_7419.jpeg\" \/>\n\t<meta property=\"og:image:width\" content=\"1234\" \/>\n\t<meta property=\"og:image:height\" content=\"1397\" \/>\n\t<meta property=\"og:image:type\" content=\"image\/jpeg\" \/>\n<meta name=\"twitter:card\" content=\"summary_large_image\" \/>\n<script type=\"application\/ld+json\" class=\"yoast-schema-graph\">{\"@context\":\"https:\/\/schema.org\",\"@graph\":[{\"@type\":\"WebPage\",\"@id\":\"https:\/\/amberwithsilver.com\/en\/product\/geltono-gintaro-tableciu-formos-apyranke\/\",\"url\":\"https:\/\/amberwithsilver.com\/en\/product\/geltono-gintaro-tableciu-formos-apyranke\/\",\"name\":\"Geltono gintaro table\u010di\u0173 formos apyrank\u0117 - AmberWithSilver\",\"isPartOf\":{\"@id\":\"https:\/\/amberwithsilver.com\/en\/#website\"},\"primaryImageOfPage\":{\"@id\":\"https:\/\/amberwithsilver.com\/en\/product\/geltono-gintaro-tableciu-formos-apyranke\/#primaryimage\"},\"image\":{\"@id\":\"https:\/\/amberwithsilver.com\/en\/product\/geltono-gintaro-tableciu-formos-apyranke\/#primaryimage\"},\"thumbnailUrl\":\"https:\/\/amberwithsilver.com\/wp-content\/uploads\/2022\/05\/img_7419.jpeg\",\"datePublished\":\"2022-05-27T09:52:03+00:00\",\"dateModified\":\"2022-05-27T09:58:57+00:00\",\"description\":\"Geltono gintaro table\u010di\u0173 formos apyrank\u0117,yellow amber tablets stretch bracelet,natural amber bracelet,yellow amber bracelet for him,Baltic\",\"breadcrumb\":{\"@id\":\"https:\/\/amberwithsilver.com\/en\/product\/geltono-gintaro-tableciu-formos-apyranke\/#breadcrumb\"},\"inLanguage\":\"en-US\",\"potentialAction\":[{\"@type\":\"ReadAction\",\"target\":[\"https:\/\/amberwithsilver.com\/en\/product\/geltono-gintaro-tableciu-formos-apyranke\/\"]}]},{\"@type\":\"ImageObject\",\"inLanguage\":\"en-US\",\"@id\":\"https:\/\/amberwithsilver.com\/en\/product\/geltono-gintaro-tableciu-formos-apyranke\/#primaryimage\",\"url\":\"https:\/\/amberwithsilver.com\/wp-content\/uploads\/2022\/05\/img_7419.jpeg\",\"contentUrl\":\"https:\/\/amberwithsilver.com\/wp-content\/uploads\/2022\/05\/img_7419.jpeg\",\"width\":1234,\"height\":1397,\"caption\":\"Geltono gintaro table\u010di\u0173 formos apyrank\u0117,Yellow amber tablets stretch bracelet\"},{\"@type\":\"BreadcrumbList\",\"@id\":\"https:\/\/amberwithsilver.com\/en\/product\/geltono-gintaro-tableciu-formos-apyranke\/#breadcrumb\",\"itemListElement\":[{\"@type\":\"ListItem\",\"position\":1,\"name\":\"Home\",\"item\":\"https:\/\/amberwithsilver.com\/\"},{\"@type\":\"ListItem\",\"position\":2,\"name\":\"Parduotuv\u0117\",\"item\":\"https:\/\/amberwithsilver.com\/en\/parduotuve\/\"},{\"@type\":\"ListItem\",\"position\":3,\"name\":\"Geltono gintaro table\u010di\u0173 formos apyrank\u0117\"}]},{\"@type\":\"WebSite\",\"@id\":\"https:\/\/amberwithsilver.com\/en\/#website\",\"url\":\"https:\/\/amberwithsilver.com\/en\/\",\"name\":\"AmberWithSilver\",\"description\":\"Amber-Silver\",\"publisher\":{\"@id\":\"https:\/\/amberwithsilver.com\/en\/#organization\"},\"potentialAction\":[{\"@type\":\"SearchAction\",\"target\":{\"@type\":\"EntryPoint\",\"urlTemplate\":\"https:\/\/amberwithsilver.com\/en\/?s={search_term_string}\"},\"query-input\":{\"@type\":\"PropertyValueSpecification\",\"valueRequired\":true,\"valueName\":\"search_term_string\"}}],\"inLanguage\":\"en-US\"},{\"@type\":\"Organization\",\"@id\":\"https:\/\/amberwithsilver.com\/en\/#organization\",\"name\":\"amberwithsilver\",\"url\":\"https:\/\/amberwithsilver.com\/en\/\",\"logo\":{\"@type\":\"ImageObject\",\"inLanguage\":\"en-US\",\"@id\":\"https:\/\/amberwithsilver.com\/en\/#\/schema\/logo\/image\/\",\"url\":\"https:\/\/i0.wp.com\/amberwithsilver.com\/wp-content\/uploads\/2020\/12\/logo.jpg?fit=232%2C116&ssl=1\",\"contentUrl\":\"https:\/\/i0.wp.com\/amberwithsilver.com\/wp-content\/uploads\/2020\/12\/logo.jpg?fit=232%2C116&ssl=1\",\"width\":232,\"height\":116,\"caption\":\"amberwithsilver\"},\"image\":{\"@id\":\"https:\/\/amberwithsilver.com\/en\/#\/schema\/logo\/image\/\"}}]}<\/script>\n<!-- \/ Yoast SEO Premium plugin. -->","yoast_head_json":{"title":"Geltono gintaro table\u010di\u0173 formos apyrank\u0117 - AmberWithSilver","description":"Geltono gintaro table\u010di\u0173 formos apyrank\u0117,yellow amber tablets stretch bracelet,natural amber bracelet,yellow amber bracelet for him,Baltic","robots":{"index":"index","follow":"follow","max-snippet":"max-snippet:-1","max-image-preview":"max-image-preview:large","max-video-preview":"max-video-preview:-1"},"canonical":"https:\/\/amberwithsilver.com\/en\/product\/geltono-gintaro-tableciu-formos-apyranke\/","og_locale":"en_US","og_type":"article","og_title":"Geltono gintaro table\u010di\u0173 formos apyrank\u0117","og_description":"Geltono gintaro table\u010di\u0173 formos apyrank\u0117,yellow amber tablets stretch bracelet,natural amber bracelet,yellow amber bracelet for him,Baltic","og_url":"https:\/\/amberwithsilver.com\/en\/product\/geltono-gintaro-tableciu-formos-apyranke\/","og_site_name":"AmberWithSilver","article_modified_time":"2022-05-27T09:58:57+00:00","og_image":[{"width":1234,"height":1397,"url":"https:\/\/amberwithsilver.com\/wp-content\/uploads\/2022\/05\/img_7419.jpeg","type":"image\/jpeg"}],"twitter_card":"summary_large_image","schema":{"@context":"https:\/\/schema.org","@graph":[{"@type":"WebPage","@id":"https:\/\/amberwithsilver.com\/en\/product\/geltono-gintaro-tableciu-formos-apyranke\/","url":"https:\/\/amberwithsilver.com\/en\/product\/geltono-gintaro-tableciu-formos-apyranke\/","name":"Geltono gintaro table\u010di\u0173 formos apyrank\u0117 - AmberWithSilver","isPartOf":{"@id":"https:\/\/amberwithsilver.com\/en\/#website"},"primaryImageOfPage":{"@id":"https:\/\/amberwithsilver.com\/en\/product\/geltono-gintaro-tableciu-formos-apyranke\/#primaryimage"},"image":{"@id":"https:\/\/amberwithsilver.com\/en\/product\/geltono-gintaro-tableciu-formos-apyranke\/#primaryimage"},"thumbnailUrl":"https:\/\/amberwithsilver.com\/wp-content\/uploads\/2022\/05\/img_7419.jpeg","datePublished":"2022-05-27T09:52:03+00:00","dateModified":"2022-05-27T09:58:57+00:00","description":"Geltono gintaro table\u010di\u0173 formos apyrank\u0117,yellow amber tablets stretch bracelet,natural amber bracelet,yellow amber bracelet for him,Baltic","breadcrumb":{"@id":"https:\/\/amberwithsilver.com\/en\/product\/geltono-gintaro-tableciu-formos-apyranke\/#breadcrumb"},"inLanguage":"en-US","potentialAction":[{"@type":"ReadAction","target":["https:\/\/amberwithsilver.com\/en\/product\/geltono-gintaro-tableciu-formos-apyranke\/"]}]},{"@type":"ImageObject","inLanguage":"en-US","@id":"https:\/\/amberwithsilver.com\/en\/product\/geltono-gintaro-tableciu-formos-apyranke\/#primaryimage","url":"https:\/\/amberwithsilver.com\/wp-content\/uploads\/2022\/05\/img_7419.jpeg","contentUrl":"https:\/\/amberwithsilver.com\/wp-content\/uploads\/2022\/05\/img_7419.jpeg","width":1234,"height":1397,"caption":"Geltono gintaro table\u010di\u0173 formos apyrank\u0117,Yellow amber tablets stretch bracelet"},{"@type":"BreadcrumbList","@id":"https:\/\/amberwithsilver.com\/en\/product\/geltono-gintaro-tableciu-formos-apyranke\/#breadcrumb","itemListElement":[{"@type":"ListItem","position":1,"name":"Home","item":"https:\/\/amberwithsilver.com\/"},{"@type":"ListItem","position":2,"name":"Parduotuv\u0117","item":"https:\/\/amberwithsilver.com\/en\/parduotuve\/"},{"@type":"ListItem","position":3,"name":"Geltono gintaro table\u010di\u0173 formos apyrank\u0117"}]},{"@type":"WebSite","@id":"https:\/\/amberwithsilver.com\/en\/#website","url":"https:\/\/amberwithsilver.com\/en\/","name":"AmberWithSilver","description":"Amber-Silver","publisher":{"@id":"https:\/\/amberwithsilver.com\/en\/#organization"},"potentialAction":[{"@type":"SearchAction","target":{"@type":"EntryPoint","urlTemplate":"https:\/\/amberwithsilver.com\/en\/?s={search_term_string}"},"query-input":{"@type":"PropertyValueSpecification","valueRequired":true,"valueName":"search_term_string"}}],"inLanguage":"en-US"},{"@type":"Organization","@id":"https:\/\/amberwithsilver.com\/en\/#organization","name":"amberwithsilver","url":"https:\/\/amberwithsilver.com\/en\/","logo":{"@type":"ImageObject","inLanguage":"en-US","@id":"https:\/\/amberwithsilver.com\/en\/#\/schema\/logo\/image\/","url":"https:\/\/i0.wp.com\/amberwithsilver.com\/wp-content\/uploads\/2020\/12\/logo.jpg?fit=232%2C116&ssl=1","contentUrl":"https:\/\/i0.wp.com\/amberwithsilver.com\/wp-content\/uploads\/2020\/12\/logo.jpg?fit=232%2C116&ssl=1","width":232,"height":116,"caption":"amberwithsilver"},"image":{"@id":"https:\/\/amberwithsilver.com\/en\/#\/schema\/logo\/image\/"}}]}},"jetpack_sharing_enabled":true,"_links":{"self":[{"href":"https:\/\/amberwithsilver.com\/en\/wp-json\/wp\/v2\/product\/2372","targetHints":{"allow":["GET"]}}],"collection":[{"href":"https:\/\/amberwithsilver.com\/en\/wp-json\/wp\/v2\/product"}],"about":[{"href":"https:\/\/amberwithsilver.com\/en\/wp-json\/wp\/v2\/types\/product"}],"replies":[{"embeddable":true,"href":"https:\/\/amberwithsilver.com\/en\/wp-json\/wp\/v2\/comments?post=2372"}],"version-history":[{"count":0,"href":"https:\/\/amberwithsilver.com\/en\/wp-json\/wp\/v2\/product\/2372\/revisions"}],"wp:featuredmedia":[{"embeddable":true,"href":"https:\/\/amberwithsilver.com\/en\/wp-json\/wp\/v2\/media\/2375"}],"wp:attachment":[{"href":"https:\/\/amberwithsilver.com\/en\/wp-json\/wp\/v2\/media?parent=2372"}],"wp:term":[{"taxonomy":"product_brand","embeddable":true,"href":"https:\/\/amberwithsilver.com\/en\/wp-json\/wp\/v2\/product_brand?post=2372"},{"taxonomy":"product_cat","embeddable":true,"href":"https:\/\/amberwithsilver.com\/en\/wp-json\/wp\/v2\/product_cat?post=2372"},{"taxonomy":"product_tag","embeddable":true,"href":"https:\/\/amberwithsilver.com\/en\/wp-json\/wp\/v2\/product_tag?post=2372"}],"curies":[{"name":"wp","href":"https:\/\/api.w.org\/{rel}","templated":true}]}}