{"id":2459,"date":"2022-11-16T00:27:50","date_gmt":"2022-11-15T22:27:50","guid":{"rendered":"http:\/\/amberwithsilver.com\/?post_type=product&#038;p=2459"},"modified":"2022-12-31T23:22:19","modified_gmt":"2022-12-31T21:22:19","slug":"marga-kamantu-formos-gintarine-apyranke","status":"publish","type":"product","link":"https:\/\/amberwithsilver.com\/en\/product\/marga-kamantu-formos-gintarine-apyranke\/","title":{"rendered":"Multicolored amber chips stretch bracelet"},"content":{"rendered":"<div class=\"woocommerce-product-details__short-description\">\n<p>Multicolored amber chips stretch bracelet. This bracelet is made of handmade Baltic amber chips, shining with warm shades of honey, cognac, cherry and yellow. Freeform pieces perfectly combine with each other. Each piece of amber is like the ray of light, hot drop of love and a bit of bright sun.<\/p>\n<ul>\n<li>Baltic amber<\/li>\n<li>Honey, cognac, cherry, yellow color chips shape amber beads<\/li>\n<li>Elastic rubber<\/li>\n<li>Length: ~ 19 cm<\/li>\n<li>Weight: ~20,1 gr.<\/li>\n<\/ul>\n<p>*Please note that the color of the product may vary slightly from that shown in the photo, depending on the monitor used by the Buyer and the lighting settings in the photos.<\/p>\n<\/div>","protected":false},"excerpt":{"rendered":"<p>Multicolored amber chips stretch bracelet. This bracelet is made of handmade Baltic amber chips, shining with warm shades of honey, cognac, cherry and yellow. Freeform pieces perfectly combine with each other. Each piece of amber is like the ray of light, hot drop of love and a bit of bright sun.<\/p>\n<ul>\n<li>Baltic amber<\/li>\n<li>Honey, cognac, cherry, yellow color chips shape amber beads<\/li>\n<li>Elastic rubber<\/li>\n<li>Length: ~ 19 cm<\/li>\n<li>Weight: ~20,1 gr.<\/li>\n<\/ul>\n<p>*Please note that the color of the product may vary slightly from that shown in the photo, depending on the monitor used by the Buyer and the lighting settings in the photos.<\/p>","protected":false},"featured_media":2465,"comment_status":"open","ping_status":"closed","template":"","meta":[],"product_brand":[],"product_cat":[18],"product_tag":[792,793,794,795,796,797],"class_list":{"0":"post-2459","1":"product","2":"type-product","3":"status-publish","4":"has-post-thumbnail","6":"product_cat-gintaro-apyrankes","7":"product_tag-marga-kamantu-formos-gintarine-apyranke","8":"product_tag-multicolored-amber-chips-stretch-bracelet","9":"product_tag-amber-chips-bracelet","10":"product_tag-kamantine-gintaro-apyranke","11":"product_tag-baltijos","12":"product_tag-gintarine-kampuota-apyranke","14":"first","15":"instock","16":"sold-individually","17":"taxable","18":"shipping-taxable","19":"purchasable","20":"product-type-simple"},"yoast_head":"<!-- This site is optimized with the Yoast SEO Premium plugin v23.4 (Yoast SEO v26.8) - https:\/\/yoast.com\/product\/yoast-seo-premium-wordpress\/ -->\n<title>Marga kamant\u0173 formos gintarin\u0117 apyrank\u0117 - AmberWithSilver<\/title>\n<meta name=\"description\" content=\"Marga kamant\u0173 formos gintarin\u0117 apyrank\u0117, Multicolored amber chips stretch bracelet, amber chips bracelet, kamantine gintaro apyranke,Baltijos\" \/>\n<meta name=\"robots\" content=\"index, follow, max-snippet:-1, max-image-preview:large, max-video-preview:-1\" \/>\n<link rel=\"canonical\" href=\"https:\/\/amberwithsilver.com\/en\/product\/marga-kamantu-formos-gintarine-apyranke\/\" \/>\n<meta property=\"og:locale\" content=\"en_US\" \/>\n<meta property=\"og:type\" content=\"article\" \/>\n<meta property=\"og:title\" content=\"Marga kamant\u0173 formos gintarin\u0117 apyrank\u0117\" \/>\n<meta property=\"og:description\" content=\"Marga kamant\u0173 formos gintarin\u0117 apyrank\u0117, Multicolored amber chips stretch bracelet, amber chips bracelet, kamantine gintaro apyranke,Baltijos\" \/>\n<meta property=\"og:url\" content=\"https:\/\/amberwithsilver.com\/en\/product\/marga-kamantu-formos-gintarine-apyranke\/\" \/>\n<meta property=\"og:site_name\" content=\"AmberWithSilver\" \/>\n<meta property=\"article:modified_time\" content=\"2022-12-31T21:22:19+00:00\" \/>\n<meta property=\"og:image\" content=\"https:\/\/amberwithsilver.com\/wp-content\/uploads\/2022\/11\/img_4946-1.jpeg\" \/>\n\t<meta property=\"og:image:width\" content=\"2463\" \/>\n\t<meta property=\"og:image:height\" content=\"2194\" \/>\n\t<meta property=\"og:image:type\" content=\"image\/jpeg\" \/>\n<meta name=\"twitter:card\" content=\"summary_large_image\" \/>\n<meta name=\"twitter:label1\" content=\"Est. reading time\" \/>\n\t<meta name=\"twitter:data1\" content=\"1 minute\" \/>\n<script type=\"application\/ld+json\" class=\"yoast-schema-graph\">{\"@context\":\"https:\/\/schema.org\",\"@graph\":[{\"@type\":\"WebPage\",\"@id\":\"https:\/\/amberwithsilver.com\/product\/marga-kamantu-formos-gintarine-apyranke\/\",\"url\":\"https:\/\/amberwithsilver.com\/product\/marga-kamantu-formos-gintarine-apyranke\/\",\"name\":\"Marga kamant\u0173 formos gintarin\u0117 apyrank\u0117 - AmberWithSilver\",\"isPartOf\":{\"@id\":\"https:\/\/amberwithsilver.com\/en\/#website\"},\"primaryImageOfPage\":{\"@id\":\"https:\/\/amberwithsilver.com\/product\/marga-kamantu-formos-gintarine-apyranke\/#primaryimage\"},\"image\":{\"@id\":\"https:\/\/amberwithsilver.com\/product\/marga-kamantu-formos-gintarine-apyranke\/#primaryimage\"},\"thumbnailUrl\":\"https:\/\/amberwithsilver.com\/wp-content\/uploads\/2022\/11\/img_4946-1.jpeg\",\"datePublished\":\"2022-11-15T22:27:50+00:00\",\"dateModified\":\"2022-12-31T21:22:19+00:00\",\"description\":\"Marga kamant\u0173 formos gintarin\u0117 apyrank\u0117, Multicolored amber chips stretch bracelet, amber chips bracelet, kamantine gintaro apyranke,Baltijos\",\"breadcrumb\":{\"@id\":\"https:\/\/amberwithsilver.com\/product\/marga-kamantu-formos-gintarine-apyranke\/#breadcrumb\"},\"inLanguage\":\"en-US\",\"potentialAction\":[{\"@type\":\"ReadAction\",\"target\":[\"https:\/\/amberwithsilver.com\/product\/marga-kamantu-formos-gintarine-apyranke\/\"]}]},{\"@type\":\"ImageObject\",\"inLanguage\":\"en-US\",\"@id\":\"https:\/\/amberwithsilver.com\/product\/marga-kamantu-formos-gintarine-apyranke\/#primaryimage\",\"url\":\"https:\/\/amberwithsilver.com\/wp-content\/uploads\/2022\/11\/img_4946-1.jpeg\",\"contentUrl\":\"https:\/\/amberwithsilver.com\/wp-content\/uploads\/2022\/11\/img_4946-1.jpeg\",\"width\":2463,\"height\":2194,\"caption\":\"Marga kamant\u0173 formos gintarin\u0117 apyrank\u0117, Multicolored amber chips stretch bracelet\"},{\"@type\":\"BreadcrumbList\",\"@id\":\"https:\/\/amberwithsilver.com\/product\/marga-kamantu-formos-gintarine-apyranke\/#breadcrumb\",\"itemListElement\":[{\"@type\":\"ListItem\",\"position\":1,\"name\":\"Home\",\"item\":\"https:\/\/amberwithsilver.com\/\"},{\"@type\":\"ListItem\",\"position\":2,\"name\":\"Parduotuv\u0117\",\"item\":\"https:\/\/amberwithsilver.com\/en\/parduotuve\/\"},{\"@type\":\"ListItem\",\"position\":3,\"name\":\"Marga kamant\u0173 formos gintarin\u0117 apyrank\u0117\"}]},{\"@type\":\"WebSite\",\"@id\":\"https:\/\/amberwithsilver.com\/en\/#website\",\"url\":\"https:\/\/amberwithsilver.com\/en\/\",\"name\":\"AmberWithSilver\",\"description\":\"Amber-Silver\",\"publisher\":{\"@id\":\"https:\/\/amberwithsilver.com\/en\/#organization\"},\"potentialAction\":[{\"@type\":\"SearchAction\",\"target\":{\"@type\":\"EntryPoint\",\"urlTemplate\":\"https:\/\/amberwithsilver.com\/en\/?s={search_term_string}\"},\"query-input\":{\"@type\":\"PropertyValueSpecification\",\"valueRequired\":true,\"valueName\":\"search_term_string\"}}],\"inLanguage\":\"en-US\"},{\"@type\":\"Organization\",\"@id\":\"https:\/\/amberwithsilver.com\/en\/#organization\",\"name\":\"amberwithsilver\",\"url\":\"https:\/\/amberwithsilver.com\/en\/\",\"logo\":{\"@type\":\"ImageObject\",\"inLanguage\":\"en-US\",\"@id\":\"https:\/\/amberwithsilver.com\/en\/#\/schema\/logo\/image\/\",\"url\":\"https:\/\/i0.wp.com\/amberwithsilver.com\/wp-content\/uploads\/2020\/12\/logo.jpg?fit=232%2C116&ssl=1\",\"contentUrl\":\"https:\/\/i0.wp.com\/amberwithsilver.com\/wp-content\/uploads\/2020\/12\/logo.jpg?fit=232%2C116&ssl=1\",\"width\":232,\"height\":116,\"caption\":\"amberwithsilver\"},\"image\":{\"@id\":\"https:\/\/amberwithsilver.com\/en\/#\/schema\/logo\/image\/\"}}]}<\/script>\n<!-- \/ Yoast SEO Premium plugin. -->","yoast_head_json":{"title":"Marga kamant\u0173 formos gintarin\u0117 apyrank\u0117 - AmberWithSilver","description":"Marga kamant\u0173 formos gintarin\u0117 apyrank\u0117, Multicolored amber chips stretch bracelet, amber chips bracelet, kamantine gintaro apyranke,Baltijos","robots":{"index":"index","follow":"follow","max-snippet":"max-snippet:-1","max-image-preview":"max-image-preview:large","max-video-preview":"max-video-preview:-1"},"canonical":"https:\/\/amberwithsilver.com\/en\/product\/marga-kamantu-formos-gintarine-apyranke\/","og_locale":"en_US","og_type":"article","og_title":"Marga kamant\u0173 formos gintarin\u0117 apyrank\u0117","og_description":"Marga kamant\u0173 formos gintarin\u0117 apyrank\u0117, Multicolored amber chips stretch bracelet, amber chips bracelet, kamantine gintaro apyranke,Baltijos","og_url":"https:\/\/amberwithsilver.com\/en\/product\/marga-kamantu-formos-gintarine-apyranke\/","og_site_name":"AmberWithSilver","article_modified_time":"2022-12-31T21:22:19+00:00","og_image":[{"width":2463,"height":2194,"url":"https:\/\/amberwithsilver.com\/wp-content\/uploads\/2022\/11\/img_4946-1.jpeg","type":"image\/jpeg"}],"twitter_card":"summary_large_image","twitter_misc":{"Est. reading time":"1 minute"},"schema":{"@context":"https:\/\/schema.org","@graph":[{"@type":"WebPage","@id":"https:\/\/amberwithsilver.com\/product\/marga-kamantu-formos-gintarine-apyranke\/","url":"https:\/\/amberwithsilver.com\/product\/marga-kamantu-formos-gintarine-apyranke\/","name":"Marga kamant\u0173 formos gintarin\u0117 apyrank\u0117 - AmberWithSilver","isPartOf":{"@id":"https:\/\/amberwithsilver.com\/en\/#website"},"primaryImageOfPage":{"@id":"https:\/\/amberwithsilver.com\/product\/marga-kamantu-formos-gintarine-apyranke\/#primaryimage"},"image":{"@id":"https:\/\/amberwithsilver.com\/product\/marga-kamantu-formos-gintarine-apyranke\/#primaryimage"},"thumbnailUrl":"https:\/\/amberwithsilver.com\/wp-content\/uploads\/2022\/11\/img_4946-1.jpeg","datePublished":"2022-11-15T22:27:50+00:00","dateModified":"2022-12-31T21:22:19+00:00","description":"Marga kamant\u0173 formos gintarin\u0117 apyrank\u0117, Multicolored amber chips stretch bracelet, amber chips bracelet, kamantine gintaro apyranke,Baltijos","breadcrumb":{"@id":"https:\/\/amberwithsilver.com\/product\/marga-kamantu-formos-gintarine-apyranke\/#breadcrumb"},"inLanguage":"en-US","potentialAction":[{"@type":"ReadAction","target":["https:\/\/amberwithsilver.com\/product\/marga-kamantu-formos-gintarine-apyranke\/"]}]},{"@type":"ImageObject","inLanguage":"en-US","@id":"https:\/\/amberwithsilver.com\/product\/marga-kamantu-formos-gintarine-apyranke\/#primaryimage","url":"https:\/\/amberwithsilver.com\/wp-content\/uploads\/2022\/11\/img_4946-1.jpeg","contentUrl":"https:\/\/amberwithsilver.com\/wp-content\/uploads\/2022\/11\/img_4946-1.jpeg","width":2463,"height":2194,"caption":"Marga kamant\u0173 formos gintarin\u0117 apyrank\u0117, Multicolored amber chips stretch bracelet"},{"@type":"BreadcrumbList","@id":"https:\/\/amberwithsilver.com\/product\/marga-kamantu-formos-gintarine-apyranke\/#breadcrumb","itemListElement":[{"@type":"ListItem","position":1,"name":"Home","item":"https:\/\/amberwithsilver.com\/"},{"@type":"ListItem","position":2,"name":"Parduotuv\u0117","item":"https:\/\/amberwithsilver.com\/en\/parduotuve\/"},{"@type":"ListItem","position":3,"name":"Marga kamant\u0173 formos gintarin\u0117 apyrank\u0117"}]},{"@type":"WebSite","@id":"https:\/\/amberwithsilver.com\/en\/#website","url":"https:\/\/amberwithsilver.com\/en\/","name":"AmberWithSilver","description":"Amber-Silver","publisher":{"@id":"https:\/\/amberwithsilver.com\/en\/#organization"},"potentialAction":[{"@type":"SearchAction","target":{"@type":"EntryPoint","urlTemplate":"https:\/\/amberwithsilver.com\/en\/?s={search_term_string}"},"query-input":{"@type":"PropertyValueSpecification","valueRequired":true,"valueName":"search_term_string"}}],"inLanguage":"en-US"},{"@type":"Organization","@id":"https:\/\/amberwithsilver.com\/en\/#organization","name":"amberwithsilver","url":"https:\/\/amberwithsilver.com\/en\/","logo":{"@type":"ImageObject","inLanguage":"en-US","@id":"https:\/\/amberwithsilver.com\/en\/#\/schema\/logo\/image\/","url":"https:\/\/i0.wp.com\/amberwithsilver.com\/wp-content\/uploads\/2020\/12\/logo.jpg?fit=232%2C116&ssl=1","contentUrl":"https:\/\/i0.wp.com\/amberwithsilver.com\/wp-content\/uploads\/2020\/12\/logo.jpg?fit=232%2C116&ssl=1","width":232,"height":116,"caption":"amberwithsilver"},"image":{"@id":"https:\/\/amberwithsilver.com\/en\/#\/schema\/logo\/image\/"}}]}},"jetpack_sharing_enabled":true,"_links":{"self":[{"href":"https:\/\/amberwithsilver.com\/en\/wp-json\/wp\/v2\/product\/2459","targetHints":{"allow":["GET"]}}],"collection":[{"href":"https:\/\/amberwithsilver.com\/en\/wp-json\/wp\/v2\/product"}],"about":[{"href":"https:\/\/amberwithsilver.com\/en\/wp-json\/wp\/v2\/types\/product"}],"replies":[{"embeddable":true,"href":"https:\/\/amberwithsilver.com\/en\/wp-json\/wp\/v2\/comments?post=2459"}],"version-history":[{"count":0,"href":"https:\/\/amberwithsilver.com\/en\/wp-json\/wp\/v2\/product\/2459\/revisions"}],"wp:featuredmedia":[{"embeddable":true,"href":"https:\/\/amberwithsilver.com\/en\/wp-json\/wp\/v2\/media\/2465"}],"wp:attachment":[{"href":"https:\/\/amberwithsilver.com\/en\/wp-json\/wp\/v2\/media?parent=2459"}],"wp:term":[{"taxonomy":"product_brand","embeddable":true,"href":"https:\/\/amberwithsilver.com\/en\/wp-json\/wp\/v2\/product_brand?post=2459"},{"taxonomy":"product_cat","embeddable":true,"href":"https:\/\/amberwithsilver.com\/en\/wp-json\/wp\/v2\/product_cat?post=2459"},{"taxonomy":"product_tag","embeddable":true,"href":"https:\/\/amberwithsilver.com\/en\/wp-json\/wp\/v2\/product_tag?post=2459"}],"curies":[{"name":"wp","href":"https:\/\/api.w.org\/{rel}","templated":true}]}}