{"id":2469,"date":"2022-11-16T13:35:24","date_gmt":"2022-11-16T11:35:24","guid":{"rendered":"http:\/\/amberwithsilver.com\/?post_type=product&#038;p=2469"},"modified":"2022-12-31T22:40:38","modified_gmt":"2022-12-31T20:40:38","slug":"konjakine-kamantu-formos-gintarine-apyranke","status":"publish","type":"product","link":"https:\/\/amberwithsilver.com\/en\/product\/konjakine-kamantu-formos-gintarine-apyranke\/","title":{"rendered":"Cognac amber chips stretch bracelet"},"content":{"rendered":"<p>Cognac amber chips stretch bracelet. This bracelet is made of handmade Baltic amber chips. Cognac color, freeform pieces perfectly combine with each other. Each piece of amber is like the ray of light, hot drop of love and a bit of bright sun.<\/p>\n<ul>\n<li>Baltic amber<\/li>\n<li>Cognac color chips shape amber beads<\/li>\n<li>Elastic rubber<\/li>\n<li>Length: ~ 19 cm<\/li>\n<li>Weight: ~32,9 gr.<\/li>\n<\/ul>\n<p>*Please note that the color of the product may vary slightly from that shown in the photo, depending on the monitor used by the Buyer and the lighting settings in the photos.<\/p>","protected":false},"excerpt":{"rendered":"<p>Cognac amber chips stretch bracelet. This bracelet is made of handmade Baltic amber chips. Cognac color, freeform pieces perfectly combine with each other. Each piece of amber is like the ray of light, hot drop of love and a bit of bright sun.<\/p>\n<ul>\n<li>Baltic amber<\/li>\n<li>Cognac color chips shape amber beads<\/li>\n<li>Elastic rubber<\/li>\n<li>Length: ~ 19 cm<\/li>\n<li>Weight: ~32,9 gr.<\/li>\n<\/ul>\n<p>*Please note that the color of the product may vary slightly from that shown in the photo, depending on the monitor used by the Buyer and the lighting settings in the photos.<\/p>","protected":false},"featured_media":2472,"comment_status":"open","ping_status":"closed","template":"","meta":[],"product_brand":[],"product_cat":[18],"product_tag":[798,799,800,801,802],"class_list":{"0":"post-2469","1":"product","2":"type-product","3":"status-publish","4":"has-post-thumbnail","6":"product_cat-gintaro-apyrankes","7":"product_tag-konjakine-kamantu-formos-gintarine-apyranke","8":"product_tag-cognac-amber-chips-stretch-bracelet","9":"product_tag-baltic-amber-chips-shapes-bracelet","10":"product_tag-kamantine-apyranke","11":"product_tag-naturali-gintarine-apyranke","13":"first","14":"instock","15":"sold-individually","16":"taxable","17":"shipping-taxable","18":"purchasable","19":"product-type-simple"},"yoast_head":"<!-- This site is optimized with the Yoast SEO Premium plugin v23.4 (Yoast SEO v26.8) - https:\/\/yoast.com\/product\/yoast-seo-premium-wordpress\/ -->\n<title>Konjakin\u0117 kamant\u0173 formos gintarin\u0117 apyrank\u0117 - AmberWithSilver<\/title>\n<meta name=\"description\" content=\"Konjakin\u0117 kamant\u0173 formos gintarin\u0117 apyrank\u0117,Cognac amber chips stretch bracelet,Baltic amber chips shapes bracelet,kamantine apyranke\" \/>\n<meta name=\"robots\" content=\"index, follow, max-snippet:-1, max-image-preview:large, max-video-preview:-1\" \/>\n<link rel=\"canonical\" href=\"https:\/\/amberwithsilver.com\/en\/product\/konjakine-kamantu-formos-gintarine-apyranke\/\" \/>\n<meta property=\"og:locale\" content=\"en_US\" \/>\n<meta property=\"og:type\" content=\"article\" \/>\n<meta property=\"og:title\" content=\"Konjakin\u0117 kamant\u0173 formos gintarin\u0117 apyrank\u0117\" \/>\n<meta property=\"og:description\" content=\"Konjakin\u0117 kamant\u0173 formos gintarin\u0117 apyrank\u0117,Cognac amber chips stretch bracelet,Baltic amber chips shapes bracelet,kamantine apyranke\" \/>\n<meta property=\"og:url\" content=\"https:\/\/amberwithsilver.com\/en\/product\/konjakine-kamantu-formos-gintarine-apyranke\/\" \/>\n<meta property=\"og:site_name\" content=\"AmberWithSilver\" \/>\n<meta property=\"article:modified_time\" content=\"2022-12-31T20:40:38+00:00\" \/>\n<meta property=\"og:image\" content=\"https:\/\/amberwithsilver.com\/wp-content\/uploads\/2022\/11\/img_4951-scaled.jpeg\" \/>\n\t<meta property=\"og:image:width\" content=\"2560\" \/>\n\t<meta property=\"og:image:height\" content=\"2461\" \/>\n\t<meta property=\"og:image:type\" content=\"image\/jpeg\" \/>\n<meta name=\"twitter:card\" content=\"summary_large_image\" \/>\n<meta name=\"twitter:label1\" content=\"Est. reading time\" \/>\n\t<meta name=\"twitter:data1\" content=\"1 minute\" \/>\n<script type=\"application\/ld+json\" class=\"yoast-schema-graph\">{\"@context\":\"https:\/\/schema.org\",\"@graph\":[{\"@type\":\"WebPage\",\"@id\":\"https:\/\/amberwithsilver.com\/product\/konjakine-kamantu-formos-gintarine-apyranke\/\",\"url\":\"https:\/\/amberwithsilver.com\/product\/konjakine-kamantu-formos-gintarine-apyranke\/\",\"name\":\"Konjakin\u0117 kamant\u0173 formos gintarin\u0117 apyrank\u0117 - AmberWithSilver\",\"isPartOf\":{\"@id\":\"https:\/\/amberwithsilver.com\/en\/#website\"},\"primaryImageOfPage\":{\"@id\":\"https:\/\/amberwithsilver.com\/product\/konjakine-kamantu-formos-gintarine-apyranke\/#primaryimage\"},\"image\":{\"@id\":\"https:\/\/amberwithsilver.com\/product\/konjakine-kamantu-formos-gintarine-apyranke\/#primaryimage\"},\"thumbnailUrl\":\"https:\/\/amberwithsilver.com\/wp-content\/uploads\/2022\/11\/img_4951-scaled.jpeg\",\"datePublished\":\"2022-11-16T11:35:24+00:00\",\"dateModified\":\"2022-12-31T20:40:38+00:00\",\"description\":\"Konjakin\u0117 kamant\u0173 formos gintarin\u0117 apyrank\u0117,Cognac amber chips stretch bracelet,Baltic amber chips shapes bracelet,kamantine apyranke\",\"breadcrumb\":{\"@id\":\"https:\/\/amberwithsilver.com\/product\/konjakine-kamantu-formos-gintarine-apyranke\/#breadcrumb\"},\"inLanguage\":\"en-US\",\"potentialAction\":[{\"@type\":\"ReadAction\",\"target\":[\"https:\/\/amberwithsilver.com\/product\/konjakine-kamantu-formos-gintarine-apyranke\/\"]}]},{\"@type\":\"ImageObject\",\"inLanguage\":\"en-US\",\"@id\":\"https:\/\/amberwithsilver.com\/product\/konjakine-kamantu-formos-gintarine-apyranke\/#primaryimage\",\"url\":\"https:\/\/amberwithsilver.com\/wp-content\/uploads\/2022\/11\/img_4951-scaled.jpeg\",\"contentUrl\":\"https:\/\/amberwithsilver.com\/wp-content\/uploads\/2022\/11\/img_4951-scaled.jpeg\",\"width\":2560,\"height\":2461,\"caption\":\"Konjakin\u0117 kamant\u0173 formos gintarin\u0117 apyrank\u0117,Cognac amber chips stretch bracelet\"},{\"@type\":\"BreadcrumbList\",\"@id\":\"https:\/\/amberwithsilver.com\/product\/konjakine-kamantu-formos-gintarine-apyranke\/#breadcrumb\",\"itemListElement\":[{\"@type\":\"ListItem\",\"position\":1,\"name\":\"Home\",\"item\":\"https:\/\/amberwithsilver.com\/\"},{\"@type\":\"ListItem\",\"position\":2,\"name\":\"Parduotuv\u0117\",\"item\":\"https:\/\/amberwithsilver.com\/en\/parduotuve\/\"},{\"@type\":\"ListItem\",\"position\":3,\"name\":\"Konjakin\u0117 kamant\u0173 formos gintarin\u0117 apyrank\u0117\"}]},{\"@type\":\"WebSite\",\"@id\":\"https:\/\/amberwithsilver.com\/en\/#website\",\"url\":\"https:\/\/amberwithsilver.com\/en\/\",\"name\":\"AmberWithSilver\",\"description\":\"Amber-Silver\",\"publisher\":{\"@id\":\"https:\/\/amberwithsilver.com\/en\/#organization\"},\"potentialAction\":[{\"@type\":\"SearchAction\",\"target\":{\"@type\":\"EntryPoint\",\"urlTemplate\":\"https:\/\/amberwithsilver.com\/en\/?s={search_term_string}\"},\"query-input\":{\"@type\":\"PropertyValueSpecification\",\"valueRequired\":true,\"valueName\":\"search_term_string\"}}],\"inLanguage\":\"en-US\"},{\"@type\":\"Organization\",\"@id\":\"https:\/\/amberwithsilver.com\/en\/#organization\",\"name\":\"amberwithsilver\",\"url\":\"https:\/\/amberwithsilver.com\/en\/\",\"logo\":{\"@type\":\"ImageObject\",\"inLanguage\":\"en-US\",\"@id\":\"https:\/\/amberwithsilver.com\/en\/#\/schema\/logo\/image\/\",\"url\":\"https:\/\/i0.wp.com\/amberwithsilver.com\/wp-content\/uploads\/2020\/12\/logo.jpg?fit=232%2C116&ssl=1\",\"contentUrl\":\"https:\/\/i0.wp.com\/amberwithsilver.com\/wp-content\/uploads\/2020\/12\/logo.jpg?fit=232%2C116&ssl=1\",\"width\":232,\"height\":116,\"caption\":\"amberwithsilver\"},\"image\":{\"@id\":\"https:\/\/amberwithsilver.com\/en\/#\/schema\/logo\/image\/\"}}]}<\/script>\n<!-- \/ Yoast SEO Premium plugin. -->","yoast_head_json":{"title":"Konjakin\u0117 kamant\u0173 formos gintarin\u0117 apyrank\u0117 - AmberWithSilver","description":"Konjakin\u0117 kamant\u0173 formos gintarin\u0117 apyrank\u0117,Cognac amber chips stretch bracelet,Baltic amber chips shapes bracelet,kamantine apyranke","robots":{"index":"index","follow":"follow","max-snippet":"max-snippet:-1","max-image-preview":"max-image-preview:large","max-video-preview":"max-video-preview:-1"},"canonical":"https:\/\/amberwithsilver.com\/en\/product\/konjakine-kamantu-formos-gintarine-apyranke\/","og_locale":"en_US","og_type":"article","og_title":"Konjakin\u0117 kamant\u0173 formos gintarin\u0117 apyrank\u0117","og_description":"Konjakin\u0117 kamant\u0173 formos gintarin\u0117 apyrank\u0117,Cognac amber chips stretch bracelet,Baltic amber chips shapes bracelet,kamantine apyranke","og_url":"https:\/\/amberwithsilver.com\/en\/product\/konjakine-kamantu-formos-gintarine-apyranke\/","og_site_name":"AmberWithSilver","article_modified_time":"2022-12-31T20:40:38+00:00","og_image":[{"width":2560,"height":2461,"url":"https:\/\/amberwithsilver.com\/wp-content\/uploads\/2022\/11\/img_4951-scaled.jpeg","type":"image\/jpeg"}],"twitter_card":"summary_large_image","twitter_misc":{"Est. reading time":"1 minute"},"schema":{"@context":"https:\/\/schema.org","@graph":[{"@type":"WebPage","@id":"https:\/\/amberwithsilver.com\/product\/konjakine-kamantu-formos-gintarine-apyranke\/","url":"https:\/\/amberwithsilver.com\/product\/konjakine-kamantu-formos-gintarine-apyranke\/","name":"Konjakin\u0117 kamant\u0173 formos gintarin\u0117 apyrank\u0117 - AmberWithSilver","isPartOf":{"@id":"https:\/\/amberwithsilver.com\/en\/#website"},"primaryImageOfPage":{"@id":"https:\/\/amberwithsilver.com\/product\/konjakine-kamantu-formos-gintarine-apyranke\/#primaryimage"},"image":{"@id":"https:\/\/amberwithsilver.com\/product\/konjakine-kamantu-formos-gintarine-apyranke\/#primaryimage"},"thumbnailUrl":"https:\/\/amberwithsilver.com\/wp-content\/uploads\/2022\/11\/img_4951-scaled.jpeg","datePublished":"2022-11-16T11:35:24+00:00","dateModified":"2022-12-31T20:40:38+00:00","description":"Konjakin\u0117 kamant\u0173 formos gintarin\u0117 apyrank\u0117,Cognac amber chips stretch bracelet,Baltic amber chips shapes bracelet,kamantine apyranke","breadcrumb":{"@id":"https:\/\/amberwithsilver.com\/product\/konjakine-kamantu-formos-gintarine-apyranke\/#breadcrumb"},"inLanguage":"en-US","potentialAction":[{"@type":"ReadAction","target":["https:\/\/amberwithsilver.com\/product\/konjakine-kamantu-formos-gintarine-apyranke\/"]}]},{"@type":"ImageObject","inLanguage":"en-US","@id":"https:\/\/amberwithsilver.com\/product\/konjakine-kamantu-formos-gintarine-apyranke\/#primaryimage","url":"https:\/\/amberwithsilver.com\/wp-content\/uploads\/2022\/11\/img_4951-scaled.jpeg","contentUrl":"https:\/\/amberwithsilver.com\/wp-content\/uploads\/2022\/11\/img_4951-scaled.jpeg","width":2560,"height":2461,"caption":"Konjakin\u0117 kamant\u0173 formos gintarin\u0117 apyrank\u0117,Cognac amber chips stretch bracelet"},{"@type":"BreadcrumbList","@id":"https:\/\/amberwithsilver.com\/product\/konjakine-kamantu-formos-gintarine-apyranke\/#breadcrumb","itemListElement":[{"@type":"ListItem","position":1,"name":"Home","item":"https:\/\/amberwithsilver.com\/"},{"@type":"ListItem","position":2,"name":"Parduotuv\u0117","item":"https:\/\/amberwithsilver.com\/en\/parduotuve\/"},{"@type":"ListItem","position":3,"name":"Konjakin\u0117 kamant\u0173 formos gintarin\u0117 apyrank\u0117"}]},{"@type":"WebSite","@id":"https:\/\/amberwithsilver.com\/en\/#website","url":"https:\/\/amberwithsilver.com\/en\/","name":"AmberWithSilver","description":"Amber-Silver","publisher":{"@id":"https:\/\/amberwithsilver.com\/en\/#organization"},"potentialAction":[{"@type":"SearchAction","target":{"@type":"EntryPoint","urlTemplate":"https:\/\/amberwithsilver.com\/en\/?s={search_term_string}"},"query-input":{"@type":"PropertyValueSpecification","valueRequired":true,"valueName":"search_term_string"}}],"inLanguage":"en-US"},{"@type":"Organization","@id":"https:\/\/amberwithsilver.com\/en\/#organization","name":"amberwithsilver","url":"https:\/\/amberwithsilver.com\/en\/","logo":{"@type":"ImageObject","inLanguage":"en-US","@id":"https:\/\/amberwithsilver.com\/en\/#\/schema\/logo\/image\/","url":"https:\/\/i0.wp.com\/amberwithsilver.com\/wp-content\/uploads\/2020\/12\/logo.jpg?fit=232%2C116&ssl=1","contentUrl":"https:\/\/i0.wp.com\/amberwithsilver.com\/wp-content\/uploads\/2020\/12\/logo.jpg?fit=232%2C116&ssl=1","width":232,"height":116,"caption":"amberwithsilver"},"image":{"@id":"https:\/\/amberwithsilver.com\/en\/#\/schema\/logo\/image\/"}}]}},"jetpack_sharing_enabled":true,"_links":{"self":[{"href":"https:\/\/amberwithsilver.com\/en\/wp-json\/wp\/v2\/product\/2469","targetHints":{"allow":["GET"]}}],"collection":[{"href":"https:\/\/amberwithsilver.com\/en\/wp-json\/wp\/v2\/product"}],"about":[{"href":"https:\/\/amberwithsilver.com\/en\/wp-json\/wp\/v2\/types\/product"}],"replies":[{"embeddable":true,"href":"https:\/\/amberwithsilver.com\/en\/wp-json\/wp\/v2\/comments?post=2469"}],"version-history":[{"count":0,"href":"https:\/\/amberwithsilver.com\/en\/wp-json\/wp\/v2\/product\/2469\/revisions"}],"wp:featuredmedia":[{"embeddable":true,"href":"https:\/\/amberwithsilver.com\/en\/wp-json\/wp\/v2\/media\/2472"}],"wp:attachment":[{"href":"https:\/\/amberwithsilver.com\/en\/wp-json\/wp\/v2\/media?parent=2469"}],"wp:term":[{"taxonomy":"product_brand","embeddable":true,"href":"https:\/\/amberwithsilver.com\/en\/wp-json\/wp\/v2\/product_brand?post=2469"},{"taxonomy":"product_cat","embeddable":true,"href":"https:\/\/amberwithsilver.com\/en\/wp-json\/wp\/v2\/product_cat?post=2469"},{"taxonomy":"product_tag","embeddable":true,"href":"https:\/\/amberwithsilver.com\/en\/wp-json\/wp\/v2\/product_tag?post=2469"}],"curies":[{"name":"wp","href":"https:\/\/api.w.org\/{rel}","templated":true}]}}