{"id":2480,"date":"2022-11-17T01:16:01","date_gmt":"2022-11-16T23:16:01","guid":{"rendered":"http:\/\/amberwithsilver.com\/?post_type=product&#038;p=2480"},"modified":"2022-12-31T22:39:12","modified_gmt":"2022-12-31T20:39:12","slug":"geltona-kamantu-formos-gintarine-apyranke","status":"publish","type":"product","link":"https:\/\/amberwithsilver.com\/en\/product\/geltona-kamantu-formos-gintarine-apyranke\/","title":{"rendered":"Yellow amber bracelet"},"content":{"rendered":"<p>Yellow amber bracelet. Yellow bracelet is made of natural, handmade parts. The free-form amber pieces blend perfectly with each other. Each piece of amber is like a juice of rays, a symbol of a hot drop of love and a bright sun.<\/p>\n<ul>\n<li>Baltic amber<\/li>\n<li>Yellow bow-shaped details<\/li>\n<li>Elastic rubber<\/li>\n<li>Length: ~ 19 cm<\/li>\n<li>Weight: ~27.4 gr.<\/li>\n<\/ul>\n<p>*Please note that the color of the product may vary slightly from that shown in the photo, depending on the monitor used by the Buyer and the lighting settings in the photos.<\/p>","protected":false},"excerpt":{"rendered":"<p>Yellow amber bracelet. Yellow bracelet is made of natural, handmade parts. The free-form amber pieces blend perfectly with each other. Each piece of amber is like a juice of rays, a symbol of a hot drop of love and a bright sun.<\/p>\n<ul>\n<li>Baltic amber<\/li>\n<li>Yellow bow-shaped details<\/li>\n<li>Elastic rubber<\/li>\n<li>Length: ~ 19 cm<\/li>\n<li>Weight: ~27.4 gr.<\/li>\n<\/ul>\n<p>*Please note that the color of the product may vary slightly from that shown in the photo, depending on the monitor used by the Buyer and the lighting settings in the photos.<\/p>","protected":false},"featured_media":2482,"comment_status":"open","ping_status":"closed","template":"","meta":[],"product_brand":[],"product_cat":[18],"product_tag":[597,796,803,804,805,806,807],"class_list":{"0":"post-2480","1":"product","2":"type-product","3":"status-publish","4":"has-post-thumbnail","6":"product_cat-gintaro-apyrankes","7":"product_tag-milky-amber-bracelet","8":"product_tag-baltijos","9":"product_tag-geltona-kamantu-formos-gintarine-apyranke","10":"product_tag-yellow-amber-chips-stretch-bracelet","11":"product_tag-natural-amber-stone","12":"product_tag-naturali-apyranke-is-gintaro","13":"product_tag-medaus-spalvos-gintarine-apyranke","15":"first","16":"instock","17":"sold-individually","18":"taxable","19":"shipping-taxable","20":"purchasable","21":"product-type-simple"},"yoast_head":"<!-- This site is optimized with the Yoast SEO Premium plugin v23.4 (Yoast SEO v26.8) - https:\/\/yoast.com\/product\/yoast-seo-premium-wordpress\/ -->\n<title>Geltona kamant\u0173 formos gintarin\u0117 apyrank\u0117 - AmberWithSilver<\/title>\n<meta name=\"description\" content=\"Geltona kamant\u0173 formos gintarin\u0117 apyrank\u0117,Yellow amber chips stretch bracelet, natural amber stone,naturali apyranke is gintaro,Baltijos\" \/>\n<meta name=\"robots\" content=\"index, follow, max-snippet:-1, max-image-preview:large, max-video-preview:-1\" \/>\n<link rel=\"canonical\" href=\"https:\/\/amberwithsilver.com\/en\/product\/geltona-kamantu-formos-gintarine-apyranke\/\" \/>\n<meta property=\"og:locale\" content=\"en_US\" \/>\n<meta property=\"og:type\" content=\"article\" \/>\n<meta property=\"og:title\" content=\"Geltona kamant\u0173 formos gintarin\u0117 apyrank\u0117\" \/>\n<meta property=\"og:description\" content=\"Geltona kamant\u0173 formos gintarin\u0117 apyrank\u0117,Yellow amber chips stretch bracelet, natural amber stone,naturali apyranke is gintaro,Baltijos\" \/>\n<meta property=\"og:url\" content=\"https:\/\/amberwithsilver.com\/en\/product\/geltona-kamantu-formos-gintarine-apyranke\/\" \/>\n<meta property=\"og:site_name\" content=\"AmberWithSilver\" \/>\n<meta property=\"article:modified_time\" content=\"2022-12-31T20:39:12+00:00\" \/>\n<meta property=\"og:image\" content=\"https:\/\/amberwithsilver.com\/wp-content\/uploads\/2022\/11\/img_4948.jpeg\" \/>\n\t<meta property=\"og:image:width\" content=\"2300\" \/>\n\t<meta property=\"og:image:height\" content=\"2345\" \/>\n\t<meta property=\"og:image:type\" content=\"image\/jpeg\" \/>\n<meta name=\"twitter:card\" content=\"summary_large_image\" \/>\n<script type=\"application\/ld+json\" class=\"yoast-schema-graph\">{\"@context\":\"https:\/\/schema.org\",\"@graph\":[{\"@type\":\"WebPage\",\"@id\":\"https:\/\/amberwithsilver.com\/product\/geltona-kamantu-formos-gintarine-apyranke\/\",\"url\":\"https:\/\/amberwithsilver.com\/product\/geltona-kamantu-formos-gintarine-apyranke\/\",\"name\":\"Geltona kamant\u0173 formos gintarin\u0117 apyrank\u0117 - AmberWithSilver\",\"isPartOf\":{\"@id\":\"https:\/\/amberwithsilver.com\/en\/#website\"},\"primaryImageOfPage\":{\"@id\":\"https:\/\/amberwithsilver.com\/product\/geltona-kamantu-formos-gintarine-apyranke\/#primaryimage\"},\"image\":{\"@id\":\"https:\/\/amberwithsilver.com\/product\/geltona-kamantu-formos-gintarine-apyranke\/#primaryimage\"},\"thumbnailUrl\":\"https:\/\/amberwithsilver.com\/wp-content\/uploads\/2022\/11\/img_4948.jpeg\",\"datePublished\":\"2022-11-16T23:16:01+00:00\",\"dateModified\":\"2022-12-31T20:39:12+00:00\",\"description\":\"Geltona kamant\u0173 formos gintarin\u0117 apyrank\u0117,Yellow amber chips stretch bracelet, natural amber stone,naturali apyranke is gintaro,Baltijos\",\"breadcrumb\":{\"@id\":\"https:\/\/amberwithsilver.com\/product\/geltona-kamantu-formos-gintarine-apyranke\/#breadcrumb\"},\"inLanguage\":\"en-US\",\"potentialAction\":[{\"@type\":\"ReadAction\",\"target\":[\"https:\/\/amberwithsilver.com\/product\/geltona-kamantu-formos-gintarine-apyranke\/\"]}]},{\"@type\":\"ImageObject\",\"inLanguage\":\"en-US\",\"@id\":\"https:\/\/amberwithsilver.com\/product\/geltona-kamantu-formos-gintarine-apyranke\/#primaryimage\",\"url\":\"https:\/\/amberwithsilver.com\/wp-content\/uploads\/2022\/11\/img_4948.jpeg\",\"contentUrl\":\"https:\/\/amberwithsilver.com\/wp-content\/uploads\/2022\/11\/img_4948.jpeg\",\"width\":2300,\"height\":2345,\"caption\":\"Geltona kamant\u0173 formos gintarin\u0117 apyrank\u0117,Yellow amber chips stretch bracelet\"},{\"@type\":\"BreadcrumbList\",\"@id\":\"https:\/\/amberwithsilver.com\/product\/geltona-kamantu-formos-gintarine-apyranke\/#breadcrumb\",\"itemListElement\":[{\"@type\":\"ListItem\",\"position\":1,\"name\":\"Home\",\"item\":\"https:\/\/amberwithsilver.com\/\"},{\"@type\":\"ListItem\",\"position\":2,\"name\":\"Parduotuv\u0117\",\"item\":\"https:\/\/amberwithsilver.com\/en\/parduotuve\/\"},{\"@type\":\"ListItem\",\"position\":3,\"name\":\"Geltona kamant\u0173 formos gintarin\u0117 apyrank\u0117\"}]},{\"@type\":\"WebSite\",\"@id\":\"https:\/\/amberwithsilver.com\/en\/#website\",\"url\":\"https:\/\/amberwithsilver.com\/en\/\",\"name\":\"AmberWithSilver\",\"description\":\"Amber-Silver\",\"publisher\":{\"@id\":\"https:\/\/amberwithsilver.com\/en\/#organization\"},\"potentialAction\":[{\"@type\":\"SearchAction\",\"target\":{\"@type\":\"EntryPoint\",\"urlTemplate\":\"https:\/\/amberwithsilver.com\/en\/?s={search_term_string}\"},\"query-input\":{\"@type\":\"PropertyValueSpecification\",\"valueRequired\":true,\"valueName\":\"search_term_string\"}}],\"inLanguage\":\"en-US\"},{\"@type\":\"Organization\",\"@id\":\"https:\/\/amberwithsilver.com\/en\/#organization\",\"name\":\"amberwithsilver\",\"url\":\"https:\/\/amberwithsilver.com\/en\/\",\"logo\":{\"@type\":\"ImageObject\",\"inLanguage\":\"en-US\",\"@id\":\"https:\/\/amberwithsilver.com\/en\/#\/schema\/logo\/image\/\",\"url\":\"https:\/\/i0.wp.com\/amberwithsilver.com\/wp-content\/uploads\/2020\/12\/logo.jpg?fit=232%2C116&ssl=1\",\"contentUrl\":\"https:\/\/i0.wp.com\/amberwithsilver.com\/wp-content\/uploads\/2020\/12\/logo.jpg?fit=232%2C116&ssl=1\",\"width\":232,\"height\":116,\"caption\":\"amberwithsilver\"},\"image\":{\"@id\":\"https:\/\/amberwithsilver.com\/en\/#\/schema\/logo\/image\/\"}}]}<\/script>\n<!-- \/ Yoast SEO Premium plugin. -->","yoast_head_json":{"title":"Geltona kamant\u0173 formos gintarin\u0117 apyrank\u0117 - AmberWithSilver","description":"Geltona kamant\u0173 formos gintarin\u0117 apyrank\u0117,Yellow amber chips stretch bracelet, natural amber stone,naturali apyranke is gintaro,Baltijos","robots":{"index":"index","follow":"follow","max-snippet":"max-snippet:-1","max-image-preview":"max-image-preview:large","max-video-preview":"max-video-preview:-1"},"canonical":"https:\/\/amberwithsilver.com\/en\/product\/geltona-kamantu-formos-gintarine-apyranke\/","og_locale":"en_US","og_type":"article","og_title":"Geltona kamant\u0173 formos gintarin\u0117 apyrank\u0117","og_description":"Geltona kamant\u0173 formos gintarin\u0117 apyrank\u0117,Yellow amber chips stretch bracelet, natural amber stone,naturali apyranke is gintaro,Baltijos","og_url":"https:\/\/amberwithsilver.com\/en\/product\/geltona-kamantu-formos-gintarine-apyranke\/","og_site_name":"AmberWithSilver","article_modified_time":"2022-12-31T20:39:12+00:00","og_image":[{"width":2300,"height":2345,"url":"https:\/\/amberwithsilver.com\/wp-content\/uploads\/2022\/11\/img_4948.jpeg","type":"image\/jpeg"}],"twitter_card":"summary_large_image","schema":{"@context":"https:\/\/schema.org","@graph":[{"@type":"WebPage","@id":"https:\/\/amberwithsilver.com\/product\/geltona-kamantu-formos-gintarine-apyranke\/","url":"https:\/\/amberwithsilver.com\/product\/geltona-kamantu-formos-gintarine-apyranke\/","name":"Geltona kamant\u0173 formos gintarin\u0117 apyrank\u0117 - AmberWithSilver","isPartOf":{"@id":"https:\/\/amberwithsilver.com\/en\/#website"},"primaryImageOfPage":{"@id":"https:\/\/amberwithsilver.com\/product\/geltona-kamantu-formos-gintarine-apyranke\/#primaryimage"},"image":{"@id":"https:\/\/amberwithsilver.com\/product\/geltona-kamantu-formos-gintarine-apyranke\/#primaryimage"},"thumbnailUrl":"https:\/\/amberwithsilver.com\/wp-content\/uploads\/2022\/11\/img_4948.jpeg","datePublished":"2022-11-16T23:16:01+00:00","dateModified":"2022-12-31T20:39:12+00:00","description":"Geltona kamant\u0173 formos gintarin\u0117 apyrank\u0117,Yellow amber chips stretch bracelet, natural amber stone,naturali apyranke is gintaro,Baltijos","breadcrumb":{"@id":"https:\/\/amberwithsilver.com\/product\/geltona-kamantu-formos-gintarine-apyranke\/#breadcrumb"},"inLanguage":"en-US","potentialAction":[{"@type":"ReadAction","target":["https:\/\/amberwithsilver.com\/product\/geltona-kamantu-formos-gintarine-apyranke\/"]}]},{"@type":"ImageObject","inLanguage":"en-US","@id":"https:\/\/amberwithsilver.com\/product\/geltona-kamantu-formos-gintarine-apyranke\/#primaryimage","url":"https:\/\/amberwithsilver.com\/wp-content\/uploads\/2022\/11\/img_4948.jpeg","contentUrl":"https:\/\/amberwithsilver.com\/wp-content\/uploads\/2022\/11\/img_4948.jpeg","width":2300,"height":2345,"caption":"Geltona kamant\u0173 formos gintarin\u0117 apyrank\u0117,Yellow amber chips stretch bracelet"},{"@type":"BreadcrumbList","@id":"https:\/\/amberwithsilver.com\/product\/geltona-kamantu-formos-gintarine-apyranke\/#breadcrumb","itemListElement":[{"@type":"ListItem","position":1,"name":"Home","item":"https:\/\/amberwithsilver.com\/"},{"@type":"ListItem","position":2,"name":"Parduotuv\u0117","item":"https:\/\/amberwithsilver.com\/en\/parduotuve\/"},{"@type":"ListItem","position":3,"name":"Geltona kamant\u0173 formos gintarin\u0117 apyrank\u0117"}]},{"@type":"WebSite","@id":"https:\/\/amberwithsilver.com\/en\/#website","url":"https:\/\/amberwithsilver.com\/en\/","name":"AmberWithSilver","description":"Amber-Silver","publisher":{"@id":"https:\/\/amberwithsilver.com\/en\/#organization"},"potentialAction":[{"@type":"SearchAction","target":{"@type":"EntryPoint","urlTemplate":"https:\/\/amberwithsilver.com\/en\/?s={search_term_string}"},"query-input":{"@type":"PropertyValueSpecification","valueRequired":true,"valueName":"search_term_string"}}],"inLanguage":"en-US"},{"@type":"Organization","@id":"https:\/\/amberwithsilver.com\/en\/#organization","name":"amberwithsilver","url":"https:\/\/amberwithsilver.com\/en\/","logo":{"@type":"ImageObject","inLanguage":"en-US","@id":"https:\/\/amberwithsilver.com\/en\/#\/schema\/logo\/image\/","url":"https:\/\/i0.wp.com\/amberwithsilver.com\/wp-content\/uploads\/2020\/12\/logo.jpg?fit=232%2C116&ssl=1","contentUrl":"https:\/\/i0.wp.com\/amberwithsilver.com\/wp-content\/uploads\/2020\/12\/logo.jpg?fit=232%2C116&ssl=1","width":232,"height":116,"caption":"amberwithsilver"},"image":{"@id":"https:\/\/amberwithsilver.com\/en\/#\/schema\/logo\/image\/"}}]}},"jetpack_sharing_enabled":true,"_links":{"self":[{"href":"https:\/\/amberwithsilver.com\/en\/wp-json\/wp\/v2\/product\/2480","targetHints":{"allow":["GET"]}}],"collection":[{"href":"https:\/\/amberwithsilver.com\/en\/wp-json\/wp\/v2\/product"}],"about":[{"href":"https:\/\/amberwithsilver.com\/en\/wp-json\/wp\/v2\/types\/product"}],"replies":[{"embeddable":true,"href":"https:\/\/amberwithsilver.com\/en\/wp-json\/wp\/v2\/comments?post=2480"}],"version-history":[{"count":0,"href":"https:\/\/amberwithsilver.com\/en\/wp-json\/wp\/v2\/product\/2480\/revisions"}],"wp:featuredmedia":[{"embeddable":true,"href":"https:\/\/amberwithsilver.com\/en\/wp-json\/wp\/v2\/media\/2482"}],"wp:attachment":[{"href":"https:\/\/amberwithsilver.com\/en\/wp-json\/wp\/v2\/media?parent=2480"}],"wp:term":[{"taxonomy":"product_brand","embeddable":true,"href":"https:\/\/amberwithsilver.com\/en\/wp-json\/wp\/v2\/product_brand?post=2480"},{"taxonomy":"product_cat","embeddable":true,"href":"https:\/\/amberwithsilver.com\/en\/wp-json\/wp\/v2\/product_cat?post=2480"},{"taxonomy":"product_tag","embeddable":true,"href":"https:\/\/amberwithsilver.com\/en\/wp-json\/wp\/v2\/product_tag?post=2480"}],"curies":[{"name":"wp","href":"https:\/\/api.w.org\/{rel}","templated":true}]}}