{"id":2493,"date":"2022-11-21T19:01:42","date_gmt":"2022-11-21T17:01:42","guid":{"rendered":"http:\/\/amberwithsilver.com\/?post_type=product&#038;p=2493"},"modified":"2023-03-29T17:40:24","modified_gmt":"2023-03-29T15:40:24","slug":"siltu-atspalviu-baltijos-gintaro-apyranke","status":"publish","type":"product","link":"https:\/\/amberwithsilver.com\/en\/product\/siltu-atspalviu-baltijos-gintaro-apyranke\/","title":{"rendered":"Warm-toned Baltic amber bracelet"},"content":{"rendered":"<p><span class=\"HwtZe\" lang=\"lt\"><span class=\"jCAhz ChMk0b C1N51c\"><span class=\"ryNqvb\">Warm-toned Baltic amber bracelet<\/span><\/span><\/span>Warm-toned Baltic amber bracelet. Made from irregular pieces of natural amber. Shines in warm shades of honey, cognac and green.<\/p>\n<ul>\n<li>Natural Baltic amber<\/li>\n<li>Black amber rectangle shape beads<\/li>\n<li>Elastic silicon<\/li>\n<li>Length: ~ 23 cm<\/li>\n<li>Weight: ~ 66 gr.<\/li>\n<\/ul>\n<p>*Please note that the color of the product may vary slightly from that shown in the photo, depending on the monitor used by the Buyer and the lighting settings in the photos.<\/p>","protected":false},"excerpt":{"rendered":"<p><span class=\"HwtZe\" lang=\"lt\"><span class=\"jCAhz ChMk0b C1N51c\"><span class=\"ryNqvb\">Warm-toned Baltic amber bracelet<\/span><\/span><\/span>Warm-toned Baltic amber bracelet. Made from irregular pieces of natural amber. Shines in warm shades of honey, cognac and green.<\/p>\n<ul>\n<li>Natural Baltic amber<\/li>\n<li>Black amber rectangle shape beads<\/li>\n<li>Elastic silicon<\/li>\n<li>Length: ~ 23 cm<\/li>\n<li>Weight: ~ 66 gr.<\/li>\n<\/ul>\n<p>*Please note that the color of the product may vary slightly from that shown in the photo, depending on the monitor used by the Buyer and the lighting settings in the photos.<\/p>","protected":false},"featured_media":2495,"comment_status":"open","ping_status":"closed","template":"","meta":[],"product_brand":[],"product_cat":[18],"product_tag":[811,812,813,814],"class_list":{"0":"post-2493","1":"product","2":"type-product","3":"status-publish","4":"has-post-thumbnail","6":"product_cat-gintaro-apyrankes","7":"product_tag-siltu-atspalviu-baltijos-gintaro-apyranke","8":"product_tag-baltic-amber-bracelet-with-warm-shades","9":"product_tag-stambi-gintarine-apyranke","10":"product_tag-large-baltic-amber-bracelet","12":"first","13":"instock","14":"sold-individually","15":"taxable","16":"shipping-taxable","17":"purchasable","18":"product-type-simple"},"yoast_head":"<!-- This site is optimized with the Yoast SEO Premium plugin v23.4 (Yoast SEO v26.8) - https:\/\/yoast.com\/product\/yoast-seo-premium-wordpress\/ -->\n<title>\u0160ilt\u0173 atspalvi\u0173 Baltijos gintaro apyrank\u0117 - AmberWithSilver<\/title>\n<meta name=\"description\" content=\"\u0160ilt\u0173 atspalvi\u0173 Baltijos gintaro apyrank\u0117,Baltic amber bracelet with warm shades,stambi gintarine apyranke,large Baltic amber bracelet\" \/>\n<meta name=\"robots\" content=\"index, follow, max-snippet:-1, max-image-preview:large, max-video-preview:-1\" \/>\n<link rel=\"canonical\" href=\"https:\/\/amberwithsilver.com\/en\/product\/siltu-atspalviu-baltijos-gintaro-apyranke\/\" \/>\n<meta property=\"og:locale\" content=\"en_US\" \/>\n<meta property=\"og:type\" content=\"article\" \/>\n<meta property=\"og:title\" content=\"\u0160ilt\u0173 atspalvi\u0173 Baltijos gintaro apyrank\u0117\" \/>\n<meta property=\"og:description\" content=\"\u0160ilt\u0173 atspalvi\u0173 Baltijos gintaro apyrank\u0117,Baltic amber bracelet with warm shades,stambi gintarine apyranke,large Baltic amber bracelet\" \/>\n<meta property=\"og:url\" content=\"https:\/\/amberwithsilver.com\/en\/product\/siltu-atspalviu-baltijos-gintaro-apyranke\/\" \/>\n<meta property=\"og:site_name\" content=\"AmberWithSilver\" \/>\n<meta property=\"article:modified_time\" content=\"2023-03-29T15:40:24+00:00\" \/>\n<meta property=\"og:image\" content=\"https:\/\/amberwithsilver.com\/wp-content\/uploads\/2022\/11\/img_5182-scaled.jpeg\" \/>\n\t<meta property=\"og:image:width\" content=\"2443\" \/>\n\t<meta property=\"og:image:height\" content=\"2560\" \/>\n\t<meta property=\"og:image:type\" content=\"image\/jpeg\" \/>\n<meta name=\"twitter:card\" content=\"summary_large_image\" \/>\n<script type=\"application\/ld+json\" class=\"yoast-schema-graph\">{\"@context\":\"https:\/\/schema.org\",\"@graph\":[{\"@type\":\"WebPage\",\"@id\":\"https:\/\/amberwithsilver.com\/product\/siltu-atspalviu-baltijos-gintaro-apyranke\/\",\"url\":\"https:\/\/amberwithsilver.com\/product\/siltu-atspalviu-baltijos-gintaro-apyranke\/\",\"name\":\"\u0160ilt\u0173 atspalvi\u0173 Baltijos gintaro apyrank\u0117 - AmberWithSilver\",\"isPartOf\":{\"@id\":\"https:\/\/amberwithsilver.com\/en\/#website\"},\"primaryImageOfPage\":{\"@id\":\"https:\/\/amberwithsilver.com\/product\/siltu-atspalviu-baltijos-gintaro-apyranke\/#primaryimage\"},\"image\":{\"@id\":\"https:\/\/amberwithsilver.com\/product\/siltu-atspalviu-baltijos-gintaro-apyranke\/#primaryimage\"},\"thumbnailUrl\":\"https:\/\/amberwithsilver.com\/wp-content\/uploads\/2022\/11\/img_5182-scaled.jpeg\",\"datePublished\":\"2022-11-21T17:01:42+00:00\",\"dateModified\":\"2023-03-29T15:40:24+00:00\",\"description\":\"\u0160ilt\u0173 atspalvi\u0173 Baltijos gintaro apyrank\u0117,Baltic amber bracelet with warm shades,stambi gintarine apyranke,large Baltic amber bracelet\",\"breadcrumb\":{\"@id\":\"https:\/\/amberwithsilver.com\/product\/siltu-atspalviu-baltijos-gintaro-apyranke\/#breadcrumb\"},\"inLanguage\":\"en-US\",\"potentialAction\":[{\"@type\":\"ReadAction\",\"target\":[\"https:\/\/amberwithsilver.com\/product\/siltu-atspalviu-baltijos-gintaro-apyranke\/\"]}]},{\"@type\":\"ImageObject\",\"inLanguage\":\"en-US\",\"@id\":\"https:\/\/amberwithsilver.com\/product\/siltu-atspalviu-baltijos-gintaro-apyranke\/#primaryimage\",\"url\":\"https:\/\/amberwithsilver.com\/wp-content\/uploads\/2022\/11\/img_5182-scaled.jpeg\",\"contentUrl\":\"https:\/\/amberwithsilver.com\/wp-content\/uploads\/2022\/11\/img_5182-scaled.jpeg\",\"width\":2443,\"height\":2560,\"caption\":\"\u0160ilt\u0173 atspalvi\u0173 Baltijos gintaro apyrank\u0117,Baltic amber bracelet with warm shades\"},{\"@type\":\"BreadcrumbList\",\"@id\":\"https:\/\/amberwithsilver.com\/product\/siltu-atspalviu-baltijos-gintaro-apyranke\/#breadcrumb\",\"itemListElement\":[{\"@type\":\"ListItem\",\"position\":1,\"name\":\"Home\",\"item\":\"https:\/\/amberwithsilver.com\/\"},{\"@type\":\"ListItem\",\"position\":2,\"name\":\"Parduotuv\u0117\",\"item\":\"https:\/\/amberwithsilver.com\/en\/parduotuve\/\"},{\"@type\":\"ListItem\",\"position\":3,\"name\":\"\u0160ilt\u0173 atspalvi\u0173 Baltijos gintaro apyrank\u0117\"}]},{\"@type\":\"WebSite\",\"@id\":\"https:\/\/amberwithsilver.com\/en\/#website\",\"url\":\"https:\/\/amberwithsilver.com\/en\/\",\"name\":\"AmberWithSilver\",\"description\":\"Amber-Silver\",\"publisher\":{\"@id\":\"https:\/\/amberwithsilver.com\/en\/#organization\"},\"potentialAction\":[{\"@type\":\"SearchAction\",\"target\":{\"@type\":\"EntryPoint\",\"urlTemplate\":\"https:\/\/amberwithsilver.com\/en\/?s={search_term_string}\"},\"query-input\":{\"@type\":\"PropertyValueSpecification\",\"valueRequired\":true,\"valueName\":\"search_term_string\"}}],\"inLanguage\":\"en-US\"},{\"@type\":\"Organization\",\"@id\":\"https:\/\/amberwithsilver.com\/en\/#organization\",\"name\":\"amberwithsilver\",\"url\":\"https:\/\/amberwithsilver.com\/en\/\",\"logo\":{\"@type\":\"ImageObject\",\"inLanguage\":\"en-US\",\"@id\":\"https:\/\/amberwithsilver.com\/en\/#\/schema\/logo\/image\/\",\"url\":\"https:\/\/i0.wp.com\/amberwithsilver.com\/wp-content\/uploads\/2020\/12\/logo.jpg?fit=232%2C116&ssl=1\",\"contentUrl\":\"https:\/\/i0.wp.com\/amberwithsilver.com\/wp-content\/uploads\/2020\/12\/logo.jpg?fit=232%2C116&ssl=1\",\"width\":232,\"height\":116,\"caption\":\"amberwithsilver\"},\"image\":{\"@id\":\"https:\/\/amberwithsilver.com\/en\/#\/schema\/logo\/image\/\"}}]}<\/script>\n<!-- \/ Yoast SEO Premium plugin. -->","yoast_head_json":{"title":"\u0160ilt\u0173 atspalvi\u0173 Baltijos gintaro apyrank\u0117 - AmberWithSilver","description":"\u0160ilt\u0173 atspalvi\u0173 Baltijos gintaro apyrank\u0117,Baltic amber bracelet with warm shades,stambi gintarine apyranke,large Baltic amber bracelet","robots":{"index":"index","follow":"follow","max-snippet":"max-snippet:-1","max-image-preview":"max-image-preview:large","max-video-preview":"max-video-preview:-1"},"canonical":"https:\/\/amberwithsilver.com\/en\/product\/siltu-atspalviu-baltijos-gintaro-apyranke\/","og_locale":"en_US","og_type":"article","og_title":"\u0160ilt\u0173 atspalvi\u0173 Baltijos gintaro apyrank\u0117","og_description":"\u0160ilt\u0173 atspalvi\u0173 Baltijos gintaro apyrank\u0117,Baltic amber bracelet with warm shades,stambi gintarine apyranke,large Baltic amber bracelet","og_url":"https:\/\/amberwithsilver.com\/en\/product\/siltu-atspalviu-baltijos-gintaro-apyranke\/","og_site_name":"AmberWithSilver","article_modified_time":"2023-03-29T15:40:24+00:00","og_image":[{"width":2443,"height":2560,"url":"https:\/\/amberwithsilver.com\/wp-content\/uploads\/2022\/11\/img_5182-scaled.jpeg","type":"image\/jpeg"}],"twitter_card":"summary_large_image","schema":{"@context":"https:\/\/schema.org","@graph":[{"@type":"WebPage","@id":"https:\/\/amberwithsilver.com\/product\/siltu-atspalviu-baltijos-gintaro-apyranke\/","url":"https:\/\/amberwithsilver.com\/product\/siltu-atspalviu-baltijos-gintaro-apyranke\/","name":"\u0160ilt\u0173 atspalvi\u0173 Baltijos gintaro apyrank\u0117 - AmberWithSilver","isPartOf":{"@id":"https:\/\/amberwithsilver.com\/en\/#website"},"primaryImageOfPage":{"@id":"https:\/\/amberwithsilver.com\/product\/siltu-atspalviu-baltijos-gintaro-apyranke\/#primaryimage"},"image":{"@id":"https:\/\/amberwithsilver.com\/product\/siltu-atspalviu-baltijos-gintaro-apyranke\/#primaryimage"},"thumbnailUrl":"https:\/\/amberwithsilver.com\/wp-content\/uploads\/2022\/11\/img_5182-scaled.jpeg","datePublished":"2022-11-21T17:01:42+00:00","dateModified":"2023-03-29T15:40:24+00:00","description":"\u0160ilt\u0173 atspalvi\u0173 Baltijos gintaro apyrank\u0117,Baltic amber bracelet with warm shades,stambi gintarine apyranke,large Baltic amber bracelet","breadcrumb":{"@id":"https:\/\/amberwithsilver.com\/product\/siltu-atspalviu-baltijos-gintaro-apyranke\/#breadcrumb"},"inLanguage":"en-US","potentialAction":[{"@type":"ReadAction","target":["https:\/\/amberwithsilver.com\/product\/siltu-atspalviu-baltijos-gintaro-apyranke\/"]}]},{"@type":"ImageObject","inLanguage":"en-US","@id":"https:\/\/amberwithsilver.com\/product\/siltu-atspalviu-baltijos-gintaro-apyranke\/#primaryimage","url":"https:\/\/amberwithsilver.com\/wp-content\/uploads\/2022\/11\/img_5182-scaled.jpeg","contentUrl":"https:\/\/amberwithsilver.com\/wp-content\/uploads\/2022\/11\/img_5182-scaled.jpeg","width":2443,"height":2560,"caption":"\u0160ilt\u0173 atspalvi\u0173 Baltijos gintaro apyrank\u0117,Baltic amber bracelet with warm shades"},{"@type":"BreadcrumbList","@id":"https:\/\/amberwithsilver.com\/product\/siltu-atspalviu-baltijos-gintaro-apyranke\/#breadcrumb","itemListElement":[{"@type":"ListItem","position":1,"name":"Home","item":"https:\/\/amberwithsilver.com\/"},{"@type":"ListItem","position":2,"name":"Parduotuv\u0117","item":"https:\/\/amberwithsilver.com\/en\/parduotuve\/"},{"@type":"ListItem","position":3,"name":"\u0160ilt\u0173 atspalvi\u0173 Baltijos gintaro apyrank\u0117"}]},{"@type":"WebSite","@id":"https:\/\/amberwithsilver.com\/en\/#website","url":"https:\/\/amberwithsilver.com\/en\/","name":"AmberWithSilver","description":"Amber-Silver","publisher":{"@id":"https:\/\/amberwithsilver.com\/en\/#organization"},"potentialAction":[{"@type":"SearchAction","target":{"@type":"EntryPoint","urlTemplate":"https:\/\/amberwithsilver.com\/en\/?s={search_term_string}"},"query-input":{"@type":"PropertyValueSpecification","valueRequired":true,"valueName":"search_term_string"}}],"inLanguage":"en-US"},{"@type":"Organization","@id":"https:\/\/amberwithsilver.com\/en\/#organization","name":"amberwithsilver","url":"https:\/\/amberwithsilver.com\/en\/","logo":{"@type":"ImageObject","inLanguage":"en-US","@id":"https:\/\/amberwithsilver.com\/en\/#\/schema\/logo\/image\/","url":"https:\/\/i0.wp.com\/amberwithsilver.com\/wp-content\/uploads\/2020\/12\/logo.jpg?fit=232%2C116&ssl=1","contentUrl":"https:\/\/i0.wp.com\/amberwithsilver.com\/wp-content\/uploads\/2020\/12\/logo.jpg?fit=232%2C116&ssl=1","width":232,"height":116,"caption":"amberwithsilver"},"image":{"@id":"https:\/\/amberwithsilver.com\/en\/#\/schema\/logo\/image\/"}}]}},"jetpack_sharing_enabled":true,"_links":{"self":[{"href":"https:\/\/amberwithsilver.com\/en\/wp-json\/wp\/v2\/product\/2493","targetHints":{"allow":["GET"]}}],"collection":[{"href":"https:\/\/amberwithsilver.com\/en\/wp-json\/wp\/v2\/product"}],"about":[{"href":"https:\/\/amberwithsilver.com\/en\/wp-json\/wp\/v2\/types\/product"}],"replies":[{"embeddable":true,"href":"https:\/\/amberwithsilver.com\/en\/wp-json\/wp\/v2\/comments?post=2493"}],"version-history":[{"count":0,"href":"https:\/\/amberwithsilver.com\/en\/wp-json\/wp\/v2\/product\/2493\/revisions"}],"wp:featuredmedia":[{"embeddable":true,"href":"https:\/\/amberwithsilver.com\/en\/wp-json\/wp\/v2\/media\/2495"}],"wp:attachment":[{"href":"https:\/\/amberwithsilver.com\/en\/wp-json\/wp\/v2\/media?parent=2493"}],"wp:term":[{"taxonomy":"product_brand","embeddable":true,"href":"https:\/\/amberwithsilver.com\/en\/wp-json\/wp\/v2\/product_brand?post=2493"},{"taxonomy":"product_cat","embeddable":true,"href":"https:\/\/amberwithsilver.com\/en\/wp-json\/wp\/v2\/product_cat?post=2493"},{"taxonomy":"product_tag","embeddable":true,"href":"https:\/\/amberwithsilver.com\/en\/wp-json\/wp\/v2\/product_tag?post=2493"}],"curies":[{"name":"wp","href":"https:\/\/api.w.org\/{rel}","templated":true}]}}