{"id":2511,"date":"2022-12-29T14:40:46","date_gmt":"2022-12-29T12:40:46","guid":{"rendered":"http:\/\/amberwithsilver.com\/?post_type=product&#038;p=2511"},"modified":"2023-03-31T09:23:11","modified_gmt":"2023-03-31T07:23:11","slug":"peizazinio-gintaro-verinys-su-unikaliu-pakabuku","status":"publish","type":"product","link":"https:\/\/amberwithsilver.com\/en\/product\/peizazinio-gintaro-verinys-su-unikaliu-pakabuku\/","title":{"rendered":"Landscape amber necklace with a unique pendant"},"content":{"rendered":"<p>Landscape amber necklace with a unique pendant.<\/p>\n<div class=\"woocommerce-product-details__short-description\">\n<ul>\n<li>Natural Baltic amber<\/li>\n<li>White, yellow colors round Baltic amber beads<\/li>\n<li><span class=\"VIiyi\" lang=\"lt\"><span class=\"JLqJ4b ChMk0b\" data-language-for-alternatives=\"lt\" data-language-to-translate-into=\"en\" data-phrase-index=\"0\">Plastic screw clasp<\/span><\/span><\/li>\n<li>Length: ~ 45 cm<\/li>\n<li>Weight: ~19 grams<\/li>\n<li>Beads size: ~ 5 mm<\/li>\n<li>Pendants size: ~ 3x5 cm<\/li>\n<\/ul>\n<p>*Please note as with all natural gemstones the color may vary slightly from the photo shown.<\/p>\n<\/div>","protected":false},"excerpt":{"rendered":"<p>Landscape amber necklace with a unique pendant.<\/p>\n<div class=\"woocommerce-product-details__short-description\">\n<ul>\n<li>Natural Baltic amber<\/li>\n<li>White, yellow colors round Baltic amber beads<\/li>\n<li><span class=\"VIiyi\" lang=\"lt\"><span class=\"JLqJ4b ChMk0b\" data-language-for-alternatives=\"lt\" data-language-to-translate-into=\"en\" data-phrase-index=\"0\">Plastic screw clasp<\/span><\/span><\/li>\n<li>Length: ~ 45 cm<\/li>\n<li>Weight: ~19 grams<\/li>\n<li>Beads size: ~ 5 mm<\/li>\n<li>Pendants size: ~ 3x5 cm<\/li>\n<\/ul>\n<p>*Please note as with all natural gemstones the color may vary slightly from the photo shown.<\/p>\n<\/div>","protected":false},"featured_media":2516,"comment_status":"open","ping_status":"closed","template":"","meta":[],"product_brand":[],"product_cat":[856],"product_tag":[67,822,823,824],"class_list":{"0":"post-2511","1":"product","2":"type-product","3":"status-publish","4":"has-post-thumbnail","6":"product_cat-gintaro-veriniai-su-pakabuku","7":"product_tag-baltas-gintaras","8":"product_tag-peizazinio-gintaro-verinys-su-unikaliu-pakabuku","9":"product_tag-landscape-amber-necklace-with-a-unique-pendant","10":"product_tag-white-amber-necklace","12":"first","13":"outofstock","14":"taxable","15":"shipping-taxable","16":"purchasable","17":"product-type-simple"},"yoast_head":"<!-- This site is optimized with the Yoast SEO Premium plugin v23.4 (Yoast SEO v27.4) - https:\/\/yoast.com\/product\/yoast-seo-premium-wordpress\/ -->\n<title>Peiza\u017einio gintaro v\u0117rinys su unikaliu pakabuku - AmberWithSilver<\/title>\n<meta name=\"description\" content=\"Peiza\u017einio gintaro v\u0117rinys su unikaliu pakabuku,Landscape amber necklace with a unique pendant, baltas gintaras,White amber necklace\" \/>\n<meta name=\"robots\" content=\"index, follow, max-snippet:-1, max-image-preview:large, max-video-preview:-1\" \/>\n<link rel=\"canonical\" href=\"https:\/\/amberwithsilver.com\/en\/product\/peizazinio-gintaro-verinys-su-unikaliu-pakabuku\/\" \/>\n<meta property=\"og:locale\" content=\"en_US\" \/>\n<meta property=\"og:type\" content=\"article\" \/>\n<meta property=\"og:title\" content=\"Peiza\u017einio gintaro v\u0117rinys su unikaliu pakabuku\" \/>\n<meta property=\"og:description\" content=\"Peiza\u017einio gintaro v\u0117rinys su unikaliu pakabuku,Landscape amber necklace with a unique pendant, baltas gintaras,White amber necklace\" \/>\n<meta property=\"og:url\" content=\"https:\/\/amberwithsilver.com\/en\/product\/peizazinio-gintaro-verinys-su-unikaliu-pakabuku\/\" \/>\n<meta property=\"og:site_name\" content=\"AmberWithSilver\" \/>\n<meta property=\"article:modified_time\" content=\"2023-03-31T07:23:11+00:00\" \/>\n<meta property=\"og:image\" content=\"https:\/\/amberwithsilver.com\/wp-content\/uploads\/2022\/12\/img_5600-scaled.jpeg\" \/>\n\t<meta property=\"og:image:width\" content=\"2560\" \/>\n\t<meta property=\"og:image:height\" content=\"1987\" \/>\n\t<meta property=\"og:image:type\" content=\"image\/jpeg\" \/>\n<meta name=\"twitter:card\" content=\"summary_large_image\" \/>\n<script type=\"application\/ld+json\" class=\"yoast-schema-graph\">{\"@context\":\"https:\\\/\\\/schema.org\",\"@graph\":[{\"@type\":\"WebPage\",\"@id\":\"https:\\\/\\\/amberwithsilver.com\\\/product\\\/peizazinio-gintaro-verinys-su-unikaliu-pakabuku\\\/\",\"url\":\"https:\\\/\\\/amberwithsilver.com\\\/product\\\/peizazinio-gintaro-verinys-su-unikaliu-pakabuku\\\/\",\"name\":\"Peiza\u017einio gintaro v\u0117rinys su unikaliu pakabuku - AmberWithSilver\",\"isPartOf\":{\"@id\":\"https:\\\/\\\/amberwithsilver.com\\\/en\\\/#website\"},\"primaryImageOfPage\":{\"@id\":\"https:\\\/\\\/amberwithsilver.com\\\/product\\\/peizazinio-gintaro-verinys-su-unikaliu-pakabuku\\\/#primaryimage\"},\"image\":{\"@id\":\"https:\\\/\\\/amberwithsilver.com\\\/product\\\/peizazinio-gintaro-verinys-su-unikaliu-pakabuku\\\/#primaryimage\"},\"thumbnailUrl\":\"https:\\\/\\\/amberwithsilver.com\\\/wp-content\\\/uploads\\\/2022\\\/12\\\/img_5600-scaled.jpeg\",\"datePublished\":\"2022-12-29T12:40:46+00:00\",\"dateModified\":\"2023-03-31T07:23:11+00:00\",\"description\":\"Peiza\u017einio gintaro v\u0117rinys su unikaliu pakabuku,Landscape amber necklace with a unique pendant, baltas gintaras,White amber necklace\",\"breadcrumb\":{\"@id\":\"https:\\\/\\\/amberwithsilver.com\\\/product\\\/peizazinio-gintaro-verinys-su-unikaliu-pakabuku\\\/#breadcrumb\"},\"inLanguage\":\"en-US\",\"potentialAction\":[{\"@type\":\"ReadAction\",\"target\":[\"https:\\\/\\\/amberwithsilver.com\\\/product\\\/peizazinio-gintaro-verinys-su-unikaliu-pakabuku\\\/\"]}]},{\"@type\":\"ImageObject\",\"inLanguage\":\"en-US\",\"@id\":\"https:\\\/\\\/amberwithsilver.com\\\/product\\\/peizazinio-gintaro-verinys-su-unikaliu-pakabuku\\\/#primaryimage\",\"url\":\"https:\\\/\\\/amberwithsilver.com\\\/wp-content\\\/uploads\\\/2022\\\/12\\\/img_5600-scaled.jpeg\",\"contentUrl\":\"https:\\\/\\\/amberwithsilver.com\\\/wp-content\\\/uploads\\\/2022\\\/12\\\/img_5600-scaled.jpeg\",\"width\":2560,\"height\":1987,\"caption\":\"Peiza\u017einio gintaro v\u0117rinys su unikaliu pakabuku,Landscape amber necklace with a unique pendant\"},{\"@type\":\"BreadcrumbList\",\"@id\":\"https:\\\/\\\/amberwithsilver.com\\\/product\\\/peizazinio-gintaro-verinys-su-unikaliu-pakabuku\\\/#breadcrumb\",\"itemListElement\":[{\"@type\":\"ListItem\",\"position\":1,\"name\":\"Home\",\"item\":\"https:\\\/\\\/amberwithsilver.com\\\/\"},{\"@type\":\"ListItem\",\"position\":2,\"name\":\"Parduotuv\u0117\",\"item\":\"https:\\\/\\\/amberwithsilver.com\\\/en\\\/parduotuve\\\/\"},{\"@type\":\"ListItem\",\"position\":3,\"name\":\"Peiza\u017einio gintaro v\u0117rinys su unikaliu pakabuku\"}]},{\"@type\":\"WebSite\",\"@id\":\"https:\\\/\\\/amberwithsilver.com\\\/en\\\/#website\",\"url\":\"https:\\\/\\\/amberwithsilver.com\\\/en\\\/\",\"name\":\"AmberWithSilver\",\"description\":\"Amber-Silver\",\"publisher\":{\"@id\":\"https:\\\/\\\/amberwithsilver.com\\\/en\\\/#organization\"},\"potentialAction\":[{\"@type\":\"SearchAction\",\"target\":{\"@type\":\"EntryPoint\",\"urlTemplate\":\"https:\\\/\\\/amberwithsilver.com\\\/en\\\/?s={search_term_string}\"},\"query-input\":{\"@type\":\"PropertyValueSpecification\",\"valueRequired\":true,\"valueName\":\"search_term_string\"}}],\"inLanguage\":\"en-US\"},{\"@type\":\"Organization\",\"@id\":\"https:\\\/\\\/amberwithsilver.com\\\/en\\\/#organization\",\"name\":\"amberwithsilver\",\"url\":\"https:\\\/\\\/amberwithsilver.com\\\/en\\\/\",\"logo\":{\"@type\":\"ImageObject\",\"inLanguage\":\"en-US\",\"@id\":\"https:\\\/\\\/amberwithsilver.com\\\/en\\\/#\\\/schema\\\/logo\\\/image\\\/\",\"url\":\"https:\\\/\\\/i0.wp.com\\\/amberwithsilver.com\\\/wp-content\\\/uploads\\\/2020\\\/12\\\/logo.jpg?fit=232%2C116&ssl=1\",\"contentUrl\":\"https:\\\/\\\/i0.wp.com\\\/amberwithsilver.com\\\/wp-content\\\/uploads\\\/2020\\\/12\\\/logo.jpg?fit=232%2C116&ssl=1\",\"width\":232,\"height\":116,\"caption\":\"amberwithsilver\"},\"image\":{\"@id\":\"https:\\\/\\\/amberwithsilver.com\\\/en\\\/#\\\/schema\\\/logo\\\/image\\\/\"}}]}<\/script>\n<!-- \/ Yoast SEO Premium plugin. -->","yoast_head_json":{"title":"Peiza\u017einio gintaro v\u0117rinys su unikaliu pakabuku - AmberWithSilver","description":"Peiza\u017einio gintaro v\u0117rinys su unikaliu pakabuku,Landscape amber necklace with a unique pendant, baltas gintaras,White amber necklace","robots":{"index":"index","follow":"follow","max-snippet":"max-snippet:-1","max-image-preview":"max-image-preview:large","max-video-preview":"max-video-preview:-1"},"canonical":"https:\/\/amberwithsilver.com\/en\/product\/peizazinio-gintaro-verinys-su-unikaliu-pakabuku\/","og_locale":"en_US","og_type":"article","og_title":"Peiza\u017einio gintaro v\u0117rinys su unikaliu pakabuku","og_description":"Peiza\u017einio gintaro v\u0117rinys su unikaliu pakabuku,Landscape amber necklace with a unique pendant, baltas gintaras,White amber necklace","og_url":"https:\/\/amberwithsilver.com\/en\/product\/peizazinio-gintaro-verinys-su-unikaliu-pakabuku\/","og_site_name":"AmberWithSilver","article_modified_time":"2023-03-31T07:23:11+00:00","og_image":[{"width":2560,"height":1987,"url":"https:\/\/amberwithsilver.com\/wp-content\/uploads\/2022\/12\/img_5600-scaled.jpeg","type":"image\/jpeg"}],"twitter_card":"summary_large_image","schema":{"@context":"https:\/\/schema.org","@graph":[{"@type":"WebPage","@id":"https:\/\/amberwithsilver.com\/product\/peizazinio-gintaro-verinys-su-unikaliu-pakabuku\/","url":"https:\/\/amberwithsilver.com\/product\/peizazinio-gintaro-verinys-su-unikaliu-pakabuku\/","name":"Peiza\u017einio gintaro v\u0117rinys su unikaliu pakabuku - AmberWithSilver","isPartOf":{"@id":"https:\/\/amberwithsilver.com\/en\/#website"},"primaryImageOfPage":{"@id":"https:\/\/amberwithsilver.com\/product\/peizazinio-gintaro-verinys-su-unikaliu-pakabuku\/#primaryimage"},"image":{"@id":"https:\/\/amberwithsilver.com\/product\/peizazinio-gintaro-verinys-su-unikaliu-pakabuku\/#primaryimage"},"thumbnailUrl":"https:\/\/amberwithsilver.com\/wp-content\/uploads\/2022\/12\/img_5600-scaled.jpeg","datePublished":"2022-12-29T12:40:46+00:00","dateModified":"2023-03-31T07:23:11+00:00","description":"Peiza\u017einio gintaro v\u0117rinys su unikaliu pakabuku,Landscape amber necklace with a unique pendant, baltas gintaras,White amber necklace","breadcrumb":{"@id":"https:\/\/amberwithsilver.com\/product\/peizazinio-gintaro-verinys-su-unikaliu-pakabuku\/#breadcrumb"},"inLanguage":"en-US","potentialAction":[{"@type":"ReadAction","target":["https:\/\/amberwithsilver.com\/product\/peizazinio-gintaro-verinys-su-unikaliu-pakabuku\/"]}]},{"@type":"ImageObject","inLanguage":"en-US","@id":"https:\/\/amberwithsilver.com\/product\/peizazinio-gintaro-verinys-su-unikaliu-pakabuku\/#primaryimage","url":"https:\/\/amberwithsilver.com\/wp-content\/uploads\/2022\/12\/img_5600-scaled.jpeg","contentUrl":"https:\/\/amberwithsilver.com\/wp-content\/uploads\/2022\/12\/img_5600-scaled.jpeg","width":2560,"height":1987,"caption":"Peiza\u017einio gintaro v\u0117rinys su unikaliu pakabuku,Landscape amber necklace with a unique pendant"},{"@type":"BreadcrumbList","@id":"https:\/\/amberwithsilver.com\/product\/peizazinio-gintaro-verinys-su-unikaliu-pakabuku\/#breadcrumb","itemListElement":[{"@type":"ListItem","position":1,"name":"Home","item":"https:\/\/amberwithsilver.com\/"},{"@type":"ListItem","position":2,"name":"Parduotuv\u0117","item":"https:\/\/amberwithsilver.com\/en\/parduotuve\/"},{"@type":"ListItem","position":3,"name":"Peiza\u017einio gintaro v\u0117rinys su unikaliu pakabuku"}]},{"@type":"WebSite","@id":"https:\/\/amberwithsilver.com\/en\/#website","url":"https:\/\/amberwithsilver.com\/en\/","name":"AmberWithSilver","description":"Amber-Silver","publisher":{"@id":"https:\/\/amberwithsilver.com\/en\/#organization"},"potentialAction":[{"@type":"SearchAction","target":{"@type":"EntryPoint","urlTemplate":"https:\/\/amberwithsilver.com\/en\/?s={search_term_string}"},"query-input":{"@type":"PropertyValueSpecification","valueRequired":true,"valueName":"search_term_string"}}],"inLanguage":"en-US"},{"@type":"Organization","@id":"https:\/\/amberwithsilver.com\/en\/#organization","name":"amberwithsilver","url":"https:\/\/amberwithsilver.com\/en\/","logo":{"@type":"ImageObject","inLanguage":"en-US","@id":"https:\/\/amberwithsilver.com\/en\/#\/schema\/logo\/image\/","url":"https:\/\/i0.wp.com\/amberwithsilver.com\/wp-content\/uploads\/2020\/12\/logo.jpg?fit=232%2C116&ssl=1","contentUrl":"https:\/\/i0.wp.com\/amberwithsilver.com\/wp-content\/uploads\/2020\/12\/logo.jpg?fit=232%2C116&ssl=1","width":232,"height":116,"caption":"amberwithsilver"},"image":{"@id":"https:\/\/amberwithsilver.com\/en\/#\/schema\/logo\/image\/"}}]}},"jetpack_sharing_enabled":true,"_links":{"self":[{"href":"https:\/\/amberwithsilver.com\/en\/wp-json\/wp\/v2\/product\/2511","targetHints":{"allow":["GET"]}}],"collection":[{"href":"https:\/\/amberwithsilver.com\/en\/wp-json\/wp\/v2\/product"}],"about":[{"href":"https:\/\/amberwithsilver.com\/en\/wp-json\/wp\/v2\/types\/product"}],"replies":[{"embeddable":true,"href":"https:\/\/amberwithsilver.com\/en\/wp-json\/wp\/v2\/comments?post=2511"}],"version-history":[{"count":0,"href":"https:\/\/amberwithsilver.com\/en\/wp-json\/wp\/v2\/product\/2511\/revisions"}],"wp:featuredmedia":[{"embeddable":true,"href":"https:\/\/amberwithsilver.com\/en\/wp-json\/wp\/v2\/media\/2516"}],"wp:attachment":[{"href":"https:\/\/amberwithsilver.com\/en\/wp-json\/wp\/v2\/media?parent=2511"}],"wp:term":[{"taxonomy":"product_brand","embeddable":true,"href":"https:\/\/amberwithsilver.com\/en\/wp-json\/wp\/v2\/product_brand?post=2511"},{"taxonomy":"product_cat","embeddable":true,"href":"https:\/\/amberwithsilver.com\/en\/wp-json\/wp\/v2\/product_cat?post=2511"},{"taxonomy":"product_tag","embeddable":true,"href":"https:\/\/amberwithsilver.com\/en\/wp-json\/wp\/v2\/product_tag?post=2511"}],"curies":[{"name":"wp","href":"https:\/\/api.w.org\/{rel}","templated":true}]}}