{"id":2545,"date":"2023-01-03T16:25:54","date_gmt":"2023-01-03T14:25:54","guid":{"rendered":"http:\/\/amberwithsilver.com\/?post_type=product&#038;p=2545"},"modified":"2023-03-31T09:21:03","modified_gmt":"2023-03-31T07:21:03","slug":"balto-gintaro-rutuliuku-verinys-su-peizaziniu-pakabuku","status":"publish","type":"product","link":"https:\/\/amberwithsilver.com\/en\/product\/balto-gintaro-rutuliuku-verinys-su-peizaziniu-pakabuku\/","title":{"rendered":"White amber round beads necklace with a landscape pendant"},"content":{"rendered":"<p>White amber round beads necklace with a landscape pendant.<\/p>\n<div class=\"woocommerce-product-details__short-description\">\n<ul>\n<li>Natural Baltic amber<\/li>\n<li>White, yellow colors round Baltic amber beads<\/li>\n<li><span class=\"VIiyi\" lang=\"lt\"><span class=\"JLqJ4b ChMk0b\" data-language-for-alternatives=\"lt\" data-language-to-translate-into=\"en\" data-phrase-index=\"0\">925 Sterling silver<\/span><\/span><\/li>\n<li>Length: ~ 47 cm<\/li>\n<li>Weight: ~14 grams<\/li>\n<li>Bead size: ~ 6 mm<\/li>\n<li>Pendant's size: ~ 3x4 cm<\/li>\n<\/ul>\n<p>*Please note as with all natural gemstones the color may vary slightly from the photo shown.<\/p>\n<\/div>","protected":false},"excerpt":{"rendered":"<p>White amber round beads necklace with a landscape pendant.<\/p>\n<div class=\"woocommerce-product-details__short-description\">\n<ul>\n<li>Natural Baltic amber<\/li>\n<li>White, yellow colors round Baltic amber beads<\/li>\n<li><span class=\"VIiyi\" lang=\"lt\"><span class=\"JLqJ4b ChMk0b\" data-language-for-alternatives=\"lt\" data-language-to-translate-into=\"en\" data-phrase-index=\"0\">925 Sterling silver<\/span><\/span><\/li>\n<li>Length: ~ 47 cm<\/li>\n<li>Weight: ~14 grams<\/li>\n<li>Bead size: ~ 6 mm<\/li>\n<li>Pendant's size: ~ 3x4 cm<\/li>\n<\/ul>\n<p>*Please note as with all natural gemstones the color may vary slightly from the photo shown.<\/p>\n<\/div>","protected":false},"featured_media":2548,"comment_status":"open","ping_status":"closed","template":"","meta":[],"product_brand":[],"product_cat":[856],"product_tag":[67,124,832,834,835,898],"class_list":{"0":"post-2545","1":"product","2":"type-product","3":"status-publish","4":"has-post-thumbnail","6":"product_cat-gintaro-veriniai-su-pakabuku","7":"product_tag-baltas-gintaras","8":"product_tag-white-amber","9":"product_tag-balto-gintaro-rutuliuku-verinys-su-peizaziniu-pakabuku","10":"product_tag-elegant-amber-necklace","11":"product_tag-elegantiskas-gintarinis-verinys","12":"product_tag-white-amber-round-beads-necklace-with-a-landscape-pendant","14":"first","15":"instock","16":"sold-individually","17":"taxable","18":"shipping-taxable","19":"purchasable","20":"product-type-simple"},"yoast_head":"<!-- This site is optimized with the Yoast SEO Premium plugin v23.4 (Yoast SEO v26.8) - https:\/\/yoast.com\/product\/yoast-seo-premium-wordpress\/ -->\n<title>Balto gintaro rutuliuk\u0173 v\u0117rinys su peiza\u017einiu pakabuku - AmberWithSilver<\/title>\n<meta name=\"description\" content=\"Balto gintaro rutuliuk\u0173 v\u0117rinys su peiza\u017einiu pakabuku,White amber round beads necklace with landscape pendant,white amber,baltas gintaras,\" \/>\n<meta name=\"robots\" content=\"index, follow, max-snippet:-1, max-image-preview:large, max-video-preview:-1\" \/>\n<link rel=\"canonical\" href=\"https:\/\/amberwithsilver.com\/en\/product\/balto-gintaro-rutuliuku-verinys-su-peizaziniu-pakabuku\/\" \/>\n<meta property=\"og:locale\" content=\"en_US\" \/>\n<meta property=\"og:type\" content=\"article\" \/>\n<meta property=\"og:title\" content=\"Balto gintaro rutuliuk\u0173 v\u0117rinys su peiza\u017einiu pakabuku\" \/>\n<meta property=\"og:description\" content=\"Balto gintaro rutuliuk\u0173 v\u0117rinys su peiza\u017einiu pakabuku,White amber round beads necklace with landscape pendant,white amber,baltas gintaras,\" \/>\n<meta property=\"og:url\" content=\"https:\/\/amberwithsilver.com\/en\/product\/balto-gintaro-rutuliuku-verinys-su-peizaziniu-pakabuku\/\" \/>\n<meta property=\"og:site_name\" content=\"AmberWithSilver\" \/>\n<meta property=\"article:modified_time\" content=\"2023-03-31T07:21:03+00:00\" \/>\n<meta property=\"og:image\" content=\"https:\/\/amberwithsilver.com\/wp-content\/uploads\/2023\/01\/img_5672-scaled.jpeg\" \/>\n\t<meta property=\"og:image:width\" content=\"2560\" \/>\n\t<meta property=\"og:image:height\" content=\"2517\" \/>\n\t<meta property=\"og:image:type\" content=\"image\/jpeg\" \/>\n<meta name=\"twitter:card\" content=\"summary_large_image\" \/>\n<script type=\"application\/ld+json\" class=\"yoast-schema-graph\">{\"@context\":\"https:\/\/schema.org\",\"@graph\":[{\"@type\":\"WebPage\",\"@id\":\"https:\/\/amberwithsilver.com\/product\/balto-gintaro-rutuliuku-verinys-su-peizaziniu-pakabuku\/\",\"url\":\"https:\/\/amberwithsilver.com\/product\/balto-gintaro-rutuliuku-verinys-su-peizaziniu-pakabuku\/\",\"name\":\"Balto gintaro rutuliuk\u0173 v\u0117rinys su peiza\u017einiu pakabuku - AmberWithSilver\",\"isPartOf\":{\"@id\":\"https:\/\/amberwithsilver.com\/en\/#website\"},\"primaryImageOfPage\":{\"@id\":\"https:\/\/amberwithsilver.com\/product\/balto-gintaro-rutuliuku-verinys-su-peizaziniu-pakabuku\/#primaryimage\"},\"image\":{\"@id\":\"https:\/\/amberwithsilver.com\/product\/balto-gintaro-rutuliuku-verinys-su-peizaziniu-pakabuku\/#primaryimage\"},\"thumbnailUrl\":\"https:\/\/amberwithsilver.com\/wp-content\/uploads\/2023\/01\/img_5672-scaled.jpeg\",\"datePublished\":\"2023-01-03T14:25:54+00:00\",\"dateModified\":\"2023-03-31T07:21:03+00:00\",\"description\":\"Balto gintaro rutuliuk\u0173 v\u0117rinys su peiza\u017einiu pakabuku,White amber round beads necklace with landscape pendant,white amber,baltas gintaras,\",\"breadcrumb\":{\"@id\":\"https:\/\/amberwithsilver.com\/product\/balto-gintaro-rutuliuku-verinys-su-peizaziniu-pakabuku\/#breadcrumb\"},\"inLanguage\":\"en-US\",\"potentialAction\":[{\"@type\":\"ReadAction\",\"target\":[\"https:\/\/amberwithsilver.com\/product\/balto-gintaro-rutuliuku-verinys-su-peizaziniu-pakabuku\/\"]}]},{\"@type\":\"ImageObject\",\"inLanguage\":\"en-US\",\"@id\":\"https:\/\/amberwithsilver.com\/product\/balto-gintaro-rutuliuku-verinys-su-peizaziniu-pakabuku\/#primaryimage\",\"url\":\"https:\/\/amberwithsilver.com\/wp-content\/uploads\/2023\/01\/img_5672-scaled.jpeg\",\"contentUrl\":\"https:\/\/amberwithsilver.com\/wp-content\/uploads\/2023\/01\/img_5672-scaled.jpeg\",\"width\":2560,\"height\":2517,\"caption\":\"Balto gintaro rutuliuk\u0173 v\u0117rinys su peiza\u017einiu pakabuku,White amber round beads necklace with landscape pendant\"},{\"@type\":\"BreadcrumbList\",\"@id\":\"https:\/\/amberwithsilver.com\/product\/balto-gintaro-rutuliuku-verinys-su-peizaziniu-pakabuku\/#breadcrumb\",\"itemListElement\":[{\"@type\":\"ListItem\",\"position\":1,\"name\":\"Home\",\"item\":\"https:\/\/amberwithsilver.com\/\"},{\"@type\":\"ListItem\",\"position\":2,\"name\":\"Parduotuv\u0117\",\"item\":\"https:\/\/amberwithsilver.com\/en\/parduotuve\/\"},{\"@type\":\"ListItem\",\"position\":3,\"name\":\"Balto gintaro rutuliuk\u0173 v\u0117rinys su peiza\u017einiu pakabuku\"}]},{\"@type\":\"WebSite\",\"@id\":\"https:\/\/amberwithsilver.com\/en\/#website\",\"url\":\"https:\/\/amberwithsilver.com\/en\/\",\"name\":\"AmberWithSilver\",\"description\":\"Amber-Silver\",\"publisher\":{\"@id\":\"https:\/\/amberwithsilver.com\/en\/#organization\"},\"potentialAction\":[{\"@type\":\"SearchAction\",\"target\":{\"@type\":\"EntryPoint\",\"urlTemplate\":\"https:\/\/amberwithsilver.com\/en\/?s={search_term_string}\"},\"query-input\":{\"@type\":\"PropertyValueSpecification\",\"valueRequired\":true,\"valueName\":\"search_term_string\"}}],\"inLanguage\":\"en-US\"},{\"@type\":\"Organization\",\"@id\":\"https:\/\/amberwithsilver.com\/en\/#organization\",\"name\":\"amberwithsilver\",\"url\":\"https:\/\/amberwithsilver.com\/en\/\",\"logo\":{\"@type\":\"ImageObject\",\"inLanguage\":\"en-US\",\"@id\":\"https:\/\/amberwithsilver.com\/en\/#\/schema\/logo\/image\/\",\"url\":\"https:\/\/i0.wp.com\/amberwithsilver.com\/wp-content\/uploads\/2020\/12\/logo.jpg?fit=232%2C116&ssl=1\",\"contentUrl\":\"https:\/\/i0.wp.com\/amberwithsilver.com\/wp-content\/uploads\/2020\/12\/logo.jpg?fit=232%2C116&ssl=1\",\"width\":232,\"height\":116,\"caption\":\"amberwithsilver\"},\"image\":{\"@id\":\"https:\/\/amberwithsilver.com\/en\/#\/schema\/logo\/image\/\"}}]}<\/script>\n<!-- \/ Yoast SEO Premium plugin. -->","yoast_head_json":{"title":"Balto gintaro rutuliuk\u0173 v\u0117rinys su peiza\u017einiu pakabuku - AmberWithSilver","description":"Balto gintaro rutuliuk\u0173 v\u0117rinys su peiza\u017einiu pakabuku,White amber round beads necklace with landscape pendant,white amber,baltas gintaras,","robots":{"index":"index","follow":"follow","max-snippet":"max-snippet:-1","max-image-preview":"max-image-preview:large","max-video-preview":"max-video-preview:-1"},"canonical":"https:\/\/amberwithsilver.com\/en\/product\/balto-gintaro-rutuliuku-verinys-su-peizaziniu-pakabuku\/","og_locale":"en_US","og_type":"article","og_title":"Balto gintaro rutuliuk\u0173 v\u0117rinys su peiza\u017einiu pakabuku","og_description":"Balto gintaro rutuliuk\u0173 v\u0117rinys su peiza\u017einiu pakabuku,White amber round beads necklace with landscape pendant,white amber,baltas gintaras,","og_url":"https:\/\/amberwithsilver.com\/en\/product\/balto-gintaro-rutuliuku-verinys-su-peizaziniu-pakabuku\/","og_site_name":"AmberWithSilver","article_modified_time":"2023-03-31T07:21:03+00:00","og_image":[{"width":2560,"height":2517,"url":"https:\/\/amberwithsilver.com\/wp-content\/uploads\/2023\/01\/img_5672-scaled.jpeg","type":"image\/jpeg"}],"twitter_card":"summary_large_image","schema":{"@context":"https:\/\/schema.org","@graph":[{"@type":"WebPage","@id":"https:\/\/amberwithsilver.com\/product\/balto-gintaro-rutuliuku-verinys-su-peizaziniu-pakabuku\/","url":"https:\/\/amberwithsilver.com\/product\/balto-gintaro-rutuliuku-verinys-su-peizaziniu-pakabuku\/","name":"Balto gintaro rutuliuk\u0173 v\u0117rinys su peiza\u017einiu pakabuku - AmberWithSilver","isPartOf":{"@id":"https:\/\/amberwithsilver.com\/en\/#website"},"primaryImageOfPage":{"@id":"https:\/\/amberwithsilver.com\/product\/balto-gintaro-rutuliuku-verinys-su-peizaziniu-pakabuku\/#primaryimage"},"image":{"@id":"https:\/\/amberwithsilver.com\/product\/balto-gintaro-rutuliuku-verinys-su-peizaziniu-pakabuku\/#primaryimage"},"thumbnailUrl":"https:\/\/amberwithsilver.com\/wp-content\/uploads\/2023\/01\/img_5672-scaled.jpeg","datePublished":"2023-01-03T14:25:54+00:00","dateModified":"2023-03-31T07:21:03+00:00","description":"Balto gintaro rutuliuk\u0173 v\u0117rinys su peiza\u017einiu pakabuku,White amber round beads necklace with landscape pendant,white amber,baltas gintaras,","breadcrumb":{"@id":"https:\/\/amberwithsilver.com\/product\/balto-gintaro-rutuliuku-verinys-su-peizaziniu-pakabuku\/#breadcrumb"},"inLanguage":"en-US","potentialAction":[{"@type":"ReadAction","target":["https:\/\/amberwithsilver.com\/product\/balto-gintaro-rutuliuku-verinys-su-peizaziniu-pakabuku\/"]}]},{"@type":"ImageObject","inLanguage":"en-US","@id":"https:\/\/amberwithsilver.com\/product\/balto-gintaro-rutuliuku-verinys-su-peizaziniu-pakabuku\/#primaryimage","url":"https:\/\/amberwithsilver.com\/wp-content\/uploads\/2023\/01\/img_5672-scaled.jpeg","contentUrl":"https:\/\/amberwithsilver.com\/wp-content\/uploads\/2023\/01\/img_5672-scaled.jpeg","width":2560,"height":2517,"caption":"Balto gintaro rutuliuk\u0173 v\u0117rinys su peiza\u017einiu pakabuku,White amber round beads necklace with landscape pendant"},{"@type":"BreadcrumbList","@id":"https:\/\/amberwithsilver.com\/product\/balto-gintaro-rutuliuku-verinys-su-peizaziniu-pakabuku\/#breadcrumb","itemListElement":[{"@type":"ListItem","position":1,"name":"Home","item":"https:\/\/amberwithsilver.com\/"},{"@type":"ListItem","position":2,"name":"Parduotuv\u0117","item":"https:\/\/amberwithsilver.com\/en\/parduotuve\/"},{"@type":"ListItem","position":3,"name":"Balto gintaro rutuliuk\u0173 v\u0117rinys su peiza\u017einiu pakabuku"}]},{"@type":"WebSite","@id":"https:\/\/amberwithsilver.com\/en\/#website","url":"https:\/\/amberwithsilver.com\/en\/","name":"AmberWithSilver","description":"Amber-Silver","publisher":{"@id":"https:\/\/amberwithsilver.com\/en\/#organization"},"potentialAction":[{"@type":"SearchAction","target":{"@type":"EntryPoint","urlTemplate":"https:\/\/amberwithsilver.com\/en\/?s={search_term_string}"},"query-input":{"@type":"PropertyValueSpecification","valueRequired":true,"valueName":"search_term_string"}}],"inLanguage":"en-US"},{"@type":"Organization","@id":"https:\/\/amberwithsilver.com\/en\/#organization","name":"amberwithsilver","url":"https:\/\/amberwithsilver.com\/en\/","logo":{"@type":"ImageObject","inLanguage":"en-US","@id":"https:\/\/amberwithsilver.com\/en\/#\/schema\/logo\/image\/","url":"https:\/\/i0.wp.com\/amberwithsilver.com\/wp-content\/uploads\/2020\/12\/logo.jpg?fit=232%2C116&ssl=1","contentUrl":"https:\/\/i0.wp.com\/amberwithsilver.com\/wp-content\/uploads\/2020\/12\/logo.jpg?fit=232%2C116&ssl=1","width":232,"height":116,"caption":"amberwithsilver"},"image":{"@id":"https:\/\/amberwithsilver.com\/en\/#\/schema\/logo\/image\/"}}]}},"jetpack_sharing_enabled":true,"_links":{"self":[{"href":"https:\/\/amberwithsilver.com\/en\/wp-json\/wp\/v2\/product\/2545","targetHints":{"allow":["GET"]}}],"collection":[{"href":"https:\/\/amberwithsilver.com\/en\/wp-json\/wp\/v2\/product"}],"about":[{"href":"https:\/\/amberwithsilver.com\/en\/wp-json\/wp\/v2\/types\/product"}],"replies":[{"embeddable":true,"href":"https:\/\/amberwithsilver.com\/en\/wp-json\/wp\/v2\/comments?post=2545"}],"version-history":[{"count":0,"href":"https:\/\/amberwithsilver.com\/en\/wp-json\/wp\/v2\/product\/2545\/revisions"}],"wp:featuredmedia":[{"embeddable":true,"href":"https:\/\/amberwithsilver.com\/en\/wp-json\/wp\/v2\/media\/2548"}],"wp:attachment":[{"href":"https:\/\/amberwithsilver.com\/en\/wp-json\/wp\/v2\/media?parent=2545"}],"wp:term":[{"taxonomy":"product_brand","embeddable":true,"href":"https:\/\/amberwithsilver.com\/en\/wp-json\/wp\/v2\/product_brand?post=2545"},{"taxonomy":"product_cat","embeddable":true,"href":"https:\/\/amberwithsilver.com\/en\/wp-json\/wp\/v2\/product_cat?post=2545"},{"taxonomy":"product_tag","embeddable":true,"href":"https:\/\/amberwithsilver.com\/en\/wp-json\/wp\/v2\/product_tag?post=2545"}],"curies":[{"name":"wp","href":"https:\/\/api.w.org\/{rel}","templated":true}]}}