{"id":2551,"date":"2023-01-04T12:54:08","date_gmt":"2023-01-04T10:54:08","guid":{"rendered":"http:\/\/amberwithsilver.com\/?post_type=product&#038;p=2551"},"modified":"2025-05-14T17:45:58","modified_gmt":"2025-05-14T15:45:58","slug":"rudo-gintaro-rutuliuku-verinys-su-pakabuku","status":"publish","type":"product","link":"https:\/\/amberwithsilver.com\/en\/product\/rudo-gintaro-rutuliuku-verinys-su-pakabuku\/","title":{"rendered":"Brown amber round beads necklace with pendant"},"content":{"rendered":"<p>Brown amber round beads necklace with pendant.<\/p>\n<div class=\"woocommerce-product-details__short-description\">\n<ul>\n<li>Natural Baltic amber<\/li>\n<li>Brown, red colors round Baltic amber beads<\/li>\n<li><span class=\"VIiyi\" lang=\"lt\"><span class=\"JLqJ4b ChMk0b\" data-language-for-alternatives=\"lt\" data-language-to-translate-into=\"en\" data-phrase-index=\"0\">925 Sterling silver<\/span><\/span><\/li>\n<li>Lenght: ~ 52 cm<\/li>\n<li>Weight: ~16,1 grams<\/li>\n<li>Bead size: ~ 6 mm<\/li>\n<li>Pendant size: ~ 1,5x4 cm<\/li>\n<\/ul>\n<p>*Please note as with all natural gemstones the color may vary slightly from the photo shown.<\/p>\n<\/div>","protected":false},"excerpt":{"rendered":"<p>Brown amber round beads necklace with pendant.<\/p>\n<div class=\"woocommerce-product-details__short-description\">\n<ul>\n<li>Natural Baltic amber<\/li>\n<li>Brown, red colors round Baltic amber beads<\/li>\n<li><span class=\"VIiyi\" lang=\"lt\"><span class=\"JLqJ4b ChMk0b\" data-language-for-alternatives=\"lt\" data-language-to-translate-into=\"en\" data-phrase-index=\"0\">925 Sterling silver<\/span><\/span><\/li>\n<li>Lenght: ~ 52 cm<\/li>\n<li>Weight: ~16,1 grams<\/li>\n<li>Bead size: ~ 6 mm<\/li>\n<li>Pendant size: ~ 1,5\u00d74 cm<\/li>\n<\/ul>\n<p>*Please note as with all natural gemstones the color may vary slightly from the photo shown.<\/p>\n<\/div>","protected":false},"featured_media":2554,"comment_status":"open","ping_status":"closed","template":"","meta":[],"product_brand":[],"product_cat":[856],"product_tag":[214,215,836,837,838,839,840,841,842,843],"class_list":{"0":"post-2551","1":"product","2":"type-product","3":"status-publish","4":"has-post-thumbnail","6":"product_cat-gintaro-veriniai-su-pakabuku","7":"product_tag-gintaras-su-sidabru","8":"product_tag-amber-with-silver","9":"product_tag-rudo-gintaro-rutuliuku-verinys-su-pakabuku","10":"product_tag-brown-amber-round-beads-necklace-with-pendant","11":"product_tag-baltic-amber-ncklace","12":"product_tag-baltijos-gintaro-verinys","13":"product_tag-rudas-gintaras","14":"product_tag-raudonas-gintaras","15":"product_tag-red-amber","16":"product_tag-brown-amber","18":"first","19":"instock","20":"sold-individually","21":"taxable","22":"shipping-taxable","23":"purchasable","24":"product-type-simple"},"yoast_head":"<!-- This site is optimized with the Yoast SEO Premium plugin v23.4 (Yoast SEO v26.8) - https:\/\/yoast.com\/product\/yoast-seo-premium-wordpress\/ -->\n<title>Rudo gintaro rutuliuk\u0173 v\u0117rinys su pakabuku - AmberWithSilver<\/title>\n<meta name=\"description\" content=\"Rudo gintaro rutuliuk\u0173 v\u0117rinys su pakabuku,brown amber round beads necklace with pendant,amber with silver,gintaras su sidabru,rudas gintaras\" \/>\n<meta name=\"robots\" content=\"index, follow, max-snippet:-1, max-image-preview:large, max-video-preview:-1\" \/>\n<link rel=\"canonical\" href=\"https:\/\/amberwithsilver.com\/en\/product\/rudo-gintaro-rutuliuku-verinys-su-pakabuku\/\" \/>\n<meta property=\"og:locale\" content=\"en_US\" \/>\n<meta property=\"og:type\" content=\"article\" \/>\n<meta property=\"og:title\" content=\"Rudo gintaro rutuliuk\u0173 v\u0117rinys su pakabuku\" \/>\n<meta property=\"og:description\" content=\"Rudo gintaro rutuliuk\u0173 v\u0117rinys su pakabuku,brown amber round beads necklace with pendant,amber with silver,gintaras su sidabru,rudas gintaras\" \/>\n<meta property=\"og:url\" content=\"https:\/\/amberwithsilver.com\/en\/product\/rudo-gintaro-rutuliuku-verinys-su-pakabuku\/\" \/>\n<meta property=\"og:site_name\" content=\"AmberWithSilver\" \/>\n<meta property=\"article:modified_time\" content=\"2025-05-14T15:45:58+00:00\" \/>\n<meta property=\"og:image\" content=\"https:\/\/amberwithsilver.com\/wp-content\/uploads\/2023\/01\/img_7146-scaled.jpeg\" \/>\n\t<meta property=\"og:image:width\" content=\"2560\" \/>\n\t<meta property=\"og:image:height\" content=\"2004\" \/>\n\t<meta property=\"og:image:type\" content=\"image\/jpeg\" \/>\n<meta name=\"twitter:card\" content=\"summary_large_image\" \/>\n<script type=\"application\/ld+json\" class=\"yoast-schema-graph\">{\"@context\":\"https:\/\/schema.org\",\"@graph\":[{\"@type\":\"WebPage\",\"@id\":\"https:\/\/amberwithsilver.com\/product\/rudo-gintaro-rutuliuku-verinys-su-pakabuku\/\",\"url\":\"https:\/\/amberwithsilver.com\/product\/rudo-gintaro-rutuliuku-verinys-su-pakabuku\/\",\"name\":\"Rudo gintaro rutuliuk\u0173 v\u0117rinys su pakabuku - AmberWithSilver\",\"isPartOf\":{\"@id\":\"https:\/\/amberwithsilver.com\/en\/#website\"},\"primaryImageOfPage\":{\"@id\":\"https:\/\/amberwithsilver.com\/product\/rudo-gintaro-rutuliuku-verinys-su-pakabuku\/#primaryimage\"},\"image\":{\"@id\":\"https:\/\/amberwithsilver.com\/product\/rudo-gintaro-rutuliuku-verinys-su-pakabuku\/#primaryimage\"},\"thumbnailUrl\":\"https:\/\/amberwithsilver.com\/wp-content\/uploads\/2023\/01\/img_7146-scaled.jpeg\",\"datePublished\":\"2023-01-04T10:54:08+00:00\",\"dateModified\":\"2025-05-14T15:45:58+00:00\",\"description\":\"Rudo gintaro rutuliuk\u0173 v\u0117rinys su pakabuku,brown amber round beads necklace with pendant,amber with silver,gintaras su sidabru,rudas gintaras\",\"breadcrumb\":{\"@id\":\"https:\/\/amberwithsilver.com\/product\/rudo-gintaro-rutuliuku-verinys-su-pakabuku\/#breadcrumb\"},\"inLanguage\":\"en-US\",\"potentialAction\":[{\"@type\":\"ReadAction\",\"target\":[\"https:\/\/amberwithsilver.com\/product\/rudo-gintaro-rutuliuku-verinys-su-pakabuku\/\"]}]},{\"@type\":\"ImageObject\",\"inLanguage\":\"en-US\",\"@id\":\"https:\/\/amberwithsilver.com\/product\/rudo-gintaro-rutuliuku-verinys-su-pakabuku\/#primaryimage\",\"url\":\"https:\/\/amberwithsilver.com\/wp-content\/uploads\/2023\/01\/img_7146-scaled.jpeg\",\"contentUrl\":\"https:\/\/amberwithsilver.com\/wp-content\/uploads\/2023\/01\/img_7146-scaled.jpeg\",\"width\":2560,\"height\":2004,\"caption\":\"Rudo gintaro rutuliuk\u0173 v\u0117rinys su pakabuku,brown amber round beads necklace with pendant\"},{\"@type\":\"BreadcrumbList\",\"@id\":\"https:\/\/amberwithsilver.com\/product\/rudo-gintaro-rutuliuku-verinys-su-pakabuku\/#breadcrumb\",\"itemListElement\":[{\"@type\":\"ListItem\",\"position\":1,\"name\":\"Home\",\"item\":\"https:\/\/amberwithsilver.com\/\"},{\"@type\":\"ListItem\",\"position\":2,\"name\":\"Parduotuv\u0117\",\"item\":\"https:\/\/amberwithsilver.com\/en\/parduotuve\/\"},{\"@type\":\"ListItem\",\"position\":3,\"name\":\"Rudo gintaro rutuliuk\u0173 v\u0117rinys su pakabuku\"}]},{\"@type\":\"WebSite\",\"@id\":\"https:\/\/amberwithsilver.com\/en\/#website\",\"url\":\"https:\/\/amberwithsilver.com\/en\/\",\"name\":\"AmberWithSilver\",\"description\":\"Amber-Silver\",\"publisher\":{\"@id\":\"https:\/\/amberwithsilver.com\/en\/#organization\"},\"potentialAction\":[{\"@type\":\"SearchAction\",\"target\":{\"@type\":\"EntryPoint\",\"urlTemplate\":\"https:\/\/amberwithsilver.com\/en\/?s={search_term_string}\"},\"query-input\":{\"@type\":\"PropertyValueSpecification\",\"valueRequired\":true,\"valueName\":\"search_term_string\"}}],\"inLanguage\":\"en-US\"},{\"@type\":\"Organization\",\"@id\":\"https:\/\/amberwithsilver.com\/en\/#organization\",\"name\":\"amberwithsilver\",\"url\":\"https:\/\/amberwithsilver.com\/en\/\",\"logo\":{\"@type\":\"ImageObject\",\"inLanguage\":\"en-US\",\"@id\":\"https:\/\/amberwithsilver.com\/en\/#\/schema\/logo\/image\/\",\"url\":\"https:\/\/i0.wp.com\/amberwithsilver.com\/wp-content\/uploads\/2020\/12\/logo.jpg?fit=232%2C116&ssl=1\",\"contentUrl\":\"https:\/\/i0.wp.com\/amberwithsilver.com\/wp-content\/uploads\/2020\/12\/logo.jpg?fit=232%2C116&ssl=1\",\"width\":232,\"height\":116,\"caption\":\"amberwithsilver\"},\"image\":{\"@id\":\"https:\/\/amberwithsilver.com\/en\/#\/schema\/logo\/image\/\"}}]}<\/script>\n<!-- \/ Yoast SEO Premium plugin. -->","yoast_head_json":{"title":"Rudo gintaro rutuliuk\u0173 v\u0117rinys su pakabuku - AmberWithSilver","description":"Rudo gintaro rutuliuk\u0173 v\u0117rinys su pakabuku,brown amber round beads necklace with pendant,amber with silver,gintaras su sidabru,rudas gintaras","robots":{"index":"index","follow":"follow","max-snippet":"max-snippet:-1","max-image-preview":"max-image-preview:large","max-video-preview":"max-video-preview:-1"},"canonical":"https:\/\/amberwithsilver.com\/en\/product\/rudo-gintaro-rutuliuku-verinys-su-pakabuku\/","og_locale":"en_US","og_type":"article","og_title":"Rudo gintaro rutuliuk\u0173 v\u0117rinys su pakabuku","og_description":"Rudo gintaro rutuliuk\u0173 v\u0117rinys su pakabuku,brown amber round beads necklace with pendant,amber with silver,gintaras su sidabru,rudas gintaras","og_url":"https:\/\/amberwithsilver.com\/en\/product\/rudo-gintaro-rutuliuku-verinys-su-pakabuku\/","og_site_name":"AmberWithSilver","article_modified_time":"2025-05-14T15:45:58+00:00","og_image":[{"width":2560,"height":2004,"url":"https:\/\/amberwithsilver.com\/wp-content\/uploads\/2023\/01\/img_7146-scaled.jpeg","type":"image\/jpeg"}],"twitter_card":"summary_large_image","schema":{"@context":"https:\/\/schema.org","@graph":[{"@type":"WebPage","@id":"https:\/\/amberwithsilver.com\/product\/rudo-gintaro-rutuliuku-verinys-su-pakabuku\/","url":"https:\/\/amberwithsilver.com\/product\/rudo-gintaro-rutuliuku-verinys-su-pakabuku\/","name":"Rudo gintaro rutuliuk\u0173 v\u0117rinys su pakabuku - AmberWithSilver","isPartOf":{"@id":"https:\/\/amberwithsilver.com\/en\/#website"},"primaryImageOfPage":{"@id":"https:\/\/amberwithsilver.com\/product\/rudo-gintaro-rutuliuku-verinys-su-pakabuku\/#primaryimage"},"image":{"@id":"https:\/\/amberwithsilver.com\/product\/rudo-gintaro-rutuliuku-verinys-su-pakabuku\/#primaryimage"},"thumbnailUrl":"https:\/\/amberwithsilver.com\/wp-content\/uploads\/2023\/01\/img_7146-scaled.jpeg","datePublished":"2023-01-04T10:54:08+00:00","dateModified":"2025-05-14T15:45:58+00:00","description":"Rudo gintaro rutuliuk\u0173 v\u0117rinys su pakabuku,brown amber round beads necklace with pendant,amber with silver,gintaras su sidabru,rudas gintaras","breadcrumb":{"@id":"https:\/\/amberwithsilver.com\/product\/rudo-gintaro-rutuliuku-verinys-su-pakabuku\/#breadcrumb"},"inLanguage":"en-US","potentialAction":[{"@type":"ReadAction","target":["https:\/\/amberwithsilver.com\/product\/rudo-gintaro-rutuliuku-verinys-su-pakabuku\/"]}]},{"@type":"ImageObject","inLanguage":"en-US","@id":"https:\/\/amberwithsilver.com\/product\/rudo-gintaro-rutuliuku-verinys-su-pakabuku\/#primaryimage","url":"https:\/\/amberwithsilver.com\/wp-content\/uploads\/2023\/01\/img_7146-scaled.jpeg","contentUrl":"https:\/\/amberwithsilver.com\/wp-content\/uploads\/2023\/01\/img_7146-scaled.jpeg","width":2560,"height":2004,"caption":"Rudo gintaro rutuliuk\u0173 v\u0117rinys su pakabuku,brown amber round beads necklace with pendant"},{"@type":"BreadcrumbList","@id":"https:\/\/amberwithsilver.com\/product\/rudo-gintaro-rutuliuku-verinys-su-pakabuku\/#breadcrumb","itemListElement":[{"@type":"ListItem","position":1,"name":"Home","item":"https:\/\/amberwithsilver.com\/"},{"@type":"ListItem","position":2,"name":"Parduotuv\u0117","item":"https:\/\/amberwithsilver.com\/en\/parduotuve\/"},{"@type":"ListItem","position":3,"name":"Rudo gintaro rutuliuk\u0173 v\u0117rinys su pakabuku"}]},{"@type":"WebSite","@id":"https:\/\/amberwithsilver.com\/en\/#website","url":"https:\/\/amberwithsilver.com\/en\/","name":"AmberWithSilver","description":"Amber-Silver","publisher":{"@id":"https:\/\/amberwithsilver.com\/en\/#organization"},"potentialAction":[{"@type":"SearchAction","target":{"@type":"EntryPoint","urlTemplate":"https:\/\/amberwithsilver.com\/en\/?s={search_term_string}"},"query-input":{"@type":"PropertyValueSpecification","valueRequired":true,"valueName":"search_term_string"}}],"inLanguage":"en-US"},{"@type":"Organization","@id":"https:\/\/amberwithsilver.com\/en\/#organization","name":"amberwithsilver","url":"https:\/\/amberwithsilver.com\/en\/","logo":{"@type":"ImageObject","inLanguage":"en-US","@id":"https:\/\/amberwithsilver.com\/en\/#\/schema\/logo\/image\/","url":"https:\/\/i0.wp.com\/amberwithsilver.com\/wp-content\/uploads\/2020\/12\/logo.jpg?fit=232%2C116&ssl=1","contentUrl":"https:\/\/i0.wp.com\/amberwithsilver.com\/wp-content\/uploads\/2020\/12\/logo.jpg?fit=232%2C116&ssl=1","width":232,"height":116,"caption":"amberwithsilver"},"image":{"@id":"https:\/\/amberwithsilver.com\/en\/#\/schema\/logo\/image\/"}}]}},"jetpack_sharing_enabled":true,"_links":{"self":[{"href":"https:\/\/amberwithsilver.com\/en\/wp-json\/wp\/v2\/product\/2551","targetHints":{"allow":["GET"]}}],"collection":[{"href":"https:\/\/amberwithsilver.com\/en\/wp-json\/wp\/v2\/product"}],"about":[{"href":"https:\/\/amberwithsilver.com\/en\/wp-json\/wp\/v2\/types\/product"}],"replies":[{"embeddable":true,"href":"https:\/\/amberwithsilver.com\/en\/wp-json\/wp\/v2\/comments?post=2551"}],"version-history":[{"count":0,"href":"https:\/\/amberwithsilver.com\/en\/wp-json\/wp\/v2\/product\/2551\/revisions"}],"wp:featuredmedia":[{"embeddable":true,"href":"https:\/\/amberwithsilver.com\/en\/wp-json\/wp\/v2\/media\/2554"}],"wp:attachment":[{"href":"https:\/\/amberwithsilver.com\/en\/wp-json\/wp\/v2\/media?parent=2551"}],"wp:term":[{"taxonomy":"product_brand","embeddable":true,"href":"https:\/\/amberwithsilver.com\/en\/wp-json\/wp\/v2\/product_brand?post=2551"},{"taxonomy":"product_cat","embeddable":true,"href":"https:\/\/amberwithsilver.com\/en\/wp-json\/wp\/v2\/product_cat?post=2551"},{"taxonomy":"product_tag","embeddable":true,"href":"https:\/\/amberwithsilver.com\/en\/wp-json\/wp\/v2\/product_tag?post=2551"}],"curies":[{"name":"wp","href":"https:\/\/api.w.org\/{rel}","templated":true}]}}