{"id":2573,"date":"2023-01-04T15:58:11","date_gmt":"2023-01-04T13:58:11","guid":{"rendered":"http:\/\/amberwithsilver.com\/?post_type=product&#038;p=2573"},"modified":"2023-03-31T09:16:44","modified_gmt":"2023-03-31T07:16:44","slug":"antikvarinis-geltono-gintaro-rutuliuku-verinys-su-pakabuku","status":"publish","type":"product","link":"https:\/\/amberwithsilver.com\/en\/product\/antikvarinis-geltono-gintaro-rutuliuku-verinys-su-pakabuku\/","title":{"rendered":"Antique yellow amber round beads necklace with pendant"},"content":{"rendered":"<p>Antique yellow amber round beads necklace with pendant.<\/p>\n<div class=\"woocommerce-product-details__short-description\">\n<ul>\n<li>Antique, ancient Baltic amber<\/li>\n<li>Yellow, brown colors round Baltic amber beads<\/li>\n<li><span class=\"VIiyi\" lang=\"lt\"><span class=\"JLqJ4b ChMk0b\" data-language-for-alternatives=\"lt\" data-language-to-translate-into=\"en\" data-phrase-index=\"0\">925 Sterling silver<\/span><\/span><\/li>\n<li>Length: ~ 66 cm<\/li>\n<li>Weight: ~20,1 grams<\/li>\n<li>Bead size: ~ 6 mm<\/li>\n<li>Pendant's size: ~ 1,5x4 cm<\/li>\n<\/ul>\n<p>*Please note as with all natural gemstones the color may vary slightly from the photo shown.<\/p>\n<\/div>","protected":false},"excerpt":{"rendered":"<p>Antique yellow amber round beads necklace with pendant.<\/p>\n<div class=\"woocommerce-product-details__short-description\">\n<ul>\n<li>Antique, ancient Baltic amber<\/li>\n<li>Yellow, brown colors round Baltic amber beads<\/li>\n<li><span class=\"VIiyi\" lang=\"lt\"><span class=\"JLqJ4b ChMk0b\" data-language-for-alternatives=\"lt\" data-language-to-translate-into=\"en\" data-phrase-index=\"0\">925 Sterling silver<\/span><\/span><\/li>\n<li>Length: ~ 66 cm<\/li>\n<li>Weight: ~20,1 grams<\/li>\n<li>Bead size: ~ 6 mm<\/li>\n<li>Pendant's size: ~ 1,5x4 cm<\/li>\n<\/ul>\n<p>*Please note as with all natural gemstones the color may vary slightly from the photo shown.<\/p>\n<\/div>","protected":false},"featured_media":2581,"comment_status":"open","ping_status":"closed","template":"","meta":[],"product_brand":[],"product_cat":[856],"product_tag":[850,851,852,853,854,855],"class_list":{"0":"post-2573","1":"product","2":"type-product","3":"status-publish","4":"has-post-thumbnail","6":"product_cat-gintaro-veriniai-su-pakabuku","7":"product_tag-antikvarinis-geltono-gintaro-rutuliuku-verinys-su-pakabuku","8":"product_tag-antique-yallow-amber-round-beads-necklace-with-pendant","9":"product_tag-senovinis-gintaras","10":"product_tag-ancient-amber","11":"product_tag-antikinis-gintaras","12":"product_tag-senoviniai-gintaro-karoliai","14":"first","15":"onbackorder","16":"sold-individually","17":"taxable","18":"shipping-taxable","19":"purchasable","20":"product-type-simple"},"yoast_head":"<!-- This site is optimized with the Yoast SEO Premium plugin v23.4 (Yoast SEO v26.8) - https:\/\/yoast.com\/product\/yoast-seo-premium-wordpress\/ -->\n<title>Antikvarinis geltono gintaro rutuliuk\u0173 v\u0117rinys su pakabuku<\/title>\n<meta name=\"description\" content=\"Antikvarinis geltono gintaro rutuliuk\u0173 v\u0117rinys,antique yallow amber round beads necklace with pendant, senovinis gintaras,ancient amber,Baltic amber,yellow\" \/>\n<meta name=\"robots\" content=\"index, follow, max-snippet:-1, max-image-preview:large, max-video-preview:-1\" \/>\n<link rel=\"canonical\" href=\"https:\/\/amberwithsilver.com\/en\/product\/antikvarinis-geltono-gintaro-rutuliuku-verinys-su-pakabuku\/\" \/>\n<meta property=\"og:locale\" content=\"en_US\" \/>\n<meta property=\"og:type\" content=\"article\" \/>\n<meta property=\"og:title\" content=\"Antikvarinis geltono gintaro rutuliuk\u0173 v\u0117rinys su pakabuku\" \/>\n<meta property=\"og:description\" content=\"Antikvarinis geltono gintaro rutuliuk\u0173 v\u0117rinys,antique yallow amber round beads necklace with pendant, senovinis gintaras,ancient amber,Baltic amber,yellow\" \/>\n<meta property=\"og:url\" content=\"https:\/\/amberwithsilver.com\/en\/product\/antikvarinis-geltono-gintaro-rutuliuku-verinys-su-pakabuku\/\" \/>\n<meta property=\"og:site_name\" content=\"AmberWithSilver\" \/>\n<meta property=\"article:modified_time\" content=\"2023-03-31T07:16:44+00:00\" \/>\n<meta property=\"og:image\" content=\"https:\/\/amberwithsilver.com\/wp-content\/uploads\/2023\/01\/img_6392-1-scaled.jpeg\" \/>\n\t<meta property=\"og:image:width\" content=\"2458\" \/>\n\t<meta property=\"og:image:height\" content=\"2560\" \/>\n\t<meta property=\"og:image:type\" content=\"image\/jpeg\" \/>\n<meta name=\"twitter:card\" content=\"summary_large_image\" \/>\n<meta name=\"twitter:label1\" content=\"Est. reading time\" \/>\n\t<meta name=\"twitter:data1\" content=\"1 minute\" \/>\n<script type=\"application\/ld+json\" class=\"yoast-schema-graph\">{\"@context\":\"https:\/\/schema.org\",\"@graph\":[{\"@type\":\"WebPage\",\"@id\":\"https:\/\/amberwithsilver.com\/product\/antikvarinis-geltono-gintaro-rutuliuku-verinys-su-pakabuku\/\",\"url\":\"https:\/\/amberwithsilver.com\/product\/antikvarinis-geltono-gintaro-rutuliuku-verinys-su-pakabuku\/\",\"name\":\"Antikvarinis geltono gintaro rutuliuk\u0173 v\u0117rinys su pakabuku\",\"isPartOf\":{\"@id\":\"https:\/\/amberwithsilver.com\/en\/#website\"},\"primaryImageOfPage\":{\"@id\":\"https:\/\/amberwithsilver.com\/product\/antikvarinis-geltono-gintaro-rutuliuku-verinys-su-pakabuku\/#primaryimage\"},\"image\":{\"@id\":\"https:\/\/amberwithsilver.com\/product\/antikvarinis-geltono-gintaro-rutuliuku-verinys-su-pakabuku\/#primaryimage\"},\"thumbnailUrl\":\"https:\/\/amberwithsilver.com\/wp-content\/uploads\/2023\/01\/img_6392-1-scaled.jpeg\",\"datePublished\":\"2023-01-04T13:58:11+00:00\",\"dateModified\":\"2023-03-31T07:16:44+00:00\",\"description\":\"Antikvarinis geltono gintaro rutuliuk\u0173 v\u0117rinys,antique yallow amber round beads necklace with pendant, senovinis gintaras,ancient amber,Baltic amber,yellow\",\"breadcrumb\":{\"@id\":\"https:\/\/amberwithsilver.com\/product\/antikvarinis-geltono-gintaro-rutuliuku-verinys-su-pakabuku\/#breadcrumb\"},\"inLanguage\":\"en-US\",\"potentialAction\":[{\"@type\":\"ReadAction\",\"target\":[\"https:\/\/amberwithsilver.com\/product\/antikvarinis-geltono-gintaro-rutuliuku-verinys-su-pakabuku\/\"]}]},{\"@type\":\"ImageObject\",\"inLanguage\":\"en-US\",\"@id\":\"https:\/\/amberwithsilver.com\/product\/antikvarinis-geltono-gintaro-rutuliuku-verinys-su-pakabuku\/#primaryimage\",\"url\":\"https:\/\/amberwithsilver.com\/wp-content\/uploads\/2023\/01\/img_6392-1-scaled.jpeg\",\"contentUrl\":\"https:\/\/amberwithsilver.com\/wp-content\/uploads\/2023\/01\/img_6392-1-scaled.jpeg\",\"width\":2458,\"height\":2560,\"caption\":\"Antikvarinis geltono gintaro rutuliuk\u0173 v\u0117rinys,antique yallow amber round beads necklace with pendant\"},{\"@type\":\"BreadcrumbList\",\"@id\":\"https:\/\/amberwithsilver.com\/product\/antikvarinis-geltono-gintaro-rutuliuku-verinys-su-pakabuku\/#breadcrumb\",\"itemListElement\":[{\"@type\":\"ListItem\",\"position\":1,\"name\":\"Home\",\"item\":\"https:\/\/amberwithsilver.com\/\"},{\"@type\":\"ListItem\",\"position\":2,\"name\":\"Parduotuv\u0117\",\"item\":\"https:\/\/amberwithsilver.com\/en\/parduotuve\/\"},{\"@type\":\"ListItem\",\"position\":3,\"name\":\"Antikvarinis geltono gintaro rutuliuk\u0173 v\u0117rinys su pakabuku\"}]},{\"@type\":\"WebSite\",\"@id\":\"https:\/\/amberwithsilver.com\/en\/#website\",\"url\":\"https:\/\/amberwithsilver.com\/en\/\",\"name\":\"AmberWithSilver\",\"description\":\"Amber-Silver\",\"publisher\":{\"@id\":\"https:\/\/amberwithsilver.com\/en\/#organization\"},\"potentialAction\":[{\"@type\":\"SearchAction\",\"target\":{\"@type\":\"EntryPoint\",\"urlTemplate\":\"https:\/\/amberwithsilver.com\/en\/?s={search_term_string}\"},\"query-input\":{\"@type\":\"PropertyValueSpecification\",\"valueRequired\":true,\"valueName\":\"search_term_string\"}}],\"inLanguage\":\"en-US\"},{\"@type\":\"Organization\",\"@id\":\"https:\/\/amberwithsilver.com\/en\/#organization\",\"name\":\"amberwithsilver\",\"url\":\"https:\/\/amberwithsilver.com\/en\/\",\"logo\":{\"@type\":\"ImageObject\",\"inLanguage\":\"en-US\",\"@id\":\"https:\/\/amberwithsilver.com\/en\/#\/schema\/logo\/image\/\",\"url\":\"https:\/\/i0.wp.com\/amberwithsilver.com\/wp-content\/uploads\/2020\/12\/logo.jpg?fit=232%2C116&ssl=1\",\"contentUrl\":\"https:\/\/i0.wp.com\/amberwithsilver.com\/wp-content\/uploads\/2020\/12\/logo.jpg?fit=232%2C116&ssl=1\",\"width\":232,\"height\":116,\"caption\":\"amberwithsilver\"},\"image\":{\"@id\":\"https:\/\/amberwithsilver.com\/en\/#\/schema\/logo\/image\/\"}}]}<\/script>\n<!-- \/ Yoast SEO Premium plugin. -->","yoast_head_json":{"title":"Antique yellow amber round beads necklace with pendant","description":"Antikvarinis geltono gintaro rutuliuk\u0173 v\u0117rinys,antique yallow amber round beads necklace with pendant, senovinis gintaras,ancient amber,Baltic amber,yellow","robots":{"index":"index","follow":"follow","max-snippet":"max-snippet:-1","max-image-preview":"max-image-preview:large","max-video-preview":"max-video-preview:-1"},"canonical":"https:\/\/amberwithsilver.com\/en\/product\/antikvarinis-geltono-gintaro-rutuliuku-verinys-su-pakabuku\/","og_locale":"en_US","og_type":"article","og_title":"Antikvarinis geltono gintaro rutuliuk\u0173 v\u0117rinys su pakabuku","og_description":"Antikvarinis geltono gintaro rutuliuk\u0173 v\u0117rinys,antique yallow amber round beads necklace with pendant, senovinis gintaras,ancient amber,Baltic amber,yellow","og_url":"https:\/\/amberwithsilver.com\/en\/product\/antikvarinis-geltono-gintaro-rutuliuku-verinys-su-pakabuku\/","og_site_name":"AmberWithSilver","article_modified_time":"2023-03-31T07:16:44+00:00","og_image":[{"width":2458,"height":2560,"url":"https:\/\/amberwithsilver.com\/wp-content\/uploads\/2023\/01\/img_6392-1-scaled.jpeg","type":"image\/jpeg"}],"twitter_card":"summary_large_image","twitter_misc":{"Est. reading time":"1 minute"},"schema":{"@context":"https:\/\/schema.org","@graph":[{"@type":"WebPage","@id":"https:\/\/amberwithsilver.com\/product\/antikvarinis-geltono-gintaro-rutuliuku-verinys-su-pakabuku\/","url":"https:\/\/amberwithsilver.com\/product\/antikvarinis-geltono-gintaro-rutuliuku-verinys-su-pakabuku\/","name":"Antique yellow amber round beads necklace with pendant","isPartOf":{"@id":"https:\/\/amberwithsilver.com\/en\/#website"},"primaryImageOfPage":{"@id":"https:\/\/amberwithsilver.com\/product\/antikvarinis-geltono-gintaro-rutuliuku-verinys-su-pakabuku\/#primaryimage"},"image":{"@id":"https:\/\/amberwithsilver.com\/product\/antikvarinis-geltono-gintaro-rutuliuku-verinys-su-pakabuku\/#primaryimage"},"thumbnailUrl":"https:\/\/amberwithsilver.com\/wp-content\/uploads\/2023\/01\/img_6392-1-scaled.jpeg","datePublished":"2023-01-04T13:58:11+00:00","dateModified":"2023-03-31T07:16:44+00:00","description":"Antikvarinis geltono gintaro rutuliuk\u0173 v\u0117rinys,antique yallow amber round beads necklace with pendant, senovinis gintaras,ancient amber,Baltic amber,yellow","breadcrumb":{"@id":"https:\/\/amberwithsilver.com\/product\/antikvarinis-geltono-gintaro-rutuliuku-verinys-su-pakabuku\/#breadcrumb"},"inLanguage":"en-US","potentialAction":[{"@type":"ReadAction","target":["https:\/\/amberwithsilver.com\/product\/antikvarinis-geltono-gintaro-rutuliuku-verinys-su-pakabuku\/"]}]},{"@type":"ImageObject","inLanguage":"en-US","@id":"https:\/\/amberwithsilver.com\/product\/antikvarinis-geltono-gintaro-rutuliuku-verinys-su-pakabuku\/#primaryimage","url":"https:\/\/amberwithsilver.com\/wp-content\/uploads\/2023\/01\/img_6392-1-scaled.jpeg","contentUrl":"https:\/\/amberwithsilver.com\/wp-content\/uploads\/2023\/01\/img_6392-1-scaled.jpeg","width":2458,"height":2560,"caption":"Antikvarinis geltono gintaro rutuliuk\u0173 v\u0117rinys,antique yallow amber round beads necklace with pendant"},{"@type":"BreadcrumbList","@id":"https:\/\/amberwithsilver.com\/product\/antikvarinis-geltono-gintaro-rutuliuku-verinys-su-pakabuku\/#breadcrumb","itemListElement":[{"@type":"ListItem","position":1,"name":"Home","item":"https:\/\/amberwithsilver.com\/"},{"@type":"ListItem","position":2,"name":"Parduotuv\u0117","item":"https:\/\/amberwithsilver.com\/en\/parduotuve\/"},{"@type":"ListItem","position":3,"name":"Antikvarinis geltono gintaro rutuliuk\u0173 v\u0117rinys su pakabuku"}]},{"@type":"WebSite","@id":"https:\/\/amberwithsilver.com\/en\/#website","url":"https:\/\/amberwithsilver.com\/en\/","name":"AmberWithSilver","description":"Amber-Silver","publisher":{"@id":"https:\/\/amberwithsilver.com\/en\/#organization"},"potentialAction":[{"@type":"SearchAction","target":{"@type":"EntryPoint","urlTemplate":"https:\/\/amberwithsilver.com\/en\/?s={search_term_string}"},"query-input":{"@type":"PropertyValueSpecification","valueRequired":true,"valueName":"search_term_string"}}],"inLanguage":"en-US"},{"@type":"Organization","@id":"https:\/\/amberwithsilver.com\/en\/#organization","name":"amberwithsilver","url":"https:\/\/amberwithsilver.com\/en\/","logo":{"@type":"ImageObject","inLanguage":"en-US","@id":"https:\/\/amberwithsilver.com\/en\/#\/schema\/logo\/image\/","url":"https:\/\/i0.wp.com\/amberwithsilver.com\/wp-content\/uploads\/2020\/12\/logo.jpg?fit=232%2C116&ssl=1","contentUrl":"https:\/\/i0.wp.com\/amberwithsilver.com\/wp-content\/uploads\/2020\/12\/logo.jpg?fit=232%2C116&ssl=1","width":232,"height":116,"caption":"amberwithsilver"},"image":{"@id":"https:\/\/amberwithsilver.com\/en\/#\/schema\/logo\/image\/"}}]}},"jetpack_sharing_enabled":true,"_links":{"self":[{"href":"https:\/\/amberwithsilver.com\/en\/wp-json\/wp\/v2\/product\/2573","targetHints":{"allow":["GET"]}}],"collection":[{"href":"https:\/\/amberwithsilver.com\/en\/wp-json\/wp\/v2\/product"}],"about":[{"href":"https:\/\/amberwithsilver.com\/en\/wp-json\/wp\/v2\/types\/product"}],"replies":[{"embeddable":true,"href":"https:\/\/amberwithsilver.com\/en\/wp-json\/wp\/v2\/comments?post=2573"}],"version-history":[{"count":0,"href":"https:\/\/amberwithsilver.com\/en\/wp-json\/wp\/v2\/product\/2573\/revisions"}],"wp:featuredmedia":[{"embeddable":true,"href":"https:\/\/amberwithsilver.com\/en\/wp-json\/wp\/v2\/media\/2581"}],"wp:attachment":[{"href":"https:\/\/amberwithsilver.com\/en\/wp-json\/wp\/v2\/media?parent=2573"}],"wp:term":[{"taxonomy":"product_brand","embeddable":true,"href":"https:\/\/amberwithsilver.com\/en\/wp-json\/wp\/v2\/product_brand?post=2573"},{"taxonomy":"product_cat","embeddable":true,"href":"https:\/\/amberwithsilver.com\/en\/wp-json\/wp\/v2\/product_cat?post=2573"},{"taxonomy":"product_tag","embeddable":true,"href":"https:\/\/amberwithsilver.com\/en\/wp-json\/wp\/v2\/product_tag?post=2573"}],"curies":[{"name":"wp","href":"https:\/\/api.w.org\/{rel}","templated":true}]}}