{"id":2698,"date":"2023-03-30T10:38:56","date_gmt":"2023-03-30T08:38:56","guid":{"rendered":"http:\/\/amberwithsilver.com\/?post_type=product&#038;p=2698"},"modified":"2024-02-05T12:49:24","modified_gmt":"2024-02-05T10:49:24","slug":"vyriska-juodo-gintaro-tableciu-formos-apyranke","status":"publish","type":"product","link":"https:\/\/amberwithsilver.com\/en\/product\/vyriska-juodo-gintaro-tableciu-formos-apyranke\/","title":{"rendered":"Men's black amber barrel beads stretch bracelet"},"content":{"rendered":"<p>Men's black amber barrel beads stretch bracelet.<\/p>\n<ul>\n<li><span class=\"VIiyi\" lang=\"lt\"><span class=\"JLqJ4b ChMk0b\" data-language-for-alternatives=\"lt\" data-language-to-translate-into=\"en\" data-phrase-index=\"0\">Black color recycled Baltic amber cylinder beads<\/span><\/span><\/li>\n<li>Barrel shape amber beads<\/li>\n<li><span class=\"VIiyi\" lang=\"lt\"><span class=\"JLqJ4b ChMk0b\" data-language-for-alternatives=\"lt\" data-language-to-translate-into=\"en\" data-phrase-index=\"0\">Elastic rubber<br \/>\n<\/span><\/span><\/li>\n<li>Length: ~ 22,5 cm<\/li>\n<li>Weight: ~16,8 grams<\/li>\n<li>The size of amber: ~ 16x10 mm<\/li>\n<\/ul>\n<p>*Please note that the color of the product may vary slightly from that shown in the photo, depending on the monitor used by the Buyer and the lighting settings in the photos.<\/p>","protected":false},"excerpt":{"rendered":"<p>Men's black amber barrel beads stretch bracelet.<\/p>\n<ul>\n<li><span class=\"VIiyi\" lang=\"lt\"><span class=\"JLqJ4b ChMk0b\" data-language-for-alternatives=\"lt\" data-language-to-translate-into=\"en\" data-phrase-index=\"0\">Black color recycled Baltic amber cylinder beads<\/span><\/span><\/li>\n<li>Barrel shape amber beads<\/li>\n<li><span class=\"VIiyi\" lang=\"lt\"><span class=\"JLqJ4b ChMk0b\" data-language-for-alternatives=\"lt\" data-language-to-translate-into=\"en\" data-phrase-index=\"0\">Elastic rubber<br \/>\n<\/span><\/span><\/li>\n<li>Length: ~ 22,5 cm<\/li>\n<li>Weight: ~16,8 grams<\/li>\n<li>The size of amber: ~ 16x10 mm<\/li>\n<\/ul>\n<p>*Please note that the color of the product may vary slightly from that shown in the photo, depending on the monitor used by the Buyer and the lighting settings in the photos.<\/p>","protected":false},"featured_media":2699,"comment_status":"open","ping_status":"closed","template":"","meta":[],"product_brand":[],"product_cat":[59,18,60,58],"product_tag":[501,554,598,890,891,892,893,894],"class_list":{"0":"post-2698","1":"product","2":"type-product","3":"status-publish","4":"has-post-thumbnail","6":"product_cat-gintaro-papuosalai-vyrams","7":"product_cat-gintaro-apyrankes","8":"product_cat-juodo-gintaro-kolekcija","9":"product_cat-kolekcijos","10":"product_tag-juodas-gintaras","11":"product_tag-black-amber","12":"product_tag-amber-bracelet-for-man","13":"product_tag-vyriska-juodo-gintaro-tableciu-formos-apyranke","14":"product_tag-mens-black-amber-barrel-shaped-stretch-bracelet","15":"product_tag-gintarine-apyranke-vyrams","16":"product_tag-barrel-shape-amber","17":"product_tag-mens-black-amber-barrel-beads-stretch-bracelet","19":"first","20":"instock","21":"taxable","22":"shipping-taxable","23":"purchasable","24":"product-type-simple"},"yoast_head":"<!-- This site is optimized with the Yoast SEO Premium plugin v23.4 (Yoast SEO v26.8) - https:\/\/yoast.com\/product\/yoast-seo-premium-wordpress\/ -->\n<title>Vyri\u0161ka juodo gintaro table\u010di\u0173 formos apyrank\u0117<\/title>\n<meta name=\"description\" content=\"Vyri\u0161ka juodo gintaro table\u010di\u0173 formos apyrank\u0117,Men&#039;s black amber barrel shaped stretch bracelet, amber bracelet for man,gintarine apyranke vyrams,Baltijos\" \/>\n<meta name=\"robots\" content=\"index, follow, max-snippet:-1, max-image-preview:large, max-video-preview:-1\" \/>\n<link rel=\"canonical\" href=\"https:\/\/amberwithsilver.com\/en\/product\/vyriska-juodo-gintaro-tableciu-formos-apyranke\/\" \/>\n<meta property=\"og:locale\" content=\"en_US\" \/>\n<meta property=\"og:type\" content=\"article\" \/>\n<meta property=\"og:title\" content=\"Vyri\u0161ka juodo gintaro table\u010di\u0173 formos apyrank\u0117\" \/>\n<meta property=\"og:description\" content=\"Vyri\u0161ka juodo gintaro table\u010di\u0173 formos apyrank\u0117,Men&#039;s black amber barrel shaped stretch bracelet, amber bracelet for man,gintarine apyranke vyrams,Baltijos\" \/>\n<meta property=\"og:url\" content=\"https:\/\/amberwithsilver.com\/en\/product\/vyriska-juodo-gintaro-tableciu-formos-apyranke\/\" \/>\n<meta property=\"og:site_name\" content=\"AmberWithSilver\" \/>\n<meta property=\"article:modified_time\" content=\"2024-02-05T10:49:24+00:00\" \/>\n<meta property=\"og:image\" content=\"https:\/\/amberwithsilver.com\/wp-content\/uploads\/2023\/03\/image14-1.webp\" \/>\n\t<meta property=\"og:image:width\" content=\"800\" \/>\n\t<meta property=\"og:image:height\" content=\"838\" \/>\n\t<meta property=\"og:image:type\" content=\"image\/webp\" \/>\n<meta name=\"twitter:card\" content=\"summary_large_image\" \/>\n<meta name=\"twitter:label1\" content=\"Est. reading time\" \/>\n\t<meta name=\"twitter:data1\" content=\"1 minute\" \/>\n<script type=\"application\/ld+json\" class=\"yoast-schema-graph\">{\"@context\":\"https:\/\/schema.org\",\"@graph\":[{\"@type\":\"WebPage\",\"@id\":\"https:\/\/amberwithsilver.com\/product\/vyriska-juodo-gintaro-tableciu-formos-apyranke\/\",\"url\":\"https:\/\/amberwithsilver.com\/product\/vyriska-juodo-gintaro-tableciu-formos-apyranke\/\",\"name\":\"Vyri\u0161ka juodo gintaro table\u010di\u0173 formos apyrank\u0117\",\"isPartOf\":{\"@id\":\"https:\/\/amberwithsilver.com\/en\/#website\"},\"primaryImageOfPage\":{\"@id\":\"https:\/\/amberwithsilver.com\/product\/vyriska-juodo-gintaro-tableciu-formos-apyranke\/#primaryimage\"},\"image\":{\"@id\":\"https:\/\/amberwithsilver.com\/product\/vyriska-juodo-gintaro-tableciu-formos-apyranke\/#primaryimage\"},\"thumbnailUrl\":\"https:\/\/amberwithsilver.com\/wp-content\/uploads\/2023\/03\/image14-1.webp\",\"datePublished\":\"2023-03-30T08:38:56+00:00\",\"dateModified\":\"2024-02-05T10:49:24+00:00\",\"description\":\"Vyri\u0161ka juodo gintaro table\u010di\u0173 formos apyrank\u0117,Men's black amber barrel shaped stretch bracelet, amber bracelet for man,gintarine apyranke vyrams,Baltijos\",\"breadcrumb\":{\"@id\":\"https:\/\/amberwithsilver.com\/product\/vyriska-juodo-gintaro-tableciu-formos-apyranke\/#breadcrumb\"},\"inLanguage\":\"en-US\",\"potentialAction\":[{\"@type\":\"ReadAction\",\"target\":[\"https:\/\/amberwithsilver.com\/product\/vyriska-juodo-gintaro-tableciu-formos-apyranke\/\"]}]},{\"@type\":\"ImageObject\",\"inLanguage\":\"en-US\",\"@id\":\"https:\/\/amberwithsilver.com\/product\/vyriska-juodo-gintaro-tableciu-formos-apyranke\/#primaryimage\",\"url\":\"https:\/\/amberwithsilver.com\/wp-content\/uploads\/2023\/03\/image14-1.webp\",\"contentUrl\":\"https:\/\/amberwithsilver.com\/wp-content\/uploads\/2023\/03\/image14-1.webp\",\"width\":800,\"height\":838,\"caption\":\"Vyri\u0161ka juodo gintaro table\u010di\u0173 formos apyrank\u0117, Men's black amber barrel shaped stretch bracelet\"},{\"@type\":\"BreadcrumbList\",\"@id\":\"https:\/\/amberwithsilver.com\/product\/vyriska-juodo-gintaro-tableciu-formos-apyranke\/#breadcrumb\",\"itemListElement\":[{\"@type\":\"ListItem\",\"position\":1,\"name\":\"Home\",\"item\":\"https:\/\/amberwithsilver.com\/\"},{\"@type\":\"ListItem\",\"position\":2,\"name\":\"Parduotuv\u0117\",\"item\":\"https:\/\/amberwithsilver.com\/en\/parduotuve\/\"},{\"@type\":\"ListItem\",\"position\":3,\"name\":\"Vyri\u0161ka juodo gintaro table\u010di\u0173 formos apyrank\u0117\"}]},{\"@type\":\"WebSite\",\"@id\":\"https:\/\/amberwithsilver.com\/en\/#website\",\"url\":\"https:\/\/amberwithsilver.com\/en\/\",\"name\":\"AmberWithSilver\",\"description\":\"Amber-Silver\",\"publisher\":{\"@id\":\"https:\/\/amberwithsilver.com\/en\/#organization\"},\"potentialAction\":[{\"@type\":\"SearchAction\",\"target\":{\"@type\":\"EntryPoint\",\"urlTemplate\":\"https:\/\/amberwithsilver.com\/en\/?s={search_term_string}\"},\"query-input\":{\"@type\":\"PropertyValueSpecification\",\"valueRequired\":true,\"valueName\":\"search_term_string\"}}],\"inLanguage\":\"en-US\"},{\"@type\":\"Organization\",\"@id\":\"https:\/\/amberwithsilver.com\/en\/#organization\",\"name\":\"amberwithsilver\",\"url\":\"https:\/\/amberwithsilver.com\/en\/\",\"logo\":{\"@type\":\"ImageObject\",\"inLanguage\":\"en-US\",\"@id\":\"https:\/\/amberwithsilver.com\/en\/#\/schema\/logo\/image\/\",\"url\":\"https:\/\/i0.wp.com\/amberwithsilver.com\/wp-content\/uploads\/2020\/12\/logo.jpg?fit=232%2C116&ssl=1\",\"contentUrl\":\"https:\/\/i0.wp.com\/amberwithsilver.com\/wp-content\/uploads\/2020\/12\/logo.jpg?fit=232%2C116&ssl=1\",\"width\":232,\"height\":116,\"caption\":\"amberwithsilver\"},\"image\":{\"@id\":\"https:\/\/amberwithsilver.com\/en\/#\/schema\/logo\/image\/\"}}]}<\/script>\n<!-- \/ Yoast SEO Premium plugin. -->","yoast_head_json":{"title":"Men's black amber barrel beads stretch bracelet","description":"Vyri\u0161ka juodo gintaro table\u010di\u0173 formos apyrank\u0117,Men's black amber barrel shaped stretch bracelet, amber bracelet for man,gintarine apyranke vyrams,Baltijos","robots":{"index":"index","follow":"follow","max-snippet":"max-snippet:-1","max-image-preview":"max-image-preview:large","max-video-preview":"max-video-preview:-1"},"canonical":"https:\/\/amberwithsilver.com\/en\/product\/vyriska-juodo-gintaro-tableciu-formos-apyranke\/","og_locale":"en_US","og_type":"article","og_title":"Vyri\u0161ka juodo gintaro table\u010di\u0173 formos apyrank\u0117","og_description":"Vyri\u0161ka juodo gintaro table\u010di\u0173 formos apyrank\u0117,Men's black amber barrel shaped stretch bracelet, amber bracelet for man,gintarine apyranke vyrams,Baltijos","og_url":"https:\/\/amberwithsilver.com\/en\/product\/vyriska-juodo-gintaro-tableciu-formos-apyranke\/","og_site_name":"AmberWithSilver","article_modified_time":"2024-02-05T10:49:24+00:00","og_image":[{"width":800,"height":838,"url":"https:\/\/amberwithsilver.com\/wp-content\/uploads\/2023\/03\/image14-1.webp","type":"image\/webp"}],"twitter_card":"summary_large_image","twitter_misc":{"Est. reading time":"1 minute"},"schema":{"@context":"https:\/\/schema.org","@graph":[{"@type":"WebPage","@id":"https:\/\/amberwithsilver.com\/product\/vyriska-juodo-gintaro-tableciu-formos-apyranke\/","url":"https:\/\/amberwithsilver.com\/product\/vyriska-juodo-gintaro-tableciu-formos-apyranke\/","name":"Men's black amber barrel beads stretch bracelet","isPartOf":{"@id":"https:\/\/amberwithsilver.com\/en\/#website"},"primaryImageOfPage":{"@id":"https:\/\/amberwithsilver.com\/product\/vyriska-juodo-gintaro-tableciu-formos-apyranke\/#primaryimage"},"image":{"@id":"https:\/\/amberwithsilver.com\/product\/vyriska-juodo-gintaro-tableciu-formos-apyranke\/#primaryimage"},"thumbnailUrl":"https:\/\/amberwithsilver.com\/wp-content\/uploads\/2023\/03\/image14-1.webp","datePublished":"2023-03-30T08:38:56+00:00","dateModified":"2024-02-05T10:49:24+00:00","description":"Vyri\u0161ka juodo gintaro table\u010di\u0173 formos apyrank\u0117,Men's black amber barrel shaped stretch bracelet, amber bracelet for man,gintarine apyranke vyrams,Baltijos","breadcrumb":{"@id":"https:\/\/amberwithsilver.com\/product\/vyriska-juodo-gintaro-tableciu-formos-apyranke\/#breadcrumb"},"inLanguage":"en-US","potentialAction":[{"@type":"ReadAction","target":["https:\/\/amberwithsilver.com\/product\/vyriska-juodo-gintaro-tableciu-formos-apyranke\/"]}]},{"@type":"ImageObject","inLanguage":"en-US","@id":"https:\/\/amberwithsilver.com\/product\/vyriska-juodo-gintaro-tableciu-formos-apyranke\/#primaryimage","url":"https:\/\/amberwithsilver.com\/wp-content\/uploads\/2023\/03\/image14-1.webp","contentUrl":"https:\/\/amberwithsilver.com\/wp-content\/uploads\/2023\/03\/image14-1.webp","width":800,"height":838,"caption":"Vyri\u0161ka juodo gintaro table\u010di\u0173 formos apyrank\u0117, Men's black amber barrel shaped stretch bracelet"},{"@type":"BreadcrumbList","@id":"https:\/\/amberwithsilver.com\/product\/vyriska-juodo-gintaro-tableciu-formos-apyranke\/#breadcrumb","itemListElement":[{"@type":"ListItem","position":1,"name":"Home","item":"https:\/\/amberwithsilver.com\/"},{"@type":"ListItem","position":2,"name":"Parduotuv\u0117","item":"https:\/\/amberwithsilver.com\/en\/parduotuve\/"},{"@type":"ListItem","position":3,"name":"Vyri\u0161ka juodo gintaro table\u010di\u0173 formos apyrank\u0117"}]},{"@type":"WebSite","@id":"https:\/\/amberwithsilver.com\/en\/#website","url":"https:\/\/amberwithsilver.com\/en\/","name":"AmberWithSilver","description":"Amber-Silver","publisher":{"@id":"https:\/\/amberwithsilver.com\/en\/#organization"},"potentialAction":[{"@type":"SearchAction","target":{"@type":"EntryPoint","urlTemplate":"https:\/\/amberwithsilver.com\/en\/?s={search_term_string}"},"query-input":{"@type":"PropertyValueSpecification","valueRequired":true,"valueName":"search_term_string"}}],"inLanguage":"en-US"},{"@type":"Organization","@id":"https:\/\/amberwithsilver.com\/en\/#organization","name":"amberwithsilver","url":"https:\/\/amberwithsilver.com\/en\/","logo":{"@type":"ImageObject","inLanguage":"en-US","@id":"https:\/\/amberwithsilver.com\/en\/#\/schema\/logo\/image\/","url":"https:\/\/i0.wp.com\/amberwithsilver.com\/wp-content\/uploads\/2020\/12\/logo.jpg?fit=232%2C116&ssl=1","contentUrl":"https:\/\/i0.wp.com\/amberwithsilver.com\/wp-content\/uploads\/2020\/12\/logo.jpg?fit=232%2C116&ssl=1","width":232,"height":116,"caption":"amberwithsilver"},"image":{"@id":"https:\/\/amberwithsilver.com\/en\/#\/schema\/logo\/image\/"}}]}},"jetpack_sharing_enabled":true,"_links":{"self":[{"href":"https:\/\/amberwithsilver.com\/en\/wp-json\/wp\/v2\/product\/2698","targetHints":{"allow":["GET"]}}],"collection":[{"href":"https:\/\/amberwithsilver.com\/en\/wp-json\/wp\/v2\/product"}],"about":[{"href":"https:\/\/amberwithsilver.com\/en\/wp-json\/wp\/v2\/types\/product"}],"replies":[{"embeddable":true,"href":"https:\/\/amberwithsilver.com\/en\/wp-json\/wp\/v2\/comments?post=2698"}],"version-history":[{"count":0,"href":"https:\/\/amberwithsilver.com\/en\/wp-json\/wp\/v2\/product\/2698\/revisions"}],"wp:featuredmedia":[{"embeddable":true,"href":"https:\/\/amberwithsilver.com\/en\/wp-json\/wp\/v2\/media\/2699"}],"wp:attachment":[{"href":"https:\/\/amberwithsilver.com\/en\/wp-json\/wp\/v2\/media?parent=2698"}],"wp:term":[{"taxonomy":"product_brand","embeddable":true,"href":"https:\/\/amberwithsilver.com\/en\/wp-json\/wp\/v2\/product_brand?post=2698"},{"taxonomy":"product_cat","embeddable":true,"href":"https:\/\/amberwithsilver.com\/en\/wp-json\/wp\/v2\/product_cat?post=2698"},{"taxonomy":"product_tag","embeddable":true,"href":"https:\/\/amberwithsilver.com\/en\/wp-json\/wp\/v2\/product_tag?post=2698"}],"curies":[{"name":"wp","href":"https:\/\/api.w.org\/{rel}","templated":true}]}}