{"id":2705,"date":"2023-03-31T08:42:36","date_gmt":"2023-03-31T06:42:36","guid":{"rendered":"http:\/\/amberwithsilver.com\/?post_type=product&#038;p=2705"},"modified":"2024-04-25T13:42:14","modified_gmt":"2024-04-25T11:42:14","slug":"2705","status":"publish","type":"product","link":"https:\/\/amberwithsilver.com\/en\/product\/2705\/","title":{"rendered":"Cherry amber round beads necklace with a gradient pendant"},"content":{"rendered":"<p>Cherry amber round beads necklace with a gradient pendant.<\/p>\n<div class=\"woocommerce-product-details__short-description\">\n<ul>\n<li>Natural Baltic amber<\/li>\n<li>Cherry color Baltic amber round beads<\/li>\n<li><span class=\"VIiyi\" lang=\"lt\"><span class=\"JLqJ4b ChMk0b\" data-language-for-alternatives=\"lt\" data-language-to-translate-into=\"en\" data-phrase-index=\"0\">Plastic screw clasp<br \/>\n<\/span><\/span><\/li>\n<li>Length: ~ 82 cm<\/li>\n<li>Weight: ~25,1 grams<\/li>\n<li>Beads size: ~ 5 mm<\/li>\n<li>Pendant's size: ~ 55x33 mm<\/li>\n<\/ul>\n<p>*Please note as with all natural gemstones the color may vary slightly from the photo shown.<\/p>\n<\/div>","protected":false},"excerpt":{"rendered":"<p>Cherry amber round beads necklace with a gradient pendant.<\/p>\n<div class=\"woocommerce-product-details__short-description\">\n<ul>\n<li>Natural Baltic amber<\/li>\n<li>Cherry color Baltic amber round beads<\/li>\n<li><span class=\"VIiyi\" lang=\"lt\"><span class=\"JLqJ4b ChMk0b\" data-language-for-alternatives=\"lt\" data-language-to-translate-into=\"en\" data-phrase-index=\"0\">Plastic screw clasp<br \/>\n<\/span><\/span><\/li>\n<li>Length: ~ 82 cm<\/li>\n<li>Weight: ~25,1 grams<\/li>\n<li>Beads size: ~ 5 mm<\/li>\n<li>Pendant's size: ~ 55x33 mm<\/li>\n<\/ul>\n<p>*Please note as with all natural gemstones the color may vary slightly from the photo shown.<\/p>\n<\/div>","protected":false},"featured_media":2706,"comment_status":"open","ping_status":"closed","template":"","meta":[],"product_brand":[],"product_cat":[856,35],"product_tag":[501,507,554,895,896,897],"class_list":{"0":"post-2705","1":"product","2":"type-product","3":"status-publish","4":"has-post-thumbnail","6":"product_cat-gintaro-veriniai-su-pakabuku","7":"product_cat-gintaro-karoliai","8":"product_tag-juodas-gintaras","9":"product_tag-baltijos-gintaras","10":"product_tag-black-amber","11":"product_tag-vysninio-gintaro-rutuliuku-verinys-su-tamsiu-pakabuku","12":"product_tag-cherry-amber-round-beads-necklace-with-a-gradient-pendant","13":"product_tag-dark-amber-necklace-for-women","15":"first","16":"instock","17":"taxable","18":"shipping-taxable","19":"purchasable","20":"product-type-simple"},"yoast_head":"<!-- This site is optimized with the Yoast SEO Premium plugin v23.4 (Yoast SEO v26.8) - https:\/\/yoast.com\/product\/yoast-seo-premium-wordpress\/ -->\n<title>Vy\u0161ninio gintaro rutuliuk\u0173 v\u0117rinys su tamsiu pakabuku<\/title>\n<meta name=\"description\" content=\"Vy\u0161ninio gintaro rutuliuk\u0173 v\u0117rinys su tamsiu pakabuku,cherry amber round beads necklace with a gradient pendant,dark amber necklace for women,Baltijos ginta\" \/>\n<meta name=\"robots\" content=\"index, follow, max-snippet:-1, max-image-preview:large, max-video-preview:-1\" \/>\n<link rel=\"canonical\" href=\"https:\/\/amberwithsilver.com\/en\/product\/2705\/\" \/>\n<meta property=\"og:locale\" content=\"en_US\" \/>\n<meta property=\"og:type\" content=\"article\" \/>\n<meta property=\"og:title\" content=\"Vy\u0161ninio gintaro rutuliuk\u0173 v\u0117rinys su tamsiu pakabuku\" \/>\n<meta property=\"og:description\" content=\"Vy\u0161ninio gintaro rutuliuk\u0173 v\u0117rinys su tamsiu pakabuku,cherry amber round beads necklace with a gradient pendant,dark amber necklace for women,Baltijos ginta\" \/>\n<meta property=\"og:url\" content=\"https:\/\/amberwithsilver.com\/en\/product\/2705\/\" \/>\n<meta property=\"og:site_name\" content=\"AmberWithSilver\" \/>\n<meta property=\"article:modified_time\" content=\"2024-04-25T11:42:14+00:00\" \/>\n<meta property=\"og:image\" content=\"https:\/\/amberwithsilver.com\/wp-content\/uploads\/2023\/03\/IMG_0720.webp\" \/>\n\t<meta property=\"og:image:width\" content=\"800\" \/>\n\t<meta property=\"og:image:height\" content=\"873\" \/>\n\t<meta property=\"og:image:type\" content=\"image\/webp\" \/>\n<meta name=\"twitter:card\" content=\"summary_large_image\" \/>\n<meta name=\"twitter:label1\" content=\"Est. reading time\" \/>\n\t<meta name=\"twitter:data1\" content=\"1 minute\" \/>\n<script type=\"application\/ld+json\" class=\"yoast-schema-graph\">{\"@context\":\"https:\/\/schema.org\",\"@graph\":[{\"@type\":\"WebPage\",\"@id\":\"https:\/\/amberwithsilver.com\/product\/2705\/\",\"url\":\"https:\/\/amberwithsilver.com\/product\/2705\/\",\"name\":\"Vy\u0161ninio gintaro rutuliuk\u0173 v\u0117rinys su tamsiu pakabuku\",\"isPartOf\":{\"@id\":\"https:\/\/amberwithsilver.com\/en\/#website\"},\"primaryImageOfPage\":{\"@id\":\"https:\/\/amberwithsilver.com\/product\/2705\/#primaryimage\"},\"image\":{\"@id\":\"https:\/\/amberwithsilver.com\/product\/2705\/#primaryimage\"},\"thumbnailUrl\":\"https:\/\/amberwithsilver.com\/wp-content\/uploads\/2023\/03\/IMG_0720.webp\",\"datePublished\":\"2023-03-31T06:42:36+00:00\",\"dateModified\":\"2024-04-25T11:42:14+00:00\",\"description\":\"Vy\u0161ninio gintaro rutuliuk\u0173 v\u0117rinys su tamsiu pakabuku,cherry amber round beads necklace with a gradient pendant,dark amber necklace for women,Baltijos ginta\",\"breadcrumb\":{\"@id\":\"https:\/\/amberwithsilver.com\/product\/2705\/#breadcrumb\"},\"inLanguage\":\"en-US\",\"potentialAction\":[{\"@type\":\"ReadAction\",\"target\":[\"https:\/\/amberwithsilver.com\/product\/2705\/\"]}]},{\"@type\":\"ImageObject\",\"inLanguage\":\"en-US\",\"@id\":\"https:\/\/amberwithsilver.com\/product\/2705\/#primaryimage\",\"url\":\"https:\/\/amberwithsilver.com\/wp-content\/uploads\/2023\/03\/IMG_0720.webp\",\"contentUrl\":\"https:\/\/amberwithsilver.com\/wp-content\/uploads\/2023\/03\/IMG_0720.webp\",\"width\":800,\"height\":873,\"caption\":\"Vy\u0161ninio gintaro rutuliuk\u0173 v\u0117rinys su tamsiu pakabuku,cherry amber round beads necklace with a gradient pendant\"},{\"@type\":\"BreadcrumbList\",\"@id\":\"https:\/\/amberwithsilver.com\/product\/2705\/#breadcrumb\",\"itemListElement\":[{\"@type\":\"ListItem\",\"position\":1,\"name\":\"Home\",\"item\":\"https:\/\/amberwithsilver.com\/\"},{\"@type\":\"ListItem\",\"position\":2,\"name\":\"Parduotuv\u0117\",\"item\":\"https:\/\/amberwithsilver.com\/en\/parduotuve\/\"},{\"@type\":\"ListItem\",\"position\":3,\"name\":\"Vy\u0161ninio gintaro rutuliuk\u0173 v\u0117rinys su tamsiu pakabuku\"}]},{\"@type\":\"WebSite\",\"@id\":\"https:\/\/amberwithsilver.com\/en\/#website\",\"url\":\"https:\/\/amberwithsilver.com\/en\/\",\"name\":\"AmberWithSilver\",\"description\":\"Amber-Silver\",\"publisher\":{\"@id\":\"https:\/\/amberwithsilver.com\/en\/#organization\"},\"potentialAction\":[{\"@type\":\"SearchAction\",\"target\":{\"@type\":\"EntryPoint\",\"urlTemplate\":\"https:\/\/amberwithsilver.com\/en\/?s={search_term_string}\"},\"query-input\":{\"@type\":\"PropertyValueSpecification\",\"valueRequired\":true,\"valueName\":\"search_term_string\"}}],\"inLanguage\":\"en-US\"},{\"@type\":\"Organization\",\"@id\":\"https:\/\/amberwithsilver.com\/en\/#organization\",\"name\":\"amberwithsilver\",\"url\":\"https:\/\/amberwithsilver.com\/en\/\",\"logo\":{\"@type\":\"ImageObject\",\"inLanguage\":\"en-US\",\"@id\":\"https:\/\/amberwithsilver.com\/en\/#\/schema\/logo\/image\/\",\"url\":\"https:\/\/i0.wp.com\/amberwithsilver.com\/wp-content\/uploads\/2020\/12\/logo.jpg?fit=232%2C116&ssl=1\",\"contentUrl\":\"https:\/\/i0.wp.com\/amberwithsilver.com\/wp-content\/uploads\/2020\/12\/logo.jpg?fit=232%2C116&ssl=1\",\"width\":232,\"height\":116,\"caption\":\"amberwithsilver\"},\"image\":{\"@id\":\"https:\/\/amberwithsilver.com\/en\/#\/schema\/logo\/image\/\"}}]}<\/script>\n<!-- \/ Yoast SEO Premium plugin. -->","yoast_head_json":{"title":"Cherry amber round beads necklace with a gradient pendant","description":"Vy\u0161ninio gintaro rutuliuk\u0173 v\u0117rinys su tamsiu pakabuku,cherry amber round beads necklace with a gradient pendant,dark amber necklace for women,Baltijos ginta","robots":{"index":"index","follow":"follow","max-snippet":"max-snippet:-1","max-image-preview":"max-image-preview:large","max-video-preview":"max-video-preview:-1"},"canonical":"https:\/\/amberwithsilver.com\/en\/product\/2705\/","og_locale":"en_US","og_type":"article","og_title":"Vy\u0161ninio gintaro rutuliuk\u0173 v\u0117rinys su tamsiu pakabuku","og_description":"Vy\u0161ninio gintaro rutuliuk\u0173 v\u0117rinys su tamsiu pakabuku,cherry amber round beads necklace with a gradient pendant,dark amber necklace for women,Baltijos ginta","og_url":"https:\/\/amberwithsilver.com\/en\/product\/2705\/","og_site_name":"AmberWithSilver","article_modified_time":"2024-04-25T11:42:14+00:00","og_image":[{"width":800,"height":873,"url":"https:\/\/amberwithsilver.com\/wp-content\/uploads\/2023\/03\/IMG_0720.webp","type":"image\/webp"}],"twitter_card":"summary_large_image","twitter_misc":{"Est. reading time":"1 minute"},"schema":{"@context":"https:\/\/schema.org","@graph":[{"@type":"WebPage","@id":"https:\/\/amberwithsilver.com\/product\/2705\/","url":"https:\/\/amberwithsilver.com\/product\/2705\/","name":"Cherry amber round beads necklace with a gradient pendant","isPartOf":{"@id":"https:\/\/amberwithsilver.com\/en\/#website"},"primaryImageOfPage":{"@id":"https:\/\/amberwithsilver.com\/product\/2705\/#primaryimage"},"image":{"@id":"https:\/\/amberwithsilver.com\/product\/2705\/#primaryimage"},"thumbnailUrl":"https:\/\/amberwithsilver.com\/wp-content\/uploads\/2023\/03\/IMG_0720.webp","datePublished":"2023-03-31T06:42:36+00:00","dateModified":"2024-04-25T11:42:14+00:00","description":"Vy\u0161ninio gintaro rutuliuk\u0173 v\u0117rinys su tamsiu pakabuku,cherry amber round beads necklace with a gradient pendant,dark amber necklace for women,Baltijos ginta","breadcrumb":{"@id":"https:\/\/amberwithsilver.com\/product\/2705\/#breadcrumb"},"inLanguage":"en-US","potentialAction":[{"@type":"ReadAction","target":["https:\/\/amberwithsilver.com\/product\/2705\/"]}]},{"@type":"ImageObject","inLanguage":"en-US","@id":"https:\/\/amberwithsilver.com\/product\/2705\/#primaryimage","url":"https:\/\/amberwithsilver.com\/wp-content\/uploads\/2023\/03\/IMG_0720.webp","contentUrl":"https:\/\/amberwithsilver.com\/wp-content\/uploads\/2023\/03\/IMG_0720.webp","width":800,"height":873,"caption":"Vy\u0161ninio gintaro rutuliuk\u0173 v\u0117rinys su tamsiu pakabuku,cherry amber round beads necklace with a gradient pendant"},{"@type":"BreadcrumbList","@id":"https:\/\/amberwithsilver.com\/product\/2705\/#breadcrumb","itemListElement":[{"@type":"ListItem","position":1,"name":"Home","item":"https:\/\/amberwithsilver.com\/"},{"@type":"ListItem","position":2,"name":"Parduotuv\u0117","item":"https:\/\/amberwithsilver.com\/en\/parduotuve\/"},{"@type":"ListItem","position":3,"name":"Vy\u0161ninio gintaro rutuliuk\u0173 v\u0117rinys su tamsiu pakabuku"}]},{"@type":"WebSite","@id":"https:\/\/amberwithsilver.com\/en\/#website","url":"https:\/\/amberwithsilver.com\/en\/","name":"AmberWithSilver","description":"Amber-Silver","publisher":{"@id":"https:\/\/amberwithsilver.com\/en\/#organization"},"potentialAction":[{"@type":"SearchAction","target":{"@type":"EntryPoint","urlTemplate":"https:\/\/amberwithsilver.com\/en\/?s={search_term_string}"},"query-input":{"@type":"PropertyValueSpecification","valueRequired":true,"valueName":"search_term_string"}}],"inLanguage":"en-US"},{"@type":"Organization","@id":"https:\/\/amberwithsilver.com\/en\/#organization","name":"amberwithsilver","url":"https:\/\/amberwithsilver.com\/en\/","logo":{"@type":"ImageObject","inLanguage":"en-US","@id":"https:\/\/amberwithsilver.com\/en\/#\/schema\/logo\/image\/","url":"https:\/\/i0.wp.com\/amberwithsilver.com\/wp-content\/uploads\/2020\/12\/logo.jpg?fit=232%2C116&ssl=1","contentUrl":"https:\/\/i0.wp.com\/amberwithsilver.com\/wp-content\/uploads\/2020\/12\/logo.jpg?fit=232%2C116&ssl=1","width":232,"height":116,"caption":"amberwithsilver"},"image":{"@id":"https:\/\/amberwithsilver.com\/en\/#\/schema\/logo\/image\/"}}]}},"jetpack_sharing_enabled":true,"_links":{"self":[{"href":"https:\/\/amberwithsilver.com\/en\/wp-json\/wp\/v2\/product\/2705","targetHints":{"allow":["GET"]}}],"collection":[{"href":"https:\/\/amberwithsilver.com\/en\/wp-json\/wp\/v2\/product"}],"about":[{"href":"https:\/\/amberwithsilver.com\/en\/wp-json\/wp\/v2\/types\/product"}],"replies":[{"embeddable":true,"href":"https:\/\/amberwithsilver.com\/en\/wp-json\/wp\/v2\/comments?post=2705"}],"version-history":[{"count":0,"href":"https:\/\/amberwithsilver.com\/en\/wp-json\/wp\/v2\/product\/2705\/revisions"}],"wp:featuredmedia":[{"embeddable":true,"href":"https:\/\/amberwithsilver.com\/en\/wp-json\/wp\/v2\/media\/2706"}],"wp:attachment":[{"href":"https:\/\/amberwithsilver.com\/en\/wp-json\/wp\/v2\/media?parent=2705"}],"wp:term":[{"taxonomy":"product_brand","embeddable":true,"href":"https:\/\/amberwithsilver.com\/en\/wp-json\/wp\/v2\/product_brand?post=2705"},{"taxonomy":"product_cat","embeddable":true,"href":"https:\/\/amberwithsilver.com\/en\/wp-json\/wp\/v2\/product_cat?post=2705"},{"taxonomy":"product_tag","embeddable":true,"href":"https:\/\/amberwithsilver.com\/en\/wp-json\/wp\/v2\/product_tag?post=2705"}],"curies":[{"name":"wp","href":"https:\/\/api.w.org\/{rel}","templated":true}]}}