{"id":2716,"date":"2023-04-06T12:27:03","date_gmt":"2023-04-06T10:27:03","guid":{"rendered":"http:\/\/amberwithsilver.com\/?post_type=product&#038;p=2716"},"modified":"2023-04-06T12:48:12","modified_gmt":"2023-04-06T10:48:12","slug":"marga-gintarine-staciakampio-formos-apyranke","status":"publish","type":"product","link":"https:\/\/amberwithsilver.com\/en\/product\/marga-gintarine-staciakampio-formos-apyranke\/","title":{"rendered":"Multicolored amber rectangle beads stretch bracelet"},"content":{"rendered":"<p>Multicolored amber rectangle beads stretch bracelet.<\/p>\n<ul>\n<li><span class=\"VIiyi\" lang=\"lt\"><span class=\"JLqJ4b ChMk0b\" data-language-for-alternatives=\"lt\" data-language-to-translate-into=\"en\" data-phrase-index=\"0\">Baltic amber<br \/>\n<\/span><\/span><\/li>\n<li>Multicolored amber rectangle shape beads<\/li>\n<li><span class=\"VIiyi\" lang=\"lt\"><span class=\"JLqJ4b ChMk0b\" data-language-for-alternatives=\"lt\" data-language-to-translate-into=\"en\" data-phrase-index=\"0\">Elastic rubber<br \/>\n<\/span><\/span><\/li>\n<li>Length: ~ 20,5 cm<\/li>\n<li>Weight: ~ 35 grams<\/li>\n<li>The size of amber up to ~ 4x1,5 cm<\/li>\n<\/ul>\n<p>*Please note that the color of the product may vary slightly from that shown in the photo, depending on the monitor used by the Buyer and the lighting settings in the photos.<\/p>","protected":false},"excerpt":{"rendered":"<p>Multicolored amber rectangle beads stretch bracelet.<\/p>\n<ul>\n<li><span class=\"VIiyi\" lang=\"lt\"><span class=\"JLqJ4b ChMk0b\" data-language-for-alternatives=\"lt\" data-language-to-translate-into=\"en\" data-phrase-index=\"0\">Baltic amber<br \/>\n<\/span><\/span><\/li>\n<li>Multicolored amber rectangle shape beads<\/li>\n<li><span class=\"VIiyi\" lang=\"lt\"><span class=\"JLqJ4b ChMk0b\" data-language-for-alternatives=\"lt\" data-language-to-translate-into=\"en\" data-phrase-index=\"0\">Elastic rubber<br \/>\n<\/span><\/span><\/li>\n<li>Length: ~ 20,5 cm<\/li>\n<li>Weight: ~ 35 grams<\/li>\n<li>The size of amber up to ~ 4x1,5 cm<\/li>\n<\/ul>\n<p>*Please note that the color of the product may vary slightly from that shown in the photo, depending on the monitor used by the Buyer and the lighting settings in the photos.<\/p>","protected":false},"featured_media":2722,"comment_status":"open","ping_status":"closed","template":"","meta":[],"product_brand":[],"product_cat":[18],"product_tag":[123,347,767,899,900,901,902],"class_list":{"0":"post-2716","1":"product","2":"type-product","3":"status-publish","4":"has-post-thumbnail","6":"product_cat-gintaro-apyrankes","7":"product_tag-natural-amber","8":"product_tag-baltic-amber-bracelet","9":"product_tag-lithuania","10":"product_tag-marga-gintarine-staciakampio-formos-apyranke","11":"product_tag-multicolored-amber-rectangle-beads-stretch-bracelet","12":"product_tag-margo-gintaro-apyranke-moterims","13":"product_tag-colorful-amber-bracelet","15":"first","16":"instock","17":"taxable","18":"shipping-taxable","19":"purchasable","20":"product-type-simple"},"yoast_head":"<!-- This site is optimized with the Yoast SEO Premium plugin v23.4 (Yoast SEO v26.8) - https:\/\/yoast.com\/product\/yoast-seo-premium-wordpress\/ -->\n<title>Marga gintarin\u0117 sta\u010diakampio formos apyrank\u0117<\/title>\n<meta name=\"description\" content=\"Marga gintarin\u0117 sta\u010diakampio formos apyrank\u0117, multicolored amber rectangle beads stretch bracelet,margo gintaro apyranke moterims,colorful amber bracelet\" \/>\n<meta name=\"robots\" content=\"index, follow, max-snippet:-1, max-image-preview:large, max-video-preview:-1\" \/>\n<link rel=\"canonical\" href=\"https:\/\/amberwithsilver.com\/en\/product\/marga-gintarine-staciakampio-formos-apyranke\/\" \/>\n<meta property=\"og:locale\" content=\"en_US\" \/>\n<meta property=\"og:type\" content=\"article\" \/>\n<meta property=\"og:title\" content=\"Marga gintarin\u0117 sta\u010diakampio formos apyrank\u0117\" \/>\n<meta property=\"og:description\" content=\"Marga gintarin\u0117 sta\u010diakampio formos apyrank\u0117, multicolored amber rectangle beads stretch bracelet,margo gintaro apyranke moterims,colorful amber bracelet\" \/>\n<meta property=\"og:url\" content=\"https:\/\/amberwithsilver.com\/en\/product\/marga-gintarine-staciakampio-formos-apyranke\/\" \/>\n<meta property=\"og:site_name\" content=\"AmberWithSilver\" \/>\n<meta property=\"article:modified_time\" content=\"2023-04-06T10:48:12+00:00\" \/>\n<meta property=\"og:image\" content=\"https:\/\/amberwithsilver.com\/wp-content\/uploads\/2023\/04\/IMG_09411.webp\" \/>\n\t<meta property=\"og:image:width\" content=\"800\" \/>\n\t<meta property=\"og:image:height\" content=\"781\" \/>\n\t<meta property=\"og:image:type\" content=\"image\/webp\" \/>\n<meta name=\"twitter:card\" content=\"summary_large_image\" \/>\n<meta name=\"twitter:label1\" content=\"Est. reading time\" \/>\n\t<meta name=\"twitter:data1\" content=\"1 minute\" \/>\n<script type=\"application\/ld+json\" class=\"yoast-schema-graph\">{\"@context\":\"https:\/\/schema.org\",\"@graph\":[{\"@type\":\"WebPage\",\"@id\":\"https:\/\/amberwithsilver.com\/product\/marga-gintarine-staciakampio-formos-apyranke\/\",\"url\":\"https:\/\/amberwithsilver.com\/product\/marga-gintarine-staciakampio-formos-apyranke\/\",\"name\":\"Marga gintarin\u0117 sta\u010diakampio formos apyrank\u0117\",\"isPartOf\":{\"@id\":\"https:\/\/amberwithsilver.com\/en\/#website\"},\"primaryImageOfPage\":{\"@id\":\"https:\/\/amberwithsilver.com\/product\/marga-gintarine-staciakampio-formos-apyranke\/#primaryimage\"},\"image\":{\"@id\":\"https:\/\/amberwithsilver.com\/product\/marga-gintarine-staciakampio-formos-apyranke\/#primaryimage\"},\"thumbnailUrl\":\"https:\/\/amberwithsilver.com\/wp-content\/uploads\/2023\/04\/IMG_09411.webp\",\"datePublished\":\"2023-04-06T10:27:03+00:00\",\"dateModified\":\"2023-04-06T10:48:12+00:00\",\"description\":\"Marga gintarin\u0117 sta\u010diakampio formos apyrank\u0117, multicolored amber rectangle beads stretch bracelet,margo gintaro apyranke moterims,colorful amber bracelet\",\"breadcrumb\":{\"@id\":\"https:\/\/amberwithsilver.com\/product\/marga-gintarine-staciakampio-formos-apyranke\/#breadcrumb\"},\"inLanguage\":\"en-US\",\"potentialAction\":[{\"@type\":\"ReadAction\",\"target\":[\"https:\/\/amberwithsilver.com\/product\/marga-gintarine-staciakampio-formos-apyranke\/\"]}]},{\"@type\":\"ImageObject\",\"inLanguage\":\"en-US\",\"@id\":\"https:\/\/amberwithsilver.com\/product\/marga-gintarine-staciakampio-formos-apyranke\/#primaryimage\",\"url\":\"https:\/\/amberwithsilver.com\/wp-content\/uploads\/2023\/04\/IMG_09411.webp\",\"contentUrl\":\"https:\/\/amberwithsilver.com\/wp-content\/uploads\/2023\/04\/IMG_09411.webp\",\"width\":800,\"height\":781,\"caption\":\"Marga gintarin\u0117 sta\u010diakampio formos apyrank\u0117,multicolored amber rectangle beads stretch bracelet\"},{\"@type\":\"BreadcrumbList\",\"@id\":\"https:\/\/amberwithsilver.com\/product\/marga-gintarine-staciakampio-formos-apyranke\/#breadcrumb\",\"itemListElement\":[{\"@type\":\"ListItem\",\"position\":1,\"name\":\"Home\",\"item\":\"https:\/\/amberwithsilver.com\/\"},{\"@type\":\"ListItem\",\"position\":2,\"name\":\"Parduotuv\u0117\",\"item\":\"https:\/\/amberwithsilver.com\/en\/parduotuve\/\"},{\"@type\":\"ListItem\",\"position\":3,\"name\":\"Marga gintarin\u0117 sta\u010diakampio formos apyrank\u0117\"}]},{\"@type\":\"WebSite\",\"@id\":\"https:\/\/amberwithsilver.com\/en\/#website\",\"url\":\"https:\/\/amberwithsilver.com\/en\/\",\"name\":\"AmberWithSilver\",\"description\":\"Amber-Silver\",\"publisher\":{\"@id\":\"https:\/\/amberwithsilver.com\/en\/#organization\"},\"potentialAction\":[{\"@type\":\"SearchAction\",\"target\":{\"@type\":\"EntryPoint\",\"urlTemplate\":\"https:\/\/amberwithsilver.com\/en\/?s={search_term_string}\"},\"query-input\":{\"@type\":\"PropertyValueSpecification\",\"valueRequired\":true,\"valueName\":\"search_term_string\"}}],\"inLanguage\":\"en-US\"},{\"@type\":\"Organization\",\"@id\":\"https:\/\/amberwithsilver.com\/en\/#organization\",\"name\":\"amberwithsilver\",\"url\":\"https:\/\/amberwithsilver.com\/en\/\",\"logo\":{\"@type\":\"ImageObject\",\"inLanguage\":\"en-US\",\"@id\":\"https:\/\/amberwithsilver.com\/en\/#\/schema\/logo\/image\/\",\"url\":\"https:\/\/i0.wp.com\/amberwithsilver.com\/wp-content\/uploads\/2020\/12\/logo.jpg?fit=232%2C116&ssl=1\",\"contentUrl\":\"https:\/\/i0.wp.com\/amberwithsilver.com\/wp-content\/uploads\/2020\/12\/logo.jpg?fit=232%2C116&ssl=1\",\"width\":232,\"height\":116,\"caption\":\"amberwithsilver\"},\"image\":{\"@id\":\"https:\/\/amberwithsilver.com\/en\/#\/schema\/logo\/image\/\"}}]}<\/script>\n<!-- \/ Yoast SEO Premium plugin. -->","yoast_head_json":{"title":"Multicolored amber rectangle beads stretch bracelet","description":"Marga gintarin\u0117 sta\u010diakampio formos apyrank\u0117, multicolored amber rectangle beads stretch bracelet,margo gintaro apyranke moterims,colorful amber bracelet","robots":{"index":"index","follow":"follow","max-snippet":"max-snippet:-1","max-image-preview":"max-image-preview:large","max-video-preview":"max-video-preview:-1"},"canonical":"https:\/\/amberwithsilver.com\/en\/product\/marga-gintarine-staciakampio-formos-apyranke\/","og_locale":"en_US","og_type":"article","og_title":"Marga gintarin\u0117 sta\u010diakampio formos apyrank\u0117","og_description":"Marga gintarin\u0117 sta\u010diakampio formos apyrank\u0117, multicolored amber rectangle beads stretch bracelet,margo gintaro apyranke moterims,colorful amber bracelet","og_url":"https:\/\/amberwithsilver.com\/en\/product\/marga-gintarine-staciakampio-formos-apyranke\/","og_site_name":"AmberWithSilver","article_modified_time":"2023-04-06T10:48:12+00:00","og_image":[{"width":800,"height":781,"url":"https:\/\/amberwithsilver.com\/wp-content\/uploads\/2023\/04\/IMG_09411.webp","type":"image\/webp"}],"twitter_card":"summary_large_image","twitter_misc":{"Est. reading time":"1 minute"},"schema":{"@context":"https:\/\/schema.org","@graph":[{"@type":"WebPage","@id":"https:\/\/amberwithsilver.com\/product\/marga-gintarine-staciakampio-formos-apyranke\/","url":"https:\/\/amberwithsilver.com\/product\/marga-gintarine-staciakampio-formos-apyranke\/","name":"Multicolored amber rectangle beads stretch bracelet","isPartOf":{"@id":"https:\/\/amberwithsilver.com\/en\/#website"},"primaryImageOfPage":{"@id":"https:\/\/amberwithsilver.com\/product\/marga-gintarine-staciakampio-formos-apyranke\/#primaryimage"},"image":{"@id":"https:\/\/amberwithsilver.com\/product\/marga-gintarine-staciakampio-formos-apyranke\/#primaryimage"},"thumbnailUrl":"https:\/\/amberwithsilver.com\/wp-content\/uploads\/2023\/04\/IMG_09411.webp","datePublished":"2023-04-06T10:27:03+00:00","dateModified":"2023-04-06T10:48:12+00:00","description":"Marga gintarin\u0117 sta\u010diakampio formos apyrank\u0117, multicolored amber rectangle beads stretch bracelet,margo gintaro apyranke moterims,colorful amber bracelet","breadcrumb":{"@id":"https:\/\/amberwithsilver.com\/product\/marga-gintarine-staciakampio-formos-apyranke\/#breadcrumb"},"inLanguage":"en-US","potentialAction":[{"@type":"ReadAction","target":["https:\/\/amberwithsilver.com\/product\/marga-gintarine-staciakampio-formos-apyranke\/"]}]},{"@type":"ImageObject","inLanguage":"en-US","@id":"https:\/\/amberwithsilver.com\/product\/marga-gintarine-staciakampio-formos-apyranke\/#primaryimage","url":"https:\/\/amberwithsilver.com\/wp-content\/uploads\/2023\/04\/IMG_09411.webp","contentUrl":"https:\/\/amberwithsilver.com\/wp-content\/uploads\/2023\/04\/IMG_09411.webp","width":800,"height":781,"caption":"Marga gintarin\u0117 sta\u010diakampio formos apyrank\u0117,multicolored amber rectangle beads stretch bracelet"},{"@type":"BreadcrumbList","@id":"https:\/\/amberwithsilver.com\/product\/marga-gintarine-staciakampio-formos-apyranke\/#breadcrumb","itemListElement":[{"@type":"ListItem","position":1,"name":"Home","item":"https:\/\/amberwithsilver.com\/"},{"@type":"ListItem","position":2,"name":"Parduotuv\u0117","item":"https:\/\/amberwithsilver.com\/en\/parduotuve\/"},{"@type":"ListItem","position":3,"name":"Marga gintarin\u0117 sta\u010diakampio formos apyrank\u0117"}]},{"@type":"WebSite","@id":"https:\/\/amberwithsilver.com\/en\/#website","url":"https:\/\/amberwithsilver.com\/en\/","name":"AmberWithSilver","description":"Amber-Silver","publisher":{"@id":"https:\/\/amberwithsilver.com\/en\/#organization"},"potentialAction":[{"@type":"SearchAction","target":{"@type":"EntryPoint","urlTemplate":"https:\/\/amberwithsilver.com\/en\/?s={search_term_string}"},"query-input":{"@type":"PropertyValueSpecification","valueRequired":true,"valueName":"search_term_string"}}],"inLanguage":"en-US"},{"@type":"Organization","@id":"https:\/\/amberwithsilver.com\/en\/#organization","name":"amberwithsilver","url":"https:\/\/amberwithsilver.com\/en\/","logo":{"@type":"ImageObject","inLanguage":"en-US","@id":"https:\/\/amberwithsilver.com\/en\/#\/schema\/logo\/image\/","url":"https:\/\/i0.wp.com\/amberwithsilver.com\/wp-content\/uploads\/2020\/12\/logo.jpg?fit=232%2C116&ssl=1","contentUrl":"https:\/\/i0.wp.com\/amberwithsilver.com\/wp-content\/uploads\/2020\/12\/logo.jpg?fit=232%2C116&ssl=1","width":232,"height":116,"caption":"amberwithsilver"},"image":{"@id":"https:\/\/amberwithsilver.com\/en\/#\/schema\/logo\/image\/"}}]}},"jetpack_sharing_enabled":true,"_links":{"self":[{"href":"https:\/\/amberwithsilver.com\/en\/wp-json\/wp\/v2\/product\/2716","targetHints":{"allow":["GET"]}}],"collection":[{"href":"https:\/\/amberwithsilver.com\/en\/wp-json\/wp\/v2\/product"}],"about":[{"href":"https:\/\/amberwithsilver.com\/en\/wp-json\/wp\/v2\/types\/product"}],"replies":[{"embeddable":true,"href":"https:\/\/amberwithsilver.com\/en\/wp-json\/wp\/v2\/comments?post=2716"}],"version-history":[{"count":0,"href":"https:\/\/amberwithsilver.com\/en\/wp-json\/wp\/v2\/product\/2716\/revisions"}],"wp:featuredmedia":[{"embeddable":true,"href":"https:\/\/amberwithsilver.com\/en\/wp-json\/wp\/v2\/media\/2722"}],"wp:attachment":[{"href":"https:\/\/amberwithsilver.com\/en\/wp-json\/wp\/v2\/media?parent=2716"}],"wp:term":[{"taxonomy":"product_brand","embeddable":true,"href":"https:\/\/amberwithsilver.com\/en\/wp-json\/wp\/v2\/product_brand?post=2716"},{"taxonomy":"product_cat","embeddable":true,"href":"https:\/\/amberwithsilver.com\/en\/wp-json\/wp\/v2\/product_cat?post=2716"},{"taxonomy":"product_tag","embeddable":true,"href":"https:\/\/amberwithsilver.com\/en\/wp-json\/wp\/v2\/product_tag?post=2716"}],"curies":[{"name":"wp","href":"https:\/\/api.w.org\/{rel}","templated":true}]}}