{"id":2726,"date":"2023-04-06T13:59:46","date_gmt":"2023-04-06T11:59:46","guid":{"rendered":"http:\/\/amberwithsilver.com\/?post_type=product&#038;p=2726"},"modified":"2023-04-06T13:59:47","modified_gmt":"2023-04-06T11:59:47","slug":"geltonos-spalvos-gintarine-staciakampio-formos-apyranke","status":"publish","type":"product","link":"https:\/\/amberwithsilver.com\/en\/product\/geltonos-spalvos-gintarine-staciakampio-formos-apyranke\/","title":{"rendered":"Milky amber rectangle beads stretch bracelet"},"content":{"rendered":"<p>Milky amber rectangle beads stretch bracelet.<\/p>\n<ul>\n<li><span class=\"VIiyi\" lang=\"lt\"><span class=\"JLqJ4b ChMk0b\" data-language-for-alternatives=\"lt\" data-language-to-translate-into=\"en\" data-phrase-index=\"0\">Baltic amber<br \/>\n<\/span><\/span><\/li>\n<li>Milky amber rectangle shape beads<\/li>\n<li><span class=\"VIiyi\" lang=\"lt\"><span class=\"JLqJ4b ChMk0b\" data-language-for-alternatives=\"lt\" data-language-to-translate-into=\"en\" data-phrase-index=\"0\">Elastic rubber<br \/>\n<\/span><\/span><\/li>\n<li>Length: ~ 20 cm<\/li>\n<li>Weight: ~ 15 gr.<\/li>\n<li>The size of amber up to: ~ 2x0,8 cm<\/li>\n<\/ul>\n<p>*Please note that the color of the product may vary slightly from that shown in the photo, depending on the monitor used by the Buyer and the lighting settings in the photos.<\/p>","protected":false},"excerpt":{"rendered":"<p>Milky amber rectangle beads stretch bracelet.<\/p>\n<ul>\n<li><span class=\"VIiyi\" lang=\"lt\"><span class=\"JLqJ4b ChMk0b\" data-language-for-alternatives=\"lt\" data-language-to-translate-into=\"en\" data-phrase-index=\"0\">Baltic amber<br \/>\n<\/span><\/span><\/li>\n<li>Milky amber rectangle shape beads<\/li>\n<li><span class=\"VIiyi\" lang=\"lt\"><span class=\"JLqJ4b ChMk0b\" data-language-for-alternatives=\"lt\" data-language-to-translate-into=\"en\" data-phrase-index=\"0\">Elastic rubber<br \/>\n<\/span><\/span><\/li>\n<li>Length: ~ 20 cm<\/li>\n<li>Weight: ~ 15 gr.<\/li>\n<li>The size of amber up to: ~ 2x0,8 cm<\/li>\n<\/ul>\n<p>*Please note that the color of the product may vary slightly from that shown in the photo, depending on the monitor used by the Buyer and the lighting settings in the photos.<\/p>","protected":false},"featured_media":2730,"comment_status":"open","ping_status":"closed","template":"","meta":[],"product_brand":[],"product_cat":[18],"product_tag":[903,904,905,906],"class_list":{"0":"post-2726","1":"product","2":"type-product","3":"status-publish","4":"has-post-thumbnail","6":"product_cat-gintaro-apyrankes","7":"product_tag-geltonos-spalvos-gintarine-staciakampio-formos-apyranke","8":"product_tag-milky-amber-rectangle-beads-stretch-bracelet","9":"product_tag-natural-opaque-amber-bracelet","10":"product_tag-naturali-matine-gintaro-apyranke","12":"first","13":"instock","14":"taxable","15":"shipping-taxable","16":"purchasable","17":"product-type-simple"},"yoast_head":"<!-- This site is optimized with the Yoast SEO Premium plugin v23.4 (Yoast SEO v26.8) - https:\/\/yoast.com\/product\/yoast-seo-premium-wordpress\/ -->\n<title>Geltonos spalvos gintarin\u0117 sta\u010diakampio formos apyrank\u0117 - AmberWithSilver<\/title>\n<meta name=\"description\" content=\"Geltonos spalvos gintarin\u0117 sta\u010diakampio formos apyrank\u0117, milky amber rectangle beads stretch bracelet,natural opaque amber bracelet,naturali matine gintaro\" \/>\n<meta name=\"robots\" content=\"index, follow, max-snippet:-1, max-image-preview:large, max-video-preview:-1\" \/>\n<link rel=\"canonical\" href=\"https:\/\/amberwithsilver.com\/en\/product\/geltonos-spalvos-gintarine-staciakampio-formos-apyranke\/\" \/>\n<meta property=\"og:locale\" content=\"en_US\" \/>\n<meta property=\"og:type\" content=\"article\" \/>\n<meta property=\"og:title\" content=\"Geltonos spalvos gintarin\u0117 sta\u010diakampio formos apyrank\u0117\" \/>\n<meta property=\"og:description\" content=\"Geltonos spalvos gintarin\u0117 sta\u010diakampio formos apyrank\u0117, milky amber rectangle beads stretch bracelet,natural opaque amber bracelet,naturali matine gintaro\" \/>\n<meta property=\"og:url\" content=\"https:\/\/amberwithsilver.com\/en\/product\/geltonos-spalvos-gintarine-staciakampio-formos-apyranke\/\" \/>\n<meta property=\"og:site_name\" content=\"AmberWithSilver\" \/>\n<meta property=\"article:modified_time\" content=\"2023-04-06T11:59:47+00:00\" \/>\n<meta property=\"og:image\" content=\"https:\/\/amberwithsilver.com\/wp-content\/uploads\/2023\/04\/IMG_0954.webp\" \/>\n\t<meta property=\"og:image:width\" content=\"800\" \/>\n\t<meta property=\"og:image:height\" content=\"775\" \/>\n\t<meta property=\"og:image:type\" content=\"image\/webp\" \/>\n<meta name=\"twitter:card\" content=\"summary_large_image\" \/>\n<meta name=\"twitter:label1\" content=\"Est. reading time\" \/>\n\t<meta name=\"twitter:data1\" content=\"1 minute\" \/>\n<script type=\"application\/ld+json\" class=\"yoast-schema-graph\">{\"@context\":\"https:\/\/schema.org\",\"@graph\":[{\"@type\":\"WebPage\",\"@id\":\"https:\/\/amberwithsilver.com\/product\/geltonos-spalvos-gintarine-staciakampio-formos-apyranke\/\",\"url\":\"https:\/\/amberwithsilver.com\/product\/geltonos-spalvos-gintarine-staciakampio-formos-apyranke\/\",\"name\":\"Geltonos spalvos gintarin\u0117 sta\u010diakampio formos apyrank\u0117 - AmberWithSilver\",\"isPartOf\":{\"@id\":\"https:\/\/amberwithsilver.com\/en\/#website\"},\"primaryImageOfPage\":{\"@id\":\"https:\/\/amberwithsilver.com\/product\/geltonos-spalvos-gintarine-staciakampio-formos-apyranke\/#primaryimage\"},\"image\":{\"@id\":\"https:\/\/amberwithsilver.com\/product\/geltonos-spalvos-gintarine-staciakampio-formos-apyranke\/#primaryimage\"},\"thumbnailUrl\":\"https:\/\/amberwithsilver.com\/wp-content\/uploads\/2023\/04\/IMG_0954.webp\",\"datePublished\":\"2023-04-06T11:59:46+00:00\",\"dateModified\":\"2023-04-06T11:59:47+00:00\",\"description\":\"Geltonos spalvos gintarin\u0117 sta\u010diakampio formos apyrank\u0117, milky amber rectangle beads stretch bracelet,natural opaque amber bracelet,naturali matine gintaro\",\"breadcrumb\":{\"@id\":\"https:\/\/amberwithsilver.com\/product\/geltonos-spalvos-gintarine-staciakampio-formos-apyranke\/#breadcrumb\"},\"inLanguage\":\"en-US\",\"potentialAction\":[{\"@type\":\"ReadAction\",\"target\":[\"https:\/\/amberwithsilver.com\/product\/geltonos-spalvos-gintarine-staciakampio-formos-apyranke\/\"]}]},{\"@type\":\"ImageObject\",\"inLanguage\":\"en-US\",\"@id\":\"https:\/\/amberwithsilver.com\/product\/geltonos-spalvos-gintarine-staciakampio-formos-apyranke\/#primaryimage\",\"url\":\"https:\/\/amberwithsilver.com\/wp-content\/uploads\/2023\/04\/IMG_0954.webp\",\"contentUrl\":\"https:\/\/amberwithsilver.com\/wp-content\/uploads\/2023\/04\/IMG_0954.webp\",\"width\":800,\"height\":775,\"caption\":\"Geltonos spalvos gintarin\u0117 sta\u010diakampio formos apyrank\u0117, milky amber rectangle beads stretch bracelet\"},{\"@type\":\"BreadcrumbList\",\"@id\":\"https:\/\/amberwithsilver.com\/product\/geltonos-spalvos-gintarine-staciakampio-formos-apyranke\/#breadcrumb\",\"itemListElement\":[{\"@type\":\"ListItem\",\"position\":1,\"name\":\"Home\",\"item\":\"https:\/\/amberwithsilver.com\/\"},{\"@type\":\"ListItem\",\"position\":2,\"name\":\"Parduotuv\u0117\",\"item\":\"https:\/\/amberwithsilver.com\/en\/parduotuve\/\"},{\"@type\":\"ListItem\",\"position\":3,\"name\":\"Geltonos spalvos gintarin\u0117 sta\u010diakampio formos apyrank\u0117\"}]},{\"@type\":\"WebSite\",\"@id\":\"https:\/\/amberwithsilver.com\/en\/#website\",\"url\":\"https:\/\/amberwithsilver.com\/en\/\",\"name\":\"AmberWithSilver\",\"description\":\"Amber-Silver\",\"publisher\":{\"@id\":\"https:\/\/amberwithsilver.com\/en\/#organization\"},\"potentialAction\":[{\"@type\":\"SearchAction\",\"target\":{\"@type\":\"EntryPoint\",\"urlTemplate\":\"https:\/\/amberwithsilver.com\/en\/?s={search_term_string}\"},\"query-input\":{\"@type\":\"PropertyValueSpecification\",\"valueRequired\":true,\"valueName\":\"search_term_string\"}}],\"inLanguage\":\"en-US\"},{\"@type\":\"Organization\",\"@id\":\"https:\/\/amberwithsilver.com\/en\/#organization\",\"name\":\"amberwithsilver\",\"url\":\"https:\/\/amberwithsilver.com\/en\/\",\"logo\":{\"@type\":\"ImageObject\",\"inLanguage\":\"en-US\",\"@id\":\"https:\/\/amberwithsilver.com\/en\/#\/schema\/logo\/image\/\",\"url\":\"https:\/\/i0.wp.com\/amberwithsilver.com\/wp-content\/uploads\/2020\/12\/logo.jpg?fit=232%2C116&ssl=1\",\"contentUrl\":\"https:\/\/i0.wp.com\/amberwithsilver.com\/wp-content\/uploads\/2020\/12\/logo.jpg?fit=232%2C116&ssl=1\",\"width\":232,\"height\":116,\"caption\":\"amberwithsilver\"},\"image\":{\"@id\":\"https:\/\/amberwithsilver.com\/en\/#\/schema\/logo\/image\/\"}}]}<\/script>\n<!-- \/ Yoast SEO Premium plugin. -->","yoast_head_json":{"title":"Geltonos spalvos gintarin\u0117 sta\u010diakampio formos apyrank\u0117 - AmberWithSilver","description":"Geltonos spalvos gintarin\u0117 sta\u010diakampio formos apyrank\u0117, milky amber rectangle beads stretch bracelet,natural opaque amber bracelet,naturali matine gintaro","robots":{"index":"index","follow":"follow","max-snippet":"max-snippet:-1","max-image-preview":"max-image-preview:large","max-video-preview":"max-video-preview:-1"},"canonical":"https:\/\/amberwithsilver.com\/en\/product\/geltonos-spalvos-gintarine-staciakampio-formos-apyranke\/","og_locale":"en_US","og_type":"article","og_title":"Geltonos spalvos gintarin\u0117 sta\u010diakampio formos apyrank\u0117","og_description":"Geltonos spalvos gintarin\u0117 sta\u010diakampio formos apyrank\u0117, milky amber rectangle beads stretch bracelet,natural opaque amber bracelet,naturali matine gintaro","og_url":"https:\/\/amberwithsilver.com\/en\/product\/geltonos-spalvos-gintarine-staciakampio-formos-apyranke\/","og_site_name":"AmberWithSilver","article_modified_time":"2023-04-06T11:59:47+00:00","og_image":[{"width":800,"height":775,"url":"https:\/\/amberwithsilver.com\/wp-content\/uploads\/2023\/04\/IMG_0954.webp","type":"image\/webp"}],"twitter_card":"summary_large_image","twitter_misc":{"Est. reading time":"1 minute"},"schema":{"@context":"https:\/\/schema.org","@graph":[{"@type":"WebPage","@id":"https:\/\/amberwithsilver.com\/product\/geltonos-spalvos-gintarine-staciakampio-formos-apyranke\/","url":"https:\/\/amberwithsilver.com\/product\/geltonos-spalvos-gintarine-staciakampio-formos-apyranke\/","name":"Geltonos spalvos gintarin\u0117 sta\u010diakampio formos apyrank\u0117 - AmberWithSilver","isPartOf":{"@id":"https:\/\/amberwithsilver.com\/en\/#website"},"primaryImageOfPage":{"@id":"https:\/\/amberwithsilver.com\/product\/geltonos-spalvos-gintarine-staciakampio-formos-apyranke\/#primaryimage"},"image":{"@id":"https:\/\/amberwithsilver.com\/product\/geltonos-spalvos-gintarine-staciakampio-formos-apyranke\/#primaryimage"},"thumbnailUrl":"https:\/\/amberwithsilver.com\/wp-content\/uploads\/2023\/04\/IMG_0954.webp","datePublished":"2023-04-06T11:59:46+00:00","dateModified":"2023-04-06T11:59:47+00:00","description":"Geltonos spalvos gintarin\u0117 sta\u010diakampio formos apyrank\u0117, milky amber rectangle beads stretch bracelet,natural opaque amber bracelet,naturali matine gintaro","breadcrumb":{"@id":"https:\/\/amberwithsilver.com\/product\/geltonos-spalvos-gintarine-staciakampio-formos-apyranke\/#breadcrumb"},"inLanguage":"en-US","potentialAction":[{"@type":"ReadAction","target":["https:\/\/amberwithsilver.com\/product\/geltonos-spalvos-gintarine-staciakampio-formos-apyranke\/"]}]},{"@type":"ImageObject","inLanguage":"en-US","@id":"https:\/\/amberwithsilver.com\/product\/geltonos-spalvos-gintarine-staciakampio-formos-apyranke\/#primaryimage","url":"https:\/\/amberwithsilver.com\/wp-content\/uploads\/2023\/04\/IMG_0954.webp","contentUrl":"https:\/\/amberwithsilver.com\/wp-content\/uploads\/2023\/04\/IMG_0954.webp","width":800,"height":775,"caption":"Geltonos spalvos gintarin\u0117 sta\u010diakampio formos apyrank\u0117, milky amber rectangle beads stretch bracelet"},{"@type":"BreadcrumbList","@id":"https:\/\/amberwithsilver.com\/product\/geltonos-spalvos-gintarine-staciakampio-formos-apyranke\/#breadcrumb","itemListElement":[{"@type":"ListItem","position":1,"name":"Home","item":"https:\/\/amberwithsilver.com\/"},{"@type":"ListItem","position":2,"name":"Parduotuv\u0117","item":"https:\/\/amberwithsilver.com\/en\/parduotuve\/"},{"@type":"ListItem","position":3,"name":"Geltonos spalvos gintarin\u0117 sta\u010diakampio formos apyrank\u0117"}]},{"@type":"WebSite","@id":"https:\/\/amberwithsilver.com\/en\/#website","url":"https:\/\/amberwithsilver.com\/en\/","name":"AmberWithSilver","description":"Amber-Silver","publisher":{"@id":"https:\/\/amberwithsilver.com\/en\/#organization"},"potentialAction":[{"@type":"SearchAction","target":{"@type":"EntryPoint","urlTemplate":"https:\/\/amberwithsilver.com\/en\/?s={search_term_string}"},"query-input":{"@type":"PropertyValueSpecification","valueRequired":true,"valueName":"search_term_string"}}],"inLanguage":"en-US"},{"@type":"Organization","@id":"https:\/\/amberwithsilver.com\/en\/#organization","name":"amberwithsilver","url":"https:\/\/amberwithsilver.com\/en\/","logo":{"@type":"ImageObject","inLanguage":"en-US","@id":"https:\/\/amberwithsilver.com\/en\/#\/schema\/logo\/image\/","url":"https:\/\/i0.wp.com\/amberwithsilver.com\/wp-content\/uploads\/2020\/12\/logo.jpg?fit=232%2C116&ssl=1","contentUrl":"https:\/\/i0.wp.com\/amberwithsilver.com\/wp-content\/uploads\/2020\/12\/logo.jpg?fit=232%2C116&ssl=1","width":232,"height":116,"caption":"amberwithsilver"},"image":{"@id":"https:\/\/amberwithsilver.com\/en\/#\/schema\/logo\/image\/"}}]}},"jetpack_sharing_enabled":true,"_links":{"self":[{"href":"https:\/\/amberwithsilver.com\/en\/wp-json\/wp\/v2\/product\/2726","targetHints":{"allow":["GET"]}}],"collection":[{"href":"https:\/\/amberwithsilver.com\/en\/wp-json\/wp\/v2\/product"}],"about":[{"href":"https:\/\/amberwithsilver.com\/en\/wp-json\/wp\/v2\/types\/product"}],"replies":[{"embeddable":true,"href":"https:\/\/amberwithsilver.com\/en\/wp-json\/wp\/v2\/comments?post=2726"}],"version-history":[{"count":0,"href":"https:\/\/amberwithsilver.com\/en\/wp-json\/wp\/v2\/product\/2726\/revisions"}],"wp:featuredmedia":[{"embeddable":true,"href":"https:\/\/amberwithsilver.com\/en\/wp-json\/wp\/v2\/media\/2730"}],"wp:attachment":[{"href":"https:\/\/amberwithsilver.com\/en\/wp-json\/wp\/v2\/media?parent=2726"}],"wp:term":[{"taxonomy":"product_brand","embeddable":true,"href":"https:\/\/amberwithsilver.com\/en\/wp-json\/wp\/v2\/product_brand?post=2726"},{"taxonomy":"product_cat","embeddable":true,"href":"https:\/\/amberwithsilver.com\/en\/wp-json\/wp\/v2\/product_cat?post=2726"},{"taxonomy":"product_tag","embeddable":true,"href":"https:\/\/amberwithsilver.com\/en\/wp-json\/wp\/v2\/product_tag?post=2726"}],"curies":[{"name":"wp","href":"https:\/\/api.w.org\/{rel}","templated":true}]}}