{"id":2734,"date":"2023-04-06T15:08:09","date_gmt":"2023-04-06T13:08:09","guid":{"rendered":"http:\/\/amberwithsilver.com\/?post_type=product&#038;p=2734"},"modified":"2024-05-30T13:02:55","modified_gmt":"2024-05-30T11:02:55","slug":"antikvarine-geltono-gintaro-staciakampio-formos-apyranke","status":"publish","type":"product","link":"https:\/\/amberwithsilver.com\/en\/product\/antikvarine-geltono-gintaro-staciakampio-formos-apyranke\/","title":{"rendered":"Antique &amp; Yellow amber rectangle beads stretch bracelet"},"content":{"rendered":"<p>Antique &amp; Yellow amber rectangle beads stretch bracelet.<\/p>\n<ul>\n<li><span class=\"VIiyi\" lang=\"lt\"><span class=\"JLqJ4b ChMk0b\" data-language-for-alternatives=\"lt\" data-language-to-translate-into=\"en\" data-phrase-index=\"0\">Natural Baltic amber<br \/>\n<\/span><\/span><\/li>\n<li>Antique and yellow colors rectangle shape beads<\/li>\n<li><span class=\"VIiyi\" lang=\"lt\"><span class=\"JLqJ4b ChMk0b\" data-language-for-alternatives=\"lt\" data-language-to-translate-into=\"en\" data-phrase-index=\"0\">Elastic rubber<br \/>\n<\/span><\/span><\/li>\n<li>Length: ~ 19 cm<\/li>\n<li>Weight: ~ 25,8 grams<\/li>\n<li>The size of amber up to: 2,5x1,0 cm<\/li>\n<\/ul>\n<p>*Please note that the color of the product may vary slightly from that shown in the photo, depending on the monitor used by the Buyer and the lighting settings in the photos.<\/p>","protected":false},"excerpt":{"rendered":"<p>Antique &amp; Yellow amber rectangle beads stretch bracelet.<\/p>\n<ul>\n<li><span class=\"VIiyi\" lang=\"lt\"><span class=\"JLqJ4b ChMk0b\" data-language-for-alternatives=\"lt\" data-language-to-translate-into=\"en\" data-phrase-index=\"0\">Natural Baltic amber<br \/>\n<\/span><\/span><\/li>\n<li>Antique and yellow colors rectangle shape beads<\/li>\n<li><span class=\"VIiyi\" lang=\"lt\"><span class=\"JLqJ4b ChMk0b\" data-language-for-alternatives=\"lt\" data-language-to-translate-into=\"en\" data-phrase-index=\"0\">Elastic rubber<br \/>\n<\/span><\/span><\/li>\n<li>Length: ~ 19 cm<\/li>\n<li>Weight: ~ 25,8 grams<\/li>\n<li>The size of amber up to: 2,5x1,0 cm<\/li>\n<\/ul>\n<p>*Please note that the color of the product may vary slightly from that shown in the photo, depending on the monitor used by the Buyer and the lighting settings in the photos.<\/p>","protected":false},"featured_media":2735,"comment_status":"open","ping_status":"closed","template":"","meta":[],"product_brand":[],"product_cat":[18,44],"product_tag":[507,508,854,907,908,909,910],"class_list":{"0":"post-2734","1":"product","2":"type-product","3":"status-publish","4":"has-post-thumbnail","6":"product_cat-gintaro-apyrankes","7":"product_cat-baltas-gintaras","8":"product_tag-baltijos-gintaras","9":"product_tag-baltic-amber","10":"product_tag-antikinis-gintaras","11":"product_tag-antikvarine-geltono-gintaro-staciakampio-formos-apyranke","12":"product_tag-antique-yellow-amber-rectangle-beads-stretch-bracelet","13":"product_tag-opaque-amber-bracelet","14":"product_tag-antique-amber-bracelet","16":"first","17":"outofstock","18":"taxable","19":"shipping-taxable","20":"purchasable","21":"product-type-simple"},"yoast_head":"<!-- This site is optimized with the Yoast SEO Premium plugin v23.4 (Yoast SEO v26.8) - https:\/\/yoast.com\/product\/yoast-seo-premium-wordpress\/ -->\n<title>Antikvarin\u0117 geltono gintaro sta\u010diakampio formos apyrank\u0117<\/title>\n<meta name=\"description\" content=\"Antikvarin\u0117 geltono gintaro sta\u010diakampio formos apyrank\u0117,antique yellow amber rectangle beads stretch bracelet, Opaque amber bracelet,antikinis gintaras\" \/>\n<meta name=\"robots\" content=\"index, follow, max-snippet:-1, max-image-preview:large, max-video-preview:-1\" \/>\n<link rel=\"canonical\" href=\"https:\/\/amberwithsilver.com\/en\/product\/antikvarine-geltono-gintaro-staciakampio-formos-apyranke\/\" \/>\n<meta property=\"og:locale\" content=\"en_US\" \/>\n<meta property=\"og:type\" content=\"article\" \/>\n<meta property=\"og:title\" content=\"Antikvarin\u0117 geltono gintaro sta\u010diakampio formos apyrank\u0117\" \/>\n<meta property=\"og:description\" content=\"Antikvarin\u0117 geltono gintaro sta\u010diakampio formos apyrank\u0117,antique yellow amber rectangle beads stretch bracelet, Opaque amber bracelet,antikinis gintaras\" \/>\n<meta property=\"og:url\" content=\"https:\/\/amberwithsilver.com\/en\/product\/antikvarine-geltono-gintaro-staciakampio-formos-apyranke\/\" \/>\n<meta property=\"og:site_name\" content=\"AmberWithSilver\" \/>\n<meta property=\"article:modified_time\" content=\"2024-05-30T11:02:55+00:00\" \/>\n<meta property=\"og:image\" content=\"https:\/\/amberwithsilver.com\/wp-content\/uploads\/2023\/04\/IMG_0950.webp\" \/>\n\t<meta property=\"og:image:width\" content=\"800\" \/>\n\t<meta property=\"og:image:height\" content=\"740\" \/>\n\t<meta property=\"og:image:type\" content=\"image\/webp\" \/>\n<meta name=\"twitter:card\" content=\"summary_large_image\" \/>\n<meta name=\"twitter:label1\" content=\"Est. reading time\" \/>\n\t<meta name=\"twitter:data1\" content=\"1 minute\" \/>\n<script type=\"application\/ld+json\" class=\"yoast-schema-graph\">{\"@context\":\"https:\/\/schema.org\",\"@graph\":[{\"@type\":\"WebPage\",\"@id\":\"https:\/\/amberwithsilver.com\/product\/antikvarine-geltono-gintaro-staciakampio-formos-apyranke\/\",\"url\":\"https:\/\/amberwithsilver.com\/product\/antikvarine-geltono-gintaro-staciakampio-formos-apyranke\/\",\"name\":\"Antikvarin\u0117 geltono gintaro sta\u010diakampio formos apyrank\u0117\",\"isPartOf\":{\"@id\":\"https:\/\/amberwithsilver.com\/en\/#website\"},\"primaryImageOfPage\":{\"@id\":\"https:\/\/amberwithsilver.com\/product\/antikvarine-geltono-gintaro-staciakampio-formos-apyranke\/#primaryimage\"},\"image\":{\"@id\":\"https:\/\/amberwithsilver.com\/product\/antikvarine-geltono-gintaro-staciakampio-formos-apyranke\/#primaryimage\"},\"thumbnailUrl\":\"https:\/\/amberwithsilver.com\/wp-content\/uploads\/2023\/04\/IMG_0950.webp\",\"datePublished\":\"2023-04-06T13:08:09+00:00\",\"dateModified\":\"2024-05-30T11:02:55+00:00\",\"description\":\"Antikvarin\u0117 geltono gintaro sta\u010diakampio formos apyrank\u0117,antique yellow amber rectangle beads stretch bracelet, Opaque amber bracelet,antikinis gintaras\",\"breadcrumb\":{\"@id\":\"https:\/\/amberwithsilver.com\/product\/antikvarine-geltono-gintaro-staciakampio-formos-apyranke\/#breadcrumb\"},\"inLanguage\":\"en-US\",\"potentialAction\":[{\"@type\":\"ReadAction\",\"target\":[\"https:\/\/amberwithsilver.com\/product\/antikvarine-geltono-gintaro-staciakampio-formos-apyranke\/\"]}]},{\"@type\":\"ImageObject\",\"inLanguage\":\"en-US\",\"@id\":\"https:\/\/amberwithsilver.com\/product\/antikvarine-geltono-gintaro-staciakampio-formos-apyranke\/#primaryimage\",\"url\":\"https:\/\/amberwithsilver.com\/wp-content\/uploads\/2023\/04\/IMG_0950.webp\",\"contentUrl\":\"https:\/\/amberwithsilver.com\/wp-content\/uploads\/2023\/04\/IMG_0950.webp\",\"width\":800,\"height\":740,\"caption\":\"Antikvarin\u0117 geltono gintaro sta\u010diakampio formos apyrank\u0117,antique yellow amber rectangle beads stretch bracelet\"},{\"@type\":\"BreadcrumbList\",\"@id\":\"https:\/\/amberwithsilver.com\/product\/antikvarine-geltono-gintaro-staciakampio-formos-apyranke\/#breadcrumb\",\"itemListElement\":[{\"@type\":\"ListItem\",\"position\":1,\"name\":\"Home\",\"item\":\"https:\/\/amberwithsilver.com\/\"},{\"@type\":\"ListItem\",\"position\":2,\"name\":\"Parduotuv\u0117\",\"item\":\"https:\/\/amberwithsilver.com\/en\/parduotuve\/\"},{\"@type\":\"ListItem\",\"position\":3,\"name\":\"Antikvarin\u0117 geltono gintaro sta\u010diakampio formos apyrank\u0117\"}]},{\"@type\":\"WebSite\",\"@id\":\"https:\/\/amberwithsilver.com\/en\/#website\",\"url\":\"https:\/\/amberwithsilver.com\/en\/\",\"name\":\"AmberWithSilver\",\"description\":\"Amber-Silver\",\"publisher\":{\"@id\":\"https:\/\/amberwithsilver.com\/en\/#organization\"},\"potentialAction\":[{\"@type\":\"SearchAction\",\"target\":{\"@type\":\"EntryPoint\",\"urlTemplate\":\"https:\/\/amberwithsilver.com\/en\/?s={search_term_string}\"},\"query-input\":{\"@type\":\"PropertyValueSpecification\",\"valueRequired\":true,\"valueName\":\"search_term_string\"}}],\"inLanguage\":\"en-US\"},{\"@type\":\"Organization\",\"@id\":\"https:\/\/amberwithsilver.com\/en\/#organization\",\"name\":\"amberwithsilver\",\"url\":\"https:\/\/amberwithsilver.com\/en\/\",\"logo\":{\"@type\":\"ImageObject\",\"inLanguage\":\"en-US\",\"@id\":\"https:\/\/amberwithsilver.com\/en\/#\/schema\/logo\/image\/\",\"url\":\"https:\/\/i0.wp.com\/amberwithsilver.com\/wp-content\/uploads\/2020\/12\/logo.jpg?fit=232%2C116&ssl=1\",\"contentUrl\":\"https:\/\/i0.wp.com\/amberwithsilver.com\/wp-content\/uploads\/2020\/12\/logo.jpg?fit=232%2C116&ssl=1\",\"width\":232,\"height\":116,\"caption\":\"amberwithsilver\"},\"image\":{\"@id\":\"https:\/\/amberwithsilver.com\/en\/#\/schema\/logo\/image\/\"}}]}<\/script>\n<!-- \/ Yoast SEO Premium plugin. -->","yoast_head_json":{"title":"Antique &amp; Yellow amber rectangle beads stretch bracelet","description":"Antikvarin\u0117 geltono gintaro sta\u010diakampio formos apyrank\u0117,antique yellow amber rectangle beads stretch bracelet, Opaque amber bracelet,antikinis gintaras","robots":{"index":"index","follow":"follow","max-snippet":"max-snippet:-1","max-image-preview":"max-image-preview:large","max-video-preview":"max-video-preview:-1"},"canonical":"https:\/\/amberwithsilver.com\/en\/product\/antikvarine-geltono-gintaro-staciakampio-formos-apyranke\/","og_locale":"en_US","og_type":"article","og_title":"Antikvarin\u0117 geltono gintaro sta\u010diakampio formos apyrank\u0117","og_description":"Antikvarin\u0117 geltono gintaro sta\u010diakampio formos apyrank\u0117,antique yellow amber rectangle beads stretch bracelet, Opaque amber bracelet,antikinis gintaras","og_url":"https:\/\/amberwithsilver.com\/en\/product\/antikvarine-geltono-gintaro-staciakampio-formos-apyranke\/","og_site_name":"AmberWithSilver","article_modified_time":"2024-05-30T11:02:55+00:00","og_image":[{"width":800,"height":740,"url":"https:\/\/amberwithsilver.com\/wp-content\/uploads\/2023\/04\/IMG_0950.webp","type":"image\/webp"}],"twitter_card":"summary_large_image","twitter_misc":{"Est. reading time":"1 minute"},"schema":{"@context":"https:\/\/schema.org","@graph":[{"@type":"WebPage","@id":"https:\/\/amberwithsilver.com\/product\/antikvarine-geltono-gintaro-staciakampio-formos-apyranke\/","url":"https:\/\/amberwithsilver.com\/product\/antikvarine-geltono-gintaro-staciakampio-formos-apyranke\/","name":"Antique &amp; Yellow amber rectangle beads stretch bracelet","isPartOf":{"@id":"https:\/\/amberwithsilver.com\/en\/#website"},"primaryImageOfPage":{"@id":"https:\/\/amberwithsilver.com\/product\/antikvarine-geltono-gintaro-staciakampio-formos-apyranke\/#primaryimage"},"image":{"@id":"https:\/\/amberwithsilver.com\/product\/antikvarine-geltono-gintaro-staciakampio-formos-apyranke\/#primaryimage"},"thumbnailUrl":"https:\/\/amberwithsilver.com\/wp-content\/uploads\/2023\/04\/IMG_0950.webp","datePublished":"2023-04-06T13:08:09+00:00","dateModified":"2024-05-30T11:02:55+00:00","description":"Antikvarin\u0117 geltono gintaro sta\u010diakampio formos apyrank\u0117,antique yellow amber rectangle beads stretch bracelet, Opaque amber bracelet,antikinis gintaras","breadcrumb":{"@id":"https:\/\/amberwithsilver.com\/product\/antikvarine-geltono-gintaro-staciakampio-formos-apyranke\/#breadcrumb"},"inLanguage":"en-US","potentialAction":[{"@type":"ReadAction","target":["https:\/\/amberwithsilver.com\/product\/antikvarine-geltono-gintaro-staciakampio-formos-apyranke\/"]}]},{"@type":"ImageObject","inLanguage":"en-US","@id":"https:\/\/amberwithsilver.com\/product\/antikvarine-geltono-gintaro-staciakampio-formos-apyranke\/#primaryimage","url":"https:\/\/amberwithsilver.com\/wp-content\/uploads\/2023\/04\/IMG_0950.webp","contentUrl":"https:\/\/amberwithsilver.com\/wp-content\/uploads\/2023\/04\/IMG_0950.webp","width":800,"height":740,"caption":"Antikvarin\u0117 geltono gintaro sta\u010diakampio formos apyrank\u0117,antique yellow amber rectangle beads stretch bracelet"},{"@type":"BreadcrumbList","@id":"https:\/\/amberwithsilver.com\/product\/antikvarine-geltono-gintaro-staciakampio-formos-apyranke\/#breadcrumb","itemListElement":[{"@type":"ListItem","position":1,"name":"Home","item":"https:\/\/amberwithsilver.com\/"},{"@type":"ListItem","position":2,"name":"Parduotuv\u0117","item":"https:\/\/amberwithsilver.com\/en\/parduotuve\/"},{"@type":"ListItem","position":3,"name":"Antikvarin\u0117 geltono gintaro sta\u010diakampio formos apyrank\u0117"}]},{"@type":"WebSite","@id":"https:\/\/amberwithsilver.com\/en\/#website","url":"https:\/\/amberwithsilver.com\/en\/","name":"AmberWithSilver","description":"Amber-Silver","publisher":{"@id":"https:\/\/amberwithsilver.com\/en\/#organization"},"potentialAction":[{"@type":"SearchAction","target":{"@type":"EntryPoint","urlTemplate":"https:\/\/amberwithsilver.com\/en\/?s={search_term_string}"},"query-input":{"@type":"PropertyValueSpecification","valueRequired":true,"valueName":"search_term_string"}}],"inLanguage":"en-US"},{"@type":"Organization","@id":"https:\/\/amberwithsilver.com\/en\/#organization","name":"amberwithsilver","url":"https:\/\/amberwithsilver.com\/en\/","logo":{"@type":"ImageObject","inLanguage":"en-US","@id":"https:\/\/amberwithsilver.com\/en\/#\/schema\/logo\/image\/","url":"https:\/\/i0.wp.com\/amberwithsilver.com\/wp-content\/uploads\/2020\/12\/logo.jpg?fit=232%2C116&ssl=1","contentUrl":"https:\/\/i0.wp.com\/amberwithsilver.com\/wp-content\/uploads\/2020\/12\/logo.jpg?fit=232%2C116&ssl=1","width":232,"height":116,"caption":"amberwithsilver"},"image":{"@id":"https:\/\/amberwithsilver.com\/en\/#\/schema\/logo\/image\/"}}]}},"jetpack_sharing_enabled":true,"_links":{"self":[{"href":"https:\/\/amberwithsilver.com\/en\/wp-json\/wp\/v2\/product\/2734","targetHints":{"allow":["GET"]}}],"collection":[{"href":"https:\/\/amberwithsilver.com\/en\/wp-json\/wp\/v2\/product"}],"about":[{"href":"https:\/\/amberwithsilver.com\/en\/wp-json\/wp\/v2\/types\/product"}],"replies":[{"embeddable":true,"href":"https:\/\/amberwithsilver.com\/en\/wp-json\/wp\/v2\/comments?post=2734"}],"version-history":[{"count":0,"href":"https:\/\/amberwithsilver.com\/en\/wp-json\/wp\/v2\/product\/2734\/revisions"}],"wp:featuredmedia":[{"embeddable":true,"href":"https:\/\/amberwithsilver.com\/en\/wp-json\/wp\/v2\/media\/2735"}],"wp:attachment":[{"href":"https:\/\/amberwithsilver.com\/en\/wp-json\/wp\/v2\/media?parent=2734"}],"wp:term":[{"taxonomy":"product_brand","embeddable":true,"href":"https:\/\/amberwithsilver.com\/en\/wp-json\/wp\/v2\/product_brand?post=2734"},{"taxonomy":"product_cat","embeddable":true,"href":"https:\/\/amberwithsilver.com\/en\/wp-json\/wp\/v2\/product_cat?post=2734"},{"taxonomy":"product_tag","embeddable":true,"href":"https:\/\/amberwithsilver.com\/en\/wp-json\/wp\/v2\/product_tag?post=2734"}],"curies":[{"name":"wp","href":"https:\/\/api.w.org\/{rel}","templated":true}]}}