{"id":2740,"date":"2023-04-07T12:44:08","date_gmt":"2023-04-07T10:44:08","guid":{"rendered":"http:\/\/amberwithsilver.com\/?post_type=product&#038;p=2740"},"modified":"2025-09-01T00:23:48","modified_gmt":"2025-08-31T22:23:48","slug":"masyvus-krikscioniskas-gintaro-rozinis-13-mm","status":"publish","type":"product","link":"https:\/\/amberwithsilver.com\/en\/product\/masyvus-krikscioniskas-gintaro-rozinis-13-mm\/","title":{"rendered":"Large Christian amber rosary 13 mm"},"content":{"rendered":"<p>Large Christian amber rosary 13 mm.<\/p>\n<ul>\n<li><span class=\"VIiyi\" lang=\"lt\"><span class=\"JLqJ4b ChMk0b\" data-language-for-alternatives=\"lt\" data-language-to-translate-into=\"en\" data-phrase-index=\"0\">Baltic amber<br \/>\n<\/span><\/span><\/li>\n<li>Black and brown colors <span class=\"VIiyi\" lang=\"lt\"><span class=\"JLqJ4b ChMk0b\" data-language-for-alternatives=\"lt\" data-language-to-translate-into=\"en\" data-phrase-index=\"2\" data-number-of-phrases=\"3\"> recycled round <\/span><\/span>shape beads<\/li>\n<li><span class=\"VIiyi\" lang=\"lt\"><span class=\"JLqJ4b ChMk0b\" data-language-for-alternatives=\"lt\" data-language-to-translate-into=\"en\" data-phrase-index=\"0\">Bead size: ~ 13 mm<\/span><\/span><\/li>\n<li>Cross made of natural Baltic amber<\/li>\n<li>Inside length: ~ 62 cm<\/li>\n<li>Bandras ilgis: ~ 92 cm<\/li>\n<li>Weight: ~68,2 grams<\/li>\n<li>Size of the cross: ~ 5\u00d73 cm<\/li>\n<\/ul>\n<p>*Please note that the color of the product may vary slightly from that shown in the photo, depending on the monitor used by the Buyer and the lighting settings in the photos.<\/p>","protected":false},"excerpt":{"rendered":"<p>Large Christian amber rosary 13 mm.<\/p>\n<ul>\n<li><span class=\"VIiyi\" lang=\"lt\"><span class=\"JLqJ4b ChMk0b\" data-language-for-alternatives=\"lt\" data-language-to-translate-into=\"en\" data-phrase-index=\"0\">Baltic amber<br \/>\n<\/span><\/span><\/li>\n<li>Black and brown colors <span class=\"VIiyi\" lang=\"lt\"><span class=\"JLqJ4b ChMk0b\" data-language-for-alternatives=\"lt\" data-language-to-translate-into=\"en\" data-phrase-index=\"2\" data-number-of-phrases=\"3\"> recycled round <\/span><\/span>shape beads<\/li>\n<li><span class=\"VIiyi\" lang=\"lt\"><span class=\"JLqJ4b ChMk0b\" data-language-for-alternatives=\"lt\" data-language-to-translate-into=\"en\" data-phrase-index=\"0\">Bead size: ~ 13 mm<\/span><\/span><\/li>\n<li>Cross made of natural Baltic amber<\/li>\n<li>Inside length: ~ 62 cm<\/li>\n<li>Total length: ~ 92 cm<\/li>\n<li>Weight: ~68,2 grams<\/li>\n<li>Size of the cross: ~ 5\u00d73 cm<\/li>\n<\/ul>\n<p>*Please note that the color of the product may vary slightly from that shown in the photo, depending on the monitor used by the Buyer and the lighting settings in the photos.<\/p>","protected":false},"featured_media":2743,"comment_status":"open","ping_status":"closed","template":"","meta":[],"product_brand":[],"product_cat":[41,23],"product_tag":[364,911,912,913,914,915,916],"class_list":{"0":"post-2740","1":"product","2":"type-product","3":"status-publish","4":"has-post-thumbnail","6":"product_cat-krikscioniski-gintaro-roziniai","7":"product_cat-gintariniai-maldos-karoliai","8":"product_tag-baltic-amber-rosary","9":"product_tag-masyvus-krikscioniskas-gintaro-rozinis-13-mm","10":"product_tag-large-christian-amber-rosary-13-mm","11":"product_tag-black-amber-rosary","12":"product_tag-amber-rosary-for-man","13":"product_tag-vyriskas-rozancius-is-gintaro","14":"product_tag-baltijos-gintaro-rozancius-vyrams","16":"first","17":"outofstock","18":"taxable","19":"shipping-taxable","20":"purchasable","21":"product-type-simple"},"yoast_head":"<!-- This site is optimized with the Yoast SEO Premium plugin v23.4 (Yoast SEO v26.8) - https:\/\/yoast.com\/product\/yoast-seo-premium-wordpress\/ -->\n<title>Masyvus krik\u0161\u010dioni\u0161kas gintaro ro\u017einis 13 mm<\/title>\n<meta name=\"description\" content=\"Masyvus krik\u0161\u010dioni\u0161kas gintaro ro\u017einis 13 mm, Large Christian amber rosary 13 mm, black amber rosary, amber rosary for man,vyri\u0161kas rozan\u010dius i\u0161 gintaro\" \/>\n<meta name=\"robots\" content=\"index, follow, max-snippet:-1, max-image-preview:large, max-video-preview:-1\" \/>\n<link rel=\"canonical\" href=\"https:\/\/amberwithsilver.com\/en\/product\/masyvus-krikscioniskas-gintaro-rozinis-13-mm\/\" \/>\n<meta property=\"og:locale\" content=\"en_US\" \/>\n<meta property=\"og:type\" content=\"article\" \/>\n<meta property=\"og:title\" content=\"Masyvus krik\u0161\u010dioni\u0161kas gintaro ro\u017einis 13 mm\" \/>\n<meta property=\"og:description\" content=\"Masyvus krik\u0161\u010dioni\u0161kas gintaro ro\u017einis 13 mm, Large Christian amber rosary 13 mm, black amber rosary, amber rosary for man,vyri\u0161kas rozan\u010dius i\u0161 gintaro\" \/>\n<meta property=\"og:url\" content=\"https:\/\/amberwithsilver.com\/en\/product\/masyvus-krikscioniskas-gintaro-rozinis-13-mm\/\" \/>\n<meta property=\"og:site_name\" content=\"AmberWithSilver\" \/>\n<meta property=\"article:modified_time\" content=\"2025-08-31T22:23:48+00:00\" \/>\n<meta property=\"og:image\" content=\"https:\/\/amberwithsilver.com\/wp-content\/uploads\/2023\/04\/IMG_3564.webp\" \/>\n\t<meta property=\"og:image:width\" content=\"800\" \/>\n\t<meta property=\"og:image:height\" content=\"773\" \/>\n\t<meta property=\"og:image:type\" content=\"image\/webp\" \/>\n<meta name=\"twitter:card\" content=\"summary_large_image\" \/>\n<meta name=\"twitter:label1\" content=\"Est. reading time\" \/>\n\t<meta name=\"twitter:data1\" content=\"1 minute\" \/>\n<script type=\"application\/ld+json\" class=\"yoast-schema-graph\">{\"@context\":\"https:\/\/schema.org\",\"@graph\":[{\"@type\":\"WebPage\",\"@id\":\"https:\/\/amberwithsilver.com\/product\/masyvus-krikscioniskas-gintaro-rozinis-13-mm\/\",\"url\":\"https:\/\/amberwithsilver.com\/product\/masyvus-krikscioniskas-gintaro-rozinis-13-mm\/\",\"name\":\"Masyvus krik\u0161\u010dioni\u0161kas gintaro ro\u017einis 13 mm\",\"isPartOf\":{\"@id\":\"https:\/\/amberwithsilver.com\/en\/#website\"},\"primaryImageOfPage\":{\"@id\":\"https:\/\/amberwithsilver.com\/product\/masyvus-krikscioniskas-gintaro-rozinis-13-mm\/#primaryimage\"},\"image\":{\"@id\":\"https:\/\/amberwithsilver.com\/product\/masyvus-krikscioniskas-gintaro-rozinis-13-mm\/#primaryimage\"},\"thumbnailUrl\":\"https:\/\/amberwithsilver.com\/wp-content\/uploads\/2023\/04\/IMG_3564.webp\",\"datePublished\":\"2023-04-07T10:44:08+00:00\",\"dateModified\":\"2025-08-31T22:23:48+00:00\",\"description\":\"Masyvus krik\u0161\u010dioni\u0161kas gintaro ro\u017einis 13 mm, Large Christian amber rosary 13 mm, black amber rosary, amber rosary for man,vyri\u0161kas rozan\u010dius i\u0161 gintaro\",\"breadcrumb\":{\"@id\":\"https:\/\/amberwithsilver.com\/product\/masyvus-krikscioniskas-gintaro-rozinis-13-mm\/#breadcrumb\"},\"inLanguage\":\"en-US\",\"potentialAction\":[{\"@type\":\"ReadAction\",\"target\":[\"https:\/\/amberwithsilver.com\/product\/masyvus-krikscioniskas-gintaro-rozinis-13-mm\/\"]}]},{\"@type\":\"ImageObject\",\"inLanguage\":\"en-US\",\"@id\":\"https:\/\/amberwithsilver.com\/product\/masyvus-krikscioniskas-gintaro-rozinis-13-mm\/#primaryimage\",\"url\":\"https:\/\/amberwithsilver.com\/wp-content\/uploads\/2023\/04\/IMG_3564.webp\",\"contentUrl\":\"https:\/\/amberwithsilver.com\/wp-content\/uploads\/2023\/04\/IMG_3564.webp\",\"width\":800,\"height\":773,\"caption\":\"Masyvus krik\u0161\u010dioni\u0161kas gintaro ro\u017einis 13 mm, Large christian amber rosary 13 mm\"},{\"@type\":\"BreadcrumbList\",\"@id\":\"https:\/\/amberwithsilver.com\/product\/masyvus-krikscioniskas-gintaro-rozinis-13-mm\/#breadcrumb\",\"itemListElement\":[{\"@type\":\"ListItem\",\"position\":1,\"name\":\"Home\",\"item\":\"https:\/\/amberwithsilver.com\/\"},{\"@type\":\"ListItem\",\"position\":2,\"name\":\"Parduotuv\u0117\",\"item\":\"https:\/\/amberwithsilver.com\/en\/parduotuve\/\"},{\"@type\":\"ListItem\",\"position\":3,\"name\":\"Masyvus krik\u0161\u010dioni\u0161kas gintaro ro\u017einis 13 mm\"}]},{\"@type\":\"WebSite\",\"@id\":\"https:\/\/amberwithsilver.com\/en\/#website\",\"url\":\"https:\/\/amberwithsilver.com\/en\/\",\"name\":\"AmberWithSilver\",\"description\":\"Amber-Silver\",\"publisher\":{\"@id\":\"https:\/\/amberwithsilver.com\/en\/#organization\"},\"potentialAction\":[{\"@type\":\"SearchAction\",\"target\":{\"@type\":\"EntryPoint\",\"urlTemplate\":\"https:\/\/amberwithsilver.com\/en\/?s={search_term_string}\"},\"query-input\":{\"@type\":\"PropertyValueSpecification\",\"valueRequired\":true,\"valueName\":\"search_term_string\"}}],\"inLanguage\":\"en-US\"},{\"@type\":\"Organization\",\"@id\":\"https:\/\/amberwithsilver.com\/en\/#organization\",\"name\":\"amberwithsilver\",\"url\":\"https:\/\/amberwithsilver.com\/en\/\",\"logo\":{\"@type\":\"ImageObject\",\"inLanguage\":\"en-US\",\"@id\":\"https:\/\/amberwithsilver.com\/en\/#\/schema\/logo\/image\/\",\"url\":\"https:\/\/i0.wp.com\/amberwithsilver.com\/wp-content\/uploads\/2020\/12\/logo.jpg?fit=232%2C116&ssl=1\",\"contentUrl\":\"https:\/\/i0.wp.com\/amberwithsilver.com\/wp-content\/uploads\/2020\/12\/logo.jpg?fit=232%2C116&ssl=1\",\"width\":232,\"height\":116,\"caption\":\"amberwithsilver\"},\"image\":{\"@id\":\"https:\/\/amberwithsilver.com\/en\/#\/schema\/logo\/image\/\"}}]}<\/script>\n<!-- \/ Yoast SEO Premium plugin. -->","yoast_head_json":{"title":"Large Christian amber rosary 13 mm","description":"Masyvus krik\u0161\u010dioni\u0161kas gintaro ro\u017einis 13 mm, Large Christian amber rosary 13 mm, black amber rosary, amber rosary for man,vyri\u0161kas rozan\u010dius i\u0161 gintaro","robots":{"index":"index","follow":"follow","max-snippet":"max-snippet:-1","max-image-preview":"max-image-preview:large","max-video-preview":"max-video-preview:-1"},"canonical":"https:\/\/amberwithsilver.com\/en\/product\/masyvus-krikscioniskas-gintaro-rozinis-13-mm\/","og_locale":"en_US","og_type":"article","og_title":"Masyvus krik\u0161\u010dioni\u0161kas gintaro ro\u017einis 13 mm","og_description":"Masyvus krik\u0161\u010dioni\u0161kas gintaro ro\u017einis 13 mm, Large Christian amber rosary 13 mm, black amber rosary, amber rosary for man,vyri\u0161kas rozan\u010dius i\u0161 gintaro","og_url":"https:\/\/amberwithsilver.com\/en\/product\/masyvus-krikscioniskas-gintaro-rozinis-13-mm\/","og_site_name":"AmberWithSilver","article_modified_time":"2025-08-31T22:23:48+00:00","og_image":[{"width":800,"height":773,"url":"https:\/\/amberwithsilver.com\/wp-content\/uploads\/2023\/04\/IMG_3564.webp","type":"image\/webp"}],"twitter_card":"summary_large_image","twitter_misc":{"Est. reading time":"1 minute"},"schema":{"@context":"https:\/\/schema.org","@graph":[{"@type":"WebPage","@id":"https:\/\/amberwithsilver.com\/product\/masyvus-krikscioniskas-gintaro-rozinis-13-mm\/","url":"https:\/\/amberwithsilver.com\/product\/masyvus-krikscioniskas-gintaro-rozinis-13-mm\/","name":"Large Christian amber rosary 13 mm","isPartOf":{"@id":"https:\/\/amberwithsilver.com\/en\/#website"},"primaryImageOfPage":{"@id":"https:\/\/amberwithsilver.com\/product\/masyvus-krikscioniskas-gintaro-rozinis-13-mm\/#primaryimage"},"image":{"@id":"https:\/\/amberwithsilver.com\/product\/masyvus-krikscioniskas-gintaro-rozinis-13-mm\/#primaryimage"},"thumbnailUrl":"https:\/\/amberwithsilver.com\/wp-content\/uploads\/2023\/04\/IMG_3564.webp","datePublished":"2023-04-07T10:44:08+00:00","dateModified":"2025-08-31T22:23:48+00:00","description":"Masyvus krik\u0161\u010dioni\u0161kas gintaro ro\u017einis 13 mm, Large Christian amber rosary 13 mm, black amber rosary, amber rosary for man,vyri\u0161kas rozan\u010dius i\u0161 gintaro","breadcrumb":{"@id":"https:\/\/amberwithsilver.com\/product\/masyvus-krikscioniskas-gintaro-rozinis-13-mm\/#breadcrumb"},"inLanguage":"en-US","potentialAction":[{"@type":"ReadAction","target":["https:\/\/amberwithsilver.com\/product\/masyvus-krikscioniskas-gintaro-rozinis-13-mm\/"]}]},{"@type":"ImageObject","inLanguage":"en-US","@id":"https:\/\/amberwithsilver.com\/product\/masyvus-krikscioniskas-gintaro-rozinis-13-mm\/#primaryimage","url":"https:\/\/amberwithsilver.com\/wp-content\/uploads\/2023\/04\/IMG_3564.webp","contentUrl":"https:\/\/amberwithsilver.com\/wp-content\/uploads\/2023\/04\/IMG_3564.webp","width":800,"height":773,"caption":"Masyvus krik\u0161\u010dioni\u0161kas gintaro ro\u017einis 13 mm, Large christian amber rosary 13 mm"},{"@type":"BreadcrumbList","@id":"https:\/\/amberwithsilver.com\/product\/masyvus-krikscioniskas-gintaro-rozinis-13-mm\/#breadcrumb","itemListElement":[{"@type":"ListItem","position":1,"name":"Home","item":"https:\/\/amberwithsilver.com\/"},{"@type":"ListItem","position":2,"name":"Parduotuv\u0117","item":"https:\/\/amberwithsilver.com\/en\/parduotuve\/"},{"@type":"ListItem","position":3,"name":"Masyvus krik\u0161\u010dioni\u0161kas gintaro ro\u017einis 13 mm"}]},{"@type":"WebSite","@id":"https:\/\/amberwithsilver.com\/en\/#website","url":"https:\/\/amberwithsilver.com\/en\/","name":"AmberWithSilver","description":"Amber-Silver","publisher":{"@id":"https:\/\/amberwithsilver.com\/en\/#organization"},"potentialAction":[{"@type":"SearchAction","target":{"@type":"EntryPoint","urlTemplate":"https:\/\/amberwithsilver.com\/en\/?s={search_term_string}"},"query-input":{"@type":"PropertyValueSpecification","valueRequired":true,"valueName":"search_term_string"}}],"inLanguage":"en-US"},{"@type":"Organization","@id":"https:\/\/amberwithsilver.com\/en\/#organization","name":"amberwithsilver","url":"https:\/\/amberwithsilver.com\/en\/","logo":{"@type":"ImageObject","inLanguage":"en-US","@id":"https:\/\/amberwithsilver.com\/en\/#\/schema\/logo\/image\/","url":"https:\/\/i0.wp.com\/amberwithsilver.com\/wp-content\/uploads\/2020\/12\/logo.jpg?fit=232%2C116&ssl=1","contentUrl":"https:\/\/i0.wp.com\/amberwithsilver.com\/wp-content\/uploads\/2020\/12\/logo.jpg?fit=232%2C116&ssl=1","width":232,"height":116,"caption":"amberwithsilver"},"image":{"@id":"https:\/\/amberwithsilver.com\/en\/#\/schema\/logo\/image\/"}}]}},"jetpack_sharing_enabled":true,"_links":{"self":[{"href":"https:\/\/amberwithsilver.com\/en\/wp-json\/wp\/v2\/product\/2740","targetHints":{"allow":["GET"]}}],"collection":[{"href":"https:\/\/amberwithsilver.com\/en\/wp-json\/wp\/v2\/product"}],"about":[{"href":"https:\/\/amberwithsilver.com\/en\/wp-json\/wp\/v2\/types\/product"}],"replies":[{"embeddable":true,"href":"https:\/\/amberwithsilver.com\/en\/wp-json\/wp\/v2\/comments?post=2740"}],"version-history":[{"count":0,"href":"https:\/\/amberwithsilver.com\/en\/wp-json\/wp\/v2\/product\/2740\/revisions"}],"wp:featuredmedia":[{"embeddable":true,"href":"https:\/\/amberwithsilver.com\/en\/wp-json\/wp\/v2\/media\/2743"}],"wp:attachment":[{"href":"https:\/\/amberwithsilver.com\/en\/wp-json\/wp\/v2\/media?parent=2740"}],"wp:term":[{"taxonomy":"product_brand","embeddable":true,"href":"https:\/\/amberwithsilver.com\/en\/wp-json\/wp\/v2\/product_brand?post=2740"},{"taxonomy":"product_cat","embeddable":true,"href":"https:\/\/amberwithsilver.com\/en\/wp-json\/wp\/v2\/product_cat?post=2740"},{"taxonomy":"product_tag","embeddable":true,"href":"https:\/\/amberwithsilver.com\/en\/wp-json\/wp\/v2\/product_tag?post=2740"}],"curies":[{"name":"wp","href":"https:\/\/api.w.org\/{rel}","templated":true}]}}