{"id":2798,"date":"2023-06-14T12:03:28","date_gmt":"2023-06-14T10:03:28","guid":{"rendered":"http:\/\/amberwithsilver.com\/?post_type=product&#038;p=2798"},"modified":"2026-04-01T12:02:01","modified_gmt":"2026-04-01T10:02:01","slug":"krikscioniskas-gintaro-rozinis-tamsi-vysnine-spalva","status":"publish","type":"product","link":"https:\/\/amberwithsilver.com\/en\/product\/krikscioniskas-gintaro-rozinis-tamsi-vysnine-spalva\/","title":{"rendered":"Christian amber rosary - dark cherry color"},"content":{"rendered":"<p>Christian amber rosary - dark cherry color. The Christian rosary consists of 59 amber beads. There is no closure in this rosary.<\/p>\n<ul>\n<li>Round shape Baltic amber beads<\/li>\n<li>Dark cherry color<\/li>\n<li><span class=\"VIiyi\" lang=\"lt\"><span class=\"JLqJ4b ChMk0b\" data-language-for-alternatives=\"lt\" data-language-to-translate-into=\"en\" data-phrase-index=\"0\">Without closure<\/span><\/span><\/li>\n<li>Bead size: ~ 5-6 mm<\/li>\n<li>Weight: ~ 7,8 gr.<\/li>\n<\/ul>\n<p>*Please note that the color of the product may vary slightly from that shown in the photo, depending on the monitor used by the Buyer and the lighting settings in the photos.<\/p>","protected":false},"excerpt":{"rendered":"<p>Christian amber rosary - dark cherry color. The Christian rosary consists of 59 amber beads. There is no closure in this rosary.<\/p>\n<ul>\n<li>Round shape Baltic amber beads<\/li>\n<li>Dark cherry color<\/li>\n<li><span class=\"VIiyi\" lang=\"lt\"><span class=\"JLqJ4b ChMk0b\" data-language-for-alternatives=\"lt\" data-language-to-translate-into=\"en\" data-phrase-index=\"0\">Without closure<\/span><\/span><\/li>\n<li>Bead size: ~ 5-6 mm<\/li>\n<li>Weight: ~ 7,8 gr.<\/li>\n<\/ul>\n<p>*Please note that the color of the product may vary slightly from that shown in the photo, depending on the monitor used by the Buyer and the lighting settings in the photos.<\/p>","protected":false},"featured_media":2799,"comment_status":"open","ping_status":"closed","template":"","meta":[],"product_brand":[],"product_cat":[41,23],"product_tag":[966,967,968,969,970,971,972,973,974],"class_list":{"0":"post-2798","1":"product","2":"type-product","3":"status-publish","4":"has-post-thumbnail","6":"product_cat-krikscioniski-gintaro-roziniai","7":"product_cat-gintariniai-maldos-karoliai","8":"product_tag-krikscioniskas-gintaro-rozinis-tamsi-vysnine-spalva","9":"product_tag-gintarinis-rozancius","10":"product_tag-gintaro-rozinis","11":"product_tag-tamsus-gintaras","12":"product_tag-naturalaus-gintaro-rozancius","13":"product_tag-christian-amber-rosary","14":"product_tag-natural-amber-rosary","15":"product_tag-cherry-color-amber-rosary","16":"product_tag-christian-amber-rosary-dark-cherry-color","18":"first","19":"instock","20":"taxable","21":"shipping-taxable","22":"purchasable","23":"product-type-simple"},"yoast_head":"<!-- This site is optimized with the Yoast SEO Premium plugin v23.4 (Yoast SEO v26.8) - https:\/\/yoast.com\/product\/yoast-seo-premium-wordpress\/ -->\n<title>Christian Amber Rosary - dark cherry color<\/title>\n<meta name=\"description\" content=\"Christian Amber Rosary - dark cherry color. The Christian rosary is composed of 59 beads. The round Baltic amber beads have a dark cherry color and are without a clasp. The bead size ranges from approximately 5-6 mm, with a weight of approximately 7.8 grams.\" \/>\n<meta name=\"robots\" content=\"index, follow, max-snippet:-1, max-image-preview:large, max-video-preview:-1\" \/>\n<link rel=\"canonical\" href=\"https:\/\/amberwithsilver.com\/en\/product\/krikscioniskas-gintaro-rozinis-tamsi-vysnine-spalva\/\" \/>\n<meta property=\"og:locale\" content=\"en_US\" \/>\n<meta property=\"og:type\" content=\"article\" \/>\n<meta property=\"og:title\" content=\"Krik\u0161\u010dioni\u0161kas gintaro ro\u017einis - tamsi vy\u0161nin\u0117 spalva\" \/>\n<meta property=\"og:description\" content=\"Christian Amber Rosary - dark cherry color. The Christian rosary is composed of 59 beads. The round Baltic amber beads have a dark cherry color and are without a clasp. The bead size ranges from approximately 5-6 mm, with a weight of approximately 7.8 grams.\" \/>\n<meta property=\"og:url\" content=\"https:\/\/amberwithsilver.com\/en\/product\/krikscioniskas-gintaro-rozinis-tamsi-vysnine-spalva\/\" \/>\n<meta property=\"og:site_name\" content=\"AmberWithSilver\" \/>\n<meta property=\"article:modified_time\" content=\"2026-04-01T10:02:01+00:00\" \/>\n<meta property=\"og:image\" content=\"https:\/\/amberwithsilver.com\/wp-content\/uploads\/2023\/06\/image11-1.webp\" \/>\n\t<meta property=\"og:image:width\" content=\"800\" \/>\n\t<meta property=\"og:image:height\" content=\"737\" \/>\n\t<meta property=\"og:image:type\" content=\"image\/webp\" \/>\n<meta name=\"twitter:card\" content=\"summary_large_image\" \/>\n<meta name=\"twitter:label1\" content=\"Est. reading time\" \/>\n\t<meta name=\"twitter:data1\" content=\"1 minute\" \/>\n<script type=\"application\/ld+json\" class=\"yoast-schema-graph\">{\"@context\":\"https:\/\/schema.org\",\"@graph\":[{\"@type\":\"WebPage\",\"@id\":\"https:\/\/amberwithsilver.com\/product\/krikscioniskas-gintaro-rozinis-tamsi-vysnine-spalva\/\",\"url\":\"https:\/\/amberwithsilver.com\/product\/krikscioniskas-gintaro-rozinis-tamsi-vysnine-spalva\/\",\"name\":\"Christian Amber Rosary - dark cherry color\",\"isPartOf\":{\"@id\":\"https:\/\/amberwithsilver.com\/en\/#website\"},\"primaryImageOfPage\":{\"@id\":\"https:\/\/amberwithsilver.com\/product\/krikscioniskas-gintaro-rozinis-tamsi-vysnine-spalva\/#primaryimage\"},\"image\":{\"@id\":\"https:\/\/amberwithsilver.com\/product\/krikscioniskas-gintaro-rozinis-tamsi-vysnine-spalva\/#primaryimage\"},\"thumbnailUrl\":\"https:\/\/amberwithsilver.com\/wp-content\/uploads\/2023\/06\/image11-1.webp\",\"datePublished\":\"2023-06-14T10:03:28+00:00\",\"dateModified\":\"2026-04-01T10:02:01+00:00\",\"description\":\"Christian Amber Rosary - dark cherry color. The Christian rosary is composed of 59 beads. The round Baltic amber beads have a dark cherry color and are without a clasp. The bead size ranges from approximately 5-6 mm, with a weight of approximately 7.8 grams.\",\"breadcrumb\":{\"@id\":\"https:\/\/amberwithsilver.com\/product\/krikscioniskas-gintaro-rozinis-tamsi-vysnine-spalva\/#breadcrumb\"},\"inLanguage\":\"en-US\",\"potentialAction\":[{\"@type\":\"ReadAction\",\"target\":[\"https:\/\/amberwithsilver.com\/product\/krikscioniskas-gintaro-rozinis-tamsi-vysnine-spalva\/\"]}]},{\"@type\":\"ImageObject\",\"inLanguage\":\"en-US\",\"@id\":\"https:\/\/amberwithsilver.com\/product\/krikscioniskas-gintaro-rozinis-tamsi-vysnine-spalva\/#primaryimage\",\"url\":\"https:\/\/amberwithsilver.com\/wp-content\/uploads\/2023\/06\/image11-1.webp\",\"contentUrl\":\"https:\/\/amberwithsilver.com\/wp-content\/uploads\/2023\/06\/image11-1.webp\",\"width\":800,\"height\":737,\"caption\":\"Krik\u0161\u010dioni\u0161kas gintaro ro\u017einis - tamsi vy\u0161nin\u0117 spalva, Christian amber rosary - dark cherry color\"},{\"@type\":\"BreadcrumbList\",\"@id\":\"https:\/\/amberwithsilver.com\/product\/krikscioniskas-gintaro-rozinis-tamsi-vysnine-spalva\/#breadcrumb\",\"itemListElement\":[{\"@type\":\"ListItem\",\"position\":1,\"name\":\"Home\",\"item\":\"https:\/\/amberwithsilver.com\/\"},{\"@type\":\"ListItem\",\"position\":2,\"name\":\"Parduotuv\u0117\",\"item\":\"https:\/\/amberwithsilver.com\/en\/parduotuve\/\"},{\"@type\":\"ListItem\",\"position\":3,\"name\":\"Krik\u0161\u010dioni\u0161kas gintaro ro\u017einis &#8211; tamsi vy\u0161nin\u0117 spalva\"}]},{\"@type\":\"WebSite\",\"@id\":\"https:\/\/amberwithsilver.com\/en\/#website\",\"url\":\"https:\/\/amberwithsilver.com\/en\/\",\"name\":\"AmberWithSilver\",\"description\":\"Amber-Silver\",\"publisher\":{\"@id\":\"https:\/\/amberwithsilver.com\/en\/#organization\"},\"potentialAction\":[{\"@type\":\"SearchAction\",\"target\":{\"@type\":\"EntryPoint\",\"urlTemplate\":\"https:\/\/amberwithsilver.com\/en\/?s={search_term_string}\"},\"query-input\":{\"@type\":\"PropertyValueSpecification\",\"valueRequired\":true,\"valueName\":\"search_term_string\"}}],\"inLanguage\":\"en-US\"},{\"@type\":\"Organization\",\"@id\":\"https:\/\/amberwithsilver.com\/en\/#organization\",\"name\":\"amberwithsilver\",\"url\":\"https:\/\/amberwithsilver.com\/en\/\",\"logo\":{\"@type\":\"ImageObject\",\"inLanguage\":\"en-US\",\"@id\":\"https:\/\/amberwithsilver.com\/en\/#\/schema\/logo\/image\/\",\"url\":\"https:\/\/i0.wp.com\/amberwithsilver.com\/wp-content\/uploads\/2020\/12\/logo.jpg?fit=232%2C116&ssl=1\",\"contentUrl\":\"https:\/\/i0.wp.com\/amberwithsilver.com\/wp-content\/uploads\/2020\/12\/logo.jpg?fit=232%2C116&ssl=1\",\"width\":232,\"height\":116,\"caption\":\"amberwithsilver\"},\"image\":{\"@id\":\"https:\/\/amberwithsilver.com\/en\/#\/schema\/logo\/image\/\"}}]}<\/script>\n<!-- \/ Yoast SEO Premium plugin. -->","yoast_head_json":{"title":"Christian Amber Rosary - dark cherry color","description":"Christian Amber Rosary - dark cherry color. The Christian rosary is composed of 59 beads. The round Baltic amber beads have a dark cherry color and are without a clasp. The bead size ranges from approximately 5-6 mm, with a weight of approximately 7.8 grams.","robots":{"index":"index","follow":"follow","max-snippet":"max-snippet:-1","max-image-preview":"max-image-preview:large","max-video-preview":"max-video-preview:-1"},"canonical":"https:\/\/amberwithsilver.com\/en\/product\/krikscioniskas-gintaro-rozinis-tamsi-vysnine-spalva\/","og_locale":"en_US","og_type":"article","og_title":"Krik\u0161\u010dioni\u0161kas gintaro ro\u017einis - tamsi vy\u0161nin\u0117 spalva","og_description":"Christian Amber Rosary - dark cherry color. The Christian rosary is composed of 59 beads. The round Baltic amber beads have a dark cherry color and are without a clasp. The bead size ranges from approximately 5-6 mm, with a weight of approximately 7.8 grams.","og_url":"https:\/\/amberwithsilver.com\/en\/product\/krikscioniskas-gintaro-rozinis-tamsi-vysnine-spalva\/","og_site_name":"AmberWithSilver","article_modified_time":"2026-04-01T10:02:01+00:00","og_image":[{"width":800,"height":737,"url":"https:\/\/amberwithsilver.com\/wp-content\/uploads\/2023\/06\/image11-1.webp","type":"image\/webp"}],"twitter_card":"summary_large_image","twitter_misc":{"Est. reading time":"1 minute"},"schema":{"@context":"https:\/\/schema.org","@graph":[{"@type":"WebPage","@id":"https:\/\/amberwithsilver.com\/product\/krikscioniskas-gintaro-rozinis-tamsi-vysnine-spalva\/","url":"https:\/\/amberwithsilver.com\/product\/krikscioniskas-gintaro-rozinis-tamsi-vysnine-spalva\/","name":"Christian Amber Rosary - dark cherry color","isPartOf":{"@id":"https:\/\/amberwithsilver.com\/en\/#website"},"primaryImageOfPage":{"@id":"https:\/\/amberwithsilver.com\/product\/krikscioniskas-gintaro-rozinis-tamsi-vysnine-spalva\/#primaryimage"},"image":{"@id":"https:\/\/amberwithsilver.com\/product\/krikscioniskas-gintaro-rozinis-tamsi-vysnine-spalva\/#primaryimage"},"thumbnailUrl":"https:\/\/amberwithsilver.com\/wp-content\/uploads\/2023\/06\/image11-1.webp","datePublished":"2023-06-14T10:03:28+00:00","dateModified":"2026-04-01T10:02:01+00:00","description":"Christian Amber Rosary - dark cherry color. The Christian rosary is composed of 59 beads. The round Baltic amber beads have a dark cherry color and are without a clasp. The bead size ranges from approximately 5-6 mm, with a weight of approximately 7.8 grams.","breadcrumb":{"@id":"https:\/\/amberwithsilver.com\/product\/krikscioniskas-gintaro-rozinis-tamsi-vysnine-spalva\/#breadcrumb"},"inLanguage":"en-US","potentialAction":[{"@type":"ReadAction","target":["https:\/\/amberwithsilver.com\/product\/krikscioniskas-gintaro-rozinis-tamsi-vysnine-spalva\/"]}]},{"@type":"ImageObject","inLanguage":"en-US","@id":"https:\/\/amberwithsilver.com\/product\/krikscioniskas-gintaro-rozinis-tamsi-vysnine-spalva\/#primaryimage","url":"https:\/\/amberwithsilver.com\/wp-content\/uploads\/2023\/06\/image11-1.webp","contentUrl":"https:\/\/amberwithsilver.com\/wp-content\/uploads\/2023\/06\/image11-1.webp","width":800,"height":737,"caption":"Krik\u0161\u010dioni\u0161kas gintaro ro\u017einis - tamsi vy\u0161nin\u0117 spalva, Christian amber rosary - dark cherry color"},{"@type":"BreadcrumbList","@id":"https:\/\/amberwithsilver.com\/product\/krikscioniskas-gintaro-rozinis-tamsi-vysnine-spalva\/#breadcrumb","itemListElement":[{"@type":"ListItem","position":1,"name":"Home","item":"https:\/\/amberwithsilver.com\/"},{"@type":"ListItem","position":2,"name":"Parduotuv\u0117","item":"https:\/\/amberwithsilver.com\/en\/parduotuve\/"},{"@type":"ListItem","position":3,"name":"Krik\u0161\u010dioni\u0161kas gintaro ro\u017einis &#8211; tamsi vy\u0161nin\u0117 spalva"}]},{"@type":"WebSite","@id":"https:\/\/amberwithsilver.com\/en\/#website","url":"https:\/\/amberwithsilver.com\/en\/","name":"AmberWithSilver","description":"Amber-Silver","publisher":{"@id":"https:\/\/amberwithsilver.com\/en\/#organization"},"potentialAction":[{"@type":"SearchAction","target":{"@type":"EntryPoint","urlTemplate":"https:\/\/amberwithsilver.com\/en\/?s={search_term_string}"},"query-input":{"@type":"PropertyValueSpecification","valueRequired":true,"valueName":"search_term_string"}}],"inLanguage":"en-US"},{"@type":"Organization","@id":"https:\/\/amberwithsilver.com\/en\/#organization","name":"amberwithsilver","url":"https:\/\/amberwithsilver.com\/en\/","logo":{"@type":"ImageObject","inLanguage":"en-US","@id":"https:\/\/amberwithsilver.com\/en\/#\/schema\/logo\/image\/","url":"https:\/\/i0.wp.com\/amberwithsilver.com\/wp-content\/uploads\/2020\/12\/logo.jpg?fit=232%2C116&ssl=1","contentUrl":"https:\/\/i0.wp.com\/amberwithsilver.com\/wp-content\/uploads\/2020\/12\/logo.jpg?fit=232%2C116&ssl=1","width":232,"height":116,"caption":"amberwithsilver"},"image":{"@id":"https:\/\/amberwithsilver.com\/en\/#\/schema\/logo\/image\/"}}]}},"jetpack_sharing_enabled":true,"_links":{"self":[{"href":"https:\/\/amberwithsilver.com\/en\/wp-json\/wp\/v2\/product\/2798","targetHints":{"allow":["GET"]}}],"collection":[{"href":"https:\/\/amberwithsilver.com\/en\/wp-json\/wp\/v2\/product"}],"about":[{"href":"https:\/\/amberwithsilver.com\/en\/wp-json\/wp\/v2\/types\/product"}],"replies":[{"embeddable":true,"href":"https:\/\/amberwithsilver.com\/en\/wp-json\/wp\/v2\/comments?post=2798"}],"version-history":[{"count":0,"href":"https:\/\/amberwithsilver.com\/en\/wp-json\/wp\/v2\/product\/2798\/revisions"}],"wp:featuredmedia":[{"embeddable":true,"href":"https:\/\/amberwithsilver.com\/en\/wp-json\/wp\/v2\/media\/2799"}],"wp:attachment":[{"href":"https:\/\/amberwithsilver.com\/en\/wp-json\/wp\/v2\/media?parent=2798"}],"wp:term":[{"taxonomy":"product_brand","embeddable":true,"href":"https:\/\/amberwithsilver.com\/en\/wp-json\/wp\/v2\/product_brand?post=2798"},{"taxonomy":"product_cat","embeddable":true,"href":"https:\/\/amberwithsilver.com\/en\/wp-json\/wp\/v2\/product_cat?post=2798"},{"taxonomy":"product_tag","embeddable":true,"href":"https:\/\/amberwithsilver.com\/en\/wp-json\/wp\/v2\/product_tag?post=2798"}],"curies":[{"name":"wp","href":"https:\/\/api.w.org\/{rel}","templated":true}]}}