{"id":2852,"date":"2023-07-27T09:46:17","date_gmt":"2023-07-27T07:46:17","guid":{"rendered":"http:\/\/amberwithsilver.com\/?post_type=product&#038;p=2852"},"modified":"2023-07-27T13:50:37","modified_gmt":"2023-07-27T11:50:37","slug":"vyriski-juodo-gintaro-apvaliu-rutuliuku-karoliai-10-mm","status":"publish","type":"product","link":"https:\/\/amberwithsilver.com\/en\/product\/vyriski-juodo-gintaro-apvaliu-rutuliuku-karoliai-10-mm\/","title":{"rendered":"Men's black amber round beads necklace 10 mm"},"content":{"rendered":"<p>Men's black amber round beads necklace 10 mm.<\/p>\n<form class=\"cart\" action=\"https:\/\/amberwithsilver.com\/en\/product\/vyriski-juodo-ir-balto-gintaro-apvaliu-rutuliuku-karoliai\/\" enctype=\"multipart\/form-data\" method=\"post\" data-trp-original-action=\"http:\/\/amberwithsilver.com\/product\/vyriski-juodo-ir-balto-gintaro-apvaliu-rutuliuku-karoliai\/\">\n<ul>\n<li class=\"quantity\"><span class=\"VIiyi\" lang=\"lt\"><span class=\"JLqJ4b ChMk0b\" data-language-for-alternatives=\"lt\" data-language-to-translate-into=\"en\" data-phrase-index=\"0\">Recycled unpolished Baltic amber round beads<\/span><\/span><\/li>\n<li>Black color, unpolished<\/li>\n<li>Bead size: ~ 10 mm<\/li>\n<\/ul>\n<p>*Please note that the color of the product may vary slightly from that shown in the photo, depending on the monitor used by the Buyer and the lighting settings in the photos.<\/p>\n<input type=\"hidden\" name=\"trp-form-language\" value=\"en\"\/><\/form>","protected":false},"excerpt":{"rendered":"<p>Men's black amber round beads necklace 10 mm.<\/p>\n<form class=\"cart\" action=\"https:\/\/amberwithsilver.com\/en\/product\/vyriski-juodo-ir-balto-gintaro-apvaliu-rutuliuku-karoliai\/\" enctype=\"multipart\/form-data\" method=\"post\" data-trp-original-action=\"http:\/\/amberwithsilver.com\/product\/vyriski-juodo-ir-balto-gintaro-apvaliu-rutuliuku-karoliai\/\">\n<ul>\n<li class=\"quantity\"><span class=\"VIiyi\" lang=\"lt\"><span class=\"JLqJ4b ChMk0b\" data-language-for-alternatives=\"lt\" data-language-to-translate-into=\"en\" data-phrase-index=\"0\">Recycled unpolished Baltic amber round beads<\/span><\/span><\/li>\n<li>Black color, unpolished<\/li>\n<li>Bead size: ~ 10 mm<\/li>\n<\/ul>\n<p>*Please note that the color of the product may vary slightly from that shown in the photo, depending on the monitor used by the Buyer and the lighting settings in the photos.<\/p>\n<input type=\"hidden\" name=\"trp-form-language\" value=\"en\"\/><\/form>","protected":false},"featured_media":2857,"comment_status":"open","ping_status":"closed","template":"","meta":[],"product_brand":[],"product_cat":[59,60,58],"product_tag":[986,987],"class_list":{"0":"post-2852","1":"product","2":"type-product","3":"status-publish","4":"has-post-thumbnail","6":"product_cat-gintaro-papuosalai-vyrams","7":"product_cat-juodo-gintaro-kolekcija","8":"product_cat-kolekcijos","9":"product_tag-mens-black-amber-round-beads-necklace-10-mm","10":"product_tag-vyriski-juodo-gintaro-apvaliu-rutuliuku-karoliai-10-mm","11":"pa_ilgis-50-cm","12":"pa_ilgis-55-cm","13":"pa_ilgis-60-cm","15":"first","16":"instock","17":"taxable","18":"shipping-taxable","19":"purchasable","20":"product-type-variable"},"yoast_head":"<!-- This site is optimized with the Yoast SEO Premium plugin v23.4 (Yoast SEO v26.8) - https:\/\/yoast.com\/product\/yoast-seo-premium-wordpress\/ -->\n<title>Vyri\u0161ki juodo gintaro apvali\u0173 rutuliuk\u0173 karoliai 10 mm - AmberWithSilver<\/title>\n<meta name=\"description\" content=\"Men&#039;s black amber round bead necklaces 10 mm, Recycled unpolished Baltic amber round beads, Black color, Bead size: ~ 10 mm.\" \/>\n<meta name=\"robots\" content=\"index, follow, max-snippet:-1, max-image-preview:large, max-video-preview:-1\" \/>\n<link rel=\"canonical\" href=\"https:\/\/amberwithsilver.com\/en\/product\/vyriski-juodo-gintaro-apvaliu-rutuliuku-karoliai-10-mm\/\" \/>\n<meta property=\"og:locale\" content=\"en_US\" \/>\n<meta property=\"og:type\" content=\"article\" \/>\n<meta property=\"og:title\" content=\"Vyri\u0161ki juodo gintaro apvali\u0173 rutuliuk\u0173 karoliai 10 mm\" \/>\n<meta property=\"og:description\" content=\"Men&#039;s black amber round bead necklaces 10 mm, Recycled unpolished Baltic amber round beads, Black color, Bead size: ~ 10 mm.\" \/>\n<meta property=\"og:url\" content=\"https:\/\/amberwithsilver.com\/en\/product\/vyriski-juodo-gintaro-apvaliu-rutuliuku-karoliai-10-mm\/\" \/>\n<meta property=\"og:site_name\" content=\"AmberWithSilver\" \/>\n<meta property=\"article:modified_time\" content=\"2023-07-27T11:50:37+00:00\" \/>\n<meta property=\"og:image\" content=\"https:\/\/amberwithsilver.com\/wp-content\/uploads\/2023\/07\/image16.webp\" \/>\n\t<meta property=\"og:image:width\" content=\"800\" \/>\n\t<meta property=\"og:image:height\" content=\"854\" \/>\n\t<meta property=\"og:image:type\" content=\"image\/webp\" \/>\n<meta name=\"twitter:card\" content=\"summary_large_image\" \/>\n<meta name=\"twitter:label1\" content=\"Est. reading time\" \/>\n\t<meta name=\"twitter:data1\" content=\"1 minute\" \/>\n<script type=\"application\/ld+json\" class=\"yoast-schema-graph\">{\"@context\":\"https:\/\/schema.org\",\"@graph\":[{\"@type\":\"WebPage\",\"@id\":\"https:\/\/amberwithsilver.com\/product\/vyriski-juodo-gintaro-apvaliu-rutuliuku-karoliai-10-mm\/\",\"url\":\"https:\/\/amberwithsilver.com\/product\/vyriski-juodo-gintaro-apvaliu-rutuliuku-karoliai-10-mm\/\",\"name\":\"Vyri\u0161ki juodo gintaro apvali\u0173 rutuliuk\u0173 karoliai 10 mm - AmberWithSilver\",\"isPartOf\":{\"@id\":\"https:\/\/amberwithsilver.com\/en\/#website\"},\"primaryImageOfPage\":{\"@id\":\"https:\/\/amberwithsilver.com\/product\/vyriski-juodo-gintaro-apvaliu-rutuliuku-karoliai-10-mm\/#primaryimage\"},\"image\":{\"@id\":\"https:\/\/amberwithsilver.com\/product\/vyriski-juodo-gintaro-apvaliu-rutuliuku-karoliai-10-mm\/#primaryimage\"},\"thumbnailUrl\":\"https:\/\/amberwithsilver.com\/wp-content\/uploads\/2023\/07\/image16.webp\",\"datePublished\":\"2023-07-27T07:46:17+00:00\",\"dateModified\":\"2023-07-27T11:50:37+00:00\",\"description\":\"Men's black amber round bead necklaces 10 mm, Recycled unpolished Baltic amber round beads, Black color, Bead size: ~ 10 mm.\",\"breadcrumb\":{\"@id\":\"https:\/\/amberwithsilver.com\/product\/vyriski-juodo-gintaro-apvaliu-rutuliuku-karoliai-10-mm\/#breadcrumb\"},\"inLanguage\":\"en-US\",\"potentialAction\":[{\"@type\":\"ReadAction\",\"target\":[\"https:\/\/amberwithsilver.com\/product\/vyriski-juodo-gintaro-apvaliu-rutuliuku-karoliai-10-mm\/\"]}]},{\"@type\":\"ImageObject\",\"inLanguage\":\"en-US\",\"@id\":\"https:\/\/amberwithsilver.com\/product\/vyriski-juodo-gintaro-apvaliu-rutuliuku-karoliai-10-mm\/#primaryimage\",\"url\":\"https:\/\/amberwithsilver.com\/wp-content\/uploads\/2023\/07\/image16.webp\",\"contentUrl\":\"https:\/\/amberwithsilver.com\/wp-content\/uploads\/2023\/07\/image16.webp\",\"width\":800,\"height\":854,\"caption\":\"Vyri\u0161ki juodo gintaro apvali\u0173 rutuliuk\u0173 karoliai 10 mm, Men's black amber round beads necklace 10 mm\"},{\"@type\":\"BreadcrumbList\",\"@id\":\"https:\/\/amberwithsilver.com\/product\/vyriski-juodo-gintaro-apvaliu-rutuliuku-karoliai-10-mm\/#breadcrumb\",\"itemListElement\":[{\"@type\":\"ListItem\",\"position\":1,\"name\":\"Home\",\"item\":\"https:\/\/amberwithsilver.com\/\"},{\"@type\":\"ListItem\",\"position\":2,\"name\":\"Parduotuv\u0117\",\"item\":\"https:\/\/amberwithsilver.com\/en\/parduotuve\/\"},{\"@type\":\"ListItem\",\"position\":3,\"name\":\"Vyri\u0161ki juodo gintaro apvali\u0173 rutuliuk\u0173 karoliai 10 mm\"}]},{\"@type\":\"WebSite\",\"@id\":\"https:\/\/amberwithsilver.com\/en\/#website\",\"url\":\"https:\/\/amberwithsilver.com\/en\/\",\"name\":\"AmberWithSilver\",\"description\":\"Amber-Silver\",\"publisher\":{\"@id\":\"https:\/\/amberwithsilver.com\/en\/#organization\"},\"potentialAction\":[{\"@type\":\"SearchAction\",\"target\":{\"@type\":\"EntryPoint\",\"urlTemplate\":\"https:\/\/amberwithsilver.com\/en\/?s={search_term_string}\"},\"query-input\":{\"@type\":\"PropertyValueSpecification\",\"valueRequired\":true,\"valueName\":\"search_term_string\"}}],\"inLanguage\":\"en-US\"},{\"@type\":\"Organization\",\"@id\":\"https:\/\/amberwithsilver.com\/en\/#organization\",\"name\":\"amberwithsilver\",\"url\":\"https:\/\/amberwithsilver.com\/en\/\",\"logo\":{\"@type\":\"ImageObject\",\"inLanguage\":\"en-US\",\"@id\":\"https:\/\/amberwithsilver.com\/en\/#\/schema\/logo\/image\/\",\"url\":\"https:\/\/i0.wp.com\/amberwithsilver.com\/wp-content\/uploads\/2020\/12\/logo.jpg?fit=232%2C116&ssl=1\",\"contentUrl\":\"https:\/\/i0.wp.com\/amberwithsilver.com\/wp-content\/uploads\/2020\/12\/logo.jpg?fit=232%2C116&ssl=1\",\"width\":232,\"height\":116,\"caption\":\"amberwithsilver\"},\"image\":{\"@id\":\"https:\/\/amberwithsilver.com\/en\/#\/schema\/logo\/image\/\"}}]}<\/script>\n<!-- \/ Yoast SEO Premium plugin. -->","yoast_head_json":{"title":"Vyri\u0161ki juodo gintaro apvali\u0173 rutuliuk\u0173 karoliai 10 mm - AmberWithSilver","description":"Men's black amber round bead necklaces 10 mm, Recycled unpolished Baltic amber round beads, Black color, Bead size: ~ 10 mm.","robots":{"index":"index","follow":"follow","max-snippet":"max-snippet:-1","max-image-preview":"max-image-preview:large","max-video-preview":"max-video-preview:-1"},"canonical":"https:\/\/amberwithsilver.com\/en\/product\/vyriski-juodo-gintaro-apvaliu-rutuliuku-karoliai-10-mm\/","og_locale":"en_US","og_type":"article","og_title":"Vyri\u0161ki juodo gintaro apvali\u0173 rutuliuk\u0173 karoliai 10 mm","og_description":"Men's black amber round bead necklaces 10 mm, Recycled unpolished Baltic amber round beads, Black color, Bead size: ~ 10 mm.","og_url":"https:\/\/amberwithsilver.com\/en\/product\/vyriski-juodo-gintaro-apvaliu-rutuliuku-karoliai-10-mm\/","og_site_name":"AmberWithSilver","article_modified_time":"2023-07-27T11:50:37+00:00","og_image":[{"width":800,"height":854,"url":"https:\/\/amberwithsilver.com\/wp-content\/uploads\/2023\/07\/image16.webp","type":"image\/webp"}],"twitter_card":"summary_large_image","twitter_misc":{"Est. reading time":"1 minute"},"schema":{"@context":"https:\/\/schema.org","@graph":[{"@type":"WebPage","@id":"https:\/\/amberwithsilver.com\/product\/vyriski-juodo-gintaro-apvaliu-rutuliuku-karoliai-10-mm\/","url":"https:\/\/amberwithsilver.com\/product\/vyriski-juodo-gintaro-apvaliu-rutuliuku-karoliai-10-mm\/","name":"Vyri\u0161ki juodo gintaro apvali\u0173 rutuliuk\u0173 karoliai 10 mm - AmberWithSilver","isPartOf":{"@id":"https:\/\/amberwithsilver.com\/en\/#website"},"primaryImageOfPage":{"@id":"https:\/\/amberwithsilver.com\/product\/vyriski-juodo-gintaro-apvaliu-rutuliuku-karoliai-10-mm\/#primaryimage"},"image":{"@id":"https:\/\/amberwithsilver.com\/product\/vyriski-juodo-gintaro-apvaliu-rutuliuku-karoliai-10-mm\/#primaryimage"},"thumbnailUrl":"https:\/\/amberwithsilver.com\/wp-content\/uploads\/2023\/07\/image16.webp","datePublished":"2023-07-27T07:46:17+00:00","dateModified":"2023-07-27T11:50:37+00:00","description":"Men's black amber round bead necklaces 10 mm, Recycled unpolished Baltic amber round beads, Black color, Bead size: ~ 10 mm.","breadcrumb":{"@id":"https:\/\/amberwithsilver.com\/product\/vyriski-juodo-gintaro-apvaliu-rutuliuku-karoliai-10-mm\/#breadcrumb"},"inLanguage":"en-US","potentialAction":[{"@type":"ReadAction","target":["https:\/\/amberwithsilver.com\/product\/vyriski-juodo-gintaro-apvaliu-rutuliuku-karoliai-10-mm\/"]}]},{"@type":"ImageObject","inLanguage":"en-US","@id":"https:\/\/amberwithsilver.com\/product\/vyriski-juodo-gintaro-apvaliu-rutuliuku-karoliai-10-mm\/#primaryimage","url":"https:\/\/amberwithsilver.com\/wp-content\/uploads\/2023\/07\/image16.webp","contentUrl":"https:\/\/amberwithsilver.com\/wp-content\/uploads\/2023\/07\/image16.webp","width":800,"height":854,"caption":"Vyri\u0161ki juodo gintaro apvali\u0173 rutuliuk\u0173 karoliai 10 mm, Men's black amber round beads necklace 10 mm"},{"@type":"BreadcrumbList","@id":"https:\/\/amberwithsilver.com\/product\/vyriski-juodo-gintaro-apvaliu-rutuliuku-karoliai-10-mm\/#breadcrumb","itemListElement":[{"@type":"ListItem","position":1,"name":"Home","item":"https:\/\/amberwithsilver.com\/"},{"@type":"ListItem","position":2,"name":"Parduotuv\u0117","item":"https:\/\/amberwithsilver.com\/en\/parduotuve\/"},{"@type":"ListItem","position":3,"name":"Vyri\u0161ki juodo gintaro apvali\u0173 rutuliuk\u0173 karoliai 10 mm"}]},{"@type":"WebSite","@id":"https:\/\/amberwithsilver.com\/en\/#website","url":"https:\/\/amberwithsilver.com\/en\/","name":"AmberWithSilver","description":"Amber-Silver","publisher":{"@id":"https:\/\/amberwithsilver.com\/en\/#organization"},"potentialAction":[{"@type":"SearchAction","target":{"@type":"EntryPoint","urlTemplate":"https:\/\/amberwithsilver.com\/en\/?s={search_term_string}"},"query-input":{"@type":"PropertyValueSpecification","valueRequired":true,"valueName":"search_term_string"}}],"inLanguage":"en-US"},{"@type":"Organization","@id":"https:\/\/amberwithsilver.com\/en\/#organization","name":"amberwithsilver","url":"https:\/\/amberwithsilver.com\/en\/","logo":{"@type":"ImageObject","inLanguage":"en-US","@id":"https:\/\/amberwithsilver.com\/en\/#\/schema\/logo\/image\/","url":"https:\/\/i0.wp.com\/amberwithsilver.com\/wp-content\/uploads\/2020\/12\/logo.jpg?fit=232%2C116&ssl=1","contentUrl":"https:\/\/i0.wp.com\/amberwithsilver.com\/wp-content\/uploads\/2020\/12\/logo.jpg?fit=232%2C116&ssl=1","width":232,"height":116,"caption":"amberwithsilver"},"image":{"@id":"https:\/\/amberwithsilver.com\/en\/#\/schema\/logo\/image\/"}}]}},"jetpack_sharing_enabled":true,"_links":{"self":[{"href":"https:\/\/amberwithsilver.com\/en\/wp-json\/wp\/v2\/product\/2852","targetHints":{"allow":["GET"]}}],"collection":[{"href":"https:\/\/amberwithsilver.com\/en\/wp-json\/wp\/v2\/product"}],"about":[{"href":"https:\/\/amberwithsilver.com\/en\/wp-json\/wp\/v2\/types\/product"}],"replies":[{"embeddable":true,"href":"https:\/\/amberwithsilver.com\/en\/wp-json\/wp\/v2\/comments?post=2852"}],"version-history":[{"count":0,"href":"https:\/\/amberwithsilver.com\/en\/wp-json\/wp\/v2\/product\/2852\/revisions"}],"wp:featuredmedia":[{"embeddable":true,"href":"https:\/\/amberwithsilver.com\/en\/wp-json\/wp\/v2\/media\/2857"}],"wp:attachment":[{"href":"https:\/\/amberwithsilver.com\/en\/wp-json\/wp\/v2\/media?parent=2852"}],"wp:term":[{"taxonomy":"product_brand","embeddable":true,"href":"https:\/\/amberwithsilver.com\/en\/wp-json\/wp\/v2\/product_brand?post=2852"},{"taxonomy":"product_cat","embeddable":true,"href":"https:\/\/amberwithsilver.com\/en\/wp-json\/wp\/v2\/product_cat?post=2852"},{"taxonomy":"product_tag","embeddable":true,"href":"https:\/\/amberwithsilver.com\/en\/wp-json\/wp\/v2\/product_tag?post=2852"}],"curies":[{"name":"wp","href":"https:\/\/api.w.org\/{rel}","templated":true}]}}