{"id":2867,"date":"2023-07-27T15:13:22","date_gmt":"2023-07-27T13:13:22","guid":{"rendered":"http:\/\/amberwithsilver.com\/?post_type=product&#038;p=2867"},"modified":"2023-07-27T15:19:22","modified_gmt":"2023-07-27T13:19:22","slug":"juodo-gintaro-apvaliu-rutuliuku-apyranke-10-mm","status":"publish","type":"product","link":"https:\/\/amberwithsilver.com\/en\/product\/juodo-gintaro-apvaliu-rutuliuku-apyranke-10-mm\/","title":{"rendered":"Black amber round beads stretch bracelet 10 mm"},"content":{"rendered":"<p>Black amber round beads stretch bracelet 10 mm.<\/p>\n<form class=\"cart\" action=\"https:\/\/amberwithsilver.com\/en\/product\/vyriski-juodo-ir-balto-gintaro-apvaliu-rutuliuku-karoliai\/\" enctype=\"multipart\/form-data\" method=\"post\" data-trp-original-action=\"http:\/\/amberwithsilver.com\/product\/vyriski-juodo-ir-balto-gintaro-apvaliu-rutuliuku-karoliai\/\">\n<ul>\n<li class=\"quantity\"><span class=\"VIiyi\" lang=\"lt\"><span class=\"JLqJ4b ChMk0b\" data-language-for-alternatives=\"lt\" data-language-to-translate-into=\"en\" data-phrase-index=\"0\">Recycled unpolished Baltic amber round beads<\/span><\/span><\/li>\n<li>Black color, unpolished<\/li>\n<li>Bead size: ~ 10 mm<\/li>\n<\/ul>\n<p>*Please note that the color of the product may vary slightly from that shown in the photo, depending on the monitor used by the Buyer and the lighting settings in the photos.<\/p>\n<input type=\"hidden\" name=\"trp-form-language\" value=\"en\"\/><\/form>","protected":false},"excerpt":{"rendered":"<p>Black amber round beads stretch bracelet 10 mm.<\/p>\n<form class=\"cart\" action=\"https:\/\/amberwithsilver.com\/en\/product\/vyriski-juodo-ir-balto-gintaro-apvaliu-rutuliuku-karoliai\/\" enctype=\"multipart\/form-data\" method=\"post\" data-trp-original-action=\"http:\/\/amberwithsilver.com\/product\/vyriski-juodo-ir-balto-gintaro-apvaliu-rutuliuku-karoliai\/\">\n<ul>\n<li class=\"quantity\"><span class=\"VIiyi\" lang=\"lt\"><span class=\"JLqJ4b ChMk0b\" data-language-for-alternatives=\"lt\" data-language-to-translate-into=\"en\" data-phrase-index=\"0\">Recycled unpolished Baltic amber round beads<\/span><\/span><\/li>\n<li>Black color, unpolished<\/li>\n<li>Bead size: ~ 10 mm<\/li>\n<\/ul>\n<p>*Please note that the color of the product may vary slightly from that shown in the photo, depending on the monitor used by the Buyer and the lighting settings in the photos.<\/p>\n<input type=\"hidden\" name=\"trp-form-language\" value=\"en\"\/><\/form>","protected":false},"featured_media":2868,"comment_status":"open","ping_status":"closed","template":"","meta":[],"product_brand":[],"product_cat":[59,18,60,58],"product_tag":[489,501,507,554,761,995,996,997],"class_list":{"0":"post-2867","1":"product","2":"type-product","3":"status-publish","4":"has-post-thumbnail","6":"product_cat-gintaro-papuosalai-vyrams","7":"product_cat-gintaro-apyrankes","8":"product_cat-juodo-gintaro-kolekcija","9":"product_cat-kolekcijos","10":"product_tag-black-amber-round-beads-stretch-bracelet-10-mm","11":"product_tag-juodas-gintaras","12":"product_tag-baltijos-gintaras","13":"product_tag-black-amber","14":"product_tag-apyranke-vyrui","15":"product_tag-juodo-gintaro-apvaliu-rutuliuku-apyranke-10-mm","16":"product_tag-apvalaus-gintaro-apyranke","17":"product_tag-vyriska-apyranke","19":"first","20":"instock","21":"taxable","22":"shipping-taxable","23":"purchasable","24":"product-type-variable"},"yoast_head":"<!-- This site is optimized with the Yoast SEO Premium plugin v23.4 (Yoast SEO v26.8) - https:\/\/yoast.com\/product\/yoast-seo-premium-wordpress\/ -->\n<title>Juodo gintaro apvali\u0173 rutuliuk\u0173 apyrank\u0117 10 mm<\/title>\n<meta name=\"description\" content=\"Discover the elegance of a Black Amber Round Bead Bracelet, featuring 10mm beads. Crafted from recycled, unpolished Baltic amber round beads.\" \/>\n<meta name=\"robots\" content=\"index, follow, max-snippet:-1, max-image-preview:large, max-video-preview:-1\" \/>\n<link rel=\"canonical\" href=\"https:\/\/amberwithsilver.com\/en\/product\/juodo-gintaro-apvaliu-rutuliuku-apyranke-10-mm\/\" \/>\n<meta property=\"og:locale\" content=\"en_US\" \/>\n<meta property=\"og:type\" content=\"article\" \/>\n<meta property=\"og:title\" content=\"Juodo gintaro apvali\u0173 rutuliuk\u0173 apyrank\u0117 10 mm\" \/>\n<meta property=\"og:description\" content=\"Discover the elegance of a Black Amber Round Bead Bracelet, featuring 10mm beads. Crafted from recycled, unpolished Baltic amber round beads.\" \/>\n<meta property=\"og:url\" content=\"https:\/\/amberwithsilver.com\/en\/product\/juodo-gintaro-apvaliu-rutuliuku-apyranke-10-mm\/\" \/>\n<meta property=\"og:site_name\" content=\"AmberWithSilver\" \/>\n<meta property=\"article:modified_time\" content=\"2023-07-27T13:19:22+00:00\" \/>\n<meta property=\"og:image\" content=\"https:\/\/amberwithsilver.com\/wp-content\/uploads\/2023\/07\/image17.webp\" \/>\n\t<meta property=\"og:image:width\" content=\"800\" \/>\n\t<meta property=\"og:image:height\" content=\"809\" \/>\n\t<meta property=\"og:image:type\" content=\"image\/webp\" \/>\n<meta name=\"twitter:card\" content=\"summary_large_image\" \/>\n<meta name=\"twitter:label1\" content=\"Est. reading time\" \/>\n\t<meta name=\"twitter:data1\" content=\"1 minute\" \/>\n<script type=\"application\/ld+json\" class=\"yoast-schema-graph\">{\"@context\":\"https:\/\/schema.org\",\"@graph\":[{\"@type\":\"WebPage\",\"@id\":\"https:\/\/amberwithsilver.com\/product\/juodo-gintaro-apvaliu-rutuliuku-apyranke-10-mm\/\",\"url\":\"https:\/\/amberwithsilver.com\/product\/juodo-gintaro-apvaliu-rutuliuku-apyranke-10-mm\/\",\"name\":\"Juodo gintaro apvali\u0173 rutuliuk\u0173 apyrank\u0117 10 mm\",\"isPartOf\":{\"@id\":\"https:\/\/amberwithsilver.com\/en\/#website\"},\"primaryImageOfPage\":{\"@id\":\"https:\/\/amberwithsilver.com\/product\/juodo-gintaro-apvaliu-rutuliuku-apyranke-10-mm\/#primaryimage\"},\"image\":{\"@id\":\"https:\/\/amberwithsilver.com\/product\/juodo-gintaro-apvaliu-rutuliuku-apyranke-10-mm\/#primaryimage\"},\"thumbnailUrl\":\"https:\/\/amberwithsilver.com\/wp-content\/uploads\/2023\/07\/image17.webp\",\"datePublished\":\"2023-07-27T13:13:22+00:00\",\"dateModified\":\"2023-07-27T13:19:22+00:00\",\"description\":\"Discover the elegance of a Black Amber Round Bead Bracelet, featuring 10mm beads. Crafted from recycled, unpolished Baltic amber round beads.\",\"breadcrumb\":{\"@id\":\"https:\/\/amberwithsilver.com\/product\/juodo-gintaro-apvaliu-rutuliuku-apyranke-10-mm\/#breadcrumb\"},\"inLanguage\":\"en-US\",\"potentialAction\":[{\"@type\":\"ReadAction\",\"target\":[\"https:\/\/amberwithsilver.com\/product\/juodo-gintaro-apvaliu-rutuliuku-apyranke-10-mm\/\"]}]},{\"@type\":\"ImageObject\",\"inLanguage\":\"en-US\",\"@id\":\"https:\/\/amberwithsilver.com\/product\/juodo-gintaro-apvaliu-rutuliuku-apyranke-10-mm\/#primaryimage\",\"url\":\"https:\/\/amberwithsilver.com\/wp-content\/uploads\/2023\/07\/image17.webp\",\"contentUrl\":\"https:\/\/amberwithsilver.com\/wp-content\/uploads\/2023\/07\/image17.webp\",\"width\":800,\"height\":809,\"caption\":\"Juodo gintaro apvali\u0173 rutuliuk\u0173 apyrank\u0117 10 mm, Black amber round beads stretch bracelet 10 mm\"},{\"@type\":\"BreadcrumbList\",\"@id\":\"https:\/\/amberwithsilver.com\/product\/juodo-gintaro-apvaliu-rutuliuku-apyranke-10-mm\/#breadcrumb\",\"itemListElement\":[{\"@type\":\"ListItem\",\"position\":1,\"name\":\"Home\",\"item\":\"https:\/\/amberwithsilver.com\/\"},{\"@type\":\"ListItem\",\"position\":2,\"name\":\"Parduotuv\u0117\",\"item\":\"https:\/\/amberwithsilver.com\/en\/parduotuve\/\"},{\"@type\":\"ListItem\",\"position\":3,\"name\":\"Juodo gintaro apvali\u0173 rutuliuk\u0173 apyrank\u0117 10 mm\"}]},{\"@type\":\"WebSite\",\"@id\":\"https:\/\/amberwithsilver.com\/en\/#website\",\"url\":\"https:\/\/amberwithsilver.com\/en\/\",\"name\":\"AmberWithSilver\",\"description\":\"Amber-Silver\",\"publisher\":{\"@id\":\"https:\/\/amberwithsilver.com\/en\/#organization\"},\"potentialAction\":[{\"@type\":\"SearchAction\",\"target\":{\"@type\":\"EntryPoint\",\"urlTemplate\":\"https:\/\/amberwithsilver.com\/en\/?s={search_term_string}\"},\"query-input\":{\"@type\":\"PropertyValueSpecification\",\"valueRequired\":true,\"valueName\":\"search_term_string\"}}],\"inLanguage\":\"en-US\"},{\"@type\":\"Organization\",\"@id\":\"https:\/\/amberwithsilver.com\/en\/#organization\",\"name\":\"amberwithsilver\",\"url\":\"https:\/\/amberwithsilver.com\/en\/\",\"logo\":{\"@type\":\"ImageObject\",\"inLanguage\":\"en-US\",\"@id\":\"https:\/\/amberwithsilver.com\/en\/#\/schema\/logo\/image\/\",\"url\":\"https:\/\/i0.wp.com\/amberwithsilver.com\/wp-content\/uploads\/2020\/12\/logo.jpg?fit=232%2C116&ssl=1\",\"contentUrl\":\"https:\/\/i0.wp.com\/amberwithsilver.com\/wp-content\/uploads\/2020\/12\/logo.jpg?fit=232%2C116&ssl=1\",\"width\":232,\"height\":116,\"caption\":\"amberwithsilver\"},\"image\":{\"@id\":\"https:\/\/amberwithsilver.com\/en\/#\/schema\/logo\/image\/\"}}]}<\/script>\n<!-- \/ Yoast SEO Premium plugin. -->","yoast_head_json":{"title":"Black amber round beads stretch bracelet 10 mm","description":"Discover the elegance of a Black Amber Round Bead Bracelet, featuring 10mm beads. Crafted from recycled, unpolished Baltic amber round beads.","robots":{"index":"index","follow":"follow","max-snippet":"max-snippet:-1","max-image-preview":"max-image-preview:large","max-video-preview":"max-video-preview:-1"},"canonical":"https:\/\/amberwithsilver.com\/en\/product\/juodo-gintaro-apvaliu-rutuliuku-apyranke-10-mm\/","og_locale":"en_US","og_type":"article","og_title":"Juodo gintaro apvali\u0173 rutuliuk\u0173 apyrank\u0117 10 mm","og_description":"Discover the elegance of a Black Amber Round Bead Bracelet, featuring 10mm beads. Crafted from recycled, unpolished Baltic amber round beads.","og_url":"https:\/\/amberwithsilver.com\/en\/product\/juodo-gintaro-apvaliu-rutuliuku-apyranke-10-mm\/","og_site_name":"AmberWithSilver","article_modified_time":"2023-07-27T13:19:22+00:00","og_image":[{"width":800,"height":809,"url":"https:\/\/amberwithsilver.com\/wp-content\/uploads\/2023\/07\/image17.webp","type":"image\/webp"}],"twitter_card":"summary_large_image","twitter_misc":{"Est. reading time":"1 minute"},"schema":{"@context":"https:\/\/schema.org","@graph":[{"@type":"WebPage","@id":"https:\/\/amberwithsilver.com\/product\/juodo-gintaro-apvaliu-rutuliuku-apyranke-10-mm\/","url":"https:\/\/amberwithsilver.com\/product\/juodo-gintaro-apvaliu-rutuliuku-apyranke-10-mm\/","name":"Black amber round beads stretch bracelet 10 mm","isPartOf":{"@id":"https:\/\/amberwithsilver.com\/en\/#website"},"primaryImageOfPage":{"@id":"https:\/\/amberwithsilver.com\/product\/juodo-gintaro-apvaliu-rutuliuku-apyranke-10-mm\/#primaryimage"},"image":{"@id":"https:\/\/amberwithsilver.com\/product\/juodo-gintaro-apvaliu-rutuliuku-apyranke-10-mm\/#primaryimage"},"thumbnailUrl":"https:\/\/amberwithsilver.com\/wp-content\/uploads\/2023\/07\/image17.webp","datePublished":"2023-07-27T13:13:22+00:00","dateModified":"2023-07-27T13:19:22+00:00","description":"Discover the elegance of a Black Amber Round Bead Bracelet, featuring 10mm beads. Crafted from recycled, unpolished Baltic amber round beads.","breadcrumb":{"@id":"https:\/\/amberwithsilver.com\/product\/juodo-gintaro-apvaliu-rutuliuku-apyranke-10-mm\/#breadcrumb"},"inLanguage":"en-US","potentialAction":[{"@type":"ReadAction","target":["https:\/\/amberwithsilver.com\/product\/juodo-gintaro-apvaliu-rutuliuku-apyranke-10-mm\/"]}]},{"@type":"ImageObject","inLanguage":"en-US","@id":"https:\/\/amberwithsilver.com\/product\/juodo-gintaro-apvaliu-rutuliuku-apyranke-10-mm\/#primaryimage","url":"https:\/\/amberwithsilver.com\/wp-content\/uploads\/2023\/07\/image17.webp","contentUrl":"https:\/\/amberwithsilver.com\/wp-content\/uploads\/2023\/07\/image17.webp","width":800,"height":809,"caption":"Juodo gintaro apvali\u0173 rutuliuk\u0173 apyrank\u0117 10 mm, Black amber round beads stretch bracelet 10 mm"},{"@type":"BreadcrumbList","@id":"https:\/\/amberwithsilver.com\/product\/juodo-gintaro-apvaliu-rutuliuku-apyranke-10-mm\/#breadcrumb","itemListElement":[{"@type":"ListItem","position":1,"name":"Home","item":"https:\/\/amberwithsilver.com\/"},{"@type":"ListItem","position":2,"name":"Parduotuv\u0117","item":"https:\/\/amberwithsilver.com\/en\/parduotuve\/"},{"@type":"ListItem","position":3,"name":"Juodo gintaro apvali\u0173 rutuliuk\u0173 apyrank\u0117 10 mm"}]},{"@type":"WebSite","@id":"https:\/\/amberwithsilver.com\/en\/#website","url":"https:\/\/amberwithsilver.com\/en\/","name":"AmberWithSilver","description":"Amber-Silver","publisher":{"@id":"https:\/\/amberwithsilver.com\/en\/#organization"},"potentialAction":[{"@type":"SearchAction","target":{"@type":"EntryPoint","urlTemplate":"https:\/\/amberwithsilver.com\/en\/?s={search_term_string}"},"query-input":{"@type":"PropertyValueSpecification","valueRequired":true,"valueName":"search_term_string"}}],"inLanguage":"en-US"},{"@type":"Organization","@id":"https:\/\/amberwithsilver.com\/en\/#organization","name":"amberwithsilver","url":"https:\/\/amberwithsilver.com\/en\/","logo":{"@type":"ImageObject","inLanguage":"en-US","@id":"https:\/\/amberwithsilver.com\/en\/#\/schema\/logo\/image\/","url":"https:\/\/i0.wp.com\/amberwithsilver.com\/wp-content\/uploads\/2020\/12\/logo.jpg?fit=232%2C116&ssl=1","contentUrl":"https:\/\/i0.wp.com\/amberwithsilver.com\/wp-content\/uploads\/2020\/12\/logo.jpg?fit=232%2C116&ssl=1","width":232,"height":116,"caption":"amberwithsilver"},"image":{"@id":"https:\/\/amberwithsilver.com\/en\/#\/schema\/logo\/image\/"}}]}},"jetpack_sharing_enabled":true,"_links":{"self":[{"href":"https:\/\/amberwithsilver.com\/en\/wp-json\/wp\/v2\/product\/2867","targetHints":{"allow":["GET"]}}],"collection":[{"href":"https:\/\/amberwithsilver.com\/en\/wp-json\/wp\/v2\/product"}],"about":[{"href":"https:\/\/amberwithsilver.com\/en\/wp-json\/wp\/v2\/types\/product"}],"replies":[{"embeddable":true,"href":"https:\/\/amberwithsilver.com\/en\/wp-json\/wp\/v2\/comments?post=2867"}],"version-history":[{"count":0,"href":"https:\/\/amberwithsilver.com\/en\/wp-json\/wp\/v2\/product\/2867\/revisions"}],"wp:featuredmedia":[{"embeddable":true,"href":"https:\/\/amberwithsilver.com\/en\/wp-json\/wp\/v2\/media\/2868"}],"wp:attachment":[{"href":"https:\/\/amberwithsilver.com\/en\/wp-json\/wp\/v2\/media?parent=2867"}],"wp:term":[{"taxonomy":"product_brand","embeddable":true,"href":"https:\/\/amberwithsilver.com\/en\/wp-json\/wp\/v2\/product_brand?post=2867"},{"taxonomy":"product_cat","embeddable":true,"href":"https:\/\/amberwithsilver.com\/en\/wp-json\/wp\/v2\/product_cat?post=2867"},{"taxonomy":"product_tag","embeddable":true,"href":"https:\/\/amberwithsilver.com\/en\/wp-json\/wp\/v2\/product_tag?post=2867"}],"curies":[{"name":"wp","href":"https:\/\/api.w.org\/{rel}","templated":true}]}}