{"id":3091,"date":"2023-09-18T18:48:37","date_gmt":"2023-09-18T16:48:37","guid":{"rendered":"http:\/\/amberwithsilver.com\/?post_type=product&#038;p=3091"},"modified":"2023-09-21T14:04:30","modified_gmt":"2023-09-21T12:04:30","slug":"milky-amber-round-beads-buddhist-mala-8-mm","status":"publish","type":"product","link":"https:\/\/amberwithsilver.com\/en\/product\/milky-amber-round-beads-buddhist-mala-8-mm\/","title":{"rendered":"Milky amber round beads Buddhist Mala 8 mm"},"content":{"rendered":"<p>Milky amber round beads Buddhist Mala 8 mm.  The milky color Mala consists of 108 pieces of amber beads. Mala yellow amber bead rosary is with cherry amber bead inserts. The rosary is on the stretch.<\/p>\n<div class=\"short-description\">\n<ul>\n<li>Round shape Baltic amber beads<\/li>\n<li>Yellow, milky colors<\/li>\n<li>108 pieces of amber beads<\/li>\n<li>Bead size: 8 mm | 0,31 inches<\/li>\n<li>Weight: ~36,4 grams<\/li>\n<\/ul>\n<p>*Please note that the color of the product may vary slightly from that shown in the photo, depending on the monitor used by the Buyer and the lighting settings in the photos.<\/p>\n<\/div>","protected":false},"excerpt":{"rendered":"<p>Milky amber round beads Buddhist Mala 8 mm.  The milky color Mala consists of 108 pieces of amber beads. Mala yellow amber bead rosary is with cherry amber bead inserts. The rosary is on the stretch.<\/p>\n<div class=\"short-description\">\n<ul>\n<li>Round shape Baltic amber beads<\/li>\n<li>Yellow, milky colors<\/li>\n<li>108 pieces of amber beads<\/li>\n<li>Bead size: 8 mm | 0,31 inches<\/li>\n<li>Weight: ~36,4 grams<\/li>\n<\/ul>\n<p>*Please note that the color of the product may vary slightly from that shown in the photo, depending on the monitor used by the Buyer and the lighting settings in the photos.<\/p>\n<\/div>","protected":false},"featured_media":3094,"comment_status":"open","ping_status":"closed","template":"","meta":[],"product_brand":[],"product_cat":[40,23],"product_tag":[1027,1028,1036,1037,1038,1039,1040,1041,1042],"class_list":{"0":"post-3091","1":"product","2":"type-product","3":"status-publish","4":"has-post-thumbnail","6":"product_cat-budistu-gintaro-roziniai","7":"product_cat-gintariniai-maldos-karoliai","8":"product_tag-budistu-geltono-gintaro-rozinis-mala-8-mm","9":"product_tag-amber-round-beads-buddhist-mala","10":"product_tag-amber-rosary-mala","11":"product_tag-amber-prayer-beads","12":"product_tag-prayer-beads-mala","13":"product_tag-buddhist-mala","14":"product_tag-milky-amber-round-beads-buddhist-mala","15":"product_tag-tibetan-amber-round-beads-buddhist-mala","16":"product_tag-buddhist-prayer-beads-mala","18":"first","19":"instock","20":"taxable","21":"shipping-taxable","22":"purchasable","23":"product-type-simple"},"yoast_head":"<!-- This site is optimized with the Yoast SEO Premium plugin v23.4 (Yoast SEO v26.8) - https:\/\/yoast.com\/product\/yoast-seo-premium-wordpress\/ -->\n<title>Budist\u0173 geltono gintaro ro\u017einis Mala 8 mm<\/title>\n<meta name=\"description\" content=\"Budist\u0173 geltono gintaro ro\u017einis Mala 8 mm, Milky amber round beads Buddhist Mala,Tibetan amber round beads Buddhist Mala,Buddhist Prayer Beads Mala\" \/>\n<meta name=\"robots\" content=\"index, follow, max-snippet:-1, max-image-preview:large, max-video-preview:-1\" \/>\n<link rel=\"canonical\" href=\"https:\/\/amberwithsilver.com\/en\/product\/milky-amber-round-beads-buddhist-mala-8-mm\/\" \/>\n<meta property=\"og:locale\" content=\"en_US\" \/>\n<meta property=\"og:type\" content=\"article\" \/>\n<meta property=\"og:title\" content=\"Budist\u0173 geltono gintaro ro\u017einis Mala 8 mm\" \/>\n<meta property=\"og:description\" content=\"Budist\u0173 geltono gintaro ro\u017einis Mala 8 mm, Milky amber round beads Buddhist Mala,Tibetan amber round beads Buddhist Mala,Buddhist Prayer Beads Mala\" \/>\n<meta property=\"og:url\" content=\"https:\/\/amberwithsilver.com\/en\/product\/milky-amber-round-beads-buddhist-mala-8-mm\/\" \/>\n<meta property=\"og:site_name\" content=\"AmberWithSilver\" \/>\n<meta property=\"article:modified_time\" content=\"2023-09-21T12:04:30+00:00\" \/>\n<meta property=\"og:image\" content=\"https:\/\/amberwithsilver.com\/wp-content\/uploads\/2023\/09\/IMG_9540.webp\" \/>\n\t<meta property=\"og:image:width\" content=\"800\" \/>\n\t<meta property=\"og:image:height\" content=\"800\" \/>\n\t<meta property=\"og:image:type\" content=\"image\/webp\" \/>\n<meta name=\"twitter:card\" content=\"summary_large_image\" \/>\n<meta name=\"twitter:label1\" content=\"Est. reading time\" \/>\n\t<meta name=\"twitter:data1\" content=\"1 minute\" \/>\n<script type=\"application\/ld+json\" class=\"yoast-schema-graph\">{\"@context\":\"https:\/\/schema.org\",\"@graph\":[{\"@type\":\"WebPage\",\"@id\":\"https:\/\/amberwithsilver.com\/product\/milky-amber-round-beads-buddhist-mala-8-mm\/\",\"url\":\"https:\/\/amberwithsilver.com\/product\/milky-amber-round-beads-buddhist-mala-8-mm\/\",\"name\":\"Budist\u0173 geltono gintaro ro\u017einis Mala 8 mm\",\"isPartOf\":{\"@id\":\"https:\/\/amberwithsilver.com\/en\/#website\"},\"primaryImageOfPage\":{\"@id\":\"https:\/\/amberwithsilver.com\/product\/milky-amber-round-beads-buddhist-mala-8-mm\/#primaryimage\"},\"image\":{\"@id\":\"https:\/\/amberwithsilver.com\/product\/milky-amber-round-beads-buddhist-mala-8-mm\/#primaryimage\"},\"thumbnailUrl\":\"https:\/\/amberwithsilver.com\/wp-content\/uploads\/2023\/09\/IMG_9540.webp\",\"datePublished\":\"2023-09-18T16:48:37+00:00\",\"dateModified\":\"2023-09-21T12:04:30+00:00\",\"description\":\"Budist\u0173 geltono gintaro ro\u017einis Mala 8 mm, Milky amber round beads Buddhist Mala,Tibetan amber round beads Buddhist Mala,Buddhist Prayer Beads Mala\",\"breadcrumb\":{\"@id\":\"https:\/\/amberwithsilver.com\/product\/milky-amber-round-beads-buddhist-mala-8-mm\/#breadcrumb\"},\"inLanguage\":\"en-US\",\"potentialAction\":[{\"@type\":\"ReadAction\",\"target\":[\"https:\/\/amberwithsilver.com\/product\/milky-amber-round-beads-buddhist-mala-8-mm\/\"]}]},{\"@type\":\"ImageObject\",\"inLanguage\":\"en-US\",\"@id\":\"https:\/\/amberwithsilver.com\/product\/milky-amber-round-beads-buddhist-mala-8-mm\/#primaryimage\",\"url\":\"https:\/\/amberwithsilver.com\/wp-content\/uploads\/2023\/09\/IMG_9540.webp\",\"contentUrl\":\"https:\/\/amberwithsilver.com\/wp-content\/uploads\/2023\/09\/IMG_9540.webp\",\"width\":800,\"height\":800,\"caption\":\"Budist\u0173 geltono gintaro ro\u017einis Mala 8 mm,, Milky amber round beads Buddhist Mala 8 mm\"},{\"@type\":\"BreadcrumbList\",\"@id\":\"https:\/\/amberwithsilver.com\/product\/milky-amber-round-beads-buddhist-mala-8-mm\/#breadcrumb\",\"itemListElement\":[{\"@type\":\"ListItem\",\"position\":1,\"name\":\"Home\",\"item\":\"https:\/\/amberwithsilver.com\/\"},{\"@type\":\"ListItem\",\"position\":2,\"name\":\"Parduotuv\u0117\",\"item\":\"https:\/\/amberwithsilver.com\/en\/parduotuve\/\"},{\"@type\":\"ListItem\",\"position\":3,\"name\":\"Budist\u0173 geltono gintaro ro\u017einis Mala 8 mm\"}]},{\"@type\":\"WebSite\",\"@id\":\"https:\/\/amberwithsilver.com\/en\/#website\",\"url\":\"https:\/\/amberwithsilver.com\/en\/\",\"name\":\"AmberWithSilver\",\"description\":\"Amber-Silver\",\"publisher\":{\"@id\":\"https:\/\/amberwithsilver.com\/en\/#organization\"},\"potentialAction\":[{\"@type\":\"SearchAction\",\"target\":{\"@type\":\"EntryPoint\",\"urlTemplate\":\"https:\/\/amberwithsilver.com\/en\/?s={search_term_string}\"},\"query-input\":{\"@type\":\"PropertyValueSpecification\",\"valueRequired\":true,\"valueName\":\"search_term_string\"}}],\"inLanguage\":\"en-US\"},{\"@type\":\"Organization\",\"@id\":\"https:\/\/amberwithsilver.com\/en\/#organization\",\"name\":\"amberwithsilver\",\"url\":\"https:\/\/amberwithsilver.com\/en\/\",\"logo\":{\"@type\":\"ImageObject\",\"inLanguage\":\"en-US\",\"@id\":\"https:\/\/amberwithsilver.com\/en\/#\/schema\/logo\/image\/\",\"url\":\"https:\/\/i0.wp.com\/amberwithsilver.com\/wp-content\/uploads\/2020\/12\/logo.jpg?fit=232%2C116&ssl=1\",\"contentUrl\":\"https:\/\/i0.wp.com\/amberwithsilver.com\/wp-content\/uploads\/2020\/12\/logo.jpg?fit=232%2C116&ssl=1\",\"width\":232,\"height\":116,\"caption\":\"amberwithsilver\"},\"image\":{\"@id\":\"https:\/\/amberwithsilver.com\/en\/#\/schema\/logo\/image\/\"}}]}<\/script>\n<!-- \/ Yoast SEO Premium plugin. -->","yoast_head_json":{"title":"Milky amber round beads Buddhist Mala 8 mm","description":"Budist\u0173 geltono gintaro ro\u017einis Mala 8 mm, Milky amber round beads Buddhist Mala,Tibetan amber round beads Buddhist Mala,Buddhist Prayer Beads Mala","robots":{"index":"index","follow":"follow","max-snippet":"max-snippet:-1","max-image-preview":"max-image-preview:large","max-video-preview":"max-video-preview:-1"},"canonical":"https:\/\/amberwithsilver.com\/en\/product\/milky-amber-round-beads-buddhist-mala-8-mm\/","og_locale":"en_US","og_type":"article","og_title":"Budist\u0173 geltono gintaro ro\u017einis Mala 8 mm","og_description":"Budist\u0173 geltono gintaro ro\u017einis Mala 8 mm, Milky amber round beads Buddhist Mala,Tibetan amber round beads Buddhist Mala,Buddhist Prayer Beads Mala","og_url":"https:\/\/amberwithsilver.com\/en\/product\/milky-amber-round-beads-buddhist-mala-8-mm\/","og_site_name":"AmberWithSilver","article_modified_time":"2023-09-21T12:04:30+00:00","og_image":[{"width":800,"height":800,"url":"https:\/\/amberwithsilver.com\/wp-content\/uploads\/2023\/09\/IMG_9540.webp","type":"image\/webp"}],"twitter_card":"summary_large_image","twitter_misc":{"Est. reading time":"1 minute"},"schema":{"@context":"https:\/\/schema.org","@graph":[{"@type":"WebPage","@id":"https:\/\/amberwithsilver.com\/product\/milky-amber-round-beads-buddhist-mala-8-mm\/","url":"https:\/\/amberwithsilver.com\/product\/milky-amber-round-beads-buddhist-mala-8-mm\/","name":"Milky amber round beads Buddhist Mala 8 mm","isPartOf":{"@id":"https:\/\/amberwithsilver.com\/en\/#website"},"primaryImageOfPage":{"@id":"https:\/\/amberwithsilver.com\/product\/milky-amber-round-beads-buddhist-mala-8-mm\/#primaryimage"},"image":{"@id":"https:\/\/amberwithsilver.com\/product\/milky-amber-round-beads-buddhist-mala-8-mm\/#primaryimage"},"thumbnailUrl":"https:\/\/amberwithsilver.com\/wp-content\/uploads\/2023\/09\/IMG_9540.webp","datePublished":"2023-09-18T16:48:37+00:00","dateModified":"2023-09-21T12:04:30+00:00","description":"Budist\u0173 geltono gintaro ro\u017einis Mala 8 mm, Milky amber round beads Buddhist Mala,Tibetan amber round beads Buddhist Mala,Buddhist Prayer Beads Mala","breadcrumb":{"@id":"https:\/\/amberwithsilver.com\/product\/milky-amber-round-beads-buddhist-mala-8-mm\/#breadcrumb"},"inLanguage":"en-US","potentialAction":[{"@type":"ReadAction","target":["https:\/\/amberwithsilver.com\/product\/milky-amber-round-beads-buddhist-mala-8-mm\/"]}]},{"@type":"ImageObject","inLanguage":"en-US","@id":"https:\/\/amberwithsilver.com\/product\/milky-amber-round-beads-buddhist-mala-8-mm\/#primaryimage","url":"https:\/\/amberwithsilver.com\/wp-content\/uploads\/2023\/09\/IMG_9540.webp","contentUrl":"https:\/\/amberwithsilver.com\/wp-content\/uploads\/2023\/09\/IMG_9540.webp","width":800,"height":800,"caption":"Budist\u0173 geltono gintaro ro\u017einis Mala 8 mm,, Milky amber round beads Buddhist Mala 8 mm"},{"@type":"BreadcrumbList","@id":"https:\/\/amberwithsilver.com\/product\/milky-amber-round-beads-buddhist-mala-8-mm\/#breadcrumb","itemListElement":[{"@type":"ListItem","position":1,"name":"Home","item":"https:\/\/amberwithsilver.com\/"},{"@type":"ListItem","position":2,"name":"Parduotuv\u0117","item":"https:\/\/amberwithsilver.com\/en\/parduotuve\/"},{"@type":"ListItem","position":3,"name":"Budist\u0173 geltono gintaro ro\u017einis Mala 8 mm"}]},{"@type":"WebSite","@id":"https:\/\/amberwithsilver.com\/en\/#website","url":"https:\/\/amberwithsilver.com\/en\/","name":"AmberWithSilver","description":"Amber-Silver","publisher":{"@id":"https:\/\/amberwithsilver.com\/en\/#organization"},"potentialAction":[{"@type":"SearchAction","target":{"@type":"EntryPoint","urlTemplate":"https:\/\/amberwithsilver.com\/en\/?s={search_term_string}"},"query-input":{"@type":"PropertyValueSpecification","valueRequired":true,"valueName":"search_term_string"}}],"inLanguage":"en-US"},{"@type":"Organization","@id":"https:\/\/amberwithsilver.com\/en\/#organization","name":"amberwithsilver","url":"https:\/\/amberwithsilver.com\/en\/","logo":{"@type":"ImageObject","inLanguage":"en-US","@id":"https:\/\/amberwithsilver.com\/en\/#\/schema\/logo\/image\/","url":"https:\/\/i0.wp.com\/amberwithsilver.com\/wp-content\/uploads\/2020\/12\/logo.jpg?fit=232%2C116&ssl=1","contentUrl":"https:\/\/i0.wp.com\/amberwithsilver.com\/wp-content\/uploads\/2020\/12\/logo.jpg?fit=232%2C116&ssl=1","width":232,"height":116,"caption":"amberwithsilver"},"image":{"@id":"https:\/\/amberwithsilver.com\/en\/#\/schema\/logo\/image\/"}}]}},"jetpack_sharing_enabled":true,"_links":{"self":[{"href":"https:\/\/amberwithsilver.com\/en\/wp-json\/wp\/v2\/product\/3091","targetHints":{"allow":["GET"]}}],"collection":[{"href":"https:\/\/amberwithsilver.com\/en\/wp-json\/wp\/v2\/product"}],"about":[{"href":"https:\/\/amberwithsilver.com\/en\/wp-json\/wp\/v2\/types\/product"}],"replies":[{"embeddable":true,"href":"https:\/\/amberwithsilver.com\/en\/wp-json\/wp\/v2\/comments?post=3091"}],"version-history":[{"count":0,"href":"https:\/\/amberwithsilver.com\/en\/wp-json\/wp\/v2\/product\/3091\/revisions"}],"wp:featuredmedia":[{"embeddable":true,"href":"https:\/\/amberwithsilver.com\/en\/wp-json\/wp\/v2\/media\/3094"}],"wp:attachment":[{"href":"https:\/\/amberwithsilver.com\/en\/wp-json\/wp\/v2\/media?parent=3091"}],"wp:term":[{"taxonomy":"product_brand","embeddable":true,"href":"https:\/\/amberwithsilver.com\/en\/wp-json\/wp\/v2\/product_brand?post=3091"},{"taxonomy":"product_cat","embeddable":true,"href":"https:\/\/amberwithsilver.com\/en\/wp-json\/wp\/v2\/product_cat?post=3091"},{"taxonomy":"product_tag","embeddable":true,"href":"https:\/\/amberwithsilver.com\/en\/wp-json\/wp\/v2\/product_tag?post=3091"}],"curies":[{"name":"wp","href":"https:\/\/api.w.org\/{rel}","templated":true}]}}