{"id":3111,"date":"2023-09-20T21:13:39","date_gmt":"2023-09-20T19:13:39","guid":{"rendered":"http:\/\/amberwithsilver.com\/?post_type=product&#038;p=3111"},"modified":"2024-05-30T01:17:34","modified_gmt":"2024-05-29T23:17:34","slug":"melsvo-gintaro-apvalus-reguliuojamas-ziedas","status":"publish","type":"product","link":"https:\/\/amberwithsilver.com\/en\/product\/melsvo-gintaro-apvalus-reguliuojamas-ziedas\/","title":{"rendered":"Blue amber round bead adjustable ring"},"content":{"rendered":"<p>Blue amber round bead adjustable ring<\/p>\n<ul>\n<li>Natural Baltic amber<\/li>\n<li>Metal<\/li>\n<li>Size: 16,5 (adjustable)<\/li>\n<li>Color: blue, white, black<\/li>\n<li>Weight: ~ 2,60 grams<\/li>\n<li>The size of amber: ~ 10 mm<\/li>\n<\/ul>\n<p><span class=\"VIiyi\" lang=\"lt\"><span class=\"JLqJ4b ChMk0b\" data-language-for-alternatives=\"lt\" data-language-to-translate-into=\"en\" data-phrase-index=\"2\">*Please note as with all natural gemstones the color may vary slightly from the photo shown.<\/span><\/span><\/p>","protected":false},"excerpt":{"rendered":"<p>Blue amber round bead adjustable ring<\/p>\n<ul>\n<li>Natural Baltic amber<\/li>\n<li>Metal<\/li>\n<li>Size: 16,5 (adjustable)<\/li>\n<li>Color: blue, white, black<\/li>\n<li>Weight: ~ 2,60 grams<\/li>\n<li>The size of amber: ~ 10 mm<\/li>\n<\/ul>\n<p><span class=\"VIiyi\" lang=\"lt\"><span class=\"JLqJ4b ChMk0b\" data-language-for-alternatives=\"lt\" data-language-to-translate-into=\"en\" data-phrase-index=\"2\">*Please note as with all natural gemstones the color may vary slightly from the photo shown.<\/span><\/span><\/p>","protected":false},"featured_media":3113,"comment_status":"open","ping_status":"closed","template":"","meta":[],"product_brand":[],"product_cat":[22],"product_tag":[1049,1050,928,949,1034,1035,1046,1047,1048],"class_list":{"0":"post-3111","1":"product","2":"type-product","3":"status-publish","4":"has-post-thumbnail","6":"product_cat-gintaro-ziedai","7":"product_tag-ziedas-su-sidabru","8":"product_tag-gintaras-ir-sidabras","9":"product_tag-amber-ring","10":"product_tag-baltijos-gintaro-ziedas","11":"product_tag-melsvo-gintaro-apvalus-reguliuojamas-ziedas-sidabras-925","12":"product_tag-blue-amber-round-bead-adjustable-ring-sterling-silver","13":"product_tag-gintarinis-ziedas","14":"product_tag-natural-blue-color","15":"product_tag-round-bead-amber-ring","17":"first","18":"outofstock","19":"taxable","20":"shipping-taxable","21":"purchasable","22":"product-type-simple"},"yoast_head":"<!-- This site is optimized with the Yoast SEO Premium plugin v23.4 (Yoast SEO v27.4) - https:\/\/yoast.com\/product\/yoast-seo-premium-wordpress\/ -->\n<title>Blue amber round bead adjustable ring<\/title>\n<meta name=\"description\" content=\"Melsvo gintaro apvalus reguliuojamas \u017eiedas, Blue amber round bead adjustable ring Sterling silver, apvalaus rutuliuko \u017eiedas, \u017eiedai su gintaru\" \/>\n<meta name=\"robots\" content=\"index, follow, max-snippet:-1, max-image-preview:large, max-video-preview:-1\" \/>\n<link rel=\"canonical\" href=\"https:\/\/amberwithsilver.com\/en\/product\/melsvo-gintaro-apvalus-reguliuojamas-ziedas\/\" \/>\n<meta property=\"og:locale\" content=\"en_US\" \/>\n<meta property=\"og:type\" content=\"article\" \/>\n<meta property=\"og:title\" content=\"Melsvo gintaro apvalus reguliuojamas \u017eiedas\" \/>\n<meta property=\"og:description\" content=\"Melsvo gintaro apvalus reguliuojamas \u017eiedas, Blue amber round bead adjustable ring Sterling silver, apvalaus rutuliuko \u017eiedas, \u017eiedai su gintaru\" \/>\n<meta property=\"og:url\" content=\"https:\/\/amberwithsilver.com\/en\/product\/melsvo-gintaro-apvalus-reguliuojamas-ziedas\/\" \/>\n<meta property=\"og:site_name\" content=\"AmberWithSilver\" \/>\n<meta property=\"article:modified_time\" content=\"2024-05-29T23:17:34+00:00\" \/>\n<meta property=\"og:image\" content=\"https:\/\/amberwithsilver.com\/wp-content\/uploads\/2023\/09\/image110.webp\" \/>\n\t<meta property=\"og:image:width\" content=\"800\" \/>\n\t<meta property=\"og:image:height\" content=\"776\" \/>\n\t<meta property=\"og:image:type\" content=\"image\/webp\" \/>\n<meta name=\"twitter:card\" content=\"summary_large_image\" \/>\n<meta name=\"twitter:label1\" content=\"Est. reading time\" \/>\n\t<meta name=\"twitter:data1\" content=\"1 minute\" \/>\n<script type=\"application\/ld+json\" class=\"yoast-schema-graph\">{\"@context\":\"https:\\\/\\\/schema.org\",\"@graph\":[{\"@type\":\"WebPage\",\"@id\":\"https:\\\/\\\/amberwithsilver.com\\\/product\\\/melsvo-gintaro-apvalus-reguliuojamas-ziedas\\\/\",\"url\":\"https:\\\/\\\/amberwithsilver.com\\\/product\\\/melsvo-gintaro-apvalus-reguliuojamas-ziedas\\\/\",\"name\":\"Blue amber round bead adjustable ring\",\"isPartOf\":{\"@id\":\"https:\\\/\\\/amberwithsilver.com\\\/en\\\/#website\"},\"primaryImageOfPage\":{\"@id\":\"https:\\\/\\\/amberwithsilver.com\\\/product\\\/melsvo-gintaro-apvalus-reguliuojamas-ziedas\\\/#primaryimage\"},\"image\":{\"@id\":\"https:\\\/\\\/amberwithsilver.com\\\/product\\\/melsvo-gintaro-apvalus-reguliuojamas-ziedas\\\/#primaryimage\"},\"thumbnailUrl\":\"https:\\\/\\\/amberwithsilver.com\\\/wp-content\\\/uploads\\\/2023\\\/09\\\/image110.webp\",\"datePublished\":\"2023-09-20T19:13:39+00:00\",\"dateModified\":\"2024-05-29T23:17:34+00:00\",\"description\":\"Melsvo gintaro apvalus reguliuojamas \u017eiedas, Blue amber round bead adjustable ring Sterling silver, apvalaus rutuliuko \u017eiedas, \u017eiedai su gintaru\",\"breadcrumb\":{\"@id\":\"https:\\\/\\\/amberwithsilver.com\\\/product\\\/melsvo-gintaro-apvalus-reguliuojamas-ziedas\\\/#breadcrumb\"},\"inLanguage\":\"en-US\",\"potentialAction\":[{\"@type\":\"ReadAction\",\"target\":[\"https:\\\/\\\/amberwithsilver.com\\\/product\\\/melsvo-gintaro-apvalus-reguliuojamas-ziedas\\\/\"]}]},{\"@type\":\"ImageObject\",\"inLanguage\":\"en-US\",\"@id\":\"https:\\\/\\\/amberwithsilver.com\\\/product\\\/melsvo-gintaro-apvalus-reguliuojamas-ziedas\\\/#primaryimage\",\"url\":\"https:\\\/\\\/amberwithsilver.com\\\/wp-content\\\/uploads\\\/2023\\\/09\\\/image110.webp\",\"contentUrl\":\"https:\\\/\\\/amberwithsilver.com\\\/wp-content\\\/uploads\\\/2023\\\/09\\\/image110.webp\",\"width\":800,\"height\":776,\"caption\":\"Melsvo gintaro apvalus reguliuojamas \u017eiedas Sidabras 925, Blue amber round bead adjustable ring Sterling silver\"},{\"@type\":\"BreadcrumbList\",\"@id\":\"https:\\\/\\\/amberwithsilver.com\\\/product\\\/melsvo-gintaro-apvalus-reguliuojamas-ziedas\\\/#breadcrumb\",\"itemListElement\":[{\"@type\":\"ListItem\",\"position\":1,\"name\":\"Home\",\"item\":\"https:\\\/\\\/amberwithsilver.com\\\/\"},{\"@type\":\"ListItem\",\"position\":2,\"name\":\"Parduotuv\u0117\",\"item\":\"https:\\\/\\\/amberwithsilver.com\\\/en\\\/parduotuve\\\/\"},{\"@type\":\"ListItem\",\"position\":3,\"name\":\"Melsvo gintaro apvalus reguliuojamas \u017eiedas\"}]},{\"@type\":\"WebSite\",\"@id\":\"https:\\\/\\\/amberwithsilver.com\\\/en\\\/#website\",\"url\":\"https:\\\/\\\/amberwithsilver.com\\\/en\\\/\",\"name\":\"AmberWithSilver\",\"description\":\"Amber-Silver\",\"publisher\":{\"@id\":\"https:\\\/\\\/amberwithsilver.com\\\/en\\\/#organization\"},\"potentialAction\":[{\"@type\":\"SearchAction\",\"target\":{\"@type\":\"EntryPoint\",\"urlTemplate\":\"https:\\\/\\\/amberwithsilver.com\\\/en\\\/?s={search_term_string}\"},\"query-input\":{\"@type\":\"PropertyValueSpecification\",\"valueRequired\":true,\"valueName\":\"search_term_string\"}}],\"inLanguage\":\"en-US\"},{\"@type\":\"Organization\",\"@id\":\"https:\\\/\\\/amberwithsilver.com\\\/en\\\/#organization\",\"name\":\"amberwithsilver\",\"url\":\"https:\\\/\\\/amberwithsilver.com\\\/en\\\/\",\"logo\":{\"@type\":\"ImageObject\",\"inLanguage\":\"en-US\",\"@id\":\"https:\\\/\\\/amberwithsilver.com\\\/en\\\/#\\\/schema\\\/logo\\\/image\\\/\",\"url\":\"https:\\\/\\\/i0.wp.com\\\/amberwithsilver.com\\\/wp-content\\\/uploads\\\/2020\\\/12\\\/logo.jpg?fit=232%2C116&ssl=1\",\"contentUrl\":\"https:\\\/\\\/i0.wp.com\\\/amberwithsilver.com\\\/wp-content\\\/uploads\\\/2020\\\/12\\\/logo.jpg?fit=232%2C116&ssl=1\",\"width\":232,\"height\":116,\"caption\":\"amberwithsilver\"},\"image\":{\"@id\":\"https:\\\/\\\/amberwithsilver.com\\\/en\\\/#\\\/schema\\\/logo\\\/image\\\/\"}}]}<\/script>\n<!-- \/ Yoast SEO Premium plugin. -->","yoast_head_json":{"title":"Blue amber round bead adjustable ring","description":"Melsvo gintaro apvalus reguliuojamas \u017eiedas, Blue amber round bead adjustable ring Sterling silver, apvalaus rutuliuko \u017eiedas, \u017eiedai su gintaru","robots":{"index":"index","follow":"follow","max-snippet":"max-snippet:-1","max-image-preview":"max-image-preview:large","max-video-preview":"max-video-preview:-1"},"canonical":"https:\/\/amberwithsilver.com\/en\/product\/melsvo-gintaro-apvalus-reguliuojamas-ziedas\/","og_locale":"en_US","og_type":"article","og_title":"Melsvo gintaro apvalus reguliuojamas \u017eiedas","og_description":"Melsvo gintaro apvalus reguliuojamas \u017eiedas, Blue amber round bead adjustable ring Sterling silver, apvalaus rutuliuko \u017eiedas, \u017eiedai su gintaru","og_url":"https:\/\/amberwithsilver.com\/en\/product\/melsvo-gintaro-apvalus-reguliuojamas-ziedas\/","og_site_name":"AmberWithSilver","article_modified_time":"2024-05-29T23:17:34+00:00","og_image":[{"width":800,"height":776,"url":"https:\/\/amberwithsilver.com\/wp-content\/uploads\/2023\/09\/image110.webp","type":"image\/webp"}],"twitter_card":"summary_large_image","twitter_misc":{"Est. reading time":"1 minute"},"schema":{"@context":"https:\/\/schema.org","@graph":[{"@type":"WebPage","@id":"https:\/\/amberwithsilver.com\/product\/melsvo-gintaro-apvalus-reguliuojamas-ziedas\/","url":"https:\/\/amberwithsilver.com\/product\/melsvo-gintaro-apvalus-reguliuojamas-ziedas\/","name":"Blue amber round bead adjustable ring","isPartOf":{"@id":"https:\/\/amberwithsilver.com\/en\/#website"},"primaryImageOfPage":{"@id":"https:\/\/amberwithsilver.com\/product\/melsvo-gintaro-apvalus-reguliuojamas-ziedas\/#primaryimage"},"image":{"@id":"https:\/\/amberwithsilver.com\/product\/melsvo-gintaro-apvalus-reguliuojamas-ziedas\/#primaryimage"},"thumbnailUrl":"https:\/\/amberwithsilver.com\/wp-content\/uploads\/2023\/09\/image110.webp","datePublished":"2023-09-20T19:13:39+00:00","dateModified":"2024-05-29T23:17:34+00:00","description":"Melsvo gintaro apvalus reguliuojamas \u017eiedas, Blue amber round bead adjustable ring Sterling silver, apvalaus rutuliuko \u017eiedas, \u017eiedai su gintaru","breadcrumb":{"@id":"https:\/\/amberwithsilver.com\/product\/melsvo-gintaro-apvalus-reguliuojamas-ziedas\/#breadcrumb"},"inLanguage":"en-US","potentialAction":[{"@type":"ReadAction","target":["https:\/\/amberwithsilver.com\/product\/melsvo-gintaro-apvalus-reguliuojamas-ziedas\/"]}]},{"@type":"ImageObject","inLanguage":"en-US","@id":"https:\/\/amberwithsilver.com\/product\/melsvo-gintaro-apvalus-reguliuojamas-ziedas\/#primaryimage","url":"https:\/\/amberwithsilver.com\/wp-content\/uploads\/2023\/09\/image110.webp","contentUrl":"https:\/\/amberwithsilver.com\/wp-content\/uploads\/2023\/09\/image110.webp","width":800,"height":776,"caption":"Melsvo gintaro apvalus reguliuojamas \u017eiedas Sidabras 925, Blue amber round bead adjustable ring Sterling silver"},{"@type":"BreadcrumbList","@id":"https:\/\/amberwithsilver.com\/product\/melsvo-gintaro-apvalus-reguliuojamas-ziedas\/#breadcrumb","itemListElement":[{"@type":"ListItem","position":1,"name":"Home","item":"https:\/\/amberwithsilver.com\/"},{"@type":"ListItem","position":2,"name":"Parduotuv\u0117","item":"https:\/\/amberwithsilver.com\/en\/parduotuve\/"},{"@type":"ListItem","position":3,"name":"Melsvo gintaro apvalus reguliuojamas \u017eiedas"}]},{"@type":"WebSite","@id":"https:\/\/amberwithsilver.com\/en\/#website","url":"https:\/\/amberwithsilver.com\/en\/","name":"AmberWithSilver","description":"Amber-Silver","publisher":{"@id":"https:\/\/amberwithsilver.com\/en\/#organization"},"potentialAction":[{"@type":"SearchAction","target":{"@type":"EntryPoint","urlTemplate":"https:\/\/amberwithsilver.com\/en\/?s={search_term_string}"},"query-input":{"@type":"PropertyValueSpecification","valueRequired":true,"valueName":"search_term_string"}}],"inLanguage":"en-US"},{"@type":"Organization","@id":"https:\/\/amberwithsilver.com\/en\/#organization","name":"amberwithsilver","url":"https:\/\/amberwithsilver.com\/en\/","logo":{"@type":"ImageObject","inLanguage":"en-US","@id":"https:\/\/amberwithsilver.com\/en\/#\/schema\/logo\/image\/","url":"https:\/\/i0.wp.com\/amberwithsilver.com\/wp-content\/uploads\/2020\/12\/logo.jpg?fit=232%2C116&ssl=1","contentUrl":"https:\/\/i0.wp.com\/amberwithsilver.com\/wp-content\/uploads\/2020\/12\/logo.jpg?fit=232%2C116&ssl=1","width":232,"height":116,"caption":"amberwithsilver"},"image":{"@id":"https:\/\/amberwithsilver.com\/en\/#\/schema\/logo\/image\/"}}]}},"jetpack_sharing_enabled":true,"_links":{"self":[{"href":"https:\/\/amberwithsilver.com\/en\/wp-json\/wp\/v2\/product\/3111","targetHints":{"allow":["GET"]}}],"collection":[{"href":"https:\/\/amberwithsilver.com\/en\/wp-json\/wp\/v2\/product"}],"about":[{"href":"https:\/\/amberwithsilver.com\/en\/wp-json\/wp\/v2\/types\/product"}],"replies":[{"embeddable":true,"href":"https:\/\/amberwithsilver.com\/en\/wp-json\/wp\/v2\/comments?post=3111"}],"version-history":[{"count":0,"href":"https:\/\/amberwithsilver.com\/en\/wp-json\/wp\/v2\/product\/3111\/revisions"}],"wp:featuredmedia":[{"embeddable":true,"href":"https:\/\/amberwithsilver.com\/en\/wp-json\/wp\/v2\/media\/3113"}],"wp:attachment":[{"href":"https:\/\/amberwithsilver.com\/en\/wp-json\/wp\/v2\/media?parent=3111"}],"wp:term":[{"taxonomy":"product_brand","embeddable":true,"href":"https:\/\/amberwithsilver.com\/en\/wp-json\/wp\/v2\/product_brand?post=3111"},{"taxonomy":"product_cat","embeddable":true,"href":"https:\/\/amberwithsilver.com\/en\/wp-json\/wp\/v2\/product_cat?post=3111"},{"taxonomy":"product_tag","embeddable":true,"href":"https:\/\/amberwithsilver.com\/en\/wp-json\/wp\/v2\/product_tag?post=3111"}],"curies":[{"name":"wp","href":"https:\/\/api.w.org\/{rel}","templated":true}]}}