{"id":3150,"date":"2023-09-25T19:25:25","date_gmt":"2023-09-25T17:25:25","guid":{"rendered":"http:\/\/amberwithsilver.com\/?post_type=product&#038;p=3150"},"modified":"2023-09-25T19:25:26","modified_gmt":"2023-09-25T17:25:26","slug":"krikscioniskas-gintaro-rozinis-sviesi-medaus-spalva","status":"publish","type":"product","link":"https:\/\/amberwithsilver.com\/en\/product\/krikscioniskas-gintaro-rozinis-sviesi-medaus-spalva\/","title":{"rendered":"Christian amber rosary - light honey color"},"content":{"rendered":"<p>Christian amber rosary - light honey color. The light cognac color Christian rosary consists of 59 amber beads. There is no closure in this rosary.<\/p>\n<ul>\n<li>Round shape Baltic amber beads<\/li>\n<li>Light honey color<\/li>\n<li><span class=\"VIiyi\" lang=\"lt\"><span class=\"JLqJ4b ChMk0b\" data-language-for-alternatives=\"lt\" data-language-to-translate-into=\"en\" data-phrase-index=\"0\">Without closure<\/span><\/span><\/li>\n<li>Bead size: ~ 5-6 mm<\/li>\n<li>Weight: ~ 5,70 grams<\/li>\n<\/ul>\n<p>*Please note that the color of the product may vary slightly from that shown in the photo, depending on the monitor used by the Buyer and the lighting settings in the photos.<\/p>","protected":false},"excerpt":{"rendered":"<p>Christian amber rosary - light honey color. The light cognac color Christian rosary consists of 59 amber beads. There is no closure in this rosary.<\/p>\n<ul>\n<li>Round shape Baltic amber beads<\/li>\n<li>Light honey color<\/li>\n<li><span class=\"VIiyi\" lang=\"lt\"><span class=\"JLqJ4b ChMk0b\" data-language-for-alternatives=\"lt\" data-language-to-translate-into=\"en\" data-phrase-index=\"0\">Without closure<\/span><\/span><\/li>\n<li>Bead size: ~ 5-6 mm<\/li>\n<li>Weight: ~ 5,70 grams<\/li>\n<\/ul>\n<p>*Please note that the color of the product may vary slightly from that shown in the photo, depending on the monitor used by the Buyer and the lighting settings in the photos.<\/p>","protected":false},"featured_media":3151,"comment_status":"open","ping_status":"closed","template":"","meta":[],"product_brand":[],"product_cat":[41,23],"product_tag":[508,967,972,1061,1062,1063],"class_list":{"0":"post-3150","1":"product","2":"type-product","3":"status-publish","4":"has-post-thumbnail","6":"product_cat-krikscioniski-gintaro-roziniai","7":"product_cat-gintariniai-maldos-karoliai","8":"product_tag-baltic-amber","9":"product_tag-gintarinis-rozancius","10":"product_tag-natural-amber-rosary","11":"product_tag-krikscioniskas-gintaro-rozinis-sviesi-medaus-spalva","12":"product_tag-christian-amber-rosary-light-honey-color","13":"product_tag-rosary","15":"first","16":"instock","17":"taxable","18":"shipping-taxable","19":"purchasable","20":"product-type-simple"},"yoast_head":"<!-- This site is optimized with the Yoast SEO Premium plugin v23.4 (Yoast SEO v26.8) - https:\/\/yoast.com\/product\/yoast-seo-premium-wordpress\/ -->\n<title>Christian amber rosary - light honey color<\/title>\n<meta name=\"description\" content=\"Krik\u0161\u010dioni\u0161kas gintaro ro\u017einis - \u0161viesi medaus spalva,Christian amber rosary - light honey color, gintarinis ro\u017ean\u010dius, natural amber rosary,Baltic amber\" \/>\n<meta name=\"robots\" content=\"index, follow, max-snippet:-1, max-image-preview:large, max-video-preview:-1\" \/>\n<link rel=\"canonical\" href=\"https:\/\/amberwithsilver.com\/en\/product\/krikscioniskas-gintaro-rozinis-sviesi-medaus-spalva\/\" \/>\n<meta property=\"og:locale\" content=\"en_US\" \/>\n<meta property=\"og:type\" content=\"article\" \/>\n<meta property=\"og:title\" content=\"Krik\u0161\u010dioni\u0161kas gintaro ro\u017einis - \u0161viesi medaus spalva\" \/>\n<meta property=\"og:description\" content=\"Krik\u0161\u010dioni\u0161kas gintaro ro\u017einis - \u0161viesi medaus spalva,Christian amber rosary - light honey color, gintarinis ro\u017ean\u010dius, natural amber rosary,Baltic amber\" \/>\n<meta property=\"og:url\" content=\"https:\/\/amberwithsilver.com\/en\/product\/krikscioniskas-gintaro-rozinis-sviesi-medaus-spalva\/\" \/>\n<meta property=\"og:site_name\" content=\"AmberWithSilver\" \/>\n<meta property=\"article:modified_time\" content=\"2023-09-25T17:25:26+00:00\" \/>\n<meta property=\"og:image\" content=\"https:\/\/amberwithsilver.com\/wp-content\/uploads\/2023\/09\/id.148.webp\" \/>\n\t<meta property=\"og:image:width\" content=\"800\" \/>\n\t<meta property=\"og:image:height\" content=\"978\" \/>\n\t<meta property=\"og:image:type\" content=\"image\/webp\" \/>\n<meta name=\"twitter:card\" content=\"summary_large_image\" \/>\n<meta name=\"twitter:label1\" content=\"Est. reading time\" \/>\n\t<meta name=\"twitter:data1\" content=\"1 minute\" \/>\n<script type=\"application\/ld+json\" class=\"yoast-schema-graph\">{\"@context\":\"https:\/\/schema.org\",\"@graph\":[{\"@type\":\"WebPage\",\"@id\":\"https:\/\/amberwithsilver.com\/product\/krikscioniskas-gintaro-rozinis-sviesi-medaus-spalva\/\",\"url\":\"https:\/\/amberwithsilver.com\/product\/krikscioniskas-gintaro-rozinis-sviesi-medaus-spalva\/\",\"name\":\"Christian amber rosary - light honey color\",\"isPartOf\":{\"@id\":\"https:\/\/amberwithsilver.com\/en\/#website\"},\"primaryImageOfPage\":{\"@id\":\"https:\/\/amberwithsilver.com\/product\/krikscioniskas-gintaro-rozinis-sviesi-medaus-spalva\/#primaryimage\"},\"image\":{\"@id\":\"https:\/\/amberwithsilver.com\/product\/krikscioniskas-gintaro-rozinis-sviesi-medaus-spalva\/#primaryimage\"},\"thumbnailUrl\":\"https:\/\/amberwithsilver.com\/wp-content\/uploads\/2023\/09\/id.148.webp\",\"datePublished\":\"2023-09-25T17:25:25+00:00\",\"dateModified\":\"2023-09-25T17:25:26+00:00\",\"description\":\"Krik\u0161\u010dioni\u0161kas gintaro ro\u017einis - \u0161viesi medaus spalva,Christian amber rosary - light honey color, gintarinis ro\u017ean\u010dius, natural amber rosary,Baltic amber\",\"breadcrumb\":{\"@id\":\"https:\/\/amberwithsilver.com\/product\/krikscioniskas-gintaro-rozinis-sviesi-medaus-spalva\/#breadcrumb\"},\"inLanguage\":\"en-US\",\"potentialAction\":[{\"@type\":\"ReadAction\",\"target\":[\"https:\/\/amberwithsilver.com\/product\/krikscioniskas-gintaro-rozinis-sviesi-medaus-spalva\/\"]}]},{\"@type\":\"ImageObject\",\"inLanguage\":\"en-US\",\"@id\":\"https:\/\/amberwithsilver.com\/product\/krikscioniskas-gintaro-rozinis-sviesi-medaus-spalva\/#primaryimage\",\"url\":\"https:\/\/amberwithsilver.com\/wp-content\/uploads\/2023\/09\/id.148.webp\",\"contentUrl\":\"https:\/\/amberwithsilver.com\/wp-content\/uploads\/2023\/09\/id.148.webp\",\"width\":800,\"height\":978,\"caption\":\"Krik\u0161\u010dioni\u0161kas gintaro ro\u017einis - \u0161viesi medaus spalva,Christian amber rosary - light honey color\"},{\"@type\":\"BreadcrumbList\",\"@id\":\"https:\/\/amberwithsilver.com\/product\/krikscioniskas-gintaro-rozinis-sviesi-medaus-spalva\/#breadcrumb\",\"itemListElement\":[{\"@type\":\"ListItem\",\"position\":1,\"name\":\"Home\",\"item\":\"https:\/\/amberwithsilver.com\/\"},{\"@type\":\"ListItem\",\"position\":2,\"name\":\"Parduotuv\u0117\",\"item\":\"https:\/\/amberwithsilver.com\/en\/parduotuve\/\"},{\"@type\":\"ListItem\",\"position\":3,\"name\":\"Krik\u0161\u010dioni\u0161kas gintaro ro\u017einis &#8211; \u0161viesi medaus spalva\"}]},{\"@type\":\"WebSite\",\"@id\":\"https:\/\/amberwithsilver.com\/en\/#website\",\"url\":\"https:\/\/amberwithsilver.com\/en\/\",\"name\":\"AmberWithSilver\",\"description\":\"Amber-Silver\",\"publisher\":{\"@id\":\"https:\/\/amberwithsilver.com\/en\/#organization\"},\"potentialAction\":[{\"@type\":\"SearchAction\",\"target\":{\"@type\":\"EntryPoint\",\"urlTemplate\":\"https:\/\/amberwithsilver.com\/en\/?s={search_term_string}\"},\"query-input\":{\"@type\":\"PropertyValueSpecification\",\"valueRequired\":true,\"valueName\":\"search_term_string\"}}],\"inLanguage\":\"en-US\"},{\"@type\":\"Organization\",\"@id\":\"https:\/\/amberwithsilver.com\/en\/#organization\",\"name\":\"amberwithsilver\",\"url\":\"https:\/\/amberwithsilver.com\/en\/\",\"logo\":{\"@type\":\"ImageObject\",\"inLanguage\":\"en-US\",\"@id\":\"https:\/\/amberwithsilver.com\/en\/#\/schema\/logo\/image\/\",\"url\":\"https:\/\/i0.wp.com\/amberwithsilver.com\/wp-content\/uploads\/2020\/12\/logo.jpg?fit=232%2C116&ssl=1\",\"contentUrl\":\"https:\/\/i0.wp.com\/amberwithsilver.com\/wp-content\/uploads\/2020\/12\/logo.jpg?fit=232%2C116&ssl=1\",\"width\":232,\"height\":116,\"caption\":\"amberwithsilver\"},\"image\":{\"@id\":\"https:\/\/amberwithsilver.com\/en\/#\/schema\/logo\/image\/\"}}]}<\/script>\n<!-- \/ Yoast SEO Premium plugin. -->","yoast_head_json":{"title":"Christian amber rosary - light honey color","description":"Krik\u0161\u010dioni\u0161kas gintaro ro\u017einis - \u0161viesi medaus spalva,Christian amber rosary - light honey color, gintarinis ro\u017ean\u010dius, natural amber rosary,Baltic amber","robots":{"index":"index","follow":"follow","max-snippet":"max-snippet:-1","max-image-preview":"max-image-preview:large","max-video-preview":"max-video-preview:-1"},"canonical":"https:\/\/amberwithsilver.com\/en\/product\/krikscioniskas-gintaro-rozinis-sviesi-medaus-spalva\/","og_locale":"en_US","og_type":"article","og_title":"Krik\u0161\u010dioni\u0161kas gintaro ro\u017einis - \u0161viesi medaus spalva","og_description":"Krik\u0161\u010dioni\u0161kas gintaro ro\u017einis - \u0161viesi medaus spalva,Christian amber rosary - light honey color, gintarinis ro\u017ean\u010dius, natural amber rosary,Baltic amber","og_url":"https:\/\/amberwithsilver.com\/en\/product\/krikscioniskas-gintaro-rozinis-sviesi-medaus-spalva\/","og_site_name":"AmberWithSilver","article_modified_time":"2023-09-25T17:25:26+00:00","og_image":[{"width":800,"height":978,"url":"https:\/\/amberwithsilver.com\/wp-content\/uploads\/2023\/09\/id.148.webp","type":"image\/webp"}],"twitter_card":"summary_large_image","twitter_misc":{"Est. reading time":"1 minute"},"schema":{"@context":"https:\/\/schema.org","@graph":[{"@type":"WebPage","@id":"https:\/\/amberwithsilver.com\/product\/krikscioniskas-gintaro-rozinis-sviesi-medaus-spalva\/","url":"https:\/\/amberwithsilver.com\/product\/krikscioniskas-gintaro-rozinis-sviesi-medaus-spalva\/","name":"Christian amber rosary - light honey color","isPartOf":{"@id":"https:\/\/amberwithsilver.com\/en\/#website"},"primaryImageOfPage":{"@id":"https:\/\/amberwithsilver.com\/product\/krikscioniskas-gintaro-rozinis-sviesi-medaus-spalva\/#primaryimage"},"image":{"@id":"https:\/\/amberwithsilver.com\/product\/krikscioniskas-gintaro-rozinis-sviesi-medaus-spalva\/#primaryimage"},"thumbnailUrl":"https:\/\/amberwithsilver.com\/wp-content\/uploads\/2023\/09\/id.148.webp","datePublished":"2023-09-25T17:25:25+00:00","dateModified":"2023-09-25T17:25:26+00:00","description":"Krik\u0161\u010dioni\u0161kas gintaro ro\u017einis - \u0161viesi medaus spalva,Christian amber rosary - light honey color, gintarinis ro\u017ean\u010dius, natural amber rosary,Baltic amber","breadcrumb":{"@id":"https:\/\/amberwithsilver.com\/product\/krikscioniskas-gintaro-rozinis-sviesi-medaus-spalva\/#breadcrumb"},"inLanguage":"en-US","potentialAction":[{"@type":"ReadAction","target":["https:\/\/amberwithsilver.com\/product\/krikscioniskas-gintaro-rozinis-sviesi-medaus-spalva\/"]}]},{"@type":"ImageObject","inLanguage":"en-US","@id":"https:\/\/amberwithsilver.com\/product\/krikscioniskas-gintaro-rozinis-sviesi-medaus-spalva\/#primaryimage","url":"https:\/\/amberwithsilver.com\/wp-content\/uploads\/2023\/09\/id.148.webp","contentUrl":"https:\/\/amberwithsilver.com\/wp-content\/uploads\/2023\/09\/id.148.webp","width":800,"height":978,"caption":"Krik\u0161\u010dioni\u0161kas gintaro ro\u017einis - \u0161viesi medaus spalva,Christian amber rosary - light honey color"},{"@type":"BreadcrumbList","@id":"https:\/\/amberwithsilver.com\/product\/krikscioniskas-gintaro-rozinis-sviesi-medaus-spalva\/#breadcrumb","itemListElement":[{"@type":"ListItem","position":1,"name":"Home","item":"https:\/\/amberwithsilver.com\/"},{"@type":"ListItem","position":2,"name":"Parduotuv\u0117","item":"https:\/\/amberwithsilver.com\/en\/parduotuve\/"},{"@type":"ListItem","position":3,"name":"Krik\u0161\u010dioni\u0161kas gintaro ro\u017einis &#8211; \u0161viesi medaus spalva"}]},{"@type":"WebSite","@id":"https:\/\/amberwithsilver.com\/en\/#website","url":"https:\/\/amberwithsilver.com\/en\/","name":"AmberWithSilver","description":"Amber-Silver","publisher":{"@id":"https:\/\/amberwithsilver.com\/en\/#organization"},"potentialAction":[{"@type":"SearchAction","target":{"@type":"EntryPoint","urlTemplate":"https:\/\/amberwithsilver.com\/en\/?s={search_term_string}"},"query-input":{"@type":"PropertyValueSpecification","valueRequired":true,"valueName":"search_term_string"}}],"inLanguage":"en-US"},{"@type":"Organization","@id":"https:\/\/amberwithsilver.com\/en\/#organization","name":"amberwithsilver","url":"https:\/\/amberwithsilver.com\/en\/","logo":{"@type":"ImageObject","inLanguage":"en-US","@id":"https:\/\/amberwithsilver.com\/en\/#\/schema\/logo\/image\/","url":"https:\/\/i0.wp.com\/amberwithsilver.com\/wp-content\/uploads\/2020\/12\/logo.jpg?fit=232%2C116&ssl=1","contentUrl":"https:\/\/i0.wp.com\/amberwithsilver.com\/wp-content\/uploads\/2020\/12\/logo.jpg?fit=232%2C116&ssl=1","width":232,"height":116,"caption":"amberwithsilver"},"image":{"@id":"https:\/\/amberwithsilver.com\/en\/#\/schema\/logo\/image\/"}}]}},"jetpack_sharing_enabled":true,"_links":{"self":[{"href":"https:\/\/amberwithsilver.com\/en\/wp-json\/wp\/v2\/product\/3150","targetHints":{"allow":["GET"]}}],"collection":[{"href":"https:\/\/amberwithsilver.com\/en\/wp-json\/wp\/v2\/product"}],"about":[{"href":"https:\/\/amberwithsilver.com\/en\/wp-json\/wp\/v2\/types\/product"}],"replies":[{"embeddable":true,"href":"https:\/\/amberwithsilver.com\/en\/wp-json\/wp\/v2\/comments?post=3150"}],"version-history":[{"count":0,"href":"https:\/\/amberwithsilver.com\/en\/wp-json\/wp\/v2\/product\/3150\/revisions"}],"wp:featuredmedia":[{"embeddable":true,"href":"https:\/\/amberwithsilver.com\/en\/wp-json\/wp\/v2\/media\/3151"}],"wp:attachment":[{"href":"https:\/\/amberwithsilver.com\/en\/wp-json\/wp\/v2\/media?parent=3150"}],"wp:term":[{"taxonomy":"product_brand","embeddable":true,"href":"https:\/\/amberwithsilver.com\/en\/wp-json\/wp\/v2\/product_brand?post=3150"},{"taxonomy":"product_cat","embeddable":true,"href":"https:\/\/amberwithsilver.com\/en\/wp-json\/wp\/v2\/product_cat?post=3150"},{"taxonomy":"product_tag","embeddable":true,"href":"https:\/\/amberwithsilver.com\/en\/wp-json\/wp\/v2\/product_tag?post=3150"}],"curies":[{"name":"wp","href":"https:\/\/api.w.org\/{rel}","templated":true}]}}