{"id":3161,"date":"2023-10-14T01:43:47","date_gmt":"2023-10-13T23:43:47","guid":{"rendered":"http:\/\/amberwithsilver.com\/?post_type=product&#038;p=3161"},"modified":"2025-05-14T17:47:29","modified_gmt":"2025-05-14T15:47:29","slug":"vyriski-rudo-gintaro-cilindru-formos-karoliai","status":"publish","type":"product","link":"https:\/\/amberwithsilver.com\/en\/product\/vyriski-rudo-gintaro-cilindru-formos-karoliai\/","title":{"rendered":"Men's brown amber barrel beads necklace"},"content":{"rendered":"<p>Men's brown amber barrel beads necklace.<\/p>\n<ul>\n<li><span class=\"VIiyi\" lang=\"lt\"><span class=\"JLqJ4b ChMk0b\" data-language-for-alternatives=\"lt\" data-language-to-translate-into=\"en\" data-phrase-index=\"0\">Brown color recycled Baltic amber barrel beads<\/span><\/span><\/li>\n<li>Cylinder shape amber beads<\/li>\n<li><span class=\"VIiyi\" lang=\"lt\"><span class=\"JLqJ4b ChMk0b\" data-language-for-alternatives=\"lt\" data-language-to-translate-into=\"en\" data-phrase-index=\"0\">Plastic screw clasp<\/span><\/span><\/li>\n<li>Length: ~ 55 cm<\/li>\n<li>Weight: ~ 38,60 grams<\/li>\n<li>The size of amber: ~ 16x10 mm<\/li>\n<\/ul>\n<p>*Please note that the color of the product may vary slightly from that shown in the photo, depending on the monitor used by the Buyer and the lighting settings in the photos.<\/p>","protected":false},"excerpt":{"rendered":"<p>Men's brown amber barrel beads necklace.<\/p>\n<ul>\n<li><span class=\"VIiyi\" lang=\"lt\"><span class=\"JLqJ4b ChMk0b\" data-language-for-alternatives=\"lt\" data-language-to-translate-into=\"en\" data-phrase-index=\"0\">Brown color recycled Baltic amber barrel beads<\/span><\/span><\/li>\n<li>Cylinder shape amber beads<\/li>\n<li><span class=\"VIiyi\" lang=\"lt\"><span class=\"JLqJ4b ChMk0b\" data-language-for-alternatives=\"lt\" data-language-to-translate-into=\"en\" data-phrase-index=\"0\">Plastic screw clasp<\/span><\/span><\/li>\n<li>Length: ~ 55 cm<\/li>\n<li>Weight: ~ 38,60 grams<\/li>\n<li>The size of amber: ~ 16x10 mm<\/li>\n<\/ul>\n<p>*Please note that the color of the product may vary slightly from that shown in the photo, depending on the monitor used by the Buyer and the lighting settings in the photos.<\/p>","protected":false},"featured_media":3162,"comment_status":"open","ping_status":"closed","template":"","meta":[],"product_brand":[],"product_cat":[35,59,58],"product_tag":[1067,1068,336,564,581,1064,1065,1066],"class_list":{"0":"post-3161","1":"product","2":"type-product","3":"status-publish","4":"has-post-thumbnail","6":"product_cat-gintaro-karoliai","7":"product_cat-gintaro-papuosalai-vyrams","8":"product_cat-kolekcijos","9":"product_tag-mens-brown-amber-barrel-beads-necklace","10":"product_tag-mens-amber-necklace","11":"product_tag-baltijos-gintaro-karoliai","12":"product_tag-gintaro-karoliai-vyrams","13":"product_tag-baltic-amber-necklace-for-men","14":"product_tag-vyriski-rudo-gintaro-cilindru-formos-karoliai","15":"product_tag-vyriski-gintariniai-karoliai","16":"product_tag-modernus-gintaras","18":"first","19":"instock","20":"taxable","21":"shipping-taxable","22":"purchasable","23":"product-type-simple"},"yoast_head":"<!-- This site is optimized with the Yoast SEO Premium plugin v23.4 (Yoast SEO v27.4) - https:\/\/yoast.com\/product\/yoast-seo-premium-wordpress\/ -->\n<title>Men&#039;s brown amber barrel beads necklace<\/title>\n<meta name=\"description\" content=\"\u012esp\u016bdingi vyri\u0161ki rudo gintaro cilindr\u0173 formos karoliai su plastikiniu u\u017esukamu u\u017esegimu. Atpa\u017einkite elegancij\u0105 ir stili\u0173 su \u0161iais unikali\u0173 gintaro detali\u0173 papuo\u0161alais.\" \/>\n<meta name=\"robots\" content=\"index, follow, max-snippet:-1, max-image-preview:large, max-video-preview:-1\" \/>\n<link rel=\"canonical\" href=\"https:\/\/amberwithsilver.com\/en\/product\/vyriski-rudo-gintaro-cilindru-formos-karoliai\/\" \/>\n<meta property=\"og:locale\" content=\"en_US\" \/>\n<meta property=\"og:type\" content=\"article\" \/>\n<meta property=\"og:title\" content=\"Vyri\u0161ki rudo gintaro cilindr\u0173 formos karoliai\" \/>\n<meta property=\"og:description\" content=\"\u012esp\u016bdingi vyri\u0161ki rudo gintaro cilindr\u0173 formos karoliai su plastikiniu u\u017esukamu u\u017esegimu. Atpa\u017einkite elegancij\u0105 ir stili\u0173 su \u0161iais unikali\u0173 gintaro detali\u0173 papuo\u0161alais.\" \/>\n<meta property=\"og:url\" content=\"https:\/\/amberwithsilver.com\/en\/product\/vyriski-rudo-gintaro-cilindru-formos-karoliai\/\" \/>\n<meta property=\"og:site_name\" content=\"AmberWithSilver\" \/>\n<meta property=\"article:modified_time\" content=\"2025-05-14T15:47:29+00:00\" \/>\n<meta property=\"og:image\" content=\"https:\/\/amberwithsilver.com\/wp-content\/uploads\/2023\/10\/image32.webp\" \/>\n\t<meta property=\"og:image:width\" content=\"800\" \/>\n\t<meta property=\"og:image:height\" content=\"853\" \/>\n\t<meta property=\"og:image:type\" content=\"image\/webp\" \/>\n<meta name=\"twitter:card\" content=\"summary_large_image\" \/>\n<meta name=\"twitter:label1\" content=\"Est. reading time\" \/>\n\t<meta name=\"twitter:data1\" content=\"1 minute\" \/>\n<script type=\"application\/ld+json\" class=\"yoast-schema-graph\">{\"@context\":\"https:\\\/\\\/schema.org\",\"@graph\":[{\"@type\":\"WebPage\",\"@id\":\"https:\\\/\\\/amberwithsilver.com\\\/product\\\/vyriski-rudo-gintaro-cilindru-formos-karoliai\\\/\",\"url\":\"https:\\\/\\\/amberwithsilver.com\\\/product\\\/vyriski-rudo-gintaro-cilindru-formos-karoliai\\\/\",\"name\":\"Men's brown amber barrel beads necklace\",\"isPartOf\":{\"@id\":\"https:\\\/\\\/amberwithsilver.com\\\/en\\\/#website\"},\"primaryImageOfPage\":{\"@id\":\"https:\\\/\\\/amberwithsilver.com\\\/product\\\/vyriski-rudo-gintaro-cilindru-formos-karoliai\\\/#primaryimage\"},\"image\":{\"@id\":\"https:\\\/\\\/amberwithsilver.com\\\/product\\\/vyriski-rudo-gintaro-cilindru-formos-karoliai\\\/#primaryimage\"},\"thumbnailUrl\":\"https:\\\/\\\/amberwithsilver.com\\\/wp-content\\\/uploads\\\/2023\\\/10\\\/image32.webp\",\"datePublished\":\"2023-10-13T23:43:47+00:00\",\"dateModified\":\"2025-05-14T15:47:29+00:00\",\"description\":\"\u012esp\u016bdingi vyri\u0161ki rudo gintaro cilindr\u0173 formos karoliai su plastikiniu u\u017esukamu u\u017esegimu. Atpa\u017einkite elegancij\u0105 ir stili\u0173 su \u0161iais unikali\u0173 gintaro detali\u0173 papuo\u0161alais.\",\"breadcrumb\":{\"@id\":\"https:\\\/\\\/amberwithsilver.com\\\/product\\\/vyriski-rudo-gintaro-cilindru-formos-karoliai\\\/#breadcrumb\"},\"inLanguage\":\"en-US\",\"potentialAction\":[{\"@type\":\"ReadAction\",\"target\":[\"https:\\\/\\\/amberwithsilver.com\\\/product\\\/vyriski-rudo-gintaro-cilindru-formos-karoliai\\\/\"]}]},{\"@type\":\"ImageObject\",\"inLanguage\":\"en-US\",\"@id\":\"https:\\\/\\\/amberwithsilver.com\\\/product\\\/vyriski-rudo-gintaro-cilindru-formos-karoliai\\\/#primaryimage\",\"url\":\"https:\\\/\\\/amberwithsilver.com\\\/wp-content\\\/uploads\\\/2023\\\/10\\\/image32.webp\",\"contentUrl\":\"https:\\\/\\\/amberwithsilver.com\\\/wp-content\\\/uploads\\\/2023\\\/10\\\/image32.webp\",\"width\":800,\"height\":853,\"caption\":\"Vyri\u0161ki rudo gintaro cilindr\u0173 formos karoliai;Men's brown amber barrel beads necklace\"},{\"@type\":\"BreadcrumbList\",\"@id\":\"https:\\\/\\\/amberwithsilver.com\\\/product\\\/vyriski-rudo-gintaro-cilindru-formos-karoliai\\\/#breadcrumb\",\"itemListElement\":[{\"@type\":\"ListItem\",\"position\":1,\"name\":\"Home\",\"item\":\"https:\\\/\\\/amberwithsilver.com\\\/\"},{\"@type\":\"ListItem\",\"position\":2,\"name\":\"Parduotuv\u0117\",\"item\":\"https:\\\/\\\/amberwithsilver.com\\\/en\\\/parduotuve\\\/\"},{\"@type\":\"ListItem\",\"position\":3,\"name\":\"Vyri\u0161ki rudo gintaro cilindr\u0173 formos karoliai\"}]},{\"@type\":\"WebSite\",\"@id\":\"https:\\\/\\\/amberwithsilver.com\\\/en\\\/#website\",\"url\":\"https:\\\/\\\/amberwithsilver.com\\\/en\\\/\",\"name\":\"AmberWithSilver\",\"description\":\"Amber-Silver\",\"publisher\":{\"@id\":\"https:\\\/\\\/amberwithsilver.com\\\/en\\\/#organization\"},\"potentialAction\":[{\"@type\":\"SearchAction\",\"target\":{\"@type\":\"EntryPoint\",\"urlTemplate\":\"https:\\\/\\\/amberwithsilver.com\\\/en\\\/?s={search_term_string}\"},\"query-input\":{\"@type\":\"PropertyValueSpecification\",\"valueRequired\":true,\"valueName\":\"search_term_string\"}}],\"inLanguage\":\"en-US\"},{\"@type\":\"Organization\",\"@id\":\"https:\\\/\\\/amberwithsilver.com\\\/en\\\/#organization\",\"name\":\"amberwithsilver\",\"url\":\"https:\\\/\\\/amberwithsilver.com\\\/en\\\/\",\"logo\":{\"@type\":\"ImageObject\",\"inLanguage\":\"en-US\",\"@id\":\"https:\\\/\\\/amberwithsilver.com\\\/en\\\/#\\\/schema\\\/logo\\\/image\\\/\",\"url\":\"https:\\\/\\\/i0.wp.com\\\/amberwithsilver.com\\\/wp-content\\\/uploads\\\/2020\\\/12\\\/logo.jpg?fit=232%2C116&ssl=1\",\"contentUrl\":\"https:\\\/\\\/i0.wp.com\\\/amberwithsilver.com\\\/wp-content\\\/uploads\\\/2020\\\/12\\\/logo.jpg?fit=232%2C116&ssl=1\",\"width\":232,\"height\":116,\"caption\":\"amberwithsilver\"},\"image\":{\"@id\":\"https:\\\/\\\/amberwithsilver.com\\\/en\\\/#\\\/schema\\\/logo\\\/image\\\/\"}}]}<\/script>\n<!-- \/ Yoast SEO Premium plugin. -->","yoast_head_json":{"title":"Men's brown amber barrel beads necklace","description":"\u012esp\u016bdingi vyri\u0161ki rudo gintaro cilindr\u0173 formos karoliai su plastikiniu u\u017esukamu u\u017esegimu. Atpa\u017einkite elegancij\u0105 ir stili\u0173 su \u0161iais unikali\u0173 gintaro detali\u0173 papuo\u0161alais.","robots":{"index":"index","follow":"follow","max-snippet":"max-snippet:-1","max-image-preview":"max-image-preview:large","max-video-preview":"max-video-preview:-1"},"canonical":"https:\/\/amberwithsilver.com\/en\/product\/vyriski-rudo-gintaro-cilindru-formos-karoliai\/","og_locale":"en_US","og_type":"article","og_title":"Vyri\u0161ki rudo gintaro cilindr\u0173 formos karoliai","og_description":"\u012esp\u016bdingi vyri\u0161ki rudo gintaro cilindr\u0173 formos karoliai su plastikiniu u\u017esukamu u\u017esegimu. Atpa\u017einkite elegancij\u0105 ir stili\u0173 su \u0161iais unikali\u0173 gintaro detali\u0173 papuo\u0161alais.","og_url":"https:\/\/amberwithsilver.com\/en\/product\/vyriski-rudo-gintaro-cilindru-formos-karoliai\/","og_site_name":"AmberWithSilver","article_modified_time":"2025-05-14T15:47:29+00:00","og_image":[{"width":800,"height":853,"url":"https:\/\/amberwithsilver.com\/wp-content\/uploads\/2023\/10\/image32.webp","type":"image\/webp"}],"twitter_card":"summary_large_image","twitter_misc":{"Est. reading time":"1 minute"},"schema":{"@context":"https:\/\/schema.org","@graph":[{"@type":"WebPage","@id":"https:\/\/amberwithsilver.com\/product\/vyriski-rudo-gintaro-cilindru-formos-karoliai\/","url":"https:\/\/amberwithsilver.com\/product\/vyriski-rudo-gintaro-cilindru-formos-karoliai\/","name":"Men's brown amber barrel beads necklace","isPartOf":{"@id":"https:\/\/amberwithsilver.com\/en\/#website"},"primaryImageOfPage":{"@id":"https:\/\/amberwithsilver.com\/product\/vyriski-rudo-gintaro-cilindru-formos-karoliai\/#primaryimage"},"image":{"@id":"https:\/\/amberwithsilver.com\/product\/vyriski-rudo-gintaro-cilindru-formos-karoliai\/#primaryimage"},"thumbnailUrl":"https:\/\/amberwithsilver.com\/wp-content\/uploads\/2023\/10\/image32.webp","datePublished":"2023-10-13T23:43:47+00:00","dateModified":"2025-05-14T15:47:29+00:00","description":"\u012esp\u016bdingi vyri\u0161ki rudo gintaro cilindr\u0173 formos karoliai su plastikiniu u\u017esukamu u\u017esegimu. Atpa\u017einkite elegancij\u0105 ir stili\u0173 su \u0161iais unikali\u0173 gintaro detali\u0173 papuo\u0161alais.","breadcrumb":{"@id":"https:\/\/amberwithsilver.com\/product\/vyriski-rudo-gintaro-cilindru-formos-karoliai\/#breadcrumb"},"inLanguage":"en-US","potentialAction":[{"@type":"ReadAction","target":["https:\/\/amberwithsilver.com\/product\/vyriski-rudo-gintaro-cilindru-formos-karoliai\/"]}]},{"@type":"ImageObject","inLanguage":"en-US","@id":"https:\/\/amberwithsilver.com\/product\/vyriski-rudo-gintaro-cilindru-formos-karoliai\/#primaryimage","url":"https:\/\/amberwithsilver.com\/wp-content\/uploads\/2023\/10\/image32.webp","contentUrl":"https:\/\/amberwithsilver.com\/wp-content\/uploads\/2023\/10\/image32.webp","width":800,"height":853,"caption":"Vyri\u0161ki rudo gintaro cilindr\u0173 formos karoliai;Men's brown amber barrel beads necklace"},{"@type":"BreadcrumbList","@id":"https:\/\/amberwithsilver.com\/product\/vyriski-rudo-gintaro-cilindru-formos-karoliai\/#breadcrumb","itemListElement":[{"@type":"ListItem","position":1,"name":"Home","item":"https:\/\/amberwithsilver.com\/"},{"@type":"ListItem","position":2,"name":"Parduotuv\u0117","item":"https:\/\/amberwithsilver.com\/en\/parduotuve\/"},{"@type":"ListItem","position":3,"name":"Vyri\u0161ki rudo gintaro cilindr\u0173 formos karoliai"}]},{"@type":"WebSite","@id":"https:\/\/amberwithsilver.com\/en\/#website","url":"https:\/\/amberwithsilver.com\/en\/","name":"AmberWithSilver","description":"Amber-Silver","publisher":{"@id":"https:\/\/amberwithsilver.com\/en\/#organization"},"potentialAction":[{"@type":"SearchAction","target":{"@type":"EntryPoint","urlTemplate":"https:\/\/amberwithsilver.com\/en\/?s={search_term_string}"},"query-input":{"@type":"PropertyValueSpecification","valueRequired":true,"valueName":"search_term_string"}}],"inLanguage":"en-US"},{"@type":"Organization","@id":"https:\/\/amberwithsilver.com\/en\/#organization","name":"amberwithsilver","url":"https:\/\/amberwithsilver.com\/en\/","logo":{"@type":"ImageObject","inLanguage":"en-US","@id":"https:\/\/amberwithsilver.com\/en\/#\/schema\/logo\/image\/","url":"https:\/\/i0.wp.com\/amberwithsilver.com\/wp-content\/uploads\/2020\/12\/logo.jpg?fit=232%2C116&ssl=1","contentUrl":"https:\/\/i0.wp.com\/amberwithsilver.com\/wp-content\/uploads\/2020\/12\/logo.jpg?fit=232%2C116&ssl=1","width":232,"height":116,"caption":"amberwithsilver"},"image":{"@id":"https:\/\/amberwithsilver.com\/en\/#\/schema\/logo\/image\/"}}]}},"jetpack_sharing_enabled":true,"_links":{"self":[{"href":"https:\/\/amberwithsilver.com\/en\/wp-json\/wp\/v2\/product\/3161","targetHints":{"allow":["GET"]}}],"collection":[{"href":"https:\/\/amberwithsilver.com\/en\/wp-json\/wp\/v2\/product"}],"about":[{"href":"https:\/\/amberwithsilver.com\/en\/wp-json\/wp\/v2\/types\/product"}],"replies":[{"embeddable":true,"href":"https:\/\/amberwithsilver.com\/en\/wp-json\/wp\/v2\/comments?post=3161"}],"version-history":[{"count":0,"href":"https:\/\/amberwithsilver.com\/en\/wp-json\/wp\/v2\/product\/3161\/revisions"}],"wp:featuredmedia":[{"embeddable":true,"href":"https:\/\/amberwithsilver.com\/en\/wp-json\/wp\/v2\/media\/3162"}],"wp:attachment":[{"href":"https:\/\/amberwithsilver.com\/en\/wp-json\/wp\/v2\/media?parent=3161"}],"wp:term":[{"taxonomy":"product_brand","embeddable":true,"href":"https:\/\/amberwithsilver.com\/en\/wp-json\/wp\/v2\/product_brand?post=3161"},{"taxonomy":"product_cat","embeddable":true,"href":"https:\/\/amberwithsilver.com\/en\/wp-json\/wp\/v2\/product_cat?post=3161"},{"taxonomy":"product_tag","embeddable":true,"href":"https:\/\/amberwithsilver.com\/en\/wp-json\/wp\/v2\/product_tag?post=3161"}],"curies":[{"name":"wp","href":"https:\/\/api.w.org\/{rel}","templated":true}]}}