{"id":3168,"date":"2023-10-25T08:00:20","date_gmt":"2023-10-25T06:00:20","guid":{"rendered":"http:\/\/amberwithsilver.com\/?post_type=product&#038;p=3168"},"modified":"2025-05-14T17:47:29","modified_gmt":"2025-05-14T15:47:29","slug":"ivairiaspalve-gintariniu-kubeliu-ir-gelsvu-diskeliu-formos-apyranke","status":"publish","type":"product","link":"https:\/\/amberwithsilver.com\/en\/product\/ivairiaspalve-gintariniu-kubeliu-ir-gelsvu-diskeliu-formos-apyranke\/","title":{"rendered":"Multicolored amber cube and honey disk beads bracelet"},"content":{"rendered":"<p>Multicolored amber cube and honey disk beads bracelet.<\/p>\n<ul>\n<li><span class=\"VIiyi\" lang=\"lt\"><span class=\"JLqJ4b ChMk0b\" data-language-for-alternatives=\"lt\" data-language-to-translate-into=\"en\" data-phrase-index=\"0\">Genuine Baltic amber<br \/>\n<\/span><\/span><\/li>\n<li>Multicolored cube shape beads<\/li>\n<li><span class=\"VIiyi\" lang=\"lt\"><span class=\"JLqJ4b ChMk0b\" data-language-for-alternatives=\"lt\" data-language-to-translate-into=\"en\" data-phrase-index=\"0\">Elastic rubber<br \/>\n<\/span><\/span><\/li>\n<li>Length: ~ 17 cm<\/li>\n<li>Weight: ~ 8 grams<\/li>\n<li>Amber details dimensions: ~ 7\u00d78 mm<\/li>\n<\/ul>\n<p>*Please note that the color of the product may vary slightly from that shown in the photo, depending on the monitor used by the Buyer and the lighting settings in the photos.<\/p>","protected":false},"excerpt":{"rendered":"<p>Multicolored amber cube and honey disk beads bracelet.<\/p>\n<ul>\n<li><span class=\"VIiyi\" lang=\"lt\"><span class=\"JLqJ4b ChMk0b\" data-language-for-alternatives=\"lt\" data-language-to-translate-into=\"en\" data-phrase-index=\"0\">Genuine Baltic amber<br \/>\n<\/span><\/span><\/li>\n<li>Multicolored cube shape beads<\/li>\n<li><span class=\"VIiyi\" lang=\"lt\"><span class=\"JLqJ4b ChMk0b\" data-language-for-alternatives=\"lt\" data-language-to-translate-into=\"en\" data-phrase-index=\"0\">Elastic rubber<br \/>\n<\/span><\/span><\/li>\n<li>Length: ~ 17 cm<\/li>\n<li>Weight: ~ 8 grams<\/li>\n<li>Amber details dimensions: ~ 7\u00d78 mm<\/li>\n<\/ul>\n<p>*Please note that the color of the product may vary slightly from that shown in the photo, depending on the monitor used by the Buyer and the lighting settings in the photos.<\/p>","protected":false},"featured_media":3170,"comment_status":"open","ping_status":"closed","template":"","meta":[],"product_brand":[],"product_cat":[59,18,58],"product_tag":[440,680,1070,1072,1073,1074,1075],"class_list":{"0":"post-3168","1":"product","2":"type-product","3":"status-publish","4":"has-post-thumbnail","6":"product_cat-gintaro-papuosalai-vyrams","7":"product_cat-gintaro-apyrankes","8":"product_cat-kolekcijos","9":"product_tag-marga-gintaro-apyranke","10":"product_tag-natural-baltic-amber","11":"product_tag-ivairiaspalve-gintariniu-kubeliu-ir-gelsvu-diskeliu-formos-apyranke","12":"product_tag-multicolored-amber-cube-bracelet","13":"product_tag-gintarine-apyranke-is-kvardaciuku","14":"product_tag-multicolored-amber-cubes-and-honey-disks-beads-bracelet","15":"product_tag-multicolored-amber-cube-and-honey-disk-beads-bracelet","17":"first","18":"instock","19":"taxable","20":"shipping-taxable","21":"purchasable","22":"product-type-simple"},"yoast_head":"<!-- This site is optimized with the Yoast SEO Premium plugin v23.4 (Yoast SEO v26.8) - https:\/\/yoast.com\/product\/yoast-seo-premium-wordpress\/ -->\n<title>\u012evairiaspalv\u0117 gintarini\u0173 kubeli\u0173 ir gelsv\u0173 diskeli\u0173 formos apyrank\u0117<\/title>\n<meta name=\"description\" content=\"Discover the beauty of genuine Baltic amber with this versatile bracelet featuring a variety of colorful amber cubes and yellow disc-shaped accents. Its expressive design, elastic band, and unisex appeal make it a perfect accessory for both men and women.\" \/>\n<meta name=\"robots\" content=\"index, follow, max-snippet:-1, max-image-preview:large, max-video-preview:-1\" \/>\n<link rel=\"canonical\" href=\"https:\/\/amberwithsilver.com\/en\/product\/ivairiaspalve-gintariniu-kubeliu-ir-gelsvu-diskeliu-formos-apyranke\/\" \/>\n<meta property=\"og:locale\" content=\"en_US\" \/>\n<meta property=\"og:type\" content=\"article\" \/>\n<meta property=\"og:title\" content=\"\u012evairiaspalv\u0117 gintarini\u0173 kubeli\u0173 ir gelsv\u0173 diskeli\u0173 formos apyrank\u0117\" \/>\n<meta property=\"og:description\" content=\"Discover the beauty of genuine Baltic amber with this versatile bracelet featuring a variety of colorful amber cubes and yellow disc-shaped accents. Its expressive design, elastic band, and unisex appeal make it a perfect accessory for both men and women.\" \/>\n<meta property=\"og:url\" content=\"https:\/\/amberwithsilver.com\/en\/product\/ivairiaspalve-gintariniu-kubeliu-ir-gelsvu-diskeliu-formos-apyranke\/\" \/>\n<meta property=\"og:site_name\" content=\"AmberWithSilver\" \/>\n<meta property=\"article:modified_time\" content=\"2025-05-14T15:47:29+00:00\" \/>\n<meta property=\"og:image\" content=\"https:\/\/amberwithsilver.com\/wp-content\/uploads\/2023\/10\/id.532.webp\" \/>\n\t<meta property=\"og:image:width\" content=\"800\" \/>\n\t<meta property=\"og:image:height\" content=\"760\" \/>\n\t<meta property=\"og:image:type\" content=\"image\/webp\" \/>\n<meta name=\"twitter:card\" content=\"summary_large_image\" \/>\n<meta name=\"twitter:label1\" content=\"Est. reading time\" \/>\n\t<meta name=\"twitter:data1\" content=\"1 minute\" \/>\n<script type=\"application\/ld+json\" class=\"yoast-schema-graph\">{\"@context\":\"https:\/\/schema.org\",\"@graph\":[{\"@type\":\"WebPage\",\"@id\":\"https:\/\/amberwithsilver.com\/product\/ivairiaspalve-gintariniu-kubeliu-ir-gelsvu-diskeliu-formos-apyranke\/\",\"url\":\"https:\/\/amberwithsilver.com\/product\/ivairiaspalve-gintariniu-kubeliu-ir-gelsvu-diskeliu-formos-apyranke\/\",\"name\":\"\u012evairiaspalv\u0117 gintarini\u0173 kubeli\u0173 ir gelsv\u0173 diskeli\u0173 formos apyrank\u0117\",\"isPartOf\":{\"@id\":\"https:\/\/amberwithsilver.com\/en\/#website\"},\"primaryImageOfPage\":{\"@id\":\"https:\/\/amberwithsilver.com\/product\/ivairiaspalve-gintariniu-kubeliu-ir-gelsvu-diskeliu-formos-apyranke\/#primaryimage\"},\"image\":{\"@id\":\"https:\/\/amberwithsilver.com\/product\/ivairiaspalve-gintariniu-kubeliu-ir-gelsvu-diskeliu-formos-apyranke\/#primaryimage\"},\"thumbnailUrl\":\"https:\/\/amberwithsilver.com\/wp-content\/uploads\/2023\/10\/id.532.webp\",\"datePublished\":\"2023-10-25T06:00:20+00:00\",\"dateModified\":\"2025-05-14T15:47:29+00:00\",\"description\":\"Discover the beauty of genuine Baltic amber with this versatile bracelet featuring a variety of colorful amber cubes and yellow disc-shaped accents. Its expressive design, elastic band, and unisex appeal make it a perfect accessory for both men and women.\",\"breadcrumb\":{\"@id\":\"https:\/\/amberwithsilver.com\/product\/ivairiaspalve-gintariniu-kubeliu-ir-gelsvu-diskeliu-formos-apyranke\/#breadcrumb\"},\"inLanguage\":\"en-US\",\"potentialAction\":[{\"@type\":\"ReadAction\",\"target\":[\"https:\/\/amberwithsilver.com\/product\/ivairiaspalve-gintariniu-kubeliu-ir-gelsvu-diskeliu-formos-apyranke\/\"]}]},{\"@type\":\"ImageObject\",\"inLanguage\":\"en-US\",\"@id\":\"https:\/\/amberwithsilver.com\/product\/ivairiaspalve-gintariniu-kubeliu-ir-gelsvu-diskeliu-formos-apyranke\/#primaryimage\",\"url\":\"https:\/\/amberwithsilver.com\/wp-content\/uploads\/2023\/10\/id.532.webp\",\"contentUrl\":\"https:\/\/amberwithsilver.com\/wp-content\/uploads\/2023\/10\/id.532.webp\",\"width\":800,\"height\":760,\"caption\":\"\u012evairiaspalv\u0117 gintarini\u0173 kubeli\u0173 ir gelsv\u0173 diskeli\u0173 formos apyrank\u0117, Multicolor amber cube and honey disk beads bracelet\"},{\"@type\":\"BreadcrumbList\",\"@id\":\"https:\/\/amberwithsilver.com\/product\/ivairiaspalve-gintariniu-kubeliu-ir-gelsvu-diskeliu-formos-apyranke\/#breadcrumb\",\"itemListElement\":[{\"@type\":\"ListItem\",\"position\":1,\"name\":\"Home\",\"item\":\"https:\/\/amberwithsilver.com\/\"},{\"@type\":\"ListItem\",\"position\":2,\"name\":\"Parduotuv\u0117\",\"item\":\"https:\/\/amberwithsilver.com\/en\/parduotuve\/\"},{\"@type\":\"ListItem\",\"position\":3,\"name\":\"\u012evairiaspalv\u0117 gintarini\u0173 kubeli\u0173 ir gelsv\u0173 diskeli\u0173 formos apyrank\u0117\"}]},{\"@type\":\"WebSite\",\"@id\":\"https:\/\/amberwithsilver.com\/en\/#website\",\"url\":\"https:\/\/amberwithsilver.com\/en\/\",\"name\":\"AmberWithSilver\",\"description\":\"Amber-Silver\",\"publisher\":{\"@id\":\"https:\/\/amberwithsilver.com\/en\/#organization\"},\"potentialAction\":[{\"@type\":\"SearchAction\",\"target\":{\"@type\":\"EntryPoint\",\"urlTemplate\":\"https:\/\/amberwithsilver.com\/en\/?s={search_term_string}\"},\"query-input\":{\"@type\":\"PropertyValueSpecification\",\"valueRequired\":true,\"valueName\":\"search_term_string\"}}],\"inLanguage\":\"en-US\"},{\"@type\":\"Organization\",\"@id\":\"https:\/\/amberwithsilver.com\/en\/#organization\",\"name\":\"amberwithsilver\",\"url\":\"https:\/\/amberwithsilver.com\/en\/\",\"logo\":{\"@type\":\"ImageObject\",\"inLanguage\":\"en-US\",\"@id\":\"https:\/\/amberwithsilver.com\/en\/#\/schema\/logo\/image\/\",\"url\":\"https:\/\/i0.wp.com\/amberwithsilver.com\/wp-content\/uploads\/2020\/12\/logo.jpg?fit=232%2C116&ssl=1\",\"contentUrl\":\"https:\/\/i0.wp.com\/amberwithsilver.com\/wp-content\/uploads\/2020\/12\/logo.jpg?fit=232%2C116&ssl=1\",\"width\":232,\"height\":116,\"caption\":\"amberwithsilver\"},\"image\":{\"@id\":\"https:\/\/amberwithsilver.com\/en\/#\/schema\/logo\/image\/\"}}]}<\/script>\n<!-- \/ Yoast SEO Premium plugin. -->","yoast_head_json":{"title":"Multicolored amber cube and honey disk beads bracelet","description":"Discover the beauty of genuine Baltic amber with this versatile bracelet featuring a variety of colorful amber cubes and yellow disc-shaped accents. Its expressive design, elastic band, and unisex appeal make it a perfect accessory for both men and women.","robots":{"index":"index","follow":"follow","max-snippet":"max-snippet:-1","max-image-preview":"max-image-preview:large","max-video-preview":"max-video-preview:-1"},"canonical":"https:\/\/amberwithsilver.com\/en\/product\/ivairiaspalve-gintariniu-kubeliu-ir-gelsvu-diskeliu-formos-apyranke\/","og_locale":"en_US","og_type":"article","og_title":"\u012evairiaspalv\u0117 gintarini\u0173 kubeli\u0173 ir gelsv\u0173 diskeli\u0173 formos apyrank\u0117","og_description":"Discover the beauty of genuine Baltic amber with this versatile bracelet featuring a variety of colorful amber cubes and yellow disc-shaped accents. Its expressive design, elastic band, and unisex appeal make it a perfect accessory for both men and women.","og_url":"https:\/\/amberwithsilver.com\/en\/product\/ivairiaspalve-gintariniu-kubeliu-ir-gelsvu-diskeliu-formos-apyranke\/","og_site_name":"AmberWithSilver","article_modified_time":"2025-05-14T15:47:29+00:00","og_image":[{"width":800,"height":760,"url":"https:\/\/amberwithsilver.com\/wp-content\/uploads\/2023\/10\/id.532.webp","type":"image\/webp"}],"twitter_card":"summary_large_image","twitter_misc":{"Est. reading time":"1 minute"},"schema":{"@context":"https:\/\/schema.org","@graph":[{"@type":"WebPage","@id":"https:\/\/amberwithsilver.com\/product\/ivairiaspalve-gintariniu-kubeliu-ir-gelsvu-diskeliu-formos-apyranke\/","url":"https:\/\/amberwithsilver.com\/product\/ivairiaspalve-gintariniu-kubeliu-ir-gelsvu-diskeliu-formos-apyranke\/","name":"Multicolored amber cube and honey disk beads bracelet","isPartOf":{"@id":"https:\/\/amberwithsilver.com\/en\/#website"},"primaryImageOfPage":{"@id":"https:\/\/amberwithsilver.com\/product\/ivairiaspalve-gintariniu-kubeliu-ir-gelsvu-diskeliu-formos-apyranke\/#primaryimage"},"image":{"@id":"https:\/\/amberwithsilver.com\/product\/ivairiaspalve-gintariniu-kubeliu-ir-gelsvu-diskeliu-formos-apyranke\/#primaryimage"},"thumbnailUrl":"https:\/\/amberwithsilver.com\/wp-content\/uploads\/2023\/10\/id.532.webp","datePublished":"2023-10-25T06:00:20+00:00","dateModified":"2025-05-14T15:47:29+00:00","description":"Discover the beauty of genuine Baltic amber with this versatile bracelet featuring a variety of colorful amber cubes and yellow disc-shaped accents. Its expressive design, elastic band, and unisex appeal make it a perfect accessory for both men and women.","breadcrumb":{"@id":"https:\/\/amberwithsilver.com\/product\/ivairiaspalve-gintariniu-kubeliu-ir-gelsvu-diskeliu-formos-apyranke\/#breadcrumb"},"inLanguage":"en-US","potentialAction":[{"@type":"ReadAction","target":["https:\/\/amberwithsilver.com\/product\/ivairiaspalve-gintariniu-kubeliu-ir-gelsvu-diskeliu-formos-apyranke\/"]}]},{"@type":"ImageObject","inLanguage":"en-US","@id":"https:\/\/amberwithsilver.com\/product\/ivairiaspalve-gintariniu-kubeliu-ir-gelsvu-diskeliu-formos-apyranke\/#primaryimage","url":"https:\/\/amberwithsilver.com\/wp-content\/uploads\/2023\/10\/id.532.webp","contentUrl":"https:\/\/amberwithsilver.com\/wp-content\/uploads\/2023\/10\/id.532.webp","width":800,"height":760,"caption":"\u012evairiaspalv\u0117 gintarini\u0173 kubeli\u0173 ir gelsv\u0173 diskeli\u0173 formos apyrank\u0117, Multicolor amber cube and honey disk beads bracelet"},{"@type":"BreadcrumbList","@id":"https:\/\/amberwithsilver.com\/product\/ivairiaspalve-gintariniu-kubeliu-ir-gelsvu-diskeliu-formos-apyranke\/#breadcrumb","itemListElement":[{"@type":"ListItem","position":1,"name":"Home","item":"https:\/\/amberwithsilver.com\/"},{"@type":"ListItem","position":2,"name":"Parduotuv\u0117","item":"https:\/\/amberwithsilver.com\/en\/parduotuve\/"},{"@type":"ListItem","position":3,"name":"\u012evairiaspalv\u0117 gintarini\u0173 kubeli\u0173 ir gelsv\u0173 diskeli\u0173 formos apyrank\u0117"}]},{"@type":"WebSite","@id":"https:\/\/amberwithsilver.com\/en\/#website","url":"https:\/\/amberwithsilver.com\/en\/","name":"AmberWithSilver","description":"Amber-Silver","publisher":{"@id":"https:\/\/amberwithsilver.com\/en\/#organization"},"potentialAction":[{"@type":"SearchAction","target":{"@type":"EntryPoint","urlTemplate":"https:\/\/amberwithsilver.com\/en\/?s={search_term_string}"},"query-input":{"@type":"PropertyValueSpecification","valueRequired":true,"valueName":"search_term_string"}}],"inLanguage":"en-US"},{"@type":"Organization","@id":"https:\/\/amberwithsilver.com\/en\/#organization","name":"amberwithsilver","url":"https:\/\/amberwithsilver.com\/en\/","logo":{"@type":"ImageObject","inLanguage":"en-US","@id":"https:\/\/amberwithsilver.com\/en\/#\/schema\/logo\/image\/","url":"https:\/\/i0.wp.com\/amberwithsilver.com\/wp-content\/uploads\/2020\/12\/logo.jpg?fit=232%2C116&ssl=1","contentUrl":"https:\/\/i0.wp.com\/amberwithsilver.com\/wp-content\/uploads\/2020\/12\/logo.jpg?fit=232%2C116&ssl=1","width":232,"height":116,"caption":"amberwithsilver"},"image":{"@id":"https:\/\/amberwithsilver.com\/en\/#\/schema\/logo\/image\/"}}]}},"jetpack_sharing_enabled":true,"_links":{"self":[{"href":"https:\/\/amberwithsilver.com\/en\/wp-json\/wp\/v2\/product\/3168","targetHints":{"allow":["GET"]}}],"collection":[{"href":"https:\/\/amberwithsilver.com\/en\/wp-json\/wp\/v2\/product"}],"about":[{"href":"https:\/\/amberwithsilver.com\/en\/wp-json\/wp\/v2\/types\/product"}],"replies":[{"embeddable":true,"href":"https:\/\/amberwithsilver.com\/en\/wp-json\/wp\/v2\/comments?post=3168"}],"version-history":[{"count":0,"href":"https:\/\/amberwithsilver.com\/en\/wp-json\/wp\/v2\/product\/3168\/revisions"}],"wp:featuredmedia":[{"embeddable":true,"href":"https:\/\/amberwithsilver.com\/en\/wp-json\/wp\/v2\/media\/3170"}],"wp:attachment":[{"href":"https:\/\/amberwithsilver.com\/en\/wp-json\/wp\/v2\/media?parent=3168"}],"wp:term":[{"taxonomy":"product_brand","embeddable":true,"href":"https:\/\/amberwithsilver.com\/en\/wp-json\/wp\/v2\/product_brand?post=3168"},{"taxonomy":"product_cat","embeddable":true,"href":"https:\/\/amberwithsilver.com\/en\/wp-json\/wp\/v2\/product_cat?post=3168"},{"taxonomy":"product_tag","embeddable":true,"href":"https:\/\/amberwithsilver.com\/en\/wp-json\/wp\/v2\/product_tag?post=3168"}],"curies":[{"name":"wp","href":"https:\/\/api.w.org\/{rel}","templated":true}]}}