{"id":3181,"date":"2023-10-26T19:15:31","date_gmt":"2023-10-26T17:15:31","guid":{"rendered":"http:\/\/amberwithsilver.com\/?post_type=product&#038;p=3181"},"modified":"2025-05-14T17:47:29","modified_gmt":"2025-05-14T15:47:29","slug":"ivairiaspalve-neblizgaus-gintaro-rutuliuku-formos-apyranke","status":"publish","type":"product","link":"https:\/\/amberwithsilver.com\/en\/product\/ivairiaspalve-neblizgaus-gintaro-rutuliuku-formos-apyranke\/","title":{"rendered":"Unpolished multicolored amber round beads stretch bracelet"},"content":{"rendered":"<p>Unpolished multicolored amber round beads stretch bracelet.<\/p>\n<ul>\n<li><span class=\"VIiyi\" lang=\"lt\"><span class=\"JLqJ4b ChMk0b\" data-language-for-alternatives=\"lt\" data-language-to-translate-into=\"en\" data-phrase-index=\"0\">Genuine Baltic amber<br \/>\n<\/span><\/span><\/li>\n<li>Unpolished round shape amber beads<\/li>\n<li><span class=\"VIiyi\" lang=\"lt\"><span class=\"JLqJ4b ChMk0b\" data-language-for-alternatives=\"lt\" data-language-to-translate-into=\"en\" data-phrase-index=\"0\">Elastic rubber<br \/>\n<\/span><\/span><\/li>\n<li>Length: ~ 18 cm<\/li>\n<li>Weight: ~14 grams<\/li>\n<li>The size of amber: ~ 11 mm<\/li>\n<\/ul>\n<p>*Please note that the color of the product may vary slightly from that shown in the photo, depending on the monitor used by the Buyer and the lighting settings in the photos.<\/p>","protected":false},"excerpt":{"rendered":"<p>Unpolished multicolored amber round beads stretch bracelet.<\/p>\n<ul>\n<li><span class=\"VIiyi\" lang=\"lt\"><span class=\"JLqJ4b ChMk0b\" data-language-for-alternatives=\"lt\" data-language-to-translate-into=\"en\" data-phrase-index=\"0\">Genuine Baltic amber<br \/>\n<\/span><\/span><\/li>\n<li>Unpolished round shape amber beads<\/li>\n<li><span class=\"VIiyi\" lang=\"lt\"><span class=\"JLqJ4b ChMk0b\" data-language-for-alternatives=\"lt\" data-language-to-translate-into=\"en\" data-phrase-index=\"0\">Elastic rubber<br \/>\n<\/span><\/span><\/li>\n<li>Length: ~ 18 cm<\/li>\n<li>Weight: ~14 grams<\/li>\n<li>The size of amber: ~ 11 mm<\/li>\n<\/ul>\n<p>*Please note that the color of the product may vary slightly from that shown in the photo, depending on the monitor used by the Buyer and the lighting settings in the photos.<\/p>","protected":false},"featured_media":3182,"comment_status":"open","ping_status":"closed","template":"","meta":[],"product_brand":[],"product_cat":[59,18,58],"product_tag":[1081,1082],"class_list":{"0":"post-3181","1":"product","2":"type-product","3":"status-publish","4":"has-post-thumbnail","6":"product_cat-gintaro-papuosalai-vyrams","7":"product_cat-gintaro-apyrankes","8":"product_cat-kolekcijos","9":"product_tag-ivairiaspalve-neblizgaus-gintaro-rutuliuku-formos-apyranke","10":"product_tag-unpolished-multicolored-amber-round-beads-stretch-bracelet","12":"first","13":"outofstock","14":"taxable","15":"shipping-taxable","16":"purchasable","17":"product-type-simple"},"yoast_head":"<!-- This site is optimized with the Yoast SEO Premium plugin v23.4 (Yoast SEO v26.8) - https:\/\/yoast.com\/product\/yoast-seo-premium-wordpress\/ -->\n<title>\u012evairiaspalv\u0117 neblizgaus gintaro rutuliuk\u0173 formos apyrank\u0117<\/title>\n<meta name=\"description\" content=\"Discover the natural beauty of genuine Baltic amber with this bracelet decorated with multi-colored, unpolished round amber beads.\" \/>\n<meta name=\"robots\" content=\"index, follow, max-snippet:-1, max-image-preview:large, max-video-preview:-1\" \/>\n<link rel=\"canonical\" href=\"https:\/\/amberwithsilver.com\/en\/product\/ivairiaspalve-neblizgaus-gintaro-rutuliuku-formos-apyranke\/\" \/>\n<meta property=\"og:locale\" content=\"en_US\" \/>\n<meta property=\"og:type\" content=\"article\" \/>\n<meta property=\"og:title\" content=\"\u012evairiaspalv\u0117 neblizgaus gintaro rutuliuk\u0173 formos apyrank\u0117\" \/>\n<meta property=\"og:description\" content=\"Discover the natural beauty of genuine Baltic amber with this bracelet decorated with multi-colored, unpolished round amber beads.\" \/>\n<meta property=\"og:url\" content=\"https:\/\/amberwithsilver.com\/en\/product\/ivairiaspalve-neblizgaus-gintaro-rutuliuku-formos-apyranke\/\" \/>\n<meta property=\"og:site_name\" content=\"AmberWithSilver\" \/>\n<meta property=\"article:modified_time\" content=\"2025-05-14T15:47:29+00:00\" \/>\n<meta property=\"og:image\" content=\"https:\/\/amberwithsilver.com\/wp-content\/uploads\/2023\/10\/id.534.webp\" \/>\n\t<meta property=\"og:image:width\" content=\"800\" \/>\n\t<meta property=\"og:image:height\" content=\"828\" \/>\n\t<meta property=\"og:image:type\" content=\"image\/webp\" \/>\n<meta name=\"twitter:card\" content=\"summary_large_image\" \/>\n<meta name=\"twitter:label1\" content=\"Est. reading time\" \/>\n\t<meta name=\"twitter:data1\" content=\"1 minute\" \/>\n<script type=\"application\/ld+json\" class=\"yoast-schema-graph\">{\"@context\":\"https:\/\/schema.org\",\"@graph\":[{\"@type\":\"WebPage\",\"@id\":\"https:\/\/amberwithsilver.com\/product\/ivairiaspalve-neblizgaus-gintaro-rutuliuku-formos-apyranke\/\",\"url\":\"https:\/\/amberwithsilver.com\/product\/ivairiaspalve-neblizgaus-gintaro-rutuliuku-formos-apyranke\/\",\"name\":\"\u012evairiaspalv\u0117 neblizgaus gintaro rutuliuk\u0173 formos apyrank\u0117\",\"isPartOf\":{\"@id\":\"https:\/\/amberwithsilver.com\/en\/#website\"},\"primaryImageOfPage\":{\"@id\":\"https:\/\/amberwithsilver.com\/product\/ivairiaspalve-neblizgaus-gintaro-rutuliuku-formos-apyranke\/#primaryimage\"},\"image\":{\"@id\":\"https:\/\/amberwithsilver.com\/product\/ivairiaspalve-neblizgaus-gintaro-rutuliuku-formos-apyranke\/#primaryimage\"},\"thumbnailUrl\":\"https:\/\/amberwithsilver.com\/wp-content\/uploads\/2023\/10\/id.534.webp\",\"datePublished\":\"2023-10-26T17:15:31+00:00\",\"dateModified\":\"2025-05-14T15:47:29+00:00\",\"description\":\"Discover the natural beauty of genuine Baltic amber with this bracelet decorated with multi-colored, unpolished round amber beads.\",\"breadcrumb\":{\"@id\":\"https:\/\/amberwithsilver.com\/product\/ivairiaspalve-neblizgaus-gintaro-rutuliuku-formos-apyranke\/#breadcrumb\"},\"inLanguage\":\"en-US\",\"potentialAction\":[{\"@type\":\"ReadAction\",\"target\":[\"https:\/\/amberwithsilver.com\/product\/ivairiaspalve-neblizgaus-gintaro-rutuliuku-formos-apyranke\/\"]}]},{\"@type\":\"ImageObject\",\"inLanguage\":\"en-US\",\"@id\":\"https:\/\/amberwithsilver.com\/product\/ivairiaspalve-neblizgaus-gintaro-rutuliuku-formos-apyranke\/#primaryimage\",\"url\":\"https:\/\/amberwithsilver.com\/wp-content\/uploads\/2023\/10\/id.534.webp\",\"contentUrl\":\"https:\/\/amberwithsilver.com\/wp-content\/uploads\/2023\/10\/id.534.webp\",\"width\":800,\"height\":828,\"caption\":\"\u012evairiaspalv\u0117 neblizgaus gintaro rutuliuk\u0173 formos apyrank\u0117, Unpolished multicolored amber round beads stretch bracelet\"},{\"@type\":\"BreadcrumbList\",\"@id\":\"https:\/\/amberwithsilver.com\/product\/ivairiaspalve-neblizgaus-gintaro-rutuliuku-formos-apyranke\/#breadcrumb\",\"itemListElement\":[{\"@type\":\"ListItem\",\"position\":1,\"name\":\"Home\",\"item\":\"https:\/\/amberwithsilver.com\/\"},{\"@type\":\"ListItem\",\"position\":2,\"name\":\"Parduotuv\u0117\",\"item\":\"https:\/\/amberwithsilver.com\/en\/parduotuve\/\"},{\"@type\":\"ListItem\",\"position\":3,\"name\":\"\u012evairiaspalv\u0117 neblizgaus gintaro rutuliuk\u0173 formos apyrank\u0117\"}]},{\"@type\":\"WebSite\",\"@id\":\"https:\/\/amberwithsilver.com\/en\/#website\",\"url\":\"https:\/\/amberwithsilver.com\/en\/\",\"name\":\"AmberWithSilver\",\"description\":\"Amber-Silver\",\"publisher\":{\"@id\":\"https:\/\/amberwithsilver.com\/en\/#organization\"},\"potentialAction\":[{\"@type\":\"SearchAction\",\"target\":{\"@type\":\"EntryPoint\",\"urlTemplate\":\"https:\/\/amberwithsilver.com\/en\/?s={search_term_string}\"},\"query-input\":{\"@type\":\"PropertyValueSpecification\",\"valueRequired\":true,\"valueName\":\"search_term_string\"}}],\"inLanguage\":\"en-US\"},{\"@type\":\"Organization\",\"@id\":\"https:\/\/amberwithsilver.com\/en\/#organization\",\"name\":\"amberwithsilver\",\"url\":\"https:\/\/amberwithsilver.com\/en\/\",\"logo\":{\"@type\":\"ImageObject\",\"inLanguage\":\"en-US\",\"@id\":\"https:\/\/amberwithsilver.com\/en\/#\/schema\/logo\/image\/\",\"url\":\"https:\/\/i0.wp.com\/amberwithsilver.com\/wp-content\/uploads\/2020\/12\/logo.jpg?fit=232%2C116&ssl=1\",\"contentUrl\":\"https:\/\/i0.wp.com\/amberwithsilver.com\/wp-content\/uploads\/2020\/12\/logo.jpg?fit=232%2C116&ssl=1\",\"width\":232,\"height\":116,\"caption\":\"amberwithsilver\"},\"image\":{\"@id\":\"https:\/\/amberwithsilver.com\/en\/#\/schema\/logo\/image\/\"}}]}<\/script>\n<!-- \/ Yoast SEO Premium plugin. -->","yoast_head_json":{"title":"Unpolished multicolored amber round beads stretch bracelet","description":"Discover the natural beauty of genuine Baltic amber with this bracelet decorated with multi-colored, unpolished round amber beads.","robots":{"index":"index","follow":"follow","max-snippet":"max-snippet:-1","max-image-preview":"max-image-preview:large","max-video-preview":"max-video-preview:-1"},"canonical":"https:\/\/amberwithsilver.com\/en\/product\/ivairiaspalve-neblizgaus-gintaro-rutuliuku-formos-apyranke\/","og_locale":"en_US","og_type":"article","og_title":"\u012evairiaspalv\u0117 neblizgaus gintaro rutuliuk\u0173 formos apyrank\u0117","og_description":"Discover the natural beauty of genuine Baltic amber with this bracelet decorated with multi-colored, unpolished round amber beads.","og_url":"https:\/\/amberwithsilver.com\/en\/product\/ivairiaspalve-neblizgaus-gintaro-rutuliuku-formos-apyranke\/","og_site_name":"AmberWithSilver","article_modified_time":"2025-05-14T15:47:29+00:00","og_image":[{"width":800,"height":828,"url":"https:\/\/amberwithsilver.com\/wp-content\/uploads\/2023\/10\/id.534.webp","type":"image\/webp"}],"twitter_card":"summary_large_image","twitter_misc":{"Est. reading time":"1 minute"},"schema":{"@context":"https:\/\/schema.org","@graph":[{"@type":"WebPage","@id":"https:\/\/amberwithsilver.com\/product\/ivairiaspalve-neblizgaus-gintaro-rutuliuku-formos-apyranke\/","url":"https:\/\/amberwithsilver.com\/product\/ivairiaspalve-neblizgaus-gintaro-rutuliuku-formos-apyranke\/","name":"Unpolished multicolored amber round beads stretch bracelet","isPartOf":{"@id":"https:\/\/amberwithsilver.com\/en\/#website"},"primaryImageOfPage":{"@id":"https:\/\/amberwithsilver.com\/product\/ivairiaspalve-neblizgaus-gintaro-rutuliuku-formos-apyranke\/#primaryimage"},"image":{"@id":"https:\/\/amberwithsilver.com\/product\/ivairiaspalve-neblizgaus-gintaro-rutuliuku-formos-apyranke\/#primaryimage"},"thumbnailUrl":"https:\/\/amberwithsilver.com\/wp-content\/uploads\/2023\/10\/id.534.webp","datePublished":"2023-10-26T17:15:31+00:00","dateModified":"2025-05-14T15:47:29+00:00","description":"Discover the natural beauty of genuine Baltic amber with this bracelet decorated with multi-colored, unpolished round amber beads.","breadcrumb":{"@id":"https:\/\/amberwithsilver.com\/product\/ivairiaspalve-neblizgaus-gintaro-rutuliuku-formos-apyranke\/#breadcrumb"},"inLanguage":"en-US","potentialAction":[{"@type":"ReadAction","target":["https:\/\/amberwithsilver.com\/product\/ivairiaspalve-neblizgaus-gintaro-rutuliuku-formos-apyranke\/"]}]},{"@type":"ImageObject","inLanguage":"en-US","@id":"https:\/\/amberwithsilver.com\/product\/ivairiaspalve-neblizgaus-gintaro-rutuliuku-formos-apyranke\/#primaryimage","url":"https:\/\/amberwithsilver.com\/wp-content\/uploads\/2023\/10\/id.534.webp","contentUrl":"https:\/\/amberwithsilver.com\/wp-content\/uploads\/2023\/10\/id.534.webp","width":800,"height":828,"caption":"\u012evairiaspalv\u0117 neblizgaus gintaro rutuliuk\u0173 formos apyrank\u0117, Unpolished multicolored amber round beads stretch bracelet"},{"@type":"BreadcrumbList","@id":"https:\/\/amberwithsilver.com\/product\/ivairiaspalve-neblizgaus-gintaro-rutuliuku-formos-apyranke\/#breadcrumb","itemListElement":[{"@type":"ListItem","position":1,"name":"Home","item":"https:\/\/amberwithsilver.com\/"},{"@type":"ListItem","position":2,"name":"Parduotuv\u0117","item":"https:\/\/amberwithsilver.com\/en\/parduotuve\/"},{"@type":"ListItem","position":3,"name":"\u012evairiaspalv\u0117 neblizgaus gintaro rutuliuk\u0173 formos apyrank\u0117"}]},{"@type":"WebSite","@id":"https:\/\/amberwithsilver.com\/en\/#website","url":"https:\/\/amberwithsilver.com\/en\/","name":"AmberWithSilver","description":"Amber-Silver","publisher":{"@id":"https:\/\/amberwithsilver.com\/en\/#organization"},"potentialAction":[{"@type":"SearchAction","target":{"@type":"EntryPoint","urlTemplate":"https:\/\/amberwithsilver.com\/en\/?s={search_term_string}"},"query-input":{"@type":"PropertyValueSpecification","valueRequired":true,"valueName":"search_term_string"}}],"inLanguage":"en-US"},{"@type":"Organization","@id":"https:\/\/amberwithsilver.com\/en\/#organization","name":"amberwithsilver","url":"https:\/\/amberwithsilver.com\/en\/","logo":{"@type":"ImageObject","inLanguage":"en-US","@id":"https:\/\/amberwithsilver.com\/en\/#\/schema\/logo\/image\/","url":"https:\/\/i0.wp.com\/amberwithsilver.com\/wp-content\/uploads\/2020\/12\/logo.jpg?fit=232%2C116&ssl=1","contentUrl":"https:\/\/i0.wp.com\/amberwithsilver.com\/wp-content\/uploads\/2020\/12\/logo.jpg?fit=232%2C116&ssl=1","width":232,"height":116,"caption":"amberwithsilver"},"image":{"@id":"https:\/\/amberwithsilver.com\/en\/#\/schema\/logo\/image\/"}}]}},"jetpack_sharing_enabled":true,"_links":{"self":[{"href":"https:\/\/amberwithsilver.com\/en\/wp-json\/wp\/v2\/product\/3181","targetHints":{"allow":["GET"]}}],"collection":[{"href":"https:\/\/amberwithsilver.com\/en\/wp-json\/wp\/v2\/product"}],"about":[{"href":"https:\/\/amberwithsilver.com\/en\/wp-json\/wp\/v2\/types\/product"}],"replies":[{"embeddable":true,"href":"https:\/\/amberwithsilver.com\/en\/wp-json\/wp\/v2\/comments?post=3181"}],"version-history":[{"count":0,"href":"https:\/\/amberwithsilver.com\/en\/wp-json\/wp\/v2\/product\/3181\/revisions"}],"wp:featuredmedia":[{"embeddable":true,"href":"https:\/\/amberwithsilver.com\/en\/wp-json\/wp\/v2\/media\/3182"}],"wp:attachment":[{"href":"https:\/\/amberwithsilver.com\/en\/wp-json\/wp\/v2\/media?parent=3181"}],"wp:term":[{"taxonomy":"product_brand","embeddable":true,"href":"https:\/\/amberwithsilver.com\/en\/wp-json\/wp\/v2\/product_brand?post=3181"},{"taxonomy":"product_cat","embeddable":true,"href":"https:\/\/amberwithsilver.com\/en\/wp-json\/wp\/v2\/product_cat?post=3181"},{"taxonomy":"product_tag","embeddable":true,"href":"https:\/\/amberwithsilver.com\/en\/wp-json\/wp\/v2\/product_tag?post=3181"}],"curies":[{"name":"wp","href":"https:\/\/api.w.org\/{rel}","templated":true}]}}