{"id":3209,"date":"2023-11-16T17:07:43","date_gmt":"2023-11-16T15:07:43","guid":{"rendered":"http:\/\/amberwithsilver.com\/?post_type=product&#038;p=3209"},"modified":"2025-05-14T17:47:29","modified_gmt":"2025-05-14T15:47:29","slug":"geltonu-su-fosilijomis-gintariniu-kubeliu-ir-tamsiu-diskeliu-formos-karoliai","status":"publish","type":"product","link":"https:\/\/amberwithsilver.com\/en\/product\/geltonu-su-fosilijomis-gintariniu-kubeliu-ir-tamsiu-diskeliu-formos-karoliai\/","title":{"rendered":"Milky with fossil amber cube and dark disc beads necklace"},"content":{"rendered":"<p>Milky with fossil amber cube and dark disc beads necklace.<\/p>\n<ul>\n<li><span class=\"VIiyi\" lang=\"lt\"><span class=\"JLqJ4b ChMk0b\" data-language-for-alternatives=\"lt\" data-language-to-translate-into=\"en\" data-phrase-index=\"0\">Genuine Baltic amber<br \/>\n<\/span><\/span><\/li>\n<li>Milky fossil color, cube shape beads<span class=\"VIiyi\" lang=\"lt\"><span class=\"JLqJ4b ChMk0b\" data-language-for-alternatives=\"lt\" data-language-to-translate-into=\"en\" data-phrase-index=\"0\"><br \/>\n<\/span><\/span><\/li>\n<li>Plastic screw clasp<\/li>\n<li>Length: ~ 45 cm<\/li>\n<li>Weight: ~ 42 grams<\/li>\n<li>The size of amber: ~ 8x11mm<\/li>\n<\/ul>\n<p>*Please note that the color of the product may vary slightly from that shown in the photo, depending on the monitor used by the Buyer and the lighting settings in the photos.<\/p>","protected":false},"excerpt":{"rendered":"<p>Milky with fossil amber cube and dark disc beads necklace.<\/p>\n<ul>\n<li><span class=\"VIiyi\" lang=\"lt\"><span class=\"JLqJ4b ChMk0b\" data-language-for-alternatives=\"lt\" data-language-to-translate-into=\"en\" data-phrase-index=\"0\">Genuine Baltic amber<br \/>\n<\/span><\/span><\/li>\n<li>Milky fossil color, cube shape beads<span class=\"VIiyi\" lang=\"lt\"><span class=\"JLqJ4b ChMk0b\" data-language-for-alternatives=\"lt\" data-language-to-translate-into=\"en\" data-phrase-index=\"0\"><br \/>\n<\/span><\/span><\/li>\n<li>Plastic screw clasp<\/li>\n<li>Length: ~ 45 cm<\/li>\n<li>Weight: ~ 42 grams<\/li>\n<li>The size of amber: ~ 8x11mm<\/li>\n<\/ul>\n<p>*Please note that the color of the product may vary slightly from that shown in the photo, depending on the monitor used by the Buyer and the lighting settings in the photos.<\/p>","protected":false},"featured_media":3210,"comment_status":"open","ping_status":"closed","template":"","meta":[],"product_brand":[],"product_cat":[35,59,58],"product_tag":[1099,1100,1101,633,634,1096,1097,1098],"class_list":{"0":"post-3209","1":"product","2":"type-product","3":"status-publish","4":"has-post-thumbnail","6":"product_cat-gintaro-karoliai","7":"product_cat-gintaro-papuosalai-vyrams","8":"product_cat-kolekcijos","9":"product_tag-amber-with-fossil","10":"product_tag-amber-is-suitable-for-both-men-and-women","11":"product_tag-amber-from-lithuania","12":"product_tag-natural-amber-necklace","13":"product_tag-naturalaus-gintaro-karoliai","14":"product_tag-geltonu-su-fosilijomis-gintariniu-kubeliu-ir-tamsiu-diskeliu-formos-karoliai","15":"product_tag-milky-with-fossil-amber-cube-and-dark-disc-beads-necklace","16":"product_tag-baltijos-gintaro-karoliai-su-fosilijomis","18":"first","19":"outofstock","20":"taxable","21":"shipping-taxable","22":"purchasable","23":"product-type-simple"},"yoast_head":"<!-- This site is optimized with the Yoast SEO Premium plugin v23.4 (Yoast SEO v27.4) - https:\/\/yoast.com\/product\/yoast-seo-premium-wordpress\/ -->\n<title>Milky with fossil amber cube and dark disc beads necklace<\/title>\n<meta name=\"description\" content=\"Gelton\u0173 su fosilijomis gintarini\u0173 kubeli\u0173 ir tamsi\u0173 diskeli\u0173 formos karoliai,Milky with fossil amber cube and dark disc beads necklace,amber necklace is suitable for both men and women\" \/>\n<meta name=\"robots\" content=\"index, follow, max-snippet:-1, max-image-preview:large, max-video-preview:-1\" \/>\n<link rel=\"canonical\" href=\"https:\/\/amberwithsilver.com\/en\/product\/geltonu-su-fosilijomis-gintariniu-kubeliu-ir-tamsiu-diskeliu-formos-karoliai\/\" \/>\n<meta property=\"og:locale\" content=\"en_US\" \/>\n<meta property=\"og:type\" content=\"article\" \/>\n<meta property=\"og:title\" content=\"Gelton\u0173 su fosilijomis gintarini\u0173 kubeli\u0173 ir tamsi\u0173 diskeli\u0173 formos karoliai\" \/>\n<meta property=\"og:description\" content=\"Gelton\u0173 su fosilijomis gintarini\u0173 kubeli\u0173 ir tamsi\u0173 diskeli\u0173 formos karoliai,Milky with fossil amber cube and dark disc beads necklace,amber necklace is suitable for both men and women\" \/>\n<meta property=\"og:url\" content=\"https:\/\/amberwithsilver.com\/en\/product\/geltonu-su-fosilijomis-gintariniu-kubeliu-ir-tamsiu-diskeliu-formos-karoliai\/\" \/>\n<meta property=\"og:site_name\" content=\"AmberWithSilver\" \/>\n<meta property=\"article:modified_time\" content=\"2025-05-14T15:47:29+00:00\" \/>\n<meta property=\"og:image\" content=\"https:\/\/amberwithsilver.com\/wp-content\/uploads\/2023\/11\/id.535.webp\" \/>\n\t<meta property=\"og:image:width\" content=\"800\" \/>\n\t<meta property=\"og:image:height\" content=\"694\" \/>\n\t<meta property=\"og:image:type\" content=\"image\/webp\" \/>\n<meta name=\"twitter:card\" content=\"summary_large_image\" \/>\n<meta name=\"twitter:label1\" content=\"Est. reading time\" \/>\n\t<meta name=\"twitter:data1\" content=\"1 minute\" \/>\n<script type=\"application\/ld+json\" class=\"yoast-schema-graph\">{\"@context\":\"https:\\\/\\\/schema.org\",\"@graph\":[{\"@type\":\"WebPage\",\"@id\":\"https:\\\/\\\/amberwithsilver.com\\\/product\\\/geltonu-su-fosilijomis-gintariniu-kubeliu-ir-tamsiu-diskeliu-formos-karoliai\\\/\",\"url\":\"https:\\\/\\\/amberwithsilver.com\\\/product\\\/geltonu-su-fosilijomis-gintariniu-kubeliu-ir-tamsiu-diskeliu-formos-karoliai\\\/\",\"name\":\"Milky with fossil amber cube and dark disc beads necklace\",\"isPartOf\":{\"@id\":\"https:\\\/\\\/amberwithsilver.com\\\/en\\\/#website\"},\"primaryImageOfPage\":{\"@id\":\"https:\\\/\\\/amberwithsilver.com\\\/product\\\/geltonu-su-fosilijomis-gintariniu-kubeliu-ir-tamsiu-diskeliu-formos-karoliai\\\/#primaryimage\"},\"image\":{\"@id\":\"https:\\\/\\\/amberwithsilver.com\\\/product\\\/geltonu-su-fosilijomis-gintariniu-kubeliu-ir-tamsiu-diskeliu-formos-karoliai\\\/#primaryimage\"},\"thumbnailUrl\":\"https:\\\/\\\/amberwithsilver.com\\\/wp-content\\\/uploads\\\/2023\\\/11\\\/id.535.webp\",\"datePublished\":\"2023-11-16T15:07:43+00:00\",\"dateModified\":\"2025-05-14T15:47:29+00:00\",\"description\":\"Gelton\u0173 su fosilijomis gintarini\u0173 kubeli\u0173 ir tamsi\u0173 diskeli\u0173 formos karoliai,Milky with fossil amber cube and dark disc beads necklace,amber necklace is suitable for both men and women\",\"breadcrumb\":{\"@id\":\"https:\\\/\\\/amberwithsilver.com\\\/product\\\/geltonu-su-fosilijomis-gintariniu-kubeliu-ir-tamsiu-diskeliu-formos-karoliai\\\/#breadcrumb\"},\"inLanguage\":\"en-US\",\"potentialAction\":[{\"@type\":\"ReadAction\",\"target\":[\"https:\\\/\\\/amberwithsilver.com\\\/product\\\/geltonu-su-fosilijomis-gintariniu-kubeliu-ir-tamsiu-diskeliu-formos-karoliai\\\/\"]}]},{\"@type\":\"ImageObject\",\"inLanguage\":\"en-US\",\"@id\":\"https:\\\/\\\/amberwithsilver.com\\\/product\\\/geltonu-su-fosilijomis-gintariniu-kubeliu-ir-tamsiu-diskeliu-formos-karoliai\\\/#primaryimage\",\"url\":\"https:\\\/\\\/amberwithsilver.com\\\/wp-content\\\/uploads\\\/2023\\\/11\\\/id.535.webp\",\"contentUrl\":\"https:\\\/\\\/amberwithsilver.com\\\/wp-content\\\/uploads\\\/2023\\\/11\\\/id.535.webp\",\"width\":800,\"height\":694,\"caption\":\"Gelton\u0173 su fosilijomis gintarini\u0173 kubeli\u0173 ir tamsi\u0173 diskeli\u0173 formos karoliai,Milky with fossil amber cube and dark disc beads necklace\"},{\"@type\":\"BreadcrumbList\",\"@id\":\"https:\\\/\\\/amberwithsilver.com\\\/product\\\/geltonu-su-fosilijomis-gintariniu-kubeliu-ir-tamsiu-diskeliu-formos-karoliai\\\/#breadcrumb\",\"itemListElement\":[{\"@type\":\"ListItem\",\"position\":1,\"name\":\"Home\",\"item\":\"https:\\\/\\\/amberwithsilver.com\\\/\"},{\"@type\":\"ListItem\",\"position\":2,\"name\":\"Parduotuv\u0117\",\"item\":\"https:\\\/\\\/amberwithsilver.com\\\/en\\\/parduotuve\\\/\"},{\"@type\":\"ListItem\",\"position\":3,\"name\":\"Gelton\u0173 su fosilijomis gintarini\u0173 kubeli\u0173 ir tamsi\u0173 diskeli\u0173 formos karoliai\"}]},{\"@type\":\"WebSite\",\"@id\":\"https:\\\/\\\/amberwithsilver.com\\\/en\\\/#website\",\"url\":\"https:\\\/\\\/amberwithsilver.com\\\/en\\\/\",\"name\":\"AmberWithSilver\",\"description\":\"Amber-Silver\",\"publisher\":{\"@id\":\"https:\\\/\\\/amberwithsilver.com\\\/en\\\/#organization\"},\"potentialAction\":[{\"@type\":\"SearchAction\",\"target\":{\"@type\":\"EntryPoint\",\"urlTemplate\":\"https:\\\/\\\/amberwithsilver.com\\\/en\\\/?s={search_term_string}\"},\"query-input\":{\"@type\":\"PropertyValueSpecification\",\"valueRequired\":true,\"valueName\":\"search_term_string\"}}],\"inLanguage\":\"en-US\"},{\"@type\":\"Organization\",\"@id\":\"https:\\\/\\\/amberwithsilver.com\\\/en\\\/#organization\",\"name\":\"amberwithsilver\",\"url\":\"https:\\\/\\\/amberwithsilver.com\\\/en\\\/\",\"logo\":{\"@type\":\"ImageObject\",\"inLanguage\":\"en-US\",\"@id\":\"https:\\\/\\\/amberwithsilver.com\\\/en\\\/#\\\/schema\\\/logo\\\/image\\\/\",\"url\":\"https:\\\/\\\/i0.wp.com\\\/amberwithsilver.com\\\/wp-content\\\/uploads\\\/2020\\\/12\\\/logo.jpg?fit=232%2C116&ssl=1\",\"contentUrl\":\"https:\\\/\\\/i0.wp.com\\\/amberwithsilver.com\\\/wp-content\\\/uploads\\\/2020\\\/12\\\/logo.jpg?fit=232%2C116&ssl=1\",\"width\":232,\"height\":116,\"caption\":\"amberwithsilver\"},\"image\":{\"@id\":\"https:\\\/\\\/amberwithsilver.com\\\/en\\\/#\\\/schema\\\/logo\\\/image\\\/\"}}]}<\/script>\n<!-- \/ Yoast SEO Premium plugin. -->","yoast_head_json":{"title":"Milky with fossil amber cube and dark disc beads necklace","description":"Gelton\u0173 su fosilijomis gintarini\u0173 kubeli\u0173 ir tamsi\u0173 diskeli\u0173 formos karoliai,Milky with fossil amber cube and dark disc beads necklace,amber necklace is suitable for both men and women","robots":{"index":"index","follow":"follow","max-snippet":"max-snippet:-1","max-image-preview":"max-image-preview:large","max-video-preview":"max-video-preview:-1"},"canonical":"https:\/\/amberwithsilver.com\/en\/product\/geltonu-su-fosilijomis-gintariniu-kubeliu-ir-tamsiu-diskeliu-formos-karoliai\/","og_locale":"en_US","og_type":"article","og_title":"Gelton\u0173 su fosilijomis gintarini\u0173 kubeli\u0173 ir tamsi\u0173 diskeli\u0173 formos karoliai","og_description":"Gelton\u0173 su fosilijomis gintarini\u0173 kubeli\u0173 ir tamsi\u0173 diskeli\u0173 formos karoliai,Milky with fossil amber cube and dark disc beads necklace,amber necklace is suitable for both men and women","og_url":"https:\/\/amberwithsilver.com\/en\/product\/geltonu-su-fosilijomis-gintariniu-kubeliu-ir-tamsiu-diskeliu-formos-karoliai\/","og_site_name":"AmberWithSilver","article_modified_time":"2025-05-14T15:47:29+00:00","og_image":[{"width":800,"height":694,"url":"https:\/\/amberwithsilver.com\/wp-content\/uploads\/2023\/11\/id.535.webp","type":"image\/webp"}],"twitter_card":"summary_large_image","twitter_misc":{"Est. reading time":"1 minute"},"schema":{"@context":"https:\/\/schema.org","@graph":[{"@type":"WebPage","@id":"https:\/\/amberwithsilver.com\/product\/geltonu-su-fosilijomis-gintariniu-kubeliu-ir-tamsiu-diskeliu-formos-karoliai\/","url":"https:\/\/amberwithsilver.com\/product\/geltonu-su-fosilijomis-gintariniu-kubeliu-ir-tamsiu-diskeliu-formos-karoliai\/","name":"Milky with fossil amber cube and dark disc beads necklace","isPartOf":{"@id":"https:\/\/amberwithsilver.com\/en\/#website"},"primaryImageOfPage":{"@id":"https:\/\/amberwithsilver.com\/product\/geltonu-su-fosilijomis-gintariniu-kubeliu-ir-tamsiu-diskeliu-formos-karoliai\/#primaryimage"},"image":{"@id":"https:\/\/amberwithsilver.com\/product\/geltonu-su-fosilijomis-gintariniu-kubeliu-ir-tamsiu-diskeliu-formos-karoliai\/#primaryimage"},"thumbnailUrl":"https:\/\/amberwithsilver.com\/wp-content\/uploads\/2023\/11\/id.535.webp","datePublished":"2023-11-16T15:07:43+00:00","dateModified":"2025-05-14T15:47:29+00:00","description":"Gelton\u0173 su fosilijomis gintarini\u0173 kubeli\u0173 ir tamsi\u0173 diskeli\u0173 formos karoliai,Milky with fossil amber cube and dark disc beads necklace,amber necklace is suitable for both men and women","breadcrumb":{"@id":"https:\/\/amberwithsilver.com\/product\/geltonu-su-fosilijomis-gintariniu-kubeliu-ir-tamsiu-diskeliu-formos-karoliai\/#breadcrumb"},"inLanguage":"en-US","potentialAction":[{"@type":"ReadAction","target":["https:\/\/amberwithsilver.com\/product\/geltonu-su-fosilijomis-gintariniu-kubeliu-ir-tamsiu-diskeliu-formos-karoliai\/"]}]},{"@type":"ImageObject","inLanguage":"en-US","@id":"https:\/\/amberwithsilver.com\/product\/geltonu-su-fosilijomis-gintariniu-kubeliu-ir-tamsiu-diskeliu-formos-karoliai\/#primaryimage","url":"https:\/\/amberwithsilver.com\/wp-content\/uploads\/2023\/11\/id.535.webp","contentUrl":"https:\/\/amberwithsilver.com\/wp-content\/uploads\/2023\/11\/id.535.webp","width":800,"height":694,"caption":"Gelton\u0173 su fosilijomis gintarini\u0173 kubeli\u0173 ir tamsi\u0173 diskeli\u0173 formos karoliai,Milky with fossil amber cube and dark disc beads necklace"},{"@type":"BreadcrumbList","@id":"https:\/\/amberwithsilver.com\/product\/geltonu-su-fosilijomis-gintariniu-kubeliu-ir-tamsiu-diskeliu-formos-karoliai\/#breadcrumb","itemListElement":[{"@type":"ListItem","position":1,"name":"Home","item":"https:\/\/amberwithsilver.com\/"},{"@type":"ListItem","position":2,"name":"Parduotuv\u0117","item":"https:\/\/amberwithsilver.com\/en\/parduotuve\/"},{"@type":"ListItem","position":3,"name":"Gelton\u0173 su fosilijomis gintarini\u0173 kubeli\u0173 ir tamsi\u0173 diskeli\u0173 formos karoliai"}]},{"@type":"WebSite","@id":"https:\/\/amberwithsilver.com\/en\/#website","url":"https:\/\/amberwithsilver.com\/en\/","name":"AmberWithSilver","description":"Amber-Silver","publisher":{"@id":"https:\/\/amberwithsilver.com\/en\/#organization"},"potentialAction":[{"@type":"SearchAction","target":{"@type":"EntryPoint","urlTemplate":"https:\/\/amberwithsilver.com\/en\/?s={search_term_string}"},"query-input":{"@type":"PropertyValueSpecification","valueRequired":true,"valueName":"search_term_string"}}],"inLanguage":"en-US"},{"@type":"Organization","@id":"https:\/\/amberwithsilver.com\/en\/#organization","name":"amberwithsilver","url":"https:\/\/amberwithsilver.com\/en\/","logo":{"@type":"ImageObject","inLanguage":"en-US","@id":"https:\/\/amberwithsilver.com\/en\/#\/schema\/logo\/image\/","url":"https:\/\/i0.wp.com\/amberwithsilver.com\/wp-content\/uploads\/2020\/12\/logo.jpg?fit=232%2C116&ssl=1","contentUrl":"https:\/\/i0.wp.com\/amberwithsilver.com\/wp-content\/uploads\/2020\/12\/logo.jpg?fit=232%2C116&ssl=1","width":232,"height":116,"caption":"amberwithsilver"},"image":{"@id":"https:\/\/amberwithsilver.com\/en\/#\/schema\/logo\/image\/"}}]}},"jetpack_sharing_enabled":true,"_links":{"self":[{"href":"https:\/\/amberwithsilver.com\/en\/wp-json\/wp\/v2\/product\/3209","targetHints":{"allow":["GET"]}}],"collection":[{"href":"https:\/\/amberwithsilver.com\/en\/wp-json\/wp\/v2\/product"}],"about":[{"href":"https:\/\/amberwithsilver.com\/en\/wp-json\/wp\/v2\/types\/product"}],"replies":[{"embeddable":true,"href":"https:\/\/amberwithsilver.com\/en\/wp-json\/wp\/v2\/comments?post=3209"}],"version-history":[{"count":0,"href":"https:\/\/amberwithsilver.com\/en\/wp-json\/wp\/v2\/product\/3209\/revisions"}],"wp:featuredmedia":[{"embeddable":true,"href":"https:\/\/amberwithsilver.com\/en\/wp-json\/wp\/v2\/media\/3210"}],"wp:attachment":[{"href":"https:\/\/amberwithsilver.com\/en\/wp-json\/wp\/v2\/media?parent=3209"}],"wp:term":[{"taxonomy":"product_brand","embeddable":true,"href":"https:\/\/amberwithsilver.com\/en\/wp-json\/wp\/v2\/product_brand?post=3209"},{"taxonomy":"product_cat","embeddable":true,"href":"https:\/\/amberwithsilver.com\/en\/wp-json\/wp\/v2\/product_cat?post=3209"},{"taxonomy":"product_tag","embeddable":true,"href":"https:\/\/amberwithsilver.com\/en\/wp-json\/wp\/v2\/product_tag?post=3209"}],"curies":[{"name":"wp","href":"https:\/\/api.w.org\/{rel}","templated":true}]}}