{"id":3242,"date":"2023-12-07T13:37:07","date_gmt":"2023-12-07T11:37:07","guid":{"rendered":"http:\/\/amberwithsilver.com\/?post_type=product&#038;p=3242"},"modified":"2025-05-14T17:45:59","modified_gmt":"2025-05-14T15:45:59","slug":"grandinele-sidabras-925-lygi-su-briaunotu-baltijos-gintaro-rutuliuku","status":"publish","type":"product","link":"https:\/\/amberwithsilver.com\/en\/product\/grandinele-sidabras-925-lygi-su-briaunotu-baltijos-gintaro-rutuliuku\/","title":{"rendered":"Chain silver 925 (flat) with faceted Baltic amber ball"},"content":{"rendered":"<p>925 silver chain (flat) with a faceted Baltic amber ball in two shades.<\/p>\n<ul>\n<li>Two shade faceted Baltic amber<\/li>\n<li>Round shape natural amber bead<\/li>\n<li>Chain gold-plated silver 925 (flat)<\/li>\n<li>Available chain lengths: 40 cm, 45 cm, 50 cm<\/li>\n<li>Bead size: 10-11 mm<\/li>\n<\/ul>\n<p>*Please note as with all natural gemstones the color may vary slightly from the photo shown.<\/p>","protected":false},"excerpt":{"rendered":"<p>925 silver chain (flat) with a faceted Baltic amber ball in two shades.<\/p>\n<ul>\n<li>Two shade faceted Baltic amber<\/li>\n<li>Round shape natural amber bead<\/li>\n<li>Chain gold-plated silver 925 (flat)<\/li>\n<li>Available chain lengths: 40 cm, 45 cm, 50 cm<\/li>\n<li>Bead size: 10-11 mm<\/li>\n<\/ul>\n<p>*Please note as with all natural gemstones the color may vary slightly from the photo shown.<\/p>","protected":false},"featured_media":3243,"comment_status":"open","ping_status":"closed","template":"","meta":[],"product_brand":[],"product_cat":[21],"product_tag":[311,1115,1116,1117,1118],"class_list":{"0":"post-3242","1":"product","2":"type-product","3":"status-publish","4":"has-post-thumbnail","6":"product_cat-gintaro-pakabukai","7":"product_tag-silver-amber-jewelry","8":"product_tag-grandinele-sidabras-925-lygi-su-briaunotu-baltijos-gintaro-rutuliuku","9":"product_tag-chain-silver-925-smooth-with-a-faceted-bead-of-baltic-amber","10":"product_tag-faceted-amber-bead","11":"product_tag-minimalistinis-gintaro-papuosalas","12":"pa_ilgis-40-cm","13":"pa_ilgis-45-cm","14":"pa_ilgis-50-cm","16":"first","17":"instock","18":"taxable","19":"shipping-taxable","20":"purchasable","21":"product-type-variable"},"yoast_head":"<!-- This site is optimized with the Yoast SEO Premium plugin v23.4 (Yoast SEO v26.8) - https:\/\/yoast.com\/product\/yoast-seo-premium-wordpress\/ -->\n<title>Grandin\u0117l\u0117 sidabras 925 (lygi) su briaunotu Baltijos gintaro rutuliuku<\/title>\n<meta name=\"description\" content=\"Grandin\u0117l\u0117 sidabras 925 (lygi) su briaunotu Baltijos gintaro rutuliuku,Chain silver 925 (smooth) with a faceted Baltic amber bead,sidabras su gintaru\" \/>\n<meta name=\"robots\" content=\"index, follow, max-snippet:-1, max-image-preview:large, max-video-preview:-1\" \/>\n<link rel=\"canonical\" href=\"https:\/\/amberwithsilver.com\/en\/product\/grandinele-sidabras-925-lygi-su-briaunotu-baltijos-gintaro-rutuliuku\/\" \/>\n<meta property=\"og:locale\" content=\"en_US\" \/>\n<meta property=\"og:type\" content=\"article\" \/>\n<meta property=\"og:title\" content=\"Grandin\u0117l\u0117 sidabras 925 (lygi) su briaunotu Baltijos gintaro rutuliuku\" \/>\n<meta property=\"og:description\" content=\"Grandin\u0117l\u0117 sidabras 925 (lygi) su briaunotu Baltijos gintaro rutuliuku,Chain silver 925 (smooth) with a faceted Baltic amber bead,sidabras su gintaru\" \/>\n<meta property=\"og:url\" content=\"https:\/\/amberwithsilver.com\/en\/product\/grandinele-sidabras-925-lygi-su-briaunotu-baltijos-gintaro-rutuliuku\/\" \/>\n<meta property=\"og:site_name\" content=\"AmberWithSilver\" \/>\n<meta property=\"article:modified_time\" content=\"2025-05-14T15:45:59+00:00\" \/>\n<meta property=\"og:image\" content=\"https:\/\/amberwithsilver.com\/wp-content\/uploads\/2023\/12\/id.537.webp\" \/>\n\t<meta property=\"og:image:width\" content=\"800\" \/>\n\t<meta property=\"og:image:height\" content=\"819\" \/>\n\t<meta property=\"og:image:type\" content=\"image\/webp\" \/>\n<meta name=\"twitter:card\" content=\"summary_large_image\" \/>\n<meta name=\"twitter:label1\" content=\"Est. reading time\" \/>\n\t<meta name=\"twitter:data1\" content=\"1 minute\" \/>\n<script type=\"application\/ld+json\" class=\"yoast-schema-graph\">{\"@context\":\"https:\/\/schema.org\",\"@graph\":[{\"@type\":\"WebPage\",\"@id\":\"https:\/\/amberwithsilver.com\/product\/grandinele-sidabras-925-lygi-su-briaunotu-baltijos-gintaro-rutuliuku\/\",\"url\":\"https:\/\/amberwithsilver.com\/product\/grandinele-sidabras-925-lygi-su-briaunotu-baltijos-gintaro-rutuliuku\/\",\"name\":\"Grandin\u0117l\u0117 sidabras 925 (lygi) su briaunotu Baltijos gintaro rutuliuku\",\"isPartOf\":{\"@id\":\"https:\/\/amberwithsilver.com\/en\/#website\"},\"primaryImageOfPage\":{\"@id\":\"https:\/\/amberwithsilver.com\/product\/grandinele-sidabras-925-lygi-su-briaunotu-baltijos-gintaro-rutuliuku\/#primaryimage\"},\"image\":{\"@id\":\"https:\/\/amberwithsilver.com\/product\/grandinele-sidabras-925-lygi-su-briaunotu-baltijos-gintaro-rutuliuku\/#primaryimage\"},\"thumbnailUrl\":\"https:\/\/amberwithsilver.com\/wp-content\/uploads\/2023\/12\/id.537.webp\",\"datePublished\":\"2023-12-07T11:37:07+00:00\",\"dateModified\":\"2025-05-14T15:45:59+00:00\",\"description\":\"Grandin\u0117l\u0117 sidabras 925 (lygi) su briaunotu Baltijos gintaro rutuliuku,Chain silver 925 (smooth) with a faceted Baltic amber bead,sidabras su gintaru\",\"breadcrumb\":{\"@id\":\"https:\/\/amberwithsilver.com\/product\/grandinele-sidabras-925-lygi-su-briaunotu-baltijos-gintaro-rutuliuku\/#breadcrumb\"},\"inLanguage\":\"en-US\",\"potentialAction\":[{\"@type\":\"ReadAction\",\"target\":[\"https:\/\/amberwithsilver.com\/product\/grandinele-sidabras-925-lygi-su-briaunotu-baltijos-gintaro-rutuliuku\/\"]}]},{\"@type\":\"ImageObject\",\"inLanguage\":\"en-US\",\"@id\":\"https:\/\/amberwithsilver.com\/product\/grandinele-sidabras-925-lygi-su-briaunotu-baltijos-gintaro-rutuliuku\/#primaryimage\",\"url\":\"https:\/\/amberwithsilver.com\/wp-content\/uploads\/2023\/12\/id.537.webp\",\"contentUrl\":\"https:\/\/amberwithsilver.com\/wp-content\/uploads\/2023\/12\/id.537.webp\",\"width\":800,\"height\":819,\"caption\":\"Grandin\u0117l\u0117 sidabras 925 (lygi) su briaunotu Baltijos gintaro rutuliuku,Chain silver 925 (smooth) with a faceted Baltic amber bead\"},{\"@type\":\"BreadcrumbList\",\"@id\":\"https:\/\/amberwithsilver.com\/product\/grandinele-sidabras-925-lygi-su-briaunotu-baltijos-gintaro-rutuliuku\/#breadcrumb\",\"itemListElement\":[{\"@type\":\"ListItem\",\"position\":1,\"name\":\"Home\",\"item\":\"https:\/\/amberwithsilver.com\/\"},{\"@type\":\"ListItem\",\"position\":2,\"name\":\"Parduotuv\u0117\",\"item\":\"https:\/\/amberwithsilver.com\/en\/parduotuve\/\"},{\"@type\":\"ListItem\",\"position\":3,\"name\":\"Grandin\u0117l\u0117 sidabras 925 (lygi) su briaunotu Baltijos gintaro rutuliuku\"}]},{\"@type\":\"WebSite\",\"@id\":\"https:\/\/amberwithsilver.com\/en\/#website\",\"url\":\"https:\/\/amberwithsilver.com\/en\/\",\"name\":\"AmberWithSilver\",\"description\":\"Amber-Silver\",\"publisher\":{\"@id\":\"https:\/\/amberwithsilver.com\/en\/#organization\"},\"potentialAction\":[{\"@type\":\"SearchAction\",\"target\":{\"@type\":\"EntryPoint\",\"urlTemplate\":\"https:\/\/amberwithsilver.com\/en\/?s={search_term_string}\"},\"query-input\":{\"@type\":\"PropertyValueSpecification\",\"valueRequired\":true,\"valueName\":\"search_term_string\"}}],\"inLanguage\":\"en-US\"},{\"@type\":\"Organization\",\"@id\":\"https:\/\/amberwithsilver.com\/en\/#organization\",\"name\":\"amberwithsilver\",\"url\":\"https:\/\/amberwithsilver.com\/en\/\",\"logo\":{\"@type\":\"ImageObject\",\"inLanguage\":\"en-US\",\"@id\":\"https:\/\/amberwithsilver.com\/en\/#\/schema\/logo\/image\/\",\"url\":\"https:\/\/i0.wp.com\/amberwithsilver.com\/wp-content\/uploads\/2020\/12\/logo.jpg?fit=232%2C116&ssl=1\",\"contentUrl\":\"https:\/\/i0.wp.com\/amberwithsilver.com\/wp-content\/uploads\/2020\/12\/logo.jpg?fit=232%2C116&ssl=1\",\"width\":232,\"height\":116,\"caption\":\"amberwithsilver\"},\"image\":{\"@id\":\"https:\/\/amberwithsilver.com\/en\/#\/schema\/logo\/image\/\"}}]}<\/script>\n<!-- \/ Yoast SEO Premium plugin. -->","yoast_head_json":{"title":"Chain silver 925 (flat) with faceted Baltic amber ball","description":"Grandin\u0117l\u0117 sidabras 925 (lygi) su briaunotu Baltijos gintaro rutuliuku,Chain silver 925 (smooth) with a faceted Baltic amber bead,sidabras su gintaru","robots":{"index":"index","follow":"follow","max-snippet":"max-snippet:-1","max-image-preview":"max-image-preview:large","max-video-preview":"max-video-preview:-1"},"canonical":"https:\/\/amberwithsilver.com\/en\/product\/grandinele-sidabras-925-lygi-su-briaunotu-baltijos-gintaro-rutuliuku\/","og_locale":"en_US","og_type":"article","og_title":"Grandin\u0117l\u0117 sidabras 925 (lygi) su briaunotu Baltijos gintaro rutuliuku","og_description":"Grandin\u0117l\u0117 sidabras 925 (lygi) su briaunotu Baltijos gintaro rutuliuku,Chain silver 925 (smooth) with a faceted Baltic amber bead,sidabras su gintaru","og_url":"https:\/\/amberwithsilver.com\/en\/product\/grandinele-sidabras-925-lygi-su-briaunotu-baltijos-gintaro-rutuliuku\/","og_site_name":"AmberWithSilver","article_modified_time":"2025-05-14T15:45:59+00:00","og_image":[{"width":800,"height":819,"url":"https:\/\/amberwithsilver.com\/wp-content\/uploads\/2023\/12\/id.537.webp","type":"image\/webp"}],"twitter_card":"summary_large_image","twitter_misc":{"Est. reading time":"1 minute"},"schema":{"@context":"https:\/\/schema.org","@graph":[{"@type":"WebPage","@id":"https:\/\/amberwithsilver.com\/product\/grandinele-sidabras-925-lygi-su-briaunotu-baltijos-gintaro-rutuliuku\/","url":"https:\/\/amberwithsilver.com\/product\/grandinele-sidabras-925-lygi-su-briaunotu-baltijos-gintaro-rutuliuku\/","name":"Chain silver 925 (flat) with faceted Baltic amber ball","isPartOf":{"@id":"https:\/\/amberwithsilver.com\/en\/#website"},"primaryImageOfPage":{"@id":"https:\/\/amberwithsilver.com\/product\/grandinele-sidabras-925-lygi-su-briaunotu-baltijos-gintaro-rutuliuku\/#primaryimage"},"image":{"@id":"https:\/\/amberwithsilver.com\/product\/grandinele-sidabras-925-lygi-su-briaunotu-baltijos-gintaro-rutuliuku\/#primaryimage"},"thumbnailUrl":"https:\/\/amberwithsilver.com\/wp-content\/uploads\/2023\/12\/id.537.webp","datePublished":"2023-12-07T11:37:07+00:00","dateModified":"2025-05-14T15:45:59+00:00","description":"Grandin\u0117l\u0117 sidabras 925 (lygi) su briaunotu Baltijos gintaro rutuliuku,Chain silver 925 (smooth) with a faceted Baltic amber bead,sidabras su gintaru","breadcrumb":{"@id":"https:\/\/amberwithsilver.com\/product\/grandinele-sidabras-925-lygi-su-briaunotu-baltijos-gintaro-rutuliuku\/#breadcrumb"},"inLanguage":"en-US","potentialAction":[{"@type":"ReadAction","target":["https:\/\/amberwithsilver.com\/product\/grandinele-sidabras-925-lygi-su-briaunotu-baltijos-gintaro-rutuliuku\/"]}]},{"@type":"ImageObject","inLanguage":"en-US","@id":"https:\/\/amberwithsilver.com\/product\/grandinele-sidabras-925-lygi-su-briaunotu-baltijos-gintaro-rutuliuku\/#primaryimage","url":"https:\/\/amberwithsilver.com\/wp-content\/uploads\/2023\/12\/id.537.webp","contentUrl":"https:\/\/amberwithsilver.com\/wp-content\/uploads\/2023\/12\/id.537.webp","width":800,"height":819,"caption":"Grandin\u0117l\u0117 sidabras 925 (lygi) su briaunotu Baltijos gintaro rutuliuku,Chain silver 925 (smooth) with a faceted Baltic amber bead"},{"@type":"BreadcrumbList","@id":"https:\/\/amberwithsilver.com\/product\/grandinele-sidabras-925-lygi-su-briaunotu-baltijos-gintaro-rutuliuku\/#breadcrumb","itemListElement":[{"@type":"ListItem","position":1,"name":"Home","item":"https:\/\/amberwithsilver.com\/"},{"@type":"ListItem","position":2,"name":"Parduotuv\u0117","item":"https:\/\/amberwithsilver.com\/en\/parduotuve\/"},{"@type":"ListItem","position":3,"name":"Grandin\u0117l\u0117 sidabras 925 (lygi) su briaunotu Baltijos gintaro rutuliuku"}]},{"@type":"WebSite","@id":"https:\/\/amberwithsilver.com\/en\/#website","url":"https:\/\/amberwithsilver.com\/en\/","name":"AmberWithSilver","description":"Amber-Silver","publisher":{"@id":"https:\/\/amberwithsilver.com\/en\/#organization"},"potentialAction":[{"@type":"SearchAction","target":{"@type":"EntryPoint","urlTemplate":"https:\/\/amberwithsilver.com\/en\/?s={search_term_string}"},"query-input":{"@type":"PropertyValueSpecification","valueRequired":true,"valueName":"search_term_string"}}],"inLanguage":"en-US"},{"@type":"Organization","@id":"https:\/\/amberwithsilver.com\/en\/#organization","name":"amberwithsilver","url":"https:\/\/amberwithsilver.com\/en\/","logo":{"@type":"ImageObject","inLanguage":"en-US","@id":"https:\/\/amberwithsilver.com\/en\/#\/schema\/logo\/image\/","url":"https:\/\/i0.wp.com\/amberwithsilver.com\/wp-content\/uploads\/2020\/12\/logo.jpg?fit=232%2C116&ssl=1","contentUrl":"https:\/\/i0.wp.com\/amberwithsilver.com\/wp-content\/uploads\/2020\/12\/logo.jpg?fit=232%2C116&ssl=1","width":232,"height":116,"caption":"amberwithsilver"},"image":{"@id":"https:\/\/amberwithsilver.com\/en\/#\/schema\/logo\/image\/"}}]}},"jetpack_sharing_enabled":true,"_links":{"self":[{"href":"https:\/\/amberwithsilver.com\/en\/wp-json\/wp\/v2\/product\/3242","targetHints":{"allow":["GET"]}}],"collection":[{"href":"https:\/\/amberwithsilver.com\/en\/wp-json\/wp\/v2\/product"}],"about":[{"href":"https:\/\/amberwithsilver.com\/en\/wp-json\/wp\/v2\/types\/product"}],"replies":[{"embeddable":true,"href":"https:\/\/amberwithsilver.com\/en\/wp-json\/wp\/v2\/comments?post=3242"}],"version-history":[{"count":0,"href":"https:\/\/amberwithsilver.com\/en\/wp-json\/wp\/v2\/product\/3242\/revisions"}],"wp:featuredmedia":[{"embeddable":true,"href":"https:\/\/amberwithsilver.com\/en\/wp-json\/wp\/v2\/media\/3243"}],"wp:attachment":[{"href":"https:\/\/amberwithsilver.com\/en\/wp-json\/wp\/v2\/media?parent=3242"}],"wp:term":[{"taxonomy":"product_brand","embeddable":true,"href":"https:\/\/amberwithsilver.com\/en\/wp-json\/wp\/v2\/product_brand?post=3242"},{"taxonomy":"product_cat","embeddable":true,"href":"https:\/\/amberwithsilver.com\/en\/wp-json\/wp\/v2\/product_cat?post=3242"},{"taxonomy":"product_tag","embeddable":true,"href":"https:\/\/amberwithsilver.com\/en\/wp-json\/wp\/v2\/product_tag?post=3242"}],"curies":[{"name":"wp","href":"https:\/\/api.w.org\/{rel}","templated":true}]}}