{"id":3257,"date":"2023-12-08T14:27:28","date_gmt":"2023-12-08T12:27:28","guid":{"rendered":"http:\/\/amberwithsilver.com\/?post_type=product&#038;p=3257"},"modified":"2025-09-02T21:12:23","modified_gmt":"2025-09-02T19:12:23","slug":"briaunotas-baltijos-gintaro-rutuliukas-dvieju-atspalviu","status":"publish","type":"product","link":"https:\/\/amberwithsilver.com\/en\/product\/briaunotas-baltijos-gintaro-rutuliukas-dvieju-atspalviu\/","title":{"rendered":"Faceted Baltic amber bead in two shades"},"content":{"rendered":"<p>Faceted Baltic amber bead in two shades.<\/p>\n<ul>\n<li>Two shade faceted Baltic amber<\/li>\n<li>Round shape natural amber bead<\/li>\n<li>Hole diameter: 2.8 mm<\/li>\n<li>Bead size: 10-11 mm<\/li>\n<\/ul>\n<p>*Please note as with all natural gemstones the color may vary slightly from the photo shown.<\/p>","protected":false},"excerpt":{"rendered":"<p>Faceted Baltic amber bead in two shades.<\/p>\n<ul>\n<li>Two shade faceted Baltic amber<\/li>\n<li>Round shape natural amber bead<\/li>\n<li>Hole diameter: 2.8 mm<\/li>\n<li>Bead size: 10-11 mm<\/li>\n<\/ul>\n<p>*Please note as with all natural gemstones the color may vary slightly from the photo shown.<\/p>","protected":false},"featured_media":3263,"comment_status":"open","ping_status":"closed","template":"","meta":[],"product_brand":[],"product_cat":[21,42],"product_tag":[1125,1126],"class_list":{"0":"post-3257","1":"product","2":"type-product","3":"status-publish","4":"has-post-thumbnail","6":"product_cat-gintaro-pakabukai","7":"product_cat-gintaro-detales","8":"product_tag-briaunotas-baltijos-gintaro-rutuliukas-dvieju-atspalviu","9":"product_tag-faceted-baltic-amber-bead-in-two-shades","11":"first","12":"instock","13":"taxable","14":"shipping-taxable","15":"purchasable","16":"product-type-simple"},"yoast_head":"<!-- This site is optimized with the Yoast SEO Premium plugin v23.4 (Yoast SEO v26.8) - https:\/\/yoast.com\/product\/yoast-seo-premium-wordpress\/ -->\n<title>Briaunotas Baltijos gintaro rutuliukas dviej\u0173 atspalvi\u0173<\/title>\n<meta name=\"description\" content=\"Briaunotas Baltijos gintaro rutuliukas dviej\u0173 atspalvi\u0173,Faceted Baltic amber bead in two shades\" \/>\n<meta name=\"robots\" content=\"index, follow, max-snippet:-1, max-image-preview:large, max-video-preview:-1\" \/>\n<link rel=\"canonical\" href=\"https:\/\/amberwithsilver.com\/en\/product\/briaunotas-baltijos-gintaro-rutuliukas-dvieju-atspalviu\/\" \/>\n<meta property=\"og:locale\" content=\"en_US\" \/>\n<meta property=\"og:type\" content=\"article\" \/>\n<meta property=\"og:title\" content=\"Briaunotas Baltijos gintaro rutuliukas dviej\u0173 atspalvi\u0173\" \/>\n<meta property=\"og:description\" content=\"Briaunotas Baltijos gintaro rutuliukas dviej\u0173 atspalvi\u0173,Faceted Baltic amber bead in two shades\" \/>\n<meta property=\"og:url\" content=\"https:\/\/amberwithsilver.com\/en\/product\/briaunotas-baltijos-gintaro-rutuliukas-dvieju-atspalviu\/\" \/>\n<meta property=\"og:site_name\" content=\"AmberWithSilver\" \/>\n<meta property=\"article:modified_time\" content=\"2025-09-02T19:12:23+00:00\" \/>\n<meta property=\"og:image\" content=\"https:\/\/amberwithsilver.com\/wp-content\/uploads\/2023\/12\/id.540.webp\" \/>\n\t<meta property=\"og:image:width\" content=\"2323\" \/>\n\t<meta property=\"og:image:height\" content=\"2430\" \/>\n\t<meta property=\"og:image:type\" content=\"image\/webp\" \/>\n<meta name=\"twitter:card\" content=\"summary_large_image\" \/>\n<meta name=\"twitter:label1\" content=\"Est. reading time\" \/>\n\t<meta name=\"twitter:data1\" content=\"1 minute\" \/>\n<script type=\"application\/ld+json\" class=\"yoast-schema-graph\">{\"@context\":\"https:\/\/schema.org\",\"@graph\":[{\"@type\":\"WebPage\",\"@id\":\"https:\/\/amberwithsilver.com\/product\/briaunotas-baltijos-gintaro-rutuliukas-dvieju-atspalviu\/\",\"url\":\"https:\/\/amberwithsilver.com\/product\/briaunotas-baltijos-gintaro-rutuliukas-dvieju-atspalviu\/\",\"name\":\"Briaunotas Baltijos gintaro rutuliukas dviej\u0173 atspalvi\u0173\",\"isPartOf\":{\"@id\":\"https:\/\/amberwithsilver.com\/en\/#website\"},\"primaryImageOfPage\":{\"@id\":\"https:\/\/amberwithsilver.com\/product\/briaunotas-baltijos-gintaro-rutuliukas-dvieju-atspalviu\/#primaryimage\"},\"image\":{\"@id\":\"https:\/\/amberwithsilver.com\/product\/briaunotas-baltijos-gintaro-rutuliukas-dvieju-atspalviu\/#primaryimage\"},\"thumbnailUrl\":\"https:\/\/amberwithsilver.com\/wp-content\/uploads\/2023\/12\/id.540.webp\",\"datePublished\":\"2023-12-08T12:27:28+00:00\",\"dateModified\":\"2025-09-02T19:12:23+00:00\",\"description\":\"Briaunotas Baltijos gintaro rutuliukas dviej\u0173 atspalvi\u0173,Faceted Baltic amber bead in two shades\",\"breadcrumb\":{\"@id\":\"https:\/\/amberwithsilver.com\/product\/briaunotas-baltijos-gintaro-rutuliukas-dvieju-atspalviu\/#breadcrumb\"},\"inLanguage\":\"en-US\",\"potentialAction\":[{\"@type\":\"ReadAction\",\"target\":[\"https:\/\/amberwithsilver.com\/product\/briaunotas-baltijos-gintaro-rutuliukas-dvieju-atspalviu\/\"]}]},{\"@type\":\"ImageObject\",\"inLanguage\":\"en-US\",\"@id\":\"https:\/\/amberwithsilver.com\/product\/briaunotas-baltijos-gintaro-rutuliukas-dvieju-atspalviu\/#primaryimage\",\"url\":\"https:\/\/amberwithsilver.com\/wp-content\/uploads\/2023\/12\/id.540.webp\",\"contentUrl\":\"https:\/\/amberwithsilver.com\/wp-content\/uploads\/2023\/12\/id.540.webp\",\"width\":2323,\"height\":2430,\"caption\":\"Briaunotas Baltijos gintaro rutuliukas dviej\u0173 atspalvi\u0173,Faceted Baltic amber bead in two shades\"},{\"@type\":\"BreadcrumbList\",\"@id\":\"https:\/\/amberwithsilver.com\/product\/briaunotas-baltijos-gintaro-rutuliukas-dvieju-atspalviu\/#breadcrumb\",\"itemListElement\":[{\"@type\":\"ListItem\",\"position\":1,\"name\":\"Home\",\"item\":\"https:\/\/amberwithsilver.com\/\"},{\"@type\":\"ListItem\",\"position\":2,\"name\":\"Parduotuv\u0117\",\"item\":\"https:\/\/amberwithsilver.com\/en\/parduotuve\/\"},{\"@type\":\"ListItem\",\"position\":3,\"name\":\"Briaunotas Baltijos gintaro rutuliukas dviej\u0173 atspalvi\u0173\"}]},{\"@type\":\"WebSite\",\"@id\":\"https:\/\/amberwithsilver.com\/en\/#website\",\"url\":\"https:\/\/amberwithsilver.com\/en\/\",\"name\":\"AmberWithSilver\",\"description\":\"Amber-Silver\",\"publisher\":{\"@id\":\"https:\/\/amberwithsilver.com\/en\/#organization\"},\"potentialAction\":[{\"@type\":\"SearchAction\",\"target\":{\"@type\":\"EntryPoint\",\"urlTemplate\":\"https:\/\/amberwithsilver.com\/en\/?s={search_term_string}\"},\"query-input\":{\"@type\":\"PropertyValueSpecification\",\"valueRequired\":true,\"valueName\":\"search_term_string\"}}],\"inLanguage\":\"en-US\"},{\"@type\":\"Organization\",\"@id\":\"https:\/\/amberwithsilver.com\/en\/#organization\",\"name\":\"amberwithsilver\",\"url\":\"https:\/\/amberwithsilver.com\/en\/\",\"logo\":{\"@type\":\"ImageObject\",\"inLanguage\":\"en-US\",\"@id\":\"https:\/\/amberwithsilver.com\/en\/#\/schema\/logo\/image\/\",\"url\":\"https:\/\/i0.wp.com\/amberwithsilver.com\/wp-content\/uploads\/2020\/12\/logo.jpg?fit=232%2C116&ssl=1\",\"contentUrl\":\"https:\/\/i0.wp.com\/amberwithsilver.com\/wp-content\/uploads\/2020\/12\/logo.jpg?fit=232%2C116&ssl=1\",\"width\":232,\"height\":116,\"caption\":\"amberwithsilver\"},\"image\":{\"@id\":\"https:\/\/amberwithsilver.com\/en\/#\/schema\/logo\/image\/\"}}]}<\/script>\n<!-- \/ Yoast SEO Premium plugin. -->","yoast_head_json":{"title":"Faceted Baltic amber bead in two shades","description":"Briaunotas Baltijos gintaro rutuliukas dviej\u0173 atspalvi\u0173,Faceted Baltic amber bead in two shades","robots":{"index":"index","follow":"follow","max-snippet":"max-snippet:-1","max-image-preview":"max-image-preview:large","max-video-preview":"max-video-preview:-1"},"canonical":"https:\/\/amberwithsilver.com\/en\/product\/briaunotas-baltijos-gintaro-rutuliukas-dvieju-atspalviu\/","og_locale":"en_US","og_type":"article","og_title":"Briaunotas Baltijos gintaro rutuliukas dviej\u0173 atspalvi\u0173","og_description":"Briaunotas Baltijos gintaro rutuliukas dviej\u0173 atspalvi\u0173,Faceted Baltic amber bead in two shades","og_url":"https:\/\/amberwithsilver.com\/en\/product\/briaunotas-baltijos-gintaro-rutuliukas-dvieju-atspalviu\/","og_site_name":"AmberWithSilver","article_modified_time":"2025-09-02T19:12:23+00:00","og_image":[{"width":2323,"height":2430,"url":"https:\/\/amberwithsilver.com\/wp-content\/uploads\/2023\/12\/id.540.webp","type":"image\/webp"}],"twitter_card":"summary_large_image","twitter_misc":{"Est. reading time":"1 minute"},"schema":{"@context":"https:\/\/schema.org","@graph":[{"@type":"WebPage","@id":"https:\/\/amberwithsilver.com\/product\/briaunotas-baltijos-gintaro-rutuliukas-dvieju-atspalviu\/","url":"https:\/\/amberwithsilver.com\/product\/briaunotas-baltijos-gintaro-rutuliukas-dvieju-atspalviu\/","name":"Faceted Baltic amber bead in two shades","isPartOf":{"@id":"https:\/\/amberwithsilver.com\/en\/#website"},"primaryImageOfPage":{"@id":"https:\/\/amberwithsilver.com\/product\/briaunotas-baltijos-gintaro-rutuliukas-dvieju-atspalviu\/#primaryimage"},"image":{"@id":"https:\/\/amberwithsilver.com\/product\/briaunotas-baltijos-gintaro-rutuliukas-dvieju-atspalviu\/#primaryimage"},"thumbnailUrl":"https:\/\/amberwithsilver.com\/wp-content\/uploads\/2023\/12\/id.540.webp","datePublished":"2023-12-08T12:27:28+00:00","dateModified":"2025-09-02T19:12:23+00:00","description":"Briaunotas Baltijos gintaro rutuliukas dviej\u0173 atspalvi\u0173,Faceted Baltic amber bead in two shades","breadcrumb":{"@id":"https:\/\/amberwithsilver.com\/product\/briaunotas-baltijos-gintaro-rutuliukas-dvieju-atspalviu\/#breadcrumb"},"inLanguage":"en-US","potentialAction":[{"@type":"ReadAction","target":["https:\/\/amberwithsilver.com\/product\/briaunotas-baltijos-gintaro-rutuliukas-dvieju-atspalviu\/"]}]},{"@type":"ImageObject","inLanguage":"en-US","@id":"https:\/\/amberwithsilver.com\/product\/briaunotas-baltijos-gintaro-rutuliukas-dvieju-atspalviu\/#primaryimage","url":"https:\/\/amberwithsilver.com\/wp-content\/uploads\/2023\/12\/id.540.webp","contentUrl":"https:\/\/amberwithsilver.com\/wp-content\/uploads\/2023\/12\/id.540.webp","width":2323,"height":2430,"caption":"Briaunotas Baltijos gintaro rutuliukas dviej\u0173 atspalvi\u0173,Faceted Baltic amber bead in two shades"},{"@type":"BreadcrumbList","@id":"https:\/\/amberwithsilver.com\/product\/briaunotas-baltijos-gintaro-rutuliukas-dvieju-atspalviu\/#breadcrumb","itemListElement":[{"@type":"ListItem","position":1,"name":"Home","item":"https:\/\/amberwithsilver.com\/"},{"@type":"ListItem","position":2,"name":"Parduotuv\u0117","item":"https:\/\/amberwithsilver.com\/en\/parduotuve\/"},{"@type":"ListItem","position":3,"name":"Briaunotas Baltijos gintaro rutuliukas dviej\u0173 atspalvi\u0173"}]},{"@type":"WebSite","@id":"https:\/\/amberwithsilver.com\/en\/#website","url":"https:\/\/amberwithsilver.com\/en\/","name":"AmberWithSilver","description":"Amber-Silver","publisher":{"@id":"https:\/\/amberwithsilver.com\/en\/#organization"},"potentialAction":[{"@type":"SearchAction","target":{"@type":"EntryPoint","urlTemplate":"https:\/\/amberwithsilver.com\/en\/?s={search_term_string}"},"query-input":{"@type":"PropertyValueSpecification","valueRequired":true,"valueName":"search_term_string"}}],"inLanguage":"en-US"},{"@type":"Organization","@id":"https:\/\/amberwithsilver.com\/en\/#organization","name":"amberwithsilver","url":"https:\/\/amberwithsilver.com\/en\/","logo":{"@type":"ImageObject","inLanguage":"en-US","@id":"https:\/\/amberwithsilver.com\/en\/#\/schema\/logo\/image\/","url":"https:\/\/i0.wp.com\/amberwithsilver.com\/wp-content\/uploads\/2020\/12\/logo.jpg?fit=232%2C116&ssl=1","contentUrl":"https:\/\/i0.wp.com\/amberwithsilver.com\/wp-content\/uploads\/2020\/12\/logo.jpg?fit=232%2C116&ssl=1","width":232,"height":116,"caption":"amberwithsilver"},"image":{"@id":"https:\/\/amberwithsilver.com\/en\/#\/schema\/logo\/image\/"}}]}},"jetpack_sharing_enabled":true,"_links":{"self":[{"href":"https:\/\/amberwithsilver.com\/en\/wp-json\/wp\/v2\/product\/3257","targetHints":{"allow":["GET"]}}],"collection":[{"href":"https:\/\/amberwithsilver.com\/en\/wp-json\/wp\/v2\/product"}],"about":[{"href":"https:\/\/amberwithsilver.com\/en\/wp-json\/wp\/v2\/types\/product"}],"replies":[{"embeddable":true,"href":"https:\/\/amberwithsilver.com\/en\/wp-json\/wp\/v2\/comments?post=3257"}],"version-history":[{"count":2,"href":"https:\/\/amberwithsilver.com\/en\/wp-json\/wp\/v2\/product\/3257\/revisions"}],"predecessor-version":[{"id":3774,"href":"https:\/\/amberwithsilver.com\/en\/wp-json\/wp\/v2\/product\/3257\/revisions\/3774"}],"wp:featuredmedia":[{"embeddable":true,"href":"https:\/\/amberwithsilver.com\/en\/wp-json\/wp\/v2\/media\/3263"}],"wp:attachment":[{"href":"https:\/\/amberwithsilver.com\/en\/wp-json\/wp\/v2\/media?parent=3257"}],"wp:term":[{"taxonomy":"product_brand","embeddable":true,"href":"https:\/\/amberwithsilver.com\/en\/wp-json\/wp\/v2\/product_brand?post=3257"},{"taxonomy":"product_cat","embeddable":true,"href":"https:\/\/amberwithsilver.com\/en\/wp-json\/wp\/v2\/product_cat?post=3257"},{"taxonomy":"product_tag","embeddable":true,"href":"https:\/\/amberwithsilver.com\/en\/wp-json\/wp\/v2\/product_tag?post=3257"}],"curies":[{"name":"wp","href":"https:\/\/api.w.org\/{rel}","templated":true}]}}