{"id":3317,"date":"2024-02-29T11:30:05","date_gmt":"2024-02-29T09:30:05","guid":{"rendered":"http:\/\/amberwithsilver.com\/?post_type=product&#038;p=3317"},"modified":"2025-05-14T17:45:58","modified_gmt":"2025-05-14T15:45:58","slug":"3317","status":"publish","type":"product","link":"https:\/\/amberwithsilver.com\/en\/product\/3317\/","title":{"rendered":"Teenage amber necklaces \u2013 multi-colored baroque-shaped charms"},"content":{"rendered":"<p>Teenage amber necklaces \u2013 multi-colored baroque-shaped charms.<\/p>\n<ul>\n<li><em>Baroque shape Baltic amber beads<\/em><\/li>\n<li><em>Multicolor<\/em><\/li>\n<li><em><span class=\"VIiyi\" lang=\"lt\"><span class=\"JLqJ4b ChMk0b\" data-language-for-alternatives=\"lt\" data-language-to-translate-into=\"en\" data-phrase-index=\"0\">Plastic safety clasp<\/span><\/span><\/em><\/li>\n<li><em>Length ~ 36-38 cm<\/em><\/li>\n<li><em>Beads size ~ 5 mm<\/em><\/li>\n<\/ul>\n<p>*Please note that the color of the product may vary slightly from that shown in the photo, depending on the monitor used by the Buyer and the lighting settings in the photos.<\/p>","protected":false},"excerpt":{"rendered":"<p>Teenage amber necklaces \u2013 multi-colored baroque-shaped charms.<\/p>\n<ul>\n<li><em>Baroque shape Baltic amber beads<\/em><\/li>\n<li><em>Multicolor<\/em><\/li>\n<li><em><span class=\"VIiyi\" lang=\"lt\"><span class=\"JLqJ4b ChMk0b\" data-language-for-alternatives=\"lt\" data-language-to-translate-into=\"en\" data-phrase-index=\"0\">Plastic safety clasp<\/span><\/span><\/em><\/li>\n<li><em>Length ~ 36-38 cm<\/em><\/li>\n<li><em>Beads size ~ 5 mm<\/em><\/li>\n<\/ul>\n<p>*Please note that the color of the product may vary slightly from that shown in the photo, depending on the monitor used by the Buyer and the lighting settings in the photos.<\/p>","protected":false},"featured_media":3318,"comment_status":"open","ping_status":"closed","template":"","meta":[],"product_brand":[],"product_cat":[36],"product_tag":[1150,1151,1152,1153,1154,1155],"class_list":{"0":"post-3317","1":"product","2":"type-product","3":"status-publish","4":"has-post-thumbnail","6":"product_cat-gintaro-karoliai-vaikams","7":"product_tag-paaugliu-gintaro-karoliai-ivairiaspalviai-baroko-formos-sarateliai","8":"product_tag-teenagers-amber-necklace-multicolored-baroque-beads","9":"product_tag-amber-necklace-for-teengers","10":"product_tag-natural-baltic-amber-for-babies-and-teenagers","11":"product_tag-naturalus-gintaras-paaugliams","12":"product_tag-baltijos-gintaro-karoliukai-paaugliams-ir-vaikams","14":"first","15":"instock","16":"taxable","17":"shipping-taxable","18":"purchasable","19":"product-type-simple"},"yoast_head":"<!-- This site is optimized with the Yoast SEO Premium plugin v23.4 (Yoast SEO v26.8) - https:\/\/yoast.com\/product\/yoast-seo-premium-wordpress\/ -->\n<title>Paaugli\u0173 gintaro karoliai - \u012fvairiaspalviai baroko formos \u0161arat\u0117liai<\/title>\n<meta name=\"description\" content=\"Paaugliams skirti gintaro karoliai 36-38 cm ilgio, \u012fvairiaspalviai baroko formos \u0161arat\u0117liai. Safe and comfortable Baltic amber necklaces for teenagers, measuring 36-38 cm.\" \/>\n<meta name=\"robots\" content=\"index, follow, max-snippet:-1, max-image-preview:large, max-video-preview:-1\" \/>\n<link rel=\"canonical\" href=\"https:\/\/amberwithsilver.com\/en\/product\/3317\/\" \/>\n<meta property=\"og:locale\" content=\"en_US\" \/>\n<meta property=\"og:type\" content=\"article\" \/>\n<meta property=\"og:title\" content=\"Paaugli\u0173 gintaro karoliai - \u012fvairiaspalviai baroko formos \u0161arat\u0117liai\" \/>\n<meta property=\"og:description\" content=\"Paaugliams skirti gintaro karoliai 36-38 cm ilgio, \u012fvairiaspalviai baroko formos \u0161arat\u0117liai. Safe and comfortable Baltic amber necklaces for teenagers, measuring 36-38 cm.\" \/>\n<meta property=\"og:url\" content=\"https:\/\/amberwithsilver.com\/en\/product\/3317\/\" \/>\n<meta property=\"og:site_name\" content=\"AmberWithSilver\" \/>\n<meta property=\"article:modified_time\" content=\"2025-05-14T15:45:58+00:00\" \/>\n<meta property=\"og:image\" content=\"https:\/\/amberwithsilver.com\/wp-content\/uploads\/2024\/02\/id.547.webp\" \/>\n\t<meta property=\"og:image:width\" content=\"800\" \/>\n\t<meta property=\"og:image:height\" content=\"668\" \/>\n\t<meta property=\"og:image:type\" content=\"image\/webp\" \/>\n<meta name=\"twitter:card\" content=\"summary_large_image\" \/>\n<meta name=\"twitter:label1\" content=\"Est. reading time\" \/>\n\t<meta name=\"twitter:data1\" content=\"1 minute\" \/>\n<script type=\"application\/ld+json\" class=\"yoast-schema-graph\">{\"@context\":\"https:\/\/schema.org\",\"@graph\":[{\"@type\":\"WebPage\",\"@id\":\"https:\/\/amberwithsilver.com\/product\/3317\/\",\"url\":\"https:\/\/amberwithsilver.com\/product\/3317\/\",\"name\":\"Paaugli\u0173 gintaro karoliai - \u012fvairiaspalviai baroko formos \u0161arat\u0117liai\",\"isPartOf\":{\"@id\":\"https:\/\/amberwithsilver.com\/en\/#website\"},\"primaryImageOfPage\":{\"@id\":\"https:\/\/amberwithsilver.com\/product\/3317\/#primaryimage\"},\"image\":{\"@id\":\"https:\/\/amberwithsilver.com\/product\/3317\/#primaryimage\"},\"thumbnailUrl\":\"https:\/\/amberwithsilver.com\/wp-content\/uploads\/2024\/02\/id.547.webp\",\"datePublished\":\"2024-02-29T09:30:05+00:00\",\"dateModified\":\"2025-05-14T15:45:58+00:00\",\"description\":\"Paaugliams skirti gintaro karoliai 36-38 cm ilgio, \u012fvairiaspalviai baroko formos \u0161arat\u0117liai. Safe and comfortable Baltic amber necklaces for teenagers, measuring 36-38 cm.\",\"breadcrumb\":{\"@id\":\"https:\/\/amberwithsilver.com\/product\/3317\/#breadcrumb\"},\"inLanguage\":\"en-US\",\"potentialAction\":[{\"@type\":\"ReadAction\",\"target\":[\"https:\/\/amberwithsilver.com\/product\/3317\/\"]}]},{\"@type\":\"ImageObject\",\"inLanguage\":\"en-US\",\"@id\":\"https:\/\/amberwithsilver.com\/product\/3317\/#primaryimage\",\"url\":\"https:\/\/amberwithsilver.com\/wp-content\/uploads\/2024\/02\/id.547.webp\",\"contentUrl\":\"https:\/\/amberwithsilver.com\/wp-content\/uploads\/2024\/02\/id.547.webp\",\"width\":800,\"height\":668,\"caption\":\"Paaugli\u0173 gintaro karoliai - \u012fvairiaspalviai baroko formos \u0161arat\u0117liai,Teenagers amber necklace - multicolored baroque beads\"},{\"@type\":\"BreadcrumbList\",\"@id\":\"https:\/\/amberwithsilver.com\/product\/3317\/#breadcrumb\",\"itemListElement\":[{\"@type\":\"ListItem\",\"position\":1,\"name\":\"Home\",\"item\":\"https:\/\/amberwithsilver.com\/\"},{\"@type\":\"ListItem\",\"position\":2,\"name\":\"Parduotuv\u0117\",\"item\":\"https:\/\/amberwithsilver.com\/en\/parduotuve\/\"},{\"@type\":\"ListItem\",\"position\":3,\"name\":\"Paaugli\u0173 gintaro karoliai &#8211; \u012fvairiaspalviai baroko formos \u0161arat\u0117liai\"}]},{\"@type\":\"WebSite\",\"@id\":\"https:\/\/amberwithsilver.com\/en\/#website\",\"url\":\"https:\/\/amberwithsilver.com\/en\/\",\"name\":\"AmberWithSilver\",\"description\":\"Amber-Silver\",\"publisher\":{\"@id\":\"https:\/\/amberwithsilver.com\/en\/#organization\"},\"potentialAction\":[{\"@type\":\"SearchAction\",\"target\":{\"@type\":\"EntryPoint\",\"urlTemplate\":\"https:\/\/amberwithsilver.com\/en\/?s={search_term_string}\"},\"query-input\":{\"@type\":\"PropertyValueSpecification\",\"valueRequired\":true,\"valueName\":\"search_term_string\"}}],\"inLanguage\":\"en-US\"},{\"@type\":\"Organization\",\"@id\":\"https:\/\/amberwithsilver.com\/en\/#organization\",\"name\":\"amberwithsilver\",\"url\":\"https:\/\/amberwithsilver.com\/en\/\",\"logo\":{\"@type\":\"ImageObject\",\"inLanguage\":\"en-US\",\"@id\":\"https:\/\/amberwithsilver.com\/en\/#\/schema\/logo\/image\/\",\"url\":\"https:\/\/i0.wp.com\/amberwithsilver.com\/wp-content\/uploads\/2020\/12\/logo.jpg?fit=232%2C116&ssl=1\",\"contentUrl\":\"https:\/\/i0.wp.com\/amberwithsilver.com\/wp-content\/uploads\/2020\/12\/logo.jpg?fit=232%2C116&ssl=1\",\"width\":232,\"height\":116,\"caption\":\"amberwithsilver\"},\"image\":{\"@id\":\"https:\/\/amberwithsilver.com\/en\/#\/schema\/logo\/image\/\"}}]}<\/script>\n<!-- \/ Yoast SEO Premium plugin. -->","yoast_head_json":{"title":"Paaugli\u0173 gintaro karoliai - \u012fvairiaspalviai baroko formos \u0161arat\u0117liai","description":"Paaugliams skirti gintaro karoliai 36-38 cm ilgio, \u012fvairiaspalviai baroko formos \u0161arat\u0117liai. Safe and comfortable Baltic amber necklaces for teenagers, measuring 36-38 cm.","robots":{"index":"index","follow":"follow","max-snippet":"max-snippet:-1","max-image-preview":"max-image-preview:large","max-video-preview":"max-video-preview:-1"},"canonical":"https:\/\/amberwithsilver.com\/en\/product\/3317\/","og_locale":"en_US","og_type":"article","og_title":"Paaugli\u0173 gintaro karoliai - \u012fvairiaspalviai baroko formos \u0161arat\u0117liai","og_description":"Paaugliams skirti gintaro karoliai 36-38 cm ilgio, \u012fvairiaspalviai baroko formos \u0161arat\u0117liai. Safe and comfortable Baltic amber necklaces for teenagers, measuring 36-38 cm.","og_url":"https:\/\/amberwithsilver.com\/en\/product\/3317\/","og_site_name":"AmberWithSilver","article_modified_time":"2025-05-14T15:45:58+00:00","og_image":[{"width":800,"height":668,"url":"https:\/\/amberwithsilver.com\/wp-content\/uploads\/2024\/02\/id.547.webp","type":"image\/webp"}],"twitter_card":"summary_large_image","twitter_misc":{"Est. reading time":"1 minute"},"schema":{"@context":"https:\/\/schema.org","@graph":[{"@type":"WebPage","@id":"https:\/\/amberwithsilver.com\/product\/3317\/","url":"https:\/\/amberwithsilver.com\/product\/3317\/","name":"Paaugli\u0173 gintaro karoliai - \u012fvairiaspalviai baroko formos \u0161arat\u0117liai","isPartOf":{"@id":"https:\/\/amberwithsilver.com\/en\/#website"},"primaryImageOfPage":{"@id":"https:\/\/amberwithsilver.com\/product\/3317\/#primaryimage"},"image":{"@id":"https:\/\/amberwithsilver.com\/product\/3317\/#primaryimage"},"thumbnailUrl":"https:\/\/amberwithsilver.com\/wp-content\/uploads\/2024\/02\/id.547.webp","datePublished":"2024-02-29T09:30:05+00:00","dateModified":"2025-05-14T15:45:58+00:00","description":"Paaugliams skirti gintaro karoliai 36-38 cm ilgio, \u012fvairiaspalviai baroko formos \u0161arat\u0117liai. Safe and comfortable Baltic amber necklaces for teenagers, measuring 36-38 cm.","breadcrumb":{"@id":"https:\/\/amberwithsilver.com\/product\/3317\/#breadcrumb"},"inLanguage":"en-US","potentialAction":[{"@type":"ReadAction","target":["https:\/\/amberwithsilver.com\/product\/3317\/"]}]},{"@type":"ImageObject","inLanguage":"en-US","@id":"https:\/\/amberwithsilver.com\/product\/3317\/#primaryimage","url":"https:\/\/amberwithsilver.com\/wp-content\/uploads\/2024\/02\/id.547.webp","contentUrl":"https:\/\/amberwithsilver.com\/wp-content\/uploads\/2024\/02\/id.547.webp","width":800,"height":668,"caption":"Paaugli\u0173 gintaro karoliai - \u012fvairiaspalviai baroko formos \u0161arat\u0117liai,Teenagers amber necklace - multicolored baroque beads"},{"@type":"BreadcrumbList","@id":"https:\/\/amberwithsilver.com\/product\/3317\/#breadcrumb","itemListElement":[{"@type":"ListItem","position":1,"name":"Home","item":"https:\/\/amberwithsilver.com\/"},{"@type":"ListItem","position":2,"name":"Parduotuv\u0117","item":"https:\/\/amberwithsilver.com\/en\/parduotuve\/"},{"@type":"ListItem","position":3,"name":"Paaugli\u0173 gintaro karoliai &#8211; \u012fvairiaspalviai baroko formos \u0161arat\u0117liai"}]},{"@type":"WebSite","@id":"https:\/\/amberwithsilver.com\/en\/#website","url":"https:\/\/amberwithsilver.com\/en\/","name":"AmberWithSilver","description":"Amber-Silver","publisher":{"@id":"https:\/\/amberwithsilver.com\/en\/#organization"},"potentialAction":[{"@type":"SearchAction","target":{"@type":"EntryPoint","urlTemplate":"https:\/\/amberwithsilver.com\/en\/?s={search_term_string}"},"query-input":{"@type":"PropertyValueSpecification","valueRequired":true,"valueName":"search_term_string"}}],"inLanguage":"en-US"},{"@type":"Organization","@id":"https:\/\/amberwithsilver.com\/en\/#organization","name":"amberwithsilver","url":"https:\/\/amberwithsilver.com\/en\/","logo":{"@type":"ImageObject","inLanguage":"en-US","@id":"https:\/\/amberwithsilver.com\/en\/#\/schema\/logo\/image\/","url":"https:\/\/i0.wp.com\/amberwithsilver.com\/wp-content\/uploads\/2020\/12\/logo.jpg?fit=232%2C116&ssl=1","contentUrl":"https:\/\/i0.wp.com\/amberwithsilver.com\/wp-content\/uploads\/2020\/12\/logo.jpg?fit=232%2C116&ssl=1","width":232,"height":116,"caption":"amberwithsilver"},"image":{"@id":"https:\/\/amberwithsilver.com\/en\/#\/schema\/logo\/image\/"}}]}},"jetpack_sharing_enabled":true,"_links":{"self":[{"href":"https:\/\/amberwithsilver.com\/en\/wp-json\/wp\/v2\/product\/3317","targetHints":{"allow":["GET"]}}],"collection":[{"href":"https:\/\/amberwithsilver.com\/en\/wp-json\/wp\/v2\/product"}],"about":[{"href":"https:\/\/amberwithsilver.com\/en\/wp-json\/wp\/v2\/types\/product"}],"replies":[{"embeddable":true,"href":"https:\/\/amberwithsilver.com\/en\/wp-json\/wp\/v2\/comments?post=3317"}],"version-history":[{"count":0,"href":"https:\/\/amberwithsilver.com\/en\/wp-json\/wp\/v2\/product\/3317\/revisions"}],"wp:featuredmedia":[{"embeddable":true,"href":"https:\/\/amberwithsilver.com\/en\/wp-json\/wp\/v2\/media\/3318"}],"wp:attachment":[{"href":"https:\/\/amberwithsilver.com\/en\/wp-json\/wp\/v2\/media?parent=3317"}],"wp:term":[{"taxonomy":"product_brand","embeddable":true,"href":"https:\/\/amberwithsilver.com\/en\/wp-json\/wp\/v2\/product_brand?post=3317"},{"taxonomy":"product_cat","embeddable":true,"href":"https:\/\/amberwithsilver.com\/en\/wp-json\/wp\/v2\/product_cat?post=3317"},{"taxonomy":"product_tag","embeddable":true,"href":"https:\/\/amberwithsilver.com\/en\/wp-json\/wp\/v2\/product_tag?post=3317"}],"curies":[{"name":"wp","href":"https:\/\/api.w.org\/{rel}","templated":true}]}}