{"id":3325,"date":"2024-02-29T12:49:14","date_gmt":"2024-02-29T10:49:14","guid":{"rendered":"http:\/\/amberwithsilver.com\/?post_type=product&#038;p=3325"},"modified":"2026-02-17T15:56:30","modified_gmt":"2026-02-17T13:56:30","slug":"suvenyras-pasaga-su-gintaru","status":"publish","type":"product","link":"https:\/\/amberwithsilver.com\/en\/product\/suvenyras-pasaga-su-gintaru\/","title":{"rendered":"Souvenir \"Horseshoe with amber\""},"content":{"rendered":"<p>Souvenir \"Horseshoe with amber\".<\/p>\n<p>The horseshoe is decorated with natural Baltic amber. It is a powerful talisman or amulet that protects against all evil and brings good luck. Since time immemorial, the horseshoe has been a harbinger of true happiness. It is believed that by hanging a horseshoe above the door or on the gate of the house, one can protect oneself from ill-wishers. Here, the inverted horseshoe becomes similar to the moon, which was considered a symbol of fertility even in ancient Greece.<\/p>\n<div>Finally, horseshoes are naturally associated with horses, and the horse was a symbol of a certain social status, a wealthy person and success in life.<\/div>","protected":false},"excerpt":{"rendered":"<p>Souvenir \"Horseshoe with amber\".<\/p>\n<p>The horseshoe is decorated with natural Baltic amber. It is a powerful talisman or amulet that protects against all evil and brings good luck. Since time immemorial, the horseshoe has been a harbinger of true happiness. It is believed that by hanging a horseshoe above the door or on the gate of the house, one can protect oneself from ill-wishers. Here, the inverted horseshoe becomes similar to the moon, which was considered a symbol of fertility even in ancient Greece.<\/p>\n<div>Finally, horseshoes are naturally associated with horses, and the horse was a symbol of a certain social status, a wealthy person and success in life.<\/div>","protected":false},"featured_media":3326,"comment_status":"open","ping_status":"closed","template":"","meta":[],"product_brand":[],"product_cat":[47,45],"product_tag":[1165,1166,1167,1168,1158,1169,1159,1170,1160,1171,1161,1172,1162,1173,1163,1164],"class_list":{"0":"post-3325","1":"product","2":"type-product","3":"status-publish","4":"has-post-thumbnail","6":"product_cat-gintarines-statuleles","7":"product_cat-gintaro-suvenyrai","8":"product_tag-laimes-ir-sekmes-talismanas","9":"product_tag-sekmes-amuletas","10":"product_tag-a-talisman-of-happiness-and-success","11":"product_tag-talisman-of-happiness-and-success","12":"product_tag-suvenyras-pasaga-su-gintaru","13":"product_tag-talisman-of-success","14":"product_tag-laimes-pasaga-su-gintaru","15":"product_tag-talisman-with-amber","16":"product_tag-gintarine-laimes-pasaga","17":"product_tag-talismanas-su-gintaru","18":"product_tag-laimes-pasaga","19":"product_tag-souvenir-horseshoe-with-amber","20":"product_tag-zirgo-pasaga","21":"product_tag-horseshoe-with-amber","22":"product_tag-naturalus-gintaras-ir-pasaga","23":"product_tag-laimes-amuletas","25":"first","26":"instock","27":"taxable","28":"shipping-taxable","29":"purchasable","30":"product-type-simple"},"yoast_head":"<!-- This site is optimized with the Yoast SEO Premium plugin v23.4 (Yoast SEO v27.4) - https:\/\/yoast.com\/product\/yoast-seo-premium-wordpress\/ -->\n<title>Suvenyras &quot;Pasaga su gintaru&quot;<\/title>\n<meta name=\"description\" content=\"Pasaga dekoruota nat\u016braliu Baltijos gintaru. Tai galingas talismanas arba amuletas, saugantis nuo bet kokio blogio ir ne\u0161antis s\u0117km\u0119. Souvenir &quot;Horseshoe with amber&quot;.\" \/>\n<meta name=\"robots\" content=\"index, follow, max-snippet:-1, max-image-preview:large, max-video-preview:-1\" \/>\n<link rel=\"canonical\" href=\"https:\/\/amberwithsilver.com\/en\/product\/suvenyras-pasaga-su-gintaru\/\" \/>\n<meta property=\"og:locale\" content=\"en_US\" \/>\n<meta property=\"og:type\" content=\"article\" \/>\n<meta property=\"og:title\" content=\"Suvenyras &quot;Pasaga su gintaru&quot;\" \/>\n<meta property=\"og:description\" content=\"Pasaga dekoruota nat\u016braliu Baltijos gintaru. Tai galingas talismanas arba amuletas, saugantis nuo bet kokio blogio ir ne\u0161antis s\u0117km\u0119. Souvenir &quot;Horseshoe with amber&quot;.\" \/>\n<meta property=\"og:url\" content=\"https:\/\/amberwithsilver.com\/en\/product\/suvenyras-pasaga-su-gintaru\/\" \/>\n<meta property=\"og:site_name\" content=\"AmberWithSilver\" \/>\n<meta property=\"article:modified_time\" content=\"2026-02-17T13:56:30+00:00\" \/>\n<meta property=\"og:image\" content=\"https:\/\/amberwithsilver.com\/wp-content\/uploads\/2024\/02\/id.544.webp\" \/>\n\t<meta property=\"og:image:width\" content=\"800\" \/>\n\t<meta property=\"og:image:height\" content=\"774\" \/>\n\t<meta property=\"og:image:type\" content=\"image\/webp\" \/>\n<meta name=\"twitter:card\" content=\"summary_large_image\" \/>\n<meta name=\"twitter:label1\" content=\"Est. reading time\" \/>\n\t<meta name=\"twitter:data1\" content=\"1 minute\" \/>\n<script type=\"application\/ld+json\" class=\"yoast-schema-graph\">{\"@context\":\"https:\\\/\\\/schema.org\",\"@graph\":[{\"@type\":\"WebPage\",\"@id\":\"https:\\\/\\\/amberwithsilver.com\\\/product\\\/suvenyras-pasaga-su-gintaru\\\/\",\"url\":\"https:\\\/\\\/amberwithsilver.com\\\/product\\\/suvenyras-pasaga-su-gintaru\\\/\",\"name\":\"Suvenyras \\\"Pasaga su gintaru\\\"\",\"isPartOf\":{\"@id\":\"https:\\\/\\\/amberwithsilver.com\\\/en\\\/#website\"},\"primaryImageOfPage\":{\"@id\":\"https:\\\/\\\/amberwithsilver.com\\\/product\\\/suvenyras-pasaga-su-gintaru\\\/#primaryimage\"},\"image\":{\"@id\":\"https:\\\/\\\/amberwithsilver.com\\\/product\\\/suvenyras-pasaga-su-gintaru\\\/#primaryimage\"},\"thumbnailUrl\":\"https:\\\/\\\/amberwithsilver.com\\\/wp-content\\\/uploads\\\/2024\\\/02\\\/id.544.webp\",\"datePublished\":\"2024-02-29T10:49:14+00:00\",\"dateModified\":\"2026-02-17T13:56:30+00:00\",\"description\":\"Pasaga dekoruota nat\u016braliu Baltijos gintaru. Tai galingas talismanas arba amuletas, saugantis nuo bet kokio blogio ir ne\u0161antis s\u0117km\u0119. Souvenir \\\"Horseshoe with amber\\\".\",\"breadcrumb\":{\"@id\":\"https:\\\/\\\/amberwithsilver.com\\\/product\\\/suvenyras-pasaga-su-gintaru\\\/#breadcrumb\"},\"inLanguage\":\"en-US\",\"potentialAction\":[{\"@type\":\"ReadAction\",\"target\":[\"https:\\\/\\\/amberwithsilver.com\\\/product\\\/suvenyras-pasaga-su-gintaru\\\/\"]}]},{\"@type\":\"ImageObject\",\"inLanguage\":\"en-US\",\"@id\":\"https:\\\/\\\/amberwithsilver.com\\\/product\\\/suvenyras-pasaga-su-gintaru\\\/#primaryimage\",\"url\":\"https:\\\/\\\/amberwithsilver.com\\\/wp-content\\\/uploads\\\/2024\\\/02\\\/id.544.webp\",\"contentUrl\":\"https:\\\/\\\/amberwithsilver.com\\\/wp-content\\\/uploads\\\/2024\\\/02\\\/id.544.webp\",\"width\":800,\"height\":774,\"caption\":\"Suvenyras \\\"Pasaga su gintaru\\\", Souvenir \\\"Horseshoe with amber\"},{\"@type\":\"BreadcrumbList\",\"@id\":\"https:\\\/\\\/amberwithsilver.com\\\/product\\\/suvenyras-pasaga-su-gintaru\\\/#breadcrumb\",\"itemListElement\":[{\"@type\":\"ListItem\",\"position\":1,\"name\":\"Home\",\"item\":\"https:\\\/\\\/amberwithsilver.com\\\/\"},{\"@type\":\"ListItem\",\"position\":2,\"name\":\"Parduotuv\u0117\",\"item\":\"https:\\\/\\\/amberwithsilver.com\\\/en\\\/parduotuve\\\/\"},{\"@type\":\"ListItem\",\"position\":3,\"name\":\"Suvenyras &#8222;Pasaga su gintaru&#8221;\"}]},{\"@type\":\"WebSite\",\"@id\":\"https:\\\/\\\/amberwithsilver.com\\\/en\\\/#website\",\"url\":\"https:\\\/\\\/amberwithsilver.com\\\/en\\\/\",\"name\":\"AmberWithSilver\",\"description\":\"Amber-Silver\",\"publisher\":{\"@id\":\"https:\\\/\\\/amberwithsilver.com\\\/en\\\/#organization\"},\"potentialAction\":[{\"@type\":\"SearchAction\",\"target\":{\"@type\":\"EntryPoint\",\"urlTemplate\":\"https:\\\/\\\/amberwithsilver.com\\\/en\\\/?s={search_term_string}\"},\"query-input\":{\"@type\":\"PropertyValueSpecification\",\"valueRequired\":true,\"valueName\":\"search_term_string\"}}],\"inLanguage\":\"en-US\"},{\"@type\":\"Organization\",\"@id\":\"https:\\\/\\\/amberwithsilver.com\\\/en\\\/#organization\",\"name\":\"amberwithsilver\",\"url\":\"https:\\\/\\\/amberwithsilver.com\\\/en\\\/\",\"logo\":{\"@type\":\"ImageObject\",\"inLanguage\":\"en-US\",\"@id\":\"https:\\\/\\\/amberwithsilver.com\\\/en\\\/#\\\/schema\\\/logo\\\/image\\\/\",\"url\":\"https:\\\/\\\/i0.wp.com\\\/amberwithsilver.com\\\/wp-content\\\/uploads\\\/2020\\\/12\\\/logo.jpg?fit=232%2C116&ssl=1\",\"contentUrl\":\"https:\\\/\\\/i0.wp.com\\\/amberwithsilver.com\\\/wp-content\\\/uploads\\\/2020\\\/12\\\/logo.jpg?fit=232%2C116&ssl=1\",\"width\":232,\"height\":116,\"caption\":\"amberwithsilver\"},\"image\":{\"@id\":\"https:\\\/\\\/amberwithsilver.com\\\/en\\\/#\\\/schema\\\/logo\\\/image\\\/\"}}]}<\/script>\n<!-- \/ Yoast SEO Premium plugin. -->","yoast_head_json":{"title":"Suvenyras \"Pasaga su gintaru\"","description":"Pasaga dekoruota nat\u016braliu Baltijos gintaru. Tai galingas talismanas arba amuletas, saugantis nuo bet kokio blogio ir ne\u0161antis s\u0117km\u0119. Souvenir \"Horseshoe with amber\".","robots":{"index":"index","follow":"follow","max-snippet":"max-snippet:-1","max-image-preview":"max-image-preview:large","max-video-preview":"max-video-preview:-1"},"canonical":"https:\/\/amberwithsilver.com\/en\/product\/suvenyras-pasaga-su-gintaru\/","og_locale":"en_US","og_type":"article","og_title":"Suvenyras \"Pasaga su gintaru\"","og_description":"Pasaga dekoruota nat\u016braliu Baltijos gintaru. Tai galingas talismanas arba amuletas, saugantis nuo bet kokio blogio ir ne\u0161antis s\u0117km\u0119. Souvenir \"Horseshoe with amber\".","og_url":"https:\/\/amberwithsilver.com\/en\/product\/suvenyras-pasaga-su-gintaru\/","og_site_name":"AmberWithSilver","article_modified_time":"2026-02-17T13:56:30+00:00","og_image":[{"width":800,"height":774,"url":"https:\/\/amberwithsilver.com\/wp-content\/uploads\/2024\/02\/id.544.webp","type":"image\/webp"}],"twitter_card":"summary_large_image","twitter_misc":{"Est. reading time":"1 minute"},"schema":{"@context":"https:\/\/schema.org","@graph":[{"@type":"WebPage","@id":"https:\/\/amberwithsilver.com\/product\/suvenyras-pasaga-su-gintaru\/","url":"https:\/\/amberwithsilver.com\/product\/suvenyras-pasaga-su-gintaru\/","name":"Suvenyras \"Pasaga su gintaru\"","isPartOf":{"@id":"https:\/\/amberwithsilver.com\/en\/#website"},"primaryImageOfPage":{"@id":"https:\/\/amberwithsilver.com\/product\/suvenyras-pasaga-su-gintaru\/#primaryimage"},"image":{"@id":"https:\/\/amberwithsilver.com\/product\/suvenyras-pasaga-su-gintaru\/#primaryimage"},"thumbnailUrl":"https:\/\/amberwithsilver.com\/wp-content\/uploads\/2024\/02\/id.544.webp","datePublished":"2024-02-29T10:49:14+00:00","dateModified":"2026-02-17T13:56:30+00:00","description":"Pasaga dekoruota nat\u016braliu Baltijos gintaru. Tai galingas talismanas arba amuletas, saugantis nuo bet kokio blogio ir ne\u0161antis s\u0117km\u0119. Souvenir \"Horseshoe with amber\".","breadcrumb":{"@id":"https:\/\/amberwithsilver.com\/product\/suvenyras-pasaga-su-gintaru\/#breadcrumb"},"inLanguage":"en-US","potentialAction":[{"@type":"ReadAction","target":["https:\/\/amberwithsilver.com\/product\/suvenyras-pasaga-su-gintaru\/"]}]},{"@type":"ImageObject","inLanguage":"en-US","@id":"https:\/\/amberwithsilver.com\/product\/suvenyras-pasaga-su-gintaru\/#primaryimage","url":"https:\/\/amberwithsilver.com\/wp-content\/uploads\/2024\/02\/id.544.webp","contentUrl":"https:\/\/amberwithsilver.com\/wp-content\/uploads\/2024\/02\/id.544.webp","width":800,"height":774,"caption":"Suvenyras \"Pasaga su gintaru\", Souvenir \"Horseshoe with amber"},{"@type":"BreadcrumbList","@id":"https:\/\/amberwithsilver.com\/product\/suvenyras-pasaga-su-gintaru\/#breadcrumb","itemListElement":[{"@type":"ListItem","position":1,"name":"Home","item":"https:\/\/amberwithsilver.com\/"},{"@type":"ListItem","position":2,"name":"Parduotuv\u0117","item":"https:\/\/amberwithsilver.com\/en\/parduotuve\/"},{"@type":"ListItem","position":3,"name":"Suvenyras &#8222;Pasaga su gintaru&#8221;"}]},{"@type":"WebSite","@id":"https:\/\/amberwithsilver.com\/en\/#website","url":"https:\/\/amberwithsilver.com\/en\/","name":"AmberWithSilver","description":"Amber-Silver","publisher":{"@id":"https:\/\/amberwithsilver.com\/en\/#organization"},"potentialAction":[{"@type":"SearchAction","target":{"@type":"EntryPoint","urlTemplate":"https:\/\/amberwithsilver.com\/en\/?s={search_term_string}"},"query-input":{"@type":"PropertyValueSpecification","valueRequired":true,"valueName":"search_term_string"}}],"inLanguage":"en-US"},{"@type":"Organization","@id":"https:\/\/amberwithsilver.com\/en\/#organization","name":"amberwithsilver","url":"https:\/\/amberwithsilver.com\/en\/","logo":{"@type":"ImageObject","inLanguage":"en-US","@id":"https:\/\/amberwithsilver.com\/en\/#\/schema\/logo\/image\/","url":"https:\/\/i0.wp.com\/amberwithsilver.com\/wp-content\/uploads\/2020\/12\/logo.jpg?fit=232%2C116&ssl=1","contentUrl":"https:\/\/i0.wp.com\/amberwithsilver.com\/wp-content\/uploads\/2020\/12\/logo.jpg?fit=232%2C116&ssl=1","width":232,"height":116,"caption":"amberwithsilver"},"image":{"@id":"https:\/\/amberwithsilver.com\/en\/#\/schema\/logo\/image\/"}}]}},"jetpack_sharing_enabled":true,"_links":{"self":[{"href":"https:\/\/amberwithsilver.com\/en\/wp-json\/wp\/v2\/product\/3325","targetHints":{"allow":["GET"]}}],"collection":[{"href":"https:\/\/amberwithsilver.com\/en\/wp-json\/wp\/v2\/product"}],"about":[{"href":"https:\/\/amberwithsilver.com\/en\/wp-json\/wp\/v2\/types\/product"}],"replies":[{"embeddable":true,"href":"https:\/\/amberwithsilver.com\/en\/wp-json\/wp\/v2\/comments?post=3325"}],"version-history":[{"count":2,"href":"https:\/\/amberwithsilver.com\/en\/wp-json\/wp\/v2\/product\/3325\/revisions"}],"predecessor-version":[{"id":3773,"href":"https:\/\/amberwithsilver.com\/en\/wp-json\/wp\/v2\/product\/3325\/revisions\/3773"}],"wp:featuredmedia":[{"embeddable":true,"href":"https:\/\/amberwithsilver.com\/en\/wp-json\/wp\/v2\/media\/3326"}],"wp:attachment":[{"href":"https:\/\/amberwithsilver.com\/en\/wp-json\/wp\/v2\/media?parent=3325"}],"wp:term":[{"taxonomy":"product_brand","embeddable":true,"href":"https:\/\/amberwithsilver.com\/en\/wp-json\/wp\/v2\/product_brand?post=3325"},{"taxonomy":"product_cat","embeddable":true,"href":"https:\/\/amberwithsilver.com\/en\/wp-json\/wp\/v2\/product_cat?post=3325"},{"taxonomy":"product_tag","embeddable":true,"href":"https:\/\/amberwithsilver.com\/en\/wp-json\/wp\/v2\/product_tag?post=3325"}],"curies":[{"name":"wp","href":"https:\/\/api.w.org\/{rel}","templated":true}]}}