{"id":3340,"date":"2024-03-01T18:50:45","date_gmt":"2024-03-01T16:50:45","guid":{"rendered":"http:\/\/amberwithsilver.com\/?post_type=product&#038;p=3340"},"modified":"2025-05-14T17:45:41","modified_gmt":"2025-05-14T15:45:41","slug":"paaugliu-gintaro-karoliai-ivairiaspalves-slyvutes","status":"publish","type":"product","link":"https:\/\/amberwithsilver.com\/en\/product\/paaugliu-gintaro-karoliai-ivairiaspalves-slyvutes\/","title":{"rendered":"Teenage amber necklace \u2013 multi-colored plums"},"content":{"rendered":"<p>Teenage amber necklace \u2013 multi-colored plums.<\/p>\n<ul>\n<li><em>Baroque-shaped Baltic amber plums<br \/>\n<\/em><\/li>\n<li><em>Multicolor<\/em><\/li>\n<li><em><span class=\"VIiyi\" lang=\"lt\"><span class=\"JLqJ4b ChMk0b\" data-language-for-alternatives=\"lt\" data-language-to-translate-into=\"en\" data-phrase-index=\"0\">Plastic screw clasp<\/span><\/span><\/em><\/li>\n<li><em>Length ~ 36-38 cm<\/em><\/li>\n<li><em>Beads size ~ 5\u00d78 mm.<\/em><\/li>\n<\/ul>\n<p>*Please note that the color of the product may vary slightly from that shown in the photo, depending on the monitor used by the Buyer and the lighting settings in the photos.<\/p>","protected":false},"excerpt":{"rendered":"<p>Teenage amber necklace \u2013 multi-colored plums.<\/p>\n<ul>\n<li><em>Baroque-shaped Baltic amber plums<br \/>\n<\/em><\/li>\n<li><em>Multicolor<\/em><\/li>\n<li><em><span class=\"VIiyi\" lang=\"lt\"><span class=\"JLqJ4b ChMk0b\" data-language-for-alternatives=\"lt\" data-language-to-translate-into=\"en\" data-phrase-index=\"0\">Plastic screw clasp<\/span><\/span><\/em><\/li>\n<li><em>Length ~ 36-38 cm<\/em><\/li>\n<li><em>Beads size ~ 5\u00d78 mm.<\/em><\/li>\n<\/ul>\n<p>*Please note that the color of the product may vary slightly from that shown in the photo, depending on the monitor used by the Buyer and the lighting settings in the photos.<\/p>","protected":false},"featured_media":3341,"comment_status":"open","ping_status":"closed","template":"","meta":[],"product_brand":[],"product_cat":[36],"product_tag":[1148,1184,1185,1186,1187,1188,1189,1190],"class_list":{"0":"post-3340","1":"product","2":"type-product","3":"status-publish","4":"has-post-thumbnail","6":"product_cat-gintaro-karoliai-vaikams","7":"product_tag-amber-necklace-for-teenagers","8":"product_tag-paaugliu-gintaro-karoliai-ivairiaspalves-slyvutes","9":"product_tag-teenagers-amber-necklace-multicolored-olive-beads","10":"product_tag-naturalios-spalvos-gintaro-karoliai-vaikams","11":"product_tag-round-milky-amber-beads-for-baby-and-teenagers","12":"product_tag-vaikams-skirti-gintaro-karoliai","13":"product_tag-amber-olive-beads-for-baby-and-teenagers","14":"product_tag-amber-beans-for-baby-and-teenagers","16":"first","17":"instock","18":"taxable","19":"shipping-taxable","20":"purchasable","21":"product-type-simple"},"yoast_head":"<!-- This site is optimized with the Yoast SEO Premium plugin v23.4 (Yoast SEO v26.8) - https:\/\/yoast.com\/product\/yoast-seo-premium-wordpress\/ -->\n<title>Paaugli\u0173 gintaro karoliai - \u012fvairiaspalv\u0117s slyvut\u0117s<\/title>\n<meta name=\"description\" content=\"Paaugliams skirti gintaro karoliukai 36-38 cm ilgio, \u012fvairiaspalv\u0117s slyvut\u0117s. Safe and comfortable Baltic amber necklaces for teenagers, measuring 36-38 cm.\" \/>\n<meta name=\"robots\" content=\"index, follow, max-snippet:-1, max-image-preview:large, max-video-preview:-1\" \/>\n<link rel=\"canonical\" href=\"https:\/\/amberwithsilver.com\/en\/product\/paaugliu-gintaro-karoliai-ivairiaspalves-slyvutes\/\" \/>\n<meta property=\"og:locale\" content=\"en_US\" \/>\n<meta property=\"og:type\" content=\"article\" \/>\n<meta property=\"og:title\" content=\"Paaugli\u0173 gintaro karoliai - \u012fvairiaspalv\u0117s slyvut\u0117s\" \/>\n<meta property=\"og:description\" content=\"Paaugliams skirti gintaro karoliukai 36-38 cm ilgio, \u012fvairiaspalv\u0117s slyvut\u0117s. Safe and comfortable Baltic amber necklaces for teenagers, measuring 36-38 cm.\" \/>\n<meta property=\"og:url\" content=\"https:\/\/amberwithsilver.com\/en\/product\/paaugliu-gintaro-karoliai-ivairiaspalves-slyvutes\/\" \/>\n<meta property=\"og:site_name\" content=\"AmberWithSilver\" \/>\n<meta property=\"article:modified_time\" content=\"2025-05-14T15:45:41+00:00\" \/>\n<meta property=\"og:image\" content=\"https:\/\/amberwithsilver.com\/wp-content\/uploads\/2024\/03\/id.551.webp\" \/>\n\t<meta property=\"og:image:width\" content=\"800\" \/>\n\t<meta property=\"og:image:height\" content=\"774\" \/>\n\t<meta property=\"og:image:type\" content=\"image\/webp\" \/>\n<meta name=\"twitter:card\" content=\"summary_large_image\" \/>\n<meta name=\"twitter:label1\" content=\"Est. reading time\" \/>\n\t<meta name=\"twitter:data1\" content=\"1 minute\" \/>\n<script type=\"application\/ld+json\" class=\"yoast-schema-graph\">{\"@context\":\"https:\/\/schema.org\",\"@graph\":[{\"@type\":\"WebPage\",\"@id\":\"https:\/\/amberwithsilver.com\/product\/paaugliu-gintaro-karoliai-ivairiaspalves-slyvutes\/\",\"url\":\"https:\/\/amberwithsilver.com\/product\/paaugliu-gintaro-karoliai-ivairiaspalves-slyvutes\/\",\"name\":\"Paaugli\u0173 gintaro karoliai - \u012fvairiaspalv\u0117s slyvut\u0117s\",\"isPartOf\":{\"@id\":\"https:\/\/amberwithsilver.com\/en\/#website\"},\"primaryImageOfPage\":{\"@id\":\"https:\/\/amberwithsilver.com\/product\/paaugliu-gintaro-karoliai-ivairiaspalves-slyvutes\/#primaryimage\"},\"image\":{\"@id\":\"https:\/\/amberwithsilver.com\/product\/paaugliu-gintaro-karoliai-ivairiaspalves-slyvutes\/#primaryimage\"},\"thumbnailUrl\":\"https:\/\/amberwithsilver.com\/wp-content\/uploads\/2024\/03\/id.551.webp\",\"datePublished\":\"2024-03-01T16:50:45+00:00\",\"dateModified\":\"2025-05-14T15:45:41+00:00\",\"description\":\"Paaugliams skirti gintaro karoliukai 36-38 cm ilgio, \u012fvairiaspalv\u0117s slyvut\u0117s. Safe and comfortable Baltic amber necklaces for teenagers, measuring 36-38 cm.\",\"breadcrumb\":{\"@id\":\"https:\/\/amberwithsilver.com\/product\/paaugliu-gintaro-karoliai-ivairiaspalves-slyvutes\/#breadcrumb\"},\"inLanguage\":\"en-US\",\"potentialAction\":[{\"@type\":\"ReadAction\",\"target\":[\"https:\/\/amberwithsilver.com\/product\/paaugliu-gintaro-karoliai-ivairiaspalves-slyvutes\/\"]}]},{\"@type\":\"ImageObject\",\"inLanguage\":\"en-US\",\"@id\":\"https:\/\/amberwithsilver.com\/product\/paaugliu-gintaro-karoliai-ivairiaspalves-slyvutes\/#primaryimage\",\"url\":\"https:\/\/amberwithsilver.com\/wp-content\/uploads\/2024\/03\/id.551.webp\",\"contentUrl\":\"https:\/\/amberwithsilver.com\/wp-content\/uploads\/2024\/03\/id.551.webp\",\"width\":800,\"height\":774,\"caption\":\"Paaugli\u0173 gintaro karoliai - \u012fvairiaspalv\u0117s slyvut\u0117s, Teenagers amber necklace - multicolored olive beads\u00a0\"},{\"@type\":\"BreadcrumbList\",\"@id\":\"https:\/\/amberwithsilver.com\/product\/paaugliu-gintaro-karoliai-ivairiaspalves-slyvutes\/#breadcrumb\",\"itemListElement\":[{\"@type\":\"ListItem\",\"position\":1,\"name\":\"Home\",\"item\":\"https:\/\/amberwithsilver.com\/\"},{\"@type\":\"ListItem\",\"position\":2,\"name\":\"Parduotuv\u0117\",\"item\":\"https:\/\/amberwithsilver.com\/en\/parduotuve\/\"},{\"@type\":\"ListItem\",\"position\":3,\"name\":\"Paaugli\u0173 gintaro karoliai &#8211; \u012fvairiaspalv\u0117s slyvut\u0117s\"}]},{\"@type\":\"WebSite\",\"@id\":\"https:\/\/amberwithsilver.com\/en\/#website\",\"url\":\"https:\/\/amberwithsilver.com\/en\/\",\"name\":\"AmberWithSilver\",\"description\":\"Amber-Silver\",\"publisher\":{\"@id\":\"https:\/\/amberwithsilver.com\/en\/#organization\"},\"potentialAction\":[{\"@type\":\"SearchAction\",\"target\":{\"@type\":\"EntryPoint\",\"urlTemplate\":\"https:\/\/amberwithsilver.com\/en\/?s={search_term_string}\"},\"query-input\":{\"@type\":\"PropertyValueSpecification\",\"valueRequired\":true,\"valueName\":\"search_term_string\"}}],\"inLanguage\":\"en-US\"},{\"@type\":\"Organization\",\"@id\":\"https:\/\/amberwithsilver.com\/en\/#organization\",\"name\":\"amberwithsilver\",\"url\":\"https:\/\/amberwithsilver.com\/en\/\",\"logo\":{\"@type\":\"ImageObject\",\"inLanguage\":\"en-US\",\"@id\":\"https:\/\/amberwithsilver.com\/en\/#\/schema\/logo\/image\/\",\"url\":\"https:\/\/i0.wp.com\/amberwithsilver.com\/wp-content\/uploads\/2020\/12\/logo.jpg?fit=232%2C116&ssl=1\",\"contentUrl\":\"https:\/\/i0.wp.com\/amberwithsilver.com\/wp-content\/uploads\/2020\/12\/logo.jpg?fit=232%2C116&ssl=1\",\"width\":232,\"height\":116,\"caption\":\"amberwithsilver\"},\"image\":{\"@id\":\"https:\/\/amberwithsilver.com\/en\/#\/schema\/logo\/image\/\"}}]}<\/script>\n<!-- \/ Yoast SEO Premium plugin. -->","yoast_head_json":{"title":"Paaugli\u0173 gintaro karoliai - \u012fvairiaspalv\u0117s slyvut\u0117s","description":"Paaugliams skirti gintaro karoliukai 36-38 cm ilgio, \u012fvairiaspalv\u0117s slyvut\u0117s. Safe and comfortable Baltic amber necklaces for teenagers, measuring 36-38 cm.","robots":{"index":"index","follow":"follow","max-snippet":"max-snippet:-1","max-image-preview":"max-image-preview:large","max-video-preview":"max-video-preview:-1"},"canonical":"https:\/\/amberwithsilver.com\/en\/product\/paaugliu-gintaro-karoliai-ivairiaspalves-slyvutes\/","og_locale":"en_US","og_type":"article","og_title":"Paaugli\u0173 gintaro karoliai - \u012fvairiaspalv\u0117s slyvut\u0117s","og_description":"Paaugliams skirti gintaro karoliukai 36-38 cm ilgio, \u012fvairiaspalv\u0117s slyvut\u0117s. Safe and comfortable Baltic amber necklaces for teenagers, measuring 36-38 cm.","og_url":"https:\/\/amberwithsilver.com\/en\/product\/paaugliu-gintaro-karoliai-ivairiaspalves-slyvutes\/","og_site_name":"AmberWithSilver","article_modified_time":"2025-05-14T15:45:41+00:00","og_image":[{"width":800,"height":774,"url":"https:\/\/amberwithsilver.com\/wp-content\/uploads\/2024\/03\/id.551.webp","type":"image\/webp"}],"twitter_card":"summary_large_image","twitter_misc":{"Est. reading time":"1 minute"},"schema":{"@context":"https:\/\/schema.org","@graph":[{"@type":"WebPage","@id":"https:\/\/amberwithsilver.com\/product\/paaugliu-gintaro-karoliai-ivairiaspalves-slyvutes\/","url":"https:\/\/amberwithsilver.com\/product\/paaugliu-gintaro-karoliai-ivairiaspalves-slyvutes\/","name":"Paaugli\u0173 gintaro karoliai - \u012fvairiaspalv\u0117s slyvut\u0117s","isPartOf":{"@id":"https:\/\/amberwithsilver.com\/en\/#website"},"primaryImageOfPage":{"@id":"https:\/\/amberwithsilver.com\/product\/paaugliu-gintaro-karoliai-ivairiaspalves-slyvutes\/#primaryimage"},"image":{"@id":"https:\/\/amberwithsilver.com\/product\/paaugliu-gintaro-karoliai-ivairiaspalves-slyvutes\/#primaryimage"},"thumbnailUrl":"https:\/\/amberwithsilver.com\/wp-content\/uploads\/2024\/03\/id.551.webp","datePublished":"2024-03-01T16:50:45+00:00","dateModified":"2025-05-14T15:45:41+00:00","description":"Paaugliams skirti gintaro karoliukai 36-38 cm ilgio, \u012fvairiaspalv\u0117s slyvut\u0117s. Safe and comfortable Baltic amber necklaces for teenagers, measuring 36-38 cm.","breadcrumb":{"@id":"https:\/\/amberwithsilver.com\/product\/paaugliu-gintaro-karoliai-ivairiaspalves-slyvutes\/#breadcrumb"},"inLanguage":"en-US","potentialAction":[{"@type":"ReadAction","target":["https:\/\/amberwithsilver.com\/product\/paaugliu-gintaro-karoliai-ivairiaspalves-slyvutes\/"]}]},{"@type":"ImageObject","inLanguage":"en-US","@id":"https:\/\/amberwithsilver.com\/product\/paaugliu-gintaro-karoliai-ivairiaspalves-slyvutes\/#primaryimage","url":"https:\/\/amberwithsilver.com\/wp-content\/uploads\/2024\/03\/id.551.webp","contentUrl":"https:\/\/amberwithsilver.com\/wp-content\/uploads\/2024\/03\/id.551.webp","width":800,"height":774,"caption":"Paaugli\u0173 gintaro karoliai - \u012fvairiaspalv\u0117s slyvut\u0117s, Teenagers amber necklace - multicolored olive beads\u00a0"},{"@type":"BreadcrumbList","@id":"https:\/\/amberwithsilver.com\/product\/paaugliu-gintaro-karoliai-ivairiaspalves-slyvutes\/#breadcrumb","itemListElement":[{"@type":"ListItem","position":1,"name":"Home","item":"https:\/\/amberwithsilver.com\/"},{"@type":"ListItem","position":2,"name":"Parduotuv\u0117","item":"https:\/\/amberwithsilver.com\/en\/parduotuve\/"},{"@type":"ListItem","position":3,"name":"Paaugli\u0173 gintaro karoliai &#8211; \u012fvairiaspalv\u0117s slyvut\u0117s"}]},{"@type":"WebSite","@id":"https:\/\/amberwithsilver.com\/en\/#website","url":"https:\/\/amberwithsilver.com\/en\/","name":"AmberWithSilver","description":"Amber-Silver","publisher":{"@id":"https:\/\/amberwithsilver.com\/en\/#organization"},"potentialAction":[{"@type":"SearchAction","target":{"@type":"EntryPoint","urlTemplate":"https:\/\/amberwithsilver.com\/en\/?s={search_term_string}"},"query-input":{"@type":"PropertyValueSpecification","valueRequired":true,"valueName":"search_term_string"}}],"inLanguage":"en-US"},{"@type":"Organization","@id":"https:\/\/amberwithsilver.com\/en\/#organization","name":"amberwithsilver","url":"https:\/\/amberwithsilver.com\/en\/","logo":{"@type":"ImageObject","inLanguage":"en-US","@id":"https:\/\/amberwithsilver.com\/en\/#\/schema\/logo\/image\/","url":"https:\/\/i0.wp.com\/amberwithsilver.com\/wp-content\/uploads\/2020\/12\/logo.jpg?fit=232%2C116&ssl=1","contentUrl":"https:\/\/i0.wp.com\/amberwithsilver.com\/wp-content\/uploads\/2020\/12\/logo.jpg?fit=232%2C116&ssl=1","width":232,"height":116,"caption":"amberwithsilver"},"image":{"@id":"https:\/\/amberwithsilver.com\/en\/#\/schema\/logo\/image\/"}}]}},"jetpack_sharing_enabled":true,"_links":{"self":[{"href":"https:\/\/amberwithsilver.com\/en\/wp-json\/wp\/v2\/product\/3340","targetHints":{"allow":["GET"]}}],"collection":[{"href":"https:\/\/amberwithsilver.com\/en\/wp-json\/wp\/v2\/product"}],"about":[{"href":"https:\/\/amberwithsilver.com\/en\/wp-json\/wp\/v2\/types\/product"}],"replies":[{"embeddable":true,"href":"https:\/\/amberwithsilver.com\/en\/wp-json\/wp\/v2\/comments?post=3340"}],"version-history":[{"count":0,"href":"https:\/\/amberwithsilver.com\/en\/wp-json\/wp\/v2\/product\/3340\/revisions"}],"wp:featuredmedia":[{"embeddable":true,"href":"https:\/\/amberwithsilver.com\/en\/wp-json\/wp\/v2\/media\/3341"}],"wp:attachment":[{"href":"https:\/\/amberwithsilver.com\/en\/wp-json\/wp\/v2\/media?parent=3340"}],"wp:term":[{"taxonomy":"product_brand","embeddable":true,"href":"https:\/\/amberwithsilver.com\/en\/wp-json\/wp\/v2\/product_brand?post=3340"},{"taxonomy":"product_cat","embeddable":true,"href":"https:\/\/amberwithsilver.com\/en\/wp-json\/wp\/v2\/product_cat?post=3340"},{"taxonomy":"product_tag","embeddable":true,"href":"https:\/\/amberwithsilver.com\/en\/wp-json\/wp\/v2\/product_tag?post=3340"}],"curies":[{"name":"wp","href":"https:\/\/api.w.org\/{rel}","templated":true}]}}