{"id":3343,"date":"2024-03-01T21:50:58","date_gmt":"2024-03-01T19:50:58","guid":{"rendered":"http:\/\/amberwithsilver.com\/?post_type=product&#038;p=3343"},"modified":"2025-05-14T17:45:41","modified_gmt":"2025-05-14T15:45:41","slug":"vysninio-gintaro-rutuliuku-karoliai-ir-apyranke-5-mm-su-lietuvos-trispalve","status":"publish","type":"product","link":"https:\/\/amberwithsilver.com\/en\/product\/vysninio-gintaro-rutuliuku-karoliai-ir-apyranke-5-mm-su-lietuvos-trispalve\/","title":{"rendered":"Cherry amber round beads necklace and bracelet 5 mm with Lithuanian flag"},"content":{"rendered":"<div class=\"woocommerce-product-details__short-description\">\n<p>Cherry amber round beads necklace and bracelet 5 mm with Lithuanian flag. Amber necklace and bracelet are made from 100% Baltic amber. Neatly sorted like the Lithuanian tricolor flag amber beads - yellow, green, red. This amber set is unique in it's range of colors. Closure of the necklace is made of plastic. This bracelet is on the stretch.<\/p>\n<ul>\n<li><em>Round shape Baltic amber beads<\/em><\/li>\n<li><em>Colors: dark cherry, lemon (yellow), green, red. <\/em><\/li>\n<li><em><span class=\"VIiyi\" lang=\"lt\"><span class=\"JLqJ4b ChMk0b\" data-language-for-alternatives=\"lt\" data-language-to-translate-into=\"en\" data-phrase-index=\"0\">Plastic screw clasp<\/span><\/span><\/em><\/li>\n<li><em>Length of necklace: ~43 cm; bracelet ~ 19 cm<br \/>\n<\/em><\/li>\n<li><em>Diameter: the size of amber up to ~ 5 mm<\/em><\/li>\n<li><em>Total weight: ~9.60 gr.<\/em><\/li>\n<\/ul>\n<p>*Please note that the color of the product may vary slightly from that shown in the photo, depending on the monitor used by the Buyer and the lighting settings in the photos.<\/p>\n<\/div>","protected":false},"excerpt":{"rendered":"<p>Cherry amber round beads necklace and bracelet 5 mm with Lithuanian flag. Amber necklace and bracelet are made from 100% Baltic amber. Neatly sorted like the Lithuanian tricolor flag amber beads - yellow, green, red. This amber set is unique in it's range of colors. Closure of the necklace is made of plastic. This bracelet is on the stretch.<\/p>\n<ul>\n<li><em>Round shape Baltic amber beads<\/em><\/li>\n<li><em>Colors: dark cherry, lemon (yellow), green, red. <\/em><\/li>\n<li><em><span class=\"VIiyi\" lang=\"lt\"><span class=\"JLqJ4b ChMk0b\" data-language-for-alternatives=\"lt\" data-language-to-translate-into=\"en\" data-phrase-index=\"0\">Plastic screw clasp<\/span><\/span><\/em><\/li>\n<li><em>Length of necklace: ~43 cm; bracelet ~ 19 cm<br \/>\n<\/em><\/li>\n<li><em>Diameter: the size of amber up to ~ 5 mm<\/em><\/li>\n<li><em>Total weight: ~9.60 gr.<\/em><\/li>\n<\/ul>\n<p>*Please note that the color of the product may vary slightly from that shown in the photo, depending on the monitor used by the Buyer and the lighting settings in the photos.<\/p>","protected":false},"featured_media":3344,"comment_status":"open","ping_status":"closed","template":"","meta":[],"product_brand":[],"product_cat":[35,18],"product_tag":[1191,1192,1194,1195],"class_list":{"0":"post-3343","1":"product","2":"type-product","3":"status-publish","4":"has-post-thumbnail","6":"product_cat-gintaro-karoliai","7":"product_cat-gintaro-apyrankes","8":"product_tag-vysninio-gintaro-rutuliuku-karoliai-ir-apyranke-5-mm-su-lietuvos-trispalve","9":"product_tag-cherry-amber-round-beads-necklace-and-bracelet-5-mm-with-lithuanian-flag","10":"product_tag-baltijos-gintaras-su-lietuvos-veliava","11":"product_tag-amber-with-lithuanian-flag","13":"first","14":"instock","15":"sale","16":"taxable","17":"shipping-taxable","18":"purchasable","19":"product-type-simple"},"yoast_head":"<!-- This site is optimized with the Yoast SEO Premium plugin v23.4 (Yoast SEO v26.8) - https:\/\/yoast.com\/product\/yoast-seo-premium-wordpress\/ -->\n<title>Vy\u0161ninio gintaro rutuliuk\u0173 karoliai ir apyrank\u0117 5 mm su Lietuvos v\u0117liava<\/title>\n<meta name=\"description\" content=\"Vy\u0161ninio gintaro rutuliuk\u0173 karoliai ir apyrank\u0117 5 mm su Lietuvos v\u0117liava,Cherry amber round beads necklace and bracelet 5 mm with Lithuanian flag\" \/>\n<meta name=\"robots\" content=\"index, follow, max-snippet:-1, max-image-preview:large, max-video-preview:-1\" \/>\n<link rel=\"canonical\" href=\"https:\/\/amberwithsilver.com\/en\/product\/vysninio-gintaro-rutuliuku-karoliai-ir-apyranke-5-mm-su-lietuvos-trispalve\/\" \/>\n<meta property=\"og:locale\" content=\"en_US\" \/>\n<meta property=\"og:type\" content=\"article\" \/>\n<meta property=\"og:title\" content=\"Vy\u0161ninio gintaro rutuliuk\u0173 karoliai ir apyrank\u0117 5 mm su Lietuvos v\u0117liava\" \/>\n<meta property=\"og:description\" content=\"Vy\u0161ninio gintaro rutuliuk\u0173 karoliai ir apyrank\u0117 5 mm su Lietuvos v\u0117liava,Cherry amber round beads necklace and bracelet 5 mm with Lithuanian flag\" \/>\n<meta property=\"og:url\" content=\"https:\/\/amberwithsilver.com\/en\/product\/vysninio-gintaro-rutuliuku-karoliai-ir-apyranke-5-mm-su-lietuvos-trispalve\/\" \/>\n<meta property=\"og:site_name\" content=\"AmberWithSilver\" \/>\n<meta property=\"article:modified_time\" content=\"2025-05-14T15:45:41+00:00\" \/>\n<meta property=\"og:image\" content=\"https:\/\/amberwithsilver.com\/wp-content\/uploads\/2024\/03\/id.554.webp\" \/>\n\t<meta property=\"og:image:width\" content=\"800\" \/>\n\t<meta property=\"og:image:height\" content=\"659\" \/>\n\t<meta property=\"og:image:type\" content=\"image\/webp\" \/>\n<meta name=\"twitter:card\" content=\"summary_large_image\" \/>\n<meta name=\"twitter:label1\" content=\"Est. reading time\" \/>\n\t<meta name=\"twitter:data1\" content=\"1 minute\" \/>\n<script type=\"application\/ld+json\" class=\"yoast-schema-graph\">{\"@context\":\"https:\/\/schema.org\",\"@graph\":[{\"@type\":\"WebPage\",\"@id\":\"https:\/\/amberwithsilver.com\/product\/vysninio-gintaro-rutuliuku-karoliai-ir-apyranke-5-mm-su-lietuvos-trispalve\/\",\"url\":\"https:\/\/amberwithsilver.com\/product\/vysninio-gintaro-rutuliuku-karoliai-ir-apyranke-5-mm-su-lietuvos-trispalve\/\",\"name\":\"Vy\u0161ninio gintaro rutuliuk\u0173 karoliai ir apyrank\u0117 5 mm su Lietuvos v\u0117liava\",\"isPartOf\":{\"@id\":\"https:\/\/amberwithsilver.com\/en\/#website\"},\"primaryImageOfPage\":{\"@id\":\"https:\/\/amberwithsilver.com\/product\/vysninio-gintaro-rutuliuku-karoliai-ir-apyranke-5-mm-su-lietuvos-trispalve\/#primaryimage\"},\"image\":{\"@id\":\"https:\/\/amberwithsilver.com\/product\/vysninio-gintaro-rutuliuku-karoliai-ir-apyranke-5-mm-su-lietuvos-trispalve\/#primaryimage\"},\"thumbnailUrl\":\"https:\/\/amberwithsilver.com\/wp-content\/uploads\/2024\/03\/id.554.webp\",\"datePublished\":\"2024-03-01T19:50:58+00:00\",\"dateModified\":\"2025-05-14T15:45:41+00:00\",\"description\":\"Vy\u0161ninio gintaro rutuliuk\u0173 karoliai ir apyrank\u0117 5 mm su Lietuvos v\u0117liava,Cherry amber round beads necklace and bracelet 5 mm with Lithuanian flag\",\"breadcrumb\":{\"@id\":\"https:\/\/amberwithsilver.com\/product\/vysninio-gintaro-rutuliuku-karoliai-ir-apyranke-5-mm-su-lietuvos-trispalve\/#breadcrumb\"},\"inLanguage\":\"en-US\",\"potentialAction\":[{\"@type\":\"ReadAction\",\"target\":[\"https:\/\/amberwithsilver.com\/product\/vysninio-gintaro-rutuliuku-karoliai-ir-apyranke-5-mm-su-lietuvos-trispalve\/\"]}]},{\"@type\":\"ImageObject\",\"inLanguage\":\"en-US\",\"@id\":\"https:\/\/amberwithsilver.com\/product\/vysninio-gintaro-rutuliuku-karoliai-ir-apyranke-5-mm-su-lietuvos-trispalve\/#primaryimage\",\"url\":\"https:\/\/amberwithsilver.com\/wp-content\/uploads\/2024\/03\/id.554.webp\",\"contentUrl\":\"https:\/\/amberwithsilver.com\/wp-content\/uploads\/2024\/03\/id.554.webp\",\"width\":800,\"height\":659,\"caption\":\"Vy\u0161ninio gintaro rutuliuk\u0173 karoliai ir apyrank\u0117 5 mm su Lietuvos v\u0117liava,Cherry amber round beads necklace and bracelet 5 mm with Lithuanian flag\"},{\"@type\":\"BreadcrumbList\",\"@id\":\"https:\/\/amberwithsilver.com\/product\/vysninio-gintaro-rutuliuku-karoliai-ir-apyranke-5-mm-su-lietuvos-trispalve\/#breadcrumb\",\"itemListElement\":[{\"@type\":\"ListItem\",\"position\":1,\"name\":\"Home\",\"item\":\"https:\/\/amberwithsilver.com\/\"},{\"@type\":\"ListItem\",\"position\":2,\"name\":\"Parduotuv\u0117\",\"item\":\"https:\/\/amberwithsilver.com\/en\/parduotuve\/\"},{\"@type\":\"ListItem\",\"position\":3,\"name\":\"Vy\u0161ninio gintaro rutuliuk\u0173 karoliai ir apyrank\u0117 5 mm su Lietuvos v\u0117liava\"}]},{\"@type\":\"WebSite\",\"@id\":\"https:\/\/amberwithsilver.com\/en\/#website\",\"url\":\"https:\/\/amberwithsilver.com\/en\/\",\"name\":\"AmberWithSilver\",\"description\":\"Amber-Silver\",\"publisher\":{\"@id\":\"https:\/\/amberwithsilver.com\/en\/#organization\"},\"potentialAction\":[{\"@type\":\"SearchAction\",\"target\":{\"@type\":\"EntryPoint\",\"urlTemplate\":\"https:\/\/amberwithsilver.com\/en\/?s={search_term_string}\"},\"query-input\":{\"@type\":\"PropertyValueSpecification\",\"valueRequired\":true,\"valueName\":\"search_term_string\"}}],\"inLanguage\":\"en-US\"},{\"@type\":\"Organization\",\"@id\":\"https:\/\/amberwithsilver.com\/en\/#organization\",\"name\":\"amberwithsilver\",\"url\":\"https:\/\/amberwithsilver.com\/en\/\",\"logo\":{\"@type\":\"ImageObject\",\"inLanguage\":\"en-US\",\"@id\":\"https:\/\/amberwithsilver.com\/en\/#\/schema\/logo\/image\/\",\"url\":\"https:\/\/i0.wp.com\/amberwithsilver.com\/wp-content\/uploads\/2020\/12\/logo.jpg?fit=232%2C116&ssl=1\",\"contentUrl\":\"https:\/\/i0.wp.com\/amberwithsilver.com\/wp-content\/uploads\/2020\/12\/logo.jpg?fit=232%2C116&ssl=1\",\"width\":232,\"height\":116,\"caption\":\"amberwithsilver\"},\"image\":{\"@id\":\"https:\/\/amberwithsilver.com\/en\/#\/schema\/logo\/image\/\"}}]}<\/script>\n<!-- \/ Yoast SEO Premium plugin. -->","yoast_head_json":{"title":"Cherry amber round beads necklace and bracelet 5 mm with Lithuanian flag","description":"Vy\u0161ninio gintaro rutuliuk\u0173 karoliai ir apyrank\u0117 5 mm su Lietuvos v\u0117liava,Cherry amber round beads necklace and bracelet 5 mm with Lithuanian flag","robots":{"index":"index","follow":"follow","max-snippet":"max-snippet:-1","max-image-preview":"max-image-preview:large","max-video-preview":"max-video-preview:-1"},"canonical":"https:\/\/amberwithsilver.com\/en\/product\/vysninio-gintaro-rutuliuku-karoliai-ir-apyranke-5-mm-su-lietuvos-trispalve\/","og_locale":"en_US","og_type":"article","og_title":"Vy\u0161ninio gintaro rutuliuk\u0173 karoliai ir apyrank\u0117 5 mm su Lietuvos v\u0117liava","og_description":"Vy\u0161ninio gintaro rutuliuk\u0173 karoliai ir apyrank\u0117 5 mm su Lietuvos v\u0117liava,Cherry amber round beads necklace and bracelet 5 mm with Lithuanian flag","og_url":"https:\/\/amberwithsilver.com\/en\/product\/vysninio-gintaro-rutuliuku-karoliai-ir-apyranke-5-mm-su-lietuvos-trispalve\/","og_site_name":"AmberWithSilver","article_modified_time":"2025-05-14T15:45:41+00:00","og_image":[{"width":800,"height":659,"url":"https:\/\/amberwithsilver.com\/wp-content\/uploads\/2024\/03\/id.554.webp","type":"image\/webp"}],"twitter_card":"summary_large_image","twitter_misc":{"Est. reading time":"1 minute"},"schema":{"@context":"https:\/\/schema.org","@graph":[{"@type":"WebPage","@id":"https:\/\/amberwithsilver.com\/product\/vysninio-gintaro-rutuliuku-karoliai-ir-apyranke-5-mm-su-lietuvos-trispalve\/","url":"https:\/\/amberwithsilver.com\/product\/vysninio-gintaro-rutuliuku-karoliai-ir-apyranke-5-mm-su-lietuvos-trispalve\/","name":"Cherry amber round beads necklace and bracelet 5 mm with Lithuanian flag","isPartOf":{"@id":"https:\/\/amberwithsilver.com\/en\/#website"},"primaryImageOfPage":{"@id":"https:\/\/amberwithsilver.com\/product\/vysninio-gintaro-rutuliuku-karoliai-ir-apyranke-5-mm-su-lietuvos-trispalve\/#primaryimage"},"image":{"@id":"https:\/\/amberwithsilver.com\/product\/vysninio-gintaro-rutuliuku-karoliai-ir-apyranke-5-mm-su-lietuvos-trispalve\/#primaryimage"},"thumbnailUrl":"https:\/\/amberwithsilver.com\/wp-content\/uploads\/2024\/03\/id.554.webp","datePublished":"2024-03-01T19:50:58+00:00","dateModified":"2025-05-14T15:45:41+00:00","description":"Vy\u0161ninio gintaro rutuliuk\u0173 karoliai ir apyrank\u0117 5 mm su Lietuvos v\u0117liava,Cherry amber round beads necklace and bracelet 5 mm with Lithuanian flag","breadcrumb":{"@id":"https:\/\/amberwithsilver.com\/product\/vysninio-gintaro-rutuliuku-karoliai-ir-apyranke-5-mm-su-lietuvos-trispalve\/#breadcrumb"},"inLanguage":"en-US","potentialAction":[{"@type":"ReadAction","target":["https:\/\/amberwithsilver.com\/product\/vysninio-gintaro-rutuliuku-karoliai-ir-apyranke-5-mm-su-lietuvos-trispalve\/"]}]},{"@type":"ImageObject","inLanguage":"en-US","@id":"https:\/\/amberwithsilver.com\/product\/vysninio-gintaro-rutuliuku-karoliai-ir-apyranke-5-mm-su-lietuvos-trispalve\/#primaryimage","url":"https:\/\/amberwithsilver.com\/wp-content\/uploads\/2024\/03\/id.554.webp","contentUrl":"https:\/\/amberwithsilver.com\/wp-content\/uploads\/2024\/03\/id.554.webp","width":800,"height":659,"caption":"Vy\u0161ninio gintaro rutuliuk\u0173 karoliai ir apyrank\u0117 5 mm su Lietuvos v\u0117liava,Cherry amber round beads necklace and bracelet 5 mm with Lithuanian flag"},{"@type":"BreadcrumbList","@id":"https:\/\/amberwithsilver.com\/product\/vysninio-gintaro-rutuliuku-karoliai-ir-apyranke-5-mm-su-lietuvos-trispalve\/#breadcrumb","itemListElement":[{"@type":"ListItem","position":1,"name":"Home","item":"https:\/\/amberwithsilver.com\/"},{"@type":"ListItem","position":2,"name":"Parduotuv\u0117","item":"https:\/\/amberwithsilver.com\/en\/parduotuve\/"},{"@type":"ListItem","position":3,"name":"Vy\u0161ninio gintaro rutuliuk\u0173 karoliai ir apyrank\u0117 5 mm su Lietuvos v\u0117liava"}]},{"@type":"WebSite","@id":"https:\/\/amberwithsilver.com\/en\/#website","url":"https:\/\/amberwithsilver.com\/en\/","name":"AmberWithSilver","description":"Amber-Silver","publisher":{"@id":"https:\/\/amberwithsilver.com\/en\/#organization"},"potentialAction":[{"@type":"SearchAction","target":{"@type":"EntryPoint","urlTemplate":"https:\/\/amberwithsilver.com\/en\/?s={search_term_string}"},"query-input":{"@type":"PropertyValueSpecification","valueRequired":true,"valueName":"search_term_string"}}],"inLanguage":"en-US"},{"@type":"Organization","@id":"https:\/\/amberwithsilver.com\/en\/#organization","name":"amberwithsilver","url":"https:\/\/amberwithsilver.com\/en\/","logo":{"@type":"ImageObject","inLanguage":"en-US","@id":"https:\/\/amberwithsilver.com\/en\/#\/schema\/logo\/image\/","url":"https:\/\/i0.wp.com\/amberwithsilver.com\/wp-content\/uploads\/2020\/12\/logo.jpg?fit=232%2C116&ssl=1","contentUrl":"https:\/\/i0.wp.com\/amberwithsilver.com\/wp-content\/uploads\/2020\/12\/logo.jpg?fit=232%2C116&ssl=1","width":232,"height":116,"caption":"amberwithsilver"},"image":{"@id":"https:\/\/amberwithsilver.com\/en\/#\/schema\/logo\/image\/"}}]}},"jetpack_sharing_enabled":true,"_links":{"self":[{"href":"https:\/\/amberwithsilver.com\/en\/wp-json\/wp\/v2\/product\/3343","targetHints":{"allow":["GET"]}}],"collection":[{"href":"https:\/\/amberwithsilver.com\/en\/wp-json\/wp\/v2\/product"}],"about":[{"href":"https:\/\/amberwithsilver.com\/en\/wp-json\/wp\/v2\/types\/product"}],"replies":[{"embeddable":true,"href":"https:\/\/amberwithsilver.com\/en\/wp-json\/wp\/v2\/comments?post=3343"}],"version-history":[{"count":0,"href":"https:\/\/amberwithsilver.com\/en\/wp-json\/wp\/v2\/product\/3343\/revisions"}],"wp:featuredmedia":[{"embeddable":true,"href":"https:\/\/amberwithsilver.com\/en\/wp-json\/wp\/v2\/media\/3344"}],"wp:attachment":[{"href":"https:\/\/amberwithsilver.com\/en\/wp-json\/wp\/v2\/media?parent=3343"}],"wp:term":[{"taxonomy":"product_brand","embeddable":true,"href":"https:\/\/amberwithsilver.com\/en\/wp-json\/wp\/v2\/product_brand?post=3343"},{"taxonomy":"product_cat","embeddable":true,"href":"https:\/\/amberwithsilver.com\/en\/wp-json\/wp\/v2\/product_cat?post=3343"},{"taxonomy":"product_tag","embeddable":true,"href":"https:\/\/amberwithsilver.com\/en\/wp-json\/wp\/v2\/product_tag?post=3343"}],"curies":[{"name":"wp","href":"https:\/\/api.w.org\/{rel}","templated":true}]}}