{"id":3463,"date":"2024-05-20T15:59:03","date_gmt":"2024-05-20T13:59:03","guid":{"rendered":"http:\/\/amberwithsilver.com\/?post_type=product&#038;p=3463"},"modified":"2026-02-17T16:28:06","modified_gmt":"2026-02-17T14:28:06","slug":"vysninio-gintaro-rutuliuku-apyranke-5-mm-su-lietuvos-veliava","status":"publish","type":"product","link":"https:\/\/amberwithsilver.com\/en\/product\/vysninio-gintaro-rutuliuku-apyranke-5-mm-su-lietuvos-veliava\/","title":{"rendered":"Vy\u0161ninio gintaro rutuliuk\u0173 apyrank\u0117 5 mm su Lietuvos v\u0117liava"},"content":{"rendered":"<p>Vy\u0161ninio gintaro rutuliuk\u0173 apyrank\u0117 5 mm su Lietuvos v\u0117liava. Gintarin\u0117 apyrank\u0117 yra pagaminti i\u0161 100% Baltijos gintaro. Dailiai surikiuoti, it Lietuvos trispalv\u0117 v\u0117liava, gintariukai &#8211; geltona, \u017ealia, raudona.<\/p>\n<ul>\n<li><em>Round shape Baltic amber beads<\/em><\/li>\n<li><em>Colors: dark cherry, lemon (yellow), green, red. <\/em><\/li>\n<li><em>Elastic silicon<\/em><\/li>\n<li><em>Ilgis: ~18-20 cm<br \/>\n<\/em><\/li>\n<li><em>Diameter: the size of amber up to ~ 5 mm<\/em><\/li>\n<li><em>Weight: ~2,80 grams<\/em><\/li>\n<\/ul>\n<p>*Please note that the color of the product may vary slightly from that shown in the photo, depending on the monitor used by the Buyer and the lighting settings in the photos.<\/p>","protected":false},"excerpt":{"rendered":"<p>Vy\u0161ninio gintaro rutuliuk\u0173 apyrank\u0117 5 mm su Lietuvos v\u0117liava. Gintarin\u0117 apyrank\u0117 yra pagaminti i\u0161 100% Baltijos gintaro. Dailiai surikiuoti, it Lietuvos trispalv\u0117 v\u0117liava, gintariukai &#8211; geltona, \u017ealia, raudona.<\/p>\n<ul>\n<li><em>Round shape Baltic amber beads<\/em><\/li>\n<li><em>Colors: dark cherry, lemon (yellow), green, red. <\/em><\/li>\n<li><em>Elastic silicon<\/em><\/li>\n<li><em>Ilgis: ~18-20 cm<br \/>\n<\/em><\/li>\n<li><em>Diameter: the size of amber up to ~ 5 mm<\/em><\/li>\n<li><em>Weight: ~2,80 grams<\/em><\/li>\n<\/ul>\n<p>*Please note that the color of the product may vary slightly from that shown in the photo, depending on the monitor used by the Buyer and the lighting settings in the photos.<\/p>","protected":false},"featured_media":3464,"comment_status":"open","ping_status":"closed","template":"","meta":[],"product_brand":[],"product_cat":[18],"product_tag":[1194,1195,1211,1212,1213,1214,1215],"class_list":{"0":"post-3463","1":"product","2":"type-product","3":"status-publish","4":"has-post-thumbnail","6":"product_cat-gintaro-apyrankes","7":"product_tag-baltijos-gintaras-su-lietuvos-veliava","8":"product_tag-amber-with-lithuanian-flag","9":"product_tag-baltic-amber-with-lithuanian-flag","10":"product_tag-lithuanian-flag","11":"product_tag-lietuvos-veliava","12":"product_tag-vysninio-gintaro-rutuliuku-apyranke-5-mm-su-lietuvos-veliava","13":"product_tag-cherry-amber-round-beads-bracelet-5-mm-with-lithuanian-flag","15":"first","16":"instock","17":"taxable","18":"shipping-taxable","19":"product-type-simple"},"yoast_head":"<!-- This site is optimized with the Yoast SEO Premium plugin v23.4 (Yoast SEO v26.8) - https:\/\/yoast.com\/product\/yoast-seo-premium-wordpress\/ -->\n<title>Vy\u0161ninio gintaro rutuliuk\u0173 apyrank\u0117 5 mm su Lietuvos v\u0117liava<\/title>\n<meta name=\"description\" content=\"Gintarin\u0117 apyrank\u0117 yra pagaminti i\u0161 100% Baltijos gintaro. Dailiai surikiuoti, it Lietuvos trispalv\u0117 v\u0117liava, gintariukai - geltona, \u017ealia, raudona.\" \/>\n<meta name=\"robots\" content=\"index, follow, max-snippet:-1, max-image-preview:large, max-video-preview:-1\" \/>\n<link rel=\"canonical\" href=\"https:\/\/amberwithsilver.com\/en\/product\/vysninio-gintaro-rutuliuku-apyranke-5-mm-su-lietuvos-veliava\/\" \/>\n<meta property=\"og:locale\" content=\"en_US\" \/>\n<meta property=\"og:type\" content=\"article\" \/>\n<meta property=\"og:title\" content=\"Vy\u0161ninio gintaro rutuliuk\u0173 apyrank\u0117 5 mm su Lietuvos v\u0117liava\" \/>\n<meta property=\"og:description\" content=\"Gintarin\u0117 apyrank\u0117 yra pagaminti i\u0161 100% Baltijos gintaro. Dailiai surikiuoti, it Lietuvos trispalv\u0117 v\u0117liava, gintariukai - geltona, \u017ealia, raudona.\" \/>\n<meta property=\"og:url\" content=\"https:\/\/amberwithsilver.com\/en\/product\/vysninio-gintaro-rutuliuku-apyranke-5-mm-su-lietuvos-veliava\/\" \/>\n<meta property=\"og:site_name\" content=\"AmberWithSilver\" \/>\n<meta property=\"article:modified_time\" content=\"2026-02-17T14:28:06+00:00\" \/>\n<meta property=\"og:image\" content=\"https:\/\/amberwithsilver.com\/wp-content\/uploads\/2024\/05\/id.553.webp\" \/>\n\t<meta property=\"og:image:width\" content=\"800\" \/>\n\t<meta property=\"og:image:height\" content=\"718\" \/>\n\t<meta property=\"og:image:type\" content=\"image\/webp\" \/>\n<meta name=\"twitter:card\" content=\"summary_large_image\" \/>\n<meta name=\"twitter:label1\" content=\"Est. reading time\" \/>\n\t<meta name=\"twitter:data1\" content=\"1 minute\" \/>\n<script type=\"application\/ld+json\" class=\"yoast-schema-graph\">{\"@context\":\"https:\/\/schema.org\",\"@graph\":[{\"@type\":\"WebPage\",\"@id\":\"https:\/\/amberwithsilver.com\/product\/vysninio-gintaro-rutuliuku-apyranke-5-mm-su-lietuvos-veliava\/\",\"url\":\"https:\/\/amberwithsilver.com\/product\/vysninio-gintaro-rutuliuku-apyranke-5-mm-su-lietuvos-veliava\/\",\"name\":\"Vy\u0161ninio gintaro rutuliuk\u0173 apyrank\u0117 5 mm su Lietuvos v\u0117liava\",\"isPartOf\":{\"@id\":\"https:\/\/amberwithsilver.com\/en\/#website\"},\"primaryImageOfPage\":{\"@id\":\"https:\/\/amberwithsilver.com\/product\/vysninio-gintaro-rutuliuku-apyranke-5-mm-su-lietuvos-veliava\/#primaryimage\"},\"image\":{\"@id\":\"https:\/\/amberwithsilver.com\/product\/vysninio-gintaro-rutuliuku-apyranke-5-mm-su-lietuvos-veliava\/#primaryimage\"},\"thumbnailUrl\":\"https:\/\/amberwithsilver.com\/wp-content\/uploads\/2024\/05\/id.553.webp\",\"datePublished\":\"2024-05-20T13:59:03+00:00\",\"dateModified\":\"2026-02-17T14:28:06+00:00\",\"description\":\"Gintarin\u0117 apyrank\u0117 yra pagaminti i\u0161 100% Baltijos gintaro. Dailiai surikiuoti, it Lietuvos trispalv\u0117 v\u0117liava, gintariukai - geltona, \u017ealia, raudona.\",\"breadcrumb\":{\"@id\":\"https:\/\/amberwithsilver.com\/product\/vysninio-gintaro-rutuliuku-apyranke-5-mm-su-lietuvos-veliava\/#breadcrumb\"},\"inLanguage\":\"en-US\",\"potentialAction\":[{\"@type\":\"ReadAction\",\"target\":[\"https:\/\/amberwithsilver.com\/product\/vysninio-gintaro-rutuliuku-apyranke-5-mm-su-lietuvos-veliava\/\"]}]},{\"@type\":\"ImageObject\",\"inLanguage\":\"en-US\",\"@id\":\"https:\/\/amberwithsilver.com\/product\/vysninio-gintaro-rutuliuku-apyranke-5-mm-su-lietuvos-veliava\/#primaryimage\",\"url\":\"https:\/\/amberwithsilver.com\/wp-content\/uploads\/2024\/05\/id.553.webp\",\"contentUrl\":\"https:\/\/amberwithsilver.com\/wp-content\/uploads\/2024\/05\/id.553.webp\",\"width\":800,\"height\":718,\"caption\":\"Vy\u0161ninio gintaro rutuliuk\u0173 apyrank\u0117 5 mm su Lietuvos v\u0117liava, Cherry amber round beads bracelet 5 mm with Lithuanian flag\"},{\"@type\":\"BreadcrumbList\",\"@id\":\"https:\/\/amberwithsilver.com\/product\/vysninio-gintaro-rutuliuku-apyranke-5-mm-su-lietuvos-veliava\/#breadcrumb\",\"itemListElement\":[{\"@type\":\"ListItem\",\"position\":1,\"name\":\"Home\",\"item\":\"https:\/\/amberwithsilver.com\/\"},{\"@type\":\"ListItem\",\"position\":2,\"name\":\"Parduotuv\u0117\",\"item\":\"https:\/\/amberwithsilver.com\/en\/parduotuve\/\"},{\"@type\":\"ListItem\",\"position\":3,\"name\":\"Vy\u0161ninio gintaro rutuliuk\u0173 apyrank\u0117 5 mm su Lietuvos v\u0117liava\"}]},{\"@type\":\"WebSite\",\"@id\":\"https:\/\/amberwithsilver.com\/en\/#website\",\"url\":\"https:\/\/amberwithsilver.com\/en\/\",\"name\":\"AmberWithSilver\",\"description\":\"Amber-Silver\",\"publisher\":{\"@id\":\"https:\/\/amberwithsilver.com\/en\/#organization\"},\"potentialAction\":[{\"@type\":\"SearchAction\",\"target\":{\"@type\":\"EntryPoint\",\"urlTemplate\":\"https:\/\/amberwithsilver.com\/en\/?s={search_term_string}\"},\"query-input\":{\"@type\":\"PropertyValueSpecification\",\"valueRequired\":true,\"valueName\":\"search_term_string\"}}],\"inLanguage\":\"en-US\"},{\"@type\":\"Organization\",\"@id\":\"https:\/\/amberwithsilver.com\/en\/#organization\",\"name\":\"amberwithsilver\",\"url\":\"https:\/\/amberwithsilver.com\/en\/\",\"logo\":{\"@type\":\"ImageObject\",\"inLanguage\":\"en-US\",\"@id\":\"https:\/\/amberwithsilver.com\/en\/#\/schema\/logo\/image\/\",\"url\":\"https:\/\/i0.wp.com\/amberwithsilver.com\/wp-content\/uploads\/2020\/12\/logo.jpg?fit=232%2C116&ssl=1\",\"contentUrl\":\"https:\/\/i0.wp.com\/amberwithsilver.com\/wp-content\/uploads\/2020\/12\/logo.jpg?fit=232%2C116&ssl=1\",\"width\":232,\"height\":116,\"caption\":\"amberwithsilver\"},\"image\":{\"@id\":\"https:\/\/amberwithsilver.com\/en\/#\/schema\/logo\/image\/\"}}]}<\/script>\n<!-- \/ Yoast SEO Premium plugin. -->","yoast_head_json":{"title":"Vy\u0161ninio gintaro rutuliuk\u0173 apyrank\u0117 5 mm su Lietuvos v\u0117liava","description":"Gintarin\u0117 apyrank\u0117 yra pagaminti i\u0161 100% Baltijos gintaro. Dailiai surikiuoti, it Lietuvos trispalv\u0117 v\u0117liava, gintariukai - geltona, \u017ealia, raudona.","robots":{"index":"index","follow":"follow","max-snippet":"max-snippet:-1","max-image-preview":"max-image-preview:large","max-video-preview":"max-video-preview:-1"},"canonical":"https:\/\/amberwithsilver.com\/en\/product\/vysninio-gintaro-rutuliuku-apyranke-5-mm-su-lietuvos-veliava\/","og_locale":"en_US","og_type":"article","og_title":"Vy\u0161ninio gintaro rutuliuk\u0173 apyrank\u0117 5 mm su Lietuvos v\u0117liava","og_description":"Gintarin\u0117 apyrank\u0117 yra pagaminti i\u0161 100% Baltijos gintaro. Dailiai surikiuoti, it Lietuvos trispalv\u0117 v\u0117liava, gintariukai - geltona, \u017ealia, raudona.","og_url":"https:\/\/amberwithsilver.com\/en\/product\/vysninio-gintaro-rutuliuku-apyranke-5-mm-su-lietuvos-veliava\/","og_site_name":"AmberWithSilver","article_modified_time":"2026-02-17T14:28:06+00:00","og_image":[{"width":800,"height":718,"url":"https:\/\/amberwithsilver.com\/wp-content\/uploads\/2024\/05\/id.553.webp","type":"image\/webp"}],"twitter_card":"summary_large_image","twitter_misc":{"Est. reading time":"1 minute"},"schema":{"@context":"https:\/\/schema.org","@graph":[{"@type":"WebPage","@id":"https:\/\/amberwithsilver.com\/product\/vysninio-gintaro-rutuliuku-apyranke-5-mm-su-lietuvos-veliava\/","url":"https:\/\/amberwithsilver.com\/product\/vysninio-gintaro-rutuliuku-apyranke-5-mm-su-lietuvos-veliava\/","name":"Vy\u0161ninio gintaro rutuliuk\u0173 apyrank\u0117 5 mm su Lietuvos v\u0117liava","isPartOf":{"@id":"https:\/\/amberwithsilver.com\/en\/#website"},"primaryImageOfPage":{"@id":"https:\/\/amberwithsilver.com\/product\/vysninio-gintaro-rutuliuku-apyranke-5-mm-su-lietuvos-veliava\/#primaryimage"},"image":{"@id":"https:\/\/amberwithsilver.com\/product\/vysninio-gintaro-rutuliuku-apyranke-5-mm-su-lietuvos-veliava\/#primaryimage"},"thumbnailUrl":"https:\/\/amberwithsilver.com\/wp-content\/uploads\/2024\/05\/id.553.webp","datePublished":"2024-05-20T13:59:03+00:00","dateModified":"2026-02-17T14:28:06+00:00","description":"Gintarin\u0117 apyrank\u0117 yra pagaminti i\u0161 100% Baltijos gintaro. Dailiai surikiuoti, it Lietuvos trispalv\u0117 v\u0117liava, gintariukai - geltona, \u017ealia, raudona.","breadcrumb":{"@id":"https:\/\/amberwithsilver.com\/product\/vysninio-gintaro-rutuliuku-apyranke-5-mm-su-lietuvos-veliava\/#breadcrumb"},"inLanguage":"en-US","potentialAction":[{"@type":"ReadAction","target":["https:\/\/amberwithsilver.com\/product\/vysninio-gintaro-rutuliuku-apyranke-5-mm-su-lietuvos-veliava\/"]}]},{"@type":"ImageObject","inLanguage":"en-US","@id":"https:\/\/amberwithsilver.com\/product\/vysninio-gintaro-rutuliuku-apyranke-5-mm-su-lietuvos-veliava\/#primaryimage","url":"https:\/\/amberwithsilver.com\/wp-content\/uploads\/2024\/05\/id.553.webp","contentUrl":"https:\/\/amberwithsilver.com\/wp-content\/uploads\/2024\/05\/id.553.webp","width":800,"height":718,"caption":"Vy\u0161ninio gintaro rutuliuk\u0173 apyrank\u0117 5 mm su Lietuvos v\u0117liava, Cherry amber round beads bracelet 5 mm with Lithuanian flag"},{"@type":"BreadcrumbList","@id":"https:\/\/amberwithsilver.com\/product\/vysninio-gintaro-rutuliuku-apyranke-5-mm-su-lietuvos-veliava\/#breadcrumb","itemListElement":[{"@type":"ListItem","position":1,"name":"Home","item":"https:\/\/amberwithsilver.com\/"},{"@type":"ListItem","position":2,"name":"Parduotuv\u0117","item":"https:\/\/amberwithsilver.com\/en\/parduotuve\/"},{"@type":"ListItem","position":3,"name":"Vy\u0161ninio gintaro rutuliuk\u0173 apyrank\u0117 5 mm su Lietuvos v\u0117liava"}]},{"@type":"WebSite","@id":"https:\/\/amberwithsilver.com\/en\/#website","url":"https:\/\/amberwithsilver.com\/en\/","name":"AmberWithSilver","description":"Amber-Silver","publisher":{"@id":"https:\/\/amberwithsilver.com\/en\/#organization"},"potentialAction":[{"@type":"SearchAction","target":{"@type":"EntryPoint","urlTemplate":"https:\/\/amberwithsilver.com\/en\/?s={search_term_string}"},"query-input":{"@type":"PropertyValueSpecification","valueRequired":true,"valueName":"search_term_string"}}],"inLanguage":"en-US"},{"@type":"Organization","@id":"https:\/\/amberwithsilver.com\/en\/#organization","name":"amberwithsilver","url":"https:\/\/amberwithsilver.com\/en\/","logo":{"@type":"ImageObject","inLanguage":"en-US","@id":"https:\/\/amberwithsilver.com\/en\/#\/schema\/logo\/image\/","url":"https:\/\/i0.wp.com\/amberwithsilver.com\/wp-content\/uploads\/2020\/12\/logo.jpg?fit=232%2C116&ssl=1","contentUrl":"https:\/\/i0.wp.com\/amberwithsilver.com\/wp-content\/uploads\/2020\/12\/logo.jpg?fit=232%2C116&ssl=1","width":232,"height":116,"caption":"amberwithsilver"},"image":{"@id":"https:\/\/amberwithsilver.com\/en\/#\/schema\/logo\/image\/"}}]}},"jetpack_sharing_enabled":true,"_links":{"self":[{"href":"https:\/\/amberwithsilver.com\/en\/wp-json\/wp\/v2\/product\/3463","targetHints":{"allow":["GET"]}}],"collection":[{"href":"https:\/\/amberwithsilver.com\/en\/wp-json\/wp\/v2\/product"}],"about":[{"href":"https:\/\/amberwithsilver.com\/en\/wp-json\/wp\/v2\/types\/product"}],"replies":[{"embeddable":true,"href":"https:\/\/amberwithsilver.com\/en\/wp-json\/wp\/v2\/comments?post=3463"}],"version-history":[{"count":1,"href":"https:\/\/amberwithsilver.com\/en\/wp-json\/wp\/v2\/product\/3463\/revisions"}],"predecessor-version":[{"id":3973,"href":"https:\/\/amberwithsilver.com\/en\/wp-json\/wp\/v2\/product\/3463\/revisions\/3973"}],"wp:featuredmedia":[{"embeddable":true,"href":"https:\/\/amberwithsilver.com\/en\/wp-json\/wp\/v2\/media\/3464"}],"wp:attachment":[{"href":"https:\/\/amberwithsilver.com\/en\/wp-json\/wp\/v2\/media?parent=3463"}],"wp:term":[{"taxonomy":"product_brand","embeddable":true,"href":"https:\/\/amberwithsilver.com\/en\/wp-json\/wp\/v2\/product_brand?post=3463"},{"taxonomy":"product_cat","embeddable":true,"href":"https:\/\/amberwithsilver.com\/en\/wp-json\/wp\/v2\/product_cat?post=3463"},{"taxonomy":"product_tag","embeddable":true,"href":"https:\/\/amberwithsilver.com\/en\/wp-json\/wp\/v2\/product_tag?post=3463"}],"curies":[{"name":"wp","href":"https:\/\/api.w.org\/{rel}","templated":true}]}}