{"id":3469,"date":"2024-05-27T19:24:22","date_gmt":"2024-05-27T17:24:22","guid":{"rendered":"http:\/\/amberwithsilver.com\/?post_type=product&#038;p=3469"},"modified":"2024-08-29T07:08:48","modified_gmt":"2024-08-29T05:08:48","slug":"dvieju-atspalviu-deimantinio-slifavimo-gintaro-karoliai-6-mm","status":"publish","type":"product","link":"https:\/\/amberwithsilver.com\/en\/product\/dvieju-atspalviu-deimantinio-slifavimo-gintaro-karoliai-6-mm\/","title":{"rendered":"Two shade diamond cut amber necklace 6mm"},"content":{"rendered":"<p>Two shade diamond cut amber necklace 6mm<\/p>\n<ul>\n<li><em>Two shade faceted Baltic amber beads<\/em><\/li>\n<li><em>Round beads size: ~ 6 mm<\/em><\/li>\n<li><em><span class=\"VIiyi\" lang=\"lt\"><span class=\"JLqJ4b ChMk0b\" data-language-for-alternatives=\"lt\" data-language-to-translate-into=\"en\" data-phrase-index=\"0\">Plastic screw clasp<\/span><\/span><\/em><\/li>\n<li><em>Length: ~ 45 cm<\/em><\/li>\n<li><em>Weight: ~ 10,3 gr.<\/em><\/li>\n<\/ul>\n<p>*Please note that the color of the product may vary slightly from that shown in the photo, depending on the monitor used by the Buyer and the lighting settings in the photos.<\/p>","protected":false},"excerpt":{"rendered":"<p>Two shade diamond cut amber necklace 6mm<\/p>\n<ul>\n<li><em>Two shade faceted Baltic amber beads<\/em><\/li>\n<li><em>Round beads size: ~ 6 mm<\/em><\/li>\n<li><em><span class=\"VIiyi\" lang=\"lt\"><span class=\"JLqJ4b ChMk0b\" data-language-for-alternatives=\"lt\" data-language-to-translate-into=\"en\" data-phrase-index=\"0\">Plastic screw clasp<\/span><\/span><\/em><\/li>\n<li><em>Length: ~ 45 cm<\/em><\/li>\n<li><em>Weight: ~ 10,3 gr.<\/em><\/li>\n<\/ul>\n<p>*Please note that the color of the product may vary slightly from that shown in the photo, depending on the monitor used by the Buyer and the lighting settings in the photos.<\/p>","protected":false},"featured_media":3477,"comment_status":"open","ping_status":"closed","template":"","meta":[],"product_brand":[],"product_cat":[35],"product_tag":[70,111,156,507,1101,1106,1107,1216,1217,1218,1219,1220,1221,1222,1235],"class_list":{"0":"post-3469","1":"product","2":"type-product","3":"status-publish","4":"has-post-thumbnail","6":"product_cat-gintaro-karoliai","7":"product_tag-zalias-gintaras","8":"product_tag-round-amber-beads","9":"product_tag-green-amber","10":"product_tag-baltijos-gintaras","11":"product_tag-amber-from-lithuania","12":"product_tag-gintaro-papuosalai","13":"product_tag-amber-jewelry","14":"product_tag-dvieju-atspalviu-deimantinio-slifavimo-gintaro-karoliai-6-mm","15":"product_tag-two-toned-amber-faceted-round-beads-necklace-6-mm","16":"product_tag-faceted-amber","17":"product_tag-facetuotas-gintaras","18":"product_tag-facetuoto-gintaro-karoliai","19":"product_tag-gintaras-dvieju-atspalviu","20":"product_tag-gintaras-dvieju-spalvu","21":"product_tag-juodas-ir-skaidrus-gintaras","23":"first","24":"instock","25":"taxable","26":"shipping-taxable","27":"purchasable","28":"product-type-simple"},"yoast_head":"<!-- This site is optimized with the Yoast SEO Premium plugin v23.4 (Yoast SEO v26.8) - https:\/\/yoast.com\/product\/yoast-seo-premium-wordpress\/ -->\n<title>Dviej\u0173 atspalvi\u0173 deimantinio \u0161lifavimo gintaro karoliai 6 mm<\/title>\n<meta name=\"description\" content=\"Dviej\u0173 atspalvi\u0173 facetuoti Baltijos gintaro rutuliukai\" \/>\n<meta name=\"robots\" content=\"index, follow, max-snippet:-1, max-image-preview:large, max-video-preview:-1\" \/>\n<link rel=\"canonical\" href=\"https:\/\/amberwithsilver.com\/en\/product\/dvieju-atspalviu-deimantinio-slifavimo-gintaro-karoliai-6-mm\/\" \/>\n<meta property=\"og:locale\" content=\"en_US\" \/>\n<meta property=\"og:type\" content=\"article\" \/>\n<meta property=\"og:title\" content=\"Dviej\u0173 atspalvi\u0173 deimantinio \u0161lifavimo gintaro karoliai 6 mm\" \/>\n<meta property=\"og:description\" content=\"Dviej\u0173 atspalvi\u0173 facetuoti Baltijos gintaro rutuliukai\" \/>\n<meta property=\"og:url\" content=\"https:\/\/amberwithsilver.com\/en\/product\/dvieju-atspalviu-deimantinio-slifavimo-gintaro-karoliai-6-mm\/\" \/>\n<meta property=\"og:site_name\" content=\"AmberWithSilver\" \/>\n<meta property=\"article:modified_time\" content=\"2024-08-29T05:08:48+00:00\" \/>\n<meta property=\"og:image\" content=\"https:\/\/amberwithsilver.com\/wp-content\/uploads\/2024\/05\/id.556-3.webp\" \/>\n\t<meta property=\"og:image:width\" content=\"800\" \/>\n\t<meta property=\"og:image:height\" content=\"816\" \/>\n\t<meta property=\"og:image:type\" content=\"image\/webp\" \/>\n<meta name=\"twitter:card\" content=\"summary_large_image\" \/>\n<meta name=\"twitter:label1\" content=\"Est. reading time\" \/>\n\t<meta name=\"twitter:data1\" content=\"1 minute\" \/>\n<script type=\"application\/ld+json\" class=\"yoast-schema-graph\">{\"@context\":\"https:\/\/schema.org\",\"@graph\":[{\"@type\":\"WebPage\",\"@id\":\"https:\/\/amberwithsilver.com\/product\/dvieju-atspalviu-deimantinio-slifavimo-gintaro-karoliai-6-mm\/\",\"url\":\"https:\/\/amberwithsilver.com\/product\/dvieju-atspalviu-deimantinio-slifavimo-gintaro-karoliai-6-mm\/\",\"name\":\"Dviej\u0173 atspalvi\u0173 deimantinio \u0161lifavimo gintaro karoliai 6 mm\",\"isPartOf\":{\"@id\":\"https:\/\/amberwithsilver.com\/en\/#website\"},\"primaryImageOfPage\":{\"@id\":\"https:\/\/amberwithsilver.com\/product\/dvieju-atspalviu-deimantinio-slifavimo-gintaro-karoliai-6-mm\/#primaryimage\"},\"image\":{\"@id\":\"https:\/\/amberwithsilver.com\/product\/dvieju-atspalviu-deimantinio-slifavimo-gintaro-karoliai-6-mm\/#primaryimage\"},\"thumbnailUrl\":\"https:\/\/amberwithsilver.com\/wp-content\/uploads\/2024\/05\/id.556-3.webp\",\"datePublished\":\"2024-05-27T17:24:22+00:00\",\"dateModified\":\"2024-08-29T05:08:48+00:00\",\"description\":\"Dviej\u0173 atspalvi\u0173 facetuoti Baltijos gintaro rutuliukai\",\"breadcrumb\":{\"@id\":\"https:\/\/amberwithsilver.com\/product\/dvieju-atspalviu-deimantinio-slifavimo-gintaro-karoliai-6-mm\/#breadcrumb\"},\"inLanguage\":\"en-US\",\"potentialAction\":[{\"@type\":\"ReadAction\",\"target\":[\"https:\/\/amberwithsilver.com\/product\/dvieju-atspalviu-deimantinio-slifavimo-gintaro-karoliai-6-mm\/\"]}]},{\"@type\":\"ImageObject\",\"inLanguage\":\"en-US\",\"@id\":\"https:\/\/amberwithsilver.com\/product\/dvieju-atspalviu-deimantinio-slifavimo-gintaro-karoliai-6-mm\/#primaryimage\",\"url\":\"https:\/\/amberwithsilver.com\/wp-content\/uploads\/2024\/05\/id.556-3.webp\",\"contentUrl\":\"https:\/\/amberwithsilver.com\/wp-content\/uploads\/2024\/05\/id.556-3.webp\",\"width\":800,\"height\":816,\"caption\":\"Dviej\u0173 atspalvi\u0173 deimantinio \u0161lifavimo gintaro karoliai 6 mm, Two toned amber faceted round beads necklace 6 mm\"},{\"@type\":\"BreadcrumbList\",\"@id\":\"https:\/\/amberwithsilver.com\/product\/dvieju-atspalviu-deimantinio-slifavimo-gintaro-karoliai-6-mm\/#breadcrumb\",\"itemListElement\":[{\"@type\":\"ListItem\",\"position\":1,\"name\":\"Home\",\"item\":\"https:\/\/amberwithsilver.com\/\"},{\"@type\":\"ListItem\",\"position\":2,\"name\":\"Parduotuv\u0117\",\"item\":\"https:\/\/amberwithsilver.com\/en\/parduotuve\/\"},{\"@type\":\"ListItem\",\"position\":3,\"name\":\"Dviej\u0173 atspalvi\u0173 deimantinio \u0161lifavimo gintaro karoliai 6 mm\"}]},{\"@type\":\"WebSite\",\"@id\":\"https:\/\/amberwithsilver.com\/en\/#website\",\"url\":\"https:\/\/amberwithsilver.com\/en\/\",\"name\":\"AmberWithSilver\",\"description\":\"Amber-Silver\",\"publisher\":{\"@id\":\"https:\/\/amberwithsilver.com\/en\/#organization\"},\"potentialAction\":[{\"@type\":\"SearchAction\",\"target\":{\"@type\":\"EntryPoint\",\"urlTemplate\":\"https:\/\/amberwithsilver.com\/en\/?s={search_term_string}\"},\"query-input\":{\"@type\":\"PropertyValueSpecification\",\"valueRequired\":true,\"valueName\":\"search_term_string\"}}],\"inLanguage\":\"en-US\"},{\"@type\":\"Organization\",\"@id\":\"https:\/\/amberwithsilver.com\/en\/#organization\",\"name\":\"amberwithsilver\",\"url\":\"https:\/\/amberwithsilver.com\/en\/\",\"logo\":{\"@type\":\"ImageObject\",\"inLanguage\":\"en-US\",\"@id\":\"https:\/\/amberwithsilver.com\/en\/#\/schema\/logo\/image\/\",\"url\":\"https:\/\/i0.wp.com\/amberwithsilver.com\/wp-content\/uploads\/2020\/12\/logo.jpg?fit=232%2C116&ssl=1\",\"contentUrl\":\"https:\/\/i0.wp.com\/amberwithsilver.com\/wp-content\/uploads\/2020\/12\/logo.jpg?fit=232%2C116&ssl=1\",\"width\":232,\"height\":116,\"caption\":\"amberwithsilver\"},\"image\":{\"@id\":\"https:\/\/amberwithsilver.com\/en\/#\/schema\/logo\/image\/\"}}]}<\/script>\n<!-- \/ Yoast SEO Premium plugin. -->","yoast_head_json":{"title":"Two shade diamond cut amber necklace 6mm","description":"Two shade faceted Baltic amber beads","robots":{"index":"index","follow":"follow","max-snippet":"max-snippet:-1","max-image-preview":"max-image-preview:large","max-video-preview":"max-video-preview:-1"},"canonical":"https:\/\/amberwithsilver.com\/en\/product\/dvieju-atspalviu-deimantinio-slifavimo-gintaro-karoliai-6-mm\/","og_locale":"en_US","og_type":"article","og_title":"Dviej\u0173 atspalvi\u0173 deimantinio \u0161lifavimo gintaro karoliai 6 mm","og_description":"Dviej\u0173 atspalvi\u0173 facetuoti Baltijos gintaro rutuliukai","og_url":"https:\/\/amberwithsilver.com\/en\/product\/dvieju-atspalviu-deimantinio-slifavimo-gintaro-karoliai-6-mm\/","og_site_name":"AmberWithSilver","article_modified_time":"2024-08-29T05:08:48+00:00","og_image":[{"width":800,"height":816,"url":"https:\/\/amberwithsilver.com\/wp-content\/uploads\/2024\/05\/id.556-3.webp","type":"image\/webp"}],"twitter_card":"summary_large_image","twitter_misc":{"Est. reading time":"1 minute"},"schema":{"@context":"https:\/\/schema.org","@graph":[{"@type":"WebPage","@id":"https:\/\/amberwithsilver.com\/product\/dvieju-atspalviu-deimantinio-slifavimo-gintaro-karoliai-6-mm\/","url":"https:\/\/amberwithsilver.com\/product\/dvieju-atspalviu-deimantinio-slifavimo-gintaro-karoliai-6-mm\/","name":"Two shade diamond cut amber necklace 6mm","isPartOf":{"@id":"https:\/\/amberwithsilver.com\/en\/#website"},"primaryImageOfPage":{"@id":"https:\/\/amberwithsilver.com\/product\/dvieju-atspalviu-deimantinio-slifavimo-gintaro-karoliai-6-mm\/#primaryimage"},"image":{"@id":"https:\/\/amberwithsilver.com\/product\/dvieju-atspalviu-deimantinio-slifavimo-gintaro-karoliai-6-mm\/#primaryimage"},"thumbnailUrl":"https:\/\/amberwithsilver.com\/wp-content\/uploads\/2024\/05\/id.556-3.webp","datePublished":"2024-05-27T17:24:22+00:00","dateModified":"2024-08-29T05:08:48+00:00","description":"Two shade faceted Baltic amber beads","breadcrumb":{"@id":"https:\/\/amberwithsilver.com\/product\/dvieju-atspalviu-deimantinio-slifavimo-gintaro-karoliai-6-mm\/#breadcrumb"},"inLanguage":"en-US","potentialAction":[{"@type":"ReadAction","target":["https:\/\/amberwithsilver.com\/product\/dvieju-atspalviu-deimantinio-slifavimo-gintaro-karoliai-6-mm\/"]}]},{"@type":"ImageObject","inLanguage":"en-US","@id":"https:\/\/amberwithsilver.com\/product\/dvieju-atspalviu-deimantinio-slifavimo-gintaro-karoliai-6-mm\/#primaryimage","url":"https:\/\/amberwithsilver.com\/wp-content\/uploads\/2024\/05\/id.556-3.webp","contentUrl":"https:\/\/amberwithsilver.com\/wp-content\/uploads\/2024\/05\/id.556-3.webp","width":800,"height":816,"caption":"Dviej\u0173 atspalvi\u0173 deimantinio \u0161lifavimo gintaro karoliai 6 mm, Two toned amber faceted round beads necklace 6 mm"},{"@type":"BreadcrumbList","@id":"https:\/\/amberwithsilver.com\/product\/dvieju-atspalviu-deimantinio-slifavimo-gintaro-karoliai-6-mm\/#breadcrumb","itemListElement":[{"@type":"ListItem","position":1,"name":"Home","item":"https:\/\/amberwithsilver.com\/"},{"@type":"ListItem","position":2,"name":"Parduotuv\u0117","item":"https:\/\/amberwithsilver.com\/en\/parduotuve\/"},{"@type":"ListItem","position":3,"name":"Dviej\u0173 atspalvi\u0173 deimantinio \u0161lifavimo gintaro karoliai 6 mm"}]},{"@type":"WebSite","@id":"https:\/\/amberwithsilver.com\/en\/#website","url":"https:\/\/amberwithsilver.com\/en\/","name":"AmberWithSilver","description":"Amber-Silver","publisher":{"@id":"https:\/\/amberwithsilver.com\/en\/#organization"},"potentialAction":[{"@type":"SearchAction","target":{"@type":"EntryPoint","urlTemplate":"https:\/\/amberwithsilver.com\/en\/?s={search_term_string}"},"query-input":{"@type":"PropertyValueSpecification","valueRequired":true,"valueName":"search_term_string"}}],"inLanguage":"en-US"},{"@type":"Organization","@id":"https:\/\/amberwithsilver.com\/en\/#organization","name":"amberwithsilver","url":"https:\/\/amberwithsilver.com\/en\/","logo":{"@type":"ImageObject","inLanguage":"en-US","@id":"https:\/\/amberwithsilver.com\/en\/#\/schema\/logo\/image\/","url":"https:\/\/i0.wp.com\/amberwithsilver.com\/wp-content\/uploads\/2020\/12\/logo.jpg?fit=232%2C116&ssl=1","contentUrl":"https:\/\/i0.wp.com\/amberwithsilver.com\/wp-content\/uploads\/2020\/12\/logo.jpg?fit=232%2C116&ssl=1","width":232,"height":116,"caption":"amberwithsilver"},"image":{"@id":"https:\/\/amberwithsilver.com\/en\/#\/schema\/logo\/image\/"}}]}},"jetpack_sharing_enabled":true,"_links":{"self":[{"href":"https:\/\/amberwithsilver.com\/en\/wp-json\/wp\/v2\/product\/3469","targetHints":{"allow":["GET"]}}],"collection":[{"href":"https:\/\/amberwithsilver.com\/en\/wp-json\/wp\/v2\/product"}],"about":[{"href":"https:\/\/amberwithsilver.com\/en\/wp-json\/wp\/v2\/types\/product"}],"replies":[{"embeddable":true,"href":"https:\/\/amberwithsilver.com\/en\/wp-json\/wp\/v2\/comments?post=3469"}],"version-history":[{"count":0,"href":"https:\/\/amberwithsilver.com\/en\/wp-json\/wp\/v2\/product\/3469\/revisions"}],"wp:featuredmedia":[{"embeddable":true,"href":"https:\/\/amberwithsilver.com\/en\/wp-json\/wp\/v2\/media\/3477"}],"wp:attachment":[{"href":"https:\/\/amberwithsilver.com\/en\/wp-json\/wp\/v2\/media?parent=3469"}],"wp:term":[{"taxonomy":"product_brand","embeddable":true,"href":"https:\/\/amberwithsilver.com\/en\/wp-json\/wp\/v2\/product_brand?post=3469"},{"taxonomy":"product_cat","embeddable":true,"href":"https:\/\/amberwithsilver.com\/en\/wp-json\/wp\/v2\/product_cat?post=3469"},{"taxonomy":"product_tag","embeddable":true,"href":"https:\/\/amberwithsilver.com\/en\/wp-json\/wp\/v2\/product_tag?post=3469"}],"curies":[{"name":"wp","href":"https:\/\/api.w.org\/{rel}","templated":true}]}}