{"id":3542,"date":"2024-08-29T08:40:10","date_gmt":"2024-08-29T06:40:10","guid":{"rendered":"http:\/\/amberwithsilver.com\/?post_type=product&#038;p=3542"},"modified":"2024-08-29T08:40:15","modified_gmt":"2024-08-29T06:40:15","slug":"ivairiaspalve-baltijos-gintaro-apyranke-sypsenele","status":"publish","type":"product","link":"https:\/\/amberwithsilver.com\/en\/product\/ivairiaspalve-baltijos-gintaro-apyranke-sypsenele\/","title":{"rendered":"Multicolored Baltic amber bracelet \"Smile\""},"content":{"rendered":"<p>Multicolored Baltic amber bracelet \"Smile\".<\/p>\n<ul>\n<li><em>Genuine Baltic amber<\/em><\/li>\n<li><em>Multicolored rectangular amber pieces<\/em><\/li>\n<li><em>Amber details dimensions: ~ 1.00-1.50 cm<\/em><\/li>\n<li><em><span class=\"VIiyi\" lang=\"lt\"><span class=\"JLqJ4b ChMk0b\" data-language-for-alternatives=\"lt\" data-language-to-translate-into=\"en\" data-phrase-index=\"0\">Elastic silicon<br \/>\n<\/span><\/span><\/em><\/li>\n<li><em>Length: ~ 19-20 cm<\/em><\/li>\n<li><em>Weight: ~ 11.70 gr.<\/em><\/li>\n<\/ul>\n<p>*Please note that the color of the product may vary slightly from that shown in the photo, depending on the monitor used by the Buyer and the lighting settings in the photos.<\/p>","protected":false},"excerpt":{"rendered":"<p>Multicolored Baltic amber bracelet \"Smile\".<\/p>\n<ul>\n<li><em>Genuine Baltic amber<\/em><\/li>\n<li><em>Multicolored rectangular amber pieces<\/em><\/li>\n<li><em>Amber details dimensions: ~ 1.00-1.50 cm<\/em><\/li>\n<li><em><span class=\"VIiyi\" lang=\"lt\"><span class=\"JLqJ4b ChMk0b\" data-language-for-alternatives=\"lt\" data-language-to-translate-into=\"en\" data-phrase-index=\"0\">Elastic silicon<br \/>\n<\/span><\/span><\/em><\/li>\n<li><em>Length: ~ 19-20 cm<\/em><\/li>\n<li><em>Weight: ~ 11.70 gr.<\/em><\/li>\n<\/ul>\n<p>*Please note that the color of the product may vary slightly from that shown in the photo, depending on the monitor used by the Buyer and the lighting settings in the photos.<\/p>","protected":false},"featured_media":3543,"comment_status":"open","ping_status":"closed","template":"","meta":[],"product_brand":[],"product_cat":[18],"product_tag":[72,347,469,1236,1237,1238,1239],"class_list":{"0":"post-3542","1":"product","2":"type-product","3":"status-publish","4":"has-post-thumbnail","6":"product_cat-gintaro-apyrankes","7":"product_tag-baltijos-gintaro-apyranke","8":"product_tag-baltic-amber-bracelet","9":"product_tag-amber-bracelet-for-women","10":"product_tag-gintaro-apyranke-moteriai","11":"product_tag-multicolored-amber-bracelet","12":"product_tag-ivairiaspalve-baltijos-gintaro-apyranke-sypsenele","13":"product_tag-multicolored-baltic-amber-bracelet-smiley","15":"first","16":"instock","17":"taxable","18":"shipping-taxable","19":"purchasable","20":"product-type-simple"},"yoast_head":"<!-- This site is optimized with the Yoast SEO Premium plugin v23.4 (Yoast SEO v27.4) - https:\/\/yoast.com\/product\/yoast-seo-premium-wordpress\/ -->\n<title>\u012evairiaspalv\u0117 Baltijos gintaro apyrank\u0117 &quot;\u0160ypsen\u0117l\u0117&quot;<\/title>\n<meta name=\"description\" content=\"Multicolored Baltic amber bracelet &quot;Smiley&quot;. Classic and comfortable bracelet for women. Klasikin\u0117 ir patogi ant rankos rie\u0161o apyrank\u0117 moteriai.\" \/>\n<meta name=\"robots\" content=\"index, follow, max-snippet:-1, max-image-preview:large, max-video-preview:-1\" \/>\n<link rel=\"canonical\" href=\"https:\/\/amberwithsilver.com\/en\/product\/ivairiaspalve-baltijos-gintaro-apyranke-sypsenele\/\" \/>\n<meta property=\"og:locale\" content=\"en_US\" \/>\n<meta property=\"og:type\" content=\"article\" \/>\n<meta property=\"og:title\" content=\"\u012evairiaspalv\u0117 Baltijos gintaro apyrank\u0117 &quot;\u0160ypsen\u0117l\u0117&quot;\" \/>\n<meta property=\"og:description\" content=\"Multicolored Baltic amber bracelet &quot;Smiley&quot;. Classic and comfortable bracelet for women. Klasikin\u0117 ir patogi ant rankos rie\u0161o apyrank\u0117 moteriai.\" \/>\n<meta property=\"og:url\" content=\"https:\/\/amberwithsilver.com\/en\/product\/ivairiaspalve-baltijos-gintaro-apyranke-sypsenele\/\" \/>\n<meta property=\"og:site_name\" content=\"AmberWithSilver\" \/>\n<meta property=\"article:modified_time\" content=\"2024-08-29T06:40:15+00:00\" \/>\n<meta property=\"og:image\" content=\"https:\/\/amberwithsilver.com\/wp-content\/uploads\/2024\/08\/id.558.webp\" \/>\n\t<meta property=\"og:image:width\" content=\"800\" \/>\n\t<meta property=\"og:image:height\" content=\"757\" \/>\n\t<meta property=\"og:image:type\" content=\"image\/webp\" \/>\n<meta name=\"twitter:card\" content=\"summary_large_image\" \/>\n<meta name=\"twitter:label1\" content=\"Est. reading time\" \/>\n\t<meta name=\"twitter:data1\" content=\"1 minute\" \/>\n<script type=\"application\/ld+json\" class=\"yoast-schema-graph\">{\"@context\":\"https:\\\/\\\/schema.org\",\"@graph\":[{\"@type\":\"WebPage\",\"@id\":\"https:\\\/\\\/amberwithsilver.com\\\/product\\\/ivairiaspalve-baltijos-gintaro-apyranke-sypsenele\\\/\",\"url\":\"https:\\\/\\\/amberwithsilver.com\\\/product\\\/ivairiaspalve-baltijos-gintaro-apyranke-sypsenele\\\/\",\"name\":\"\u012evairiaspalv\u0117 Baltijos gintaro apyrank\u0117 \\\"\u0160ypsen\u0117l\u0117\\\"\",\"isPartOf\":{\"@id\":\"https:\\\/\\\/amberwithsilver.com\\\/en\\\/#website\"},\"primaryImageOfPage\":{\"@id\":\"https:\\\/\\\/amberwithsilver.com\\\/product\\\/ivairiaspalve-baltijos-gintaro-apyranke-sypsenele\\\/#primaryimage\"},\"image\":{\"@id\":\"https:\\\/\\\/amberwithsilver.com\\\/product\\\/ivairiaspalve-baltijos-gintaro-apyranke-sypsenele\\\/#primaryimage\"},\"thumbnailUrl\":\"https:\\\/\\\/amberwithsilver.com\\\/wp-content\\\/uploads\\\/2024\\\/08\\\/id.558.webp\",\"datePublished\":\"2024-08-29T06:40:10+00:00\",\"dateModified\":\"2024-08-29T06:40:15+00:00\",\"description\":\"Multicolored Baltic amber bracelet \\\"Smiley\\\". Classic and comfortable bracelet for women. Klasikin\u0117 ir patogi ant rankos rie\u0161o apyrank\u0117 moteriai.\",\"breadcrumb\":{\"@id\":\"https:\\\/\\\/amberwithsilver.com\\\/product\\\/ivairiaspalve-baltijos-gintaro-apyranke-sypsenele\\\/#breadcrumb\"},\"inLanguage\":\"en-US\",\"potentialAction\":[{\"@type\":\"ReadAction\",\"target\":[\"https:\\\/\\\/amberwithsilver.com\\\/product\\\/ivairiaspalve-baltijos-gintaro-apyranke-sypsenele\\\/\"]}]},{\"@type\":\"ImageObject\",\"inLanguage\":\"en-US\",\"@id\":\"https:\\\/\\\/amberwithsilver.com\\\/product\\\/ivairiaspalve-baltijos-gintaro-apyranke-sypsenele\\\/#primaryimage\",\"url\":\"https:\\\/\\\/amberwithsilver.com\\\/wp-content\\\/uploads\\\/2024\\\/08\\\/id.558.webp\",\"contentUrl\":\"https:\\\/\\\/amberwithsilver.com\\\/wp-content\\\/uploads\\\/2024\\\/08\\\/id.558.webp\",\"width\":800,\"height\":757,\"caption\":\"\u012evairiaspalv\u0117 Baltijos gintaro apyrank\u0117 \\\"\u0160ypsen\u0117l\u0117\\\", Multicolored Baltic amber bracelet \\\"Smiley\\\"\"},{\"@type\":\"BreadcrumbList\",\"@id\":\"https:\\\/\\\/amberwithsilver.com\\\/product\\\/ivairiaspalve-baltijos-gintaro-apyranke-sypsenele\\\/#breadcrumb\",\"itemListElement\":[{\"@type\":\"ListItem\",\"position\":1,\"name\":\"Home\",\"item\":\"https:\\\/\\\/amberwithsilver.com\\\/\"},{\"@type\":\"ListItem\",\"position\":2,\"name\":\"Parduotuv\u0117\",\"item\":\"https:\\\/\\\/amberwithsilver.com\\\/en\\\/parduotuve\\\/\"},{\"@type\":\"ListItem\",\"position\":3,\"name\":\"\u012evairiaspalv\u0117 Baltijos gintaro apyrank\u0117 &#8222;\u0160ypsen\u0117l\u0117&#8221;\"}]},{\"@type\":\"WebSite\",\"@id\":\"https:\\\/\\\/amberwithsilver.com\\\/en\\\/#website\",\"url\":\"https:\\\/\\\/amberwithsilver.com\\\/en\\\/\",\"name\":\"AmberWithSilver\",\"description\":\"Amber-Silver\",\"publisher\":{\"@id\":\"https:\\\/\\\/amberwithsilver.com\\\/en\\\/#organization\"},\"potentialAction\":[{\"@type\":\"SearchAction\",\"target\":{\"@type\":\"EntryPoint\",\"urlTemplate\":\"https:\\\/\\\/amberwithsilver.com\\\/en\\\/?s={search_term_string}\"},\"query-input\":{\"@type\":\"PropertyValueSpecification\",\"valueRequired\":true,\"valueName\":\"search_term_string\"}}],\"inLanguage\":\"en-US\"},{\"@type\":\"Organization\",\"@id\":\"https:\\\/\\\/amberwithsilver.com\\\/en\\\/#organization\",\"name\":\"amberwithsilver\",\"url\":\"https:\\\/\\\/amberwithsilver.com\\\/en\\\/\",\"logo\":{\"@type\":\"ImageObject\",\"inLanguage\":\"en-US\",\"@id\":\"https:\\\/\\\/amberwithsilver.com\\\/en\\\/#\\\/schema\\\/logo\\\/image\\\/\",\"url\":\"https:\\\/\\\/i0.wp.com\\\/amberwithsilver.com\\\/wp-content\\\/uploads\\\/2020\\\/12\\\/logo.jpg?fit=232%2C116&ssl=1\",\"contentUrl\":\"https:\\\/\\\/i0.wp.com\\\/amberwithsilver.com\\\/wp-content\\\/uploads\\\/2020\\\/12\\\/logo.jpg?fit=232%2C116&ssl=1\",\"width\":232,\"height\":116,\"caption\":\"amberwithsilver\"},\"image\":{\"@id\":\"https:\\\/\\\/amberwithsilver.com\\\/en\\\/#\\\/schema\\\/logo\\\/image\\\/\"}}]}<\/script>\n<!-- \/ Yoast SEO Premium plugin. -->","yoast_head_json":{"title":"\u012evairiaspalv\u0117 Baltijos gintaro apyrank\u0117 \"\u0160ypsen\u0117l\u0117\"","description":"Multicolored Baltic amber bracelet \"Smiley\". Classic and comfortable bracelet for women. Klasikin\u0117 ir patogi ant rankos rie\u0161o apyrank\u0117 moteriai.","robots":{"index":"index","follow":"follow","max-snippet":"max-snippet:-1","max-image-preview":"max-image-preview:large","max-video-preview":"max-video-preview:-1"},"canonical":"https:\/\/amberwithsilver.com\/en\/product\/ivairiaspalve-baltijos-gintaro-apyranke-sypsenele\/","og_locale":"en_US","og_type":"article","og_title":"\u012evairiaspalv\u0117 Baltijos gintaro apyrank\u0117 \"\u0160ypsen\u0117l\u0117\"","og_description":"Multicolored Baltic amber bracelet \"Smiley\". Classic and comfortable bracelet for women. Klasikin\u0117 ir patogi ant rankos rie\u0161o apyrank\u0117 moteriai.","og_url":"https:\/\/amberwithsilver.com\/en\/product\/ivairiaspalve-baltijos-gintaro-apyranke-sypsenele\/","og_site_name":"AmberWithSilver","article_modified_time":"2024-08-29T06:40:15+00:00","og_image":[{"width":800,"height":757,"url":"https:\/\/amberwithsilver.com\/wp-content\/uploads\/2024\/08\/id.558.webp","type":"image\/webp"}],"twitter_card":"summary_large_image","twitter_misc":{"Est. reading time":"1 minute"},"schema":{"@context":"https:\/\/schema.org","@graph":[{"@type":"WebPage","@id":"https:\/\/amberwithsilver.com\/product\/ivairiaspalve-baltijos-gintaro-apyranke-sypsenele\/","url":"https:\/\/amberwithsilver.com\/product\/ivairiaspalve-baltijos-gintaro-apyranke-sypsenele\/","name":"\u012evairiaspalv\u0117 Baltijos gintaro apyrank\u0117 \"\u0160ypsen\u0117l\u0117\"","isPartOf":{"@id":"https:\/\/amberwithsilver.com\/en\/#website"},"primaryImageOfPage":{"@id":"https:\/\/amberwithsilver.com\/product\/ivairiaspalve-baltijos-gintaro-apyranke-sypsenele\/#primaryimage"},"image":{"@id":"https:\/\/amberwithsilver.com\/product\/ivairiaspalve-baltijos-gintaro-apyranke-sypsenele\/#primaryimage"},"thumbnailUrl":"https:\/\/amberwithsilver.com\/wp-content\/uploads\/2024\/08\/id.558.webp","datePublished":"2024-08-29T06:40:10+00:00","dateModified":"2024-08-29T06:40:15+00:00","description":"Multicolored Baltic amber bracelet \"Smiley\". Classic and comfortable bracelet for women. Klasikin\u0117 ir patogi ant rankos rie\u0161o apyrank\u0117 moteriai.","breadcrumb":{"@id":"https:\/\/amberwithsilver.com\/product\/ivairiaspalve-baltijos-gintaro-apyranke-sypsenele\/#breadcrumb"},"inLanguage":"en-US","potentialAction":[{"@type":"ReadAction","target":["https:\/\/amberwithsilver.com\/product\/ivairiaspalve-baltijos-gintaro-apyranke-sypsenele\/"]}]},{"@type":"ImageObject","inLanguage":"en-US","@id":"https:\/\/amberwithsilver.com\/product\/ivairiaspalve-baltijos-gintaro-apyranke-sypsenele\/#primaryimage","url":"https:\/\/amberwithsilver.com\/wp-content\/uploads\/2024\/08\/id.558.webp","contentUrl":"https:\/\/amberwithsilver.com\/wp-content\/uploads\/2024\/08\/id.558.webp","width":800,"height":757,"caption":"\u012evairiaspalv\u0117 Baltijos gintaro apyrank\u0117 \"\u0160ypsen\u0117l\u0117\", Multicolored Baltic amber bracelet \"Smiley\""},{"@type":"BreadcrumbList","@id":"https:\/\/amberwithsilver.com\/product\/ivairiaspalve-baltijos-gintaro-apyranke-sypsenele\/#breadcrumb","itemListElement":[{"@type":"ListItem","position":1,"name":"Home","item":"https:\/\/amberwithsilver.com\/"},{"@type":"ListItem","position":2,"name":"Parduotuv\u0117","item":"https:\/\/amberwithsilver.com\/en\/parduotuve\/"},{"@type":"ListItem","position":3,"name":"\u012evairiaspalv\u0117 Baltijos gintaro apyrank\u0117 &#8222;\u0160ypsen\u0117l\u0117&#8221;"}]},{"@type":"WebSite","@id":"https:\/\/amberwithsilver.com\/en\/#website","url":"https:\/\/amberwithsilver.com\/en\/","name":"AmberWithSilver","description":"Amber-Silver","publisher":{"@id":"https:\/\/amberwithsilver.com\/en\/#organization"},"potentialAction":[{"@type":"SearchAction","target":{"@type":"EntryPoint","urlTemplate":"https:\/\/amberwithsilver.com\/en\/?s={search_term_string}"},"query-input":{"@type":"PropertyValueSpecification","valueRequired":true,"valueName":"search_term_string"}}],"inLanguage":"en-US"},{"@type":"Organization","@id":"https:\/\/amberwithsilver.com\/en\/#organization","name":"amberwithsilver","url":"https:\/\/amberwithsilver.com\/en\/","logo":{"@type":"ImageObject","inLanguage":"en-US","@id":"https:\/\/amberwithsilver.com\/en\/#\/schema\/logo\/image\/","url":"https:\/\/i0.wp.com\/amberwithsilver.com\/wp-content\/uploads\/2020\/12\/logo.jpg?fit=232%2C116&ssl=1","contentUrl":"https:\/\/i0.wp.com\/amberwithsilver.com\/wp-content\/uploads\/2020\/12\/logo.jpg?fit=232%2C116&ssl=1","width":232,"height":116,"caption":"amberwithsilver"},"image":{"@id":"https:\/\/amberwithsilver.com\/en\/#\/schema\/logo\/image\/"}}]}},"jetpack_sharing_enabled":true,"_links":{"self":[{"href":"https:\/\/amberwithsilver.com\/en\/wp-json\/wp\/v2\/product\/3542","targetHints":{"allow":["GET"]}}],"collection":[{"href":"https:\/\/amberwithsilver.com\/en\/wp-json\/wp\/v2\/product"}],"about":[{"href":"https:\/\/amberwithsilver.com\/en\/wp-json\/wp\/v2\/types\/product"}],"replies":[{"embeddable":true,"href":"https:\/\/amberwithsilver.com\/en\/wp-json\/wp\/v2\/comments?post=3542"}],"version-history":[{"count":0,"href":"https:\/\/amberwithsilver.com\/en\/wp-json\/wp\/v2\/product\/3542\/revisions"}],"wp:featuredmedia":[{"embeddable":true,"href":"https:\/\/amberwithsilver.com\/en\/wp-json\/wp\/v2\/media\/3543"}],"wp:attachment":[{"href":"https:\/\/amberwithsilver.com\/en\/wp-json\/wp\/v2\/media?parent=3542"}],"wp:term":[{"taxonomy":"product_brand","embeddable":true,"href":"https:\/\/amberwithsilver.com\/en\/wp-json\/wp\/v2\/product_brand?post=3542"},{"taxonomy":"product_cat","embeddable":true,"href":"https:\/\/amberwithsilver.com\/en\/wp-json\/wp\/v2\/product_cat?post=3542"},{"taxonomy":"product_tag","embeddable":true,"href":"https:\/\/amberwithsilver.com\/en\/wp-json\/wp\/v2\/product_tag?post=3542"}],"curies":[{"name":"wp","href":"https:\/\/api.w.org\/{rel}","templated":true}]}}