{"id":3547,"date":"2024-08-29T09:08:21","date_gmt":"2024-08-29T07:08:21","guid":{"rendered":"http:\/\/amberwithsilver.com\/?post_type=product&#038;p=3547"},"modified":"2024-08-31T22:34:22","modified_gmt":"2024-08-31T20:34:22","slug":"tamsaus-konjako-baltijos-gintaro-apyranke-sypsenele","status":"publish","type":"product","link":"https:\/\/amberwithsilver.com\/en\/product\/tamsaus-konjako-baltijos-gintaro-apyranke-sypsenele\/","title":{"rendered":"Tamsaus konjako Baltijos gintaro apyrank\u0117 \u201e\u0160ypsen\u0117l\u0117\u201d"},"content":{"rendered":"<div class=\"woocommerce-product-details__short-description\">\n<p>Tamsaus konjako Baltijos gintaro apyrank\u0117 \u201e\u0160ypsen\u0117l\u0117\u201d.<\/p>\n<ul>\n<li><em>Genuine Baltic amber<\/em><\/li>\n<li><em>Tamsios konjako spalvos sta\u010diakampi\u0173 formos gintaro detal\u0117s<\/em><\/li>\n<li><em>Amber details dimensions: ~ 1.00-1.50 cm<\/em><\/li>\n<li><em><span class=\"VIiyi\" lang=\"lt\"><span class=\"JLqJ4b ChMk0b\" data-language-for-alternatives=\"lt\" data-language-to-translate-into=\"en\" data-phrase-index=\"0\">Elastic silicon<br \/>\n<\/span><\/span><\/em><\/li>\n<li><em>Length: ~ 19-20 cm<\/em><\/li>\n<li><em>Svoris: ~ 12,90 gr.<\/em><\/li>\n<\/ul>\n<p>*Please note that the color of the product may vary slightly from that shown in the photo, depending on the monitor used by the Buyer and the lighting settings in the photos.<\/p>\n<\/div>","protected":false},"excerpt":{"rendered":"<p>Tamsaus konjako Baltijos gintaro apyrank\u0117 \u201e\u0160ypsen\u0117l\u0117\u201d.<\/p>\n<ul>\n<li><em>Genuine Baltic amber<\/em><\/li>\n<li><em>Tamsios konjako spalvos sta\u010diakampi\u0173 formos gintaro detal\u0117s<\/em><\/li>\n<li><em>Amber details dimensions: ~ 1.00-1.50 cm<\/em><\/li>\n<li><em><span class=\"VIiyi\" lang=\"lt\"><span class=\"JLqJ4b ChMk0b\" data-language-for-alternatives=\"lt\" data-language-to-translate-into=\"en\" data-phrase-index=\"0\">Elastic silicon<br \/>\n<\/span><\/span><\/em><\/li>\n<li><em>Length: ~ 19-20 cm<\/em><\/li>\n<li><em>Svoris: ~ 12,90 gr.<\/em><\/li>\n<\/ul>\n<p>*Please note that the color of the product may vary slightly from that shown in the photo, depending on the monitor used by the Buyer and the lighting settings in the photos.<\/p>","protected":false},"featured_media":3548,"comment_status":"open","ping_status":"closed","template":"","meta":[],"product_brand":[],"product_cat":[18],"product_tag":[433,1240,1241,1242,1243],"class_list":{"0":"post-3547","1":"product","2":"type-product","3":"status-publish","4":"has-post-thumbnail","6":"product_cat-gintaro-apyrankes","7":"product_tag-baltic-amber-bracelet-for-women","8":"product_tag-tamsaus-konjako-baltijos-gintaro-apyranke-sypsenele","9":"product_tag-dark-cognac-baltic-amber-bracelet-smiley","10":"product_tag-gintarine-apyranke","11":"product_tag-baltijos-gintaro-apyranke-moteriai","13":"first","14":"instock","15":"taxable","16":"shipping-taxable","17":"purchasable","18":"product-type-simple"},"yoast_head":"<!-- This site is optimized with the Yoast SEO Premium plugin v23.4 (Yoast SEO v26.8) - https:\/\/yoast.com\/product\/yoast-seo-premium-wordpress\/ -->\n<title>Tamsaus konjako Baltijos gintaro apyrank\u0117 \u201e\u0160ypsen\u0117l\u0117\u201d<\/title>\n<meta name=\"description\" content=\"Dark cognac Baltic amber bracelet &quot;Smiley&quot;, Classic and comfortable bracelet for women. Klasikin\u0117 ir patogi ant rankos rie\u0161o apyrank\u0117 moteriai.\" \/>\n<meta name=\"robots\" content=\"index, follow, max-snippet:-1, max-image-preview:large, max-video-preview:-1\" \/>\n<link rel=\"canonical\" href=\"https:\/\/amberwithsilver.com\/en\/product\/tamsaus-konjako-baltijos-gintaro-apyranke-sypsenele\/\" \/>\n<meta property=\"og:locale\" content=\"en_US\" \/>\n<meta property=\"og:type\" content=\"article\" \/>\n<meta property=\"og:title\" content=\"Tamsaus konjako Baltijos gintaro apyrank\u0117 \u201e\u0160ypsen\u0117l\u0117\u201d\" \/>\n<meta property=\"og:description\" content=\"Dark cognac Baltic amber bracelet &quot;Smiley&quot;, Classic and comfortable bracelet for women. Klasikin\u0117 ir patogi ant rankos rie\u0161o apyrank\u0117 moteriai.\" \/>\n<meta property=\"og:url\" content=\"https:\/\/amberwithsilver.com\/en\/product\/tamsaus-konjako-baltijos-gintaro-apyranke-sypsenele\/\" \/>\n<meta property=\"og:site_name\" content=\"AmberWithSilver\" \/>\n<meta property=\"article:modified_time\" content=\"2024-08-31T20:34:22+00:00\" \/>\n<meta property=\"og:image\" content=\"https:\/\/amberwithsilver.com\/wp-content\/uploads\/2024\/08\/id.559.webp\" \/>\n\t<meta property=\"og:image:width\" content=\"800\" \/>\n\t<meta property=\"og:image:height\" content=\"655\" \/>\n\t<meta property=\"og:image:type\" content=\"image\/webp\" \/>\n<meta name=\"twitter:card\" content=\"summary_large_image\" \/>\n<meta name=\"twitter:label1\" content=\"Est. reading time\" \/>\n\t<meta name=\"twitter:data1\" content=\"1 minute\" \/>\n<script type=\"application\/ld+json\" class=\"yoast-schema-graph\">{\"@context\":\"https:\/\/schema.org\",\"@graph\":[{\"@type\":\"WebPage\",\"@id\":\"https:\/\/amberwithsilver.com\/en\/product\/tamsaus-konjako-baltijos-gintaro-apyranke-sypsenele\/\",\"url\":\"https:\/\/amberwithsilver.com\/en\/product\/tamsaus-konjako-baltijos-gintaro-apyranke-sypsenele\/\",\"name\":\"Tamsaus konjako Baltijos gintaro apyrank\u0117 \u201e\u0160ypsen\u0117l\u0117\u201d\",\"isPartOf\":{\"@id\":\"https:\/\/amberwithsilver.com\/en\/#website\"},\"primaryImageOfPage\":{\"@id\":\"https:\/\/amberwithsilver.com\/en\/product\/tamsaus-konjako-baltijos-gintaro-apyranke-sypsenele\/#primaryimage\"},\"image\":{\"@id\":\"https:\/\/amberwithsilver.com\/en\/product\/tamsaus-konjako-baltijos-gintaro-apyranke-sypsenele\/#primaryimage\"},\"thumbnailUrl\":\"https:\/\/amberwithsilver.com\/wp-content\/uploads\/2024\/08\/id.559.webp\",\"datePublished\":\"2024-08-29T07:08:21+00:00\",\"dateModified\":\"2024-08-31T20:34:22+00:00\",\"description\":\"Dark cognac Baltic amber bracelet \\\"Smiley\\\", Classic and comfortable bracelet for women. Klasikin\u0117 ir patogi ant rankos rie\u0161o apyrank\u0117 moteriai.\",\"breadcrumb\":{\"@id\":\"https:\/\/amberwithsilver.com\/en\/product\/tamsaus-konjako-baltijos-gintaro-apyranke-sypsenele\/#breadcrumb\"},\"inLanguage\":\"en-US\",\"potentialAction\":[{\"@type\":\"ReadAction\",\"target\":[\"https:\/\/amberwithsilver.com\/en\/product\/tamsaus-konjako-baltijos-gintaro-apyranke-sypsenele\/\"]}]},{\"@type\":\"ImageObject\",\"inLanguage\":\"en-US\",\"@id\":\"https:\/\/amberwithsilver.com\/en\/product\/tamsaus-konjako-baltijos-gintaro-apyranke-sypsenele\/#primaryimage\",\"url\":\"https:\/\/amberwithsilver.com\/wp-content\/uploads\/2024\/08\/id.559.webp\",\"contentUrl\":\"https:\/\/amberwithsilver.com\/wp-content\/uploads\/2024\/08\/id.559.webp\",\"width\":800,\"height\":655,\"caption\":\"Tamsaus konjako Baltijos gintaro apyrank\u0117 \\\"\u0160ypsen\u0117l\u0117\\\", Dark cognac Baltic amber bracelet \\\"Smiley\\\"\"},{\"@type\":\"BreadcrumbList\",\"@id\":\"https:\/\/amberwithsilver.com\/en\/product\/tamsaus-konjako-baltijos-gintaro-apyranke-sypsenele\/#breadcrumb\",\"itemListElement\":[{\"@type\":\"ListItem\",\"position\":1,\"name\":\"Home\",\"item\":\"https:\/\/amberwithsilver.com\/\"},{\"@type\":\"ListItem\",\"position\":2,\"name\":\"Parduotuv\u0117\",\"item\":\"https:\/\/amberwithsilver.com\/en\/parduotuve\/\"},{\"@type\":\"ListItem\",\"position\":3,\"name\":\"Tamsaus konjako Baltijos gintaro apyrank\u0117 \u201e\u0160ypsen\u0117l\u0117\u201d\"}]},{\"@type\":\"WebSite\",\"@id\":\"https:\/\/amberwithsilver.com\/en\/#website\",\"url\":\"https:\/\/amberwithsilver.com\/en\/\",\"name\":\"AmberWithSilver\",\"description\":\"Amber-Silver\",\"publisher\":{\"@id\":\"https:\/\/amberwithsilver.com\/en\/#organization\"},\"potentialAction\":[{\"@type\":\"SearchAction\",\"target\":{\"@type\":\"EntryPoint\",\"urlTemplate\":\"https:\/\/amberwithsilver.com\/en\/?s={search_term_string}\"},\"query-input\":{\"@type\":\"PropertyValueSpecification\",\"valueRequired\":true,\"valueName\":\"search_term_string\"}}],\"inLanguage\":\"en-US\"},{\"@type\":\"Organization\",\"@id\":\"https:\/\/amberwithsilver.com\/en\/#organization\",\"name\":\"amberwithsilver\",\"url\":\"https:\/\/amberwithsilver.com\/en\/\",\"logo\":{\"@type\":\"ImageObject\",\"inLanguage\":\"en-US\",\"@id\":\"https:\/\/amberwithsilver.com\/en\/#\/schema\/logo\/image\/\",\"url\":\"https:\/\/i0.wp.com\/amberwithsilver.com\/wp-content\/uploads\/2020\/12\/logo.jpg?fit=232%2C116&ssl=1\",\"contentUrl\":\"https:\/\/i0.wp.com\/amberwithsilver.com\/wp-content\/uploads\/2020\/12\/logo.jpg?fit=232%2C116&ssl=1\",\"width\":232,\"height\":116,\"caption\":\"amberwithsilver\"},\"image\":{\"@id\":\"https:\/\/amberwithsilver.com\/en\/#\/schema\/logo\/image\/\"}}]}<\/script>\n<!-- \/ Yoast SEO Premium plugin. -->","yoast_head_json":{"title":"Tamsaus konjako Baltijos gintaro apyrank\u0117 \u201e\u0160ypsen\u0117l\u0117\u201d","description":"Dark cognac Baltic amber bracelet \"Smiley\", Classic and comfortable bracelet for women. Klasikin\u0117 ir patogi ant rankos rie\u0161o apyrank\u0117 moteriai.","robots":{"index":"index","follow":"follow","max-snippet":"max-snippet:-1","max-image-preview":"max-image-preview:large","max-video-preview":"max-video-preview:-1"},"canonical":"https:\/\/amberwithsilver.com\/en\/product\/tamsaus-konjako-baltijos-gintaro-apyranke-sypsenele\/","og_locale":"en_US","og_type":"article","og_title":"Tamsaus konjako Baltijos gintaro apyrank\u0117 \u201e\u0160ypsen\u0117l\u0117\u201d","og_description":"Dark cognac Baltic amber bracelet \"Smiley\", Classic and comfortable bracelet for women. Klasikin\u0117 ir patogi ant rankos rie\u0161o apyrank\u0117 moteriai.","og_url":"https:\/\/amberwithsilver.com\/en\/product\/tamsaus-konjako-baltijos-gintaro-apyranke-sypsenele\/","og_site_name":"AmberWithSilver","article_modified_time":"2024-08-31T20:34:22+00:00","og_image":[{"width":800,"height":655,"url":"https:\/\/amberwithsilver.com\/wp-content\/uploads\/2024\/08\/id.559.webp","type":"image\/webp"}],"twitter_card":"summary_large_image","twitter_misc":{"Est. reading time":"1 minute"},"schema":{"@context":"https:\/\/schema.org","@graph":[{"@type":"WebPage","@id":"https:\/\/amberwithsilver.com\/en\/product\/tamsaus-konjako-baltijos-gintaro-apyranke-sypsenele\/","url":"https:\/\/amberwithsilver.com\/en\/product\/tamsaus-konjako-baltijos-gintaro-apyranke-sypsenele\/","name":"Tamsaus konjako Baltijos gintaro apyrank\u0117 \u201e\u0160ypsen\u0117l\u0117\u201d","isPartOf":{"@id":"https:\/\/amberwithsilver.com\/en\/#website"},"primaryImageOfPage":{"@id":"https:\/\/amberwithsilver.com\/en\/product\/tamsaus-konjako-baltijos-gintaro-apyranke-sypsenele\/#primaryimage"},"image":{"@id":"https:\/\/amberwithsilver.com\/en\/product\/tamsaus-konjako-baltijos-gintaro-apyranke-sypsenele\/#primaryimage"},"thumbnailUrl":"https:\/\/amberwithsilver.com\/wp-content\/uploads\/2024\/08\/id.559.webp","datePublished":"2024-08-29T07:08:21+00:00","dateModified":"2024-08-31T20:34:22+00:00","description":"Dark cognac Baltic amber bracelet \"Smiley\", Classic and comfortable bracelet for women. Klasikin\u0117 ir patogi ant rankos rie\u0161o apyrank\u0117 moteriai.","breadcrumb":{"@id":"https:\/\/amberwithsilver.com\/en\/product\/tamsaus-konjako-baltijos-gintaro-apyranke-sypsenele\/#breadcrumb"},"inLanguage":"en-US","potentialAction":[{"@type":"ReadAction","target":["https:\/\/amberwithsilver.com\/en\/product\/tamsaus-konjako-baltijos-gintaro-apyranke-sypsenele\/"]}]},{"@type":"ImageObject","inLanguage":"en-US","@id":"https:\/\/amberwithsilver.com\/en\/product\/tamsaus-konjako-baltijos-gintaro-apyranke-sypsenele\/#primaryimage","url":"https:\/\/amberwithsilver.com\/wp-content\/uploads\/2024\/08\/id.559.webp","contentUrl":"https:\/\/amberwithsilver.com\/wp-content\/uploads\/2024\/08\/id.559.webp","width":800,"height":655,"caption":"Tamsaus konjako Baltijos gintaro apyrank\u0117 \"\u0160ypsen\u0117l\u0117\", Dark cognac Baltic amber bracelet \"Smiley\""},{"@type":"BreadcrumbList","@id":"https:\/\/amberwithsilver.com\/en\/product\/tamsaus-konjako-baltijos-gintaro-apyranke-sypsenele\/#breadcrumb","itemListElement":[{"@type":"ListItem","position":1,"name":"Home","item":"https:\/\/amberwithsilver.com\/"},{"@type":"ListItem","position":2,"name":"Parduotuv\u0117","item":"https:\/\/amberwithsilver.com\/en\/parduotuve\/"},{"@type":"ListItem","position":3,"name":"Tamsaus konjako Baltijos gintaro apyrank\u0117 \u201e\u0160ypsen\u0117l\u0117\u201d"}]},{"@type":"WebSite","@id":"https:\/\/amberwithsilver.com\/en\/#website","url":"https:\/\/amberwithsilver.com\/en\/","name":"AmberWithSilver","description":"Amber-Silver","publisher":{"@id":"https:\/\/amberwithsilver.com\/en\/#organization"},"potentialAction":[{"@type":"SearchAction","target":{"@type":"EntryPoint","urlTemplate":"https:\/\/amberwithsilver.com\/en\/?s={search_term_string}"},"query-input":{"@type":"PropertyValueSpecification","valueRequired":true,"valueName":"search_term_string"}}],"inLanguage":"en-US"},{"@type":"Organization","@id":"https:\/\/amberwithsilver.com\/en\/#organization","name":"amberwithsilver","url":"https:\/\/amberwithsilver.com\/en\/","logo":{"@type":"ImageObject","inLanguage":"en-US","@id":"https:\/\/amberwithsilver.com\/en\/#\/schema\/logo\/image\/","url":"https:\/\/i0.wp.com\/amberwithsilver.com\/wp-content\/uploads\/2020\/12\/logo.jpg?fit=232%2C116&ssl=1","contentUrl":"https:\/\/i0.wp.com\/amberwithsilver.com\/wp-content\/uploads\/2020\/12\/logo.jpg?fit=232%2C116&ssl=1","width":232,"height":116,"caption":"amberwithsilver"},"image":{"@id":"https:\/\/amberwithsilver.com\/en\/#\/schema\/logo\/image\/"}}]}},"jetpack_sharing_enabled":true,"_links":{"self":[{"href":"https:\/\/amberwithsilver.com\/en\/wp-json\/wp\/v2\/product\/3547","targetHints":{"allow":["GET"]}}],"collection":[{"href":"https:\/\/amberwithsilver.com\/en\/wp-json\/wp\/v2\/product"}],"about":[{"href":"https:\/\/amberwithsilver.com\/en\/wp-json\/wp\/v2\/types\/product"}],"replies":[{"embeddable":true,"href":"https:\/\/amberwithsilver.com\/en\/wp-json\/wp\/v2\/comments?post=3547"}],"version-history":[{"count":0,"href":"https:\/\/amberwithsilver.com\/en\/wp-json\/wp\/v2\/product\/3547\/revisions"}],"wp:featuredmedia":[{"embeddable":true,"href":"https:\/\/amberwithsilver.com\/en\/wp-json\/wp\/v2\/media\/3548"}],"wp:attachment":[{"href":"https:\/\/amberwithsilver.com\/en\/wp-json\/wp\/v2\/media?parent=3547"}],"wp:term":[{"taxonomy":"product_brand","embeddable":true,"href":"https:\/\/amberwithsilver.com\/en\/wp-json\/wp\/v2\/product_brand?post=3547"},{"taxonomy":"product_cat","embeddable":true,"href":"https:\/\/amberwithsilver.com\/en\/wp-json\/wp\/v2\/product_cat?post=3547"},{"taxonomy":"product_tag","embeddable":true,"href":"https:\/\/amberwithsilver.com\/en\/wp-json\/wp\/v2\/product_tag?post=3547"}],"curies":[{"name":"wp","href":"https:\/\/api.w.org\/{rel}","templated":true}]}}