{"id":3552,"date":"2024-08-31T22:52:28","date_gmt":"2024-08-31T20:52:28","guid":{"rendered":"http:\/\/amberwithsilver.com\/?post_type=product&#038;p=3552"},"modified":"2024-10-04T06:42:31","modified_gmt":"2024-10-04T04:42:31","slug":"baltijos-gintaro-apyranke-sypsenele-su-naturaliomis-fosilijomis","status":"publish","type":"product","link":"https:\/\/amberwithsilver.com\/en\/product\/baltijos-gintaro-apyranke-sypsenele-su-naturaliomis-fosilijomis\/","title":{"rendered":"Baltijos gintaro apyrank\u0117 \u201e\u0160ypsen\u0117l\u0117\u201d su nat\u016braliomis fosilijomis"},"content":{"rendered":"<p>Baltijos gintaro apyrank\u0117 \u201e\u0160ypsen\u0117l\u0117\u201d su nat\u016braliomis fosilijomis.<\/p>\n<ul>\n<li><em>Genuine Baltic amber<\/em><\/li>\n<li><em>Amber with natural fossil<br \/>\n<\/em><\/li>\n<li><em>Amber details dimensions: ~ 1.00-1.50 cm<\/em><\/li>\n<li><em><span class=\"VIiyi\" lang=\"lt\"><span class=\"JLqJ4b ChMk0b\" data-language-for-alternatives=\"lt\" data-language-to-translate-into=\"en\" data-phrase-index=\"0\">Elastic silicon<br \/>\n<\/span><\/span><\/em><\/li>\n<li><em>Length: ~ 19-20 cm<\/em><\/li>\n<li><em>Weight: ~ 12 grams<\/em><\/li>\n<\/ul>\n<p>*Please note that the color of the product may vary slightly from that shown in the photo, depending on the monitor used by the Buyer and the lighting settings in the photos.<\/p>","protected":false},"excerpt":{"rendered":"<p>Baltijos gintaro apyrank\u0117 \u201e\u0160ypsen\u0117l\u0117\u201d su nat\u016braliomis fosilijomis.<\/p>\n<ul>\n<li><em>Genuine Baltic amber<\/em><\/li>\n<li><em>Amber with natural fossil<br \/>\n<\/em><\/li>\n<li><em>Amber details dimensions: ~ 1.00-1.50 cm<\/em><\/li>\n<li><em><span class=\"VIiyi\" lang=\"lt\"><span class=\"JLqJ4b ChMk0b\" data-language-for-alternatives=\"lt\" data-language-to-translate-into=\"en\" data-phrase-index=\"0\">Elastic silicon<br \/>\n<\/span><\/span><\/em><\/li>\n<li><em>Length: ~ 19-20 cm<\/em><\/li>\n<li><em>Weight: ~ 12 grams<\/em><\/li>\n<\/ul>\n<p>*Please note that the color of the product may vary slightly from that shown in the photo, depending on the monitor used by the Buyer and the lighting settings in the photos.<\/p>","protected":false},"featured_media":3553,"comment_status":"open","ping_status":"closed","template":"","meta":[],"product_brand":[],"product_cat":[18],"product_tag":[72,156,331,1244,1245,1246,1247],"class_list":{"0":"post-3552","1":"product","2":"type-product","3":"status-publish","4":"has-post-thumbnail","6":"product_cat-gintaro-apyrankes","7":"product_tag-baltijos-gintaro-apyranke","8":"product_tag-green-amber","9":"product_tag-natural-baltic-amber-bracelet","10":"product_tag-baltijos-gintaro-apyranke-sypsenele-su-naturaliomis-fosilijomis","11":"product_tag-baltic-amber-bracelet-with-natural-fossil-smiley","12":"product_tag-zalia-gintarine-apyranke","13":"product_tag-green-amber-bracelet","15":"first","16":"outofstock","17":"taxable","18":"shipping-taxable","19":"purchasable","20":"product-type-simple"},"yoast_head":"<!-- This site is optimized with the Yoast SEO Premium plugin v23.4 (Yoast SEO v26.8) - https:\/\/yoast.com\/product\/yoast-seo-premium-wordpress\/ -->\n<title>Baltijos gintaro apyrank\u0117 \u201e\u0160ypsen\u0117l\u0117\u201d su nat\u016braliomis fosilijomis<\/title>\n<meta name=\"description\" content=\"Baltijos gintaro apyrank\u0117 \u201e\u0160ypsen\u0117l\u0117\u201d su nat\u016braliomis fosilijomis\" \/>\n<meta name=\"robots\" content=\"index, follow, max-snippet:-1, max-image-preview:large, max-video-preview:-1\" \/>\n<link rel=\"canonical\" href=\"https:\/\/amberwithsilver.com\/en\/product\/baltijos-gintaro-apyranke-sypsenele-su-naturaliomis-fosilijomis\/\" \/>\n<meta property=\"og:locale\" content=\"en_US\" \/>\n<meta property=\"og:type\" content=\"article\" \/>\n<meta property=\"og:title\" content=\"Baltijos gintaro apyrank\u0117 \u201e\u0160ypsen\u0117l\u0117\u201d su nat\u016braliomis fosilijomis\" \/>\n<meta property=\"og:description\" content=\"Baltijos gintaro apyrank\u0117 \u201e\u0160ypsen\u0117l\u0117\u201d su nat\u016braliomis fosilijomis\" \/>\n<meta property=\"og:url\" content=\"https:\/\/amberwithsilver.com\/en\/product\/baltijos-gintaro-apyranke-sypsenele-su-naturaliomis-fosilijomis\/\" \/>\n<meta property=\"og:site_name\" content=\"AmberWithSilver\" \/>\n<meta property=\"article:modified_time\" content=\"2024-10-04T04:42:31+00:00\" \/>\n<meta property=\"og:image\" content=\"https:\/\/amberwithsilver.com\/wp-content\/uploads\/2024\/08\/id.560-Baltijos-gintaro-apyranke-\u201eSypsenele-su-naturaliomis-fosilijomis-Baltic-amber-bracelet-with-natural-fossil-Smiley.webp\" \/>\n\t<meta property=\"og:image:width\" content=\"800\" \/>\n\t<meta property=\"og:image:height\" content=\"741\" \/>\n\t<meta property=\"og:image:type\" content=\"image\/webp\" \/>\n<meta name=\"twitter:card\" content=\"summary_large_image\" \/>\n<meta name=\"twitter:label1\" content=\"Est. reading time\" \/>\n\t<meta name=\"twitter:data1\" content=\"1 minute\" \/>\n<script type=\"application\/ld+json\" class=\"yoast-schema-graph\">{\"@context\":\"https:\/\/schema.org\",\"@graph\":[{\"@type\":\"WebPage\",\"@id\":\"https:\/\/amberwithsilver.com\/product\/baltijos-gintaro-apyranke-sypsenele-su-naturaliomis-fosilijomis\/\",\"url\":\"https:\/\/amberwithsilver.com\/product\/baltijos-gintaro-apyranke-sypsenele-su-naturaliomis-fosilijomis\/\",\"name\":\"Baltijos gintaro apyrank\u0117 \u201e\u0160ypsen\u0117l\u0117\u201d su nat\u016braliomis fosilijomis\",\"isPartOf\":{\"@id\":\"https:\/\/amberwithsilver.com\/en\/#website\"},\"primaryImageOfPage\":{\"@id\":\"https:\/\/amberwithsilver.com\/product\/baltijos-gintaro-apyranke-sypsenele-su-naturaliomis-fosilijomis\/#primaryimage\"},\"image\":{\"@id\":\"https:\/\/amberwithsilver.com\/product\/baltijos-gintaro-apyranke-sypsenele-su-naturaliomis-fosilijomis\/#primaryimage\"},\"thumbnailUrl\":\"https:\/\/amberwithsilver.com\/wp-content\/uploads\/2024\/08\/id.560-Baltijos-gintaro-apyranke-\u201eSypsenele-su-naturaliomis-fosilijomis-Baltic-amber-bracelet-with-natural-fossil-Smiley.webp\",\"datePublished\":\"2024-08-31T20:52:28+00:00\",\"dateModified\":\"2024-10-04T04:42:31+00:00\",\"description\":\"Baltijos gintaro apyrank\u0117 \u201e\u0160ypsen\u0117l\u0117\u201d su nat\u016braliomis fosilijomis\",\"breadcrumb\":{\"@id\":\"https:\/\/amberwithsilver.com\/product\/baltijos-gintaro-apyranke-sypsenele-su-naturaliomis-fosilijomis\/#breadcrumb\"},\"inLanguage\":\"en-US\",\"potentialAction\":[{\"@type\":\"ReadAction\",\"target\":[\"https:\/\/amberwithsilver.com\/product\/baltijos-gintaro-apyranke-sypsenele-su-naturaliomis-fosilijomis\/\"]}]},{\"@type\":\"ImageObject\",\"inLanguage\":\"en-US\",\"@id\":\"https:\/\/amberwithsilver.com\/product\/baltijos-gintaro-apyranke-sypsenele-su-naturaliomis-fosilijomis\/#primaryimage\",\"url\":\"https:\/\/amberwithsilver.com\/wp-content\/uploads\/2024\/08\/id.560-Baltijos-gintaro-apyranke-\u201eSypsenele-su-naturaliomis-fosilijomis-Baltic-amber-bracelet-with-natural-fossil-Smiley.webp\",\"contentUrl\":\"https:\/\/amberwithsilver.com\/wp-content\/uploads\/2024\/08\/id.560-Baltijos-gintaro-apyranke-\u201eSypsenele-su-naturaliomis-fosilijomis-Baltic-amber-bracelet-with-natural-fossil-Smiley.webp\",\"width\":800,\"height\":741,\"caption\":\"Baltijos gintaro apyrank\u0117 \u201e\u0160ypsen\u0117l\u0117\u201d su nat\u016braliomis fosilijomis, Baltic amber bracelet with natural fossil \\\"Smiley\\\"\"},{\"@type\":\"BreadcrumbList\",\"@id\":\"https:\/\/amberwithsilver.com\/product\/baltijos-gintaro-apyranke-sypsenele-su-naturaliomis-fosilijomis\/#breadcrumb\",\"itemListElement\":[{\"@type\":\"ListItem\",\"position\":1,\"name\":\"Home\",\"item\":\"https:\/\/amberwithsilver.com\/\"},{\"@type\":\"ListItem\",\"position\":2,\"name\":\"Parduotuv\u0117\",\"item\":\"https:\/\/amberwithsilver.com\/en\/parduotuve\/\"},{\"@type\":\"ListItem\",\"position\":3,\"name\":\"Baltijos gintaro apyrank\u0117 \u201e\u0160ypsen\u0117l\u0117\u201d su nat\u016braliomis fosilijomis\"}]},{\"@type\":\"WebSite\",\"@id\":\"https:\/\/amberwithsilver.com\/en\/#website\",\"url\":\"https:\/\/amberwithsilver.com\/en\/\",\"name\":\"AmberWithSilver\",\"description\":\"Amber-Silver\",\"publisher\":{\"@id\":\"https:\/\/amberwithsilver.com\/en\/#organization\"},\"potentialAction\":[{\"@type\":\"SearchAction\",\"target\":{\"@type\":\"EntryPoint\",\"urlTemplate\":\"https:\/\/amberwithsilver.com\/en\/?s={search_term_string}\"},\"query-input\":{\"@type\":\"PropertyValueSpecification\",\"valueRequired\":true,\"valueName\":\"search_term_string\"}}],\"inLanguage\":\"en-US\"},{\"@type\":\"Organization\",\"@id\":\"https:\/\/amberwithsilver.com\/en\/#organization\",\"name\":\"amberwithsilver\",\"url\":\"https:\/\/amberwithsilver.com\/en\/\",\"logo\":{\"@type\":\"ImageObject\",\"inLanguage\":\"en-US\",\"@id\":\"https:\/\/amberwithsilver.com\/en\/#\/schema\/logo\/image\/\",\"url\":\"https:\/\/i0.wp.com\/amberwithsilver.com\/wp-content\/uploads\/2020\/12\/logo.jpg?fit=232%2C116&ssl=1\",\"contentUrl\":\"https:\/\/i0.wp.com\/amberwithsilver.com\/wp-content\/uploads\/2020\/12\/logo.jpg?fit=232%2C116&ssl=1\",\"width\":232,\"height\":116,\"caption\":\"amberwithsilver\"},\"image\":{\"@id\":\"https:\/\/amberwithsilver.com\/en\/#\/schema\/logo\/image\/\"}}]}<\/script>\n<!-- \/ Yoast SEO Premium plugin. -->","yoast_head_json":{"title":"Baltijos gintaro apyrank\u0117 \u201e\u0160ypsen\u0117l\u0117\u201d su nat\u016braliomis fosilijomis","description":"Baltijos gintaro apyrank\u0117 \u201e\u0160ypsen\u0117l\u0117\u201d su nat\u016braliomis fosilijomis","robots":{"index":"index","follow":"follow","max-snippet":"max-snippet:-1","max-image-preview":"max-image-preview:large","max-video-preview":"max-video-preview:-1"},"canonical":"https:\/\/amberwithsilver.com\/en\/product\/baltijos-gintaro-apyranke-sypsenele-su-naturaliomis-fosilijomis\/","og_locale":"en_US","og_type":"article","og_title":"Baltijos gintaro apyrank\u0117 \u201e\u0160ypsen\u0117l\u0117\u201d su nat\u016braliomis fosilijomis","og_description":"Baltijos gintaro apyrank\u0117 \u201e\u0160ypsen\u0117l\u0117\u201d su nat\u016braliomis fosilijomis","og_url":"https:\/\/amberwithsilver.com\/en\/product\/baltijos-gintaro-apyranke-sypsenele-su-naturaliomis-fosilijomis\/","og_site_name":"AmberWithSilver","article_modified_time":"2024-10-04T04:42:31+00:00","og_image":[{"width":800,"height":741,"url":"https:\/\/amberwithsilver.com\/wp-content\/uploads\/2024\/08\/id.560-Baltijos-gintaro-apyranke-\u201eSypsenele-su-naturaliomis-fosilijomis-Baltic-amber-bracelet-with-natural-fossil-Smiley.webp","type":"image\/webp"}],"twitter_card":"summary_large_image","twitter_misc":{"Est. reading time":"1 minute"},"schema":{"@context":"https:\/\/schema.org","@graph":[{"@type":"WebPage","@id":"https:\/\/amberwithsilver.com\/product\/baltijos-gintaro-apyranke-sypsenele-su-naturaliomis-fosilijomis\/","url":"https:\/\/amberwithsilver.com\/product\/baltijos-gintaro-apyranke-sypsenele-su-naturaliomis-fosilijomis\/","name":"Baltijos gintaro apyrank\u0117 \u201e\u0160ypsen\u0117l\u0117\u201d su nat\u016braliomis fosilijomis","isPartOf":{"@id":"https:\/\/amberwithsilver.com\/en\/#website"},"primaryImageOfPage":{"@id":"https:\/\/amberwithsilver.com\/product\/baltijos-gintaro-apyranke-sypsenele-su-naturaliomis-fosilijomis\/#primaryimage"},"image":{"@id":"https:\/\/amberwithsilver.com\/product\/baltijos-gintaro-apyranke-sypsenele-su-naturaliomis-fosilijomis\/#primaryimage"},"thumbnailUrl":"https:\/\/amberwithsilver.com\/wp-content\/uploads\/2024\/08\/id.560-Baltijos-gintaro-apyranke-\u201eSypsenele-su-naturaliomis-fosilijomis-Baltic-amber-bracelet-with-natural-fossil-Smiley.webp","datePublished":"2024-08-31T20:52:28+00:00","dateModified":"2024-10-04T04:42:31+00:00","description":"Baltijos gintaro apyrank\u0117 \u201e\u0160ypsen\u0117l\u0117\u201d su nat\u016braliomis fosilijomis","breadcrumb":{"@id":"https:\/\/amberwithsilver.com\/product\/baltijos-gintaro-apyranke-sypsenele-su-naturaliomis-fosilijomis\/#breadcrumb"},"inLanguage":"en-US","potentialAction":[{"@type":"ReadAction","target":["https:\/\/amberwithsilver.com\/product\/baltijos-gintaro-apyranke-sypsenele-su-naturaliomis-fosilijomis\/"]}]},{"@type":"ImageObject","inLanguage":"en-US","@id":"https:\/\/amberwithsilver.com\/product\/baltijos-gintaro-apyranke-sypsenele-su-naturaliomis-fosilijomis\/#primaryimage","url":"https:\/\/amberwithsilver.com\/wp-content\/uploads\/2024\/08\/id.560-Baltijos-gintaro-apyranke-\u201eSypsenele-su-naturaliomis-fosilijomis-Baltic-amber-bracelet-with-natural-fossil-Smiley.webp","contentUrl":"https:\/\/amberwithsilver.com\/wp-content\/uploads\/2024\/08\/id.560-Baltijos-gintaro-apyranke-\u201eSypsenele-su-naturaliomis-fosilijomis-Baltic-amber-bracelet-with-natural-fossil-Smiley.webp","width":800,"height":741,"caption":"Baltijos gintaro apyrank\u0117 \u201e\u0160ypsen\u0117l\u0117\u201d su nat\u016braliomis fosilijomis, Baltic amber bracelet with natural fossil \"Smiley\""},{"@type":"BreadcrumbList","@id":"https:\/\/amberwithsilver.com\/product\/baltijos-gintaro-apyranke-sypsenele-su-naturaliomis-fosilijomis\/#breadcrumb","itemListElement":[{"@type":"ListItem","position":1,"name":"Home","item":"https:\/\/amberwithsilver.com\/"},{"@type":"ListItem","position":2,"name":"Parduotuv\u0117","item":"https:\/\/amberwithsilver.com\/en\/parduotuve\/"},{"@type":"ListItem","position":3,"name":"Baltijos gintaro apyrank\u0117 \u201e\u0160ypsen\u0117l\u0117\u201d su nat\u016braliomis fosilijomis"}]},{"@type":"WebSite","@id":"https:\/\/amberwithsilver.com\/en\/#website","url":"https:\/\/amberwithsilver.com\/en\/","name":"AmberWithSilver","description":"Amber-Silver","publisher":{"@id":"https:\/\/amberwithsilver.com\/en\/#organization"},"potentialAction":[{"@type":"SearchAction","target":{"@type":"EntryPoint","urlTemplate":"https:\/\/amberwithsilver.com\/en\/?s={search_term_string}"},"query-input":{"@type":"PropertyValueSpecification","valueRequired":true,"valueName":"search_term_string"}}],"inLanguage":"en-US"},{"@type":"Organization","@id":"https:\/\/amberwithsilver.com\/en\/#organization","name":"amberwithsilver","url":"https:\/\/amberwithsilver.com\/en\/","logo":{"@type":"ImageObject","inLanguage":"en-US","@id":"https:\/\/amberwithsilver.com\/en\/#\/schema\/logo\/image\/","url":"https:\/\/i0.wp.com\/amberwithsilver.com\/wp-content\/uploads\/2020\/12\/logo.jpg?fit=232%2C116&ssl=1","contentUrl":"https:\/\/i0.wp.com\/amberwithsilver.com\/wp-content\/uploads\/2020\/12\/logo.jpg?fit=232%2C116&ssl=1","width":232,"height":116,"caption":"amberwithsilver"},"image":{"@id":"https:\/\/amberwithsilver.com\/en\/#\/schema\/logo\/image\/"}}]}},"jetpack_sharing_enabled":true,"_links":{"self":[{"href":"https:\/\/amberwithsilver.com\/en\/wp-json\/wp\/v2\/product\/3552","targetHints":{"allow":["GET"]}}],"collection":[{"href":"https:\/\/amberwithsilver.com\/en\/wp-json\/wp\/v2\/product"}],"about":[{"href":"https:\/\/amberwithsilver.com\/en\/wp-json\/wp\/v2\/types\/product"}],"replies":[{"embeddable":true,"href":"https:\/\/amberwithsilver.com\/en\/wp-json\/wp\/v2\/comments?post=3552"}],"version-history":[{"count":0,"href":"https:\/\/amberwithsilver.com\/en\/wp-json\/wp\/v2\/product\/3552\/revisions"}],"wp:featuredmedia":[{"embeddable":true,"href":"https:\/\/amberwithsilver.com\/en\/wp-json\/wp\/v2\/media\/3553"}],"wp:attachment":[{"href":"https:\/\/amberwithsilver.com\/en\/wp-json\/wp\/v2\/media?parent=3552"}],"wp:term":[{"taxonomy":"product_brand","embeddable":true,"href":"https:\/\/amberwithsilver.com\/en\/wp-json\/wp\/v2\/product_brand?post=3552"},{"taxonomy":"product_cat","embeddable":true,"href":"https:\/\/amberwithsilver.com\/en\/wp-json\/wp\/v2\/product_cat?post=3552"},{"taxonomy":"product_tag","embeddable":true,"href":"https:\/\/amberwithsilver.com\/en\/wp-json\/wp\/v2\/product_tag?post=3552"}],"curies":[{"name":"wp","href":"https:\/\/api.w.org\/{rel}","templated":true}]}}