{"id":3556,"date":"2024-09-01T10:04:11","date_gmt":"2024-09-01T08:04:11","guid":{"rendered":"http:\/\/amberwithsilver.com\/?post_type=product&#038;p=3556"},"modified":"2025-12-11T09:25:24","modified_gmt":"2025-12-11T07:25:24","slug":"gintarinis-medis-azuolas-10-cm","status":"publish","type":"product","link":"https:\/\/amberwithsilver.com\/en\/product\/gintarinis-medis-azuolas-10-cm\/","title":{"rendered":"Amber tree \"Oak\" 10 cm"},"content":{"rendered":"<p>Amber tree \"Oak\" 10 cm.<\/p>\n<p>This is a handmade Baltic Amber Tree which symbolises Lithuanian oak. Carefully selected freeform amber pieces perfectly combine with each other. This is a great gift for family members, friends or business partners, who appreciate Lithuanian culture. This amber souvenir should find a place in every harmonious family home. Amber Tree will not only decorate the house, but will also protect against evil with its organic energy, will bring happiness, love and endless harmony to the family. We pack the Amber Tree in a hard carton, so it is convenient and safe to export.<\/p>\n<ul>\n<li><em>Natural Baltic amber<\/em><\/li>\n<li><em>Diameter: the height of the tree is ~ 10 cm, the width is ~ 8 cm<br \/>\n<\/em><\/li>\n<li><em>Material: Baltic amber, wood, metal wire.<br \/>\n<\/em><\/li>\n<\/ul>\n<p>Attention! Tree shape, leaflet layout and colors may differ from the ones in the picture. Each Tree is one-piece handmade by experienced masters.<\/p>","protected":false},"excerpt":{"rendered":"<p>Amber tree \"Oak\" 10 cm.<\/p>\n<p>This is a handmade Baltic Amber Tree which symbolises Lithuanian oak. Carefully selected freeform amber pieces perfectly combine with each other. This is a great gift for family members, friends or business partners, who appreciate Lithuanian culture. This amber souvenir should find a place in every harmonious family home. Amber Tree will not only decorate the house, but will also protect against evil with its organic energy, will bring happiness, love and endless harmony to the family. We pack the Amber Tree in a hard carton, so it is convenient and safe to export.<\/p>\n<ul>\n<li><em>Natural Baltic amber<\/em><\/li>\n<li><em>Diameter: the height of the tree is ~ 10 cm, the width is ~ 8 cm<br \/>\n<\/em><\/li>\n<li><em>Material: Baltic amber, wood, metal wire.<br \/>\n<\/em><\/li>\n<\/ul>\n<p>Attention! Tree shape, leaflet layout and colors may differ from the ones in the picture. Each Tree is one-piece handmade by experienced masters.<\/p>","protected":false},"featured_media":3557,"comment_status":"open","ping_status":"closed","template":"","meta":[],"product_brand":[],"product_cat":[46,45],"product_tag":[1255,1248,1249,1250,1251,1252,1253,1254],"class_list":{"0":"post-3556","1":"product","2":"type-product","3":"status-publish","4":"has-post-thumbnail","6":"product_cat-gintaro-medziai","7":"product_cat-gintaro-suvenyrai","8":"product_tag-baltic-amber-souvenirs","9":"product_tag-gintarinis-medis-azuolas-10-cm","10":"product_tag-amber-tree-oak-10-cm","11":"product_tag-gintaro-suvenyras","12":"product_tag-suvenyrai-is-gintaro","13":"product_tag-dovana-is-gintaro","14":"product_tag-gintarinis-medelis","15":"product_tag-amber-tree","17":"first","18":"instock","19":"taxable","20":"shipping-taxable","21":"purchasable","22":"product-type-simple"},"yoast_head":"<!-- This site is optimized with the Yoast SEO Premium plugin v23.4 (Yoast SEO v27.4) - https:\/\/yoast.com\/product\/yoast-seo-premium-wordpress\/ -->\n<title>Gintarinis medis &quot;\u0104\u017euolas&quot; 10 cm<\/title>\n<meta name=\"description\" content=\"Amber tree &quot;Oak&quot; 10 cm. Tai rank\u0173 darbo Baltijos gintaro medis, simbolizuojantis lietuvi\u0161k\u0105 \u0105\u017euol\u0105. Kruop\u0161\u010diai atrinkti gintar\u0117liai, laisvos formos.\" \/>\n<meta name=\"robots\" content=\"index, follow, max-snippet:-1, max-image-preview:large, max-video-preview:-1\" \/>\n<link rel=\"canonical\" href=\"https:\/\/amberwithsilver.com\/en\/product\/gintarinis-medis-azuolas-10-cm\/\" \/>\n<meta property=\"og:locale\" content=\"en_US\" \/>\n<meta property=\"og:type\" content=\"article\" \/>\n<meta property=\"og:title\" content=\"Gintarinis medis &quot;\u0104\u017euolas&quot; 10 cm\" \/>\n<meta property=\"og:description\" content=\"Amber tree &quot;Oak&quot; 10 cm. Tai rank\u0173 darbo Baltijos gintaro medis, simbolizuojantis lietuvi\u0161k\u0105 \u0105\u017euol\u0105. Kruop\u0161\u010diai atrinkti gintar\u0117liai, laisvos formos.\" \/>\n<meta property=\"og:url\" content=\"https:\/\/amberwithsilver.com\/en\/product\/gintarinis-medis-azuolas-10-cm\/\" \/>\n<meta property=\"og:site_name\" content=\"AmberWithSilver\" \/>\n<meta property=\"article:modified_time\" content=\"2025-12-11T07:25:24+00:00\" \/>\n<meta property=\"og:image\" content=\"https:\/\/amberwithsilver.com\/wp-content\/uploads\/2024\/09\/id.561-amber-tree-oak-10cm.webp\" \/>\n\t<meta property=\"og:image:width\" content=\"640\" \/>\n\t<meta property=\"og:image:height\" content=\"614\" \/>\n\t<meta property=\"og:image:type\" content=\"image\/webp\" \/>\n<meta name=\"twitter:card\" content=\"summary_large_image\" \/>\n<meta name=\"twitter:label1\" content=\"Est. reading time\" \/>\n\t<meta name=\"twitter:data1\" content=\"1 minute\" \/>\n<script type=\"application\/ld+json\" class=\"yoast-schema-graph\">{\"@context\":\"https:\\\/\\\/schema.org\",\"@graph\":[{\"@type\":\"WebPage\",\"@id\":\"https:\\\/\\\/amberwithsilver.com\\\/product\\\/gintarinis-medis-azuolas-10-cm\\\/\",\"url\":\"https:\\\/\\\/amberwithsilver.com\\\/product\\\/gintarinis-medis-azuolas-10-cm\\\/\",\"name\":\"Gintarinis medis \\\"\u0104\u017euolas\\\" 10 cm\",\"isPartOf\":{\"@id\":\"https:\\\/\\\/amberwithsilver.com\\\/en\\\/#website\"},\"primaryImageOfPage\":{\"@id\":\"https:\\\/\\\/amberwithsilver.com\\\/product\\\/gintarinis-medis-azuolas-10-cm\\\/#primaryimage\"},\"image\":{\"@id\":\"https:\\\/\\\/amberwithsilver.com\\\/product\\\/gintarinis-medis-azuolas-10-cm\\\/#primaryimage\"},\"thumbnailUrl\":\"https:\\\/\\\/amberwithsilver.com\\\/wp-content\\\/uploads\\\/2024\\\/09\\\/id.561-amber-tree-oak-10cm.webp\",\"datePublished\":\"2024-09-01T08:04:11+00:00\",\"dateModified\":\"2025-12-11T07:25:24+00:00\",\"description\":\"Amber tree \\\"Oak\\\" 10 cm. Tai rank\u0173 darbo Baltijos gintaro medis, simbolizuojantis lietuvi\u0161k\u0105 \u0105\u017euol\u0105. Kruop\u0161\u010diai atrinkti gintar\u0117liai, laisvos formos.\",\"breadcrumb\":{\"@id\":\"https:\\\/\\\/amberwithsilver.com\\\/product\\\/gintarinis-medis-azuolas-10-cm\\\/#breadcrumb\"},\"inLanguage\":\"en-US\",\"potentialAction\":[{\"@type\":\"ReadAction\",\"target\":[\"https:\\\/\\\/amberwithsilver.com\\\/product\\\/gintarinis-medis-azuolas-10-cm\\\/\"]}]},{\"@type\":\"ImageObject\",\"inLanguage\":\"en-US\",\"@id\":\"https:\\\/\\\/amberwithsilver.com\\\/product\\\/gintarinis-medis-azuolas-10-cm\\\/#primaryimage\",\"url\":\"https:\\\/\\\/amberwithsilver.com\\\/wp-content\\\/uploads\\\/2024\\\/09\\\/id.561-amber-tree-oak-10cm.webp\",\"contentUrl\":\"https:\\\/\\\/amberwithsilver.com\\\/wp-content\\\/uploads\\\/2024\\\/09\\\/id.561-amber-tree-oak-10cm.webp\",\"width\":640,\"height\":614,\"caption\":\"Gintarinis medis \\\"\u0104\u017euolas\\\" 10 cm,\u00a0Amber tree \\\"Oak\\\" 10 cm\"},{\"@type\":\"BreadcrumbList\",\"@id\":\"https:\\\/\\\/amberwithsilver.com\\\/product\\\/gintarinis-medis-azuolas-10-cm\\\/#breadcrumb\",\"itemListElement\":[{\"@type\":\"ListItem\",\"position\":1,\"name\":\"Home\",\"item\":\"https:\\\/\\\/amberwithsilver.com\\\/\"},{\"@type\":\"ListItem\",\"position\":2,\"name\":\"Parduotuv\u0117\",\"item\":\"https:\\\/\\\/amberwithsilver.com\\\/en\\\/parduotuve\\\/\"},{\"@type\":\"ListItem\",\"position\":3,\"name\":\"Gintarinis medis &#8222;\u0104\u017euolas&#8221; 10 cm\"}]},{\"@type\":\"WebSite\",\"@id\":\"https:\\\/\\\/amberwithsilver.com\\\/en\\\/#website\",\"url\":\"https:\\\/\\\/amberwithsilver.com\\\/en\\\/\",\"name\":\"AmberWithSilver\",\"description\":\"Amber-Silver\",\"publisher\":{\"@id\":\"https:\\\/\\\/amberwithsilver.com\\\/en\\\/#organization\"},\"potentialAction\":[{\"@type\":\"SearchAction\",\"target\":{\"@type\":\"EntryPoint\",\"urlTemplate\":\"https:\\\/\\\/amberwithsilver.com\\\/en\\\/?s={search_term_string}\"},\"query-input\":{\"@type\":\"PropertyValueSpecification\",\"valueRequired\":true,\"valueName\":\"search_term_string\"}}],\"inLanguage\":\"en-US\"},{\"@type\":\"Organization\",\"@id\":\"https:\\\/\\\/amberwithsilver.com\\\/en\\\/#organization\",\"name\":\"amberwithsilver\",\"url\":\"https:\\\/\\\/amberwithsilver.com\\\/en\\\/\",\"logo\":{\"@type\":\"ImageObject\",\"inLanguage\":\"en-US\",\"@id\":\"https:\\\/\\\/amberwithsilver.com\\\/en\\\/#\\\/schema\\\/logo\\\/image\\\/\",\"url\":\"https:\\\/\\\/i0.wp.com\\\/amberwithsilver.com\\\/wp-content\\\/uploads\\\/2020\\\/12\\\/logo.jpg?fit=232%2C116&ssl=1\",\"contentUrl\":\"https:\\\/\\\/i0.wp.com\\\/amberwithsilver.com\\\/wp-content\\\/uploads\\\/2020\\\/12\\\/logo.jpg?fit=232%2C116&ssl=1\",\"width\":232,\"height\":116,\"caption\":\"amberwithsilver\"},\"image\":{\"@id\":\"https:\\\/\\\/amberwithsilver.com\\\/en\\\/#\\\/schema\\\/logo\\\/image\\\/\"}}]}<\/script>\n<!-- \/ Yoast SEO Premium plugin. -->","yoast_head_json":{"title":"Gintarinis medis \"\u0104\u017euolas\" 10 cm","description":"Amber tree \"Oak\" 10 cm. Tai rank\u0173 darbo Baltijos gintaro medis, simbolizuojantis lietuvi\u0161k\u0105 \u0105\u017euol\u0105. Kruop\u0161\u010diai atrinkti gintar\u0117liai, laisvos formos.","robots":{"index":"index","follow":"follow","max-snippet":"max-snippet:-1","max-image-preview":"max-image-preview:large","max-video-preview":"max-video-preview:-1"},"canonical":"https:\/\/amberwithsilver.com\/en\/product\/gintarinis-medis-azuolas-10-cm\/","og_locale":"en_US","og_type":"article","og_title":"Gintarinis medis \"\u0104\u017euolas\" 10 cm","og_description":"Amber tree \"Oak\" 10 cm. Tai rank\u0173 darbo Baltijos gintaro medis, simbolizuojantis lietuvi\u0161k\u0105 \u0105\u017euol\u0105. Kruop\u0161\u010diai atrinkti gintar\u0117liai, laisvos formos.","og_url":"https:\/\/amberwithsilver.com\/en\/product\/gintarinis-medis-azuolas-10-cm\/","og_site_name":"AmberWithSilver","article_modified_time":"2025-12-11T07:25:24+00:00","og_image":[{"width":640,"height":614,"url":"https:\/\/amberwithsilver.com\/wp-content\/uploads\/2024\/09\/id.561-amber-tree-oak-10cm.webp","type":"image\/webp"}],"twitter_card":"summary_large_image","twitter_misc":{"Est. reading time":"1 minute"},"schema":{"@context":"https:\/\/schema.org","@graph":[{"@type":"WebPage","@id":"https:\/\/amberwithsilver.com\/product\/gintarinis-medis-azuolas-10-cm\/","url":"https:\/\/amberwithsilver.com\/product\/gintarinis-medis-azuolas-10-cm\/","name":"Gintarinis medis \"\u0104\u017euolas\" 10 cm","isPartOf":{"@id":"https:\/\/amberwithsilver.com\/en\/#website"},"primaryImageOfPage":{"@id":"https:\/\/amberwithsilver.com\/product\/gintarinis-medis-azuolas-10-cm\/#primaryimage"},"image":{"@id":"https:\/\/amberwithsilver.com\/product\/gintarinis-medis-azuolas-10-cm\/#primaryimage"},"thumbnailUrl":"https:\/\/amberwithsilver.com\/wp-content\/uploads\/2024\/09\/id.561-amber-tree-oak-10cm.webp","datePublished":"2024-09-01T08:04:11+00:00","dateModified":"2025-12-11T07:25:24+00:00","description":"Amber tree \"Oak\" 10 cm. Tai rank\u0173 darbo Baltijos gintaro medis, simbolizuojantis lietuvi\u0161k\u0105 \u0105\u017euol\u0105. Kruop\u0161\u010diai atrinkti gintar\u0117liai, laisvos formos.","breadcrumb":{"@id":"https:\/\/amberwithsilver.com\/product\/gintarinis-medis-azuolas-10-cm\/#breadcrumb"},"inLanguage":"en-US","potentialAction":[{"@type":"ReadAction","target":["https:\/\/amberwithsilver.com\/product\/gintarinis-medis-azuolas-10-cm\/"]}]},{"@type":"ImageObject","inLanguage":"en-US","@id":"https:\/\/amberwithsilver.com\/product\/gintarinis-medis-azuolas-10-cm\/#primaryimage","url":"https:\/\/amberwithsilver.com\/wp-content\/uploads\/2024\/09\/id.561-amber-tree-oak-10cm.webp","contentUrl":"https:\/\/amberwithsilver.com\/wp-content\/uploads\/2024\/09\/id.561-amber-tree-oak-10cm.webp","width":640,"height":614,"caption":"Gintarinis medis \"\u0104\u017euolas\" 10 cm,\u00a0Amber tree \"Oak\" 10 cm"},{"@type":"BreadcrumbList","@id":"https:\/\/amberwithsilver.com\/product\/gintarinis-medis-azuolas-10-cm\/#breadcrumb","itemListElement":[{"@type":"ListItem","position":1,"name":"Home","item":"https:\/\/amberwithsilver.com\/"},{"@type":"ListItem","position":2,"name":"Parduotuv\u0117","item":"https:\/\/amberwithsilver.com\/en\/parduotuve\/"},{"@type":"ListItem","position":3,"name":"Gintarinis medis &#8222;\u0104\u017euolas&#8221; 10 cm"}]},{"@type":"WebSite","@id":"https:\/\/amberwithsilver.com\/en\/#website","url":"https:\/\/amberwithsilver.com\/en\/","name":"AmberWithSilver","description":"Amber-Silver","publisher":{"@id":"https:\/\/amberwithsilver.com\/en\/#organization"},"potentialAction":[{"@type":"SearchAction","target":{"@type":"EntryPoint","urlTemplate":"https:\/\/amberwithsilver.com\/en\/?s={search_term_string}"},"query-input":{"@type":"PropertyValueSpecification","valueRequired":true,"valueName":"search_term_string"}}],"inLanguage":"en-US"},{"@type":"Organization","@id":"https:\/\/amberwithsilver.com\/en\/#organization","name":"amberwithsilver","url":"https:\/\/amberwithsilver.com\/en\/","logo":{"@type":"ImageObject","inLanguage":"en-US","@id":"https:\/\/amberwithsilver.com\/en\/#\/schema\/logo\/image\/","url":"https:\/\/i0.wp.com\/amberwithsilver.com\/wp-content\/uploads\/2020\/12\/logo.jpg?fit=232%2C116&ssl=1","contentUrl":"https:\/\/i0.wp.com\/amberwithsilver.com\/wp-content\/uploads\/2020\/12\/logo.jpg?fit=232%2C116&ssl=1","width":232,"height":116,"caption":"amberwithsilver"},"image":{"@id":"https:\/\/amberwithsilver.com\/en\/#\/schema\/logo\/image\/"}}]}},"jetpack_sharing_enabled":true,"_links":{"self":[{"href":"https:\/\/amberwithsilver.com\/en\/wp-json\/wp\/v2\/product\/3556","targetHints":{"allow":["GET"]}}],"collection":[{"href":"https:\/\/amberwithsilver.com\/en\/wp-json\/wp\/v2\/product"}],"about":[{"href":"https:\/\/amberwithsilver.com\/en\/wp-json\/wp\/v2\/types\/product"}],"replies":[{"embeddable":true,"href":"https:\/\/amberwithsilver.com\/en\/wp-json\/wp\/v2\/comments?post=3556"}],"version-history":[{"count":0,"href":"https:\/\/amberwithsilver.com\/en\/wp-json\/wp\/v2\/product\/3556\/revisions"}],"wp:featuredmedia":[{"embeddable":true,"href":"https:\/\/amberwithsilver.com\/en\/wp-json\/wp\/v2\/media\/3557"}],"wp:attachment":[{"href":"https:\/\/amberwithsilver.com\/en\/wp-json\/wp\/v2\/media?parent=3556"}],"wp:term":[{"taxonomy":"product_brand","embeddable":true,"href":"https:\/\/amberwithsilver.com\/en\/wp-json\/wp\/v2\/product_brand?post=3556"},{"taxonomy":"product_cat","embeddable":true,"href":"https:\/\/amberwithsilver.com\/en\/wp-json\/wp\/v2\/product_cat?post=3556"},{"taxonomy":"product_tag","embeddable":true,"href":"https:\/\/amberwithsilver.com\/en\/wp-json\/wp\/v2\/product_tag?post=3556"}],"curies":[{"name":"wp","href":"https:\/\/api.w.org\/{rel}","templated":true}]}}