{"id":3603,"date":"2024-10-18T11:05:12","date_gmt":"2024-10-18T09:05:12","guid":{"rendered":"https:\/\/amberwithsilver.com\/?post_type=product&#038;p=3603"},"modified":"2025-05-14T17:45:41","modified_gmt":"2025-05-14T15:45:41","slug":"medaus-spalvos-baltijos-gintaro-apyranke-sypsenele-su-naturaliomis-fosilijomis","status":"publish","type":"product","link":"https:\/\/amberwithsilver.com\/en\/product\/medaus-spalvos-baltijos-gintaro-apyranke-sypsenele-su-naturaliomis-fosilijomis\/","title":{"rendered":"Honey-colored Baltic amber bracelet \"Smile\" with natural fossils"},"content":{"rendered":"<div class=\"woocommerce-product-details__short-description\">\n<p>Honey-colored Baltic amber bracelet \"Smile\" with natural fossils.<\/p>\n<ul>\n<li><em>Genuine Baltic amber<\/em><\/li>\n<li><em>Honey-colored amber with natural fossils<br \/>\n<\/em><\/li>\n<li><em>Amber details dimensions: ~ 1.00-1.50 cm<\/em><\/li>\n<li><em><span class=\"VIiyi\" lang=\"lt\"><span class=\"JLqJ4b ChMk0b\" data-language-for-alternatives=\"lt\" data-language-to-translate-into=\"en\" data-phrase-index=\"0\">Elastic silicon<br \/>\n<\/span><\/span><\/em><\/li>\n<li><em>Length: ~ 17 cm<\/em><\/li>\n<li><em>Weight: ~ 12.3 gr.<\/em><\/li>\n<\/ul>\n<p>*Please note that the color of the product may vary slightly from that shown in the photo, depending on the monitor used by the Buyer and the lighting settings in the photos.<\/p>\n<\/div>","protected":false},"excerpt":{"rendered":"<p>Honey-colored Baltic amber bracelet \"Smile\" with natural fossils.<\/p>\n<ul>\n<li><em>Genuine Baltic amber<\/em><\/li>\n<li><em>Honey-colored amber with natural fossils<br \/>\n<\/em><\/li>\n<li><em>Amber details dimensions: ~ 1.00-1.50 cm<\/em><\/li>\n<li><em><span class=\"VIiyi\" lang=\"lt\"><span class=\"JLqJ4b ChMk0b\" data-language-for-alternatives=\"lt\" data-language-to-translate-into=\"en\" data-phrase-index=\"0\">Elastic silicon<br \/>\n<\/span><\/span><\/em><\/li>\n<li><em>Length: ~ 17 cm<\/em><\/li>\n<li><em>Weight: ~ 12.3 gr.<\/em><\/li>\n<\/ul>\n<p>*Please note that the color of the product may vary slightly from that shown in the photo, depending on the monitor used by the Buyer and the lighting settings in the photos.<\/p>","protected":false},"featured_media":3606,"comment_status":"open","ping_status":"closed","template":"","meta":[],"product_brand":[],"product_cat":[18],"product_tag":[469,1236,1273,1274,1275],"class_list":{"0":"post-3603","1":"product","2":"type-product","3":"status-publish","4":"has-post-thumbnail","6":"product_cat-gintaro-apyrankes","7":"product_tag-amber-bracelet-for-women","8":"product_tag-gintaro-apyranke-moteriai","9":"product_tag-medaus-spalvos-baltijos-gintaro-apyranke-sypsenele-su-naturaliomis-fosilijomis","10":"product_tag-baltic-amber-bracelet-with-natural-fossil","11":"product_tag-honey-color-baltic-amber-bracelet-smiley-with-natural-fossil","13":"first","14":"instock","15":"taxable","16":"shipping-taxable","17":"purchasable","18":"product-type-simple"},"yoast_head":"<!-- This site is optimized with the Yoast SEO Premium plugin v23.4 (Yoast SEO v26.8) - https:\/\/yoast.com\/product\/yoast-seo-premium-wordpress\/ -->\n<title>Medaus spalvos Baltijos gintaro apyrank\u0117 \u201e\u0160ypsen\u0117l\u0117\u201d su nat\u016braliomis fosilijomis<\/title>\n<meta name=\"description\" content=\"Medaus spalvos gintaras su nat\u016braliomis fosilijomis, Honey color Baltic amber bracelet &quot;Smiley&quot; with natural fossil\" \/>\n<meta name=\"robots\" content=\"index, follow, max-snippet:-1, max-image-preview:large, max-video-preview:-1\" \/>\n<link rel=\"canonical\" href=\"https:\/\/amberwithsilver.com\/en\/product\/medaus-spalvos-baltijos-gintaro-apyranke-sypsenele-su-naturaliomis-fosilijomis\/\" \/>\n<meta property=\"og:locale\" content=\"en_US\" \/>\n<meta property=\"og:type\" content=\"article\" \/>\n<meta property=\"og:title\" content=\"Medaus spalvos Baltijos gintaro apyrank\u0117 \u201e\u0160ypsen\u0117l\u0117\u201d su nat\u016braliomis fosilijomis\" \/>\n<meta property=\"og:description\" content=\"Medaus spalvos gintaras su nat\u016braliomis fosilijomis, Honey color Baltic amber bracelet &quot;Smiley&quot; with natural fossil\" \/>\n<meta property=\"og:url\" content=\"https:\/\/amberwithsilver.com\/en\/product\/medaus-spalvos-baltijos-gintaro-apyranke-sypsenele-su-naturaliomis-fosilijomis\/\" \/>\n<meta property=\"og:site_name\" content=\"AmberWithSilver\" \/>\n<meta property=\"article:modified_time\" content=\"2025-05-14T15:45:41+00:00\" \/>\n<meta property=\"og:image\" content=\"https:\/\/amberwithsilver.com\/wp-content\/uploads\/2024\/10\/id.563.webp\" \/>\n\t<meta property=\"og:image:width\" content=\"800\" \/>\n\t<meta property=\"og:image:height\" content=\"793\" \/>\n\t<meta property=\"og:image:type\" content=\"image\/webp\" \/>\n<meta name=\"twitter:card\" content=\"summary_large_image\" \/>\n<meta name=\"twitter:label1\" content=\"Est. reading time\" \/>\n\t<meta name=\"twitter:data1\" content=\"1 minute\" \/>\n<script type=\"application\/ld+json\" class=\"yoast-schema-graph\">{\"@context\":\"https:\/\/schema.org\",\"@graph\":[{\"@type\":\"WebPage\",\"@id\":\"https:\/\/amberwithsilver.com\/product\/medaus-spalvos-baltijos-gintaro-apyranke-sypsenele-su-naturaliomis-fosilijomis\/\",\"url\":\"https:\/\/amberwithsilver.com\/product\/medaus-spalvos-baltijos-gintaro-apyranke-sypsenele-su-naturaliomis-fosilijomis\/\",\"name\":\"Medaus spalvos Baltijos gintaro apyrank\u0117 \u201e\u0160ypsen\u0117l\u0117\u201d su nat\u016braliomis fosilijomis\",\"isPartOf\":{\"@id\":\"https:\/\/amberwithsilver.com\/en\/#website\"},\"primaryImageOfPage\":{\"@id\":\"https:\/\/amberwithsilver.com\/product\/medaus-spalvos-baltijos-gintaro-apyranke-sypsenele-su-naturaliomis-fosilijomis\/#primaryimage\"},\"image\":{\"@id\":\"https:\/\/amberwithsilver.com\/product\/medaus-spalvos-baltijos-gintaro-apyranke-sypsenele-su-naturaliomis-fosilijomis\/#primaryimage\"},\"thumbnailUrl\":\"https:\/\/amberwithsilver.com\/wp-content\/uploads\/2024\/10\/id.563.webp\",\"datePublished\":\"2024-10-18T09:05:12+00:00\",\"dateModified\":\"2025-05-14T15:45:41+00:00\",\"description\":\"Medaus spalvos gintaras su nat\u016braliomis fosilijomis, Honey color Baltic amber bracelet \\\"Smiley\\\" with natural fossil\",\"breadcrumb\":{\"@id\":\"https:\/\/amberwithsilver.com\/product\/medaus-spalvos-baltijos-gintaro-apyranke-sypsenele-su-naturaliomis-fosilijomis\/#breadcrumb\"},\"inLanguage\":\"en-US\",\"potentialAction\":[{\"@type\":\"ReadAction\",\"target\":[\"https:\/\/amberwithsilver.com\/product\/medaus-spalvos-baltijos-gintaro-apyranke-sypsenele-su-naturaliomis-fosilijomis\/\"]}]},{\"@type\":\"ImageObject\",\"inLanguage\":\"en-US\",\"@id\":\"https:\/\/amberwithsilver.com\/product\/medaus-spalvos-baltijos-gintaro-apyranke-sypsenele-su-naturaliomis-fosilijomis\/#primaryimage\",\"url\":\"https:\/\/amberwithsilver.com\/wp-content\/uploads\/2024\/10\/id.563.webp\",\"contentUrl\":\"https:\/\/amberwithsilver.com\/wp-content\/uploads\/2024\/10\/id.563.webp\",\"width\":800,\"height\":793,\"caption\":\"Medaus spalvos Baltijos gintaro apyrank\u0117 \u201e\u0160ypsen\u0117l\u0117\u201d su nat\u016braliomis fosilijomis, Honey color Baltic amber bracelet \\\"Smiley\\\" with natural fossil\"},{\"@type\":\"BreadcrumbList\",\"@id\":\"https:\/\/amberwithsilver.com\/product\/medaus-spalvos-baltijos-gintaro-apyranke-sypsenele-su-naturaliomis-fosilijomis\/#breadcrumb\",\"itemListElement\":[{\"@type\":\"ListItem\",\"position\":1,\"name\":\"Home\",\"item\":\"https:\/\/amberwithsilver.com\/\"},{\"@type\":\"ListItem\",\"position\":2,\"name\":\"Parduotuv\u0117\",\"item\":\"https:\/\/amberwithsilver.com\/en\/parduotuve\/\"},{\"@type\":\"ListItem\",\"position\":3,\"name\":\"Medaus spalvos Baltijos gintaro apyrank\u0117 \u201e\u0160ypsen\u0117l\u0117\u201d su nat\u016braliomis fosilijomis\"}]},{\"@type\":\"WebSite\",\"@id\":\"https:\/\/amberwithsilver.com\/en\/#website\",\"url\":\"https:\/\/amberwithsilver.com\/en\/\",\"name\":\"AmberWithSilver\",\"description\":\"Amber-Silver\",\"publisher\":{\"@id\":\"https:\/\/amberwithsilver.com\/en\/#organization\"},\"potentialAction\":[{\"@type\":\"SearchAction\",\"target\":{\"@type\":\"EntryPoint\",\"urlTemplate\":\"https:\/\/amberwithsilver.com\/en\/?s={search_term_string}\"},\"query-input\":{\"@type\":\"PropertyValueSpecification\",\"valueRequired\":true,\"valueName\":\"search_term_string\"}}],\"inLanguage\":\"en-US\"},{\"@type\":\"Organization\",\"@id\":\"https:\/\/amberwithsilver.com\/en\/#organization\",\"name\":\"amberwithsilver\",\"url\":\"https:\/\/amberwithsilver.com\/en\/\",\"logo\":{\"@type\":\"ImageObject\",\"inLanguage\":\"en-US\",\"@id\":\"https:\/\/amberwithsilver.com\/en\/#\/schema\/logo\/image\/\",\"url\":\"https:\/\/i0.wp.com\/amberwithsilver.com\/wp-content\/uploads\/2020\/12\/logo.jpg?fit=232%2C116&ssl=1\",\"contentUrl\":\"https:\/\/i0.wp.com\/amberwithsilver.com\/wp-content\/uploads\/2020\/12\/logo.jpg?fit=232%2C116&ssl=1\",\"width\":232,\"height\":116,\"caption\":\"amberwithsilver\"},\"image\":{\"@id\":\"https:\/\/amberwithsilver.com\/en\/#\/schema\/logo\/image\/\"}}]}<\/script>\n<!-- \/ Yoast SEO Premium plugin. -->","yoast_head_json":{"title":"Honey-colored Baltic amber bracelet \"Smile\" with natural fossils","description":"Medaus spalvos gintaras su nat\u016braliomis fosilijomis, Honey color Baltic amber bracelet \"Smiley\" with natural fossil","robots":{"index":"index","follow":"follow","max-snippet":"max-snippet:-1","max-image-preview":"max-image-preview:large","max-video-preview":"max-video-preview:-1"},"canonical":"https:\/\/amberwithsilver.com\/en\/product\/medaus-spalvos-baltijos-gintaro-apyranke-sypsenele-su-naturaliomis-fosilijomis\/","og_locale":"en_US","og_type":"article","og_title":"Medaus spalvos Baltijos gintaro apyrank\u0117 \u201e\u0160ypsen\u0117l\u0117\u201d su nat\u016braliomis fosilijomis","og_description":"Medaus spalvos gintaras su nat\u016braliomis fosilijomis, Honey color Baltic amber bracelet \"Smiley\" with natural fossil","og_url":"https:\/\/amberwithsilver.com\/en\/product\/medaus-spalvos-baltijos-gintaro-apyranke-sypsenele-su-naturaliomis-fosilijomis\/","og_site_name":"AmberWithSilver","article_modified_time":"2025-05-14T15:45:41+00:00","og_image":[{"width":800,"height":793,"url":"https:\/\/amberwithsilver.com\/wp-content\/uploads\/2024\/10\/id.563.webp","type":"image\/webp"}],"twitter_card":"summary_large_image","twitter_misc":{"Est. reading time":"1 minute"},"schema":{"@context":"https:\/\/schema.org","@graph":[{"@type":"WebPage","@id":"https:\/\/amberwithsilver.com\/product\/medaus-spalvos-baltijos-gintaro-apyranke-sypsenele-su-naturaliomis-fosilijomis\/","url":"https:\/\/amberwithsilver.com\/product\/medaus-spalvos-baltijos-gintaro-apyranke-sypsenele-su-naturaliomis-fosilijomis\/","name":"Honey-colored Baltic amber bracelet \"Smile\" with natural fossils","isPartOf":{"@id":"https:\/\/amberwithsilver.com\/en\/#website"},"primaryImageOfPage":{"@id":"https:\/\/amberwithsilver.com\/product\/medaus-spalvos-baltijos-gintaro-apyranke-sypsenele-su-naturaliomis-fosilijomis\/#primaryimage"},"image":{"@id":"https:\/\/amberwithsilver.com\/product\/medaus-spalvos-baltijos-gintaro-apyranke-sypsenele-su-naturaliomis-fosilijomis\/#primaryimage"},"thumbnailUrl":"https:\/\/amberwithsilver.com\/wp-content\/uploads\/2024\/10\/id.563.webp","datePublished":"2024-10-18T09:05:12+00:00","dateModified":"2025-05-14T15:45:41+00:00","description":"Medaus spalvos gintaras su nat\u016braliomis fosilijomis, Honey color Baltic amber bracelet \"Smiley\" with natural fossil","breadcrumb":{"@id":"https:\/\/amberwithsilver.com\/product\/medaus-spalvos-baltijos-gintaro-apyranke-sypsenele-su-naturaliomis-fosilijomis\/#breadcrumb"},"inLanguage":"en-US","potentialAction":[{"@type":"ReadAction","target":["https:\/\/amberwithsilver.com\/product\/medaus-spalvos-baltijos-gintaro-apyranke-sypsenele-su-naturaliomis-fosilijomis\/"]}]},{"@type":"ImageObject","inLanguage":"en-US","@id":"https:\/\/amberwithsilver.com\/product\/medaus-spalvos-baltijos-gintaro-apyranke-sypsenele-su-naturaliomis-fosilijomis\/#primaryimage","url":"https:\/\/amberwithsilver.com\/wp-content\/uploads\/2024\/10\/id.563.webp","contentUrl":"https:\/\/amberwithsilver.com\/wp-content\/uploads\/2024\/10\/id.563.webp","width":800,"height":793,"caption":"Medaus spalvos Baltijos gintaro apyrank\u0117 \u201e\u0160ypsen\u0117l\u0117\u201d su nat\u016braliomis fosilijomis, Honey color Baltic amber bracelet \"Smiley\" with natural fossil"},{"@type":"BreadcrumbList","@id":"https:\/\/amberwithsilver.com\/product\/medaus-spalvos-baltijos-gintaro-apyranke-sypsenele-su-naturaliomis-fosilijomis\/#breadcrumb","itemListElement":[{"@type":"ListItem","position":1,"name":"Home","item":"https:\/\/amberwithsilver.com\/"},{"@type":"ListItem","position":2,"name":"Parduotuv\u0117","item":"https:\/\/amberwithsilver.com\/en\/parduotuve\/"},{"@type":"ListItem","position":3,"name":"Medaus spalvos Baltijos gintaro apyrank\u0117 \u201e\u0160ypsen\u0117l\u0117\u201d su nat\u016braliomis fosilijomis"}]},{"@type":"WebSite","@id":"https:\/\/amberwithsilver.com\/en\/#website","url":"https:\/\/amberwithsilver.com\/en\/","name":"AmberWithSilver","description":"Amber-Silver","publisher":{"@id":"https:\/\/amberwithsilver.com\/en\/#organization"},"potentialAction":[{"@type":"SearchAction","target":{"@type":"EntryPoint","urlTemplate":"https:\/\/amberwithsilver.com\/en\/?s={search_term_string}"},"query-input":{"@type":"PropertyValueSpecification","valueRequired":true,"valueName":"search_term_string"}}],"inLanguage":"en-US"},{"@type":"Organization","@id":"https:\/\/amberwithsilver.com\/en\/#organization","name":"amberwithsilver","url":"https:\/\/amberwithsilver.com\/en\/","logo":{"@type":"ImageObject","inLanguage":"en-US","@id":"https:\/\/amberwithsilver.com\/en\/#\/schema\/logo\/image\/","url":"https:\/\/i0.wp.com\/amberwithsilver.com\/wp-content\/uploads\/2020\/12\/logo.jpg?fit=232%2C116&ssl=1","contentUrl":"https:\/\/i0.wp.com\/amberwithsilver.com\/wp-content\/uploads\/2020\/12\/logo.jpg?fit=232%2C116&ssl=1","width":232,"height":116,"caption":"amberwithsilver"},"image":{"@id":"https:\/\/amberwithsilver.com\/en\/#\/schema\/logo\/image\/"}}]}},"jetpack_sharing_enabled":true,"_links":{"self":[{"href":"https:\/\/amberwithsilver.com\/en\/wp-json\/wp\/v2\/product\/3603","targetHints":{"allow":["GET"]}}],"collection":[{"href":"https:\/\/amberwithsilver.com\/en\/wp-json\/wp\/v2\/product"}],"about":[{"href":"https:\/\/amberwithsilver.com\/en\/wp-json\/wp\/v2\/types\/product"}],"replies":[{"embeddable":true,"href":"https:\/\/amberwithsilver.com\/en\/wp-json\/wp\/v2\/comments?post=3603"}],"version-history":[{"count":0,"href":"https:\/\/amberwithsilver.com\/en\/wp-json\/wp\/v2\/product\/3603\/revisions"}],"wp:featuredmedia":[{"embeddable":true,"href":"https:\/\/amberwithsilver.com\/en\/wp-json\/wp\/v2\/media\/3606"}],"wp:attachment":[{"href":"https:\/\/amberwithsilver.com\/en\/wp-json\/wp\/v2\/media?parent=3603"}],"wp:term":[{"taxonomy":"product_brand","embeddable":true,"href":"https:\/\/amberwithsilver.com\/en\/wp-json\/wp\/v2\/product_brand?post=3603"},{"taxonomy":"product_cat","embeddable":true,"href":"https:\/\/amberwithsilver.com\/en\/wp-json\/wp\/v2\/product_cat?post=3603"},{"taxonomy":"product_tag","embeddable":true,"href":"https:\/\/amberwithsilver.com\/en\/wp-json\/wp\/v2\/product_tag?post=3603"}],"curies":[{"name":"wp","href":"https:\/\/api.w.org\/{rel}","templated":true}]}}